{"id":195073,"date":"2021-08-16T21:28:52","date_gmt":"2021-08-16T13:28:52","guid":{"rendered":"https:\/\/leatai.com\/product\/senza-categoria\/ming-ching-trading\/"},"modified":"2025-04-25T17:34:57","modified_gmt":"2025-04-25T09:34:57","slug":"ming-ching-trading","status":"publish","type":"product","link":"https:\/\/leatai.com\/it\/product\/vari-campioni-oem\/quaderno-a-spirale-oem\/ming-ching-trading\/","title":{"rendered":"Ming Ching Trading"},"content":{"rendered":"<p>\u5ba2\u6236\u540d\u7a31\uff1aMing Ching Trading<br \/>\n\u6848\u4f8b\u5c3a\u5bf8\uff1a25K<br \/>\n\u6848\u4f8b\u6b3e\u5f0f\uff1a\u7dda\u5708\u7b46\u8a18\u672c<br \/>\n\u6848\u4f8blogo\u6548\u679c\uff1a\u70d9\u5370<br \/>\n\u6848\u4f8b\u9078\u914d\uff1a\u9b06\u7dca\u5e36<br \/>\n\u7279\u8272\u91cd\u9ede\uff1a\u9664\u4e86\u6eab\u6f64\u7684\u9ad8\u7d1a\u5408\u6210\u76ae\u5c01\u9762\u4ee5\u5916\uff0c\u914d\u6709\u9b06\u7dca\u5e36\uff0c\u8b93\u7dda\u5708\u672c\u66f4\u52a0\u5be6\u7528\uff0c\u5ba2\u88fd\u5316\u5167\u9801\u5370\u5237\uff0c\u9762\u5b50\u7406\u5b50\u517c\u9867<\/p>\n<p>&nbsp;<\/p>\n<p>&nbsp;<\/p>\n<p>\ud83d\udcd6 Tutti gli esempi personalizzati: <a href=\"https:\/\/leatai.com\/it\/tag-prodotto\/oem-it\/\" target=\"_blank\" rel=\"noopener\">Quaderno personalizzato \/ Diario commerciale personalizzato<\/a><br \/>\n\ud83d\udcd6 Per i prodotti standard di quaderni \/ diari commerciali personalizzati, fare riferimento a:<br \/>\n<a href=\"https:\/\/leatai.com\/it\/categoria-prodotto\/taccuino-personalizzato\/taccuino-con-copertina-rigida\/\" target=\"_blank\" rel=\"noopener\">Quaderno con copertina rigida \/ Diario commerciale con copertina rigida<\/a><br \/>\n<a href=\"https:\/\/leatai.com\/it\/categoria-prodotto\/taccuino-personalizzato\/taccuino-a-fogli-mobili\/\" target=\"_blank\" rel=\"noopener\">Quaderno ad anelli \/ Diario commerciale ad anelli<\/a><br \/>\n<a href=\"https:\/\/leatai.com\/it\/categoria-prodotto\/taccuino-personalizzato\/taccuino-rimovibile\/\" target=\"_blank\" rel=\"noopener\">Quaderno ad anelli con fogli estraibili \/ Diario commerciale ad anelli con fogli estraibili<\/a><br \/>\n<a href=\"https:\/\/leatai.com\/it\/categoria-prodotto\/taccuino-personalizzato\/taccuino-brossurato\/\" target=\"_blank\" rel=\"noopener\">Quaderno con copertina flessibile \/ Diario commerciale con copertina flessibile<\/a><br \/>\n<a href=\"https:\/\/leatai.com\/it\/categoria-prodotto\/taccuino-personalizzato\/taccuino-a-spirale\/\" target=\"_blank\" rel=\"noopener\">Quaderno a spirale \/ Diario commerciale a spirale<\/a><\/p>\n<p>\ud83d\udcd6 Per la guida completa alle dimensioni, fare riferimento a:<br \/>\n<a href=\"https:\/\/leatai.com\/it\/conoscenza-del-taccuino\/guida-ai-formati-della-carta-comprendere-i-formati-comuni-come-b3-a4-b5-8k-16k-e-altri-ancora-una-tabella-delle-dimensioni-completa-per-un-facile-riferimento\/\" target=\"_blank\" rel=\"noopener\">Guida ai formati di carta: B3, A4, B5, 8K, 16K e altri formati comuni spiegati chiaramente con una tabella di confronto delle dimensioni!<\/a><\/p>\n","protected":false},"excerpt":{"rendered":"<p>\u5ba2\u6236\u540d\u7a31\uff1aMing Ching Trading \u6848\u4f8b\u5c3a\u5bf8\uff1a25K \u6848\u4f8b\u6b3e\u5f0f\uff1a\u7dda\u5708\u7b46\u8a18\u672c \u6848\u4f8blogo\u6548\u679c\uff1a\u70d9\u5370 \u6848\u4f8b\u9078\u914d\uff1a\u9b06\u7dca\u5e36 \u7279\u8272\u91cd\u9ede\uff1a\u9664\u4e86\u6eab\u6f64\u7684\u9ad8\u7d1a\u5408\u6210\u76ae\u5c01\u9762\u4ee5\u5916\uff0c\u914d\u6709\u9b06\u7dca\u5e36\uff0c\u8b93\u7dda\u5708\u672c\u66f4\u52a0\u5be6\u7528\uff0c\u5ba2\u88fd\u5316\u5167\u9801\u5370\u5237\uff0c\u9762\u5b50\u7406\u5b50\u517c\u9867 &nbsp; &nbsp; \ud83d\udcd6 Tutti gli esempi personalizzati: Quaderno personalizzato \/ Diario commerciale personalizzato \ud83d\udcd6 Per i prodotti standard di quaderni \/ diari commerciali personalizzati, fare riferimento a: Quaderno con copertina rigida \/ Diario commerciale con copertina rigida Quaderno ad anelli \/ Diario commerciale ad anelli Quaderno ad [&hellip;]<\/p>\n","protected":false},"featured_media":195074,"template":"","meta":{"_acf_changed":false},"product_brand":[],"product_cat":[922],"product_tag":[1479],"home_works":[],"class_list":{"0":"post-195073","1":"product","2":"type-product","3":"status-publish","4":"has-post-thumbnail","6":"product_cat-quaderno-a-spirale-oem","7":"product_tag-oem-it","9":"first","10":"outofstock","11":"sold-individually","12":"shipping-taxable","13":"purchasable","14":"product-type-variable","15":"has-default-attributes"},"acf":[],"yoast_head":"<!-- This site is optimized with the Yoast SEO plugin v27.2 - https:\/\/yoast.com\/product\/yoast-seo-wordpress\/ -->\n<title>Ming Ching Trading - Un quaderno a spirale pratico che unisce estetica e funzionalit\u00e0, curato sia nell\u2019aspetto che nei contenuti. - Leatai \u2013 Produttore di taccuini personalizzati<\/title>\n<meta name=\"description\" content=\"Caso di quaderno a spirale OEM: Ming Ching Trading Stile: Quaderno a spirale Formato: 25K Punti salienti: Oltre alla copertina in raffinata similpelle dal tocco morbido, il quaderno \u00e8 dotato di una pratica fascia elastica che ne migliora la funzionalit\u00e0. Le pagine interne sono stampate su misura, offrendo un perfetto equilibrio tra estetica e praticit\u00e0.\" \/>\n<meta name=\"robots\" content=\"index, follow, max-snippet:-1, max-image-preview:large, max-video-preview:-1\" \/>\n<link rel=\"canonical\" href=\"https:\/\/leatai.com\/it\/product\/vari-campioni-oem\/quaderno-a-spirale-oem\/ming-ching-trading\/\" \/>\n<meta property=\"og:locale\" content=\"it_IT\" \/>\n<meta property=\"og:type\" content=\"article\" \/>\n<meta property=\"og:title\" content=\"Ming Ching Trading - Un quaderno a spirale pratico che unisce estetica e funzionalit\u00e0, curato sia nell\u2019aspetto che nei contenuti. - Leatai \u2013 Produttore di taccuini personalizzati\" \/>\n<meta property=\"og:description\" content=\"Caso di quaderno a spirale OEM: Ming Ching Trading Stile: Quaderno a spirale Formato: 25K Punti salienti: Oltre alla copertina in raffinata similpelle dal tocco morbido, il quaderno \u00e8 dotato di una pratica fascia elastica che ne migliora la funzionalit\u00e0. Le pagine interne sono stampate su misura, offrendo un perfetto equilibrio tra estetica e praticit\u00e0.\" \/>\n<meta property=\"og:url\" content=\"https:\/\/leatai.com\/it\/product\/vari-campioni-oem\/quaderno-a-spirale-oem\/ming-ching-trading\/\" \/>\n<meta property=\"og:site_name\" content=\"Leatai \u2013 Produttore di taccuini personalizzati\" \/>\n<meta property=\"article:modified_time\" content=\"2025-04-25T09:34:57+00:00\" \/>\n<meta property=\"og:image\" content=\"https:\/\/leatai.com\/wp-content\/uploads\/DSC_9400.jpg\" \/>\n\t<meta property=\"og:image:width\" content=\"1000\" \/>\n\t<meta property=\"og:image:height\" content=\"750\" \/>\n\t<meta property=\"og:image:type\" content=\"image\/jpeg\" \/>\n<meta name=\"twitter:card\" content=\"summary_large_image\" \/>\n<meta name=\"twitter:label1\" content=\"Tempo di lettura stimato\" \/>\n\t<meta name=\"twitter:data1\" content=\"1 minuto\" \/>\n<script type=\"application\/ld+json\" class=\"yoast-schema-graph\">{\"@context\":\"https:\/\/schema.org\",\"@graph\":[{\"@type\":\"WebPage\",\"@id\":\"https:\/\/leatai.com\/it\/product\/vari-campioni-oem\/quaderno-a-spirale-oem\/ming-ching-trading\/\",\"url\":\"https:\/\/leatai.com\/it\/product\/vari-campioni-oem\/quaderno-a-spirale-oem\/ming-ching-trading\/\",\"name\":\"Ming Ching Trading - Un quaderno a spirale pratico che unisce estetica e funzionalit\u00e0, curato sia nell\u2019aspetto che nei contenuti. - Leatai \u2013 Produttore di taccuini personalizzati\",\"isPartOf\":{\"@id\":\"https:\/\/leatai.com\/it\/#website\"},\"primaryImageOfPage\":{\"@id\":\"https:\/\/leatai.com\/it\/product\/vari-campioni-oem\/quaderno-a-spirale-oem\/ming-ching-trading\/#primaryimage\"},\"image\":{\"@id\":\"https:\/\/leatai.com\/it\/product\/vari-campioni-oem\/quaderno-a-spirale-oem\/ming-ching-trading\/#primaryimage\"},\"thumbnailUrl\":\"https:\/\/leatai.com\/wp-content\/uploads\/DSC_9400.jpg\",\"datePublished\":\"2021-08-16T13:28:52+00:00\",\"dateModified\":\"2025-04-25T09:34:57+00:00\",\"description\":\"Caso di quaderno a spirale OEM: Ming Ching Trading Stile: Quaderno a spirale Formato: 25K Punti salienti: Oltre alla copertina in raffinata similpelle dal tocco morbido, il quaderno \u00e8 dotato di una pratica fascia elastica che ne migliora la funzionalit\u00e0. Le pagine interne sono stampate su misura, offrendo un perfetto equilibrio tra estetica e praticit\u00e0.\",\"breadcrumb\":{\"@id\":\"https:\/\/leatai.com\/it\/product\/vari-campioni-oem\/quaderno-a-spirale-oem\/ming-ching-trading\/#breadcrumb\"},\"inLanguage\":\"it-IT\",\"potentialAction\":[{\"@type\":\"ReadAction\",\"target\":[\"https:\/\/leatai.com\/it\/product\/vari-campioni-oem\/quaderno-a-spirale-oem\/ming-ching-trading\/\"]}]},{\"@type\":\"ImageObject\",\"inLanguage\":\"it-IT\",\"@id\":\"https:\/\/leatai.com\/it\/product\/vari-campioni-oem\/quaderno-a-spirale-oem\/ming-ching-trading\/#primaryimage\",\"url\":\"https:\/\/leatai.com\/wp-content\/uploads\/DSC_9400.jpg\",\"contentUrl\":\"https:\/\/leatai.com\/wp-content\/uploads\/DSC_9400.jpg\",\"width\":1000,\"height\":750,\"caption\":\"Quaderno a spirale\"},{\"@type\":\"BreadcrumbList\",\"@id\":\"https:\/\/leatai.com\/it\/product\/vari-campioni-oem\/quaderno-a-spirale-oem\/ming-ching-trading\/#breadcrumb\",\"itemListElement\":[{\"@type\":\"ListItem\",\"position\":1,\"name\":\"Home\",\"item\":\"https:\/\/leatai.com\/it\/\"},{\"@type\":\"ListItem\",\"position\":2,\"name\":\"Presentazione dei prodotti\",\"item\":\"https:\/\/leatai.com\/products\/\"},{\"@type\":\"ListItem\",\"position\":3,\"name\":\"Vari Campioni OEM\",\"item\":\"https:\/\/leatai.com\/it\/categoria-prodotto\/vari-campioni-oem\/\"},{\"@type\":\"ListItem\",\"position\":4,\"name\":\"Quaderno a Spirale OEM\",\"item\":\"https:\/\/leatai.com\/it\/categoria-prodotto\/vari-campioni-oem\/quaderno-a-spirale-oem\/\"},{\"@type\":\"ListItem\",\"position\":5,\"name\":\"Ming Ching Trading\"}]},{\"@type\":\"WebSite\",\"@id\":\"https:\/\/leatai.com\/it\/#website\",\"url\":\"https:\/\/leatai.com\/it\/\",\"name\":\"Leatai \u2013 Produttore di taccuini personalizzati\",\"description\":\"Leatai fornisce taccuini e planner personalizzati per brand e distributori a livello globale.\",\"publisher\":{\"@id\":\"https:\/\/leatai.com\/it\/#organization\"},\"potentialAction\":[{\"@type\":\"SearchAction\",\"target\":{\"@type\":\"EntryPoint\",\"urlTemplate\":\"https:\/\/leatai.com\/it\/?s={search_term_string}\"},\"query-input\":{\"@type\":\"PropertyValueSpecification\",\"valueRequired\":true,\"valueName\":\"search_term_string\"}}],\"inLanguage\":\"it-IT\"},{\"@type\":\"Organization\",\"@id\":\"https:\/\/leatai.com\/it\/#organization\",\"name\":\"Leatai Diary, customized journal and business organizer\",\"url\":\"https:\/\/leatai.com\/it\/\",\"logo\":{\"@type\":\"ImageObject\",\"inLanguage\":\"it-IT\",\"@id\":\"https:\/\/leatai.com\/it\/#\/schema\/logo\/image\/\",\"url\":\"https:\/\/leatai.com\/wp-content\/uploads\/logo-blue.png\",\"contentUrl\":\"https:\/\/leatai.com\/wp-content\/uploads\/logo-blue.png\",\"width\":230,\"height\":60,\"caption\":\"Leatai Diary, customized journal and business organizer\"},\"image\":{\"@id\":\"https:\/\/leatai.com\/it\/#\/schema\/logo\/image\/\"}}]}<\/script>\n<!-- \/ Yoast SEO plugin. -->","yoast_head_json":{"title":"Ming Ching Trading - Un quaderno a spirale pratico che unisce estetica e funzionalit\u00e0, curato sia nell\u2019aspetto che nei contenuti. - Leatai \u2013 Produttore di taccuini personalizzati","description":"Caso di quaderno a spirale OEM: Ming Ching Trading Stile: Quaderno a spirale Formato: 25K Punti salienti: Oltre alla copertina in raffinata similpelle dal tocco morbido, il quaderno \u00e8 dotato di una pratica fascia elastica che ne migliora la funzionalit\u00e0. Le pagine interne sono stampate su misura, offrendo un perfetto equilibrio tra estetica e praticit\u00e0.","robots":{"index":"index","follow":"follow","max-snippet":"max-snippet:-1","max-image-preview":"max-image-preview:large","max-video-preview":"max-video-preview:-1"},"canonical":"https:\/\/leatai.com\/it\/product\/vari-campioni-oem\/quaderno-a-spirale-oem\/ming-ching-trading\/","og_locale":"it_IT","og_type":"article","og_title":"Ming Ching Trading - Un quaderno a spirale pratico che unisce estetica e funzionalit\u00e0, curato sia nell\u2019aspetto che nei contenuti. - Leatai \u2013 Produttore di taccuini personalizzati","og_description":"Caso di quaderno a spirale OEM: Ming Ching Trading Stile: Quaderno a spirale Formato: 25K Punti salienti: Oltre alla copertina in raffinata similpelle dal tocco morbido, il quaderno \u00e8 dotato di una pratica fascia elastica che ne migliora la funzionalit\u00e0. Le pagine interne sono stampate su misura, offrendo un perfetto equilibrio tra estetica e praticit\u00e0.","og_url":"https:\/\/leatai.com\/it\/product\/vari-campioni-oem\/quaderno-a-spirale-oem\/ming-ching-trading\/","og_site_name":"Leatai \u2013 Produttore di taccuini personalizzati","article_modified_time":"2025-04-25T09:34:57+00:00","og_image":[{"width":1000,"height":750,"url":"https:\/\/leatai.com\/wp-content\/uploads\/DSC_9400.jpg","type":"image\/jpeg"}],"twitter_card":"summary_large_image","twitter_misc":{"Tempo di lettura stimato":"1 minuto"},"schema":{"@context":"https:\/\/schema.org","@graph":[{"@type":"WebPage","@id":"https:\/\/leatai.com\/it\/product\/vari-campioni-oem\/quaderno-a-spirale-oem\/ming-ching-trading\/","url":"https:\/\/leatai.com\/it\/product\/vari-campioni-oem\/quaderno-a-spirale-oem\/ming-ching-trading\/","name":"Ming Ching Trading - Un quaderno a spirale pratico che unisce estetica e funzionalit\u00e0, curato sia nell\u2019aspetto che nei contenuti. - Leatai \u2013 Produttore di taccuini personalizzati","isPartOf":{"@id":"https:\/\/leatai.com\/it\/#website"},"primaryImageOfPage":{"@id":"https:\/\/leatai.com\/it\/product\/vari-campioni-oem\/quaderno-a-spirale-oem\/ming-ching-trading\/#primaryimage"},"image":{"@id":"https:\/\/leatai.com\/it\/product\/vari-campioni-oem\/quaderno-a-spirale-oem\/ming-ching-trading\/#primaryimage"},"thumbnailUrl":"https:\/\/leatai.com\/wp-content\/uploads\/DSC_9400.jpg","datePublished":"2021-08-16T13:28:52+00:00","dateModified":"2025-04-25T09:34:57+00:00","description":"Caso di quaderno a spirale OEM: Ming Ching Trading Stile: Quaderno a spirale Formato: 25K Punti salienti: Oltre alla copertina in raffinata similpelle dal tocco morbido, il quaderno \u00e8 dotato di una pratica fascia elastica che ne migliora la funzionalit\u00e0. Le pagine interne sono stampate su misura, offrendo un perfetto equilibrio tra estetica e praticit\u00e0.","breadcrumb":{"@id":"https:\/\/leatai.com\/it\/product\/vari-campioni-oem\/quaderno-a-spirale-oem\/ming-ching-trading\/#breadcrumb"},"inLanguage":"it-IT","potentialAction":[{"@type":"ReadAction","target":["https:\/\/leatai.com\/it\/product\/vari-campioni-oem\/quaderno-a-spirale-oem\/ming-ching-trading\/"]}]},{"@type":"ImageObject","inLanguage":"it-IT","@id":"https:\/\/leatai.com\/it\/product\/vari-campioni-oem\/quaderno-a-spirale-oem\/ming-ching-trading\/#primaryimage","url":"https:\/\/leatai.com\/wp-content\/uploads\/DSC_9400.jpg","contentUrl":"https:\/\/leatai.com\/wp-content\/uploads\/DSC_9400.jpg","width":1000,"height":750,"caption":"Quaderno a spirale"},{"@type":"BreadcrumbList","@id":"https:\/\/leatai.com\/it\/product\/vari-campioni-oem\/quaderno-a-spirale-oem\/ming-ching-trading\/#breadcrumb","itemListElement":[{"@type":"ListItem","position":1,"name":"Home","item":"https:\/\/leatai.com\/it\/"},{"@type":"ListItem","position":2,"name":"Presentazione dei prodotti","item":"https:\/\/leatai.com\/products\/"},{"@type":"ListItem","position":3,"name":"Vari Campioni OEM","item":"https:\/\/leatai.com\/it\/categoria-prodotto\/vari-campioni-oem\/"},{"@type":"ListItem","position":4,"name":"Quaderno a Spirale OEM","item":"https:\/\/leatai.com\/it\/categoria-prodotto\/vari-campioni-oem\/quaderno-a-spirale-oem\/"},{"@type":"ListItem","position":5,"name":"Ming Ching Trading"}]},{"@type":"WebSite","@id":"https:\/\/leatai.com\/it\/#website","url":"https:\/\/leatai.com\/it\/","name":"Leatai \u2013 Produttore di taccuini personalizzati","description":"Leatai fornisce taccuini e planner personalizzati per brand e distributori a livello globale.","publisher":{"@id":"https:\/\/leatai.com\/it\/#organization"},"potentialAction":[{"@type":"SearchAction","target":{"@type":"EntryPoint","urlTemplate":"https:\/\/leatai.com\/it\/?s={search_term_string}"},"query-input":{"@type":"PropertyValueSpecification","valueRequired":true,"valueName":"search_term_string"}}],"inLanguage":"it-IT"},{"@type":"Organization","@id":"https:\/\/leatai.com\/it\/#organization","name":"Leatai Diary, customized journal and business organizer","url":"https:\/\/leatai.com\/it\/","logo":{"@type":"ImageObject","inLanguage":"it-IT","@id":"https:\/\/leatai.com\/it\/#\/schema\/logo\/image\/","url":"https:\/\/leatai.com\/wp-content\/uploads\/logo-blue.png","contentUrl":"https:\/\/leatai.com\/wp-content\/uploads\/logo-blue.png","width":230,"height":60,"caption":"Leatai Diary, customized journal and business organizer"},"image":{"@id":"https:\/\/leatai.com\/it\/#\/schema\/logo\/image\/"}}]}},"_links":{"self":[{"href":"https:\/\/leatai.com\/it\/wp-json\/wp\/v2\/product\/195073","targetHints":{"allow":["GET"]}}],"collection":[{"href":"https:\/\/leatai.com\/it\/wp-json\/wp\/v2\/product"}],"about":[{"href":"https:\/\/leatai.com\/it\/wp-json\/wp\/v2\/types\/product"}],"wp:featuredmedia":[{"embeddable":true,"href":"https:\/\/leatai.com\/it\/wp-json\/wp\/v2\/media\/195074"}],"wp:attachment":[{"href":"https:\/\/leatai.com\/it\/wp-json\/wp\/v2\/media?parent=195073"}],"wp:term":[{"taxonomy":"product_brand","embeddable":true,"href":"https:\/\/leatai.com\/it\/wp-json\/wp\/v2\/product_brand?post=195073"},{"taxonomy":"product_cat","embeddable":true,"href":"https:\/\/leatai.com\/it\/wp-json\/wp\/v2\/product_cat?post=195073"},{"taxonomy":"product_tag","embeddable":true,"href":"https:\/\/leatai.com\/it\/wp-json\/wp\/v2\/product_tag?post=195073"},{"taxonomy":"home_works","embeddable":true,"href":"https:\/\/leatai.com\/it\/wp-json\/wp\/v2\/home_works?post=195073"}],"curies":[{"name":"wp","href":"https:\/\/api.w.org\/{rel}","templated":true}]}}