{"id":191174,"date":"2021-08-17T20:34:58","date_gmt":"2021-08-17T12:34:58","guid":{"rendered":"https:\/\/leatai.com\/product\/senza-categoria\/abbvie-inc\/"},"modified":"2025-10-30T14:16:05","modified_gmt":"2025-10-30T06:16:05","slug":"abbvie-inc","status":"publish","type":"product","link":"https:\/\/leatai.com\/it\/product\/vari-campioni-oem\/quaderno-a-fogli-mobili-oem\/abbvie-inc\/","title":{"rendered":"AbbVie Inc."},"content":{"rendered":"<p>Nome del cliente: AbbVie Inc.<br \/>\nStile: quaderno ad anelli<br \/>\nFormato: 25K<br \/>\nEffetto del logo: stampa a caldo argentata<\/p>\n<p>Caratteristiche principali: AbbVie Inc., la quarta pi\u00f9 grande azienda farmaceutica al mondo, vanta oltre un secolo di esperienza al servizio della salute globale. Il design del quaderno riflette il tono del brand attraverso colori tenui e rilassanti, che trasmettono un\u2019immagine leggera, accogliente e affidabile. La stampa a caldo in argento aggiunge un tocco raffinato, sottolineando l\u2019equilibrio tra autorevolezza scientifica e attenzione umana che caratterizza l\u2019identit\u00e0 del marchio. Un prodotto che comunica benevolenza e professionalit\u00e0 in ogni dettaglio.<\/p>\n<p>&nbsp;<\/p>\n<p>&nbsp;<\/p>\n<p>\ud83d\udcd6 Tutti gli esempi personalizzati: <a href=\"https:\/\/leatai.com\/it\/tag-prodotto\/oem-it\/\" target=\"_blank\" rel=\"noopener\">Quaderno personalizzato \/ Diario commerciale personalizzato<\/a><br \/>\n\ud83d\udcd6 Per i prodotti standard di quaderni \/ diari commerciali personalizzati, fare riferimento a:<br \/>\n<a href=\"https:\/\/leatai.com\/it\/categoria-prodotto\/taccuino-personalizzato\/taccuino-con-copertina-rigida\/\" target=\"_blank\" rel=\"noopener\">Quaderno con copertina rigida \/ Diario commerciale con copertina rigida<\/a><br \/>\n<a href=\"https:\/\/leatai.com\/it\/categoria-prodotto\/taccuino-personalizzato\/taccuino-a-fogli-mobili\/\" target=\"_blank\" rel=\"noopener\">Quaderno ad anelli \/ Diario commerciale ad anelli<\/a><br \/>\n<a href=\"https:\/\/leatai.com\/it\/categoria-prodotto\/taccuino-personalizzato\/taccuino-rimovibile\/\" target=\"_blank\" rel=\"noopener\">Quaderno ad anelli con fogli estraibili \/ Diario commerciale ad anelli con fogli estraibili<\/a><br \/>\n<a href=\"https:\/\/leatai.com\/it\/categoria-prodotto\/taccuino-personalizzato\/taccuino-brossurato\/\" target=\"_blank\" rel=\"noopener\">Quaderno con copertina flessibile \/ Diario commerciale con copertina flessibile<\/a><br \/>\n<a href=\"https:\/\/leatai.com\/it\/categoria-prodotto\/taccuino-personalizzato\/taccuino-a-spirale\/\" target=\"_blank\" rel=\"noopener\">Quaderno a spirale \/ Diario commerciale a spirale<\/a><\/p>\n<p>\ud83d\udcd6 Per la guida completa alle dimensioni, fare riferimento a:<br \/>\n<a href=\"https:\/\/leatai.com\/it\/conoscenza-del-taccuino\/guida-ai-formati-della-carta-comprendere-i-formati-comuni-come-b3-a4-b5-8k-16k-e-altri-ancora-una-tabella-delle-dimensioni-completa-per-un-facile-riferimento\/\" target=\"_blank\" rel=\"noopener\">Guida ai formati di carta: B3, A4, B5, 8K, 16K e altri formati comuni spiegati chiaramente con una tabella di confronto delle dimensioni!<\/a><\/p>\n","protected":false},"excerpt":{"rendered":"<p>Nome del cliente: AbbVie Inc. Stile: quaderno ad anelli Formato: 25K Effetto del logo: stampa a caldo argentata Caratteristiche principali: AbbVie Inc., la quarta pi\u00f9 grande azienda farmaceutica al mondo, vanta oltre un secolo di esperienza al servizio della salute globale. Il design del quaderno riflette il tono del brand attraverso colori tenui e rilassanti, [&hellip;]<\/p>\n","protected":false},"featured_media":191175,"template":"","meta":{"_acf_changed":false},"product_brand":[],"product_cat":[896],"product_tag":[1479],"home_works":[],"class_list":{"0":"post-191174","1":"product","2":"type-product","3":"status-publish","4":"has-post-thumbnail","6":"product_cat-quaderno-a-fogli-mobili-oem","7":"product_tag-oem-it","9":"first","10":"outofstock","11":"sold-individually","12":"shipping-taxable","13":"purchasable","14":"product-type-variable","15":"has-default-attributes"},"acf":[],"yoast_head":"<!-- This site is optimized with the Yoast SEO plugin v27.2 - https:\/\/yoast.com\/product\/yoast-seo-wordpress\/ -->\n<title>AbbVie Inc. - Un modello esemplare di impresa centenaria. - Leatai \u2013 Produttore di taccuini personalizzati<\/title>\n<meta name=\"description\" content=\"Caso di OEM quaderno ad anelli: AbbVie Inc. Stile: quaderno ad anelli Formato: 25K Caratteristiche principali: AbbVie Inc., la quarta casa farmaceutica pi\u00f9 grande al mondo, con oltre cento anni di storia, \u00e8 da sempre impegnata nel miglioramento della salute e del benessere delle persone. Il quaderno utilizza tonalit\u00e0 delicate e un\u2019estetica leggera per riflettere perfettamente il tono del brand: rassicurante, accessibile e umano. Un design sobrio ma curato, che comunica al tempo stesso professionalit\u00e0 e sensibilit\u00e0, in linea con i valori di un&#039;azienda che mette la persona al centro.\" \/>\n<meta name=\"robots\" content=\"index, follow, max-snippet:-1, max-image-preview:large, max-video-preview:-1\" \/>\n<link rel=\"canonical\" href=\"https:\/\/leatai.com\/it\/product\/vari-campioni-oem\/quaderno-a-fogli-mobili-oem\/abbvie-inc\/\" \/>\n<meta property=\"og:locale\" content=\"it_IT\" \/>\n<meta property=\"og:type\" content=\"article\" \/>\n<meta property=\"og:title\" content=\"AbbVie Inc. - Un modello esemplare di impresa centenaria. - Leatai \u2013 Produttore di taccuini personalizzati\" \/>\n<meta property=\"og:description\" content=\"Caso di OEM quaderno ad anelli: AbbVie Inc. Stile: quaderno ad anelli Formato: 25K Caratteristiche principali: AbbVie Inc., la quarta casa farmaceutica pi\u00f9 grande al mondo, con oltre cento anni di storia, \u00e8 da sempre impegnata nel miglioramento della salute e del benessere delle persone. Il quaderno utilizza tonalit\u00e0 delicate e un\u2019estetica leggera per riflettere perfettamente il tono del brand: rassicurante, accessibile e umano. Un design sobrio ma curato, che comunica al tempo stesso professionalit\u00e0 e sensibilit\u00e0, in linea con i valori di un&#039;azienda che mette la persona al centro.\" \/>\n<meta property=\"og:url\" content=\"https:\/\/leatai.com\/it\/product\/vari-campioni-oem\/quaderno-a-fogli-mobili-oem\/abbvie-inc\/\" \/>\n<meta property=\"og:site_name\" content=\"Leatai \u2013 Produttore di taccuini personalizzati\" \/>\n<meta property=\"article:modified_time\" content=\"2025-10-30T06:16:05+00:00\" \/>\n<meta property=\"og:image\" content=\"https:\/\/leatai.com\/wp-content\/uploads\/1-7.jpg\" \/>\n\t<meta property=\"og:image:width\" content=\"1000\" \/>\n\t<meta property=\"og:image:height\" content=\"750\" \/>\n\t<meta property=\"og:image:type\" content=\"image\/jpeg\" \/>\n<meta name=\"twitter:card\" content=\"summary_large_image\" \/>\n<meta name=\"twitter:label1\" content=\"Tempo di lettura stimato\" \/>\n\t<meta name=\"twitter:data1\" content=\"2 minuti\" \/>\n<script type=\"application\/ld+json\" class=\"yoast-schema-graph\">{\"@context\":\"https:\/\/schema.org\",\"@graph\":[{\"@type\":\"WebPage\",\"@id\":\"https:\/\/leatai.com\/it\/product\/vari-campioni-oem\/quaderno-a-fogli-mobili-oem\/abbvie-inc\/\",\"url\":\"https:\/\/leatai.com\/it\/product\/vari-campioni-oem\/quaderno-a-fogli-mobili-oem\/abbvie-inc\/\",\"name\":\"AbbVie Inc. - Un modello esemplare di impresa centenaria. - Leatai \u2013 Produttore di taccuini personalizzati\",\"isPartOf\":{\"@id\":\"https:\/\/leatai.com\/it\/#website\"},\"primaryImageOfPage\":{\"@id\":\"https:\/\/leatai.com\/it\/product\/vari-campioni-oem\/quaderno-a-fogli-mobili-oem\/abbvie-inc\/#primaryimage\"},\"image\":{\"@id\":\"https:\/\/leatai.com\/it\/product\/vari-campioni-oem\/quaderno-a-fogli-mobili-oem\/abbvie-inc\/#primaryimage\"},\"thumbnailUrl\":\"https:\/\/leatai.com\/wp-content\/uploads\/1-7.jpg\",\"datePublished\":\"2021-08-17T12:34:58+00:00\",\"dateModified\":\"2025-10-30T06:16:05+00:00\",\"description\":\"Caso di OEM quaderno ad anelli: AbbVie Inc. Stile: quaderno ad anelli Formato: 25K Caratteristiche principali: AbbVie Inc., la quarta casa farmaceutica pi\u00f9 grande al mondo, con oltre cento anni di storia, \u00e8 da sempre impegnata nel miglioramento della salute e del benessere delle persone. Il quaderno utilizza tonalit\u00e0 delicate e un\u2019estetica leggera per riflettere perfettamente il tono del brand: rassicurante, accessibile e umano. Un design sobrio ma curato, che comunica al tempo stesso professionalit\u00e0 e sensibilit\u00e0, in linea con i valori di un'azienda che mette la persona al centro.\",\"breadcrumb\":{\"@id\":\"https:\/\/leatai.com\/it\/product\/vari-campioni-oem\/quaderno-a-fogli-mobili-oem\/abbvie-inc\/#breadcrumb\"},\"inLanguage\":\"it-IT\",\"potentialAction\":[{\"@type\":\"ReadAction\",\"target\":[\"https:\/\/leatai.com\/it\/product\/vari-campioni-oem\/quaderno-a-fogli-mobili-oem\/abbvie-inc\/\"]}]},{\"@type\":\"ImageObject\",\"inLanguage\":\"it-IT\",\"@id\":\"https:\/\/leatai.com\/it\/product\/vari-campioni-oem\/quaderno-a-fogli-mobili-oem\/abbvie-inc\/#primaryimage\",\"url\":\"https:\/\/leatai.com\/wp-content\/uploads\/1-7.jpg\",\"contentUrl\":\"https:\/\/leatai.com\/wp-content\/uploads\/1-7.jpg\",\"width\":1000,\"height\":750,\"caption\":\"Quaderno ad anelli\"},{\"@type\":\"BreadcrumbList\",\"@id\":\"https:\/\/leatai.com\/it\/product\/vari-campioni-oem\/quaderno-a-fogli-mobili-oem\/abbvie-inc\/#breadcrumb\",\"itemListElement\":[{\"@type\":\"ListItem\",\"position\":1,\"name\":\"Home\",\"item\":\"https:\/\/leatai.com\/it\/\"},{\"@type\":\"ListItem\",\"position\":2,\"name\":\"Presentazione dei prodotti\",\"item\":\"https:\/\/leatai.com\/products\/\"},{\"@type\":\"ListItem\",\"position\":3,\"name\":\"Vari Campioni OEM\",\"item\":\"https:\/\/leatai.com\/it\/categoria-prodotto\/vari-campioni-oem\/\"},{\"@type\":\"ListItem\",\"position\":4,\"name\":\"Quaderno a Fogli Mobili OEM\",\"item\":\"https:\/\/leatai.com\/it\/categoria-prodotto\/vari-campioni-oem\/quaderno-a-fogli-mobili-oem\/\"},{\"@type\":\"ListItem\",\"position\":5,\"name\":\"AbbVie Inc.\"}]},{\"@type\":\"WebSite\",\"@id\":\"https:\/\/leatai.com\/it\/#website\",\"url\":\"https:\/\/leatai.com\/it\/\",\"name\":\"Leatai \u2013 Produttore di taccuini personalizzati\",\"description\":\"Leatai fornisce taccuini e planner personalizzati per brand e distributori a livello globale.\",\"publisher\":{\"@id\":\"https:\/\/leatai.com\/it\/#organization\"},\"potentialAction\":[{\"@type\":\"SearchAction\",\"target\":{\"@type\":\"EntryPoint\",\"urlTemplate\":\"https:\/\/leatai.com\/it\/?s={search_term_string}\"},\"query-input\":{\"@type\":\"PropertyValueSpecification\",\"valueRequired\":true,\"valueName\":\"search_term_string\"}}],\"inLanguage\":\"it-IT\"},{\"@type\":\"Organization\",\"@id\":\"https:\/\/leatai.com\/it\/#organization\",\"name\":\"Leatai Diary, customized journal and business organizer\",\"url\":\"https:\/\/leatai.com\/it\/\",\"logo\":{\"@type\":\"ImageObject\",\"inLanguage\":\"it-IT\",\"@id\":\"https:\/\/leatai.com\/it\/#\/schema\/logo\/image\/\",\"url\":\"https:\/\/leatai.com\/wp-content\/uploads\/logo-blue.png\",\"contentUrl\":\"https:\/\/leatai.com\/wp-content\/uploads\/logo-blue.png\",\"width\":230,\"height\":60,\"caption\":\"Leatai Diary, customized journal and business organizer\"},\"image\":{\"@id\":\"https:\/\/leatai.com\/it\/#\/schema\/logo\/image\/\"}}]}<\/script>\n<!-- \/ Yoast SEO plugin. -->","yoast_head_json":{"title":"AbbVie Inc. - Un modello esemplare di impresa centenaria. - Leatai \u2013 Produttore di taccuini personalizzati","description":"Caso di OEM quaderno ad anelli: AbbVie Inc. Stile: quaderno ad anelli Formato: 25K Caratteristiche principali: AbbVie Inc., la quarta casa farmaceutica pi\u00f9 grande al mondo, con oltre cento anni di storia, \u00e8 da sempre impegnata nel miglioramento della salute e del benessere delle persone. Il quaderno utilizza tonalit\u00e0 delicate e un\u2019estetica leggera per riflettere perfettamente il tono del brand: rassicurante, accessibile e umano. Un design sobrio ma curato, che comunica al tempo stesso professionalit\u00e0 e sensibilit\u00e0, in linea con i valori di un'azienda che mette la persona al centro.","robots":{"index":"index","follow":"follow","max-snippet":"max-snippet:-1","max-image-preview":"max-image-preview:large","max-video-preview":"max-video-preview:-1"},"canonical":"https:\/\/leatai.com\/it\/product\/vari-campioni-oem\/quaderno-a-fogli-mobili-oem\/abbvie-inc\/","og_locale":"it_IT","og_type":"article","og_title":"AbbVie Inc. - Un modello esemplare di impresa centenaria. - Leatai \u2013 Produttore di taccuini personalizzati","og_description":"Caso di OEM quaderno ad anelli: AbbVie Inc. Stile: quaderno ad anelli Formato: 25K Caratteristiche principali: AbbVie Inc., la quarta casa farmaceutica pi\u00f9 grande al mondo, con oltre cento anni di storia, \u00e8 da sempre impegnata nel miglioramento della salute e del benessere delle persone. Il quaderno utilizza tonalit\u00e0 delicate e un\u2019estetica leggera per riflettere perfettamente il tono del brand: rassicurante, accessibile e umano. Un design sobrio ma curato, che comunica al tempo stesso professionalit\u00e0 e sensibilit\u00e0, in linea con i valori di un'azienda che mette la persona al centro.","og_url":"https:\/\/leatai.com\/it\/product\/vari-campioni-oem\/quaderno-a-fogli-mobili-oem\/abbvie-inc\/","og_site_name":"Leatai \u2013 Produttore di taccuini personalizzati","article_modified_time":"2025-10-30T06:16:05+00:00","og_image":[{"width":1000,"height":750,"url":"https:\/\/leatai.com\/wp-content\/uploads\/1-7.jpg","type":"image\/jpeg"}],"twitter_card":"summary_large_image","twitter_misc":{"Tempo di lettura stimato":"2 minuti"},"schema":{"@context":"https:\/\/schema.org","@graph":[{"@type":"WebPage","@id":"https:\/\/leatai.com\/it\/product\/vari-campioni-oem\/quaderno-a-fogli-mobili-oem\/abbvie-inc\/","url":"https:\/\/leatai.com\/it\/product\/vari-campioni-oem\/quaderno-a-fogli-mobili-oem\/abbvie-inc\/","name":"AbbVie Inc. - Un modello esemplare di impresa centenaria. - Leatai \u2013 Produttore di taccuini personalizzati","isPartOf":{"@id":"https:\/\/leatai.com\/it\/#website"},"primaryImageOfPage":{"@id":"https:\/\/leatai.com\/it\/product\/vari-campioni-oem\/quaderno-a-fogli-mobili-oem\/abbvie-inc\/#primaryimage"},"image":{"@id":"https:\/\/leatai.com\/it\/product\/vari-campioni-oem\/quaderno-a-fogli-mobili-oem\/abbvie-inc\/#primaryimage"},"thumbnailUrl":"https:\/\/leatai.com\/wp-content\/uploads\/1-7.jpg","datePublished":"2021-08-17T12:34:58+00:00","dateModified":"2025-10-30T06:16:05+00:00","description":"Caso di OEM quaderno ad anelli: AbbVie Inc. Stile: quaderno ad anelli Formato: 25K Caratteristiche principali: AbbVie Inc., la quarta casa farmaceutica pi\u00f9 grande al mondo, con oltre cento anni di storia, \u00e8 da sempre impegnata nel miglioramento della salute e del benessere delle persone. Il quaderno utilizza tonalit\u00e0 delicate e un\u2019estetica leggera per riflettere perfettamente il tono del brand: rassicurante, accessibile e umano. Un design sobrio ma curato, che comunica al tempo stesso professionalit\u00e0 e sensibilit\u00e0, in linea con i valori di un'azienda che mette la persona al centro.","breadcrumb":{"@id":"https:\/\/leatai.com\/it\/product\/vari-campioni-oem\/quaderno-a-fogli-mobili-oem\/abbvie-inc\/#breadcrumb"},"inLanguage":"it-IT","potentialAction":[{"@type":"ReadAction","target":["https:\/\/leatai.com\/it\/product\/vari-campioni-oem\/quaderno-a-fogli-mobili-oem\/abbvie-inc\/"]}]},{"@type":"ImageObject","inLanguage":"it-IT","@id":"https:\/\/leatai.com\/it\/product\/vari-campioni-oem\/quaderno-a-fogli-mobili-oem\/abbvie-inc\/#primaryimage","url":"https:\/\/leatai.com\/wp-content\/uploads\/1-7.jpg","contentUrl":"https:\/\/leatai.com\/wp-content\/uploads\/1-7.jpg","width":1000,"height":750,"caption":"Quaderno ad anelli"},{"@type":"BreadcrumbList","@id":"https:\/\/leatai.com\/it\/product\/vari-campioni-oem\/quaderno-a-fogli-mobili-oem\/abbvie-inc\/#breadcrumb","itemListElement":[{"@type":"ListItem","position":1,"name":"Home","item":"https:\/\/leatai.com\/it\/"},{"@type":"ListItem","position":2,"name":"Presentazione dei prodotti","item":"https:\/\/leatai.com\/products\/"},{"@type":"ListItem","position":3,"name":"Vari Campioni OEM","item":"https:\/\/leatai.com\/it\/categoria-prodotto\/vari-campioni-oem\/"},{"@type":"ListItem","position":4,"name":"Quaderno a Fogli Mobili OEM","item":"https:\/\/leatai.com\/it\/categoria-prodotto\/vari-campioni-oem\/quaderno-a-fogli-mobili-oem\/"},{"@type":"ListItem","position":5,"name":"AbbVie Inc."}]},{"@type":"WebSite","@id":"https:\/\/leatai.com\/it\/#website","url":"https:\/\/leatai.com\/it\/","name":"Leatai \u2013 Produttore di taccuini personalizzati","description":"Leatai fornisce taccuini e planner personalizzati per brand e distributori a livello globale.","publisher":{"@id":"https:\/\/leatai.com\/it\/#organization"},"potentialAction":[{"@type":"SearchAction","target":{"@type":"EntryPoint","urlTemplate":"https:\/\/leatai.com\/it\/?s={search_term_string}"},"query-input":{"@type":"PropertyValueSpecification","valueRequired":true,"valueName":"search_term_string"}}],"inLanguage":"it-IT"},{"@type":"Organization","@id":"https:\/\/leatai.com\/it\/#organization","name":"Leatai Diary, customized journal and business organizer","url":"https:\/\/leatai.com\/it\/","logo":{"@type":"ImageObject","inLanguage":"it-IT","@id":"https:\/\/leatai.com\/it\/#\/schema\/logo\/image\/","url":"https:\/\/leatai.com\/wp-content\/uploads\/logo-blue.png","contentUrl":"https:\/\/leatai.com\/wp-content\/uploads\/logo-blue.png","width":230,"height":60,"caption":"Leatai Diary, customized journal and business organizer"},"image":{"@id":"https:\/\/leatai.com\/it\/#\/schema\/logo\/image\/"}}]}},"_links":{"self":[{"href":"https:\/\/leatai.com\/it\/wp-json\/wp\/v2\/product\/191174","targetHints":{"allow":["GET"]}}],"collection":[{"href":"https:\/\/leatai.com\/it\/wp-json\/wp\/v2\/product"}],"about":[{"href":"https:\/\/leatai.com\/it\/wp-json\/wp\/v2\/types\/product"}],"wp:featuredmedia":[{"embeddable":true,"href":"https:\/\/leatai.com\/it\/wp-json\/wp\/v2\/media\/191175"}],"wp:attachment":[{"href":"https:\/\/leatai.com\/it\/wp-json\/wp\/v2\/media?parent=191174"}],"wp:term":[{"taxonomy":"product_brand","embeddable":true,"href":"https:\/\/leatai.com\/it\/wp-json\/wp\/v2\/product_brand?post=191174"},{"taxonomy":"product_cat","embeddable":true,"href":"https:\/\/leatai.com\/it\/wp-json\/wp\/v2\/product_cat?post=191174"},{"taxonomy":"product_tag","embeddable":true,"href":"https:\/\/leatai.com\/it\/wp-json\/wp\/v2\/product_tag?post=191174"},{"taxonomy":"home_works","embeddable":true,"href":"https:\/\/leatai.com\/it\/wp-json\/wp\/v2\/home_works?post=191174"}],"curies":[{"name":"wp","href":"https:\/\/api.w.org\/{rel}","templated":true}]}}