{"id":191098,"date":"2024-08-21T16:40:22","date_gmt":"2024-08-21T08:40:22","guid":{"rendered":"https:\/\/leatai.com\/product\/senza-categoria\/taiwan-railway-company-get-to-know-taiwan\/"},"modified":"2025-10-30T13:56:17","modified_gmt":"2025-10-30T05:56:17","slug":"taiwan-railway-company-get-to-know-taiwan","status":"publish","type":"product","link":"https:\/\/leatai.com\/it\/product\/vari-campioni-oem\/quaderno-a-fogli-mobili-oem\/taiwan-railway-company-get-to-know-taiwan\/","title":{"rendered":"Taiwan Railway Company \u2013 Get to know Taiwan"},"content":{"rendered":"<p>Nome del cliente: Taiwan Railway Company \u2013 Get to know Taiwan<br \/>\nStile: quaderno ad anelli<br \/>\nFormato: 25K<br \/>\nEffetto del logo: stampa su pelle<\/p>\n<p>Caratteristiche principali: questa edizione speciale si distingue per l\u2019adorabile stile illustrativo in versione chibi, che dona al quaderno un carattere vivace e accattivante. La stampa diretta su materiale in similpelle, tecnicamente impegnativa, \u00e8 stata realizzata con grande precisione, rendendo ogni dettaglio vivido e durevole. Un oggetto imperdibile per gli appassionati di ferrovie e collezionisti, che unisce estetica giocosa a lavorazione di alta qualit\u00e0.<\/p>\n<p>&nbsp;<\/p>\n<p>&nbsp;<\/p>\n<p>\ud83d\udcd6 Tutti gli esempi personalizzati: <a href=\"https:\/\/leatai.com\/it\/tag-prodotto\/oem-it\/\" target=\"_blank\" rel=\"noopener\">Quaderno personalizzato \/ Diario commerciale personalizzato<\/a><br \/>\n\ud83d\udcd6 Per i prodotti standard di quaderni \/ diari commerciali personalizzati, fare riferimento a:<br \/>\n<a href=\"https:\/\/leatai.com\/it\/categoria-prodotto\/taccuino-personalizzato\/taccuino-con-copertina-rigida\/\" target=\"_blank\" rel=\"noopener\">Quaderno con copertina rigida \/ Diario commerciale con copertina rigida<\/a><br \/>\n<a href=\"https:\/\/leatai.com\/it\/categoria-prodotto\/taccuino-personalizzato\/taccuino-a-fogli-mobili\/\" target=\"_blank\" rel=\"noopener\">Quaderno ad anelli \/ Diario commerciale ad anelli<\/a><br \/>\n<a href=\"https:\/\/leatai.com\/it\/categoria-prodotto\/taccuino-personalizzato\/taccuino-rimovibile\/\" target=\"_blank\" rel=\"noopener\">Quaderno ad anelli con fogli estraibili \/ Diario commerciale ad anelli con fogli estraibili<\/a><br \/>\n<a href=\"https:\/\/leatai.com\/it\/categoria-prodotto\/taccuino-personalizzato\/taccuino-brossurato\/\" target=\"_blank\" rel=\"noopener\">Quaderno con copertina flessibile \/ Diario commerciale con copertina flessibile<\/a><br \/>\n<a href=\"https:\/\/leatai.com\/it\/categoria-prodotto\/taccuino-personalizzato\/taccuino-a-spirale\/\" target=\"_blank\" rel=\"noopener\">Quaderno a spirale \/ Diario commerciale a spirale<\/a><\/p>\n<p>\ud83d\udcd6 Per la guida completa alle dimensioni, fare riferimento a:<br \/>\n<a href=\"https:\/\/leatai.com\/it\/conoscenza-del-taccuino\/guida-ai-formati-della-carta-comprendere-i-formati-comuni-come-b3-a4-b5-8k-16k-e-altri-ancora-una-tabella-delle-dimensioni-completa-per-un-facile-riferimento\/\" target=\"_blank\" rel=\"noopener\">Guida ai formati di carta: B3, A4, B5, 8K, 16K e altri formati comuni spiegati chiaramente con una tabella di confronto delle dimensioni!<\/a><\/p>\n","protected":false},"excerpt":{"rendered":"<p>Nome del cliente: Taiwan Railway Company \u2013 Get to know Taiwan Stile: quaderno ad anelli Formato: 25K Effetto del logo: stampa su pelle Caratteristiche principali: questa edizione speciale si distingue per l\u2019adorabile stile illustrativo in versione chibi, che dona al quaderno un carattere vivace e accattivante. La stampa diretta su materiale in similpelle, tecnicamente impegnativa, [&hellip;]<\/p>\n","protected":false},"featured_media":76493,"template":"","meta":{"_acf_changed":false},"product_brand":[],"product_cat":[896],"product_tag":[1479],"home_works":[],"class_list":{"0":"post-191098","1":"product","2":"type-product","3":"status-publish","4":"has-post-thumbnail","6":"product_cat-quaderno-a-fogli-mobili-oem","7":"product_tag-oem-it","9":"first","10":"outofstock","11":"sold-individually","12":"shipping-taxable","13":"purchasable","14":"product-type-variable","15":"has-default-attributes"},"acf":[],"yoast_head":"<!-- This site is optimized with the Yoast SEO plugin v27.2 - https:\/\/yoast.com\/product\/yoast-seo-wordpress\/ -->\n<title>Taiwan Railway Company \u2013 Get to know Taiwan - Leatai \u2013 Produttore di taccuini personalizzati<\/title>\n<meta name=\"description\" content=\"Caso di OEM quaderno ad anelli: Taiwan Railway Company \u2013 Get to know Taiwan Stile: quaderno ad anelli Formato: 25K Effetto del logo: stampa Caratteristiche principali: caratterizzato da un adorabile stile chibi, questo quaderno trasmette un\u2019atmosfera giocosa e affettuosa, perfetta per rappresentare lo spirito del viaggio attraverso Taiwan. La stampa diretta su materiale simile alla pelle \u00e8 una tecnica complessa che richiede alta precisione, rendendo il risultato finale ancora pi\u00f9 pregiato. Un articolo da non perdere per i veri appassionati di treni, capace di unire estetica, collezionabilit\u00e0 e lavorazione di qualit\u00e0.\" \/>\n<meta name=\"robots\" content=\"index, follow, max-snippet:-1, max-image-preview:large, max-video-preview:-1\" \/>\n<link rel=\"canonical\" href=\"https:\/\/leatai.com\/it\/product\/vari-campioni-oem\/quaderno-a-fogli-mobili-oem\/taiwan-railway-company-get-to-know-taiwan\/\" \/>\n<meta property=\"og:locale\" content=\"it_IT\" \/>\n<meta property=\"og:type\" content=\"article\" \/>\n<meta property=\"og:title\" content=\"Taiwan Railway Company \u2013 Get to know Taiwan - Leatai \u2013 Produttore di taccuini personalizzati\" \/>\n<meta property=\"og:description\" content=\"Caso di OEM quaderno ad anelli: Taiwan Railway Company \u2013 Get to know Taiwan Stile: quaderno ad anelli Formato: 25K Effetto del logo: stampa Caratteristiche principali: caratterizzato da un adorabile stile chibi, questo quaderno trasmette un\u2019atmosfera giocosa e affettuosa, perfetta per rappresentare lo spirito del viaggio attraverso Taiwan. La stampa diretta su materiale simile alla pelle \u00e8 una tecnica complessa che richiede alta precisione, rendendo il risultato finale ancora pi\u00f9 pregiato. Un articolo da non perdere per i veri appassionati di treni, capace di unire estetica, collezionabilit\u00e0 e lavorazione di qualit\u00e0.\" \/>\n<meta property=\"og:url\" content=\"https:\/\/leatai.com\/it\/product\/vari-campioni-oem\/quaderno-a-fogli-mobili-oem\/taiwan-railway-company-get-to-know-taiwan\/\" \/>\n<meta property=\"og:site_name\" content=\"Leatai \u2013 Produttore di taccuini personalizzati\" \/>\n<meta property=\"article:modified_time\" content=\"2025-10-30T05:56:17+00:00\" \/>\n<meta property=\"og:image\" content=\"https:\/\/leatai.com\/wp-content\/uploads\/DSC_0038.jpg\" \/>\n\t<meta property=\"og:image:width\" content=\"1000\" \/>\n\t<meta property=\"og:image:height\" content=\"750\" \/>\n\t<meta property=\"og:image:type\" content=\"image\/jpeg\" \/>\n<meta name=\"twitter:card\" content=\"summary_large_image\" \/>\n<meta name=\"twitter:label1\" content=\"Tempo di lettura stimato\" \/>\n\t<meta name=\"twitter:data1\" content=\"2 minuti\" \/>\n<script type=\"application\/ld+json\" class=\"yoast-schema-graph\">{\"@context\":\"https:\/\/schema.org\",\"@graph\":[{\"@type\":\"WebPage\",\"@id\":\"https:\/\/leatai.com\/it\/product\/vari-campioni-oem\/quaderno-a-fogli-mobili-oem\/taiwan-railway-company-get-to-know-taiwan\/\",\"url\":\"https:\/\/leatai.com\/it\/product\/vari-campioni-oem\/quaderno-a-fogli-mobili-oem\/taiwan-railway-company-get-to-know-taiwan\/\",\"name\":\"Taiwan Railway Company \u2013 Get to know Taiwan - Leatai \u2013 Produttore di taccuini personalizzati\",\"isPartOf\":{\"@id\":\"https:\/\/leatai.com\/it\/#website\"},\"primaryImageOfPage\":{\"@id\":\"https:\/\/leatai.com\/it\/product\/vari-campioni-oem\/quaderno-a-fogli-mobili-oem\/taiwan-railway-company-get-to-know-taiwan\/#primaryimage\"},\"image\":{\"@id\":\"https:\/\/leatai.com\/it\/product\/vari-campioni-oem\/quaderno-a-fogli-mobili-oem\/taiwan-railway-company-get-to-know-taiwan\/#primaryimage\"},\"thumbnailUrl\":\"https:\/\/leatai.com\/wp-content\/uploads\/DSC_0038.jpg\",\"datePublished\":\"2024-08-21T08:40:22+00:00\",\"dateModified\":\"2025-10-30T05:56:17+00:00\",\"description\":\"Caso di OEM quaderno ad anelli: Taiwan Railway Company \u2013 Get to know Taiwan Stile: quaderno ad anelli Formato: 25K Effetto del logo: stampa Caratteristiche principali: caratterizzato da un adorabile stile chibi, questo quaderno trasmette un\u2019atmosfera giocosa e affettuosa, perfetta per rappresentare lo spirito del viaggio attraverso Taiwan. La stampa diretta su materiale simile alla pelle \u00e8 una tecnica complessa che richiede alta precisione, rendendo il risultato finale ancora pi\u00f9 pregiato. Un articolo da non perdere per i veri appassionati di treni, capace di unire estetica, collezionabilit\u00e0 e lavorazione di qualit\u00e0.\",\"breadcrumb\":{\"@id\":\"https:\/\/leatai.com\/it\/product\/vari-campioni-oem\/quaderno-a-fogli-mobili-oem\/taiwan-railway-company-get-to-know-taiwan\/#breadcrumb\"},\"inLanguage\":\"it-IT\",\"potentialAction\":[{\"@type\":\"ReadAction\",\"target\":[\"https:\/\/leatai.com\/it\/product\/vari-campioni-oem\/quaderno-a-fogli-mobili-oem\/taiwan-railway-company-get-to-know-taiwan\/\"]}]},{\"@type\":\"ImageObject\",\"inLanguage\":\"it-IT\",\"@id\":\"https:\/\/leatai.com\/it\/product\/vari-campioni-oem\/quaderno-a-fogli-mobili-oem\/taiwan-railway-company-get-to-know-taiwan\/#primaryimage\",\"url\":\"https:\/\/leatai.com\/wp-content\/uploads\/DSC_0038.jpg\",\"contentUrl\":\"https:\/\/leatai.com\/wp-content\/uploads\/DSC_0038.jpg\",\"width\":1000,\"height\":750},{\"@type\":\"BreadcrumbList\",\"@id\":\"https:\/\/leatai.com\/it\/product\/vari-campioni-oem\/quaderno-a-fogli-mobili-oem\/taiwan-railway-company-get-to-know-taiwan\/#breadcrumb\",\"itemListElement\":[{\"@type\":\"ListItem\",\"position\":1,\"name\":\"Home\",\"item\":\"https:\/\/leatai.com\/it\/\"},{\"@type\":\"ListItem\",\"position\":2,\"name\":\"Presentazione dei prodotti\",\"item\":\"https:\/\/leatai.com\/products\/\"},{\"@type\":\"ListItem\",\"position\":3,\"name\":\"Vari Campioni OEM\",\"item\":\"https:\/\/leatai.com\/it\/categoria-prodotto\/vari-campioni-oem\/\"},{\"@type\":\"ListItem\",\"position\":4,\"name\":\"Quaderno a Fogli Mobili OEM\",\"item\":\"https:\/\/leatai.com\/it\/categoria-prodotto\/vari-campioni-oem\/quaderno-a-fogli-mobili-oem\/\"},{\"@type\":\"ListItem\",\"position\":5,\"name\":\"Taiwan Railway Company \u2013 Get to know Taiwan\"}]},{\"@type\":\"WebSite\",\"@id\":\"https:\/\/leatai.com\/it\/#website\",\"url\":\"https:\/\/leatai.com\/it\/\",\"name\":\"Leatai \u2013 Produttore di taccuini personalizzati\",\"description\":\"Leatai fornisce taccuini e planner personalizzati per brand e distributori a livello globale.\",\"publisher\":{\"@id\":\"https:\/\/leatai.com\/it\/#organization\"},\"potentialAction\":[{\"@type\":\"SearchAction\",\"target\":{\"@type\":\"EntryPoint\",\"urlTemplate\":\"https:\/\/leatai.com\/it\/?s={search_term_string}\"},\"query-input\":{\"@type\":\"PropertyValueSpecification\",\"valueRequired\":true,\"valueName\":\"search_term_string\"}}],\"inLanguage\":\"it-IT\"},{\"@type\":\"Organization\",\"@id\":\"https:\/\/leatai.com\/it\/#organization\",\"name\":\"Leatai Diary, customized journal and business organizer\",\"url\":\"https:\/\/leatai.com\/it\/\",\"logo\":{\"@type\":\"ImageObject\",\"inLanguage\":\"it-IT\",\"@id\":\"https:\/\/leatai.com\/it\/#\/schema\/logo\/image\/\",\"url\":\"https:\/\/leatai.com\/wp-content\/uploads\/logo-blue.png\",\"contentUrl\":\"https:\/\/leatai.com\/wp-content\/uploads\/logo-blue.png\",\"width\":230,\"height\":60,\"caption\":\"Leatai Diary, customized journal and business organizer\"},\"image\":{\"@id\":\"https:\/\/leatai.com\/it\/#\/schema\/logo\/image\/\"}}]}<\/script>\n<!-- \/ Yoast SEO plugin. -->","yoast_head_json":{"title":"Taiwan Railway Company \u2013 Get to know Taiwan - Leatai \u2013 Produttore di taccuini personalizzati","description":"Caso di OEM quaderno ad anelli: Taiwan Railway Company \u2013 Get to know Taiwan Stile: quaderno ad anelli Formato: 25K Effetto del logo: stampa Caratteristiche principali: caratterizzato da un adorabile stile chibi, questo quaderno trasmette un\u2019atmosfera giocosa e affettuosa, perfetta per rappresentare lo spirito del viaggio attraverso Taiwan. La stampa diretta su materiale simile alla pelle \u00e8 una tecnica complessa che richiede alta precisione, rendendo il risultato finale ancora pi\u00f9 pregiato. Un articolo da non perdere per i veri appassionati di treni, capace di unire estetica, collezionabilit\u00e0 e lavorazione di qualit\u00e0.","robots":{"index":"index","follow":"follow","max-snippet":"max-snippet:-1","max-image-preview":"max-image-preview:large","max-video-preview":"max-video-preview:-1"},"canonical":"https:\/\/leatai.com\/it\/product\/vari-campioni-oem\/quaderno-a-fogli-mobili-oem\/taiwan-railway-company-get-to-know-taiwan\/","og_locale":"it_IT","og_type":"article","og_title":"Taiwan Railway Company \u2013 Get to know Taiwan - Leatai \u2013 Produttore di taccuini personalizzati","og_description":"Caso di OEM quaderno ad anelli: Taiwan Railway Company \u2013 Get to know Taiwan Stile: quaderno ad anelli Formato: 25K Effetto del logo: stampa Caratteristiche principali: caratterizzato da un adorabile stile chibi, questo quaderno trasmette un\u2019atmosfera giocosa e affettuosa, perfetta per rappresentare lo spirito del viaggio attraverso Taiwan. La stampa diretta su materiale simile alla pelle \u00e8 una tecnica complessa che richiede alta precisione, rendendo il risultato finale ancora pi\u00f9 pregiato. Un articolo da non perdere per i veri appassionati di treni, capace di unire estetica, collezionabilit\u00e0 e lavorazione di qualit\u00e0.","og_url":"https:\/\/leatai.com\/it\/product\/vari-campioni-oem\/quaderno-a-fogli-mobili-oem\/taiwan-railway-company-get-to-know-taiwan\/","og_site_name":"Leatai \u2013 Produttore di taccuini personalizzati","article_modified_time":"2025-10-30T05:56:17+00:00","og_image":[{"width":1000,"height":750,"url":"https:\/\/leatai.com\/wp-content\/uploads\/DSC_0038.jpg","type":"image\/jpeg"}],"twitter_card":"summary_large_image","twitter_misc":{"Tempo di lettura stimato":"2 minuti"},"schema":{"@context":"https:\/\/schema.org","@graph":[{"@type":"WebPage","@id":"https:\/\/leatai.com\/it\/product\/vari-campioni-oem\/quaderno-a-fogli-mobili-oem\/taiwan-railway-company-get-to-know-taiwan\/","url":"https:\/\/leatai.com\/it\/product\/vari-campioni-oem\/quaderno-a-fogli-mobili-oem\/taiwan-railway-company-get-to-know-taiwan\/","name":"Taiwan Railway Company \u2013 Get to know Taiwan - Leatai \u2013 Produttore di taccuini personalizzati","isPartOf":{"@id":"https:\/\/leatai.com\/it\/#website"},"primaryImageOfPage":{"@id":"https:\/\/leatai.com\/it\/product\/vari-campioni-oem\/quaderno-a-fogli-mobili-oem\/taiwan-railway-company-get-to-know-taiwan\/#primaryimage"},"image":{"@id":"https:\/\/leatai.com\/it\/product\/vari-campioni-oem\/quaderno-a-fogli-mobili-oem\/taiwan-railway-company-get-to-know-taiwan\/#primaryimage"},"thumbnailUrl":"https:\/\/leatai.com\/wp-content\/uploads\/DSC_0038.jpg","datePublished":"2024-08-21T08:40:22+00:00","dateModified":"2025-10-30T05:56:17+00:00","description":"Caso di OEM quaderno ad anelli: Taiwan Railway Company \u2013 Get to know Taiwan Stile: quaderno ad anelli Formato: 25K Effetto del logo: stampa Caratteristiche principali: caratterizzato da un adorabile stile chibi, questo quaderno trasmette un\u2019atmosfera giocosa e affettuosa, perfetta per rappresentare lo spirito del viaggio attraverso Taiwan. La stampa diretta su materiale simile alla pelle \u00e8 una tecnica complessa che richiede alta precisione, rendendo il risultato finale ancora pi\u00f9 pregiato. Un articolo da non perdere per i veri appassionati di treni, capace di unire estetica, collezionabilit\u00e0 e lavorazione di qualit\u00e0.","breadcrumb":{"@id":"https:\/\/leatai.com\/it\/product\/vari-campioni-oem\/quaderno-a-fogli-mobili-oem\/taiwan-railway-company-get-to-know-taiwan\/#breadcrumb"},"inLanguage":"it-IT","potentialAction":[{"@type":"ReadAction","target":["https:\/\/leatai.com\/it\/product\/vari-campioni-oem\/quaderno-a-fogli-mobili-oem\/taiwan-railway-company-get-to-know-taiwan\/"]}]},{"@type":"ImageObject","inLanguage":"it-IT","@id":"https:\/\/leatai.com\/it\/product\/vari-campioni-oem\/quaderno-a-fogli-mobili-oem\/taiwan-railway-company-get-to-know-taiwan\/#primaryimage","url":"https:\/\/leatai.com\/wp-content\/uploads\/DSC_0038.jpg","contentUrl":"https:\/\/leatai.com\/wp-content\/uploads\/DSC_0038.jpg","width":1000,"height":750},{"@type":"BreadcrumbList","@id":"https:\/\/leatai.com\/it\/product\/vari-campioni-oem\/quaderno-a-fogli-mobili-oem\/taiwan-railway-company-get-to-know-taiwan\/#breadcrumb","itemListElement":[{"@type":"ListItem","position":1,"name":"Home","item":"https:\/\/leatai.com\/it\/"},{"@type":"ListItem","position":2,"name":"Presentazione dei prodotti","item":"https:\/\/leatai.com\/products\/"},{"@type":"ListItem","position":3,"name":"Vari Campioni OEM","item":"https:\/\/leatai.com\/it\/categoria-prodotto\/vari-campioni-oem\/"},{"@type":"ListItem","position":4,"name":"Quaderno a Fogli Mobili OEM","item":"https:\/\/leatai.com\/it\/categoria-prodotto\/vari-campioni-oem\/quaderno-a-fogli-mobili-oem\/"},{"@type":"ListItem","position":5,"name":"Taiwan Railway Company \u2013 Get to know Taiwan"}]},{"@type":"WebSite","@id":"https:\/\/leatai.com\/it\/#website","url":"https:\/\/leatai.com\/it\/","name":"Leatai \u2013 Produttore di taccuini personalizzati","description":"Leatai fornisce taccuini e planner personalizzati per brand e distributori a livello globale.","publisher":{"@id":"https:\/\/leatai.com\/it\/#organization"},"potentialAction":[{"@type":"SearchAction","target":{"@type":"EntryPoint","urlTemplate":"https:\/\/leatai.com\/it\/?s={search_term_string}"},"query-input":{"@type":"PropertyValueSpecification","valueRequired":true,"valueName":"search_term_string"}}],"inLanguage":"it-IT"},{"@type":"Organization","@id":"https:\/\/leatai.com\/it\/#organization","name":"Leatai Diary, customized journal and business organizer","url":"https:\/\/leatai.com\/it\/","logo":{"@type":"ImageObject","inLanguage":"it-IT","@id":"https:\/\/leatai.com\/it\/#\/schema\/logo\/image\/","url":"https:\/\/leatai.com\/wp-content\/uploads\/logo-blue.png","contentUrl":"https:\/\/leatai.com\/wp-content\/uploads\/logo-blue.png","width":230,"height":60,"caption":"Leatai Diary, customized journal and business organizer"},"image":{"@id":"https:\/\/leatai.com\/it\/#\/schema\/logo\/image\/"}}]}},"_links":{"self":[{"href":"https:\/\/leatai.com\/it\/wp-json\/wp\/v2\/product\/191098","targetHints":{"allow":["GET"]}}],"collection":[{"href":"https:\/\/leatai.com\/it\/wp-json\/wp\/v2\/product"}],"about":[{"href":"https:\/\/leatai.com\/it\/wp-json\/wp\/v2\/types\/product"}],"wp:featuredmedia":[{"embeddable":true,"href":"https:\/\/leatai.com\/it\/wp-json\/wp\/v2\/media\/76493"}],"wp:attachment":[{"href":"https:\/\/leatai.com\/it\/wp-json\/wp\/v2\/media?parent=191098"}],"wp:term":[{"taxonomy":"product_brand","embeddable":true,"href":"https:\/\/leatai.com\/it\/wp-json\/wp\/v2\/product_brand?post=191098"},{"taxonomy":"product_cat","embeddable":true,"href":"https:\/\/leatai.com\/it\/wp-json\/wp\/v2\/product_cat?post=191098"},{"taxonomy":"product_tag","embeddable":true,"href":"https:\/\/leatai.com\/it\/wp-json\/wp\/v2\/product_tag?post=191098"},{"taxonomy":"home_works","embeddable":true,"href":"https:\/\/leatai.com\/it\/wp-json\/wp\/v2\/home_works?post=191098"}],"curies":[{"name":"wp","href":"https:\/\/api.w.org\/{rel}","templated":true}]}}