{"id":191028,"date":"2021-08-17T21:10:24","date_gmt":"2021-08-17T13:10:24","guid":{"rendered":"https:\/\/leatai.com\/product\/senza-categoria\/semitel\/"},"modified":"2025-04-28T13:37:24","modified_gmt":"2025-04-28T05:37:24","slug":"semitel","status":"publish","type":"product","link":"https:\/\/leatai.com\/it\/product\/vari-campioni-oem\/quaderno-a-fogli-mobili-oem\/semitel\/","title":{"rendered":"SEMITEL"},"content":{"rendered":"<p>Nome del cliente: SEMITEL<br \/>\nFormato del prodotto: 25K &amp; 48K<br \/>\nStile: quaderno ad anelli<br \/>\nEffetto del logo: marcatura a caldo<\/p>\n<p>Caratteristiche principali: SEMITEL osa con una scelta di stile unica, adottando una copertina con texture effetto squama di serpente, simile alla pelle di coccodrillo ma con un carattere ancora pi\u00f9 distintivo. Una superficie ricca di personalit\u00e0, resa ancora pi\u00f9 affascinante da una palette cromatica vivace e audace. Il risultato \u00e8 un design che non solo cattura lo sguardo, ma sembra raccontare una storia di coraggio, stile e originalit\u00e0.<\/p>\n<p>&nbsp;<\/p>\n<p>&nbsp;<\/p>\n<p>\ud83d\udcd6 Tutti gli esempi personalizzati: <a href=\"https:\/\/leatai.com\/it\/tag-prodotto\/oem-it\/\" target=\"_blank\" rel=\"noopener\">Quaderno personalizzato \/ Diario commerciale personalizzato<\/a><br \/>\n\ud83d\udcd6 Per i prodotti standard di quaderni \/ diari commerciali personalizzati, fare riferimento a:<br \/>\n<a href=\"https:\/\/leatai.com\/it\/categoria-prodotto\/taccuino-personalizzato\/taccuino-con-copertina-rigida\/\" target=\"_blank\" rel=\"noopener\">Quaderno con copertina rigida \/ Diario commerciale con copertina rigida<\/a><br \/>\n<a href=\"https:\/\/leatai.com\/it\/categoria-prodotto\/taccuino-personalizzato\/taccuino-a-fogli-mobili\/\" target=\"_blank\" rel=\"noopener\">Quaderno ad anelli \/ Diario commerciale ad anelli<\/a><br \/>\n<a href=\"https:\/\/leatai.com\/it\/categoria-prodotto\/taccuino-personalizzato\/taccuino-rimovibile\/\" target=\"_blank\" rel=\"noopener\">Quaderno ad anelli con fogli estraibili \/ Diario commerciale ad anelli con fogli estraibili<\/a><br \/>\n<a href=\"https:\/\/leatai.com\/it\/categoria-prodotto\/taccuino-personalizzato\/taccuino-brossurato\/\" target=\"_blank\" rel=\"noopener\">Quaderno con copertina flessibile \/ Diario commerciale con copertina flessibile<\/a><br \/>\n<a href=\"https:\/\/leatai.com\/it\/categoria-prodotto\/taccuino-personalizzato\/taccuino-a-spirale\/\" target=\"_blank\" rel=\"noopener\">Quaderno a spirale \/ Diario commerciale a spirale<\/a><\/p>\n<p>\ud83d\udcd6 Per la guida completa alle dimensioni, fare riferimento a:<br \/>\n<a href=\"https:\/\/leatai.com\/it\/conoscenza-del-taccuino\/guida-ai-formati-della-carta-comprendere-i-formati-comuni-come-b3-a4-b5-8k-16k-e-altri-ancora-una-tabella-delle-dimensioni-completa-per-un-facile-riferimento\/\" target=\"_blank\" rel=\"noopener\">Guida ai formati di carta: B3, A4, B5, 8K, 16K e altri formati comuni spiegati chiaramente con una tabella di confronto delle dimensioni!<\/a><\/p>\n","protected":false},"excerpt":{"rendered":"<p>Nome del cliente: SEMITEL Formato del prodotto: 25K &amp; 48K Stile: quaderno ad anelli Effetto del logo: marcatura a caldo Caratteristiche principali: SEMITEL osa con una scelta di stile unica, adottando una copertina con texture effetto squama di serpente, simile alla pelle di coccodrillo ma con un carattere ancora pi\u00f9 distintivo. Una superficie ricca di [&hellip;]<\/p>\n","protected":false},"featured_media":191029,"template":"","meta":{"_acf_changed":false},"product_brand":[],"product_cat":[896],"product_tag":[1479],"home_works":[],"class_list":{"0":"post-191028","1":"product","2":"type-product","3":"status-publish","4":"has-post-thumbnail","6":"product_cat-quaderno-a-fogli-mobili-oem","7":"product_tag-oem-it","9":"first","10":"outofstock","11":"sold-individually","12":"shipping-taxable","13":"purchasable","14":"product-type-variable","15":"has-default-attributes"},"acf":[],"yoast_head":"<!-- This site is optimized with the Yoast SEO plugin v27.2 - https:\/\/yoast.com\/product\/yoast-seo-wordpress\/ -->\n<title>SEMITEL - Le audaci squame di serpente raccontano una storia affascinante, tutta da scoprire. - Leatai \u2013 Produttore di taccuini personalizzati<\/title>\n<meta name=\"description\" content=\"Caso di OEM quaderno ad anelli: SEMITEL Stile: quaderno ad anelli Formato: 25K &amp; 48K Caratteristiche principali: SEMITEL si distingue per una scelta estetica audace e non convenzionale, adottando una copertina con una texture a effetto squama di serpente, simile alla pelle di coccodrillo ma con una propria unicit\u00e0 stilistica. La combinazione con colori vivaci e ben definiti conferisce al prodotto un carattere forte e narrativo, come se ogni dettaglio raccontasse una storia affascinante. Un design che riflette personalit\u00e0, originalit\u00e0 e una visione fuori dagli schemi.\" \/>\n<meta name=\"robots\" content=\"index, follow, max-snippet:-1, max-image-preview:large, max-video-preview:-1\" \/>\n<link rel=\"canonical\" href=\"https:\/\/leatai.com\/it\/product\/vari-campioni-oem\/quaderno-a-fogli-mobili-oem\/semitel\/\" \/>\n<meta property=\"og:locale\" content=\"it_IT\" \/>\n<meta property=\"og:type\" content=\"article\" \/>\n<meta property=\"og:title\" content=\"SEMITEL - Le audaci squame di serpente raccontano una storia affascinante, tutta da scoprire. - Leatai \u2013 Produttore di taccuini personalizzati\" \/>\n<meta property=\"og:description\" content=\"Caso di OEM quaderno ad anelli: SEMITEL Stile: quaderno ad anelli Formato: 25K &amp; 48K Caratteristiche principali: SEMITEL si distingue per una scelta estetica audace e non convenzionale, adottando una copertina con una texture a effetto squama di serpente, simile alla pelle di coccodrillo ma con una propria unicit\u00e0 stilistica. La combinazione con colori vivaci e ben definiti conferisce al prodotto un carattere forte e narrativo, come se ogni dettaglio raccontasse una storia affascinante. Un design che riflette personalit\u00e0, originalit\u00e0 e una visione fuori dagli schemi.\" \/>\n<meta property=\"og:url\" content=\"https:\/\/leatai.com\/it\/product\/vari-campioni-oem\/quaderno-a-fogli-mobili-oem\/semitel\/\" \/>\n<meta property=\"og:site_name\" content=\"Leatai \u2013 Produttore di taccuini personalizzati\" \/>\n<meta property=\"article:modified_time\" content=\"2025-04-28T05:37:24+00:00\" \/>\n<meta property=\"og:image\" content=\"https:\/\/leatai.com\/wp-content\/uploads\/P1360853.jpg\" \/>\n\t<meta property=\"og:image:width\" content=\"1000\" \/>\n\t<meta property=\"og:image:height\" content=\"750\" \/>\n\t<meta property=\"og:image:type\" content=\"image\/jpeg\" \/>\n<meta name=\"twitter:card\" content=\"summary_large_image\" \/>\n<meta name=\"twitter:label1\" content=\"Tempo di lettura stimato\" \/>\n\t<meta name=\"twitter:data1\" content=\"2 minuti\" \/>\n<script type=\"application\/ld+json\" class=\"yoast-schema-graph\">{\"@context\":\"https:\/\/schema.org\",\"@graph\":[{\"@type\":\"WebPage\",\"@id\":\"https:\/\/leatai.com\/it\/product\/vari-campioni-oem\/quaderno-a-fogli-mobili-oem\/semitel\/\",\"url\":\"https:\/\/leatai.com\/it\/product\/vari-campioni-oem\/quaderno-a-fogli-mobili-oem\/semitel\/\",\"name\":\"SEMITEL - Le audaci squame di serpente raccontano una storia affascinante, tutta da scoprire. - Leatai \u2013 Produttore di taccuini personalizzati\",\"isPartOf\":{\"@id\":\"https:\/\/leatai.com\/it\/#website\"},\"primaryImageOfPage\":{\"@id\":\"https:\/\/leatai.com\/it\/product\/vari-campioni-oem\/quaderno-a-fogli-mobili-oem\/semitel\/#primaryimage\"},\"image\":{\"@id\":\"https:\/\/leatai.com\/it\/product\/vari-campioni-oem\/quaderno-a-fogli-mobili-oem\/semitel\/#primaryimage\"},\"thumbnailUrl\":\"https:\/\/leatai.com\/wp-content\/uploads\/P1360853.jpg\",\"datePublished\":\"2021-08-17T13:10:24+00:00\",\"dateModified\":\"2025-04-28T05:37:24+00:00\",\"description\":\"Caso di OEM quaderno ad anelli: SEMITEL Stile: quaderno ad anelli Formato: 25K & 48K Caratteristiche principali: SEMITEL si distingue per una scelta estetica audace e non convenzionale, adottando una copertina con una texture a effetto squama di serpente, simile alla pelle di coccodrillo ma con una propria unicit\u00e0 stilistica. La combinazione con colori vivaci e ben definiti conferisce al prodotto un carattere forte e narrativo, come se ogni dettaglio raccontasse una storia affascinante. Un design che riflette personalit\u00e0, originalit\u00e0 e una visione fuori dagli schemi.\",\"breadcrumb\":{\"@id\":\"https:\/\/leatai.com\/it\/product\/vari-campioni-oem\/quaderno-a-fogli-mobili-oem\/semitel\/#breadcrumb\"},\"inLanguage\":\"it-IT\",\"potentialAction\":[{\"@type\":\"ReadAction\",\"target\":[\"https:\/\/leatai.com\/it\/product\/vari-campioni-oem\/quaderno-a-fogli-mobili-oem\/semitel\/\"]}]},{\"@type\":\"ImageObject\",\"inLanguage\":\"it-IT\",\"@id\":\"https:\/\/leatai.com\/it\/product\/vari-campioni-oem\/quaderno-a-fogli-mobili-oem\/semitel\/#primaryimage\",\"url\":\"https:\/\/leatai.com\/wp-content\/uploads\/P1360853.jpg\",\"contentUrl\":\"https:\/\/leatai.com\/wp-content\/uploads\/P1360853.jpg\",\"width\":1000,\"height\":750,\"caption\":\"Quaderno ad anelli\"},{\"@type\":\"BreadcrumbList\",\"@id\":\"https:\/\/leatai.com\/it\/product\/vari-campioni-oem\/quaderno-a-fogli-mobili-oem\/semitel\/#breadcrumb\",\"itemListElement\":[{\"@type\":\"ListItem\",\"position\":1,\"name\":\"Home\",\"item\":\"https:\/\/leatai.com\/it\/\"},{\"@type\":\"ListItem\",\"position\":2,\"name\":\"Presentazione dei prodotti\",\"item\":\"https:\/\/leatai.com\/products\/\"},{\"@type\":\"ListItem\",\"position\":3,\"name\":\"Vari Campioni OEM\",\"item\":\"https:\/\/leatai.com\/it\/categoria-prodotto\/vari-campioni-oem\/\"},{\"@type\":\"ListItem\",\"position\":4,\"name\":\"Quaderno a Fogli Mobili OEM\",\"item\":\"https:\/\/leatai.com\/it\/categoria-prodotto\/vari-campioni-oem\/quaderno-a-fogli-mobili-oem\/\"},{\"@type\":\"ListItem\",\"position\":5,\"name\":\"SEMITEL\"}]},{\"@type\":\"WebSite\",\"@id\":\"https:\/\/leatai.com\/it\/#website\",\"url\":\"https:\/\/leatai.com\/it\/\",\"name\":\"Leatai \u2013 Produttore di taccuini personalizzati\",\"description\":\"Leatai fornisce taccuini e planner personalizzati per brand e distributori a livello globale.\",\"publisher\":{\"@id\":\"https:\/\/leatai.com\/it\/#organization\"},\"potentialAction\":[{\"@type\":\"SearchAction\",\"target\":{\"@type\":\"EntryPoint\",\"urlTemplate\":\"https:\/\/leatai.com\/it\/?s={search_term_string}\"},\"query-input\":{\"@type\":\"PropertyValueSpecification\",\"valueRequired\":true,\"valueName\":\"search_term_string\"}}],\"inLanguage\":\"it-IT\"},{\"@type\":\"Organization\",\"@id\":\"https:\/\/leatai.com\/it\/#organization\",\"name\":\"Leatai Diary, customized journal and business organizer\",\"url\":\"https:\/\/leatai.com\/it\/\",\"logo\":{\"@type\":\"ImageObject\",\"inLanguage\":\"it-IT\",\"@id\":\"https:\/\/leatai.com\/it\/#\/schema\/logo\/image\/\",\"url\":\"https:\/\/leatai.com\/wp-content\/uploads\/logo-blue.png\",\"contentUrl\":\"https:\/\/leatai.com\/wp-content\/uploads\/logo-blue.png\",\"width\":230,\"height\":60,\"caption\":\"Leatai Diary, customized journal and business organizer\"},\"image\":{\"@id\":\"https:\/\/leatai.com\/it\/#\/schema\/logo\/image\/\"},\"telephone\":\"+886-2-8227-8800\",\"legalName\":\"Leatai Stationary Co., Ltd.\",\"description\":\"A leading notebook factory in Taiwan offering bespoke branding, high-quality binding, and premium paper selections for corporate gifts and stationery wholesale.\",\"address\":{\"@type\":\"PostalAddress\",\"streetAddress\":\"11F., No. 168, Jiankang Rd.\",\"addressLocality\":\"Zhonghe Dist.\",\"addressRegion\":\"New Taipei City\",\"postalCode\":\"235\",\"addressCountry\":\"TW\"},\"contactPoint\":{\"@type\":\"ContactPoint\",\"telephone\":\"+886-2-8227-8800\",\"contactType\":\"sales\",\"areaServed\":\"Worldwide\",\"availableLanguage\":[\"zh-TW\",\"en\"]}}]}<\/script>\n<!-- \/ Yoast SEO plugin. -->","yoast_head_json":{"title":"SEMITEL - Le audaci squame di serpente raccontano una storia affascinante, tutta da scoprire. - Leatai \u2013 Produttore di taccuini personalizzati","description":"Caso di OEM quaderno ad anelli: SEMITEL Stile: quaderno ad anelli Formato: 25K & 48K Caratteristiche principali: SEMITEL si distingue per una scelta estetica audace e non convenzionale, adottando una copertina con una texture a effetto squama di serpente, simile alla pelle di coccodrillo ma con una propria unicit\u00e0 stilistica. La combinazione con colori vivaci e ben definiti conferisce al prodotto un carattere forte e narrativo, come se ogni dettaglio raccontasse una storia affascinante. Un design che riflette personalit\u00e0, originalit\u00e0 e una visione fuori dagli schemi.","robots":{"index":"index","follow":"follow","max-snippet":"max-snippet:-1","max-image-preview":"max-image-preview:large","max-video-preview":"max-video-preview:-1"},"canonical":"https:\/\/leatai.com\/it\/product\/vari-campioni-oem\/quaderno-a-fogli-mobili-oem\/semitel\/","og_locale":"it_IT","og_type":"article","og_title":"SEMITEL - Le audaci squame di serpente raccontano una storia affascinante, tutta da scoprire. - Leatai \u2013 Produttore di taccuini personalizzati","og_description":"Caso di OEM quaderno ad anelli: SEMITEL Stile: quaderno ad anelli Formato: 25K & 48K Caratteristiche principali: SEMITEL si distingue per una scelta estetica audace e non convenzionale, adottando una copertina con una texture a effetto squama di serpente, simile alla pelle di coccodrillo ma con una propria unicit\u00e0 stilistica. La combinazione con colori vivaci e ben definiti conferisce al prodotto un carattere forte e narrativo, come se ogni dettaglio raccontasse una storia affascinante. Un design che riflette personalit\u00e0, originalit\u00e0 e una visione fuori dagli schemi.","og_url":"https:\/\/leatai.com\/it\/product\/vari-campioni-oem\/quaderno-a-fogli-mobili-oem\/semitel\/","og_site_name":"Leatai \u2013 Produttore di taccuini personalizzati","article_modified_time":"2025-04-28T05:37:24+00:00","og_image":[{"width":1000,"height":750,"url":"https:\/\/leatai.com\/wp-content\/uploads\/P1360853.jpg","type":"image\/jpeg"}],"twitter_card":"summary_large_image","twitter_misc":{"Tempo di lettura stimato":"2 minuti"},"schema":{"@context":"https:\/\/schema.org","@graph":[{"@type":"WebPage","@id":"https:\/\/leatai.com\/it\/product\/vari-campioni-oem\/quaderno-a-fogli-mobili-oem\/semitel\/","url":"https:\/\/leatai.com\/it\/product\/vari-campioni-oem\/quaderno-a-fogli-mobili-oem\/semitel\/","name":"SEMITEL - Le audaci squame di serpente raccontano una storia affascinante, tutta da scoprire. - Leatai \u2013 Produttore di taccuini personalizzati","isPartOf":{"@id":"https:\/\/leatai.com\/it\/#website"},"primaryImageOfPage":{"@id":"https:\/\/leatai.com\/it\/product\/vari-campioni-oem\/quaderno-a-fogli-mobili-oem\/semitel\/#primaryimage"},"image":{"@id":"https:\/\/leatai.com\/it\/product\/vari-campioni-oem\/quaderno-a-fogli-mobili-oem\/semitel\/#primaryimage"},"thumbnailUrl":"https:\/\/leatai.com\/wp-content\/uploads\/P1360853.jpg","datePublished":"2021-08-17T13:10:24+00:00","dateModified":"2025-04-28T05:37:24+00:00","description":"Caso di OEM quaderno ad anelli: SEMITEL Stile: quaderno ad anelli Formato: 25K & 48K Caratteristiche principali: SEMITEL si distingue per una scelta estetica audace e non convenzionale, adottando una copertina con una texture a effetto squama di serpente, simile alla pelle di coccodrillo ma con una propria unicit\u00e0 stilistica. La combinazione con colori vivaci e ben definiti conferisce al prodotto un carattere forte e narrativo, come se ogni dettaglio raccontasse una storia affascinante. Un design che riflette personalit\u00e0, originalit\u00e0 e una visione fuori dagli schemi.","breadcrumb":{"@id":"https:\/\/leatai.com\/it\/product\/vari-campioni-oem\/quaderno-a-fogli-mobili-oem\/semitel\/#breadcrumb"},"inLanguage":"it-IT","potentialAction":[{"@type":"ReadAction","target":["https:\/\/leatai.com\/it\/product\/vari-campioni-oem\/quaderno-a-fogli-mobili-oem\/semitel\/"]}]},{"@type":"ImageObject","inLanguage":"it-IT","@id":"https:\/\/leatai.com\/it\/product\/vari-campioni-oem\/quaderno-a-fogli-mobili-oem\/semitel\/#primaryimage","url":"https:\/\/leatai.com\/wp-content\/uploads\/P1360853.jpg","contentUrl":"https:\/\/leatai.com\/wp-content\/uploads\/P1360853.jpg","width":1000,"height":750,"caption":"Quaderno ad anelli"},{"@type":"BreadcrumbList","@id":"https:\/\/leatai.com\/it\/product\/vari-campioni-oem\/quaderno-a-fogli-mobili-oem\/semitel\/#breadcrumb","itemListElement":[{"@type":"ListItem","position":1,"name":"Home","item":"https:\/\/leatai.com\/it\/"},{"@type":"ListItem","position":2,"name":"Presentazione dei prodotti","item":"https:\/\/leatai.com\/products\/"},{"@type":"ListItem","position":3,"name":"Vari Campioni OEM","item":"https:\/\/leatai.com\/it\/categoria-prodotto\/vari-campioni-oem\/"},{"@type":"ListItem","position":4,"name":"Quaderno a Fogli Mobili OEM","item":"https:\/\/leatai.com\/it\/categoria-prodotto\/vari-campioni-oem\/quaderno-a-fogli-mobili-oem\/"},{"@type":"ListItem","position":5,"name":"SEMITEL"}]},{"@type":"WebSite","@id":"https:\/\/leatai.com\/it\/#website","url":"https:\/\/leatai.com\/it\/","name":"Leatai \u2013 Produttore di taccuini personalizzati","description":"Leatai fornisce taccuini e planner personalizzati per brand e distributori a livello globale.","publisher":{"@id":"https:\/\/leatai.com\/it\/#organization"},"potentialAction":[{"@type":"SearchAction","target":{"@type":"EntryPoint","urlTemplate":"https:\/\/leatai.com\/it\/?s={search_term_string}"},"query-input":{"@type":"PropertyValueSpecification","valueRequired":true,"valueName":"search_term_string"}}],"inLanguage":"it-IT"},{"@type":"Organization","@id":"https:\/\/leatai.com\/it\/#organization","name":"Leatai Diary, customized journal and business organizer","url":"https:\/\/leatai.com\/it\/","logo":{"@type":"ImageObject","inLanguage":"it-IT","@id":"https:\/\/leatai.com\/it\/#\/schema\/logo\/image\/","url":"https:\/\/leatai.com\/wp-content\/uploads\/logo-blue.png","contentUrl":"https:\/\/leatai.com\/wp-content\/uploads\/logo-blue.png","width":230,"height":60,"caption":"Leatai Diary, customized journal and business organizer"},"image":{"@id":"https:\/\/leatai.com\/it\/#\/schema\/logo\/image\/"},"telephone":"+886-2-8227-8800","legalName":"Leatai Stationary Co., Ltd.","description":"A leading notebook factory in Taiwan offering bespoke branding, high-quality binding, and premium paper selections for corporate gifts and stationery wholesale.","address":{"@type":"PostalAddress","streetAddress":"11F., No. 168, Jiankang Rd.","addressLocality":"Zhonghe Dist.","addressRegion":"New Taipei City","postalCode":"235","addressCountry":"TW"},"contactPoint":{"@type":"ContactPoint","telephone":"+886-2-8227-8800","contactType":"sales","areaServed":"Worldwide","availableLanguage":["zh-TW","en"]}}]}},"_links":{"self":[{"href":"https:\/\/leatai.com\/it\/wp-json\/wp\/v2\/product\/191028","targetHints":{"allow":["GET"]}}],"collection":[{"href":"https:\/\/leatai.com\/it\/wp-json\/wp\/v2\/product"}],"about":[{"href":"https:\/\/leatai.com\/it\/wp-json\/wp\/v2\/types\/product"}],"wp:featuredmedia":[{"embeddable":true,"href":"https:\/\/leatai.com\/it\/wp-json\/wp\/v2\/media\/191029"}],"wp:attachment":[{"href":"https:\/\/leatai.com\/it\/wp-json\/wp\/v2\/media?parent=191028"}],"wp:term":[{"taxonomy":"product_brand","embeddable":true,"href":"https:\/\/leatai.com\/it\/wp-json\/wp\/v2\/product_brand?post=191028"},{"taxonomy":"product_cat","embeddable":true,"href":"https:\/\/leatai.com\/it\/wp-json\/wp\/v2\/product_cat?post=191028"},{"taxonomy":"product_tag","embeddable":true,"href":"https:\/\/leatai.com\/it\/wp-json\/wp\/v2\/product_tag?post=191028"},{"taxonomy":"home_works","embeddable":true,"href":"https:\/\/leatai.com\/it\/wp-json\/wp\/v2\/home_works?post=191028"}],"curies":[{"name":"wp","href":"https:\/\/api.w.org\/{rel}","templated":true}]}}