{"id":96654,"date":"2023-05-07T19:06:09","date_gmt":"2023-05-07T11:06:09","guid":{"rendered":"https:\/\/leatai.com\/product\/uncategorized\/taiwans-famous-influencer-hook\/"},"modified":"2026-01-06T17:54:59","modified_gmt":"2026-01-06T09:54:59","slug":"taiwans-famous-influencer-hook","status":"publish","type":"product","link":"https:\/\/leatai.com\/ga\/product\/samplai-oem-eagsula\/feilire-oem\/taiwans-famous-influencer-hook\/","title":{"rendered":"Taiwan\u2019s Famous Influencer Hook"},"content":{"rendered":"<p>Ainm an chliaint\uff1aInfluencer c\u00e1ili\u00fail Taiwan Hook<br \/>\nM\u00e9id an ch\u00e1is\uff1aM\u00e9id saincheaptha<br \/>\nSt\u00edl an ch\u00e1is\uff1aPriont\u00e1il agus t\u00e1irgeadh f\u00e9ilire beaga str\u00f3icthe de l\u00e1imh<br \/>\n\u00c9ifeacht l\u00f3g\u00f3 an ch\u00e1is\uff1aPriont\u00e1il dhaite<br \/>\nPr\u00edomhghn\u00e9ithe\uff1aAn t-influencer c\u00e1ili\u00fail le breis agus milli\u00fan lean\u00fana HOOK, chaith s\u00e9 tr\u00e9imhse fhada ag ullmh\u00fa t\u00e1irgeadh an fh\u00e9ilire str\u00f3icthe de l\u00e1imh. Is t\u00e1irge maoinithe slua \u00e9 a bh\u00ed plean\u00e1ilte go han-ch\u00faramach, a bhain tortha\u00ed den scoth amach ar ard\u00e1n Zeczec nach bhfuil \u00e9asca a sh\u00e1r\u00fa, agus a chr\u00edochnaigh go rath\u00fail agus go foirfe.<\/p>\n<p>\ud83d\udcd6 Gach sampla saincheaptha\uff1a<a href=\"https:\/\/leatai.com\/ga\/product-tag\/oem-ga\/\" target=\"_blank\" rel=\"noopener\">Leabhair n\u00f3ta\u00ed saincheaptha \/ Dialanna gn\u00f3 saincheaptha<\/a><br \/>\n\ud83d\udcd6 Le haghaidh t\u00e1irg\u00ed caighde\u00e1nacha leabhar n\u00f3ta\u00ed \/ dialanna gn\u00f3 saincheaptha, f\u00e9ach ar:<br \/>\n<a href=\"https:\/\/leatai.com\/ga\/product-category\/leabhar-notai-saincheaptha\/leabhar-notai-cludaigh-chrua\/\" target=\"_blank\" rel=\"noopener\">Leabhair n\u00f3ta\u00ed cl\u00fadach crua \/ Dialanna gn\u00f3 cl\u00fadach crua<\/a><br \/>\n<a href=\"https:\/\/leatai.com\/ga\/product-category\/leabhar-notai-saincheaptha\/leabhar-notai-duilleoga-scaoilte\/\" target=\"_blank\" rel=\"noopener\">Leabhair n\u00f3ta\u00ed le leathanaigh inbhainte \/ Dialanna gn\u00f3 le leathanaigh inbhainte<\/a><br \/>\n<a href=\"https:\/\/leatai.com\/ga\/product-category\/leabhar-notai-saincheaptha\/leabhar-notai-inbhainte\/\" target=\"_blank\" rel=\"noopener\">Leabhair leathanaigh inbhainte inscartha \/ Dialanna gn\u00f3 le leathanaigh inbhainte inscartha<\/a><br \/>\n<a href=\"https:\/\/leatai.com\/ga\/product-category\/leabhar-notai-saincheaptha\/leabhar-notai-cludach-bog\/\" target=\"_blank\" rel=\"noopener\">Leabhair n\u00f3ta\u00ed cl\u00fadach bog \/ Dialanna gn\u00f3 cl\u00fadach bog<\/a><br \/>\n<a href=\"https:\/\/leatai.com\/ga\/product-category\/leabhar-notai-saincheaptha\/leabhar-notai-biseach\/\" target=\"_blank\" rel=\"noopener\">Leabhair n\u00f3ta\u00ed b\u00edseach \/ Dialanna gn\u00f3 b\u00edseach<\/a><\/p>\n<p>\ud83d\udcd6 Le haghaidh m\u00edni\u00fa ioml\u00e1n ar mh\u00e9ideanna, f\u00e9ach ar: <a href=\"https:\/\/leatai.com\/ga\/eolas-leabhar-notai\/treoir-ar-mheideanna-paipeir-ag-tuigbheail-na-meideanna-coitianta-cosuil-le-b3-a4-b5-8k-16k-agus-tuilleadh-cairt-meid-chuimsitheach-le-haghaidh-tagartha-easca\/\" target=\"_blank\" rel=\"noopener\">Treoir m\u00e9ideanna p\u00e1ip\u00e9ir\uff1aConas a dh\u00e9antar idirdheal\u00fa idir m\u00e9ideanna coitianta mar B3, A4, B5, 8K, 16K srl? T\u00e1bla compar\u00e1ide m\u00e9ideanna p\u00e1ip\u00e9ir at\u00e1 \u00e9asca le tuiscint!<\/a><\/p>\n","protected":false},"excerpt":{"rendered":"<p>Ainm an chliaint\uff1aInfluencer c\u00e1ili\u00fail Taiwan Hook M\u00e9id an ch\u00e1is\uff1aM\u00e9id saincheaptha St\u00edl an ch\u00e1is\uff1aPriont\u00e1il agus t\u00e1irgeadh f\u00e9ilire beaga str\u00f3icthe de l\u00e1imh \u00c9ifeacht l\u00f3g\u00f3 an ch\u00e1is\uff1aPriont\u00e1il dhaite Pr\u00edomhghn\u00e9ithe\uff1aAn t-influencer c\u00e1ili\u00fail le breis agus milli\u00fan lean\u00fana HOOK, chaith s\u00e9 tr\u00e9imhse fhada ag ullmh\u00fa t\u00e1irgeadh an fh\u00e9ilire str\u00f3icthe de l\u00e1imh. Is t\u00e1irge maoinithe slua \u00e9 a bh\u00ed plean\u00e1ilte go [&hellip;]<\/p>\n","protected":false},"featured_media":96655,"template":"","meta":{"_acf_changed":false},"product_brand":[],"product_cat":[960],"product_tag":[1546],"home_works":[],"class_list":{"0":"post-96654","1":"product","2":"type-product","3":"status-publish","4":"has-post-thumbnail","6":"product_cat-feilire-oem","7":"product_tag-oem-ga","9":"first","10":"instock","11":"sold-individually","12":"shipping-taxable","13":"purchasable","14":"product-type-variable","15":"has-default-attributes"},"acf":[],"yoast_head":"<!-- This site is optimized with the Yoast SEO plugin v27.2 - https:\/\/yoast.com\/product\/yoast-seo-wordpress\/ -->\n<title>F\u00e9ilire str\u00f3icthe de l\u00e1imh\uff5cSmaointe staire gach l\u00e1 - F\u00e9ilire str\u00f3icthe de l\u00e1imh saincheaptha, cl\u00f3 agus t\u00e1irgeadh do mhaoini\u00fa sluaite m\u00f3r\u00e9ilimh - Leatai \u2013 Monar\u00f3ir Leabhair N\u00f3ta\u00ed Saincheaptha<\/title>\n<meta name=\"description\" content=\"Faigh amach seirbh\u00eds\u00ed saincheaptha, priont\u00e1la agus d\u00e9ant\u00fasa\u00edochta f\u00e9ilir\u00ed str\u00f3icthe de l\u00e1imh ar ardchaighde\u00e1n \u00f3 Leatai. T\u00e1 \u00e1r ndeara\u00ed f\u00e9ilire gal\u00e1nta agus \u00e1r n-\u00e1bhair den scoth, oiri\u00fanach do shaincheapadh corpar\u00e1ideach agus d\u2019\u00fas\u00e1id phearsanta araon. Roghnaigh an monar\u00f3ir f\u00e9ilire str\u00f3icthe de l\u00e1imh is oiri\u00fana\u00ed duit chun \u00edomh\u00e1 do bhranda agus do chumas plean\u00e1la laeth\u00fala a fheabhs\u00fa. Tabhair cuairt anois ar shu\u00edomh gr\u00e9as\u00e1in oifigi\u00fail Leatai chun tuilleadh eolais mhionsonraithe a fh\u00e1il faoi fh\u00e9ilir\u00ed str\u00f3icthe de l\u00e1imh, agus bain taitneamh as taith\u00ed \u00e9ifeachtach taifeadta agus plean\u00e1la.\" \/>\n<meta name=\"robots\" content=\"index, follow, max-snippet:-1, max-image-preview:large, max-video-preview:-1\" \/>\n<link rel=\"canonical\" href=\"https:\/\/leatai.com\/ga\/product\/samplai-oem-eagsula\/feilire-oem\/taiwans-famous-influencer-hook\/\" \/>\n<meta property=\"og:locale\" content=\"ga_IE\" \/>\n<meta property=\"og:type\" content=\"article\" \/>\n<meta property=\"og:title\" content=\"F\u00e9ilire str\u00f3icthe de l\u00e1imh\uff5cSmaointe staire gach l\u00e1 - F\u00e9ilire str\u00f3icthe de l\u00e1imh saincheaptha, cl\u00f3 agus t\u00e1irgeadh do mhaoini\u00fa sluaite m\u00f3r\u00e9ilimh - Leatai \u2013 Monar\u00f3ir Leabhair N\u00f3ta\u00ed Saincheaptha\" \/>\n<meta property=\"og:description\" content=\"Faigh amach seirbh\u00eds\u00ed saincheaptha, priont\u00e1la agus d\u00e9ant\u00fasa\u00edochta f\u00e9ilir\u00ed str\u00f3icthe de l\u00e1imh ar ardchaighde\u00e1n \u00f3 Leatai. T\u00e1 \u00e1r ndeara\u00ed f\u00e9ilire gal\u00e1nta agus \u00e1r n-\u00e1bhair den scoth, oiri\u00fanach do shaincheapadh corpar\u00e1ideach agus d\u2019\u00fas\u00e1id phearsanta araon. Roghnaigh an monar\u00f3ir f\u00e9ilire str\u00f3icthe de l\u00e1imh is oiri\u00fana\u00ed duit chun \u00edomh\u00e1 do bhranda agus do chumas plean\u00e1la laeth\u00fala a fheabhs\u00fa. Tabhair cuairt anois ar shu\u00edomh gr\u00e9as\u00e1in oifigi\u00fail Leatai chun tuilleadh eolais mhionsonraithe a fh\u00e1il faoi fh\u00e9ilir\u00ed str\u00f3icthe de l\u00e1imh, agus bain taitneamh as taith\u00ed \u00e9ifeachtach taifeadta agus plean\u00e1la.\" \/>\n<meta property=\"og:url\" content=\"https:\/\/leatai.com\/ga\/product\/samplai-oem-eagsula\/feilire-oem\/taiwans-famous-influencer-hook\/\" \/>\n<meta property=\"og:site_name\" content=\"Leatai \u2013 Monar\u00f3ir Leabhair N\u00f3ta\u00ed Saincheaptha\" \/>\n<meta property=\"article:modified_time\" content=\"2026-01-06T09:54:59+00:00\" \/>\n<meta property=\"og:image\" content=\"https:\/\/leatai.com\/wp-content\/uploads\/DSC_0156.jpg\" \/>\n\t<meta property=\"og:image:width\" content=\"1000\" \/>\n\t<meta property=\"og:image:height\" content=\"750\" \/>\n\t<meta property=\"og:image:type\" content=\"image\/jpeg\" \/>\n<meta name=\"twitter:card\" content=\"summary_large_image\" \/>\n<meta name=\"twitter:label1\" content=\"Est. reading time\" \/>\n\t<meta name=\"twitter:data1\" content=\"2 minutes\" \/>\n<script type=\"application\/ld+json\" class=\"yoast-schema-graph\">{\"@context\":\"https:\/\/schema.org\",\"@graph\":[{\"@type\":\"WebPage\",\"@id\":\"https:\/\/leatai.com\/ga\/product\/samplai-oem-eagsula\/feilire-oem\/taiwans-famous-influencer-hook\/\",\"url\":\"https:\/\/leatai.com\/ga\/product\/samplai-oem-eagsula\/feilire-oem\/taiwans-famous-influencer-hook\/\",\"name\":\"F\u00e9ilire str\u00f3icthe de l\u00e1imh\uff5cSmaointe staire gach l\u00e1 - F\u00e9ilire str\u00f3icthe de l\u00e1imh saincheaptha, cl\u00f3 agus t\u00e1irgeadh do mhaoini\u00fa sluaite m\u00f3r\u00e9ilimh - Leatai \u2013 Monar\u00f3ir Leabhair N\u00f3ta\u00ed Saincheaptha\",\"isPartOf\":{\"@id\":\"https:\/\/leatai.com\/ga\/#website\"},\"primaryImageOfPage\":{\"@id\":\"https:\/\/leatai.com\/ga\/product\/samplai-oem-eagsula\/feilire-oem\/taiwans-famous-influencer-hook\/#primaryimage\"},\"image\":{\"@id\":\"https:\/\/leatai.com\/ga\/product\/samplai-oem-eagsula\/feilire-oem\/taiwans-famous-influencer-hook\/#primaryimage\"},\"thumbnailUrl\":\"https:\/\/leatai.com\/wp-content\/uploads\/DSC_0156.jpg\",\"datePublished\":\"2023-05-07T11:06:09+00:00\",\"dateModified\":\"2026-01-06T09:54:59+00:00\",\"description\":\"Faigh amach seirbh\u00eds\u00ed saincheaptha, priont\u00e1la agus d\u00e9ant\u00fasa\u00edochta f\u00e9ilir\u00ed str\u00f3icthe de l\u00e1imh ar ardchaighde\u00e1n \u00f3 Leatai. T\u00e1 \u00e1r ndeara\u00ed f\u00e9ilire gal\u00e1nta agus \u00e1r n-\u00e1bhair den scoth, oiri\u00fanach do shaincheapadh corpar\u00e1ideach agus d\u2019\u00fas\u00e1id phearsanta araon. Roghnaigh an monar\u00f3ir f\u00e9ilire str\u00f3icthe de l\u00e1imh is oiri\u00fana\u00ed duit chun \u00edomh\u00e1 do bhranda agus do chumas plean\u00e1la laeth\u00fala a fheabhs\u00fa. Tabhair cuairt anois ar shu\u00edomh gr\u00e9as\u00e1in oifigi\u00fail Leatai chun tuilleadh eolais mhionsonraithe a fh\u00e1il faoi fh\u00e9ilir\u00ed str\u00f3icthe de l\u00e1imh, agus bain taitneamh as taith\u00ed \u00e9ifeachtach taifeadta agus plean\u00e1la.\",\"breadcrumb\":{\"@id\":\"https:\/\/leatai.com\/ga\/product\/samplai-oem-eagsula\/feilire-oem\/taiwans-famous-influencer-hook\/#breadcrumb\"},\"inLanguage\":\"ga-IE\",\"potentialAction\":[{\"@type\":\"ReadAction\",\"target\":[\"https:\/\/leatai.com\/ga\/product\/samplai-oem-eagsula\/feilire-oem\/taiwans-famous-influencer-hook\/\"]}]},{\"@type\":\"ImageObject\",\"inLanguage\":\"ga-IE\",\"@id\":\"https:\/\/leatai.com\/ga\/product\/samplai-oem-eagsula\/feilire-oem\/taiwans-famous-influencer-hook\/#primaryimage\",\"url\":\"https:\/\/leatai.com\/wp-content\/uploads\/DSC_0156.jpg\",\"contentUrl\":\"https:\/\/leatai.com\/wp-content\/uploads\/DSC_0156.jpg\",\"width\":1000,\"height\":750,\"caption\":\"F\u00e9ilire beag str\u00f3icthe de l\u00e1imh\"},{\"@type\":\"BreadcrumbList\",\"@id\":\"https:\/\/leatai.com\/ga\/product\/samplai-oem-eagsula\/feilire-oem\/taiwans-famous-influencer-hook\/#breadcrumb\",\"itemListElement\":[{\"@type\":\"ListItem\",\"position\":1,\"name\":\"Home\",\"item\":\"https:\/\/leatai.com\/ga\/\"},{\"@type\":\"ListItem\",\"position\":2,\"name\":\"Cur i l\u00e1thair T\u00e1irg\u00ed\",\"item\":\"https:\/\/leatai.com\/products\/\"},{\"@type\":\"ListItem\",\"position\":3,\"name\":\"Sampla\u00ed OEM \u00c9ags\u00fala\",\"item\":\"https:\/\/leatai.com\/ga\/product-category\/samplai-oem-eagsula\/\"},{\"@type\":\"ListItem\",\"position\":4,\"name\":\"F\u00e9ilire-OEM\",\"item\":\"https:\/\/leatai.com\/ga\/product-category\/samplai-oem-eagsula\/feilire-oem\/\"},{\"@type\":\"ListItem\",\"position\":5,\"name\":\"Taiwan\u2019s Famous Influencer Hook\"}]},{\"@type\":\"WebSite\",\"@id\":\"https:\/\/leatai.com\/ga\/#website\",\"url\":\"https:\/\/leatai.com\/ga\/\",\"name\":\"Leatai \u2013 Monar\u00f3ir Leabhair N\u00f3ta\u00ed Saincheaptha\",\"description\":\"Sol\u00e1thra\u00edonn Leatai leabhair n\u00f3ta\u00ed agus plean\u00e1laithe saincheaptha do bhranda\u00ed agus d\u00e1ileoir\u00ed ar fud an domhain.\",\"publisher\":{\"@id\":\"https:\/\/leatai.com\/ga\/#organization\"},\"potentialAction\":[{\"@type\":\"SearchAction\",\"target\":{\"@type\":\"EntryPoint\",\"urlTemplate\":\"https:\/\/leatai.com\/ga\/?s={search_term_string}\"},\"query-input\":{\"@type\":\"PropertyValueSpecification\",\"valueRequired\":true,\"valueName\":\"search_term_string\"}}],\"inLanguage\":\"ga-IE\"},{\"@type\":\"Organization\",\"@id\":\"https:\/\/leatai.com\/ga\/#organization\",\"name\":\"Leatai Diary, customized journal and business organizer\",\"url\":\"https:\/\/leatai.com\/ga\/\",\"logo\":{\"@type\":\"ImageObject\",\"inLanguage\":\"ga-IE\",\"@id\":\"https:\/\/leatai.com\/ga\/#\/schema\/logo\/image\/\",\"url\":\"https:\/\/leatai.com\/wp-content\/uploads\/logo-blue.png\",\"contentUrl\":\"https:\/\/leatai.com\/wp-content\/uploads\/logo-blue.png\",\"width\":230,\"height\":60,\"caption\":\"Leatai Diary, customized journal and business organizer\"},\"image\":{\"@id\":\"https:\/\/leatai.com\/ga\/#\/schema\/logo\/image\/\"},\"telephone\":\"+886-2-8227-8800\",\"legalName\":\"Leatai Stationary Co., Ltd.\",\"description\":\"A leading notebook factory in Taiwan offering bespoke branding, high-quality binding, and premium paper selections for corporate gifts and stationery wholesale.\",\"address\":{\"@type\":\"PostalAddress\",\"streetAddress\":\"11F., No. 168, Jiankang Rd.\",\"addressLocality\":\"Zhonghe Dist.\",\"addressRegion\":\"New Taipei City\",\"postalCode\":\"235\",\"addressCountry\":\"TW\"},\"contactPoint\":{\"@type\":\"ContactPoint\",\"telephone\":\"+886-2-8227-8800\",\"contactType\":\"sales\",\"areaServed\":\"Worldwide\",\"availableLanguage\":[\"zh-TW\",\"en\"]}}]}<\/script>\n<!-- \/ Yoast SEO plugin. -->","yoast_head_json":{"title":"F\u00e9ilire str\u00f3icthe de l\u00e1imh\uff5cSmaointe staire gach l\u00e1 - F\u00e9ilire str\u00f3icthe de l\u00e1imh saincheaptha, cl\u00f3 agus t\u00e1irgeadh do mhaoini\u00fa sluaite m\u00f3r\u00e9ilimh - Leatai \u2013 Monar\u00f3ir Leabhair N\u00f3ta\u00ed Saincheaptha","description":"Faigh amach seirbh\u00eds\u00ed saincheaptha, priont\u00e1la agus d\u00e9ant\u00fasa\u00edochta f\u00e9ilir\u00ed str\u00f3icthe de l\u00e1imh ar ardchaighde\u00e1n \u00f3 Leatai. T\u00e1 \u00e1r ndeara\u00ed f\u00e9ilire gal\u00e1nta agus \u00e1r n-\u00e1bhair den scoth, oiri\u00fanach do shaincheapadh corpar\u00e1ideach agus d\u2019\u00fas\u00e1id phearsanta araon. Roghnaigh an monar\u00f3ir f\u00e9ilire str\u00f3icthe de l\u00e1imh is oiri\u00fana\u00ed duit chun \u00edomh\u00e1 do bhranda agus do chumas plean\u00e1la laeth\u00fala a fheabhs\u00fa. Tabhair cuairt anois ar shu\u00edomh gr\u00e9as\u00e1in oifigi\u00fail Leatai chun tuilleadh eolais mhionsonraithe a fh\u00e1il faoi fh\u00e9ilir\u00ed str\u00f3icthe de l\u00e1imh, agus bain taitneamh as taith\u00ed \u00e9ifeachtach taifeadta agus plean\u00e1la.","robots":{"index":"index","follow":"follow","max-snippet":"max-snippet:-1","max-image-preview":"max-image-preview:large","max-video-preview":"max-video-preview:-1"},"canonical":"https:\/\/leatai.com\/ga\/product\/samplai-oem-eagsula\/feilire-oem\/taiwans-famous-influencer-hook\/","og_locale":"ga_IE","og_type":"article","og_title":"F\u00e9ilire str\u00f3icthe de l\u00e1imh\uff5cSmaointe staire gach l\u00e1 - F\u00e9ilire str\u00f3icthe de l\u00e1imh saincheaptha, cl\u00f3 agus t\u00e1irgeadh do mhaoini\u00fa sluaite m\u00f3r\u00e9ilimh - Leatai \u2013 Monar\u00f3ir Leabhair N\u00f3ta\u00ed Saincheaptha","og_description":"Faigh amach seirbh\u00eds\u00ed saincheaptha, priont\u00e1la agus d\u00e9ant\u00fasa\u00edochta f\u00e9ilir\u00ed str\u00f3icthe de l\u00e1imh ar ardchaighde\u00e1n \u00f3 Leatai. T\u00e1 \u00e1r ndeara\u00ed f\u00e9ilire gal\u00e1nta agus \u00e1r n-\u00e1bhair den scoth, oiri\u00fanach do shaincheapadh corpar\u00e1ideach agus d\u2019\u00fas\u00e1id phearsanta araon. Roghnaigh an monar\u00f3ir f\u00e9ilire str\u00f3icthe de l\u00e1imh is oiri\u00fana\u00ed duit chun \u00edomh\u00e1 do bhranda agus do chumas plean\u00e1la laeth\u00fala a fheabhs\u00fa. Tabhair cuairt anois ar shu\u00edomh gr\u00e9as\u00e1in oifigi\u00fail Leatai chun tuilleadh eolais mhionsonraithe a fh\u00e1il faoi fh\u00e9ilir\u00ed str\u00f3icthe de l\u00e1imh, agus bain taitneamh as taith\u00ed \u00e9ifeachtach taifeadta agus plean\u00e1la.","og_url":"https:\/\/leatai.com\/ga\/product\/samplai-oem-eagsula\/feilire-oem\/taiwans-famous-influencer-hook\/","og_site_name":"Leatai \u2013 Monar\u00f3ir Leabhair N\u00f3ta\u00ed Saincheaptha","article_modified_time":"2026-01-06T09:54:59+00:00","og_image":[{"width":1000,"height":750,"url":"https:\/\/leatai.com\/wp-content\/uploads\/DSC_0156.jpg","type":"image\/jpeg"}],"twitter_card":"summary_large_image","twitter_misc":{"Est. reading time":"2 minutes"},"schema":{"@context":"https:\/\/schema.org","@graph":[{"@type":"WebPage","@id":"https:\/\/leatai.com\/ga\/product\/samplai-oem-eagsula\/feilire-oem\/taiwans-famous-influencer-hook\/","url":"https:\/\/leatai.com\/ga\/product\/samplai-oem-eagsula\/feilire-oem\/taiwans-famous-influencer-hook\/","name":"F\u00e9ilire str\u00f3icthe de l\u00e1imh\uff5cSmaointe staire gach l\u00e1 - F\u00e9ilire str\u00f3icthe de l\u00e1imh saincheaptha, cl\u00f3 agus t\u00e1irgeadh do mhaoini\u00fa sluaite m\u00f3r\u00e9ilimh - Leatai \u2013 Monar\u00f3ir Leabhair N\u00f3ta\u00ed Saincheaptha","isPartOf":{"@id":"https:\/\/leatai.com\/ga\/#website"},"primaryImageOfPage":{"@id":"https:\/\/leatai.com\/ga\/product\/samplai-oem-eagsula\/feilire-oem\/taiwans-famous-influencer-hook\/#primaryimage"},"image":{"@id":"https:\/\/leatai.com\/ga\/product\/samplai-oem-eagsula\/feilire-oem\/taiwans-famous-influencer-hook\/#primaryimage"},"thumbnailUrl":"https:\/\/leatai.com\/wp-content\/uploads\/DSC_0156.jpg","datePublished":"2023-05-07T11:06:09+00:00","dateModified":"2026-01-06T09:54:59+00:00","description":"Faigh amach seirbh\u00eds\u00ed saincheaptha, priont\u00e1la agus d\u00e9ant\u00fasa\u00edochta f\u00e9ilir\u00ed str\u00f3icthe de l\u00e1imh ar ardchaighde\u00e1n \u00f3 Leatai. T\u00e1 \u00e1r ndeara\u00ed f\u00e9ilire gal\u00e1nta agus \u00e1r n-\u00e1bhair den scoth, oiri\u00fanach do shaincheapadh corpar\u00e1ideach agus d\u2019\u00fas\u00e1id phearsanta araon. Roghnaigh an monar\u00f3ir f\u00e9ilire str\u00f3icthe de l\u00e1imh is oiri\u00fana\u00ed duit chun \u00edomh\u00e1 do bhranda agus do chumas plean\u00e1la laeth\u00fala a fheabhs\u00fa. Tabhair cuairt anois ar shu\u00edomh gr\u00e9as\u00e1in oifigi\u00fail Leatai chun tuilleadh eolais mhionsonraithe a fh\u00e1il faoi fh\u00e9ilir\u00ed str\u00f3icthe de l\u00e1imh, agus bain taitneamh as taith\u00ed \u00e9ifeachtach taifeadta agus plean\u00e1la.","breadcrumb":{"@id":"https:\/\/leatai.com\/ga\/product\/samplai-oem-eagsula\/feilire-oem\/taiwans-famous-influencer-hook\/#breadcrumb"},"inLanguage":"ga-IE","potentialAction":[{"@type":"ReadAction","target":["https:\/\/leatai.com\/ga\/product\/samplai-oem-eagsula\/feilire-oem\/taiwans-famous-influencer-hook\/"]}]},{"@type":"ImageObject","inLanguage":"ga-IE","@id":"https:\/\/leatai.com\/ga\/product\/samplai-oem-eagsula\/feilire-oem\/taiwans-famous-influencer-hook\/#primaryimage","url":"https:\/\/leatai.com\/wp-content\/uploads\/DSC_0156.jpg","contentUrl":"https:\/\/leatai.com\/wp-content\/uploads\/DSC_0156.jpg","width":1000,"height":750,"caption":"F\u00e9ilire beag str\u00f3icthe de l\u00e1imh"},{"@type":"BreadcrumbList","@id":"https:\/\/leatai.com\/ga\/product\/samplai-oem-eagsula\/feilire-oem\/taiwans-famous-influencer-hook\/#breadcrumb","itemListElement":[{"@type":"ListItem","position":1,"name":"Home","item":"https:\/\/leatai.com\/ga\/"},{"@type":"ListItem","position":2,"name":"Cur i l\u00e1thair T\u00e1irg\u00ed","item":"https:\/\/leatai.com\/products\/"},{"@type":"ListItem","position":3,"name":"Sampla\u00ed OEM \u00c9ags\u00fala","item":"https:\/\/leatai.com\/ga\/product-category\/samplai-oem-eagsula\/"},{"@type":"ListItem","position":4,"name":"F\u00e9ilire-OEM","item":"https:\/\/leatai.com\/ga\/product-category\/samplai-oem-eagsula\/feilire-oem\/"},{"@type":"ListItem","position":5,"name":"Taiwan\u2019s Famous Influencer Hook"}]},{"@type":"WebSite","@id":"https:\/\/leatai.com\/ga\/#website","url":"https:\/\/leatai.com\/ga\/","name":"Leatai \u2013 Monar\u00f3ir Leabhair N\u00f3ta\u00ed Saincheaptha","description":"Sol\u00e1thra\u00edonn Leatai leabhair n\u00f3ta\u00ed agus plean\u00e1laithe saincheaptha do bhranda\u00ed agus d\u00e1ileoir\u00ed ar fud an domhain.","publisher":{"@id":"https:\/\/leatai.com\/ga\/#organization"},"potentialAction":[{"@type":"SearchAction","target":{"@type":"EntryPoint","urlTemplate":"https:\/\/leatai.com\/ga\/?s={search_term_string}"},"query-input":{"@type":"PropertyValueSpecification","valueRequired":true,"valueName":"search_term_string"}}],"inLanguage":"ga-IE"},{"@type":"Organization","@id":"https:\/\/leatai.com\/ga\/#organization","name":"Leatai Diary, customized journal and business organizer","url":"https:\/\/leatai.com\/ga\/","logo":{"@type":"ImageObject","inLanguage":"ga-IE","@id":"https:\/\/leatai.com\/ga\/#\/schema\/logo\/image\/","url":"https:\/\/leatai.com\/wp-content\/uploads\/logo-blue.png","contentUrl":"https:\/\/leatai.com\/wp-content\/uploads\/logo-blue.png","width":230,"height":60,"caption":"Leatai Diary, customized journal and business organizer"},"image":{"@id":"https:\/\/leatai.com\/ga\/#\/schema\/logo\/image\/"},"telephone":"+886-2-8227-8800","legalName":"Leatai Stationary Co., Ltd.","description":"A leading notebook factory in Taiwan offering bespoke branding, high-quality binding, and premium paper selections for corporate gifts and stationery wholesale.","address":{"@type":"PostalAddress","streetAddress":"11F., No. 168, Jiankang Rd.","addressLocality":"Zhonghe Dist.","addressRegion":"New Taipei City","postalCode":"235","addressCountry":"TW"},"contactPoint":{"@type":"ContactPoint","telephone":"+886-2-8227-8800","contactType":"sales","areaServed":"Worldwide","availableLanguage":["zh-TW","en"]}}]}},"_links":{"self":[{"href":"https:\/\/leatai.com\/ga\/wp-json\/wp\/v2\/product\/96654","targetHints":{"allow":["GET"]}}],"collection":[{"href":"https:\/\/leatai.com\/ga\/wp-json\/wp\/v2\/product"}],"about":[{"href":"https:\/\/leatai.com\/ga\/wp-json\/wp\/v2\/types\/product"}],"wp:featuredmedia":[{"embeddable":true,"href":"https:\/\/leatai.com\/ga\/wp-json\/wp\/v2\/media\/96655"}],"wp:attachment":[{"href":"https:\/\/leatai.com\/ga\/wp-json\/wp\/v2\/media?parent=96654"}],"wp:term":[{"taxonomy":"product_brand","embeddable":true,"href":"https:\/\/leatai.com\/ga\/wp-json\/wp\/v2\/product_brand?post=96654"},{"taxonomy":"product_cat","embeddable":true,"href":"https:\/\/leatai.com\/ga\/wp-json\/wp\/v2\/product_cat?post=96654"},{"taxonomy":"product_tag","embeddable":true,"href":"https:\/\/leatai.com\/ga\/wp-json\/wp\/v2\/product_tag?post=96654"},{"taxonomy":"home_works","embeddable":true,"href":"https:\/\/leatai.com\/ga\/wp-json\/wp\/v2\/home_works?post=96654"}],"curies":[{"name":"wp","href":"https:\/\/api.w.org\/{rel}","templated":true}]}}