{"id":276820,"date":"2023-05-22T15:38:22","date_gmt":"2023-05-22T07:38:22","guid":{"rendered":"https:\/\/leatai.com\/product\/uncategorized\/bosca-bronntanais-leabhar-notai-01\/"},"modified":"2026-02-24T15:42:06","modified_gmt":"2026-02-24T07:42:06","slug":"bosca-bronntanais-leabhar-notai-01","status":"publish","type":"product","link":"https:\/\/leatai.com\/ga\/product\/leabhar-notai-saincheaptha\/tacar-bronntanais\/bosca-bronntanais-leabhar-notai-01\/","title":{"rendered":"Bosca bronntanais leabhar n\u00f3ta\u00ed &#8211; 01"},"content":{"rendered":"<p>Samhail t\u00e1irge: Bosca bronntanais leabhar n\u00f3ta\u00ed &#8211; 01<br \/>\n\u00c1bhar an bhosca: P\u00e1ip\u00e9ar fuinni\u00fail Seap\u00e1nach<br \/>\nDath an bhosca: Glas<br \/>\nTois\u00ed an bhosca: Fad 23.3 cm x Leithead 25.2 cm x Airde 2.7 cm (nuair nach bhfuil s\u00e9 oscailte)<br \/>\n\u00c1bhar: Leabhar crua saincheaptha 25K \/ Leabhar n\u00f3ta\u00ed f\u00e1inne inbhainte saincheaptha (roghnaigh ceann amh\u00e1in) + Peann liathr\u00f3ide ardchaighde\u00e1in (roghnaigh ceann amh\u00e1in)<br \/>\nTois\u00ed an leabhair n\u00f3ta\u00ed: 16K \/ 25K \/ 48K<a href=\"https:\/\/leatai.com\/ga\/faq\/cad-iad-na-meideanna-pleanalai-8k-16k-agus-25k-ce-chomh-mor-is-ata-siad\/\" target=\"_blank\" rel=\"noopener\"> (m\u00e9ideanna coitianta)<\/a><br \/>\nPeann liathr\u00f3ide ardchaighde\u00e1in: <a href=\"https:\/\/leatai.com\/ga\/product\/leabhar-notai-saincheaptha\/tacar-bronntanais\/peann-liathroide-carboin-snaithineach-ardchaighdeain-1\/\" target=\"_blank\" rel=\"noopener\">01<\/a> \/ <a href=\"https:\/\/leatai.com\/ga\/product\/leabhar-notai-saincheaptha\/tacar-bronntanais\/peann-liathroide-ardchaighdeain-2\/\" target=\"_blank\" rel=\"noopener\">02<\/a> \/ <a href=\"https:\/\/leatai.com\/ga\/product\/leabhar-notai-saincheaptha\/tacar-bronntanais\/peann-liathroide-ardchaighdeain-3\/\" target=\"_blank\" rel=\"noopener\">03<\/a> (roghnaigh ceann amh\u00e1in)<br \/>\nPac\u00e1isti\u00fa: Rib\u00edn \/ P\u00e1ip\u00e9ar kraft (roghnach)<br \/>\nModh pr\u00f3ise\u00e1la LOGO: Stamp\u00e1il \u00f3ir, stamp\u00e1il airgid, brand\u00e1il te<\/p>\n<p>Cur s\u00edos ar an t\u00e1irge<br \/>\nIs \u00e9 bosca bronntanais leabhar n\u00f3ta\u00ed saincheaptha samhail t\u00e1irge de chuid Leatai. D\u00e9antar an bosca as p\u00e1ip\u00e9ar fuinni\u00fail Seap\u00e1nach, agus t\u00e1 leabhar n\u00f3ta\u00ed saincheaptha agus peann liathr\u00f3ide ardchaighde\u00e1in ann. T\u00e1 d\u00fanadh maighn\u00e9adach ar thaobh an bhosca, agus le pac\u00e1isti\u00fa rib\u00edn \u00e1lainn, t\u00e1 gach mionsonra curtha i gcr\u00edch go c\u00faramach. Bronntanas gal\u00e1nta agus meas\u00fail a l\u00e9ir\u00edonn st\u00e1das VIP go hioml\u00e1n.<\/p>\n<p>\ud83d\udcd6 Le haghaidh tuilleadh molta\u00ed ar leabhair n\u00f3ta\u00ed saincheaptha \/ priont\u00e1il agus t\u00e1irgeadh dialann gn\u00f3 saincheaptha, f\u00e9ach le do thoil:<br \/>\n<a href=\"https:\/\/leatai.com\/ga\/product-category\/samplai-oem-eagsula\/leabhar-crua-cheangailte-oem\/\" target=\"_blank\" rel=\"noopener\">OEM leabhar crua-chl\u00fadaigh<\/a><br \/>\n<a href=\"https:\/\/leatai.com\/ga\/product-category\/samplai-oem-eagsula\/dialann-scaoilte-leathanach-oem\/\" target=\"_blank\" rel=\"noopener\">OEM leabhar f\u00e1inn\u00ed scaoilte<\/a><br \/>\n<a href=\"https:\/\/leatai.com\/ga\/product-category\/samplai-oem-eagsula\/dialann-inbhainte-oem\/\" target=\"_blank\" rel=\"noopener\">OEM leabhar f\u00e1inn\u00ed scaoilte inbhainte<\/a><br \/>\n<a href=\"https:\/\/leatai.com\/ga\/product-category\/samplai-oem-eagsula\/dialann-paipearbhanda-oem\/\" target=\"_blank\" rel=\"noopener\">OEM leabhar bog-chl\u00fadaigh<\/a><br \/>\n<a href=\"https:\/\/leatai.com\/ga\/product-category\/samplai-oem-eagsula\/dialann-biseach-oem\/\" target=\"_blank\" rel=\"noopener\">OEM leabhar coil<\/a><br \/>\n<a href=\"https:\/\/leatai.com\/ga\/product-category\/samplai-oem-eagsula\/feilire-oem\/\" target=\"_blank\" rel=\"noopener\">OEM t\u00e1irgeadh f\u00e9ilire beag str\u00f3icthe saincheaptha \/ priont\u00e1il f\u00e9ilire boird saincheaptha<\/a><br \/>\n<a href=\"https:\/\/leatai.com\/ga\/product-category\/samplai-oem-eagsula\/oem-eile\/\" target=\"_blank\" rel=\"noopener\">OEM eile<\/a><\/p>\n<p>Le haghaidh m\u00edni\u00fa ioml\u00e1n ar mh\u00e9ideanna, f\u00e9ach le do thoil: <a href=\"https:\/\/leatai.com\/ga\/eolas-leabhar-notai\/treoir-ar-mheideanna-paipeir-ag-tuigbheail-na-meideanna-coitianta-cosuil-le-b3-a4-b5-8k-16k-agus-tuilleadh-cairt-meid-chuimsitheach-le-haghaidh-tagartha-easca\/\" target=\"_blank\" rel=\"noopener\">Treoir m\u00e9ideanna p\u00e1ip\u00e9ir: conas a dh\u00e9antar idirdheal\u00fa idir B3, A4, B5, 8K, 16K agus m\u00e9ideanna coitianta eile? T\u00e1bla compar\u00e1ide m\u00e9ideanna p\u00e1ip\u00e9ir a thuigfear ar an bpointe boise!<\/a><\/p>\n","protected":false},"excerpt":{"rendered":"<p>Samhail t\u00e1irge: Bosca bronntanais leabhar n\u00f3ta\u00ed &#8211; 01 \u00c1bhar an bhosca: P\u00e1ip\u00e9ar fuinni\u00fail Seap\u00e1nach Dath an bhosca: Glas Tois\u00ed an bhosca: Fad 23.3 cm x Leithead 25.2 cm x Airde 2.7 cm (nuair nach bhfuil s\u00e9 oscailte) \u00c1bhar: Leabhar crua saincheaptha 25K \/ Leabhar n\u00f3ta\u00ed f\u00e1inne inbhainte saincheaptha (roghnaigh ceann amh\u00e1in) + Peann liathr\u00f3ide ardchaighde\u00e1in [&hellip;]<\/p>\n","protected":false},"featured_media":276821,"template":"","meta":{"_acf_changed":false},"product_brand":[],"product_cat":[818],"product_tag":[1727],"home_works":[],"class_list":{"0":"post-276820","1":"product","2":"type-product","3":"status-publish","4":"has-post-thumbnail","6":"product_cat-tacar-bronntanais","7":"product_tag-1727","9":"first","10":"outofstock","11":"sold-individually","12":"shipping-taxable","13":"purchasable","14":"product-type-variable","15":"has-default-attributes"},"acf":[],"yoast_head":"<!-- This site is optimized with the Yoast SEO plugin v27.2 - https:\/\/yoast.com\/product\/yoast-seo-wordpress\/ -->\n<title>Bosca bronntanais leabhar n\u00f3ta\u00ed saincheaptha - P\u00e1ip\u00e9ar fuinni\u00fail Seap\u00e1nach - Leatai \u2013 Monar\u00f3ir Leabhair N\u00f3ta\u00ed Saincheaptha<\/title>\n<meta name=\"description\" content=\"Samhail t\u00e1irge Leatai: Bosca bronntanais leabhar n\u00f3ta\u00ed saincheaptha. D\u00e9antar an bosca as p\u00e1ip\u00e9ar fuinni\u00fail Seap\u00e1nach, agus t\u00e1 leabhar n\u00f3ta\u00ed saincheaptha agus peann liathr\u00f3ide ardchaighde\u00e1in ann. T\u00e1 d\u00fanadh maighn\u00e9adach ar thaobh an bhosca, agus le pac\u00e1isti\u00fa rib\u00edn \u00e1lainn, t\u00e1 gach mionsonra curtha i gcr\u00edch go c\u00faramach. Bronntanas gal\u00e1nta agus meas\u00fail a l\u00e9ir\u00edonn st\u00e1das VIP go hioml\u00e1n.\" \/>\n<meta name=\"robots\" content=\"index, follow, max-snippet:-1, max-image-preview:large, max-video-preview:-1\" \/>\n<link rel=\"canonical\" href=\"https:\/\/leatai.com\/ga\/product\/leabhar-notai-saincheaptha\/tacar-bronntanais\/bosca-bronntanais-leabhar-notai-01\/\" \/>\n<meta property=\"og:locale\" content=\"ga_IE\" \/>\n<meta property=\"og:type\" content=\"article\" \/>\n<meta property=\"og:title\" content=\"Bosca bronntanais leabhar n\u00f3ta\u00ed saincheaptha - P\u00e1ip\u00e9ar fuinni\u00fail Seap\u00e1nach - Leatai \u2013 Monar\u00f3ir Leabhair N\u00f3ta\u00ed Saincheaptha\" \/>\n<meta property=\"og:description\" content=\"Samhail t\u00e1irge Leatai: Bosca bronntanais leabhar n\u00f3ta\u00ed saincheaptha. D\u00e9antar an bosca as p\u00e1ip\u00e9ar fuinni\u00fail Seap\u00e1nach, agus t\u00e1 leabhar n\u00f3ta\u00ed saincheaptha agus peann liathr\u00f3ide ardchaighde\u00e1in ann. T\u00e1 d\u00fanadh maighn\u00e9adach ar thaobh an bhosca, agus le pac\u00e1isti\u00fa rib\u00edn \u00e1lainn, t\u00e1 gach mionsonra curtha i gcr\u00edch go c\u00faramach. Bronntanas gal\u00e1nta agus meas\u00fail a l\u00e9ir\u00edonn st\u00e1das VIP go hioml\u00e1n.\" \/>\n<meta property=\"og:url\" content=\"https:\/\/leatai.com\/ga\/product\/leabhar-notai-saincheaptha\/tacar-bronntanais\/bosca-bronntanais-leabhar-notai-01\/\" \/>\n<meta property=\"og:site_name\" content=\"Leatai \u2013 Monar\u00f3ir Leabhair N\u00f3ta\u00ed Saincheaptha\" \/>\n<meta property=\"article:modified_time\" content=\"2026-02-24T07:42:06+00:00\" \/>\n<meta property=\"og:image\" content=\"https:\/\/leatai.com\/wp-content\/uploads\/DSC_0674.jpg\" \/>\n\t<meta property=\"og:image:width\" content=\"1000\" \/>\n\t<meta property=\"og:image:height\" content=\"750\" \/>\n\t<meta property=\"og:image:type\" content=\"image\/jpeg\" \/>\n<meta name=\"twitter:card\" content=\"summary_large_image\" \/>\n<meta name=\"twitter:label1\" content=\"Est. reading time\" \/>\n\t<meta name=\"twitter:data1\" content=\"2 minutes\" \/>\n<script type=\"application\/ld+json\" class=\"yoast-schema-graph\">{\"@context\":\"https:\/\/schema.org\",\"@graph\":[{\"@type\":\"WebPage\",\"@id\":\"https:\/\/leatai.com\/ga\/product\/leabhar-notai-saincheaptha\/tacar-bronntanais\/bosca-bronntanais-leabhar-notai-01\/\",\"url\":\"https:\/\/leatai.com\/ga\/product\/leabhar-notai-saincheaptha\/tacar-bronntanais\/bosca-bronntanais-leabhar-notai-01\/\",\"name\":\"Bosca bronntanais leabhar n\u00f3ta\u00ed saincheaptha - P\u00e1ip\u00e9ar fuinni\u00fail Seap\u00e1nach - Leatai \u2013 Monar\u00f3ir Leabhair N\u00f3ta\u00ed Saincheaptha\",\"isPartOf\":{\"@id\":\"https:\/\/leatai.com\/ga\/#website\"},\"primaryImageOfPage\":{\"@id\":\"https:\/\/leatai.com\/ga\/product\/leabhar-notai-saincheaptha\/tacar-bronntanais\/bosca-bronntanais-leabhar-notai-01\/#primaryimage\"},\"image\":{\"@id\":\"https:\/\/leatai.com\/ga\/product\/leabhar-notai-saincheaptha\/tacar-bronntanais\/bosca-bronntanais-leabhar-notai-01\/#primaryimage\"},\"thumbnailUrl\":\"https:\/\/leatai.com\/wp-content\/uploads\/DSC_0674.jpg\",\"datePublished\":\"2023-05-22T07:38:22+00:00\",\"dateModified\":\"2026-02-24T07:42:06+00:00\",\"description\":\"Samhail t\u00e1irge Leatai: Bosca bronntanais leabhar n\u00f3ta\u00ed saincheaptha. D\u00e9antar an bosca as p\u00e1ip\u00e9ar fuinni\u00fail Seap\u00e1nach, agus t\u00e1 leabhar n\u00f3ta\u00ed saincheaptha agus peann liathr\u00f3ide ardchaighde\u00e1in ann. T\u00e1 d\u00fanadh maighn\u00e9adach ar thaobh an bhosca, agus le pac\u00e1isti\u00fa rib\u00edn \u00e1lainn, t\u00e1 gach mionsonra curtha i gcr\u00edch go c\u00faramach. Bronntanas gal\u00e1nta agus meas\u00fail a l\u00e9ir\u00edonn st\u00e1das VIP go hioml\u00e1n.\",\"breadcrumb\":{\"@id\":\"https:\/\/leatai.com\/ga\/product\/leabhar-notai-saincheaptha\/tacar-bronntanais\/bosca-bronntanais-leabhar-notai-01\/#breadcrumb\"},\"inLanguage\":\"ga-IE\",\"potentialAction\":[{\"@type\":\"ReadAction\",\"target\":[\"https:\/\/leatai.com\/ga\/product\/leabhar-notai-saincheaptha\/tacar-bronntanais\/bosca-bronntanais-leabhar-notai-01\/\"]}]},{\"@type\":\"ImageObject\",\"inLanguage\":\"ga-IE\",\"@id\":\"https:\/\/leatai.com\/ga\/product\/leabhar-notai-saincheaptha\/tacar-bronntanais\/bosca-bronntanais-leabhar-notai-01\/#primaryimage\",\"url\":\"https:\/\/leatai.com\/wp-content\/uploads\/DSC_0674.jpg\",\"contentUrl\":\"https:\/\/leatai.com\/wp-content\/uploads\/DSC_0674.jpg\",\"width\":1000,\"height\":750,\"caption\":\"Bosca bronntanais leabhar n\u00f3ta\u00ed\"},{\"@type\":\"BreadcrumbList\",\"@id\":\"https:\/\/leatai.com\/ga\/product\/leabhar-notai-saincheaptha\/tacar-bronntanais\/bosca-bronntanais-leabhar-notai-01\/#breadcrumb\",\"itemListElement\":[{\"@type\":\"ListItem\",\"position\":1,\"name\":\"Home\",\"item\":\"https:\/\/leatai.com\/ga\/\"},{\"@type\":\"ListItem\",\"position\":2,\"name\":\"Cur i l\u00e1thair T\u00e1irg\u00ed\",\"item\":\"https:\/\/leatai.com\/products\/\"},{\"@type\":\"ListItem\",\"position\":3,\"name\":\"Leabhar n\u00f3ta\u00ed saincheaptha\",\"item\":\"https:\/\/leatai.com\/ga\/product-category\/leabhar-notai-saincheaptha\/\"},{\"@type\":\"ListItem\",\"position\":4,\"name\":\"Tacar Bronntanais\",\"item\":\"https:\/\/leatai.com\/ga\/product-category\/leabhar-notai-saincheaptha\/tacar-bronntanais\/\"},{\"@type\":\"ListItem\",\"position\":5,\"name\":\"Bosca bronntanais leabhar n\u00f3ta\u00ed &#8211; 01\"}]},{\"@type\":\"WebSite\",\"@id\":\"https:\/\/leatai.com\/ga\/#website\",\"url\":\"https:\/\/leatai.com\/ga\/\",\"name\":\"Leatai \u2013 Monar\u00f3ir Leabhair N\u00f3ta\u00ed Saincheaptha\",\"description\":\"Sol\u00e1thra\u00edonn Leatai leabhair n\u00f3ta\u00ed agus plean\u00e1laithe saincheaptha do bhranda\u00ed agus d\u00e1ileoir\u00ed ar fud an domhain.\",\"publisher\":{\"@id\":\"https:\/\/leatai.com\/ga\/#organization\"},\"potentialAction\":[{\"@type\":\"SearchAction\",\"target\":{\"@type\":\"EntryPoint\",\"urlTemplate\":\"https:\/\/leatai.com\/ga\/?s={search_term_string}\"},\"query-input\":{\"@type\":\"PropertyValueSpecification\",\"valueRequired\":true,\"valueName\":\"search_term_string\"}}],\"inLanguage\":\"ga-IE\"},{\"@type\":\"Organization\",\"@id\":\"https:\/\/leatai.com\/ga\/#organization\",\"name\":\"Leatai Diary, customized journal and business organizer\",\"url\":\"https:\/\/leatai.com\/ga\/\",\"logo\":{\"@type\":\"ImageObject\",\"inLanguage\":\"ga-IE\",\"@id\":\"https:\/\/leatai.com\/ga\/#\/schema\/logo\/image\/\",\"url\":\"https:\/\/leatai.com\/wp-content\/uploads\/logo-blue.png\",\"contentUrl\":\"https:\/\/leatai.com\/wp-content\/uploads\/logo-blue.png\",\"width\":230,\"height\":60,\"caption\":\"Leatai Diary, customized journal and business organizer\"},\"image\":{\"@id\":\"https:\/\/leatai.com\/ga\/#\/schema\/logo\/image\/\"}}]}<\/script>\n<!-- \/ Yoast SEO plugin. -->","yoast_head_json":{"title":"Bosca bronntanais leabhar n\u00f3ta\u00ed saincheaptha - P\u00e1ip\u00e9ar fuinni\u00fail Seap\u00e1nach - Leatai \u2013 Monar\u00f3ir Leabhair N\u00f3ta\u00ed Saincheaptha","description":"Samhail t\u00e1irge Leatai: Bosca bronntanais leabhar n\u00f3ta\u00ed saincheaptha. D\u00e9antar an bosca as p\u00e1ip\u00e9ar fuinni\u00fail Seap\u00e1nach, agus t\u00e1 leabhar n\u00f3ta\u00ed saincheaptha agus peann liathr\u00f3ide ardchaighde\u00e1in ann. T\u00e1 d\u00fanadh maighn\u00e9adach ar thaobh an bhosca, agus le pac\u00e1isti\u00fa rib\u00edn \u00e1lainn, t\u00e1 gach mionsonra curtha i gcr\u00edch go c\u00faramach. Bronntanas gal\u00e1nta agus meas\u00fail a l\u00e9ir\u00edonn st\u00e1das VIP go hioml\u00e1n.","robots":{"index":"index","follow":"follow","max-snippet":"max-snippet:-1","max-image-preview":"max-image-preview:large","max-video-preview":"max-video-preview:-1"},"canonical":"https:\/\/leatai.com\/ga\/product\/leabhar-notai-saincheaptha\/tacar-bronntanais\/bosca-bronntanais-leabhar-notai-01\/","og_locale":"ga_IE","og_type":"article","og_title":"Bosca bronntanais leabhar n\u00f3ta\u00ed saincheaptha - P\u00e1ip\u00e9ar fuinni\u00fail Seap\u00e1nach - Leatai \u2013 Monar\u00f3ir Leabhair N\u00f3ta\u00ed Saincheaptha","og_description":"Samhail t\u00e1irge Leatai: Bosca bronntanais leabhar n\u00f3ta\u00ed saincheaptha. D\u00e9antar an bosca as p\u00e1ip\u00e9ar fuinni\u00fail Seap\u00e1nach, agus t\u00e1 leabhar n\u00f3ta\u00ed saincheaptha agus peann liathr\u00f3ide ardchaighde\u00e1in ann. T\u00e1 d\u00fanadh maighn\u00e9adach ar thaobh an bhosca, agus le pac\u00e1isti\u00fa rib\u00edn \u00e1lainn, t\u00e1 gach mionsonra curtha i gcr\u00edch go c\u00faramach. Bronntanas gal\u00e1nta agus meas\u00fail a l\u00e9ir\u00edonn st\u00e1das VIP go hioml\u00e1n.","og_url":"https:\/\/leatai.com\/ga\/product\/leabhar-notai-saincheaptha\/tacar-bronntanais\/bosca-bronntanais-leabhar-notai-01\/","og_site_name":"Leatai \u2013 Monar\u00f3ir Leabhair N\u00f3ta\u00ed Saincheaptha","article_modified_time":"2026-02-24T07:42:06+00:00","og_image":[{"width":1000,"height":750,"url":"https:\/\/leatai.com\/wp-content\/uploads\/DSC_0674.jpg","type":"image\/jpeg"}],"twitter_card":"summary_large_image","twitter_misc":{"Est. reading time":"2 minutes"},"schema":{"@context":"https:\/\/schema.org","@graph":[{"@type":"WebPage","@id":"https:\/\/leatai.com\/ga\/product\/leabhar-notai-saincheaptha\/tacar-bronntanais\/bosca-bronntanais-leabhar-notai-01\/","url":"https:\/\/leatai.com\/ga\/product\/leabhar-notai-saincheaptha\/tacar-bronntanais\/bosca-bronntanais-leabhar-notai-01\/","name":"Bosca bronntanais leabhar n\u00f3ta\u00ed saincheaptha - P\u00e1ip\u00e9ar fuinni\u00fail Seap\u00e1nach - Leatai \u2013 Monar\u00f3ir Leabhair N\u00f3ta\u00ed Saincheaptha","isPartOf":{"@id":"https:\/\/leatai.com\/ga\/#website"},"primaryImageOfPage":{"@id":"https:\/\/leatai.com\/ga\/product\/leabhar-notai-saincheaptha\/tacar-bronntanais\/bosca-bronntanais-leabhar-notai-01\/#primaryimage"},"image":{"@id":"https:\/\/leatai.com\/ga\/product\/leabhar-notai-saincheaptha\/tacar-bronntanais\/bosca-bronntanais-leabhar-notai-01\/#primaryimage"},"thumbnailUrl":"https:\/\/leatai.com\/wp-content\/uploads\/DSC_0674.jpg","datePublished":"2023-05-22T07:38:22+00:00","dateModified":"2026-02-24T07:42:06+00:00","description":"Samhail t\u00e1irge Leatai: Bosca bronntanais leabhar n\u00f3ta\u00ed saincheaptha. D\u00e9antar an bosca as p\u00e1ip\u00e9ar fuinni\u00fail Seap\u00e1nach, agus t\u00e1 leabhar n\u00f3ta\u00ed saincheaptha agus peann liathr\u00f3ide ardchaighde\u00e1in ann. T\u00e1 d\u00fanadh maighn\u00e9adach ar thaobh an bhosca, agus le pac\u00e1isti\u00fa rib\u00edn \u00e1lainn, t\u00e1 gach mionsonra curtha i gcr\u00edch go c\u00faramach. Bronntanas gal\u00e1nta agus meas\u00fail a l\u00e9ir\u00edonn st\u00e1das VIP go hioml\u00e1n.","breadcrumb":{"@id":"https:\/\/leatai.com\/ga\/product\/leabhar-notai-saincheaptha\/tacar-bronntanais\/bosca-bronntanais-leabhar-notai-01\/#breadcrumb"},"inLanguage":"ga-IE","potentialAction":[{"@type":"ReadAction","target":["https:\/\/leatai.com\/ga\/product\/leabhar-notai-saincheaptha\/tacar-bronntanais\/bosca-bronntanais-leabhar-notai-01\/"]}]},{"@type":"ImageObject","inLanguage":"ga-IE","@id":"https:\/\/leatai.com\/ga\/product\/leabhar-notai-saincheaptha\/tacar-bronntanais\/bosca-bronntanais-leabhar-notai-01\/#primaryimage","url":"https:\/\/leatai.com\/wp-content\/uploads\/DSC_0674.jpg","contentUrl":"https:\/\/leatai.com\/wp-content\/uploads\/DSC_0674.jpg","width":1000,"height":750,"caption":"Bosca bronntanais leabhar n\u00f3ta\u00ed"},{"@type":"BreadcrumbList","@id":"https:\/\/leatai.com\/ga\/product\/leabhar-notai-saincheaptha\/tacar-bronntanais\/bosca-bronntanais-leabhar-notai-01\/#breadcrumb","itemListElement":[{"@type":"ListItem","position":1,"name":"Home","item":"https:\/\/leatai.com\/ga\/"},{"@type":"ListItem","position":2,"name":"Cur i l\u00e1thair T\u00e1irg\u00ed","item":"https:\/\/leatai.com\/products\/"},{"@type":"ListItem","position":3,"name":"Leabhar n\u00f3ta\u00ed saincheaptha","item":"https:\/\/leatai.com\/ga\/product-category\/leabhar-notai-saincheaptha\/"},{"@type":"ListItem","position":4,"name":"Tacar Bronntanais","item":"https:\/\/leatai.com\/ga\/product-category\/leabhar-notai-saincheaptha\/tacar-bronntanais\/"},{"@type":"ListItem","position":5,"name":"Bosca bronntanais leabhar n\u00f3ta\u00ed &#8211; 01"}]},{"@type":"WebSite","@id":"https:\/\/leatai.com\/ga\/#website","url":"https:\/\/leatai.com\/ga\/","name":"Leatai \u2013 Monar\u00f3ir Leabhair N\u00f3ta\u00ed Saincheaptha","description":"Sol\u00e1thra\u00edonn Leatai leabhair n\u00f3ta\u00ed agus plean\u00e1laithe saincheaptha do bhranda\u00ed agus d\u00e1ileoir\u00ed ar fud an domhain.","publisher":{"@id":"https:\/\/leatai.com\/ga\/#organization"},"potentialAction":[{"@type":"SearchAction","target":{"@type":"EntryPoint","urlTemplate":"https:\/\/leatai.com\/ga\/?s={search_term_string}"},"query-input":{"@type":"PropertyValueSpecification","valueRequired":true,"valueName":"search_term_string"}}],"inLanguage":"ga-IE"},{"@type":"Organization","@id":"https:\/\/leatai.com\/ga\/#organization","name":"Leatai Diary, customized journal and business organizer","url":"https:\/\/leatai.com\/ga\/","logo":{"@type":"ImageObject","inLanguage":"ga-IE","@id":"https:\/\/leatai.com\/ga\/#\/schema\/logo\/image\/","url":"https:\/\/leatai.com\/wp-content\/uploads\/logo-blue.png","contentUrl":"https:\/\/leatai.com\/wp-content\/uploads\/logo-blue.png","width":230,"height":60,"caption":"Leatai Diary, customized journal and business organizer"},"image":{"@id":"https:\/\/leatai.com\/ga\/#\/schema\/logo\/image\/"}}]}},"_links":{"self":[{"href":"https:\/\/leatai.com\/ga\/wp-json\/wp\/v2\/product\/276820","targetHints":{"allow":["GET"]}}],"collection":[{"href":"https:\/\/leatai.com\/ga\/wp-json\/wp\/v2\/product"}],"about":[{"href":"https:\/\/leatai.com\/ga\/wp-json\/wp\/v2\/types\/product"}],"wp:featuredmedia":[{"embeddable":true,"href":"https:\/\/leatai.com\/ga\/wp-json\/wp\/v2\/media\/276821"}],"wp:attachment":[{"href":"https:\/\/leatai.com\/ga\/wp-json\/wp\/v2\/media?parent=276820"}],"wp:term":[{"taxonomy":"product_brand","embeddable":true,"href":"https:\/\/leatai.com\/ga\/wp-json\/wp\/v2\/product_brand?post=276820"},{"taxonomy":"product_cat","embeddable":true,"href":"https:\/\/leatai.com\/ga\/wp-json\/wp\/v2\/product_cat?post=276820"},{"taxonomy":"product_tag","embeddable":true,"href":"https:\/\/leatai.com\/ga\/wp-json\/wp\/v2\/product_tag?post=276820"},{"taxonomy":"home_works","embeddable":true,"href":"https:\/\/leatai.com\/ga\/wp-json\/wp\/v2\/home_works?post=276820"}],"curies":[{"name":"wp","href":"https:\/\/api.w.org\/{rel}","templated":true}]}}