{"id":276810,"date":"2023-05-22T20:36:23","date_gmt":"2023-05-22T12:36:23","guid":{"rendered":"https:\/\/leatai.com\/product\/uncategorized\/peann-liathroide-ardchaighdeain-3\/"},"modified":"2026-02-24T15:54:01","modified_gmt":"2026-02-24T07:54:01","slug":"peann-liathroide-ardchaighdeain-3","status":"publish","type":"product","link":"https:\/\/leatai.com\/ga\/product\/leabhar-notai-saincheaptha\/tacar-bronntanais\/peann-liathroide-ardchaighdeain-3\/","title":{"rendered":"Peann liathr\u00f3ide ardchaighde\u00e1in &#8211; 3"},"content":{"rendered":"<p>Samhail t\u00e1irge: Peann liathr\u00f3ide ardchaighde\u00e1in &#8211; 3<br \/>\nDath: Dubh<br \/>\nSonra\u00edochta\u00ed: Fad thart ar 13.5 cm<br \/>\nCart\u00fas: Dubh 0.5 mm<br \/>\nPac\u00e1isti\u00fa: M\u00e1la OPP (roghnach, r\u00e9amhshocraithe gan m\u00e1la OPP, seolta go d\u00edreach i mbosca) (t\u00e1ille bhreise ar phac\u00e1isti\u00fa bosca)<br \/>\nModh pr\u00f3ise\u00e1la LOGO: Greanadh l\u00e9asair<\/p>\n<p>Praghas aonaid: 190 dollar Nua-Taiwan (TWD), lena n-\u00e1ir\u00edtear greanadh l\u00e9asair in aon \u00e1it amh\u00e1in<br \/>\n(Is rogha bhreise \u00e9 bosca peann leathair, praghas breise 130 dollar Nua-Taiwan an ceann, lena n-\u00e1ir\u00edtear stamp\u00e1il in aon \u00e1it amh\u00e1in)<\/p>\n<p>&nbsp;<\/p>\n<p>\ud83d\udcd6 Le haghaidh tuilleadh molta\u00ed ar leabhair n\u00f3ta\u00ed saincheaptha \/ priont\u00e1il agus t\u00e1irgeadh dialann gn\u00f3 saincheaptha, f\u00e9ach le do thoil:<br \/>\n<a href=\"https:\/\/leatai.com\/ga\/product-category\/samplai-oem-eagsula\/leabhar-crua-cheangailte-oem\/\" target=\"_blank\" rel=\"noopener\">OEM leabhar crua-chl\u00fadaigh<\/a><br \/>\n<a href=\"https:\/\/leatai.com\/ga\/product-category\/samplai-oem-eagsula\/dialann-scaoilte-leathanach-oem\/\" target=\"_blank\" rel=\"noopener\">OEM leabhar f\u00e1inn\u00ed scaoilte<\/a><br \/>\n<a href=\"https:\/\/leatai.com\/ga\/product-category\/samplai-oem-eagsula\/dialann-inbhainte-oem\/\" target=\"_blank\" rel=\"noopener\">OEM leabhar f\u00e1inn\u00ed scaoilte inbhainte<\/a><br \/>\n<a href=\"https:\/\/leatai.com\/ga\/product-category\/samplai-oem-eagsula\/dialann-paipearbhanda-oem\/\" target=\"_blank\" rel=\"noopener\">OEM leabhar bog-chl\u00fadaigh<\/a><br \/>\n<a href=\"https:\/\/leatai.com\/ga\/product-category\/samplai-oem-eagsula\/dialann-biseach-oem\/\" target=\"_blank\" rel=\"noopener\">OEM leabhar coil<\/a><br \/>\n<a href=\"https:\/\/leatai.com\/ga\/product-category\/samplai-oem-eagsula\/feilire-oem\/\" target=\"_blank\" rel=\"noopener\">OEM t\u00e1irgeadh f\u00e9ilire beag str\u00f3icthe saincheaptha \/ priont\u00e1il f\u00e9ilire boird saincheaptha<\/a><br \/>\n<a href=\"https:\/\/leatai.com\/ga\/product-category\/samplai-oem-eagsula\/oem-eile\/\" target=\"_blank\" rel=\"noopener\">OEM eile<\/a><\/p>\n<p>Le haghaidh m\u00edni\u00fa ioml\u00e1n ar mh\u00e9ideanna, f\u00e9ach le do thoil: <a href=\"https:\/\/leatai.com\/ga\/eolas-leabhar-notai\/treoir-ar-mheideanna-paipeir-ag-tuigbheail-na-meideanna-coitianta-cosuil-le-b3-a4-b5-8k-16k-agus-tuilleadh-cairt-meid-chuimsitheach-le-haghaidh-tagartha-easca\/\" target=\"_blank\" rel=\"noopener\">Treoir m\u00e9ideanna p\u00e1ip\u00e9ir: conas a dh\u00e9antar idirdheal\u00fa idir B3, A4, B5, 8K, 16K agus m\u00e9ideanna coitianta eile? T\u00e1bla compar\u00e1ide m\u00e9ideanna p\u00e1ip\u00e9ir a thuigfear ar an bpointe boise!<\/a><\/p>\n","protected":false},"excerpt":{"rendered":"<p>Samhail t\u00e1irge: Peann liathr\u00f3ide ardchaighde\u00e1in &#8211; 3 Dath: Dubh Sonra\u00edochta\u00ed: Fad thart ar 13.5 cm Cart\u00fas: Dubh 0.5 mm Pac\u00e1isti\u00fa: M\u00e1la OPP (roghnach, r\u00e9amhshocraithe gan m\u00e1la OPP, seolta go d\u00edreach i mbosca) (t\u00e1ille bhreise ar phac\u00e1isti\u00fa bosca) Modh pr\u00f3ise\u00e1la LOGO: Greanadh l\u00e9asair Praghas aonaid: 190 dollar Nua-Taiwan (TWD), lena n-\u00e1ir\u00edtear greanadh l\u00e9asair in aon \u00e1it [&hellip;]<\/p>\n","protected":false},"featured_media":276811,"template":"","meta":{"_acf_changed":false},"product_brand":[],"product_cat":[818],"product_tag":[],"home_works":[],"class_list":{"0":"post-276810","1":"product","2":"type-product","3":"status-publish","4":"has-post-thumbnail","6":"product_cat-tacar-bronntanais","8":"first","9":"outofstock","10":"sold-individually","11":"shipping-taxable","12":"purchasable","13":"product-type-variable","14":"has-default-attributes"},"acf":[],"yoast_head":"<!-- This site is optimized with the Yoast SEO plugin v27.2 - https:\/\/yoast.com\/product\/yoast-seo-wordpress\/ -->\n<title>Peann liathr\u00f3ide ardchaighde\u00e1in - An rogha is fearr le haghaidh bronntanais chorpar\u00e1ideacha - Leatai \u2013 Monar\u00f3ir Leabhair N\u00f3ta\u00ed Saincheaptha<\/title>\n<meta name=\"description\" content=\"T\u00e1 an eala\u00edn a bhaineann le bronntanais a thabhairt san ionad oibre thar a bheith domhain, agus t\u00e1 s\u00e9 n\u00edos deacra f\u00f3s na bainisteoir\u00ed agus na sinsir a sh\u00e1samh. N\u00ed f\u00e9idir leat dul san ioma\u00edocht le halc\u00f3l, n\u00ed thuigeann t\u00fa tae, agus gan tr\u00e1cht ar earra\u00ed s\u00f3. Is \u00e9 an rogha is doimhne agus is s\u00e1bh\u00e1ilte n\u00e1 bosca bronntanais leabhar n\u00f3ta\u00ed saincheaptha, a l\u00e9ir\u00edonn gal\u00e1ntacht agus cult\u00far araon. Rogha sh\u00e1bh\u00e1ilte a thugann suaimhneas intinne duit.\" \/>\n<meta name=\"robots\" content=\"index, follow, max-snippet:-1, max-image-preview:large, max-video-preview:-1\" \/>\n<link rel=\"canonical\" href=\"https:\/\/leatai.com\/ga\/product\/leabhar-notai-saincheaptha\/tacar-bronntanais\/peann-liathroide-ardchaighdeain-3\/\" \/>\n<meta property=\"og:locale\" content=\"ga_IE\" \/>\n<meta property=\"og:type\" content=\"article\" \/>\n<meta property=\"og:title\" content=\"Peann liathr\u00f3ide ardchaighde\u00e1in - An rogha is fearr le haghaidh bronntanais chorpar\u00e1ideacha - Leatai \u2013 Monar\u00f3ir Leabhair N\u00f3ta\u00ed Saincheaptha\" \/>\n<meta property=\"og:description\" content=\"T\u00e1 an eala\u00edn a bhaineann le bronntanais a thabhairt san ionad oibre thar a bheith domhain, agus t\u00e1 s\u00e9 n\u00edos deacra f\u00f3s na bainisteoir\u00ed agus na sinsir a sh\u00e1samh. N\u00ed f\u00e9idir leat dul san ioma\u00edocht le halc\u00f3l, n\u00ed thuigeann t\u00fa tae, agus gan tr\u00e1cht ar earra\u00ed s\u00f3. Is \u00e9 an rogha is doimhne agus is s\u00e1bh\u00e1ilte n\u00e1 bosca bronntanais leabhar n\u00f3ta\u00ed saincheaptha, a l\u00e9ir\u00edonn gal\u00e1ntacht agus cult\u00far araon. Rogha sh\u00e1bh\u00e1ilte a thugann suaimhneas intinne duit.\" \/>\n<meta property=\"og:url\" content=\"https:\/\/leatai.com\/ga\/product\/leabhar-notai-saincheaptha\/tacar-bronntanais\/peann-liathroide-ardchaighdeain-3\/\" \/>\n<meta property=\"og:site_name\" content=\"Leatai \u2013 Monar\u00f3ir Leabhair N\u00f3ta\u00ed Saincheaptha\" \/>\n<meta property=\"article:modified_time\" content=\"2026-02-24T07:54:01+00:00\" \/>\n<meta property=\"og:image\" content=\"https:\/\/leatai.com\/wp-content\/uploads\/DSC_0629.jpg\" \/>\n\t<meta property=\"og:image:width\" content=\"1000\" \/>\n\t<meta property=\"og:image:height\" content=\"750\" \/>\n\t<meta property=\"og:image:type\" content=\"image\/jpeg\" \/>\n<meta name=\"twitter:card\" content=\"summary_large_image\" \/>\n<meta name=\"twitter:label1\" content=\"Est. reading time\" \/>\n\t<meta name=\"twitter:data1\" content=\"2 minutes\" \/>\n<script type=\"application\/ld+json\" class=\"yoast-schema-graph\">{\"@context\":\"https:\/\/schema.org\",\"@graph\":[{\"@type\":\"WebPage\",\"@id\":\"https:\/\/leatai.com\/ga\/product\/leabhar-notai-saincheaptha\/tacar-bronntanais\/peann-liathroide-ardchaighdeain-3\/\",\"url\":\"https:\/\/leatai.com\/ga\/product\/leabhar-notai-saincheaptha\/tacar-bronntanais\/peann-liathroide-ardchaighdeain-3\/\",\"name\":\"Peann liathr\u00f3ide ardchaighde\u00e1in - An rogha is fearr le haghaidh bronntanais chorpar\u00e1ideacha - Leatai \u2013 Monar\u00f3ir Leabhair N\u00f3ta\u00ed Saincheaptha\",\"isPartOf\":{\"@id\":\"https:\/\/leatai.com\/ga\/#website\"},\"primaryImageOfPage\":{\"@id\":\"https:\/\/leatai.com\/ga\/product\/leabhar-notai-saincheaptha\/tacar-bronntanais\/peann-liathroide-ardchaighdeain-3\/#primaryimage\"},\"image\":{\"@id\":\"https:\/\/leatai.com\/ga\/product\/leabhar-notai-saincheaptha\/tacar-bronntanais\/peann-liathroide-ardchaighdeain-3\/#primaryimage\"},\"thumbnailUrl\":\"https:\/\/leatai.com\/wp-content\/uploads\/DSC_0629.jpg\",\"datePublished\":\"2023-05-22T12:36:23+00:00\",\"dateModified\":\"2026-02-24T07:54:01+00:00\",\"description\":\"T\u00e1 an eala\u00edn a bhaineann le bronntanais a thabhairt san ionad oibre thar a bheith domhain, agus t\u00e1 s\u00e9 n\u00edos deacra f\u00f3s na bainisteoir\u00ed agus na sinsir a sh\u00e1samh. N\u00ed f\u00e9idir leat dul san ioma\u00edocht le halc\u00f3l, n\u00ed thuigeann t\u00fa tae, agus gan tr\u00e1cht ar earra\u00ed s\u00f3. Is \u00e9 an rogha is doimhne agus is s\u00e1bh\u00e1ilte n\u00e1 bosca bronntanais leabhar n\u00f3ta\u00ed saincheaptha, a l\u00e9ir\u00edonn gal\u00e1ntacht agus cult\u00far araon. Rogha sh\u00e1bh\u00e1ilte a thugann suaimhneas intinne duit.\",\"breadcrumb\":{\"@id\":\"https:\/\/leatai.com\/ga\/product\/leabhar-notai-saincheaptha\/tacar-bronntanais\/peann-liathroide-ardchaighdeain-3\/#breadcrumb\"},\"inLanguage\":\"ga-IE\",\"potentialAction\":[{\"@type\":\"ReadAction\",\"target\":[\"https:\/\/leatai.com\/ga\/product\/leabhar-notai-saincheaptha\/tacar-bronntanais\/peann-liathroide-ardchaighdeain-3\/\"]}]},{\"@type\":\"ImageObject\",\"inLanguage\":\"ga-IE\",\"@id\":\"https:\/\/leatai.com\/ga\/product\/leabhar-notai-saincheaptha\/tacar-bronntanais\/peann-liathroide-ardchaighdeain-3\/#primaryimage\",\"url\":\"https:\/\/leatai.com\/wp-content\/uploads\/DSC_0629.jpg\",\"contentUrl\":\"https:\/\/leatai.com\/wp-content\/uploads\/DSC_0629.jpg\",\"width\":1000,\"height\":750,\"caption\":\"Peann bronntanais ardchaighde\u00e1in\"},{\"@type\":\"BreadcrumbList\",\"@id\":\"https:\/\/leatai.com\/ga\/product\/leabhar-notai-saincheaptha\/tacar-bronntanais\/peann-liathroide-ardchaighdeain-3\/#breadcrumb\",\"itemListElement\":[{\"@type\":\"ListItem\",\"position\":1,\"name\":\"Home\",\"item\":\"https:\/\/leatai.com\/ga\/\"},{\"@type\":\"ListItem\",\"position\":2,\"name\":\"Cur i l\u00e1thair T\u00e1irg\u00ed\",\"item\":\"https:\/\/leatai.com\/products\/\"},{\"@type\":\"ListItem\",\"position\":3,\"name\":\"Leabhar n\u00f3ta\u00ed saincheaptha\",\"item\":\"https:\/\/leatai.com\/ga\/product-category\/leabhar-notai-saincheaptha\/\"},{\"@type\":\"ListItem\",\"position\":4,\"name\":\"Tacar Bronntanais\",\"item\":\"https:\/\/leatai.com\/ga\/product-category\/leabhar-notai-saincheaptha\/tacar-bronntanais\/\"},{\"@type\":\"ListItem\",\"position\":5,\"name\":\"Peann liathr\u00f3ide ardchaighde\u00e1in &#8211; 3\"}]},{\"@type\":\"WebSite\",\"@id\":\"https:\/\/leatai.com\/ga\/#website\",\"url\":\"https:\/\/leatai.com\/ga\/\",\"name\":\"Leatai \u2013 Monar\u00f3ir Leabhair N\u00f3ta\u00ed Saincheaptha\",\"description\":\"Sol\u00e1thra\u00edonn Leatai leabhair n\u00f3ta\u00ed agus plean\u00e1laithe saincheaptha do bhranda\u00ed agus d\u00e1ileoir\u00ed ar fud an domhain.\",\"publisher\":{\"@id\":\"https:\/\/leatai.com\/ga\/#organization\"},\"potentialAction\":[{\"@type\":\"SearchAction\",\"target\":{\"@type\":\"EntryPoint\",\"urlTemplate\":\"https:\/\/leatai.com\/ga\/?s={search_term_string}\"},\"query-input\":{\"@type\":\"PropertyValueSpecification\",\"valueRequired\":true,\"valueName\":\"search_term_string\"}}],\"inLanguage\":\"ga-IE\"},{\"@type\":\"Organization\",\"@id\":\"https:\/\/leatai.com\/ga\/#organization\",\"name\":\"Leatai Diary, customized journal and business organizer\",\"url\":\"https:\/\/leatai.com\/ga\/\",\"logo\":{\"@type\":\"ImageObject\",\"inLanguage\":\"ga-IE\",\"@id\":\"https:\/\/leatai.com\/ga\/#\/schema\/logo\/image\/\",\"url\":\"https:\/\/leatai.com\/wp-content\/uploads\/logo-blue.png\",\"contentUrl\":\"https:\/\/leatai.com\/wp-content\/uploads\/logo-blue.png\",\"width\":230,\"height\":60,\"caption\":\"Leatai Diary, customized journal and business organizer\"},\"image\":{\"@id\":\"https:\/\/leatai.com\/ga\/#\/schema\/logo\/image\/\"}}]}<\/script>\n<!-- \/ Yoast SEO plugin. -->","yoast_head_json":{"title":"Peann liathr\u00f3ide ardchaighde\u00e1in - An rogha is fearr le haghaidh bronntanais chorpar\u00e1ideacha - Leatai \u2013 Monar\u00f3ir Leabhair N\u00f3ta\u00ed Saincheaptha","description":"T\u00e1 an eala\u00edn a bhaineann le bronntanais a thabhairt san ionad oibre thar a bheith domhain, agus t\u00e1 s\u00e9 n\u00edos deacra f\u00f3s na bainisteoir\u00ed agus na sinsir a sh\u00e1samh. N\u00ed f\u00e9idir leat dul san ioma\u00edocht le halc\u00f3l, n\u00ed thuigeann t\u00fa tae, agus gan tr\u00e1cht ar earra\u00ed s\u00f3. Is \u00e9 an rogha is doimhne agus is s\u00e1bh\u00e1ilte n\u00e1 bosca bronntanais leabhar n\u00f3ta\u00ed saincheaptha, a l\u00e9ir\u00edonn gal\u00e1ntacht agus cult\u00far araon. Rogha sh\u00e1bh\u00e1ilte a thugann suaimhneas intinne duit.","robots":{"index":"index","follow":"follow","max-snippet":"max-snippet:-1","max-image-preview":"max-image-preview:large","max-video-preview":"max-video-preview:-1"},"canonical":"https:\/\/leatai.com\/ga\/product\/leabhar-notai-saincheaptha\/tacar-bronntanais\/peann-liathroide-ardchaighdeain-3\/","og_locale":"ga_IE","og_type":"article","og_title":"Peann liathr\u00f3ide ardchaighde\u00e1in - An rogha is fearr le haghaidh bronntanais chorpar\u00e1ideacha - Leatai \u2013 Monar\u00f3ir Leabhair N\u00f3ta\u00ed Saincheaptha","og_description":"T\u00e1 an eala\u00edn a bhaineann le bronntanais a thabhairt san ionad oibre thar a bheith domhain, agus t\u00e1 s\u00e9 n\u00edos deacra f\u00f3s na bainisteoir\u00ed agus na sinsir a sh\u00e1samh. N\u00ed f\u00e9idir leat dul san ioma\u00edocht le halc\u00f3l, n\u00ed thuigeann t\u00fa tae, agus gan tr\u00e1cht ar earra\u00ed s\u00f3. Is \u00e9 an rogha is doimhne agus is s\u00e1bh\u00e1ilte n\u00e1 bosca bronntanais leabhar n\u00f3ta\u00ed saincheaptha, a l\u00e9ir\u00edonn gal\u00e1ntacht agus cult\u00far araon. Rogha sh\u00e1bh\u00e1ilte a thugann suaimhneas intinne duit.","og_url":"https:\/\/leatai.com\/ga\/product\/leabhar-notai-saincheaptha\/tacar-bronntanais\/peann-liathroide-ardchaighdeain-3\/","og_site_name":"Leatai \u2013 Monar\u00f3ir Leabhair N\u00f3ta\u00ed Saincheaptha","article_modified_time":"2026-02-24T07:54:01+00:00","og_image":[{"width":1000,"height":750,"url":"https:\/\/leatai.com\/wp-content\/uploads\/DSC_0629.jpg","type":"image\/jpeg"}],"twitter_card":"summary_large_image","twitter_misc":{"Est. reading time":"2 minutes"},"schema":{"@context":"https:\/\/schema.org","@graph":[{"@type":"WebPage","@id":"https:\/\/leatai.com\/ga\/product\/leabhar-notai-saincheaptha\/tacar-bronntanais\/peann-liathroide-ardchaighdeain-3\/","url":"https:\/\/leatai.com\/ga\/product\/leabhar-notai-saincheaptha\/tacar-bronntanais\/peann-liathroide-ardchaighdeain-3\/","name":"Peann liathr\u00f3ide ardchaighde\u00e1in - An rogha is fearr le haghaidh bronntanais chorpar\u00e1ideacha - Leatai \u2013 Monar\u00f3ir Leabhair N\u00f3ta\u00ed Saincheaptha","isPartOf":{"@id":"https:\/\/leatai.com\/ga\/#website"},"primaryImageOfPage":{"@id":"https:\/\/leatai.com\/ga\/product\/leabhar-notai-saincheaptha\/tacar-bronntanais\/peann-liathroide-ardchaighdeain-3\/#primaryimage"},"image":{"@id":"https:\/\/leatai.com\/ga\/product\/leabhar-notai-saincheaptha\/tacar-bronntanais\/peann-liathroide-ardchaighdeain-3\/#primaryimage"},"thumbnailUrl":"https:\/\/leatai.com\/wp-content\/uploads\/DSC_0629.jpg","datePublished":"2023-05-22T12:36:23+00:00","dateModified":"2026-02-24T07:54:01+00:00","description":"T\u00e1 an eala\u00edn a bhaineann le bronntanais a thabhairt san ionad oibre thar a bheith domhain, agus t\u00e1 s\u00e9 n\u00edos deacra f\u00f3s na bainisteoir\u00ed agus na sinsir a sh\u00e1samh. N\u00ed f\u00e9idir leat dul san ioma\u00edocht le halc\u00f3l, n\u00ed thuigeann t\u00fa tae, agus gan tr\u00e1cht ar earra\u00ed s\u00f3. Is \u00e9 an rogha is doimhne agus is s\u00e1bh\u00e1ilte n\u00e1 bosca bronntanais leabhar n\u00f3ta\u00ed saincheaptha, a l\u00e9ir\u00edonn gal\u00e1ntacht agus cult\u00far araon. Rogha sh\u00e1bh\u00e1ilte a thugann suaimhneas intinne duit.","breadcrumb":{"@id":"https:\/\/leatai.com\/ga\/product\/leabhar-notai-saincheaptha\/tacar-bronntanais\/peann-liathroide-ardchaighdeain-3\/#breadcrumb"},"inLanguage":"ga-IE","potentialAction":[{"@type":"ReadAction","target":["https:\/\/leatai.com\/ga\/product\/leabhar-notai-saincheaptha\/tacar-bronntanais\/peann-liathroide-ardchaighdeain-3\/"]}]},{"@type":"ImageObject","inLanguage":"ga-IE","@id":"https:\/\/leatai.com\/ga\/product\/leabhar-notai-saincheaptha\/tacar-bronntanais\/peann-liathroide-ardchaighdeain-3\/#primaryimage","url":"https:\/\/leatai.com\/wp-content\/uploads\/DSC_0629.jpg","contentUrl":"https:\/\/leatai.com\/wp-content\/uploads\/DSC_0629.jpg","width":1000,"height":750,"caption":"Peann bronntanais ardchaighde\u00e1in"},{"@type":"BreadcrumbList","@id":"https:\/\/leatai.com\/ga\/product\/leabhar-notai-saincheaptha\/tacar-bronntanais\/peann-liathroide-ardchaighdeain-3\/#breadcrumb","itemListElement":[{"@type":"ListItem","position":1,"name":"Home","item":"https:\/\/leatai.com\/ga\/"},{"@type":"ListItem","position":2,"name":"Cur i l\u00e1thair T\u00e1irg\u00ed","item":"https:\/\/leatai.com\/products\/"},{"@type":"ListItem","position":3,"name":"Leabhar n\u00f3ta\u00ed saincheaptha","item":"https:\/\/leatai.com\/ga\/product-category\/leabhar-notai-saincheaptha\/"},{"@type":"ListItem","position":4,"name":"Tacar Bronntanais","item":"https:\/\/leatai.com\/ga\/product-category\/leabhar-notai-saincheaptha\/tacar-bronntanais\/"},{"@type":"ListItem","position":5,"name":"Peann liathr\u00f3ide ardchaighde\u00e1in &#8211; 3"}]},{"@type":"WebSite","@id":"https:\/\/leatai.com\/ga\/#website","url":"https:\/\/leatai.com\/ga\/","name":"Leatai \u2013 Monar\u00f3ir Leabhair N\u00f3ta\u00ed Saincheaptha","description":"Sol\u00e1thra\u00edonn Leatai leabhair n\u00f3ta\u00ed agus plean\u00e1laithe saincheaptha do bhranda\u00ed agus d\u00e1ileoir\u00ed ar fud an domhain.","publisher":{"@id":"https:\/\/leatai.com\/ga\/#organization"},"potentialAction":[{"@type":"SearchAction","target":{"@type":"EntryPoint","urlTemplate":"https:\/\/leatai.com\/ga\/?s={search_term_string}"},"query-input":{"@type":"PropertyValueSpecification","valueRequired":true,"valueName":"search_term_string"}}],"inLanguage":"ga-IE"},{"@type":"Organization","@id":"https:\/\/leatai.com\/ga\/#organization","name":"Leatai Diary, customized journal and business organizer","url":"https:\/\/leatai.com\/ga\/","logo":{"@type":"ImageObject","inLanguage":"ga-IE","@id":"https:\/\/leatai.com\/ga\/#\/schema\/logo\/image\/","url":"https:\/\/leatai.com\/wp-content\/uploads\/logo-blue.png","contentUrl":"https:\/\/leatai.com\/wp-content\/uploads\/logo-blue.png","width":230,"height":60,"caption":"Leatai Diary, customized journal and business organizer"},"image":{"@id":"https:\/\/leatai.com\/ga\/#\/schema\/logo\/image\/"}}]}},"_links":{"self":[{"href":"https:\/\/leatai.com\/ga\/wp-json\/wp\/v2\/product\/276810","targetHints":{"allow":["GET"]}}],"collection":[{"href":"https:\/\/leatai.com\/ga\/wp-json\/wp\/v2\/product"}],"about":[{"href":"https:\/\/leatai.com\/ga\/wp-json\/wp\/v2\/types\/product"}],"wp:featuredmedia":[{"embeddable":true,"href":"https:\/\/leatai.com\/ga\/wp-json\/wp\/v2\/media\/276811"}],"wp:attachment":[{"href":"https:\/\/leatai.com\/ga\/wp-json\/wp\/v2\/media?parent=276810"}],"wp:term":[{"taxonomy":"product_brand","embeddable":true,"href":"https:\/\/leatai.com\/ga\/wp-json\/wp\/v2\/product_brand?post=276810"},{"taxonomy":"product_cat","embeddable":true,"href":"https:\/\/leatai.com\/ga\/wp-json\/wp\/v2\/product_cat?post=276810"},{"taxonomy":"product_tag","embeddable":true,"href":"https:\/\/leatai.com\/ga\/wp-json\/wp\/v2\/product_tag?post=276810"},{"taxonomy":"home_works","embeddable":true,"href":"https:\/\/leatai.com\/ga\/wp-json\/wp\/v2\/home_works?post=276810"}],"curies":[{"name":"wp","href":"https:\/\/api.w.org\/{rel}","templated":true}]}}