{"id":276725,"date":"2021-08-16T20:29:06","date_gmt":"2021-08-16T12:29:06","guid":{"rendered":"https:\/\/leatai.com\/product\/uncategorized\/%e4%ba%a4%e5%b1%8b%e5%8c%85-%e4%ba%a4%e8%bb%8a%e5%8c%85-01\/"},"modified":"2026-02-24T14:38:02","modified_gmt":"2026-02-24T06:38:02","slug":"mala-seachadta-ti-mala-seachadta-gluaisteain-01","status":"publish","type":"product","link":"https:\/\/leatai.com\/ga\/product\/mala-seachadta-seachadadh-carranna\/mala-seachadta-ti-mala-seachadta-gluaisteain-01\/","title":{"rendered":"M\u00e1la seachadta t\u00ed \/ m\u00e1la seachadta gluaiste\u00e1in &#8211; 01"},"content":{"rendered":"<p>Samhail t\u00e1irge: M\u00e1la seachadta t\u00ed \/ m\u00e1la seachadta gluaiste\u00e1in &#8211; 01<br \/>\n\u00c1bhar an chl\u00fadaigh: Leathar sint\u00e9iseach<br \/>\nDath: Dubh<br \/>\nSonra\u00edochta\u00ed: A4 <a href=\"https:\/\/leatai.com\/ga\/faq\/cad-iad-na-meideanna-pleanalai-8k-16k-agus-25k-ce-chomh-mor-is-ata-siad\/\" target=\"_blank\" rel=\"noopener\">(m\u00e9id coitianta)<\/a><br \/>\nLeathanaigh istigh: Gan aon cheann<a href=\"https:\/\/leatai.com\/ga\/product-category\/formaid-leathanach-inmheanach\/leathanaigh-inmheanacha-a5\/\" target=\"_blank\" rel=\"noopener\">(roghanna form\u00e1ide leathanaigh istigh)<\/a><br \/>\nPac\u00e1isti\u00fa: M\u00e1la OPP (roghnach)<br \/>\nModh pr\u00f3ise\u00e1la LOGO: Stamp\u00e1il \u00f3ir, stamp\u00e1il airgid, brand\u00e1il te<\/p>\n<p>Cur s\u00edos ar an t\u00e1irge<br \/>\nIs \u00e9 M\u00e1la seachadta t\u00ed \/ m\u00e1la seachadta gluaiste\u00e1in &#8211; 01 samhail t\u00e1irge de chuid Leatai. Is aisling saoil \u00ed teach a cheannach do go leor daoine. Nuair a chr\u00edochna\u00edtear an t-idirbheart, ba ch\u00f3ir an ts\u00f3cmhainn th\u00e1bhachtach seo a chaomhn\u00fa i gceart. N\u00ed hamh\u00e1in gur \u00e9acht \u00e9, ach is cuimhne mhilis don todhcha\u00ed \u00e9 freisin. Is \u00e9 A4 an m\u00e9id is oiri\u00fana\u00ed.<\/p>\n<p>\ud83d\udcd6 Le haghaidh tuilleadh molta\u00ed ar leabhair n\u00f3ta\u00ed saincheaptha \/ priont\u00e1il agus t\u00e1irgeadh dialann gn\u00f3 saincheaptha, f\u00e9ach le do thoil:<br \/>\n<a href=\"https:\/\/leatai.com\/ga\/product-category\/samplai-oem-eagsula\/leabhar-crua-cheangailte-oem\/\" target=\"_blank\" rel=\"noopener\">OEM leabhar crua-chl\u00fadaigh<\/a><br \/>\n<a href=\"https:\/\/leatai.com\/ga\/product-category\/samplai-oem-eagsula\/dialann-scaoilte-leathanach-oem\/\" target=\"_blank\" rel=\"noopener\">OEM leabhar f\u00e1inn\u00ed scaoilte<\/a><br \/>\n<a href=\"https:\/\/leatai.com\/ga\/product-category\/samplai-oem-eagsula\/dialann-inbhainte-oem\/\" target=\"_blank\" rel=\"noopener\">OEM leabhar f\u00e1inn\u00ed scaoilte inbhainte<\/a><br \/>\n<a href=\"https:\/\/leatai.com\/ga\/product-category\/samplai-oem-eagsula\/dialann-paipearbhanda-oem\/\" target=\"_blank\" rel=\"noopener\">OEM leabhar bog-chl\u00fadaigh<\/a><br \/>\n<a href=\"https:\/\/leatai.com\/ga\/product-category\/samplai-oem-eagsula\/dialann-biseach-oem\/\" target=\"_blank\" rel=\"noopener\">OEM leabhar coil<\/a><br \/>\n<a href=\"https:\/\/leatai.com\/ga\/product-category\/samplai-oem-eagsula\/feilire-oem\/\" target=\"_blank\" rel=\"noopener\">OEM t\u00e1irgeadh f\u00e9ilire beag str\u00f3icthe saincheaptha \/ priont\u00e1il f\u00e9ilire boird saincheaptha<\/a><br \/>\n<a href=\"https:\/\/leatai.com\/ga\/product-category\/samplai-oem-eagsula\/oem-eile\/\" target=\"_blank\" rel=\"noopener\">OEM eile<\/a><\/p>\n<p>Le haghaidh m\u00edni\u00fa ioml\u00e1n ar mh\u00e9ideanna, f\u00e9ach le do thoil: <a href=\"https:\/\/leatai.com\/ga\/eolas-leabhar-notai\/treoir-ar-mheideanna-paipeir-ag-tuigbheail-na-meideanna-coitianta-cosuil-le-b3-a4-b5-8k-16k-agus-tuilleadh-cairt-meid-chuimsitheach-le-haghaidh-tagartha-easca\/\" target=\"_blank\" rel=\"noopener\">Treoir m\u00e9ideanna p\u00e1ip\u00e9ir: conas a dh\u00e9antar idirdheal\u00fa idir B3, A4, B5, 8K, 16K agus m\u00e9ideanna coitianta eile? T\u00e1bla compar\u00e1ide m\u00e9ideanna p\u00e1ip\u00e9ir a thuigfear ar an bpointe boise!<\/a><\/p>\n","protected":false},"excerpt":{"rendered":"<p>Samhail t\u00e1irge: M\u00e1la seachadta t\u00ed \/ m\u00e1la seachadta gluaiste\u00e1in &#8211; 01 \u00c1bhar an chl\u00fadaigh: Leathar sint\u00e9iseach Dath: Dubh Sonra\u00edochta\u00ed: A4 (m\u00e9id coitianta) Leathanaigh istigh: Gan aon cheann(roghanna form\u00e1ide leathanaigh istigh) Pac\u00e1isti\u00fa: M\u00e1la OPP (roghnach) Modh pr\u00f3ise\u00e1la LOGO: Stamp\u00e1il \u00f3ir, stamp\u00e1il airgid, brand\u00e1il te Cur s\u00edos ar an t\u00e1irge Is \u00e9 M\u00e1la seachadta t\u00ed \/ m\u00e1la [&hellip;]<\/p>\n","protected":false},"featured_media":276726,"template":"","meta":{"_acf_changed":false},"product_brand":[],"product_cat":[809],"product_tag":[1716],"home_works":[],"class_list":{"0":"post-276725","1":"product","2":"type-product","3":"status-publish","4":"has-post-thumbnail","6":"product_cat-mala-seachadta-seachadadh-carranna","7":"product_tag-leabhar-notai-saincheaptha","9":"first","10":"outofstock","11":"sold-individually","12":"shipping-taxable","13":"purchasable","14":"product-type-variable","15":"has-default-attributes"},"acf":[],"yoast_head":"<!-- This site is optimized with the Yoast SEO plugin v27.2 - https:\/\/yoast.com\/product\/yoast-seo-wordpress\/ -->\n<title>M\u00e1la seachadta t\u00ed \/ m\u00e1la seachadta gluaiste\u00e1in - 01 - M\u00e1la seachadta A4, chun do sh\u00f3cmhainn\u00ed t\u00e1bhachtacha a choinne\u00e1il sl\u00e1n duit. - Leatai \u2013 Monar\u00f3ir Leabhair N\u00f3ta\u00ed Saincheaptha<\/title>\n<meta name=\"description\" content=\"Is \u00e9 M\u00e1la seachadta t\u00ed \/ m\u00e1la seachadta gluaiste\u00e1in - 01 samhail t\u00e1irge de chuid Leatai. Is aisling saoil \u00ed teach a cheannach do go leor daoine. Nuair a chr\u00edochna\u00edtear an t-idirbheart, ba ch\u00f3ir an ts\u00f3cmhainn th\u00e1bhachtach seo a chaomhn\u00fa i gceart. N\u00ed hamh\u00e1in gur \u00e9acht \u00e9, ach is cuimhne mhilis don todhcha\u00ed \u00e9 freisin. Is \u00e9 A4 an m\u00e9id is oiri\u00fana\u00ed.\" \/>\n<meta name=\"robots\" content=\"index, follow, max-snippet:-1, max-image-preview:large, max-video-preview:-1\" \/>\n<link rel=\"canonical\" href=\"https:\/\/leatai.com\/ga\/product\/mala-seachadta-seachadadh-carranna\/mala-seachadta-ti-mala-seachadta-gluaisteain-01\/\" \/>\n<meta property=\"og:locale\" content=\"ga_IE\" \/>\n<meta property=\"og:type\" content=\"article\" \/>\n<meta property=\"og:title\" content=\"M\u00e1la seachadta t\u00ed \/ m\u00e1la seachadta gluaiste\u00e1in - 01 - M\u00e1la seachadta A4, chun do sh\u00f3cmhainn\u00ed t\u00e1bhachtacha a choinne\u00e1il sl\u00e1n duit. - Leatai \u2013 Monar\u00f3ir Leabhair N\u00f3ta\u00ed Saincheaptha\" \/>\n<meta property=\"og:description\" content=\"Is \u00e9 M\u00e1la seachadta t\u00ed \/ m\u00e1la seachadta gluaiste\u00e1in - 01 samhail t\u00e1irge de chuid Leatai. Is aisling saoil \u00ed teach a cheannach do go leor daoine. Nuair a chr\u00edochna\u00edtear an t-idirbheart, ba ch\u00f3ir an ts\u00f3cmhainn th\u00e1bhachtach seo a chaomhn\u00fa i gceart. N\u00ed hamh\u00e1in gur \u00e9acht \u00e9, ach is cuimhne mhilis don todhcha\u00ed \u00e9 freisin. Is \u00e9 A4 an m\u00e9id is oiri\u00fana\u00ed.\" \/>\n<meta property=\"og:url\" content=\"https:\/\/leatai.com\/ga\/product\/mala-seachadta-seachadadh-carranna\/mala-seachadta-ti-mala-seachadta-gluaisteain-01\/\" \/>\n<meta property=\"og:site_name\" content=\"Leatai \u2013 Monar\u00f3ir Leabhair N\u00f3ta\u00ed Saincheaptha\" \/>\n<meta property=\"article:modified_time\" content=\"2026-02-24T06:38:02+00:00\" \/>\n<meta property=\"og:image\" content=\"https:\/\/leatai.com\/wp-content\/uploads\/DSC_8747.jpg\" \/>\n\t<meta property=\"og:image:width\" content=\"1000\" \/>\n\t<meta property=\"og:image:height\" content=\"750\" \/>\n\t<meta property=\"og:image:type\" content=\"image\/jpeg\" \/>\n<meta name=\"twitter:card\" content=\"summary_large_image\" \/>\n<meta name=\"twitter:label1\" content=\"Est. reading time\" \/>\n\t<meta name=\"twitter:data1\" content=\"2 minutes\" \/>\n<script type=\"application\/ld+json\" class=\"yoast-schema-graph\">{\"@context\":\"https:\/\/schema.org\",\"@graph\":[{\"@type\":\"WebPage\",\"@id\":\"https:\/\/leatai.com\/ga\/product\/mala-seachadta-seachadadh-carranna\/mala-seachadta-ti-mala-seachadta-gluaisteain-01\/\",\"url\":\"https:\/\/leatai.com\/ga\/product\/mala-seachadta-seachadadh-carranna\/mala-seachadta-ti-mala-seachadta-gluaisteain-01\/\",\"name\":\"M\u00e1la seachadta t\u00ed \/ m\u00e1la seachadta gluaiste\u00e1in - 01 - M\u00e1la seachadta A4, chun do sh\u00f3cmhainn\u00ed t\u00e1bhachtacha a choinne\u00e1il sl\u00e1n duit. - Leatai \u2013 Monar\u00f3ir Leabhair N\u00f3ta\u00ed Saincheaptha\",\"isPartOf\":{\"@id\":\"https:\/\/leatai.com\/ga\/#website\"},\"primaryImageOfPage\":{\"@id\":\"https:\/\/leatai.com\/ga\/product\/mala-seachadta-seachadadh-carranna\/mala-seachadta-ti-mala-seachadta-gluaisteain-01\/#primaryimage\"},\"image\":{\"@id\":\"https:\/\/leatai.com\/ga\/product\/mala-seachadta-seachadadh-carranna\/mala-seachadta-ti-mala-seachadta-gluaisteain-01\/#primaryimage\"},\"thumbnailUrl\":\"https:\/\/leatai.com\/wp-content\/uploads\/DSC_8747.jpg\",\"datePublished\":\"2021-08-16T12:29:06+00:00\",\"dateModified\":\"2026-02-24T06:38:02+00:00\",\"description\":\"Is \u00e9 M\u00e1la seachadta t\u00ed \/ m\u00e1la seachadta gluaiste\u00e1in - 01 samhail t\u00e1irge de chuid Leatai. Is aisling saoil \u00ed teach a cheannach do go leor daoine. Nuair a chr\u00edochna\u00edtear an t-idirbheart, ba ch\u00f3ir an ts\u00f3cmhainn th\u00e1bhachtach seo a chaomhn\u00fa i gceart. N\u00ed hamh\u00e1in gur \u00e9acht \u00e9, ach is cuimhne mhilis don todhcha\u00ed \u00e9 freisin. Is \u00e9 A4 an m\u00e9id is oiri\u00fana\u00ed.\",\"breadcrumb\":{\"@id\":\"https:\/\/leatai.com\/ga\/product\/mala-seachadta-seachadadh-carranna\/mala-seachadta-ti-mala-seachadta-gluaisteain-01\/#breadcrumb\"},\"inLanguage\":\"ga-IE\",\"potentialAction\":[{\"@type\":\"ReadAction\",\"target\":[\"https:\/\/leatai.com\/ga\/product\/mala-seachadta-seachadadh-carranna\/mala-seachadta-ti-mala-seachadta-gluaisteain-01\/\"]}]},{\"@type\":\"ImageObject\",\"inLanguage\":\"ga-IE\",\"@id\":\"https:\/\/leatai.com\/ga\/product\/mala-seachadta-seachadadh-carranna\/mala-seachadta-ti-mala-seachadta-gluaisteain-01\/#primaryimage\",\"url\":\"https:\/\/leatai.com\/wp-content\/uploads\/DSC_8747.jpg\",\"contentUrl\":\"https:\/\/leatai.com\/wp-content\/uploads\/DSC_8747.jpg\",\"width\":1000,\"height\":750,\"caption\":\"M\u00e1la seachadta t\u00ed\"},{\"@type\":\"BreadcrumbList\",\"@id\":\"https:\/\/leatai.com\/ga\/product\/mala-seachadta-seachadadh-carranna\/mala-seachadta-ti-mala-seachadta-gluaisteain-01\/#breadcrumb\",\"itemListElement\":[{\"@type\":\"ListItem\",\"position\":1,\"name\":\"Home\",\"item\":\"https:\/\/leatai.com\/ga\/\"},{\"@type\":\"ListItem\",\"position\":2,\"name\":\"Cur i l\u00e1thair T\u00e1irg\u00ed\",\"item\":\"https:\/\/leatai.com\/products\/\"},{\"@type\":\"ListItem\",\"position\":3,\"name\":\"M\u00e1la Seachadta \/ Seachadadh Carranna\",\"item\":\"https:\/\/leatai.com\/ga\/product-category\/mala-seachadta-seachadadh-carranna\/\"},{\"@type\":\"ListItem\",\"position\":4,\"name\":\"M\u00e1la seachadta t\u00ed \/ m\u00e1la seachadta gluaiste\u00e1in &#8211; 01\"}]},{\"@type\":\"WebSite\",\"@id\":\"https:\/\/leatai.com\/ga\/#website\",\"url\":\"https:\/\/leatai.com\/ga\/\",\"name\":\"Leatai \u2013 Monar\u00f3ir Leabhair N\u00f3ta\u00ed Saincheaptha\",\"description\":\"Sol\u00e1thra\u00edonn Leatai leabhair n\u00f3ta\u00ed agus plean\u00e1laithe saincheaptha do bhranda\u00ed agus d\u00e1ileoir\u00ed ar fud an domhain.\",\"publisher\":{\"@id\":\"https:\/\/leatai.com\/ga\/#organization\"},\"potentialAction\":[{\"@type\":\"SearchAction\",\"target\":{\"@type\":\"EntryPoint\",\"urlTemplate\":\"https:\/\/leatai.com\/ga\/?s={search_term_string}\"},\"query-input\":{\"@type\":\"PropertyValueSpecification\",\"valueRequired\":true,\"valueName\":\"search_term_string\"}}],\"inLanguage\":\"ga-IE\"},{\"@type\":\"Organization\",\"@id\":\"https:\/\/leatai.com\/ga\/#organization\",\"name\":\"Leatai Diary, customized journal and business organizer\",\"url\":\"https:\/\/leatai.com\/ga\/\",\"logo\":{\"@type\":\"ImageObject\",\"inLanguage\":\"ga-IE\",\"@id\":\"https:\/\/leatai.com\/ga\/#\/schema\/logo\/image\/\",\"url\":\"https:\/\/leatai.com\/wp-content\/uploads\/logo-blue.png\",\"contentUrl\":\"https:\/\/leatai.com\/wp-content\/uploads\/logo-blue.png\",\"width\":230,\"height\":60,\"caption\":\"Leatai Diary, customized journal and business organizer\"},\"image\":{\"@id\":\"https:\/\/leatai.com\/ga\/#\/schema\/logo\/image\/\"}}]}<\/script>\n<!-- \/ Yoast SEO plugin. -->","yoast_head_json":{"title":"M\u00e1la seachadta t\u00ed \/ m\u00e1la seachadta gluaiste\u00e1in - 01 - M\u00e1la seachadta A4, chun do sh\u00f3cmhainn\u00ed t\u00e1bhachtacha a choinne\u00e1il sl\u00e1n duit. - Leatai \u2013 Monar\u00f3ir Leabhair N\u00f3ta\u00ed Saincheaptha","description":"Is \u00e9 M\u00e1la seachadta t\u00ed \/ m\u00e1la seachadta gluaiste\u00e1in - 01 samhail t\u00e1irge de chuid Leatai. Is aisling saoil \u00ed teach a cheannach do go leor daoine. Nuair a chr\u00edochna\u00edtear an t-idirbheart, ba ch\u00f3ir an ts\u00f3cmhainn th\u00e1bhachtach seo a chaomhn\u00fa i gceart. N\u00ed hamh\u00e1in gur \u00e9acht \u00e9, ach is cuimhne mhilis don todhcha\u00ed \u00e9 freisin. Is \u00e9 A4 an m\u00e9id is oiri\u00fana\u00ed.","robots":{"index":"index","follow":"follow","max-snippet":"max-snippet:-1","max-image-preview":"max-image-preview:large","max-video-preview":"max-video-preview:-1"},"canonical":"https:\/\/leatai.com\/ga\/product\/mala-seachadta-seachadadh-carranna\/mala-seachadta-ti-mala-seachadta-gluaisteain-01\/","og_locale":"ga_IE","og_type":"article","og_title":"M\u00e1la seachadta t\u00ed \/ m\u00e1la seachadta gluaiste\u00e1in - 01 - M\u00e1la seachadta A4, chun do sh\u00f3cmhainn\u00ed t\u00e1bhachtacha a choinne\u00e1il sl\u00e1n duit. - Leatai \u2013 Monar\u00f3ir Leabhair N\u00f3ta\u00ed Saincheaptha","og_description":"Is \u00e9 M\u00e1la seachadta t\u00ed \/ m\u00e1la seachadta gluaiste\u00e1in - 01 samhail t\u00e1irge de chuid Leatai. Is aisling saoil \u00ed teach a cheannach do go leor daoine. Nuair a chr\u00edochna\u00edtear an t-idirbheart, ba ch\u00f3ir an ts\u00f3cmhainn th\u00e1bhachtach seo a chaomhn\u00fa i gceart. N\u00ed hamh\u00e1in gur \u00e9acht \u00e9, ach is cuimhne mhilis don todhcha\u00ed \u00e9 freisin. Is \u00e9 A4 an m\u00e9id is oiri\u00fana\u00ed.","og_url":"https:\/\/leatai.com\/ga\/product\/mala-seachadta-seachadadh-carranna\/mala-seachadta-ti-mala-seachadta-gluaisteain-01\/","og_site_name":"Leatai \u2013 Monar\u00f3ir Leabhair N\u00f3ta\u00ed Saincheaptha","article_modified_time":"2026-02-24T06:38:02+00:00","og_image":[{"width":1000,"height":750,"url":"https:\/\/leatai.com\/wp-content\/uploads\/DSC_8747.jpg","type":"image\/jpeg"}],"twitter_card":"summary_large_image","twitter_misc":{"Est. reading time":"2 minutes"},"schema":{"@context":"https:\/\/schema.org","@graph":[{"@type":"WebPage","@id":"https:\/\/leatai.com\/ga\/product\/mala-seachadta-seachadadh-carranna\/mala-seachadta-ti-mala-seachadta-gluaisteain-01\/","url":"https:\/\/leatai.com\/ga\/product\/mala-seachadta-seachadadh-carranna\/mala-seachadta-ti-mala-seachadta-gluaisteain-01\/","name":"M\u00e1la seachadta t\u00ed \/ m\u00e1la seachadta gluaiste\u00e1in - 01 - M\u00e1la seachadta A4, chun do sh\u00f3cmhainn\u00ed t\u00e1bhachtacha a choinne\u00e1il sl\u00e1n duit. - Leatai \u2013 Monar\u00f3ir Leabhair N\u00f3ta\u00ed Saincheaptha","isPartOf":{"@id":"https:\/\/leatai.com\/ga\/#website"},"primaryImageOfPage":{"@id":"https:\/\/leatai.com\/ga\/product\/mala-seachadta-seachadadh-carranna\/mala-seachadta-ti-mala-seachadta-gluaisteain-01\/#primaryimage"},"image":{"@id":"https:\/\/leatai.com\/ga\/product\/mala-seachadta-seachadadh-carranna\/mala-seachadta-ti-mala-seachadta-gluaisteain-01\/#primaryimage"},"thumbnailUrl":"https:\/\/leatai.com\/wp-content\/uploads\/DSC_8747.jpg","datePublished":"2021-08-16T12:29:06+00:00","dateModified":"2026-02-24T06:38:02+00:00","description":"Is \u00e9 M\u00e1la seachadta t\u00ed \/ m\u00e1la seachadta gluaiste\u00e1in - 01 samhail t\u00e1irge de chuid Leatai. Is aisling saoil \u00ed teach a cheannach do go leor daoine. Nuair a chr\u00edochna\u00edtear an t-idirbheart, ba ch\u00f3ir an ts\u00f3cmhainn th\u00e1bhachtach seo a chaomhn\u00fa i gceart. N\u00ed hamh\u00e1in gur \u00e9acht \u00e9, ach is cuimhne mhilis don todhcha\u00ed \u00e9 freisin. Is \u00e9 A4 an m\u00e9id is oiri\u00fana\u00ed.","breadcrumb":{"@id":"https:\/\/leatai.com\/ga\/product\/mala-seachadta-seachadadh-carranna\/mala-seachadta-ti-mala-seachadta-gluaisteain-01\/#breadcrumb"},"inLanguage":"ga-IE","potentialAction":[{"@type":"ReadAction","target":["https:\/\/leatai.com\/ga\/product\/mala-seachadta-seachadadh-carranna\/mala-seachadta-ti-mala-seachadta-gluaisteain-01\/"]}]},{"@type":"ImageObject","inLanguage":"ga-IE","@id":"https:\/\/leatai.com\/ga\/product\/mala-seachadta-seachadadh-carranna\/mala-seachadta-ti-mala-seachadta-gluaisteain-01\/#primaryimage","url":"https:\/\/leatai.com\/wp-content\/uploads\/DSC_8747.jpg","contentUrl":"https:\/\/leatai.com\/wp-content\/uploads\/DSC_8747.jpg","width":1000,"height":750,"caption":"M\u00e1la seachadta t\u00ed"},{"@type":"BreadcrumbList","@id":"https:\/\/leatai.com\/ga\/product\/mala-seachadta-seachadadh-carranna\/mala-seachadta-ti-mala-seachadta-gluaisteain-01\/#breadcrumb","itemListElement":[{"@type":"ListItem","position":1,"name":"Home","item":"https:\/\/leatai.com\/ga\/"},{"@type":"ListItem","position":2,"name":"Cur i l\u00e1thair T\u00e1irg\u00ed","item":"https:\/\/leatai.com\/products\/"},{"@type":"ListItem","position":3,"name":"M\u00e1la Seachadta \/ Seachadadh Carranna","item":"https:\/\/leatai.com\/ga\/product-category\/mala-seachadta-seachadadh-carranna\/"},{"@type":"ListItem","position":4,"name":"M\u00e1la seachadta t\u00ed \/ m\u00e1la seachadta gluaiste\u00e1in &#8211; 01"}]},{"@type":"WebSite","@id":"https:\/\/leatai.com\/ga\/#website","url":"https:\/\/leatai.com\/ga\/","name":"Leatai \u2013 Monar\u00f3ir Leabhair N\u00f3ta\u00ed Saincheaptha","description":"Sol\u00e1thra\u00edonn Leatai leabhair n\u00f3ta\u00ed agus plean\u00e1laithe saincheaptha do bhranda\u00ed agus d\u00e1ileoir\u00ed ar fud an domhain.","publisher":{"@id":"https:\/\/leatai.com\/ga\/#organization"},"potentialAction":[{"@type":"SearchAction","target":{"@type":"EntryPoint","urlTemplate":"https:\/\/leatai.com\/ga\/?s={search_term_string}"},"query-input":{"@type":"PropertyValueSpecification","valueRequired":true,"valueName":"search_term_string"}}],"inLanguage":"ga-IE"},{"@type":"Organization","@id":"https:\/\/leatai.com\/ga\/#organization","name":"Leatai Diary, customized journal and business organizer","url":"https:\/\/leatai.com\/ga\/","logo":{"@type":"ImageObject","inLanguage":"ga-IE","@id":"https:\/\/leatai.com\/ga\/#\/schema\/logo\/image\/","url":"https:\/\/leatai.com\/wp-content\/uploads\/logo-blue.png","contentUrl":"https:\/\/leatai.com\/wp-content\/uploads\/logo-blue.png","width":230,"height":60,"caption":"Leatai Diary, customized journal and business organizer"},"image":{"@id":"https:\/\/leatai.com\/ga\/#\/schema\/logo\/image\/"}}]}},"_links":{"self":[{"href":"https:\/\/leatai.com\/ga\/wp-json\/wp\/v2\/product\/276725","targetHints":{"allow":["GET"]}}],"collection":[{"href":"https:\/\/leatai.com\/ga\/wp-json\/wp\/v2\/product"}],"about":[{"href":"https:\/\/leatai.com\/ga\/wp-json\/wp\/v2\/types\/product"}],"wp:featuredmedia":[{"embeddable":true,"href":"https:\/\/leatai.com\/ga\/wp-json\/wp\/v2\/media\/276726"}],"wp:attachment":[{"href":"https:\/\/leatai.com\/ga\/wp-json\/wp\/v2\/media?parent=276725"}],"wp:term":[{"taxonomy":"product_brand","embeddable":true,"href":"https:\/\/leatai.com\/ga\/wp-json\/wp\/v2\/product_brand?post=276725"},{"taxonomy":"product_cat","embeddable":true,"href":"https:\/\/leatai.com\/ga\/wp-json\/wp\/v2\/product_cat?post=276725"},{"taxonomy":"product_tag","embeddable":true,"href":"https:\/\/leatai.com\/ga\/wp-json\/wp\/v2\/product_tag?post=276725"},{"taxonomy":"home_works","embeddable":true,"href":"https:\/\/leatai.com\/ga\/wp-json\/wp\/v2\/home_works?post=276725"}],"curies":[{"name":"wp","href":"https:\/\/api.w.org\/{rel}","templated":true}]}}