{"id":275122,"date":"2021-06-24T13:32:49","date_gmt":"2021-06-24T05:32:49","guid":{"rendered":"https:\/\/leatai.com\/product\/uncategorized\/lhc-002\/"},"modified":"2026-02-24T11:10:03","modified_gmt":"2026-02-24T03:10:03","slug":"lhc-002","status":"publish","type":"product","link":"https:\/\/leatai.com\/ga\/product\/leabhar-notai-saincheaptha\/leabhar-notai-cludaigh-chrua\/lhc-002\/","title":{"rendered":"LHC-002"},"content":{"rendered":"<p>Samhail t\u00e1irge: LHC-002<br \/>\n\u00c1bhar an chl\u00fadaigh: P\u00e1ip\u00e9ar eala\u00edne<br \/>\nDath: Gorm<br \/>\nSonra\u00edochta\u00ed: 16K \/ 25K \/ 48K <a href=\"https:\/\/leatai.com\/ga\/faq\/cad-iad-na-meideanna-pleanalai-8k-16k-agus-25k-ce-chomh-mor-is-ata-siad\/\" target=\"_blank\" rel=\"noopener\">(m\u00e9id coitianta)<\/a><br \/>\nLeathanaigh istigh: Caighde\u00e1nach <a href=\"https:\/\/leatai.com\/ga\/product-category\/formaid-leathanach-inmheanach\/leathanaigh-inmheanacha-a5\/\" target=\"_blank\" rel=\"noopener\">(roghanna form\u00e1ide leathanaigh istigh)<\/a><br \/>\nPac\u00e1isti\u00fa: M\u00e1la OPP (roghnach)<br \/>\nModh pr\u00f3ise\u00e1la LOGO: Stamp\u00e1il \u00f3ir, stamp\u00e1il airgid, brand\u00e1il te<br \/>\nModh leabhair chrua: Droim chearnach \/ Droim chruinn \/ St\u00edl teastais (is \u00e9 droim chearnach an r\u00e9amhshocr\u00fa)<\/p>\n<p>Leabhar crua le droim chruinn:<br \/>\nDearadh cuartha i l\u00e1r an droim, cruth sruthl\u00ednithe, claise leabhair chlasaiceach!<\/p>\n<p>Leabhar crua le droim chearnach:<br \/>\nDearadh droim chearnach, moth\u00fa crua daingean, chomh f\u00edne\u00e1il le leabhar sc\u00e9il, is taitneamh gach uair a scr\u00edobhtar ann!<\/p>\n<p>Leabhar crua i st\u00edl teastais:<br \/>\nGan dearadh droim n\u00e1 claise leabhair, \u00e9asca le leathn\u00fa agus le l\u00e9amh, le coirn\u00e9il chruinne a chuireann le moth\u00fa m\u00edn \u00e9adrom!<\/p>\n<p>Cur s\u00edos ar an t\u00e1irge<br \/>\nIs \u00e9 LHC-002 samhail t\u00e1irge de chuid Leatai. T\u00e1 an comhcheangal dathanna traidisi\u00fanta agus discr\u00e9ideach f\u00f3s an-choitianta i measc go leor gn\u00f3lachta\u00ed, go h\u00e1irithe an gorm dorcha, at\u00e1 roghnaithe ag go leor corpar\u00e1id\u00ed m\u00f3ra mar dhath oifigi\u00fail. Tugann s\u00e9 moth\u00fa socair agus t\u00fa f\u00f3s ag coinne\u00e1il c\u00e9im \u00e9adrom shol\u00fabtha. Samhail mholta de dhialann ghn\u00f3 crua-chl\u00fadaigh.<\/p>\n<p>\ud83d\udcd6 Le haghaidh tuilleadh molta\u00ed ar leabhair n\u00f3ta\u00ed saincheaptha \/ priont\u00e1il agus t\u00e1irgeadh dialann gn\u00f3 saincheaptha, f\u00e9ach le do thoil:<br \/>\n<a href=\"https:\/\/leatai.com\/ga\/product-category\/samplai-oem-eagsula\/leabhar-crua-cheangailte-oem\/\" target=\"_blank\" rel=\"noopener\">OEM leabhar crua-chl\u00fadaigh<\/a><br \/>\n<a href=\"https:\/\/leatai.com\/ga\/product-category\/samplai-oem-eagsula\/dialann-scaoilte-leathanach-oem\/\" target=\"_blank\" rel=\"noopener\">OEM leabhar f\u00e1inn\u00ed scaoilte<\/a><br \/>\n<a href=\"https:\/\/leatai.com\/ga\/product-category\/samplai-oem-eagsula\/dialann-inbhainte-oem\/\" target=\"_blank\" rel=\"noopener\">OEM leabhar f\u00e1inn\u00ed scaoilte inbhainte<\/a><br \/>\n<a href=\"https:\/\/leatai.com\/ga\/product-category\/samplai-oem-eagsula\/dialann-paipearbhanda-oem\/\" target=\"_blank\" rel=\"noopener\">OEM leabhar bog-chl\u00fadaigh<\/a><br \/>\n<a href=\"https:\/\/leatai.com\/ga\/product-category\/samplai-oem-eagsula\/dialann-biseach-oem\/\" target=\"_blank\" rel=\"noopener\">OEM leabhar coil<\/a><br \/>\n<a href=\"https:\/\/leatai.com\/ga\/product-category\/samplai-oem-eagsula\/feilire-oem\/\" target=\"_blank\" rel=\"noopener\">OEM t\u00e1irgeadh f\u00e9ilire beag str\u00f3icthe saincheaptha \/ priont\u00e1il f\u00e9ilire boird saincheaptha<\/a><br \/>\n<a href=\"https:\/\/leatai.com\/ga\/product-category\/samplai-oem-eagsula\/oem-eile\/\" target=\"_blank\" rel=\"noopener\">OEM eile<\/a><\/p>\n<p>Le haghaidh m\u00edni\u00fa ioml\u00e1n ar mh\u00e9ideanna, f\u00e9ach le do thoil: <a href=\"https:\/\/leatai.com\/ga\/eolas-leabhar-notai\/treoir-ar-mheideanna-paipeir-ag-tuigbheail-na-meideanna-coitianta-cosuil-le-b3-a4-b5-8k-16k-agus-tuilleadh-cairt-meid-chuimsitheach-le-haghaidh-tagartha-easca\/\" target=\"_blank\" rel=\"noopener\">Treoir m\u00e9ideanna p\u00e1ip\u00e9ir: conas a dh\u00e9antar idirdheal\u00fa idir B3, A4, B5, 8K, 16K agus m\u00e9ideanna coitianta eile? T\u00e1bla compar\u00e1ide m\u00e9ideanna p\u00e1ip\u00e9ir a thuigfear ar an bpointe boise!<\/a><\/p>\n","protected":false},"excerpt":{"rendered":"<p>Samhail t\u00e1irge: LHC-002 \u00c1bhar an chl\u00fadaigh: P\u00e1ip\u00e9ar eala\u00edne Dath: Gorm Sonra\u00edochta\u00ed: 16K \/ 25K \/ 48K (m\u00e9id coitianta) Leathanaigh istigh: Caighde\u00e1nach (roghanna form\u00e1ide leathanaigh istigh) Pac\u00e1isti\u00fa: M\u00e1la OPP (roghnach) Modh pr\u00f3ise\u00e1la LOGO: Stamp\u00e1il \u00f3ir, stamp\u00e1il airgid, brand\u00e1il te Modh leabhair chrua: Droim chearnach \/ Droim chruinn \/ St\u00edl teastais (is \u00e9 droim chearnach an r\u00e9amhshocr\u00fa) [&hellip;]<\/p>\n","protected":false},"featured_media":275123,"template":"","meta":{"_acf_changed":false},"product_brand":[],"product_cat":[772],"product_tag":[1716],"home_works":[],"class_list":{"0":"post-275122","1":"product","2":"type-product","3":"status-publish","4":"has-post-thumbnail","6":"product_cat-leabhar-notai-cludaigh-chrua","7":"product_tag-leabhar-notai-saincheaptha","9":"first","10":"outofstock","11":"sold-individually","12":"shipping-taxable","13":"purchasable","14":"product-type-variable","15":"has-default-attributes"},"acf":[],"yoast_head":"<!-- This site is optimized with the Yoast SEO plugin v27.2 - https:\/\/yoast.com\/product\/yoast-seo-wordpress\/ -->\n<title>LHC-002 - Rogha discr\u00e9ideach agus n\u00e1d\u00fartha, bealach na measarthachta. - Leatai \u2013 Monar\u00f3ir Leabhair N\u00f3ta\u00ed Saincheaptha<\/title>\n<meta name=\"description\" content=\"Is \u00e9 LHC-002 samhail t\u00e1irge de chuid Leatai. T\u00e1 an comhcheangal dathanna traidisi\u00fanta agus discr\u00e9ideach f\u00f3s an-choitianta i measc go leor gn\u00f3lachta\u00ed, go h\u00e1irithe an gorm dorcha, at\u00e1 roghnaithe ag go leor corpar\u00e1id\u00ed m\u00f3ra mar dhath oifigi\u00fail. Tugann s\u00e9 moth\u00fa socair agus t\u00fa f\u00f3s ag coinne\u00e1il c\u00e9im \u00e9adrom shol\u00fabtha. Samhail mholta de dhialann ghn\u00f3 crua-chl\u00fadaigh.\" \/>\n<meta name=\"robots\" content=\"index, follow, max-snippet:-1, max-image-preview:large, max-video-preview:-1\" \/>\n<link rel=\"canonical\" href=\"https:\/\/leatai.com\/ga\/product\/leabhar-notai-saincheaptha\/leabhar-notai-cludaigh-chrua\/lhc-002\/\" \/>\n<meta property=\"og:locale\" content=\"ga_IE\" \/>\n<meta property=\"og:type\" content=\"article\" \/>\n<meta property=\"og:title\" content=\"LHC-002 - Rogha discr\u00e9ideach agus n\u00e1d\u00fartha, bealach na measarthachta. - Leatai \u2013 Monar\u00f3ir Leabhair N\u00f3ta\u00ed Saincheaptha\" \/>\n<meta property=\"og:description\" content=\"Is \u00e9 LHC-002 samhail t\u00e1irge de chuid Leatai. T\u00e1 an comhcheangal dathanna traidisi\u00fanta agus discr\u00e9ideach f\u00f3s an-choitianta i measc go leor gn\u00f3lachta\u00ed, go h\u00e1irithe an gorm dorcha, at\u00e1 roghnaithe ag go leor corpar\u00e1id\u00ed m\u00f3ra mar dhath oifigi\u00fail. Tugann s\u00e9 moth\u00fa socair agus t\u00fa f\u00f3s ag coinne\u00e1il c\u00e9im \u00e9adrom shol\u00fabtha. Samhail mholta de dhialann ghn\u00f3 crua-chl\u00fadaigh.\" \/>\n<meta property=\"og:url\" content=\"https:\/\/leatai.com\/ga\/product\/leabhar-notai-saincheaptha\/leabhar-notai-cludaigh-chrua\/lhc-002\/\" \/>\n<meta property=\"og:site_name\" content=\"Leatai \u2013 Monar\u00f3ir Leabhair N\u00f3ta\u00ed Saincheaptha\" \/>\n<meta property=\"article:modified_time\" content=\"2026-02-24T03:10:03+00:00\" \/>\n<meta property=\"og:image\" content=\"https:\/\/leatai.com\/wp-content\/uploads\/2015_08_24_1615550.jpg\" \/>\n\t<meta property=\"og:image:width\" content=\"1000\" \/>\n\t<meta property=\"og:image:height\" content=\"750\" \/>\n\t<meta property=\"og:image:type\" content=\"image\/jpeg\" \/>\n<meta name=\"twitter:card\" content=\"summary_large_image\" \/>\n<meta name=\"twitter:label1\" content=\"Est. reading time\" \/>\n\t<meta name=\"twitter:data1\" content=\"2 minutes\" \/>\n<script type=\"application\/ld+json\" class=\"yoast-schema-graph\">{\"@context\":\"https:\/\/schema.org\",\"@graph\":[{\"@type\":\"WebPage\",\"@id\":\"https:\/\/leatai.com\/ga\/product\/leabhar-notai-saincheaptha\/leabhar-notai-cludaigh-chrua\/lhc-002\/\",\"url\":\"https:\/\/leatai.com\/ga\/product\/leabhar-notai-saincheaptha\/leabhar-notai-cludaigh-chrua\/lhc-002\/\",\"name\":\"LHC-002 - Rogha discr\u00e9ideach agus n\u00e1d\u00fartha, bealach na measarthachta. - Leatai \u2013 Monar\u00f3ir Leabhair N\u00f3ta\u00ed Saincheaptha\",\"isPartOf\":{\"@id\":\"https:\/\/leatai.com\/ga\/#website\"},\"primaryImageOfPage\":{\"@id\":\"https:\/\/leatai.com\/ga\/product\/leabhar-notai-saincheaptha\/leabhar-notai-cludaigh-chrua\/lhc-002\/#primaryimage\"},\"image\":{\"@id\":\"https:\/\/leatai.com\/ga\/product\/leabhar-notai-saincheaptha\/leabhar-notai-cludaigh-chrua\/lhc-002\/#primaryimage\"},\"thumbnailUrl\":\"https:\/\/leatai.com\/wp-content\/uploads\/2015_08_24_1615550.jpg\",\"datePublished\":\"2021-06-24T05:32:49+00:00\",\"dateModified\":\"2026-02-24T03:10:03+00:00\",\"description\":\"Is \u00e9 LHC-002 samhail t\u00e1irge de chuid Leatai. T\u00e1 an comhcheangal dathanna traidisi\u00fanta agus discr\u00e9ideach f\u00f3s an-choitianta i measc go leor gn\u00f3lachta\u00ed, go h\u00e1irithe an gorm dorcha, at\u00e1 roghnaithe ag go leor corpar\u00e1id\u00ed m\u00f3ra mar dhath oifigi\u00fail. Tugann s\u00e9 moth\u00fa socair agus t\u00fa f\u00f3s ag coinne\u00e1il c\u00e9im \u00e9adrom shol\u00fabtha. Samhail mholta de dhialann ghn\u00f3 crua-chl\u00fadaigh.\",\"breadcrumb\":{\"@id\":\"https:\/\/leatai.com\/ga\/product\/leabhar-notai-saincheaptha\/leabhar-notai-cludaigh-chrua\/lhc-002\/#breadcrumb\"},\"inLanguage\":\"ga-IE\",\"potentialAction\":[{\"@type\":\"ReadAction\",\"target\":[\"https:\/\/leatai.com\/ga\/product\/leabhar-notai-saincheaptha\/leabhar-notai-cludaigh-chrua\/lhc-002\/\"]}]},{\"@type\":\"ImageObject\",\"inLanguage\":\"ga-IE\",\"@id\":\"https:\/\/leatai.com\/ga\/product\/leabhar-notai-saincheaptha\/leabhar-notai-cludaigh-chrua\/lhc-002\/#primaryimage\",\"url\":\"https:\/\/leatai.com\/wp-content\/uploads\/2015_08_24_1615550.jpg\",\"contentUrl\":\"https:\/\/leatai.com\/wp-content\/uploads\/2015_08_24_1615550.jpg\",\"width\":1000,\"height\":750,\"caption\":\"Dialann ghn\u00f3\"},{\"@type\":\"BreadcrumbList\",\"@id\":\"https:\/\/leatai.com\/ga\/product\/leabhar-notai-saincheaptha\/leabhar-notai-cludaigh-chrua\/lhc-002\/#breadcrumb\",\"itemListElement\":[{\"@type\":\"ListItem\",\"position\":1,\"name\":\"Home\",\"item\":\"https:\/\/leatai.com\/ga\/\"},{\"@type\":\"ListItem\",\"position\":2,\"name\":\"Cur i l\u00e1thair T\u00e1irg\u00ed\",\"item\":\"https:\/\/leatai.com\/products\/\"},{\"@type\":\"ListItem\",\"position\":3,\"name\":\"Leabhar n\u00f3ta\u00ed saincheaptha\",\"item\":\"https:\/\/leatai.com\/ga\/product-category\/leabhar-notai-saincheaptha\/\"},{\"@type\":\"ListItem\",\"position\":4,\"name\":\"Leabhar n\u00f3ta\u00ed cl\u00fadaigh chrua\",\"item\":\"https:\/\/leatai.com\/ga\/product-category\/leabhar-notai-saincheaptha\/leabhar-notai-cludaigh-chrua\/\"},{\"@type\":\"ListItem\",\"position\":5,\"name\":\"LHC-002\"}]},{\"@type\":\"WebSite\",\"@id\":\"https:\/\/leatai.com\/ga\/#website\",\"url\":\"https:\/\/leatai.com\/ga\/\",\"name\":\"Leatai \u2013 Monar\u00f3ir Leabhair N\u00f3ta\u00ed Saincheaptha\",\"description\":\"Sol\u00e1thra\u00edonn Leatai leabhair n\u00f3ta\u00ed agus plean\u00e1laithe saincheaptha do bhranda\u00ed agus d\u00e1ileoir\u00ed ar fud an domhain.\",\"publisher\":{\"@id\":\"https:\/\/leatai.com\/ga\/#organization\"},\"potentialAction\":[{\"@type\":\"SearchAction\",\"target\":{\"@type\":\"EntryPoint\",\"urlTemplate\":\"https:\/\/leatai.com\/ga\/?s={search_term_string}\"},\"query-input\":{\"@type\":\"PropertyValueSpecification\",\"valueRequired\":true,\"valueName\":\"search_term_string\"}}],\"inLanguage\":\"ga-IE\"},{\"@type\":\"Organization\",\"@id\":\"https:\/\/leatai.com\/ga\/#organization\",\"name\":\"Leatai Diary, customized journal and business organizer\",\"url\":\"https:\/\/leatai.com\/ga\/\",\"logo\":{\"@type\":\"ImageObject\",\"inLanguage\":\"ga-IE\",\"@id\":\"https:\/\/leatai.com\/ga\/#\/schema\/logo\/image\/\",\"url\":\"https:\/\/leatai.com\/wp-content\/uploads\/logo-blue.png\",\"contentUrl\":\"https:\/\/leatai.com\/wp-content\/uploads\/logo-blue.png\",\"width\":230,\"height\":60,\"caption\":\"Leatai Diary, customized journal and business organizer\"},\"image\":{\"@id\":\"https:\/\/leatai.com\/ga\/#\/schema\/logo\/image\/\"}}]}<\/script>\n<!-- \/ Yoast SEO plugin. -->","yoast_head_json":{"title":"LHC-002 - Rogha discr\u00e9ideach agus n\u00e1d\u00fartha, bealach na measarthachta. - Leatai \u2013 Monar\u00f3ir Leabhair N\u00f3ta\u00ed Saincheaptha","description":"Is \u00e9 LHC-002 samhail t\u00e1irge de chuid Leatai. T\u00e1 an comhcheangal dathanna traidisi\u00fanta agus discr\u00e9ideach f\u00f3s an-choitianta i measc go leor gn\u00f3lachta\u00ed, go h\u00e1irithe an gorm dorcha, at\u00e1 roghnaithe ag go leor corpar\u00e1id\u00ed m\u00f3ra mar dhath oifigi\u00fail. Tugann s\u00e9 moth\u00fa socair agus t\u00fa f\u00f3s ag coinne\u00e1il c\u00e9im \u00e9adrom shol\u00fabtha. Samhail mholta de dhialann ghn\u00f3 crua-chl\u00fadaigh.","robots":{"index":"index","follow":"follow","max-snippet":"max-snippet:-1","max-image-preview":"max-image-preview:large","max-video-preview":"max-video-preview:-1"},"canonical":"https:\/\/leatai.com\/ga\/product\/leabhar-notai-saincheaptha\/leabhar-notai-cludaigh-chrua\/lhc-002\/","og_locale":"ga_IE","og_type":"article","og_title":"LHC-002 - Rogha discr\u00e9ideach agus n\u00e1d\u00fartha, bealach na measarthachta. - Leatai \u2013 Monar\u00f3ir Leabhair N\u00f3ta\u00ed Saincheaptha","og_description":"Is \u00e9 LHC-002 samhail t\u00e1irge de chuid Leatai. T\u00e1 an comhcheangal dathanna traidisi\u00fanta agus discr\u00e9ideach f\u00f3s an-choitianta i measc go leor gn\u00f3lachta\u00ed, go h\u00e1irithe an gorm dorcha, at\u00e1 roghnaithe ag go leor corpar\u00e1id\u00ed m\u00f3ra mar dhath oifigi\u00fail. Tugann s\u00e9 moth\u00fa socair agus t\u00fa f\u00f3s ag coinne\u00e1il c\u00e9im \u00e9adrom shol\u00fabtha. Samhail mholta de dhialann ghn\u00f3 crua-chl\u00fadaigh.","og_url":"https:\/\/leatai.com\/ga\/product\/leabhar-notai-saincheaptha\/leabhar-notai-cludaigh-chrua\/lhc-002\/","og_site_name":"Leatai \u2013 Monar\u00f3ir Leabhair N\u00f3ta\u00ed Saincheaptha","article_modified_time":"2026-02-24T03:10:03+00:00","og_image":[{"width":1000,"height":750,"url":"https:\/\/leatai.com\/wp-content\/uploads\/2015_08_24_1615550.jpg","type":"image\/jpeg"}],"twitter_card":"summary_large_image","twitter_misc":{"Est. reading time":"2 minutes"},"schema":{"@context":"https:\/\/schema.org","@graph":[{"@type":"WebPage","@id":"https:\/\/leatai.com\/ga\/product\/leabhar-notai-saincheaptha\/leabhar-notai-cludaigh-chrua\/lhc-002\/","url":"https:\/\/leatai.com\/ga\/product\/leabhar-notai-saincheaptha\/leabhar-notai-cludaigh-chrua\/lhc-002\/","name":"LHC-002 - Rogha discr\u00e9ideach agus n\u00e1d\u00fartha, bealach na measarthachta. - Leatai \u2013 Monar\u00f3ir Leabhair N\u00f3ta\u00ed Saincheaptha","isPartOf":{"@id":"https:\/\/leatai.com\/ga\/#website"},"primaryImageOfPage":{"@id":"https:\/\/leatai.com\/ga\/product\/leabhar-notai-saincheaptha\/leabhar-notai-cludaigh-chrua\/lhc-002\/#primaryimage"},"image":{"@id":"https:\/\/leatai.com\/ga\/product\/leabhar-notai-saincheaptha\/leabhar-notai-cludaigh-chrua\/lhc-002\/#primaryimage"},"thumbnailUrl":"https:\/\/leatai.com\/wp-content\/uploads\/2015_08_24_1615550.jpg","datePublished":"2021-06-24T05:32:49+00:00","dateModified":"2026-02-24T03:10:03+00:00","description":"Is \u00e9 LHC-002 samhail t\u00e1irge de chuid Leatai. T\u00e1 an comhcheangal dathanna traidisi\u00fanta agus discr\u00e9ideach f\u00f3s an-choitianta i measc go leor gn\u00f3lachta\u00ed, go h\u00e1irithe an gorm dorcha, at\u00e1 roghnaithe ag go leor corpar\u00e1id\u00ed m\u00f3ra mar dhath oifigi\u00fail. Tugann s\u00e9 moth\u00fa socair agus t\u00fa f\u00f3s ag coinne\u00e1il c\u00e9im \u00e9adrom shol\u00fabtha. Samhail mholta de dhialann ghn\u00f3 crua-chl\u00fadaigh.","breadcrumb":{"@id":"https:\/\/leatai.com\/ga\/product\/leabhar-notai-saincheaptha\/leabhar-notai-cludaigh-chrua\/lhc-002\/#breadcrumb"},"inLanguage":"ga-IE","potentialAction":[{"@type":"ReadAction","target":["https:\/\/leatai.com\/ga\/product\/leabhar-notai-saincheaptha\/leabhar-notai-cludaigh-chrua\/lhc-002\/"]}]},{"@type":"ImageObject","inLanguage":"ga-IE","@id":"https:\/\/leatai.com\/ga\/product\/leabhar-notai-saincheaptha\/leabhar-notai-cludaigh-chrua\/lhc-002\/#primaryimage","url":"https:\/\/leatai.com\/wp-content\/uploads\/2015_08_24_1615550.jpg","contentUrl":"https:\/\/leatai.com\/wp-content\/uploads\/2015_08_24_1615550.jpg","width":1000,"height":750,"caption":"Dialann ghn\u00f3"},{"@type":"BreadcrumbList","@id":"https:\/\/leatai.com\/ga\/product\/leabhar-notai-saincheaptha\/leabhar-notai-cludaigh-chrua\/lhc-002\/#breadcrumb","itemListElement":[{"@type":"ListItem","position":1,"name":"Home","item":"https:\/\/leatai.com\/ga\/"},{"@type":"ListItem","position":2,"name":"Cur i l\u00e1thair T\u00e1irg\u00ed","item":"https:\/\/leatai.com\/products\/"},{"@type":"ListItem","position":3,"name":"Leabhar n\u00f3ta\u00ed saincheaptha","item":"https:\/\/leatai.com\/ga\/product-category\/leabhar-notai-saincheaptha\/"},{"@type":"ListItem","position":4,"name":"Leabhar n\u00f3ta\u00ed cl\u00fadaigh chrua","item":"https:\/\/leatai.com\/ga\/product-category\/leabhar-notai-saincheaptha\/leabhar-notai-cludaigh-chrua\/"},{"@type":"ListItem","position":5,"name":"LHC-002"}]},{"@type":"WebSite","@id":"https:\/\/leatai.com\/ga\/#website","url":"https:\/\/leatai.com\/ga\/","name":"Leatai \u2013 Monar\u00f3ir Leabhair N\u00f3ta\u00ed Saincheaptha","description":"Sol\u00e1thra\u00edonn Leatai leabhair n\u00f3ta\u00ed agus plean\u00e1laithe saincheaptha do bhranda\u00ed agus d\u00e1ileoir\u00ed ar fud an domhain.","publisher":{"@id":"https:\/\/leatai.com\/ga\/#organization"},"potentialAction":[{"@type":"SearchAction","target":{"@type":"EntryPoint","urlTemplate":"https:\/\/leatai.com\/ga\/?s={search_term_string}"},"query-input":{"@type":"PropertyValueSpecification","valueRequired":true,"valueName":"search_term_string"}}],"inLanguage":"ga-IE"},{"@type":"Organization","@id":"https:\/\/leatai.com\/ga\/#organization","name":"Leatai Diary, customized journal and business organizer","url":"https:\/\/leatai.com\/ga\/","logo":{"@type":"ImageObject","inLanguage":"ga-IE","@id":"https:\/\/leatai.com\/ga\/#\/schema\/logo\/image\/","url":"https:\/\/leatai.com\/wp-content\/uploads\/logo-blue.png","contentUrl":"https:\/\/leatai.com\/wp-content\/uploads\/logo-blue.png","width":230,"height":60,"caption":"Leatai Diary, customized journal and business organizer"},"image":{"@id":"https:\/\/leatai.com\/ga\/#\/schema\/logo\/image\/"}}]}},"_links":{"self":[{"href":"https:\/\/leatai.com\/ga\/wp-json\/wp\/v2\/product\/275122","targetHints":{"allow":["GET"]}}],"collection":[{"href":"https:\/\/leatai.com\/ga\/wp-json\/wp\/v2\/product"}],"about":[{"href":"https:\/\/leatai.com\/ga\/wp-json\/wp\/v2\/types\/product"}],"wp:featuredmedia":[{"embeddable":true,"href":"https:\/\/leatai.com\/ga\/wp-json\/wp\/v2\/media\/275123"}],"wp:attachment":[{"href":"https:\/\/leatai.com\/ga\/wp-json\/wp\/v2\/media?parent=275122"}],"wp:term":[{"taxonomy":"product_brand","embeddable":true,"href":"https:\/\/leatai.com\/ga\/wp-json\/wp\/v2\/product_brand?post=275122"},{"taxonomy":"product_cat","embeddable":true,"href":"https:\/\/leatai.com\/ga\/wp-json\/wp\/v2\/product_cat?post=275122"},{"taxonomy":"product_tag","embeddable":true,"href":"https:\/\/leatai.com\/ga\/wp-json\/wp\/v2\/product_tag?post=275122"},{"taxonomy":"home_works","embeddable":true,"href":"https:\/\/leatai.com\/ga\/wp-json\/wp\/v2\/home_works?post=275122"}],"curies":[{"name":"wp","href":"https:\/\/api.w.org\/{rel}","templated":true}]}}