{"id":274639,"date":"2023-06-23T20:49:03","date_gmt":"2023-06-23T12:49:03","guid":{"rendered":"https:\/\/leatai.com\/product\/uncategorized\/lef-057\/"},"modified":"2026-02-23T11:50:41","modified_gmt":"2026-02-23T03:50:41","slug":"lef-057","status":"publish","type":"product","link":"https:\/\/leatai.com\/ga\/product\/leabhar-notai-saincheaptha\/leabhar-notai-duilleoga-scaoilte\/lef-057\/","title":{"rendered":"LEF-057"},"content":{"rendered":"<p>Samhail t\u00e1irge: LEF-057<br \/>\n\u00c1bhar an chl\u00fadaigh: Leathar sint\u00e9iseach<br \/>\nDath: Gorm \/ Dearg<br \/>\nSonra\u00edochta\u00ed: 16K \/ 25K \/ 48K<a href=\"https:\/\/leatai.com\/ga\/faq\/cad-iad-na-meideanna-pleanalai-8k-16k-agus-25k-ce-chomh-mor-is-ata-siad\/\" target=\"_blank\" rel=\"noopener\">(m\u00e9id coitianta)<\/a><br \/>\nLeathanaigh inmhe\u00e1nacha: leagan caighde\u00e1nach <a href=\"https:\/\/leatai.com\/ga\/product-category\/formaid-leathanach-inmheanach\/\" target=\"_blank\" rel=\"noopener\">(roghanna form\u00e1ide leathanach inmhe\u00e1nach)<\/a><br \/>\nPac\u00e1isti\u00fa: M\u00e1la OPP (roghnach)<br \/>\nModh pr\u00f3ise\u00e1la LOGO: Stamp\u00e1il \u00f3ir, stamp\u00e1il airgid, brand\u00e1il te<\/p>\n<p>Cur s\u00edos ar an t\u00e1irge<br \/>\nIs \u00e9 LEF-057 samhail t\u00e1irge de chuid Leatai. Tugann an t-\u00e1bhar le moth\u00fa canbh\u00e1is tuiscint l\u00e1ithreach ar dhul amach n\u00f3 ar thaisteal. Cuirtear b\u00e9im \u00e9adrom le dathanna m\u00edn ar na stiallacha maisi\u00fala, rud a chrutha\u00edonn st\u00edl phearsanta uath\u00fail. Cos\u00fail le duine ag tabhairt faoin turas anaithnid ina aonar, oscla\u00edonn s\u00e9 eachtra iontach mar seo.<\/p>\n<p>\ud83d\udcd6 Le haghaidh tuilleadh molta\u00ed ar leabhair n\u00f3ta\u00ed saincheaptha \/ priont\u00e1il agus t\u00e1irgeadh dialann gn\u00f3 saincheaptha, f\u00e9ach le do thoil:<br \/>\n<a href=\"https:\/\/leatai.com\/ga\/product-category\/samplai-oem-eagsula\/leabhar-crua-cheangailte-oem\/\" target=\"_blank\" rel=\"noopener\">OEM leabhar crua-chl\u00fadaigh<\/a><br \/>\n<a href=\"https:\/\/leatai.com\/ga\/product-category\/samplai-oem-eagsula\/dialann-scaoilte-leathanach-oem\/\" target=\"_blank\" rel=\"noopener\">OEM leabhar f\u00e1inn\u00ed scaoilte<\/a><br \/>\n<a href=\"https:\/\/leatai.com\/ga\/product-category\/samplai-oem-eagsula\/dialann-inbhainte-oem\/\" target=\"_blank\" rel=\"noopener\">OEM leabhar f\u00e1inn\u00ed scaoilte inbhainte<\/a><br \/>\n<a href=\"https:\/\/leatai.com\/ga\/product-category\/samplai-oem-eagsula\/dialann-paipearbhanda-oem\/\" target=\"_blank\" rel=\"noopener\">OEM leabhar bog-chl\u00fadaigh<\/a><br \/>\n<a href=\"https:\/\/leatai.com\/ga\/product-category\/samplai-oem-eagsula\/dialann-biseach-oem\/\" target=\"_blank\" rel=\"noopener\">OEM leabhar coil<\/a><br \/>\n<a href=\"https:\/\/leatai.com\/ga\/product-category\/samplai-oem-eagsula\/feilire-oem\/\" target=\"_blank\" rel=\"noopener\">OEM t\u00e1irgeadh f\u00e9ilire beag str\u00f3icthe saincheaptha \/ priont\u00e1il f\u00e9ilire boird saincheaptha<\/a><br \/>\n<a href=\"https:\/\/leatai.com\/ga\/product-category\/samplai-oem-eagsula\/oem-eile\/\" target=\"_blank\" rel=\"noopener\">OEM eile<\/a><\/p>\n<p>Le haghaidh m\u00edni\u00fa ioml\u00e1n ar mh\u00e9ideanna, f\u00e9ach le do thoil: <a href=\"https:\/\/leatai.com\/ga\/eolas-leabhar-notai\/treoir-ar-mheideanna-paipeir-ag-tuigbheail-na-meideanna-coitianta-cosuil-le-b3-a4-b5-8k-16k-agus-tuilleadh-cairt-meid-chuimsitheach-le-haghaidh-tagartha-easca\/\" target=\"_blank\" rel=\"noopener\">Treoir m\u00e9ideanna p\u00e1ip\u00e9ir: conas a dh\u00e9antar idirdheal\u00fa idir B3, A4, B5, 8K, 16K agus m\u00e9ideanna coitianta eile? T\u00e1bla compar\u00e1ide m\u00e9ideanna p\u00e1ip\u00e9ir a thuigfear ar an bpointe boise!<\/a><\/p>\n","protected":false},"excerpt":{"rendered":"<p>Samhail t\u00e1irge: LEF-057 \u00c1bhar an chl\u00fadaigh: Leathar sint\u00e9iseach Dath: Gorm \/ Dearg Sonra\u00edochta\u00ed: 16K \/ 25K \/ 48K(m\u00e9id coitianta) Leathanaigh inmhe\u00e1nacha: leagan caighde\u00e1nach (roghanna form\u00e1ide leathanach inmhe\u00e1nach) Pac\u00e1isti\u00fa: M\u00e1la OPP (roghnach) Modh pr\u00f3ise\u00e1la LOGO: Stamp\u00e1il \u00f3ir, stamp\u00e1il airgid, brand\u00e1il te Cur s\u00edos ar an t\u00e1irge Is \u00e9 LEF-057 samhail t\u00e1irge de chuid Leatai. Tugann an [&hellip;]<\/p>\n","protected":false},"featured_media":274640,"template":"","meta":{"_acf_changed":false},"product_brand":[],"product_cat":[763],"product_tag":[],"home_works":[],"class_list":{"0":"post-274639","1":"product","2":"type-product","3":"status-publish","4":"has-post-thumbnail","6":"product_cat-leabhar-notai-duilleoga-scaoilte","8":"first","9":"outofstock","10":"sold-individually","11":"shipping-taxable","12":"purchasable","13":"product-type-variable","14":"has-default-attributes"},"acf":[],"yoast_head":"<!-- This site is optimized with the Yoast SEO plugin v27.2 - https:\/\/yoast.com\/product\/yoast-seo-wordpress\/ -->\n<title>LEF-057 - Amhail is d\u00e1 mbeife\u00e1 ag tabhairt faoin turas leat f\u00e9in, ag tos\u00fa ar eachtra ghl\u00f3rmhar. - Leatai \u2013 Monar\u00f3ir Leabhair N\u00f3ta\u00ed Saincheaptha<\/title>\n<meta name=\"description\" content=\"Is \u00e9 LEF-057 samhail t\u00e1irge de chuid Leatai. Tugann an t-\u00e1bhar le moth\u00fa canbh\u00e1is tuiscint l\u00e1ithreach ar dhul amach n\u00f3 ar thaisteal. Cuirtear b\u00e9im \u00e9adrom le dathanna m\u00edn ar na stiallacha maisi\u00fala, rud a chrutha\u00edonn st\u00edl phearsanta uath\u00fail. Cos\u00fail le duine ag tabhairt faoin turas anaithnid ina aonar, oscla\u00edonn s\u00e9 eachtra iontach mar seo.\" \/>\n<meta name=\"robots\" content=\"index, follow, max-snippet:-1, max-image-preview:large, max-video-preview:-1\" \/>\n<link rel=\"canonical\" href=\"https:\/\/leatai.com\/ga\/product\/leabhar-notai-saincheaptha\/leabhar-notai-duilleoga-scaoilte\/lef-057\/\" \/>\n<meta property=\"og:locale\" content=\"ga_IE\" \/>\n<meta property=\"og:type\" content=\"article\" \/>\n<meta property=\"og:title\" content=\"LEF-057 - Amhail is d\u00e1 mbeife\u00e1 ag tabhairt faoin turas leat f\u00e9in, ag tos\u00fa ar eachtra ghl\u00f3rmhar. - Leatai \u2013 Monar\u00f3ir Leabhair N\u00f3ta\u00ed Saincheaptha\" \/>\n<meta property=\"og:description\" content=\"Is \u00e9 LEF-057 samhail t\u00e1irge de chuid Leatai. Tugann an t-\u00e1bhar le moth\u00fa canbh\u00e1is tuiscint l\u00e1ithreach ar dhul amach n\u00f3 ar thaisteal. Cuirtear b\u00e9im \u00e9adrom le dathanna m\u00edn ar na stiallacha maisi\u00fala, rud a chrutha\u00edonn st\u00edl phearsanta uath\u00fail. Cos\u00fail le duine ag tabhairt faoin turas anaithnid ina aonar, oscla\u00edonn s\u00e9 eachtra iontach mar seo.\" \/>\n<meta property=\"og:url\" content=\"https:\/\/leatai.com\/ga\/product\/leabhar-notai-saincheaptha\/leabhar-notai-duilleoga-scaoilte\/lef-057\/\" \/>\n<meta property=\"og:site_name\" content=\"Leatai \u2013 Monar\u00f3ir Leabhair N\u00f3ta\u00ed Saincheaptha\" \/>\n<meta property=\"article:modified_time\" content=\"2026-02-23T03:50:41+00:00\" \/>\n<meta property=\"og:image\" content=\"https:\/\/leatai.com\/wp-content\/uploads\/DSC_0582-2.jpg\" \/>\n\t<meta property=\"og:image:width\" content=\"1000\" \/>\n\t<meta property=\"og:image:height\" content=\"750\" \/>\n\t<meta property=\"og:image:type\" content=\"image\/jpeg\" \/>\n<meta name=\"twitter:card\" content=\"summary_large_image\" \/>\n<meta name=\"twitter:label1\" content=\"Est. reading time\" \/>\n\t<meta name=\"twitter:data1\" content=\"2 minutes\" \/>\n<script type=\"application\/ld+json\" class=\"yoast-schema-graph\">{\"@context\":\"https:\/\/schema.org\",\"@graph\":[{\"@type\":\"WebPage\",\"@id\":\"https:\/\/leatai.com\/ga\/product\/leabhar-notai-saincheaptha\/leabhar-notai-duilleoga-scaoilte\/lef-057\/\",\"url\":\"https:\/\/leatai.com\/ga\/product\/leabhar-notai-saincheaptha\/leabhar-notai-duilleoga-scaoilte\/lef-057\/\",\"name\":\"LEF-057 - Amhail is d\u00e1 mbeife\u00e1 ag tabhairt faoin turas leat f\u00e9in, ag tos\u00fa ar eachtra ghl\u00f3rmhar. - Leatai \u2013 Monar\u00f3ir Leabhair N\u00f3ta\u00ed Saincheaptha\",\"isPartOf\":{\"@id\":\"https:\/\/leatai.com\/ga\/#website\"},\"primaryImageOfPage\":{\"@id\":\"https:\/\/leatai.com\/ga\/product\/leabhar-notai-saincheaptha\/leabhar-notai-duilleoga-scaoilte\/lef-057\/#primaryimage\"},\"image\":{\"@id\":\"https:\/\/leatai.com\/ga\/product\/leabhar-notai-saincheaptha\/leabhar-notai-duilleoga-scaoilte\/lef-057\/#primaryimage\"},\"thumbnailUrl\":\"https:\/\/leatai.com\/wp-content\/uploads\/DSC_0582-2.jpg\",\"datePublished\":\"2023-06-23T12:49:03+00:00\",\"dateModified\":\"2026-02-23T03:50:41+00:00\",\"description\":\"Is \u00e9 LEF-057 samhail t\u00e1irge de chuid Leatai. Tugann an t-\u00e1bhar le moth\u00fa canbh\u00e1is tuiscint l\u00e1ithreach ar dhul amach n\u00f3 ar thaisteal. Cuirtear b\u00e9im \u00e9adrom le dathanna m\u00edn ar na stiallacha maisi\u00fala, rud a chrutha\u00edonn st\u00edl phearsanta uath\u00fail. Cos\u00fail le duine ag tabhairt faoin turas anaithnid ina aonar, oscla\u00edonn s\u00e9 eachtra iontach mar seo.\",\"breadcrumb\":{\"@id\":\"https:\/\/leatai.com\/ga\/product\/leabhar-notai-saincheaptha\/leabhar-notai-duilleoga-scaoilte\/lef-057\/#breadcrumb\"},\"inLanguage\":\"ga-IE\",\"potentialAction\":[{\"@type\":\"ReadAction\",\"target\":[\"https:\/\/leatai.com\/ga\/product\/leabhar-notai-saincheaptha\/leabhar-notai-duilleoga-scaoilte\/lef-057\/\"]}]},{\"@type\":\"ImageObject\",\"inLanguage\":\"ga-IE\",\"@id\":\"https:\/\/leatai.com\/ga\/product\/leabhar-notai-saincheaptha\/leabhar-notai-duilleoga-scaoilte\/lef-057\/#primaryimage\",\"url\":\"https:\/\/leatai.com\/wp-content\/uploads\/DSC_0582-2.jpg\",\"contentUrl\":\"https:\/\/leatai.com\/wp-content\/uploads\/DSC_0582-2.jpg\",\"width\":1000,\"height\":750,\"caption\":\"Dialann ghn\u00f3 le leathanaigh inbhainte\"},{\"@type\":\"BreadcrumbList\",\"@id\":\"https:\/\/leatai.com\/ga\/product\/leabhar-notai-saincheaptha\/leabhar-notai-duilleoga-scaoilte\/lef-057\/#breadcrumb\",\"itemListElement\":[{\"@type\":\"ListItem\",\"position\":1,\"name\":\"Home\",\"item\":\"https:\/\/leatai.com\/ga\/\"},{\"@type\":\"ListItem\",\"position\":2,\"name\":\"Cur i l\u00e1thair T\u00e1irg\u00ed\",\"item\":\"https:\/\/leatai.com\/products\/\"},{\"@type\":\"ListItem\",\"position\":3,\"name\":\"Leabhar n\u00f3ta\u00ed saincheaptha\",\"item\":\"https:\/\/leatai.com\/ga\/product-category\/leabhar-notai-saincheaptha\/\"},{\"@type\":\"ListItem\",\"position\":4,\"name\":\"Leabhar N\u00f3ta\u00ed Duilleoga Scaoilte\",\"item\":\"https:\/\/leatai.com\/ga\/product-category\/leabhar-notai-saincheaptha\/leabhar-notai-duilleoga-scaoilte\/\"},{\"@type\":\"ListItem\",\"position\":5,\"name\":\"LEF-057\"}]},{\"@type\":\"WebSite\",\"@id\":\"https:\/\/leatai.com\/ga\/#website\",\"url\":\"https:\/\/leatai.com\/ga\/\",\"name\":\"Leatai \u2013 Monar\u00f3ir Leabhair N\u00f3ta\u00ed Saincheaptha\",\"description\":\"Sol\u00e1thra\u00edonn Leatai leabhair n\u00f3ta\u00ed agus plean\u00e1laithe saincheaptha do bhranda\u00ed agus d\u00e1ileoir\u00ed ar fud an domhain.\",\"publisher\":{\"@id\":\"https:\/\/leatai.com\/ga\/#organization\"},\"potentialAction\":[{\"@type\":\"SearchAction\",\"target\":{\"@type\":\"EntryPoint\",\"urlTemplate\":\"https:\/\/leatai.com\/ga\/?s={search_term_string}\"},\"query-input\":{\"@type\":\"PropertyValueSpecification\",\"valueRequired\":true,\"valueName\":\"search_term_string\"}}],\"inLanguage\":\"ga-IE\"},{\"@type\":\"Organization\",\"@id\":\"https:\/\/leatai.com\/ga\/#organization\",\"name\":\"Leatai Diary, customized journal and business organizer\",\"url\":\"https:\/\/leatai.com\/ga\/\",\"logo\":{\"@type\":\"ImageObject\",\"inLanguage\":\"ga-IE\",\"@id\":\"https:\/\/leatai.com\/ga\/#\/schema\/logo\/image\/\",\"url\":\"https:\/\/leatai.com\/wp-content\/uploads\/logo-blue.png\",\"contentUrl\":\"https:\/\/leatai.com\/wp-content\/uploads\/logo-blue.png\",\"width\":230,\"height\":60,\"caption\":\"Leatai Diary, customized journal and business organizer\"},\"image\":{\"@id\":\"https:\/\/leatai.com\/ga\/#\/schema\/logo\/image\/\"}}]}<\/script>\n<!-- \/ Yoast SEO plugin. -->","yoast_head_json":{"title":"LEF-057 - Amhail is d\u00e1 mbeife\u00e1 ag tabhairt faoin turas leat f\u00e9in, ag tos\u00fa ar eachtra ghl\u00f3rmhar. - Leatai \u2013 Monar\u00f3ir Leabhair N\u00f3ta\u00ed Saincheaptha","description":"Is \u00e9 LEF-057 samhail t\u00e1irge de chuid Leatai. Tugann an t-\u00e1bhar le moth\u00fa canbh\u00e1is tuiscint l\u00e1ithreach ar dhul amach n\u00f3 ar thaisteal. Cuirtear b\u00e9im \u00e9adrom le dathanna m\u00edn ar na stiallacha maisi\u00fala, rud a chrutha\u00edonn st\u00edl phearsanta uath\u00fail. Cos\u00fail le duine ag tabhairt faoin turas anaithnid ina aonar, oscla\u00edonn s\u00e9 eachtra iontach mar seo.","robots":{"index":"index","follow":"follow","max-snippet":"max-snippet:-1","max-image-preview":"max-image-preview:large","max-video-preview":"max-video-preview:-1"},"canonical":"https:\/\/leatai.com\/ga\/product\/leabhar-notai-saincheaptha\/leabhar-notai-duilleoga-scaoilte\/lef-057\/","og_locale":"ga_IE","og_type":"article","og_title":"LEF-057 - Amhail is d\u00e1 mbeife\u00e1 ag tabhairt faoin turas leat f\u00e9in, ag tos\u00fa ar eachtra ghl\u00f3rmhar. - Leatai \u2013 Monar\u00f3ir Leabhair N\u00f3ta\u00ed Saincheaptha","og_description":"Is \u00e9 LEF-057 samhail t\u00e1irge de chuid Leatai. Tugann an t-\u00e1bhar le moth\u00fa canbh\u00e1is tuiscint l\u00e1ithreach ar dhul amach n\u00f3 ar thaisteal. Cuirtear b\u00e9im \u00e9adrom le dathanna m\u00edn ar na stiallacha maisi\u00fala, rud a chrutha\u00edonn st\u00edl phearsanta uath\u00fail. Cos\u00fail le duine ag tabhairt faoin turas anaithnid ina aonar, oscla\u00edonn s\u00e9 eachtra iontach mar seo.","og_url":"https:\/\/leatai.com\/ga\/product\/leabhar-notai-saincheaptha\/leabhar-notai-duilleoga-scaoilte\/lef-057\/","og_site_name":"Leatai \u2013 Monar\u00f3ir Leabhair N\u00f3ta\u00ed Saincheaptha","article_modified_time":"2026-02-23T03:50:41+00:00","og_image":[{"width":1000,"height":750,"url":"https:\/\/leatai.com\/wp-content\/uploads\/DSC_0582-2.jpg","type":"image\/jpeg"}],"twitter_card":"summary_large_image","twitter_misc":{"Est. reading time":"2 minutes"},"schema":{"@context":"https:\/\/schema.org","@graph":[{"@type":"WebPage","@id":"https:\/\/leatai.com\/ga\/product\/leabhar-notai-saincheaptha\/leabhar-notai-duilleoga-scaoilte\/lef-057\/","url":"https:\/\/leatai.com\/ga\/product\/leabhar-notai-saincheaptha\/leabhar-notai-duilleoga-scaoilte\/lef-057\/","name":"LEF-057 - Amhail is d\u00e1 mbeife\u00e1 ag tabhairt faoin turas leat f\u00e9in, ag tos\u00fa ar eachtra ghl\u00f3rmhar. - Leatai \u2013 Monar\u00f3ir Leabhair N\u00f3ta\u00ed Saincheaptha","isPartOf":{"@id":"https:\/\/leatai.com\/ga\/#website"},"primaryImageOfPage":{"@id":"https:\/\/leatai.com\/ga\/product\/leabhar-notai-saincheaptha\/leabhar-notai-duilleoga-scaoilte\/lef-057\/#primaryimage"},"image":{"@id":"https:\/\/leatai.com\/ga\/product\/leabhar-notai-saincheaptha\/leabhar-notai-duilleoga-scaoilte\/lef-057\/#primaryimage"},"thumbnailUrl":"https:\/\/leatai.com\/wp-content\/uploads\/DSC_0582-2.jpg","datePublished":"2023-06-23T12:49:03+00:00","dateModified":"2026-02-23T03:50:41+00:00","description":"Is \u00e9 LEF-057 samhail t\u00e1irge de chuid Leatai. Tugann an t-\u00e1bhar le moth\u00fa canbh\u00e1is tuiscint l\u00e1ithreach ar dhul amach n\u00f3 ar thaisteal. Cuirtear b\u00e9im \u00e9adrom le dathanna m\u00edn ar na stiallacha maisi\u00fala, rud a chrutha\u00edonn st\u00edl phearsanta uath\u00fail. Cos\u00fail le duine ag tabhairt faoin turas anaithnid ina aonar, oscla\u00edonn s\u00e9 eachtra iontach mar seo.","breadcrumb":{"@id":"https:\/\/leatai.com\/ga\/product\/leabhar-notai-saincheaptha\/leabhar-notai-duilleoga-scaoilte\/lef-057\/#breadcrumb"},"inLanguage":"ga-IE","potentialAction":[{"@type":"ReadAction","target":["https:\/\/leatai.com\/ga\/product\/leabhar-notai-saincheaptha\/leabhar-notai-duilleoga-scaoilte\/lef-057\/"]}]},{"@type":"ImageObject","inLanguage":"ga-IE","@id":"https:\/\/leatai.com\/ga\/product\/leabhar-notai-saincheaptha\/leabhar-notai-duilleoga-scaoilte\/lef-057\/#primaryimage","url":"https:\/\/leatai.com\/wp-content\/uploads\/DSC_0582-2.jpg","contentUrl":"https:\/\/leatai.com\/wp-content\/uploads\/DSC_0582-2.jpg","width":1000,"height":750,"caption":"Dialann ghn\u00f3 le leathanaigh inbhainte"},{"@type":"BreadcrumbList","@id":"https:\/\/leatai.com\/ga\/product\/leabhar-notai-saincheaptha\/leabhar-notai-duilleoga-scaoilte\/lef-057\/#breadcrumb","itemListElement":[{"@type":"ListItem","position":1,"name":"Home","item":"https:\/\/leatai.com\/ga\/"},{"@type":"ListItem","position":2,"name":"Cur i l\u00e1thair T\u00e1irg\u00ed","item":"https:\/\/leatai.com\/products\/"},{"@type":"ListItem","position":3,"name":"Leabhar n\u00f3ta\u00ed saincheaptha","item":"https:\/\/leatai.com\/ga\/product-category\/leabhar-notai-saincheaptha\/"},{"@type":"ListItem","position":4,"name":"Leabhar N\u00f3ta\u00ed Duilleoga Scaoilte","item":"https:\/\/leatai.com\/ga\/product-category\/leabhar-notai-saincheaptha\/leabhar-notai-duilleoga-scaoilte\/"},{"@type":"ListItem","position":5,"name":"LEF-057"}]},{"@type":"WebSite","@id":"https:\/\/leatai.com\/ga\/#website","url":"https:\/\/leatai.com\/ga\/","name":"Leatai \u2013 Monar\u00f3ir Leabhair N\u00f3ta\u00ed Saincheaptha","description":"Sol\u00e1thra\u00edonn Leatai leabhair n\u00f3ta\u00ed agus plean\u00e1laithe saincheaptha do bhranda\u00ed agus d\u00e1ileoir\u00ed ar fud an domhain.","publisher":{"@id":"https:\/\/leatai.com\/ga\/#organization"},"potentialAction":[{"@type":"SearchAction","target":{"@type":"EntryPoint","urlTemplate":"https:\/\/leatai.com\/ga\/?s={search_term_string}"},"query-input":{"@type":"PropertyValueSpecification","valueRequired":true,"valueName":"search_term_string"}}],"inLanguage":"ga-IE"},{"@type":"Organization","@id":"https:\/\/leatai.com\/ga\/#organization","name":"Leatai Diary, customized journal and business organizer","url":"https:\/\/leatai.com\/ga\/","logo":{"@type":"ImageObject","inLanguage":"ga-IE","@id":"https:\/\/leatai.com\/ga\/#\/schema\/logo\/image\/","url":"https:\/\/leatai.com\/wp-content\/uploads\/logo-blue.png","contentUrl":"https:\/\/leatai.com\/wp-content\/uploads\/logo-blue.png","width":230,"height":60,"caption":"Leatai Diary, customized journal and business organizer"},"image":{"@id":"https:\/\/leatai.com\/ga\/#\/schema\/logo\/image\/"}}]}},"_links":{"self":[{"href":"https:\/\/leatai.com\/ga\/wp-json\/wp\/v2\/product\/274639","targetHints":{"allow":["GET"]}}],"collection":[{"href":"https:\/\/leatai.com\/ga\/wp-json\/wp\/v2\/product"}],"about":[{"href":"https:\/\/leatai.com\/ga\/wp-json\/wp\/v2\/types\/product"}],"wp:featuredmedia":[{"embeddable":true,"href":"https:\/\/leatai.com\/ga\/wp-json\/wp\/v2\/media\/274640"}],"wp:attachment":[{"href":"https:\/\/leatai.com\/ga\/wp-json\/wp\/v2\/media?parent=274639"}],"wp:term":[{"taxonomy":"product_brand","embeddable":true,"href":"https:\/\/leatai.com\/ga\/wp-json\/wp\/v2\/product_brand?post=274639"},{"taxonomy":"product_cat","embeddable":true,"href":"https:\/\/leatai.com\/ga\/wp-json\/wp\/v2\/product_cat?post=274639"},{"taxonomy":"product_tag","embeddable":true,"href":"https:\/\/leatai.com\/ga\/wp-json\/wp\/v2\/product_tag?post=274639"},{"taxonomy":"home_works","embeddable":true,"href":"https:\/\/leatai.com\/ga\/wp-json\/wp\/v2\/home_works?post=274639"}],"curies":[{"name":"wp","href":"https:\/\/api.w.org\/{rel}","templated":true}]}}