{"id":271614,"date":"2021-06-24T13:36:06","date_gmt":"2021-06-24T05:36:06","guid":{"rendered":"https:\/\/leatai.com\/product\/uncategorized\/lef-013\/"},"modified":"2026-02-11T16:54:54","modified_gmt":"2026-02-11T08:54:54","slug":"lef-013","status":"publish","type":"product","link":"https:\/\/leatai.com\/ga\/product\/leabhar-notai-saincheaptha\/leabhar-notai-duilleoga-scaoilte\/lef-013\/","title":{"rendered":"LEF-013"},"content":{"rendered":"<p>M\u00fanla t\u00e1irge: LEF-013<br \/>\n\u00c1bhar cl\u00fadaigh: PU leathar sint\u00e9iseach athraitheach datha<br \/>\nDath: donn caife<br \/>\nSonra\u00edochta\u00ed: 16K \/ 25K \/ 48K <a href=\"https:\/\/leatai.com\/ga\/faq\/cad-iad-na-meideanna-pleanalai-8k-16k-agus-25k-ce-chomh-mor-is-ata-siad\/\" target=\"_blank\" rel=\"noopener\">(m\u00e9id coitianta)<\/a><br \/>\nLeathanaigh inmhe\u00e1nacha: leagan caighde\u00e1nach <a href=\"https:\/\/leatai.com\/ga\/product-category\/formaid-leathanach-inmheanach\/\" target=\"_blank\" rel=\"noopener\">(roghanna form\u00e1ide leathanach inmhe\u00e1nach)<\/a><br \/>\nPac\u00e1isti\u00fa: m\u00e1la OPP (roghnach)<br \/>\nModh pr\u00f3ise\u00e1la LOGO: stamp\u00e1il \u00f3ir, stamp\u00e1il airgid, d\u00f3dhriogadh<\/p>\n<p>Cur s\u00edos ar an t\u00e1irge:<br \/>\nM\u00fanla t\u00e1irge Leatai: LEF-013, is bre\u00e1 leis an gcomhghleaca\u00ed b\u00e9al dorais an patr\u00fan f\u00edod\u00f3ireachta. Tar \u00e9is breathn\u00fa air ar feadh tamaill, t\u00e1 blas ar leith le moth\u00fa go deimhin. Maidir leis an leabhar n\u00f3ta\u00ed seo, c\u00e9 go bhfeictear go bhfuil an patr\u00fan cl\u00f3ite air, is emboss\u00e1il \u00ed at\u00e1 an-chos\u00fail le f\u00edorfh\u00edod\u00f3ireacht l\u00e1imhe, le codarsnacht shoil\u00e9ir idir doimhneacht agus \u00e9adromacht na huigeachta.<\/p>\n<p>\ud83d\udcd6 Le haghaidh tuilleadh molta\u00ed ar leabhair n\u00f3ta\u00ed saincheaptha \/ priont\u00e1il agus t\u00e1irgeadh dialann gn\u00f3 saincheaptha, f\u00e9ach le do thoil:<br \/>\n<a href=\"https:\/\/leatai.com\/ga\/product-category\/samplai-oem-eagsula\/leabhar-crua-cheangailte-oem\/\" target=\"_blank\" rel=\"noopener\">OEM leabhar crua-chl\u00fadaigh<\/a><br \/>\n<a href=\"https:\/\/leatai.com\/ga\/product-category\/samplai-oem-eagsula\/dialann-scaoilte-leathanach-oem\/\" target=\"_blank\" rel=\"noopener\">OEM leabhar f\u00e1inn\u00ed scaoilte<\/a><br \/>\n<a href=\"https:\/\/leatai.com\/ga\/product-category\/samplai-oem-eagsula\/dialann-inbhainte-oem\/\" target=\"_blank\" rel=\"noopener\">OEM leabhar f\u00e1inn\u00ed scaoilte inbhainte<\/a><br \/>\n<a href=\"https:\/\/leatai.com\/ga\/product-category\/samplai-oem-eagsula\/dialann-paipearbhanda-oem\/\" target=\"_blank\" rel=\"noopener\">OEM leabhar bog-chl\u00fadaigh<\/a><br \/>\n<a href=\"https:\/\/leatai.com\/ga\/product-category\/samplai-oem-eagsula\/dialann-biseach-oem\/\" target=\"_blank\" rel=\"noopener\">OEM leabhar coil<\/a><br \/>\n<a href=\"https:\/\/leatai.com\/ga\/product-category\/samplai-oem-eagsula\/feilire-oem\/\" target=\"_blank\" rel=\"noopener\">OEM t\u00e1irgeadh f\u00e9ilire beag str\u00f3icthe saincheaptha \/ priont\u00e1il f\u00e9ilire boird saincheaptha<\/a><br \/>\n<a href=\"https:\/\/leatai.com\/ga\/product-category\/samplai-oem-eagsula\/oem-eile\/\" target=\"_blank\" rel=\"noopener\">OEM eile<\/a><\/p>\n<p>Le haghaidh m\u00edni\u00fa ioml\u00e1n ar mh\u00e9ideanna, f\u00e9ach le do thoil: <a href=\"https:\/\/leatai.com\/ga\/eolas-leabhar-notai\/treoir-ar-mheideanna-paipeir-ag-tuigbheail-na-meideanna-coitianta-cosuil-le-b3-a4-b5-8k-16k-agus-tuilleadh-cairt-meid-chuimsitheach-le-haghaidh-tagartha-easca\/\" target=\"_blank\" rel=\"noopener\">Treoir m\u00e9ideanna p\u00e1ip\u00e9ir: conas a dh\u00e9antar idirdheal\u00fa idir B3, A4, B5, 8K, 16K agus m\u00e9ideanna coitianta eile? T\u00e1bla compar\u00e1ide m\u00e9ideanna p\u00e1ip\u00e9ir a thuigfear ar an bpointe boise!<\/a><\/p>\n","protected":false},"excerpt":{"rendered":"<p>M\u00fanla t\u00e1irge: LEF-013 \u00c1bhar cl\u00fadaigh: PU leathar sint\u00e9iseach athraitheach datha Dath: donn caife Sonra\u00edochta\u00ed: 16K \/ 25K \/ 48K (m\u00e9id coitianta) Leathanaigh inmhe\u00e1nacha: leagan caighde\u00e1nach (roghanna form\u00e1ide leathanach inmhe\u00e1nach) Pac\u00e1isti\u00fa: m\u00e1la OPP (roghnach) Modh pr\u00f3ise\u00e1la LOGO: stamp\u00e1il \u00f3ir, stamp\u00e1il airgid, d\u00f3dhriogadh Cur s\u00edos ar an t\u00e1irge: M\u00fanla t\u00e1irge Leatai: LEF-013, is bre\u00e1 leis an gcomhghleaca\u00ed [&hellip;]<\/p>\n","protected":false},"featured_media":271615,"template":"","meta":{"_acf_changed":false},"product_brand":[],"product_cat":[763],"product_tag":[1716],"home_works":[],"class_list":{"0":"post-271614","1":"product","2":"type-product","3":"status-publish","4":"has-post-thumbnail","6":"product_cat-leabhar-notai-duilleoga-scaoilte","7":"product_tag-leabhar-notai-saincheaptha","9":"first","10":"outofstock","11":"sold-individually","12":"shipping-taxable","13":"purchasable","14":"product-type-variable","15":"has-default-attributes"},"acf":[],"yoast_head":"<!-- This site is optimized with the Yoast SEO plugin v27.2 - https:\/\/yoast.com\/product\/yoast-seo-wordpress\/ -->\n<title>LEF-013 - Maidir leis an gcru\u00e1lacht i leith patr\u00fain fh\u00edod\u00f3ireachta, c\u00e9 at\u00e1 n\u00edos fearr n\u00e1 mise? - Leatai \u2013 Monar\u00f3ir Leabhair N\u00f3ta\u00ed Saincheaptha<\/title>\n<meta name=\"description\" content=\"M\u00fanla t\u00e1irge Leatai: LEF-013, is bre\u00e1 leis an gcomhghleaca\u00ed b\u00e9al dorais an patr\u00fan f\u00edod\u00f3ireachta. Tar \u00e9is breathn\u00fa air ar feadh tamaill, t\u00e1 blas ar leith le moth\u00fa go deimhin. Maidir leis an leabhar n\u00f3ta\u00ed seo, c\u00e9 go bhfeictear go bhfuil an patr\u00fan cl\u00f3ite air, is emboss\u00e1il \u00ed at\u00e1 an-chos\u00fail le f\u00edorfh\u00edod\u00f3ireacht l\u00e1imhe, le codarsnacht shoil\u00e9ir idir doimhneacht agus \u00e9adromacht na huigeachta.\" \/>\n<meta name=\"robots\" content=\"index, follow, max-snippet:-1, max-image-preview:large, max-video-preview:-1\" \/>\n<link rel=\"canonical\" href=\"https:\/\/leatai.com\/ga\/product\/leabhar-notai-saincheaptha\/leabhar-notai-duilleoga-scaoilte\/lef-013\/\" \/>\n<meta property=\"og:locale\" content=\"ga_IE\" \/>\n<meta property=\"og:type\" content=\"article\" \/>\n<meta property=\"og:title\" content=\"LEF-013 - Maidir leis an gcru\u00e1lacht i leith patr\u00fain fh\u00edod\u00f3ireachta, c\u00e9 at\u00e1 n\u00edos fearr n\u00e1 mise? - Leatai \u2013 Monar\u00f3ir Leabhair N\u00f3ta\u00ed Saincheaptha\" \/>\n<meta property=\"og:description\" content=\"M\u00fanla t\u00e1irge Leatai: LEF-013, is bre\u00e1 leis an gcomhghleaca\u00ed b\u00e9al dorais an patr\u00fan f\u00edod\u00f3ireachta. Tar \u00e9is breathn\u00fa air ar feadh tamaill, t\u00e1 blas ar leith le moth\u00fa go deimhin. Maidir leis an leabhar n\u00f3ta\u00ed seo, c\u00e9 go bhfeictear go bhfuil an patr\u00fan cl\u00f3ite air, is emboss\u00e1il \u00ed at\u00e1 an-chos\u00fail le f\u00edorfh\u00edod\u00f3ireacht l\u00e1imhe, le codarsnacht shoil\u00e9ir idir doimhneacht agus \u00e9adromacht na huigeachta.\" \/>\n<meta property=\"og:url\" content=\"https:\/\/leatai.com\/ga\/product\/leabhar-notai-saincheaptha\/leabhar-notai-duilleoga-scaoilte\/lef-013\/\" \/>\n<meta property=\"og:site_name\" content=\"Leatai \u2013 Monar\u00f3ir Leabhair N\u00f3ta\u00ed Saincheaptha\" \/>\n<meta property=\"article:modified_time\" content=\"2026-02-11T08:54:54+00:00\" \/>\n<meta property=\"og:image\" content=\"https:\/\/leatai.com\/wp-content\/uploads\/2015_08_18_1449540.jpg\" \/>\n\t<meta property=\"og:image:width\" content=\"1000\" \/>\n\t<meta property=\"og:image:height\" content=\"750\" \/>\n\t<meta property=\"og:image:type\" content=\"image\/jpeg\" \/>\n<meta name=\"twitter:card\" content=\"summary_large_image\" \/>\n<meta name=\"twitter:label1\" content=\"Est. reading time\" \/>\n\t<meta name=\"twitter:data1\" content=\"2 minutes\" \/>\n<script type=\"application\/ld+json\" class=\"yoast-schema-graph\">{\"@context\":\"https:\/\/schema.org\",\"@graph\":[{\"@type\":\"WebPage\",\"@id\":\"https:\/\/leatai.com\/ga\/product\/leabhar-notai-saincheaptha\/leabhar-notai-duilleoga-scaoilte\/lef-013\/\",\"url\":\"https:\/\/leatai.com\/ga\/product\/leabhar-notai-saincheaptha\/leabhar-notai-duilleoga-scaoilte\/lef-013\/\",\"name\":\"LEF-013 - Maidir leis an gcru\u00e1lacht i leith patr\u00fain fh\u00edod\u00f3ireachta, c\u00e9 at\u00e1 n\u00edos fearr n\u00e1 mise? - Leatai \u2013 Monar\u00f3ir Leabhair N\u00f3ta\u00ed Saincheaptha\",\"isPartOf\":{\"@id\":\"https:\/\/leatai.com\/ga\/#website\"},\"primaryImageOfPage\":{\"@id\":\"https:\/\/leatai.com\/ga\/product\/leabhar-notai-saincheaptha\/leabhar-notai-duilleoga-scaoilte\/lef-013\/#primaryimage\"},\"image\":{\"@id\":\"https:\/\/leatai.com\/ga\/product\/leabhar-notai-saincheaptha\/leabhar-notai-duilleoga-scaoilte\/lef-013\/#primaryimage\"},\"thumbnailUrl\":\"https:\/\/leatai.com\/wp-content\/uploads\/2015_08_18_1449540.jpg\",\"datePublished\":\"2021-06-24T05:36:06+00:00\",\"dateModified\":\"2026-02-11T08:54:54+00:00\",\"description\":\"M\u00fanla t\u00e1irge Leatai: LEF-013, is bre\u00e1 leis an gcomhghleaca\u00ed b\u00e9al dorais an patr\u00fan f\u00edod\u00f3ireachta. Tar \u00e9is breathn\u00fa air ar feadh tamaill, t\u00e1 blas ar leith le moth\u00fa go deimhin. Maidir leis an leabhar n\u00f3ta\u00ed seo, c\u00e9 go bhfeictear go bhfuil an patr\u00fan cl\u00f3ite air, is emboss\u00e1il \u00ed at\u00e1 an-chos\u00fail le f\u00edorfh\u00edod\u00f3ireacht l\u00e1imhe, le codarsnacht shoil\u00e9ir idir doimhneacht agus \u00e9adromacht na huigeachta.\",\"breadcrumb\":{\"@id\":\"https:\/\/leatai.com\/ga\/product\/leabhar-notai-saincheaptha\/leabhar-notai-duilleoga-scaoilte\/lef-013\/#breadcrumb\"},\"inLanguage\":\"ga-IE\",\"potentialAction\":[{\"@type\":\"ReadAction\",\"target\":[\"https:\/\/leatai.com\/ga\/product\/leabhar-notai-saincheaptha\/leabhar-notai-duilleoga-scaoilte\/lef-013\/\"]}]},{\"@type\":\"ImageObject\",\"inLanguage\":\"ga-IE\",\"@id\":\"https:\/\/leatai.com\/ga\/product\/leabhar-notai-saincheaptha\/leabhar-notai-duilleoga-scaoilte\/lef-013\/#primaryimage\",\"url\":\"https:\/\/leatai.com\/wp-content\/uploads\/2015_08_18_1449540.jpg\",\"contentUrl\":\"https:\/\/leatai.com\/wp-content\/uploads\/2015_08_18_1449540.jpg\",\"width\":1000,\"height\":750},{\"@type\":\"BreadcrumbList\",\"@id\":\"https:\/\/leatai.com\/ga\/product\/leabhar-notai-saincheaptha\/leabhar-notai-duilleoga-scaoilte\/lef-013\/#breadcrumb\",\"itemListElement\":[{\"@type\":\"ListItem\",\"position\":1,\"name\":\"Home\",\"item\":\"https:\/\/leatai.com\/ga\/\"},{\"@type\":\"ListItem\",\"position\":2,\"name\":\"Cur i l\u00e1thair T\u00e1irg\u00ed\",\"item\":\"https:\/\/leatai.com\/products\/\"},{\"@type\":\"ListItem\",\"position\":3,\"name\":\"Leabhar n\u00f3ta\u00ed saincheaptha\",\"item\":\"https:\/\/leatai.com\/ga\/product-category\/leabhar-notai-saincheaptha\/\"},{\"@type\":\"ListItem\",\"position\":4,\"name\":\"Leabhar N\u00f3ta\u00ed Duilleoga Scaoilte\",\"item\":\"https:\/\/leatai.com\/ga\/product-category\/leabhar-notai-saincheaptha\/leabhar-notai-duilleoga-scaoilte\/\"},{\"@type\":\"ListItem\",\"position\":5,\"name\":\"LEF-013\"}]},{\"@type\":\"WebSite\",\"@id\":\"https:\/\/leatai.com\/ga\/#website\",\"url\":\"https:\/\/leatai.com\/ga\/\",\"name\":\"Leatai \u2013 Monar\u00f3ir Leabhair N\u00f3ta\u00ed Saincheaptha\",\"description\":\"Sol\u00e1thra\u00edonn Leatai leabhair n\u00f3ta\u00ed agus plean\u00e1laithe saincheaptha do bhranda\u00ed agus d\u00e1ileoir\u00ed ar fud an domhain.\",\"publisher\":{\"@id\":\"https:\/\/leatai.com\/ga\/#organization\"},\"potentialAction\":[{\"@type\":\"SearchAction\",\"target\":{\"@type\":\"EntryPoint\",\"urlTemplate\":\"https:\/\/leatai.com\/ga\/?s={search_term_string}\"},\"query-input\":{\"@type\":\"PropertyValueSpecification\",\"valueRequired\":true,\"valueName\":\"search_term_string\"}}],\"inLanguage\":\"ga-IE\"},{\"@type\":\"Organization\",\"@id\":\"https:\/\/leatai.com\/ga\/#organization\",\"name\":\"Leatai Diary, customized journal and business organizer\",\"url\":\"https:\/\/leatai.com\/ga\/\",\"logo\":{\"@type\":\"ImageObject\",\"inLanguage\":\"ga-IE\",\"@id\":\"https:\/\/leatai.com\/ga\/#\/schema\/logo\/image\/\",\"url\":\"https:\/\/leatai.com\/wp-content\/uploads\/logo-blue.png\",\"contentUrl\":\"https:\/\/leatai.com\/wp-content\/uploads\/logo-blue.png\",\"width\":230,\"height\":60,\"caption\":\"Leatai Diary, customized journal and business organizer\"},\"image\":{\"@id\":\"https:\/\/leatai.com\/ga\/#\/schema\/logo\/image\/\"}}]}<\/script>\n<!-- \/ Yoast SEO plugin. -->","yoast_head_json":{"title":"LEF-013 - Maidir leis an gcru\u00e1lacht i leith patr\u00fain fh\u00edod\u00f3ireachta, c\u00e9 at\u00e1 n\u00edos fearr n\u00e1 mise? - Leatai \u2013 Monar\u00f3ir Leabhair N\u00f3ta\u00ed Saincheaptha","description":"M\u00fanla t\u00e1irge Leatai: LEF-013, is bre\u00e1 leis an gcomhghleaca\u00ed b\u00e9al dorais an patr\u00fan f\u00edod\u00f3ireachta. Tar \u00e9is breathn\u00fa air ar feadh tamaill, t\u00e1 blas ar leith le moth\u00fa go deimhin. Maidir leis an leabhar n\u00f3ta\u00ed seo, c\u00e9 go bhfeictear go bhfuil an patr\u00fan cl\u00f3ite air, is emboss\u00e1il \u00ed at\u00e1 an-chos\u00fail le f\u00edorfh\u00edod\u00f3ireacht l\u00e1imhe, le codarsnacht shoil\u00e9ir idir doimhneacht agus \u00e9adromacht na huigeachta.","robots":{"index":"index","follow":"follow","max-snippet":"max-snippet:-1","max-image-preview":"max-image-preview:large","max-video-preview":"max-video-preview:-1"},"canonical":"https:\/\/leatai.com\/ga\/product\/leabhar-notai-saincheaptha\/leabhar-notai-duilleoga-scaoilte\/lef-013\/","og_locale":"ga_IE","og_type":"article","og_title":"LEF-013 - Maidir leis an gcru\u00e1lacht i leith patr\u00fain fh\u00edod\u00f3ireachta, c\u00e9 at\u00e1 n\u00edos fearr n\u00e1 mise? - Leatai \u2013 Monar\u00f3ir Leabhair N\u00f3ta\u00ed Saincheaptha","og_description":"M\u00fanla t\u00e1irge Leatai: LEF-013, is bre\u00e1 leis an gcomhghleaca\u00ed b\u00e9al dorais an patr\u00fan f\u00edod\u00f3ireachta. Tar \u00e9is breathn\u00fa air ar feadh tamaill, t\u00e1 blas ar leith le moth\u00fa go deimhin. Maidir leis an leabhar n\u00f3ta\u00ed seo, c\u00e9 go bhfeictear go bhfuil an patr\u00fan cl\u00f3ite air, is emboss\u00e1il \u00ed at\u00e1 an-chos\u00fail le f\u00edorfh\u00edod\u00f3ireacht l\u00e1imhe, le codarsnacht shoil\u00e9ir idir doimhneacht agus \u00e9adromacht na huigeachta.","og_url":"https:\/\/leatai.com\/ga\/product\/leabhar-notai-saincheaptha\/leabhar-notai-duilleoga-scaoilte\/lef-013\/","og_site_name":"Leatai \u2013 Monar\u00f3ir Leabhair N\u00f3ta\u00ed Saincheaptha","article_modified_time":"2026-02-11T08:54:54+00:00","og_image":[{"width":1000,"height":750,"url":"https:\/\/leatai.com\/wp-content\/uploads\/2015_08_18_1449540.jpg","type":"image\/jpeg"}],"twitter_card":"summary_large_image","twitter_misc":{"Est. reading time":"2 minutes"},"schema":{"@context":"https:\/\/schema.org","@graph":[{"@type":"WebPage","@id":"https:\/\/leatai.com\/ga\/product\/leabhar-notai-saincheaptha\/leabhar-notai-duilleoga-scaoilte\/lef-013\/","url":"https:\/\/leatai.com\/ga\/product\/leabhar-notai-saincheaptha\/leabhar-notai-duilleoga-scaoilte\/lef-013\/","name":"LEF-013 - Maidir leis an gcru\u00e1lacht i leith patr\u00fain fh\u00edod\u00f3ireachta, c\u00e9 at\u00e1 n\u00edos fearr n\u00e1 mise? - Leatai \u2013 Monar\u00f3ir Leabhair N\u00f3ta\u00ed Saincheaptha","isPartOf":{"@id":"https:\/\/leatai.com\/ga\/#website"},"primaryImageOfPage":{"@id":"https:\/\/leatai.com\/ga\/product\/leabhar-notai-saincheaptha\/leabhar-notai-duilleoga-scaoilte\/lef-013\/#primaryimage"},"image":{"@id":"https:\/\/leatai.com\/ga\/product\/leabhar-notai-saincheaptha\/leabhar-notai-duilleoga-scaoilte\/lef-013\/#primaryimage"},"thumbnailUrl":"https:\/\/leatai.com\/wp-content\/uploads\/2015_08_18_1449540.jpg","datePublished":"2021-06-24T05:36:06+00:00","dateModified":"2026-02-11T08:54:54+00:00","description":"M\u00fanla t\u00e1irge Leatai: LEF-013, is bre\u00e1 leis an gcomhghleaca\u00ed b\u00e9al dorais an patr\u00fan f\u00edod\u00f3ireachta. Tar \u00e9is breathn\u00fa air ar feadh tamaill, t\u00e1 blas ar leith le moth\u00fa go deimhin. Maidir leis an leabhar n\u00f3ta\u00ed seo, c\u00e9 go bhfeictear go bhfuil an patr\u00fan cl\u00f3ite air, is emboss\u00e1il \u00ed at\u00e1 an-chos\u00fail le f\u00edorfh\u00edod\u00f3ireacht l\u00e1imhe, le codarsnacht shoil\u00e9ir idir doimhneacht agus \u00e9adromacht na huigeachta.","breadcrumb":{"@id":"https:\/\/leatai.com\/ga\/product\/leabhar-notai-saincheaptha\/leabhar-notai-duilleoga-scaoilte\/lef-013\/#breadcrumb"},"inLanguage":"ga-IE","potentialAction":[{"@type":"ReadAction","target":["https:\/\/leatai.com\/ga\/product\/leabhar-notai-saincheaptha\/leabhar-notai-duilleoga-scaoilte\/lef-013\/"]}]},{"@type":"ImageObject","inLanguage":"ga-IE","@id":"https:\/\/leatai.com\/ga\/product\/leabhar-notai-saincheaptha\/leabhar-notai-duilleoga-scaoilte\/lef-013\/#primaryimage","url":"https:\/\/leatai.com\/wp-content\/uploads\/2015_08_18_1449540.jpg","contentUrl":"https:\/\/leatai.com\/wp-content\/uploads\/2015_08_18_1449540.jpg","width":1000,"height":750},{"@type":"BreadcrumbList","@id":"https:\/\/leatai.com\/ga\/product\/leabhar-notai-saincheaptha\/leabhar-notai-duilleoga-scaoilte\/lef-013\/#breadcrumb","itemListElement":[{"@type":"ListItem","position":1,"name":"Home","item":"https:\/\/leatai.com\/ga\/"},{"@type":"ListItem","position":2,"name":"Cur i l\u00e1thair T\u00e1irg\u00ed","item":"https:\/\/leatai.com\/products\/"},{"@type":"ListItem","position":3,"name":"Leabhar n\u00f3ta\u00ed saincheaptha","item":"https:\/\/leatai.com\/ga\/product-category\/leabhar-notai-saincheaptha\/"},{"@type":"ListItem","position":4,"name":"Leabhar N\u00f3ta\u00ed Duilleoga Scaoilte","item":"https:\/\/leatai.com\/ga\/product-category\/leabhar-notai-saincheaptha\/leabhar-notai-duilleoga-scaoilte\/"},{"@type":"ListItem","position":5,"name":"LEF-013"}]},{"@type":"WebSite","@id":"https:\/\/leatai.com\/ga\/#website","url":"https:\/\/leatai.com\/ga\/","name":"Leatai \u2013 Monar\u00f3ir Leabhair N\u00f3ta\u00ed Saincheaptha","description":"Sol\u00e1thra\u00edonn Leatai leabhair n\u00f3ta\u00ed agus plean\u00e1laithe saincheaptha do bhranda\u00ed agus d\u00e1ileoir\u00ed ar fud an domhain.","publisher":{"@id":"https:\/\/leatai.com\/ga\/#organization"},"potentialAction":[{"@type":"SearchAction","target":{"@type":"EntryPoint","urlTemplate":"https:\/\/leatai.com\/ga\/?s={search_term_string}"},"query-input":{"@type":"PropertyValueSpecification","valueRequired":true,"valueName":"search_term_string"}}],"inLanguage":"ga-IE"},{"@type":"Organization","@id":"https:\/\/leatai.com\/ga\/#organization","name":"Leatai Diary, customized journal and business organizer","url":"https:\/\/leatai.com\/ga\/","logo":{"@type":"ImageObject","inLanguage":"ga-IE","@id":"https:\/\/leatai.com\/ga\/#\/schema\/logo\/image\/","url":"https:\/\/leatai.com\/wp-content\/uploads\/logo-blue.png","contentUrl":"https:\/\/leatai.com\/wp-content\/uploads\/logo-blue.png","width":230,"height":60,"caption":"Leatai Diary, customized journal and business organizer"},"image":{"@id":"https:\/\/leatai.com\/ga\/#\/schema\/logo\/image\/"}}]}},"_links":{"self":[{"href":"https:\/\/leatai.com\/ga\/wp-json\/wp\/v2\/product\/271614","targetHints":{"allow":["GET"]}}],"collection":[{"href":"https:\/\/leatai.com\/ga\/wp-json\/wp\/v2\/product"}],"about":[{"href":"https:\/\/leatai.com\/ga\/wp-json\/wp\/v2\/types\/product"}],"wp:featuredmedia":[{"embeddable":true,"href":"https:\/\/leatai.com\/ga\/wp-json\/wp\/v2\/media\/271615"}],"wp:attachment":[{"href":"https:\/\/leatai.com\/ga\/wp-json\/wp\/v2\/media?parent=271614"}],"wp:term":[{"taxonomy":"product_brand","embeddable":true,"href":"https:\/\/leatai.com\/ga\/wp-json\/wp\/v2\/product_brand?post=271614"},{"taxonomy":"product_cat","embeddable":true,"href":"https:\/\/leatai.com\/ga\/wp-json\/wp\/v2\/product_cat?post=271614"},{"taxonomy":"product_tag","embeddable":true,"href":"https:\/\/leatai.com\/ga\/wp-json\/wp\/v2\/product_tag?post=271614"},{"taxonomy":"home_works","embeddable":true,"href":"https:\/\/leatai.com\/ga\/wp-json\/wp\/v2\/home_works?post=271614"}],"curies":[{"name":"wp","href":"https:\/\/api.w.org\/{rel}","templated":true}]}}