{"id":268841,"date":"2021-08-25T15:34:26","date_gmt":"2021-08-25T07:34:26","guid":{"rendered":"https:\/\/leatai.com\/product\/uncategorized\/ldo-014\/"},"modified":"2026-02-02T14:17:48","modified_gmt":"2026-02-02T06:17:48","slug":"ldo-014","status":"publish","type":"product","link":"https:\/\/leatai.com\/ga\/product\/leabhar-notai-saincheaptha\/leabhar-notai-inbhainte\/ldo-014\/","title":{"rendered":"LDO-014"},"content":{"rendered":"<p>M\u00fanla T\u00e1irge: LDO-014<br \/>\n\u00c1bhar an Chl\u00fadaigh: P\u00e1ip\u00e9ar kraft at\u00e1 neamhdh\u00edobh\u00e1lach don chomhshaol<br \/>\nDath: B\u00e9asa<br \/>\nM\u00e9id: A5 (20 poll \/ 6 pholl)<a href=\"https:\/\/leatai.com\/ga\/faq\/cad-iad-na-meideanna-pleanalai-8k-16k-agus-25k-ce-chomh-mor-is-ata-siad\/\" target=\"_blank\" rel=\"noopener\">(m\u00e9id coitianta)<\/a><br \/>\nLeathanaigh inmhe\u00e1nacha: leagan caighde\u00e1nach <a href=\"https:\/\/leatai.com\/ga\/product-category\/formaid-leathanach-inmheanach\/\" target=\"_blank\" rel=\"noopener\">(roghanna form\u00e1ide leathanach inmhe\u00e1nach)<\/a><br \/>\nPac\u00e1isti\u00fa: M\u00e1la OPP (roghnach)<br \/>\nPr\u00f3ise\u00e1il LOGO: D\u00edbhos\u00e1il, stamp\u00e1il \u00f3ir, stamp\u00e1il airgid<br \/>\nPraghas: 165 yuan<\/p>\n<p>Cur s\u00edos ar an t\u00e1irge:<br \/>\nM\u00fanla t\u00e1irge Leatai: LDO-014. Murab ionann agus p\u00e1ip\u00e9ar kraft traidisi\u00fanta, \u00fas\u00e1ideann an dialann ghn\u00f3 inbhainte seo p\u00e1ip\u00e9ar kraft at\u00e1 neamhdh\u00edobh\u00e1lach don chomhshaol, rud a l\u00e9ir\u00edonn go soil\u00e9ir strucht\u00far na sn\u00e1ith\u00edn\u00ed. Coinn\u00edonn s\u00e9 tr\u00e9ith l\u00e1idir agus t\u00e1 s\u00e9 thar a bheith praitici\u00fail agus feidhmi\u00fail.<\/p>\n<p>\ud83d\udcd6 Le haghaidh tuilleadh molta\u00ed ar leabhair n\u00f3ta\u00ed saincheaptha \/ priont\u00e1il agus t\u00e1irgeadh dialann gn\u00f3 saincheaptha, f\u00e9ach le do thoil:<br \/>\n<a href=\"https:\/\/leatai.com\/ga\/product-category\/samplai-oem-eagsula\/leabhar-crua-cheangailte-oem\/\" target=\"_blank\" rel=\"noopener\">OEM leabhar crua-chl\u00fadaigh<\/a><br \/>\n<a href=\"https:\/\/leatai.com\/ga\/product-category\/samplai-oem-eagsula\/dialann-scaoilte-leathanach-oem\/\" target=\"_blank\" rel=\"noopener\">OEM leabhar f\u00e1inn\u00ed scaoilte<\/a><br \/>\n<a href=\"https:\/\/leatai.com\/ga\/product-category\/samplai-oem-eagsula\/dialann-inbhainte-oem\/\" target=\"_blank\" rel=\"noopener\">OEM leabhar f\u00e1inn\u00ed scaoilte inbhainte<\/a><br \/>\n<a href=\"https:\/\/leatai.com\/ga\/product-category\/samplai-oem-eagsula\/dialann-paipearbhanda-oem\/\" target=\"_blank\" rel=\"noopener\">OEM leabhar bog-chl\u00fadaigh<\/a><br \/>\n<a href=\"https:\/\/leatai.com\/ga\/product-category\/samplai-oem-eagsula\/dialann-biseach-oem\/\" target=\"_blank\" rel=\"noopener\">OEM leabhar coil<\/a><br \/>\n<a href=\"https:\/\/leatai.com\/ga\/product-category\/samplai-oem-eagsula\/feilire-oem\/\" target=\"_blank\" rel=\"noopener\">OEM t\u00e1irgeadh f\u00e9ilire beag str\u00f3icthe saincheaptha \/ priont\u00e1il f\u00e9ilire boird saincheaptha<\/a><br \/>\n<a href=\"https:\/\/leatai.com\/ga\/product-category\/samplai-oem-eagsula\/oem-eile\/\" target=\"_blank\" rel=\"noopener\">OEM eile<\/a><\/p>\n<p>Le haghaidh m\u00edni\u00fa ioml\u00e1n ar mh\u00e9ideanna, f\u00e9ach le do thoil: <a href=\"https:\/\/leatai.com\/ga\/eolas-leabhar-notai\/treoir-ar-mheideanna-paipeir-ag-tuigbheail-na-meideanna-coitianta-cosuil-le-b3-a4-b5-8k-16k-agus-tuilleadh-cairt-meid-chuimsitheach-le-haghaidh-tagartha-easca\/\" target=\"_blank\" rel=\"noopener\">Treoir m\u00e9ideanna p\u00e1ip\u00e9ir: conas a dh\u00e9antar idirdheal\u00fa idir B3, A4, B5, 8K, 16K agus m\u00e9ideanna coitianta eile? T\u00e1bla compar\u00e1ide m\u00e9ideanna p\u00e1ip\u00e9ir a thuigfear ar an bpointe boise!<\/a><\/p>\n<p><iframe title=\"How to DIY a removable notebook\" width=\"800\" height=\"450\" src=\"https:\/\/www.youtube.com\/embed\/OsLvh1PRzxo?feature=oembed&#038;enablejsapi=1&#038;origin=https:\/\/leatai.com\" frameborder=\"0\" allow=\"accelerometer; autoplay; clipboard-write; encrypted-media; gyroscope; picture-in-picture; web-share\" referrerpolicy=\"strict-origin-when-cross-origin\" allowfullscreen><\/iframe><\/p>\n<p>&nbsp;<\/p>\n","protected":false},"excerpt":{"rendered":"<p>M\u00fanla T\u00e1irge: LDO-014 \u00c1bhar an Chl\u00fadaigh: P\u00e1ip\u00e9ar kraft at\u00e1 neamhdh\u00edobh\u00e1lach don chomhshaol Dath: B\u00e9asa M\u00e9id: A5 (20 poll \/ 6 pholl)(m\u00e9id coitianta) Leathanaigh inmhe\u00e1nacha: leagan caighde\u00e1nach (roghanna form\u00e1ide leathanach inmhe\u00e1nach) Pac\u00e1isti\u00fa: M\u00e1la OPP (roghnach) Pr\u00f3ise\u00e1il LOGO: D\u00edbhos\u00e1il, stamp\u00e1il \u00f3ir, stamp\u00e1il airgid Praghas: 165 yuan Cur s\u00edos ar an t\u00e1irge: M\u00fanla t\u00e1irge Leatai: LDO-014. Murab ionann [&hellip;]<\/p>\n","protected":false},"featured_media":268842,"template":"","meta":{"_acf_changed":false},"product_brand":[],"product_cat":[781,856],"product_tag":[1701,1704],"home_works":[],"class_list":{"0":"post-268841","1":"product","2":"type-product","3":"status-publish","4":"has-post-thumbnail","6":"product_cat-leabhar-notai-inbhainte","7":"product_cat-tairgi-ar-phraghas-iseal","8":"product_tag-16k","9":"product_tag-25k","11":"first","12":"outofstock","13":"sold-individually","14":"shipping-taxable","15":"purchasable","16":"product-type-variable","17":"has-default-attributes"},"acf":[],"yoast_head":"<!-- This site is optimized with the Yoast SEO plugin v27.2 - https:\/\/yoast.com\/product\/yoast-seo-wordpress\/ -->\n<title>LDO-014 - F\u00edor-shimpl\u00edocht n\u00e1d\u00fartha ina bhfuil uigeacht na sn\u00e1ith\u00edn\u00ed le feice\u00e1il - Leatai \u2013 Monar\u00f3ir Leabhair N\u00f3ta\u00ed Saincheaptha<\/title>\n<meta name=\"description\" content=\"M\u00fanla t\u00e1irge Leatai: LDO-014. Murab ionann agus p\u00e1ip\u00e9ar kraft traidisi\u00fanta, \u00fas\u00e1ideann an dialann ghn\u00f3 inbhainte seo p\u00e1ip\u00e9ar kraft at\u00e1 neamhdh\u00edobh\u00e1lach don chomhshaol, rud a l\u00e9ir\u00edonn go soil\u00e9ir strucht\u00far na sn\u00e1ith\u00edn\u00ed. Coinn\u00edonn s\u00e9 tr\u00e9ith l\u00e1idir agus t\u00e1 s\u00e9 thar a bheith praitici\u00fail agus feidhmi\u00fail.\" \/>\n<meta name=\"robots\" content=\"index, follow, max-snippet:-1, max-image-preview:large, max-video-preview:-1\" \/>\n<link rel=\"canonical\" href=\"https:\/\/leatai.com\/ga\/product\/leabhar-notai-saincheaptha\/leabhar-notai-inbhainte\/ldo-014\/\" \/>\n<meta property=\"og:locale\" content=\"ga_IE\" \/>\n<meta property=\"og:type\" content=\"article\" \/>\n<meta property=\"og:title\" content=\"LDO-014 - F\u00edor-shimpl\u00edocht n\u00e1d\u00fartha ina bhfuil uigeacht na sn\u00e1ith\u00edn\u00ed le feice\u00e1il - Leatai \u2013 Monar\u00f3ir Leabhair N\u00f3ta\u00ed Saincheaptha\" \/>\n<meta property=\"og:description\" content=\"M\u00fanla t\u00e1irge Leatai: LDO-014. Murab ionann agus p\u00e1ip\u00e9ar kraft traidisi\u00fanta, \u00fas\u00e1ideann an dialann ghn\u00f3 inbhainte seo p\u00e1ip\u00e9ar kraft at\u00e1 neamhdh\u00edobh\u00e1lach don chomhshaol, rud a l\u00e9ir\u00edonn go soil\u00e9ir strucht\u00far na sn\u00e1ith\u00edn\u00ed. Coinn\u00edonn s\u00e9 tr\u00e9ith l\u00e1idir agus t\u00e1 s\u00e9 thar a bheith praitici\u00fail agus feidhmi\u00fail.\" \/>\n<meta property=\"og:url\" content=\"https:\/\/leatai.com\/ga\/product\/leabhar-notai-saincheaptha\/leabhar-notai-inbhainte\/ldo-014\/\" \/>\n<meta property=\"og:site_name\" content=\"Leatai \u2013 Monar\u00f3ir Leabhair N\u00f3ta\u00ed Saincheaptha\" \/>\n<meta property=\"article:modified_time\" content=\"2026-02-02T06:17:48+00:00\" \/>\n<meta property=\"og:image\" content=\"https:\/\/leatai.com\/wp-content\/uploads\/1-32.jpg\" \/>\n\t<meta property=\"og:image:width\" content=\"1000\" \/>\n\t<meta property=\"og:image:height\" content=\"750\" \/>\n\t<meta property=\"og:image:type\" content=\"image\/jpeg\" \/>\n<meta name=\"twitter:card\" content=\"summary_large_image\" \/>\n<meta name=\"twitter:label1\" content=\"Est. reading time\" \/>\n\t<meta name=\"twitter:data1\" content=\"2 minutes\" \/>\n<script type=\"application\/ld+json\" class=\"yoast-schema-graph\">{\"@context\":\"https:\/\/schema.org\",\"@graph\":[{\"@type\":\"WebPage\",\"@id\":\"https:\/\/leatai.com\/ga\/product\/leabhar-notai-saincheaptha\/leabhar-notai-inbhainte\/ldo-014\/\",\"url\":\"https:\/\/leatai.com\/ga\/product\/leabhar-notai-saincheaptha\/leabhar-notai-inbhainte\/ldo-014\/\",\"name\":\"LDO-014 - F\u00edor-shimpl\u00edocht n\u00e1d\u00fartha ina bhfuil uigeacht na sn\u00e1ith\u00edn\u00ed le feice\u00e1il - Leatai \u2013 Monar\u00f3ir Leabhair N\u00f3ta\u00ed Saincheaptha\",\"isPartOf\":{\"@id\":\"https:\/\/leatai.com\/ga\/#website\"},\"primaryImageOfPage\":{\"@id\":\"https:\/\/leatai.com\/ga\/product\/leabhar-notai-saincheaptha\/leabhar-notai-inbhainte\/ldo-014\/#primaryimage\"},\"image\":{\"@id\":\"https:\/\/leatai.com\/ga\/product\/leabhar-notai-saincheaptha\/leabhar-notai-inbhainte\/ldo-014\/#primaryimage\"},\"thumbnailUrl\":\"https:\/\/leatai.com\/wp-content\/uploads\/1-32.jpg\",\"datePublished\":\"2021-08-25T07:34:26+00:00\",\"dateModified\":\"2026-02-02T06:17:48+00:00\",\"description\":\"M\u00fanla t\u00e1irge Leatai: LDO-014. Murab ionann agus p\u00e1ip\u00e9ar kraft traidisi\u00fanta, \u00fas\u00e1ideann an dialann ghn\u00f3 inbhainte seo p\u00e1ip\u00e9ar kraft at\u00e1 neamhdh\u00edobh\u00e1lach don chomhshaol, rud a l\u00e9ir\u00edonn go soil\u00e9ir strucht\u00far na sn\u00e1ith\u00edn\u00ed. Coinn\u00edonn s\u00e9 tr\u00e9ith l\u00e1idir agus t\u00e1 s\u00e9 thar a bheith praitici\u00fail agus feidhmi\u00fail.\",\"breadcrumb\":{\"@id\":\"https:\/\/leatai.com\/ga\/product\/leabhar-notai-saincheaptha\/leabhar-notai-inbhainte\/ldo-014\/#breadcrumb\"},\"inLanguage\":\"ga-IE\",\"potentialAction\":[{\"@type\":\"ReadAction\",\"target\":[\"https:\/\/leatai.com\/ga\/product\/leabhar-notai-saincheaptha\/leabhar-notai-inbhainte\/ldo-014\/\"]}]},{\"@type\":\"ImageObject\",\"inLanguage\":\"ga-IE\",\"@id\":\"https:\/\/leatai.com\/ga\/product\/leabhar-notai-saincheaptha\/leabhar-notai-inbhainte\/ldo-014\/#primaryimage\",\"url\":\"https:\/\/leatai.com\/wp-content\/uploads\/1-32.jpg\",\"contentUrl\":\"https:\/\/leatai.com\/wp-content\/uploads\/1-32.jpg\",\"width\":1000,\"height\":750},{\"@type\":\"BreadcrumbList\",\"@id\":\"https:\/\/leatai.com\/ga\/product\/leabhar-notai-saincheaptha\/leabhar-notai-inbhainte\/ldo-014\/#breadcrumb\",\"itemListElement\":[{\"@type\":\"ListItem\",\"position\":1,\"name\":\"Home\",\"item\":\"https:\/\/leatai.com\/ga\/\"},{\"@type\":\"ListItem\",\"position\":2,\"name\":\"Cur i l\u00e1thair T\u00e1irg\u00ed\",\"item\":\"https:\/\/leatai.com\/products\/\"},{\"@type\":\"ListItem\",\"position\":3,\"name\":\"T\u00e1irg\u00ed ar Phraghas \u00cdseal\",\"item\":\"https:\/\/leatai.com\/ga\/product-category\/tairgi-ar-phraghas-iseal\/\"},{\"@type\":\"ListItem\",\"position\":4,\"name\":\"LDO-014\"}]},{\"@type\":\"WebSite\",\"@id\":\"https:\/\/leatai.com\/ga\/#website\",\"url\":\"https:\/\/leatai.com\/ga\/\",\"name\":\"Leatai \u2013 Monar\u00f3ir Leabhair N\u00f3ta\u00ed Saincheaptha\",\"description\":\"Sol\u00e1thra\u00edonn Leatai leabhair n\u00f3ta\u00ed agus plean\u00e1laithe saincheaptha do bhranda\u00ed agus d\u00e1ileoir\u00ed ar fud an domhain.\",\"publisher\":{\"@id\":\"https:\/\/leatai.com\/ga\/#organization\"},\"potentialAction\":[{\"@type\":\"SearchAction\",\"target\":{\"@type\":\"EntryPoint\",\"urlTemplate\":\"https:\/\/leatai.com\/ga\/?s={search_term_string}\"},\"query-input\":{\"@type\":\"PropertyValueSpecification\",\"valueRequired\":true,\"valueName\":\"search_term_string\"}}],\"inLanguage\":\"ga-IE\"},{\"@type\":\"Organization\",\"@id\":\"https:\/\/leatai.com\/ga\/#organization\",\"name\":\"Leatai Diary, customized journal and business organizer\",\"url\":\"https:\/\/leatai.com\/ga\/\",\"logo\":{\"@type\":\"ImageObject\",\"inLanguage\":\"ga-IE\",\"@id\":\"https:\/\/leatai.com\/ga\/#\/schema\/logo\/image\/\",\"url\":\"https:\/\/leatai.com\/wp-content\/uploads\/logo-blue.png\",\"contentUrl\":\"https:\/\/leatai.com\/wp-content\/uploads\/logo-blue.png\",\"width\":230,\"height\":60,\"caption\":\"Leatai Diary, customized journal and business organizer\"},\"image\":{\"@id\":\"https:\/\/leatai.com\/ga\/#\/schema\/logo\/image\/\"}}]}<\/script>\n<!-- \/ Yoast SEO plugin. -->","yoast_head_json":{"title":"LDO-014 - F\u00edor-shimpl\u00edocht n\u00e1d\u00fartha ina bhfuil uigeacht na sn\u00e1ith\u00edn\u00ed le feice\u00e1il - Leatai \u2013 Monar\u00f3ir Leabhair N\u00f3ta\u00ed Saincheaptha","description":"M\u00fanla t\u00e1irge Leatai: LDO-014. Murab ionann agus p\u00e1ip\u00e9ar kraft traidisi\u00fanta, \u00fas\u00e1ideann an dialann ghn\u00f3 inbhainte seo p\u00e1ip\u00e9ar kraft at\u00e1 neamhdh\u00edobh\u00e1lach don chomhshaol, rud a l\u00e9ir\u00edonn go soil\u00e9ir strucht\u00far na sn\u00e1ith\u00edn\u00ed. Coinn\u00edonn s\u00e9 tr\u00e9ith l\u00e1idir agus t\u00e1 s\u00e9 thar a bheith praitici\u00fail agus feidhmi\u00fail.","robots":{"index":"index","follow":"follow","max-snippet":"max-snippet:-1","max-image-preview":"max-image-preview:large","max-video-preview":"max-video-preview:-1"},"canonical":"https:\/\/leatai.com\/ga\/product\/leabhar-notai-saincheaptha\/leabhar-notai-inbhainte\/ldo-014\/","og_locale":"ga_IE","og_type":"article","og_title":"LDO-014 - F\u00edor-shimpl\u00edocht n\u00e1d\u00fartha ina bhfuil uigeacht na sn\u00e1ith\u00edn\u00ed le feice\u00e1il - Leatai \u2013 Monar\u00f3ir Leabhair N\u00f3ta\u00ed Saincheaptha","og_description":"M\u00fanla t\u00e1irge Leatai: LDO-014. Murab ionann agus p\u00e1ip\u00e9ar kraft traidisi\u00fanta, \u00fas\u00e1ideann an dialann ghn\u00f3 inbhainte seo p\u00e1ip\u00e9ar kraft at\u00e1 neamhdh\u00edobh\u00e1lach don chomhshaol, rud a l\u00e9ir\u00edonn go soil\u00e9ir strucht\u00far na sn\u00e1ith\u00edn\u00ed. Coinn\u00edonn s\u00e9 tr\u00e9ith l\u00e1idir agus t\u00e1 s\u00e9 thar a bheith praitici\u00fail agus feidhmi\u00fail.","og_url":"https:\/\/leatai.com\/ga\/product\/leabhar-notai-saincheaptha\/leabhar-notai-inbhainte\/ldo-014\/","og_site_name":"Leatai \u2013 Monar\u00f3ir Leabhair N\u00f3ta\u00ed Saincheaptha","article_modified_time":"2026-02-02T06:17:48+00:00","og_image":[{"width":1000,"height":750,"url":"https:\/\/leatai.com\/wp-content\/uploads\/1-32.jpg","type":"image\/jpeg"}],"twitter_card":"summary_large_image","twitter_misc":{"Est. reading time":"2 minutes"},"schema":{"@context":"https:\/\/schema.org","@graph":[{"@type":"WebPage","@id":"https:\/\/leatai.com\/ga\/product\/leabhar-notai-saincheaptha\/leabhar-notai-inbhainte\/ldo-014\/","url":"https:\/\/leatai.com\/ga\/product\/leabhar-notai-saincheaptha\/leabhar-notai-inbhainte\/ldo-014\/","name":"LDO-014 - F\u00edor-shimpl\u00edocht n\u00e1d\u00fartha ina bhfuil uigeacht na sn\u00e1ith\u00edn\u00ed le feice\u00e1il - Leatai \u2013 Monar\u00f3ir Leabhair N\u00f3ta\u00ed Saincheaptha","isPartOf":{"@id":"https:\/\/leatai.com\/ga\/#website"},"primaryImageOfPage":{"@id":"https:\/\/leatai.com\/ga\/product\/leabhar-notai-saincheaptha\/leabhar-notai-inbhainte\/ldo-014\/#primaryimage"},"image":{"@id":"https:\/\/leatai.com\/ga\/product\/leabhar-notai-saincheaptha\/leabhar-notai-inbhainte\/ldo-014\/#primaryimage"},"thumbnailUrl":"https:\/\/leatai.com\/wp-content\/uploads\/1-32.jpg","datePublished":"2021-08-25T07:34:26+00:00","dateModified":"2026-02-02T06:17:48+00:00","description":"M\u00fanla t\u00e1irge Leatai: LDO-014. Murab ionann agus p\u00e1ip\u00e9ar kraft traidisi\u00fanta, \u00fas\u00e1ideann an dialann ghn\u00f3 inbhainte seo p\u00e1ip\u00e9ar kraft at\u00e1 neamhdh\u00edobh\u00e1lach don chomhshaol, rud a l\u00e9ir\u00edonn go soil\u00e9ir strucht\u00far na sn\u00e1ith\u00edn\u00ed. Coinn\u00edonn s\u00e9 tr\u00e9ith l\u00e1idir agus t\u00e1 s\u00e9 thar a bheith praitici\u00fail agus feidhmi\u00fail.","breadcrumb":{"@id":"https:\/\/leatai.com\/ga\/product\/leabhar-notai-saincheaptha\/leabhar-notai-inbhainte\/ldo-014\/#breadcrumb"},"inLanguage":"ga-IE","potentialAction":[{"@type":"ReadAction","target":["https:\/\/leatai.com\/ga\/product\/leabhar-notai-saincheaptha\/leabhar-notai-inbhainte\/ldo-014\/"]}]},{"@type":"ImageObject","inLanguage":"ga-IE","@id":"https:\/\/leatai.com\/ga\/product\/leabhar-notai-saincheaptha\/leabhar-notai-inbhainte\/ldo-014\/#primaryimage","url":"https:\/\/leatai.com\/wp-content\/uploads\/1-32.jpg","contentUrl":"https:\/\/leatai.com\/wp-content\/uploads\/1-32.jpg","width":1000,"height":750},{"@type":"BreadcrumbList","@id":"https:\/\/leatai.com\/ga\/product\/leabhar-notai-saincheaptha\/leabhar-notai-inbhainte\/ldo-014\/#breadcrumb","itemListElement":[{"@type":"ListItem","position":1,"name":"Home","item":"https:\/\/leatai.com\/ga\/"},{"@type":"ListItem","position":2,"name":"Cur i l\u00e1thair T\u00e1irg\u00ed","item":"https:\/\/leatai.com\/products\/"},{"@type":"ListItem","position":3,"name":"T\u00e1irg\u00ed ar Phraghas \u00cdseal","item":"https:\/\/leatai.com\/ga\/product-category\/tairgi-ar-phraghas-iseal\/"},{"@type":"ListItem","position":4,"name":"LDO-014"}]},{"@type":"WebSite","@id":"https:\/\/leatai.com\/ga\/#website","url":"https:\/\/leatai.com\/ga\/","name":"Leatai \u2013 Monar\u00f3ir Leabhair N\u00f3ta\u00ed Saincheaptha","description":"Sol\u00e1thra\u00edonn Leatai leabhair n\u00f3ta\u00ed agus plean\u00e1laithe saincheaptha do bhranda\u00ed agus d\u00e1ileoir\u00ed ar fud an domhain.","publisher":{"@id":"https:\/\/leatai.com\/ga\/#organization"},"potentialAction":[{"@type":"SearchAction","target":{"@type":"EntryPoint","urlTemplate":"https:\/\/leatai.com\/ga\/?s={search_term_string}"},"query-input":{"@type":"PropertyValueSpecification","valueRequired":true,"valueName":"search_term_string"}}],"inLanguage":"ga-IE"},{"@type":"Organization","@id":"https:\/\/leatai.com\/ga\/#organization","name":"Leatai Diary, customized journal and business organizer","url":"https:\/\/leatai.com\/ga\/","logo":{"@type":"ImageObject","inLanguage":"ga-IE","@id":"https:\/\/leatai.com\/ga\/#\/schema\/logo\/image\/","url":"https:\/\/leatai.com\/wp-content\/uploads\/logo-blue.png","contentUrl":"https:\/\/leatai.com\/wp-content\/uploads\/logo-blue.png","width":230,"height":60,"caption":"Leatai Diary, customized journal and business organizer"},"image":{"@id":"https:\/\/leatai.com\/ga\/#\/schema\/logo\/image\/"}}]}},"_links":{"self":[{"href":"https:\/\/leatai.com\/ga\/wp-json\/wp\/v2\/product\/268841","targetHints":{"allow":["GET"]}}],"collection":[{"href":"https:\/\/leatai.com\/ga\/wp-json\/wp\/v2\/product"}],"about":[{"href":"https:\/\/leatai.com\/ga\/wp-json\/wp\/v2\/types\/product"}],"wp:featuredmedia":[{"embeddable":true,"href":"https:\/\/leatai.com\/ga\/wp-json\/wp\/v2\/media\/268842"}],"wp:attachment":[{"href":"https:\/\/leatai.com\/ga\/wp-json\/wp\/v2\/media?parent=268841"}],"wp:term":[{"taxonomy":"product_brand","embeddable":true,"href":"https:\/\/leatai.com\/ga\/wp-json\/wp\/v2\/product_brand?post=268841"},{"taxonomy":"product_cat","embeddable":true,"href":"https:\/\/leatai.com\/ga\/wp-json\/wp\/v2\/product_cat?post=268841"},{"taxonomy":"product_tag","embeddable":true,"href":"https:\/\/leatai.com\/ga\/wp-json\/wp\/v2\/product_tag?post=268841"},{"taxonomy":"home_works","embeddable":true,"href":"https:\/\/leatai.com\/ga\/wp-json\/wp\/v2\/home_works?post=268841"}],"curies":[{"name":"wp","href":"https:\/\/api.w.org\/{rel}","templated":true}]}}