{"id":268535,"date":"2021-06-24T13:29:16","date_gmt":"2021-06-24T05:29:16","guid":{"rendered":"https:\/\/leatai.com\/product\/uncategorized\/gabhalais-gearrthog-inbhainte-dubh-maol\/"},"modified":"2026-02-02T14:02:12","modified_gmt":"2026-02-02T06:02:12","slug":"gabhalais-gearrthog-inbhainte-dubh-maol","status":"publish","type":"product","link":"https:\/\/leatai.com\/ga\/product\/leabhar-notai-saincheaptha\/leabhar-notai-inbhainte\/gabhalais-gearrthog-inbhainte-dubh-maol\/","title":{"rendered":"Gabh\u00e1lais \u2013 gearrth\u00f3g inbhainte dubh maol"},"content":{"rendered":"<p>Cur s\u00edos ar an t\u00e1irge<br \/>\nM\u00fanla t\u00e1irge Leatai: Gabh\u00e1lais \u2013 gearrth\u00f3g inbhainte dubh maol. Go traidisi\u00fanta, n\u00ed bh\u00edonn ach dath airgid ar fh\u00e1inn\u00ed leabhair inbhainte agus is beag \u00e9ags\u00falacht at\u00e1 iontu, go pr\u00edomha mar gheall ar go leor srianta. Rinneamar triail leis an \u00e9ifeacht dhubh mhaol, rud a chuireann uigeacht agus caighde\u00e1n breise leis an ngearrth\u00f3g miotail bhunaidh, agus a arda\u00edonn do leabhar f\u00e1inn\u00ed saincheaptha go leibh\u00e9al n\u00edos airde f\u00f3s.<\/p>\n<p>\ud83d\udcd6 Le haghaidh tuilleadh molta\u00ed ar leabhair n\u00f3ta\u00ed saincheaptha \/ priont\u00e1il agus t\u00e1irgeadh dialann gn\u00f3 saincheaptha, f\u00e9ach le do thoil:<br \/>\n<a href=\"https:\/\/leatai.com\/ga\/product-category\/samplai-oem-eagsula\/leabhar-crua-cheangailte-oem\/\" target=\"_blank\" rel=\"noopener\">OEM leabhar crua-chl\u00fadaigh<\/a><br \/>\n<a href=\"https:\/\/leatai.com\/ga\/product-category\/samplai-oem-eagsula\/dialann-scaoilte-leathanach-oem\/\" target=\"_blank\" rel=\"noopener\">OEM leabhar f\u00e1inn\u00ed scaoilte<\/a><br \/>\n<a href=\"https:\/\/leatai.com\/ga\/product-category\/samplai-oem-eagsula\/dialann-inbhainte-oem\/\" target=\"_blank\" rel=\"noopener\">OEM leabhar f\u00e1inn\u00ed scaoilte inbhainte<\/a><br \/>\n<a href=\"https:\/\/leatai.com\/ga\/product-category\/samplai-oem-eagsula\/dialann-paipearbhanda-oem\/\" target=\"_blank\" rel=\"noopener\">OEM leabhar bog-chl\u00fadaigh<\/a><br \/>\n<a href=\"https:\/\/leatai.com\/ga\/product-category\/samplai-oem-eagsula\/dialann-biseach-oem\/\" target=\"_blank\" rel=\"noopener\">OEM leabhar coil<\/a><br \/>\n<a href=\"https:\/\/leatai.com\/ga\/product-category\/samplai-oem-eagsula\/feilire-oem\/\" target=\"_blank\" rel=\"noopener\">OEM t\u00e1irgeadh f\u00e9ilire beag str\u00f3icthe saincheaptha \/ priont\u00e1il f\u00e9ilire boird saincheaptha<\/a><br \/>\n<a href=\"https:\/\/leatai.com\/ga\/product-category\/samplai-oem-eagsula\/oem-eile\/\" target=\"_blank\" rel=\"noopener\">OEM eile<\/a><\/p>\n<p>Le haghaidh m\u00edni\u00fa ioml\u00e1n ar mh\u00e9ideanna, f\u00e9ach le do thoil: <a href=\"https:\/\/leatai.com\/ga\/eolas-leabhar-notai\/treoir-ar-mheideanna-paipeir-ag-tuigbheail-na-meideanna-coitianta-cosuil-le-b3-a4-b5-8k-16k-agus-tuilleadh-cairt-meid-chuimsitheach-le-haghaidh-tagartha-easca\/\" target=\"_blank\" rel=\"noopener\">Treoir m\u00e9ideanna p\u00e1ip\u00e9ir: conas a dh\u00e9antar idirdheal\u00fa idir B3, A4, B5, 8K, 16K agus m\u00e9ideanna coitianta eile? T\u00e1bla compar\u00e1ide m\u00e9ideanna p\u00e1ip\u00e9ir a thuigfear ar an bpointe boise!<\/a><\/p>\n<p><iframe title=\"How to DIY a removable notebook\" width=\"800\" height=\"450\" src=\"https:\/\/www.youtube.com\/embed\/OsLvh1PRzxo?feature=oembed&#038;enablejsapi=1&#038;origin=https:\/\/leatai.com\" frameborder=\"0\" allow=\"accelerometer; autoplay; clipboard-write; encrypted-media; gyroscope; picture-in-picture; web-share\" referrerpolicy=\"strict-origin-when-cross-origin\" allowfullscreen><\/iframe><\/p>\n<p>&nbsp;<\/p>\n","protected":false},"excerpt":{"rendered":"<p>Do na leabhair f\u00e1inn\u00ed inbhainte choitianta, tugadh isteach gabh\u00e1lais miotail i ndath dubh maol socair agus \u00edseal-eochair, rud a chuireann uigeacht n\u00edos saibhre leis \u2014 an t-aon cheann d\u00e1 leith\u00e9id sa tionscal.<\/p>\n","protected":false},"featured_media":268536,"template":"","meta":{"_acf_changed":false},"product_brand":[],"product_cat":[781],"product_tag":[],"home_works":[],"class_list":{"0":"post-268535","1":"product","2":"type-product","3":"status-publish","4":"has-post-thumbnail","6":"product_cat-leabhar-notai-inbhainte","8":"first","9":"outofstock","10":"sold-individually","11":"shipping-taxable","12":"purchasable","13":"product-type-variable","14":"has-default-attributes"},"acf":[],"yoast_head":"<!-- This site is optimized with the Yoast SEO plugin v27.2 - https:\/\/yoast.com\/product\/yoast-seo-wordpress\/ -->\n<title>Gabh\u00e1lais \u2013 gearrth\u00f3g inbhainte dubh maol - T\u00e1 uigeacht an dhubh mhaol cos\u00fail le r\u00e9alta gal\u00e1nta.- Leatai \u2013 Monar\u00f3ir Leabhair N\u00f3ta\u00ed Saincheaptha<\/title>\n<meta name=\"description\" content=\"M\u00fanla t\u00e1irge Leatai: Gabh\u00e1lais \u2013 gearrth\u00f3g inbhainte dubh maol. Go traidisi\u00fanta, n\u00ed bh\u00edonn ach dath airgid ar fh\u00e1inn\u00ed leabhair inbhainte agus is beag \u00e9ags\u00falacht at\u00e1 iontu, go pr\u00edomha mar gheall ar go leor srianta. Rinneamar triail leis an \u00e9ifeacht dhubh mhaol, rud a chuireann uigeacht agus caighde\u00e1n breise leis an ngearrth\u00f3g miotail bhunaidh, agus a arda\u00edonn do leabhar f\u00e1inn\u00ed saincheaptha go leibh\u00e9al n\u00edos airde f\u00f3s.\" \/>\n<meta name=\"robots\" content=\"index, follow, max-snippet:-1, max-image-preview:large, max-video-preview:-1\" \/>\n<link rel=\"canonical\" href=\"https:\/\/leatai.com\/ga\/product\/leabhar-notai-saincheaptha\/leabhar-notai-inbhainte\/gabhalais-gearrthog-inbhainte-dubh-maol\/\" \/>\n<meta property=\"og:locale\" content=\"ga_IE\" \/>\n<meta property=\"og:type\" content=\"article\" \/>\n<meta property=\"og:title\" content=\"Gabh\u00e1lais \u2013 gearrth\u00f3g inbhainte dubh maol - T\u00e1 uigeacht an dhubh mhaol cos\u00fail le r\u00e9alta gal\u00e1nta.- Leatai \u2013 Monar\u00f3ir Leabhair N\u00f3ta\u00ed Saincheaptha\" \/>\n<meta property=\"og:description\" content=\"M\u00fanla t\u00e1irge Leatai: Gabh\u00e1lais \u2013 gearrth\u00f3g inbhainte dubh maol. Go traidisi\u00fanta, n\u00ed bh\u00edonn ach dath airgid ar fh\u00e1inn\u00ed leabhair inbhainte agus is beag \u00e9ags\u00falacht at\u00e1 iontu, go pr\u00edomha mar gheall ar go leor srianta. Rinneamar triail leis an \u00e9ifeacht dhubh mhaol, rud a chuireann uigeacht agus caighde\u00e1n breise leis an ngearrth\u00f3g miotail bhunaidh, agus a arda\u00edonn do leabhar f\u00e1inn\u00ed saincheaptha go leibh\u00e9al n\u00edos airde f\u00f3s.\" \/>\n<meta property=\"og:url\" content=\"https:\/\/leatai.com\/ga\/product\/leabhar-notai-saincheaptha\/leabhar-notai-inbhainte\/gabhalais-gearrthog-inbhainte-dubh-maol\/\" \/>\n<meta property=\"og:site_name\" content=\"Leatai \u2013 Monar\u00f3ir Leabhair N\u00f3ta\u00ed Saincheaptha\" \/>\n<meta property=\"article:modified_time\" content=\"2026-02-02T06:02:12+00:00\" \/>\n<meta property=\"og:image\" content=\"https:\/\/leatai.com\/wp-content\/uploads\/2020_08_11_1627140.jpg\" \/>\n\t<meta property=\"og:image:width\" content=\"1000\" \/>\n\t<meta property=\"og:image:height\" content=\"750\" \/>\n\t<meta property=\"og:image:type\" content=\"image\/jpeg\" \/>\n<meta name=\"twitter:card\" content=\"summary_large_image\" \/>\n<meta name=\"twitter:label1\" content=\"Est. reading time\" \/>\n\t<meta name=\"twitter:data1\" content=\"2 minutes\" \/>\n<script type=\"application\/ld+json\" class=\"yoast-schema-graph\">{\"@context\":\"https:\/\/schema.org\",\"@graph\":[{\"@type\":\"WebPage\",\"@id\":\"https:\/\/leatai.com\/ga\/product\/leabhar-notai-saincheaptha\/leabhar-notai-inbhainte\/gabhalais-gearrthog-inbhainte-dubh-maol\/\",\"url\":\"https:\/\/leatai.com\/ga\/product\/leabhar-notai-saincheaptha\/leabhar-notai-inbhainte\/gabhalais-gearrthog-inbhainte-dubh-maol\/\",\"name\":\"Gabh\u00e1lais \u2013 gearrth\u00f3g inbhainte dubh maol - T\u00e1 uigeacht an dhubh mhaol cos\u00fail le r\u00e9alta gal\u00e1nta.- Leatai \u2013 Monar\u00f3ir Leabhair N\u00f3ta\u00ed Saincheaptha\",\"isPartOf\":{\"@id\":\"https:\/\/leatai.com\/ga\/#website\"},\"primaryImageOfPage\":{\"@id\":\"https:\/\/leatai.com\/ga\/product\/leabhar-notai-saincheaptha\/leabhar-notai-inbhainte\/gabhalais-gearrthog-inbhainte-dubh-maol\/#primaryimage\"},\"image\":{\"@id\":\"https:\/\/leatai.com\/ga\/product\/leabhar-notai-saincheaptha\/leabhar-notai-inbhainte\/gabhalais-gearrthog-inbhainte-dubh-maol\/#primaryimage\"},\"thumbnailUrl\":\"https:\/\/leatai.com\/wp-content\/uploads\/2020_08_11_1627140.jpg\",\"datePublished\":\"2021-06-24T05:29:16+00:00\",\"dateModified\":\"2026-02-02T06:02:12+00:00\",\"description\":\"M\u00fanla t\u00e1irge Leatai: Gabh\u00e1lais \u2013 gearrth\u00f3g inbhainte dubh maol. Go traidisi\u00fanta, n\u00ed bh\u00edonn ach dath airgid ar fh\u00e1inn\u00ed leabhair inbhainte agus is beag \u00e9ags\u00falacht at\u00e1 iontu, go pr\u00edomha mar gheall ar go leor srianta. Rinneamar triail leis an \u00e9ifeacht dhubh mhaol, rud a chuireann uigeacht agus caighde\u00e1n breise leis an ngearrth\u00f3g miotail bhunaidh, agus a arda\u00edonn do leabhar f\u00e1inn\u00ed saincheaptha go leibh\u00e9al n\u00edos airde f\u00f3s.\",\"breadcrumb\":{\"@id\":\"https:\/\/leatai.com\/ga\/product\/leabhar-notai-saincheaptha\/leabhar-notai-inbhainte\/gabhalais-gearrthog-inbhainte-dubh-maol\/#breadcrumb\"},\"inLanguage\":\"ga-IE\",\"potentialAction\":[{\"@type\":\"ReadAction\",\"target\":[\"https:\/\/leatai.com\/ga\/product\/leabhar-notai-saincheaptha\/leabhar-notai-inbhainte\/gabhalais-gearrthog-inbhainte-dubh-maol\/\"]}]},{\"@type\":\"ImageObject\",\"inLanguage\":\"ga-IE\",\"@id\":\"https:\/\/leatai.com\/ga\/product\/leabhar-notai-saincheaptha\/leabhar-notai-inbhainte\/gabhalais-gearrthog-inbhainte-dubh-maol\/#primaryimage\",\"url\":\"https:\/\/leatai.com\/wp-content\/uploads\/2020_08_11_1627140.jpg\",\"contentUrl\":\"https:\/\/leatai.com\/wp-content\/uploads\/2020_08_11_1627140.jpg\",\"width\":1000,\"height\":750},{\"@type\":\"BreadcrumbList\",\"@id\":\"https:\/\/leatai.com\/ga\/product\/leabhar-notai-saincheaptha\/leabhar-notai-inbhainte\/gabhalais-gearrthog-inbhainte-dubh-maol\/#breadcrumb\",\"itemListElement\":[{\"@type\":\"ListItem\",\"position\":1,\"name\":\"Home\",\"item\":\"https:\/\/leatai.com\/ga\/\"},{\"@type\":\"ListItem\",\"position\":2,\"name\":\"Cur i l\u00e1thair T\u00e1irg\u00ed\",\"item\":\"https:\/\/leatai.com\/products\/\"},{\"@type\":\"ListItem\",\"position\":3,\"name\":\"Leabhar n\u00f3ta\u00ed saincheaptha\",\"item\":\"https:\/\/leatai.com\/ga\/product-category\/leabhar-notai-saincheaptha\/\"},{\"@type\":\"ListItem\",\"position\":4,\"name\":\"Leabhar n\u00f3ta\u00ed inbhainte\",\"item\":\"https:\/\/leatai.com\/ga\/product-category\/leabhar-notai-saincheaptha\/leabhar-notai-inbhainte\/\"},{\"@type\":\"ListItem\",\"position\":5,\"name\":\"Gabh\u00e1lais \u2013 gearrth\u00f3g inbhainte dubh maol\"}]},{\"@type\":\"WebSite\",\"@id\":\"https:\/\/leatai.com\/ga\/#website\",\"url\":\"https:\/\/leatai.com\/ga\/\",\"name\":\"Leatai \u2013 Monar\u00f3ir Leabhair N\u00f3ta\u00ed Saincheaptha\",\"description\":\"Sol\u00e1thra\u00edonn Leatai leabhair n\u00f3ta\u00ed agus plean\u00e1laithe saincheaptha do bhranda\u00ed agus d\u00e1ileoir\u00ed ar fud an domhain.\",\"publisher\":{\"@id\":\"https:\/\/leatai.com\/ga\/#organization\"},\"potentialAction\":[{\"@type\":\"SearchAction\",\"target\":{\"@type\":\"EntryPoint\",\"urlTemplate\":\"https:\/\/leatai.com\/ga\/?s={search_term_string}\"},\"query-input\":{\"@type\":\"PropertyValueSpecification\",\"valueRequired\":true,\"valueName\":\"search_term_string\"}}],\"inLanguage\":\"ga-IE\"},{\"@type\":\"Organization\",\"@id\":\"https:\/\/leatai.com\/ga\/#organization\",\"name\":\"Leatai Diary, customized journal and business organizer\",\"url\":\"https:\/\/leatai.com\/ga\/\",\"logo\":{\"@type\":\"ImageObject\",\"inLanguage\":\"ga-IE\",\"@id\":\"https:\/\/leatai.com\/ga\/#\/schema\/logo\/image\/\",\"url\":\"https:\/\/leatai.com\/wp-content\/uploads\/logo-blue.png\",\"contentUrl\":\"https:\/\/leatai.com\/wp-content\/uploads\/logo-blue.png\",\"width\":230,\"height\":60,\"caption\":\"Leatai Diary, customized journal and business organizer\"},\"image\":{\"@id\":\"https:\/\/leatai.com\/ga\/#\/schema\/logo\/image\/\"}}]}<\/script>\n<!-- \/ Yoast SEO plugin. -->","yoast_head_json":{"title":"Gabh\u00e1lais \u2013 gearrth\u00f3g inbhainte dubh maol - T\u00e1 uigeacht an dhubh mhaol cos\u00fail le r\u00e9alta gal\u00e1nta.- Leatai \u2013 Monar\u00f3ir Leabhair N\u00f3ta\u00ed Saincheaptha","description":"M\u00fanla t\u00e1irge Leatai: Gabh\u00e1lais \u2013 gearrth\u00f3g inbhainte dubh maol. Go traidisi\u00fanta, n\u00ed bh\u00edonn ach dath airgid ar fh\u00e1inn\u00ed leabhair inbhainte agus is beag \u00e9ags\u00falacht at\u00e1 iontu, go pr\u00edomha mar gheall ar go leor srianta. Rinneamar triail leis an \u00e9ifeacht dhubh mhaol, rud a chuireann uigeacht agus caighde\u00e1n breise leis an ngearrth\u00f3g miotail bhunaidh, agus a arda\u00edonn do leabhar f\u00e1inn\u00ed saincheaptha go leibh\u00e9al n\u00edos airde f\u00f3s.","robots":{"index":"index","follow":"follow","max-snippet":"max-snippet:-1","max-image-preview":"max-image-preview:large","max-video-preview":"max-video-preview:-1"},"canonical":"https:\/\/leatai.com\/ga\/product\/leabhar-notai-saincheaptha\/leabhar-notai-inbhainte\/gabhalais-gearrthog-inbhainte-dubh-maol\/","og_locale":"ga_IE","og_type":"article","og_title":"Gabh\u00e1lais \u2013 gearrth\u00f3g inbhainte dubh maol - T\u00e1 uigeacht an dhubh mhaol cos\u00fail le r\u00e9alta gal\u00e1nta.- Leatai \u2013 Monar\u00f3ir Leabhair N\u00f3ta\u00ed Saincheaptha","og_description":"M\u00fanla t\u00e1irge Leatai: Gabh\u00e1lais \u2013 gearrth\u00f3g inbhainte dubh maol. Go traidisi\u00fanta, n\u00ed bh\u00edonn ach dath airgid ar fh\u00e1inn\u00ed leabhair inbhainte agus is beag \u00e9ags\u00falacht at\u00e1 iontu, go pr\u00edomha mar gheall ar go leor srianta. Rinneamar triail leis an \u00e9ifeacht dhubh mhaol, rud a chuireann uigeacht agus caighde\u00e1n breise leis an ngearrth\u00f3g miotail bhunaidh, agus a arda\u00edonn do leabhar f\u00e1inn\u00ed saincheaptha go leibh\u00e9al n\u00edos airde f\u00f3s.","og_url":"https:\/\/leatai.com\/ga\/product\/leabhar-notai-saincheaptha\/leabhar-notai-inbhainte\/gabhalais-gearrthog-inbhainte-dubh-maol\/","og_site_name":"Leatai \u2013 Monar\u00f3ir Leabhair N\u00f3ta\u00ed Saincheaptha","article_modified_time":"2026-02-02T06:02:12+00:00","og_image":[{"width":1000,"height":750,"url":"https:\/\/leatai.com\/wp-content\/uploads\/2020_08_11_1627140.jpg","type":"image\/jpeg"}],"twitter_card":"summary_large_image","twitter_misc":{"Est. reading time":"2 minutes"},"schema":{"@context":"https:\/\/schema.org","@graph":[{"@type":"WebPage","@id":"https:\/\/leatai.com\/ga\/product\/leabhar-notai-saincheaptha\/leabhar-notai-inbhainte\/gabhalais-gearrthog-inbhainte-dubh-maol\/","url":"https:\/\/leatai.com\/ga\/product\/leabhar-notai-saincheaptha\/leabhar-notai-inbhainte\/gabhalais-gearrthog-inbhainte-dubh-maol\/","name":"Gabh\u00e1lais \u2013 gearrth\u00f3g inbhainte dubh maol - T\u00e1 uigeacht an dhubh mhaol cos\u00fail le r\u00e9alta gal\u00e1nta.- Leatai \u2013 Monar\u00f3ir Leabhair N\u00f3ta\u00ed Saincheaptha","isPartOf":{"@id":"https:\/\/leatai.com\/ga\/#website"},"primaryImageOfPage":{"@id":"https:\/\/leatai.com\/ga\/product\/leabhar-notai-saincheaptha\/leabhar-notai-inbhainte\/gabhalais-gearrthog-inbhainte-dubh-maol\/#primaryimage"},"image":{"@id":"https:\/\/leatai.com\/ga\/product\/leabhar-notai-saincheaptha\/leabhar-notai-inbhainte\/gabhalais-gearrthog-inbhainte-dubh-maol\/#primaryimage"},"thumbnailUrl":"https:\/\/leatai.com\/wp-content\/uploads\/2020_08_11_1627140.jpg","datePublished":"2021-06-24T05:29:16+00:00","dateModified":"2026-02-02T06:02:12+00:00","description":"M\u00fanla t\u00e1irge Leatai: Gabh\u00e1lais \u2013 gearrth\u00f3g inbhainte dubh maol. Go traidisi\u00fanta, n\u00ed bh\u00edonn ach dath airgid ar fh\u00e1inn\u00ed leabhair inbhainte agus is beag \u00e9ags\u00falacht at\u00e1 iontu, go pr\u00edomha mar gheall ar go leor srianta. Rinneamar triail leis an \u00e9ifeacht dhubh mhaol, rud a chuireann uigeacht agus caighde\u00e1n breise leis an ngearrth\u00f3g miotail bhunaidh, agus a arda\u00edonn do leabhar f\u00e1inn\u00ed saincheaptha go leibh\u00e9al n\u00edos airde f\u00f3s.","breadcrumb":{"@id":"https:\/\/leatai.com\/ga\/product\/leabhar-notai-saincheaptha\/leabhar-notai-inbhainte\/gabhalais-gearrthog-inbhainte-dubh-maol\/#breadcrumb"},"inLanguage":"ga-IE","potentialAction":[{"@type":"ReadAction","target":["https:\/\/leatai.com\/ga\/product\/leabhar-notai-saincheaptha\/leabhar-notai-inbhainte\/gabhalais-gearrthog-inbhainte-dubh-maol\/"]}]},{"@type":"ImageObject","inLanguage":"ga-IE","@id":"https:\/\/leatai.com\/ga\/product\/leabhar-notai-saincheaptha\/leabhar-notai-inbhainte\/gabhalais-gearrthog-inbhainte-dubh-maol\/#primaryimage","url":"https:\/\/leatai.com\/wp-content\/uploads\/2020_08_11_1627140.jpg","contentUrl":"https:\/\/leatai.com\/wp-content\/uploads\/2020_08_11_1627140.jpg","width":1000,"height":750},{"@type":"BreadcrumbList","@id":"https:\/\/leatai.com\/ga\/product\/leabhar-notai-saincheaptha\/leabhar-notai-inbhainte\/gabhalais-gearrthog-inbhainte-dubh-maol\/#breadcrumb","itemListElement":[{"@type":"ListItem","position":1,"name":"Home","item":"https:\/\/leatai.com\/ga\/"},{"@type":"ListItem","position":2,"name":"Cur i l\u00e1thair T\u00e1irg\u00ed","item":"https:\/\/leatai.com\/products\/"},{"@type":"ListItem","position":3,"name":"Leabhar n\u00f3ta\u00ed saincheaptha","item":"https:\/\/leatai.com\/ga\/product-category\/leabhar-notai-saincheaptha\/"},{"@type":"ListItem","position":4,"name":"Leabhar n\u00f3ta\u00ed inbhainte","item":"https:\/\/leatai.com\/ga\/product-category\/leabhar-notai-saincheaptha\/leabhar-notai-inbhainte\/"},{"@type":"ListItem","position":5,"name":"Gabh\u00e1lais \u2013 gearrth\u00f3g inbhainte dubh maol"}]},{"@type":"WebSite","@id":"https:\/\/leatai.com\/ga\/#website","url":"https:\/\/leatai.com\/ga\/","name":"Leatai \u2013 Monar\u00f3ir Leabhair N\u00f3ta\u00ed Saincheaptha","description":"Sol\u00e1thra\u00edonn Leatai leabhair n\u00f3ta\u00ed agus plean\u00e1laithe saincheaptha do bhranda\u00ed agus d\u00e1ileoir\u00ed ar fud an domhain.","publisher":{"@id":"https:\/\/leatai.com\/ga\/#organization"},"potentialAction":[{"@type":"SearchAction","target":{"@type":"EntryPoint","urlTemplate":"https:\/\/leatai.com\/ga\/?s={search_term_string}"},"query-input":{"@type":"PropertyValueSpecification","valueRequired":true,"valueName":"search_term_string"}}],"inLanguage":"ga-IE"},{"@type":"Organization","@id":"https:\/\/leatai.com\/ga\/#organization","name":"Leatai Diary, customized journal and business organizer","url":"https:\/\/leatai.com\/ga\/","logo":{"@type":"ImageObject","inLanguage":"ga-IE","@id":"https:\/\/leatai.com\/ga\/#\/schema\/logo\/image\/","url":"https:\/\/leatai.com\/wp-content\/uploads\/logo-blue.png","contentUrl":"https:\/\/leatai.com\/wp-content\/uploads\/logo-blue.png","width":230,"height":60,"caption":"Leatai Diary, customized journal and business organizer"},"image":{"@id":"https:\/\/leatai.com\/ga\/#\/schema\/logo\/image\/"}}]}},"_links":{"self":[{"href":"https:\/\/leatai.com\/ga\/wp-json\/wp\/v2\/product\/268535","targetHints":{"allow":["GET"]}}],"collection":[{"href":"https:\/\/leatai.com\/ga\/wp-json\/wp\/v2\/product"}],"about":[{"href":"https:\/\/leatai.com\/ga\/wp-json\/wp\/v2\/types\/product"}],"wp:featuredmedia":[{"embeddable":true,"href":"https:\/\/leatai.com\/ga\/wp-json\/wp\/v2\/media\/268536"}],"wp:attachment":[{"href":"https:\/\/leatai.com\/ga\/wp-json\/wp\/v2\/media?parent=268535"}],"wp:term":[{"taxonomy":"product_brand","embeddable":true,"href":"https:\/\/leatai.com\/ga\/wp-json\/wp\/v2\/product_brand?post=268535"},{"taxonomy":"product_cat","embeddable":true,"href":"https:\/\/leatai.com\/ga\/wp-json\/wp\/v2\/product_cat?post=268535"},{"taxonomy":"product_tag","embeddable":true,"href":"https:\/\/leatai.com\/ga\/wp-json\/wp\/v2\/product_tag?post=268535"},{"taxonomy":"home_works","embeddable":true,"href":"https:\/\/leatai.com\/ga\/wp-json\/wp\/v2\/home_works?post=268535"}],"curies":[{"name":"wp","href":"https:\/\/api.w.org\/{rel}","templated":true}]}}