{"id":268528,"date":"2021-06-24T13:29:16","date_gmt":"2021-06-24T05:29:16","guid":{"rendered":"https:\/\/leatai.com\/product\/uncategorized\/gabhalais-gearrthog-inbhainte-dubh-maol-bambu-moso\/"},"modified":"2026-02-02T14:03:02","modified_gmt":"2026-02-02T06:03:02","slug":"gabhalais-gearrthog-inbhainte-dubh-maol-bambu-moso","status":"publish","type":"product","link":"https:\/\/leatai.com\/ga\/product\/leabhar-notai-saincheaptha\/leabhar-notai-inbhainte\/gabhalais-gearrthog-inbhainte-dubh-maol-bambu-moso\/","title":{"rendered":"Gabh\u00e1lais \u2013 gearrth\u00f3g inbhainte dubh maol + bamb\u00fa Moso"},"content":{"rendered":"<p>Cur s\u00edos ar an t\u00e1irge<br \/>\nM\u00fanla t\u00e1irge Leatai: Gabh\u00e1lais \u2013 gearrth\u00f3g inbhainte dubh maol + bamb\u00fa Moso. Gearrth\u00f3g inbhainte dhubh mhaol frith-scr\u00edobtha, p\u00e9ire\u00e1ilte le bamb\u00fa Moso n\u00e1d\u00fartha \u2014 comhcheangal gan choinne ach thar a bheith oiri\u00fanach. Measc\u00e1n eisiach d\u2019\u00e1bhair dhifri\u00fala, foirfe duitse at\u00e1 i gc\u00f3na\u00ed ag iarraidh nu\u00e1la\u00edocht; d\u00e9anaimis triail chr\u00f3ga as ruda\u00ed nua le ch\u00e9ile.<\/p>\n<p>\ud83d\udcd6 Le haghaidh tuilleadh molta\u00ed ar leabhair n\u00f3ta\u00ed saincheaptha \/ priont\u00e1il agus t\u00e1irgeadh dialann gn\u00f3 saincheaptha, f\u00e9ach le do thoil:<br \/>\n<a href=\"https:\/\/leatai.com\/ga\/product-category\/samplai-oem-eagsula\/leabhar-crua-cheangailte-oem\/\" target=\"_blank\" rel=\"noopener\">OEM leabhar crua-chl\u00fadaigh<\/a><br \/>\n<a href=\"https:\/\/leatai.com\/ga\/product-category\/samplai-oem-eagsula\/dialann-scaoilte-leathanach-oem\/\" target=\"_blank\" rel=\"noopener\">OEM leabhar f\u00e1inn\u00ed scaoilte<\/a><br \/>\n<a href=\"https:\/\/leatai.com\/ga\/product-category\/samplai-oem-eagsula\/dialann-inbhainte-oem\/\" target=\"_blank\" rel=\"noopener\">OEM leabhar f\u00e1inn\u00ed scaoilte inbhainte<\/a><br \/>\n<a href=\"https:\/\/leatai.com\/ga\/product-category\/samplai-oem-eagsula\/dialann-paipearbhanda-oem\/\" target=\"_blank\" rel=\"noopener\">OEM leabhar bog-chl\u00fadaigh<\/a><br \/>\n<a href=\"https:\/\/leatai.com\/ga\/product-category\/samplai-oem-eagsula\/dialann-biseach-oem\/\" target=\"_blank\" rel=\"noopener\">OEM leabhar coil<\/a><br \/>\n<a href=\"https:\/\/leatai.com\/ga\/product-category\/samplai-oem-eagsula\/feilire-oem\/\" target=\"_blank\" rel=\"noopener\">OEM t\u00e1irgeadh f\u00e9ilire beag str\u00f3icthe saincheaptha \/ priont\u00e1il f\u00e9ilire boird saincheaptha<\/a><br \/>\n<a href=\"https:\/\/leatai.com\/ga\/product-category\/samplai-oem-eagsula\/oem-eile\/\" target=\"_blank\" rel=\"noopener\">OEM eile<\/a><\/p>\n<p>Le haghaidh m\u00edni\u00fa ioml\u00e1n ar mh\u00e9ideanna, f\u00e9ach le do thoil: <a href=\"https:\/\/leatai.com\/ga\/eolas-leabhar-notai\/treoir-ar-mheideanna-paipeir-ag-tuigbheail-na-meideanna-coitianta-cosuil-le-b3-a4-b5-8k-16k-agus-tuilleadh-cairt-meid-chuimsitheach-le-haghaidh-tagartha-easca\/\" target=\"_blank\" rel=\"noopener\">Treoir m\u00e9ideanna p\u00e1ip\u00e9ir: conas a dh\u00e9antar idirdheal\u00fa idir B3, A4, B5, 8K, 16K agus m\u00e9ideanna coitianta eile? T\u00e1bla compar\u00e1ide m\u00e9ideanna p\u00e1ip\u00e9ir a thuigfear ar an bpointe boise!<\/a><\/p>\n<p>&nbsp;<\/p>\n<p><iframe title=\"How to DIY a removable notebook\" width=\"800\" height=\"450\" src=\"https:\/\/www.youtube.com\/embed\/OsLvh1PRzxo?feature=oembed&#038;enablejsapi=1&#038;origin=https:\/\/leatai.com\" frameborder=\"0\" allow=\"accelerometer; autoplay; clipboard-write; encrypted-media; gyroscope; picture-in-picture; web-share\" referrerpolicy=\"strict-origin-when-cross-origin\" allowfullscreen><\/iframe><\/p>\n","protected":false},"excerpt":{"rendered":"<p>Leabhar f\u00e1inn\u00ed inbhainte, le gabh\u00e1lais miotail i ndath dubh maol p\u00e9ire\u00e1ilte le bamb\u00fa Moso n\u00e1d\u00fartha; moth\u00fa te m\u00edn don l\u00e1mh, ag cothrom\u00fa feidhmi\u00falacht agus \u00e1illeacht.<\/p>\n","protected":false},"featured_media":268529,"template":"","meta":{"_acf_changed":false},"product_brand":[],"product_cat":[781],"product_tag":[],"home_works":[],"class_list":{"0":"post-268528","1":"product","2":"type-product","3":"status-publish","4":"has-post-thumbnail","6":"product_cat-leabhar-notai-inbhainte","8":"first","9":"outofstock","10":"sold-individually","11":"shipping-taxable","12":"purchasable","13":"product-type-variable","14":"has-default-attributes"},"acf":[],"yoast_head":"<!-- This site is optimized with the Yoast SEO plugin v27.2 - https:\/\/yoast.com\/product\/yoast-seo-wordpress\/ -->\n<title>Gabh\u00e1lais \u2013 gearrth\u00f3g inbhainte dubh maol + bamb\u00fa Moso - Measc\u00e1n d\u2019\u00e1bhair \u00e9ags\u00fala, ag cruth\u00fa blas \u00far nua. - Leatai \u2013 Monar\u00f3ir Leabhair N\u00f3ta\u00ed Saincheaptha<\/title>\n<meta name=\"description\" content=\"M\u00fanla t\u00e1irge Leatai: Gabh\u00e1lais \u2013 gearrth\u00f3g inbhainte dubh maol + bamb\u00fa Moso. Gearrth\u00f3g inbhainte dhubh mhaol frith-scr\u00edobtha, p\u00e9ire\u00e1ilte le bamb\u00fa Moso n\u00e1d\u00fartha \u2014 comhcheangal gan choinne ach thar a bheith oiri\u00fanach. Measc\u00e1n eisiach d\u2019\u00e1bhair dhifri\u00fala, foirfe duitse at\u00e1 i gc\u00f3na\u00ed ag iarraidh nu\u00e1la\u00edocht; d\u00e9anaimis triail chr\u00f3ga as ruda\u00ed nua le ch\u00e9ile.\" \/>\n<meta name=\"robots\" content=\"index, follow, max-snippet:-1, max-image-preview:large, max-video-preview:-1\" \/>\n<link rel=\"canonical\" href=\"https:\/\/leatai.com\/ga\/product\/leabhar-notai-saincheaptha\/leabhar-notai-inbhainte\/gabhalais-gearrthog-inbhainte-dubh-maol-bambu-moso\/\" \/>\n<meta property=\"og:locale\" content=\"ga_IE\" \/>\n<meta property=\"og:type\" content=\"article\" \/>\n<meta property=\"og:title\" content=\"Gabh\u00e1lais \u2013 gearrth\u00f3g inbhainte dubh maol + bamb\u00fa Moso - Measc\u00e1n d\u2019\u00e1bhair \u00e9ags\u00fala, ag cruth\u00fa blas \u00far nua. - Leatai \u2013 Monar\u00f3ir Leabhair N\u00f3ta\u00ed Saincheaptha\" \/>\n<meta property=\"og:description\" content=\"M\u00fanla t\u00e1irge Leatai: Gabh\u00e1lais \u2013 gearrth\u00f3g inbhainte dubh maol + bamb\u00fa Moso. Gearrth\u00f3g inbhainte dhubh mhaol frith-scr\u00edobtha, p\u00e9ire\u00e1ilte le bamb\u00fa Moso n\u00e1d\u00fartha \u2014 comhcheangal gan choinne ach thar a bheith oiri\u00fanach. Measc\u00e1n eisiach d\u2019\u00e1bhair dhifri\u00fala, foirfe duitse at\u00e1 i gc\u00f3na\u00ed ag iarraidh nu\u00e1la\u00edocht; d\u00e9anaimis triail chr\u00f3ga as ruda\u00ed nua le ch\u00e9ile.\" \/>\n<meta property=\"og:url\" content=\"https:\/\/leatai.com\/ga\/product\/leabhar-notai-saincheaptha\/leabhar-notai-inbhainte\/gabhalais-gearrthog-inbhainte-dubh-maol-bambu-moso\/\" \/>\n<meta property=\"og:site_name\" content=\"Leatai \u2013 Monar\u00f3ir Leabhair N\u00f3ta\u00ed Saincheaptha\" \/>\n<meta property=\"article:modified_time\" content=\"2026-02-02T06:03:02+00:00\" \/>\n<meta property=\"og:image\" content=\"https:\/\/leatai.com\/wp-content\/uploads\/2020_08_14_1738450.jpg\" \/>\n\t<meta property=\"og:image:width\" content=\"1000\" \/>\n\t<meta property=\"og:image:height\" content=\"750\" \/>\n\t<meta property=\"og:image:type\" content=\"image\/jpeg\" \/>\n<meta name=\"twitter:card\" content=\"summary_large_image\" \/>\n<meta name=\"twitter:label1\" content=\"Est. reading time\" \/>\n\t<meta name=\"twitter:data1\" content=\"1 minute\" \/>\n<script type=\"application\/ld+json\" class=\"yoast-schema-graph\">{\"@context\":\"https:\/\/schema.org\",\"@graph\":[{\"@type\":\"WebPage\",\"@id\":\"https:\/\/leatai.com\/ga\/product\/leabhar-notai-saincheaptha\/leabhar-notai-inbhainte\/gabhalais-gearrthog-inbhainte-dubh-maol-bambu-moso\/\",\"url\":\"https:\/\/leatai.com\/ga\/product\/leabhar-notai-saincheaptha\/leabhar-notai-inbhainte\/gabhalais-gearrthog-inbhainte-dubh-maol-bambu-moso\/\",\"name\":\"Gabh\u00e1lais \u2013 gearrth\u00f3g inbhainte dubh maol + bamb\u00fa Moso - Measc\u00e1n d\u2019\u00e1bhair \u00e9ags\u00fala, ag cruth\u00fa blas \u00far nua. - Leatai \u2013 Monar\u00f3ir Leabhair N\u00f3ta\u00ed Saincheaptha\",\"isPartOf\":{\"@id\":\"https:\/\/leatai.com\/ga\/#website\"},\"primaryImageOfPage\":{\"@id\":\"https:\/\/leatai.com\/ga\/product\/leabhar-notai-saincheaptha\/leabhar-notai-inbhainte\/gabhalais-gearrthog-inbhainte-dubh-maol-bambu-moso\/#primaryimage\"},\"image\":{\"@id\":\"https:\/\/leatai.com\/ga\/product\/leabhar-notai-saincheaptha\/leabhar-notai-inbhainte\/gabhalais-gearrthog-inbhainte-dubh-maol-bambu-moso\/#primaryimage\"},\"thumbnailUrl\":\"https:\/\/leatai.com\/wp-content\/uploads\/2020_08_14_1738450.jpg\",\"datePublished\":\"2021-06-24T05:29:16+00:00\",\"dateModified\":\"2026-02-02T06:03:02+00:00\",\"description\":\"M\u00fanla t\u00e1irge Leatai: Gabh\u00e1lais \u2013 gearrth\u00f3g inbhainte dubh maol + bamb\u00fa Moso. Gearrth\u00f3g inbhainte dhubh mhaol frith-scr\u00edobtha, p\u00e9ire\u00e1ilte le bamb\u00fa Moso n\u00e1d\u00fartha \u2014 comhcheangal gan choinne ach thar a bheith oiri\u00fanach. Measc\u00e1n eisiach d\u2019\u00e1bhair dhifri\u00fala, foirfe duitse at\u00e1 i gc\u00f3na\u00ed ag iarraidh nu\u00e1la\u00edocht; d\u00e9anaimis triail chr\u00f3ga as ruda\u00ed nua le ch\u00e9ile.\",\"breadcrumb\":{\"@id\":\"https:\/\/leatai.com\/ga\/product\/leabhar-notai-saincheaptha\/leabhar-notai-inbhainte\/gabhalais-gearrthog-inbhainte-dubh-maol-bambu-moso\/#breadcrumb\"},\"inLanguage\":\"ga-IE\",\"potentialAction\":[{\"@type\":\"ReadAction\",\"target\":[\"https:\/\/leatai.com\/ga\/product\/leabhar-notai-saincheaptha\/leabhar-notai-inbhainte\/gabhalais-gearrthog-inbhainte-dubh-maol-bambu-moso\/\"]}]},{\"@type\":\"ImageObject\",\"inLanguage\":\"ga-IE\",\"@id\":\"https:\/\/leatai.com\/ga\/product\/leabhar-notai-saincheaptha\/leabhar-notai-inbhainte\/gabhalais-gearrthog-inbhainte-dubh-maol-bambu-moso\/#primaryimage\",\"url\":\"https:\/\/leatai.com\/wp-content\/uploads\/2020_08_14_1738450.jpg\",\"contentUrl\":\"https:\/\/leatai.com\/wp-content\/uploads\/2020_08_14_1738450.jpg\",\"width\":1000,\"height\":750},{\"@type\":\"BreadcrumbList\",\"@id\":\"https:\/\/leatai.com\/ga\/product\/leabhar-notai-saincheaptha\/leabhar-notai-inbhainte\/gabhalais-gearrthog-inbhainte-dubh-maol-bambu-moso\/#breadcrumb\",\"itemListElement\":[{\"@type\":\"ListItem\",\"position\":1,\"name\":\"Home\",\"item\":\"https:\/\/leatai.com\/ga\/\"},{\"@type\":\"ListItem\",\"position\":2,\"name\":\"Cur i l\u00e1thair T\u00e1irg\u00ed\",\"item\":\"https:\/\/leatai.com\/products\/\"},{\"@type\":\"ListItem\",\"position\":3,\"name\":\"Leabhar n\u00f3ta\u00ed saincheaptha\",\"item\":\"https:\/\/leatai.com\/ga\/product-category\/leabhar-notai-saincheaptha\/\"},{\"@type\":\"ListItem\",\"position\":4,\"name\":\"Leabhar n\u00f3ta\u00ed inbhainte\",\"item\":\"https:\/\/leatai.com\/ga\/product-category\/leabhar-notai-saincheaptha\/leabhar-notai-inbhainte\/\"},{\"@type\":\"ListItem\",\"position\":5,\"name\":\"Gabh\u00e1lais \u2013 gearrth\u00f3g inbhainte dubh maol + bamb\u00fa Moso\"}]},{\"@type\":\"WebSite\",\"@id\":\"https:\/\/leatai.com\/ga\/#website\",\"url\":\"https:\/\/leatai.com\/ga\/\",\"name\":\"Leatai \u2013 Monar\u00f3ir Leabhair N\u00f3ta\u00ed Saincheaptha\",\"description\":\"Sol\u00e1thra\u00edonn Leatai leabhair n\u00f3ta\u00ed agus plean\u00e1laithe saincheaptha do bhranda\u00ed agus d\u00e1ileoir\u00ed ar fud an domhain.\",\"publisher\":{\"@id\":\"https:\/\/leatai.com\/ga\/#organization\"},\"potentialAction\":[{\"@type\":\"SearchAction\",\"target\":{\"@type\":\"EntryPoint\",\"urlTemplate\":\"https:\/\/leatai.com\/ga\/?s={search_term_string}\"},\"query-input\":{\"@type\":\"PropertyValueSpecification\",\"valueRequired\":true,\"valueName\":\"search_term_string\"}}],\"inLanguage\":\"ga-IE\"},{\"@type\":\"Organization\",\"@id\":\"https:\/\/leatai.com\/ga\/#organization\",\"name\":\"Leatai Diary, customized journal and business organizer\",\"url\":\"https:\/\/leatai.com\/ga\/\",\"logo\":{\"@type\":\"ImageObject\",\"inLanguage\":\"ga-IE\",\"@id\":\"https:\/\/leatai.com\/ga\/#\/schema\/logo\/image\/\",\"url\":\"https:\/\/leatai.com\/wp-content\/uploads\/logo-blue.png\",\"contentUrl\":\"https:\/\/leatai.com\/wp-content\/uploads\/logo-blue.png\",\"width\":230,\"height\":60,\"caption\":\"Leatai Diary, customized journal and business organizer\"},\"image\":{\"@id\":\"https:\/\/leatai.com\/ga\/#\/schema\/logo\/image\/\"}}]}<\/script>\n<!-- \/ Yoast SEO plugin. -->","yoast_head_json":{"title":"Gabh\u00e1lais \u2013 gearrth\u00f3g inbhainte dubh maol + bamb\u00fa Moso - Measc\u00e1n d\u2019\u00e1bhair \u00e9ags\u00fala, ag cruth\u00fa blas \u00far nua. - Leatai \u2013 Monar\u00f3ir Leabhair N\u00f3ta\u00ed Saincheaptha","description":"M\u00fanla t\u00e1irge Leatai: Gabh\u00e1lais \u2013 gearrth\u00f3g inbhainte dubh maol + bamb\u00fa Moso. Gearrth\u00f3g inbhainte dhubh mhaol frith-scr\u00edobtha, p\u00e9ire\u00e1ilte le bamb\u00fa Moso n\u00e1d\u00fartha \u2014 comhcheangal gan choinne ach thar a bheith oiri\u00fanach. Measc\u00e1n eisiach d\u2019\u00e1bhair dhifri\u00fala, foirfe duitse at\u00e1 i gc\u00f3na\u00ed ag iarraidh nu\u00e1la\u00edocht; d\u00e9anaimis triail chr\u00f3ga as ruda\u00ed nua le ch\u00e9ile.","robots":{"index":"index","follow":"follow","max-snippet":"max-snippet:-1","max-image-preview":"max-image-preview:large","max-video-preview":"max-video-preview:-1"},"canonical":"https:\/\/leatai.com\/ga\/product\/leabhar-notai-saincheaptha\/leabhar-notai-inbhainte\/gabhalais-gearrthog-inbhainte-dubh-maol-bambu-moso\/","og_locale":"ga_IE","og_type":"article","og_title":"Gabh\u00e1lais \u2013 gearrth\u00f3g inbhainte dubh maol + bamb\u00fa Moso - Measc\u00e1n d\u2019\u00e1bhair \u00e9ags\u00fala, ag cruth\u00fa blas \u00far nua. - Leatai \u2013 Monar\u00f3ir Leabhair N\u00f3ta\u00ed Saincheaptha","og_description":"M\u00fanla t\u00e1irge Leatai: Gabh\u00e1lais \u2013 gearrth\u00f3g inbhainte dubh maol + bamb\u00fa Moso. Gearrth\u00f3g inbhainte dhubh mhaol frith-scr\u00edobtha, p\u00e9ire\u00e1ilte le bamb\u00fa Moso n\u00e1d\u00fartha \u2014 comhcheangal gan choinne ach thar a bheith oiri\u00fanach. Measc\u00e1n eisiach d\u2019\u00e1bhair dhifri\u00fala, foirfe duitse at\u00e1 i gc\u00f3na\u00ed ag iarraidh nu\u00e1la\u00edocht; d\u00e9anaimis triail chr\u00f3ga as ruda\u00ed nua le ch\u00e9ile.","og_url":"https:\/\/leatai.com\/ga\/product\/leabhar-notai-saincheaptha\/leabhar-notai-inbhainte\/gabhalais-gearrthog-inbhainte-dubh-maol-bambu-moso\/","og_site_name":"Leatai \u2013 Monar\u00f3ir Leabhair N\u00f3ta\u00ed Saincheaptha","article_modified_time":"2026-02-02T06:03:02+00:00","og_image":[{"width":1000,"height":750,"url":"https:\/\/leatai.com\/wp-content\/uploads\/2020_08_14_1738450.jpg","type":"image\/jpeg"}],"twitter_card":"summary_large_image","twitter_misc":{"Est. reading time":"1 minute"},"schema":{"@context":"https:\/\/schema.org","@graph":[{"@type":"WebPage","@id":"https:\/\/leatai.com\/ga\/product\/leabhar-notai-saincheaptha\/leabhar-notai-inbhainte\/gabhalais-gearrthog-inbhainte-dubh-maol-bambu-moso\/","url":"https:\/\/leatai.com\/ga\/product\/leabhar-notai-saincheaptha\/leabhar-notai-inbhainte\/gabhalais-gearrthog-inbhainte-dubh-maol-bambu-moso\/","name":"Gabh\u00e1lais \u2013 gearrth\u00f3g inbhainte dubh maol + bamb\u00fa Moso - Measc\u00e1n d\u2019\u00e1bhair \u00e9ags\u00fala, ag cruth\u00fa blas \u00far nua. - Leatai \u2013 Monar\u00f3ir Leabhair N\u00f3ta\u00ed Saincheaptha","isPartOf":{"@id":"https:\/\/leatai.com\/ga\/#website"},"primaryImageOfPage":{"@id":"https:\/\/leatai.com\/ga\/product\/leabhar-notai-saincheaptha\/leabhar-notai-inbhainte\/gabhalais-gearrthog-inbhainte-dubh-maol-bambu-moso\/#primaryimage"},"image":{"@id":"https:\/\/leatai.com\/ga\/product\/leabhar-notai-saincheaptha\/leabhar-notai-inbhainte\/gabhalais-gearrthog-inbhainte-dubh-maol-bambu-moso\/#primaryimage"},"thumbnailUrl":"https:\/\/leatai.com\/wp-content\/uploads\/2020_08_14_1738450.jpg","datePublished":"2021-06-24T05:29:16+00:00","dateModified":"2026-02-02T06:03:02+00:00","description":"M\u00fanla t\u00e1irge Leatai: Gabh\u00e1lais \u2013 gearrth\u00f3g inbhainte dubh maol + bamb\u00fa Moso. Gearrth\u00f3g inbhainte dhubh mhaol frith-scr\u00edobtha, p\u00e9ire\u00e1ilte le bamb\u00fa Moso n\u00e1d\u00fartha \u2014 comhcheangal gan choinne ach thar a bheith oiri\u00fanach. Measc\u00e1n eisiach d\u2019\u00e1bhair dhifri\u00fala, foirfe duitse at\u00e1 i gc\u00f3na\u00ed ag iarraidh nu\u00e1la\u00edocht; d\u00e9anaimis triail chr\u00f3ga as ruda\u00ed nua le ch\u00e9ile.","breadcrumb":{"@id":"https:\/\/leatai.com\/ga\/product\/leabhar-notai-saincheaptha\/leabhar-notai-inbhainte\/gabhalais-gearrthog-inbhainte-dubh-maol-bambu-moso\/#breadcrumb"},"inLanguage":"ga-IE","potentialAction":[{"@type":"ReadAction","target":["https:\/\/leatai.com\/ga\/product\/leabhar-notai-saincheaptha\/leabhar-notai-inbhainte\/gabhalais-gearrthog-inbhainte-dubh-maol-bambu-moso\/"]}]},{"@type":"ImageObject","inLanguage":"ga-IE","@id":"https:\/\/leatai.com\/ga\/product\/leabhar-notai-saincheaptha\/leabhar-notai-inbhainte\/gabhalais-gearrthog-inbhainte-dubh-maol-bambu-moso\/#primaryimage","url":"https:\/\/leatai.com\/wp-content\/uploads\/2020_08_14_1738450.jpg","contentUrl":"https:\/\/leatai.com\/wp-content\/uploads\/2020_08_14_1738450.jpg","width":1000,"height":750},{"@type":"BreadcrumbList","@id":"https:\/\/leatai.com\/ga\/product\/leabhar-notai-saincheaptha\/leabhar-notai-inbhainte\/gabhalais-gearrthog-inbhainte-dubh-maol-bambu-moso\/#breadcrumb","itemListElement":[{"@type":"ListItem","position":1,"name":"Home","item":"https:\/\/leatai.com\/ga\/"},{"@type":"ListItem","position":2,"name":"Cur i l\u00e1thair T\u00e1irg\u00ed","item":"https:\/\/leatai.com\/products\/"},{"@type":"ListItem","position":3,"name":"Leabhar n\u00f3ta\u00ed saincheaptha","item":"https:\/\/leatai.com\/ga\/product-category\/leabhar-notai-saincheaptha\/"},{"@type":"ListItem","position":4,"name":"Leabhar n\u00f3ta\u00ed inbhainte","item":"https:\/\/leatai.com\/ga\/product-category\/leabhar-notai-saincheaptha\/leabhar-notai-inbhainte\/"},{"@type":"ListItem","position":5,"name":"Gabh\u00e1lais \u2013 gearrth\u00f3g inbhainte dubh maol + bamb\u00fa Moso"}]},{"@type":"WebSite","@id":"https:\/\/leatai.com\/ga\/#website","url":"https:\/\/leatai.com\/ga\/","name":"Leatai \u2013 Monar\u00f3ir Leabhair N\u00f3ta\u00ed Saincheaptha","description":"Sol\u00e1thra\u00edonn Leatai leabhair n\u00f3ta\u00ed agus plean\u00e1laithe saincheaptha do bhranda\u00ed agus d\u00e1ileoir\u00ed ar fud an domhain.","publisher":{"@id":"https:\/\/leatai.com\/ga\/#organization"},"potentialAction":[{"@type":"SearchAction","target":{"@type":"EntryPoint","urlTemplate":"https:\/\/leatai.com\/ga\/?s={search_term_string}"},"query-input":{"@type":"PropertyValueSpecification","valueRequired":true,"valueName":"search_term_string"}}],"inLanguage":"ga-IE"},{"@type":"Organization","@id":"https:\/\/leatai.com\/ga\/#organization","name":"Leatai Diary, customized journal and business organizer","url":"https:\/\/leatai.com\/ga\/","logo":{"@type":"ImageObject","inLanguage":"ga-IE","@id":"https:\/\/leatai.com\/ga\/#\/schema\/logo\/image\/","url":"https:\/\/leatai.com\/wp-content\/uploads\/logo-blue.png","contentUrl":"https:\/\/leatai.com\/wp-content\/uploads\/logo-blue.png","width":230,"height":60,"caption":"Leatai Diary, customized journal and business organizer"},"image":{"@id":"https:\/\/leatai.com\/ga\/#\/schema\/logo\/image\/"}}]}},"_links":{"self":[{"href":"https:\/\/leatai.com\/ga\/wp-json\/wp\/v2\/product\/268528","targetHints":{"allow":["GET"]}}],"collection":[{"href":"https:\/\/leatai.com\/ga\/wp-json\/wp\/v2\/product"}],"about":[{"href":"https:\/\/leatai.com\/ga\/wp-json\/wp\/v2\/types\/product"}],"wp:featuredmedia":[{"embeddable":true,"href":"https:\/\/leatai.com\/ga\/wp-json\/wp\/v2\/media\/268529"}],"wp:attachment":[{"href":"https:\/\/leatai.com\/ga\/wp-json\/wp\/v2\/media?parent=268528"}],"wp:term":[{"taxonomy":"product_brand","embeddable":true,"href":"https:\/\/leatai.com\/ga\/wp-json\/wp\/v2\/product_brand?post=268528"},{"taxonomy":"product_cat","embeddable":true,"href":"https:\/\/leatai.com\/ga\/wp-json\/wp\/v2\/product_cat?post=268528"},{"taxonomy":"product_tag","embeddable":true,"href":"https:\/\/leatai.com\/ga\/wp-json\/wp\/v2\/product_tag?post=268528"},{"taxonomy":"home_works","embeddable":true,"href":"https:\/\/leatai.com\/ga\/wp-json\/wp\/v2\/home_works?post=268528"}],"curies":[{"name":"wp","href":"https:\/\/api.w.org\/{rel}","templated":true}]}}