{"id":266247,"date":"2021-06-24T13:26:43","date_gmt":"2021-06-24T05:26:43","guid":{"rendered":"https:\/\/leatai.com\/product\/uncategorized\/%e6%96%b9%e6%a0%bc%e7%ad%86%e8%a8%98%e6%9c%ac%e9%8b%bc%e7%ad%86%e5%b0%88%e7%94%a8%e7%b4%99%ef%bc%8d%e5%8f%b0%e7%81%a3%e7%8d%a8%e5%ae%b6%e9%8b%bc%e7%ad%86%e5%b0%88%e7%94%a8%e7%ad%86%e8%a8%98%e6%9c%ac\/"},"modified":"2026-05-06T16:21:27","modified_gmt":"2026-05-06T08:21:27","slug":"leabhar-notai-greille-paipear-speisialta-do-pheann-tobair-leabhar-notai-eisiach-do-pheann-tobair-on-teavain","status":"publish","type":"product","link":"https:\/\/leatai.com\/ga\/product\/leabhar-notai-saincheaptha\/leabhar-notai-cludach-bog\/leabhar-notai-greille-paipear-speisialta-do-pheann-tobair-leabhar-notai-eisiach-do-pheann-tobair-on-teavain\/","title":{"rendered":"Leabhar n\u00f3ta\u00ed greille (p\u00e1ip\u00e9ar speisialta do pheann tobair) \u2013 leabhar n\u00f3ta\u00ed eisiach do pheann tobair \u00f3n T\u00e9av\u00e1in"},"content":{"rendered":"<p>M\u00fanla an t\u00e1irge: LSC-011 \u2013 Leabhar N\u00f3ta\u00ed Clasaiceach Greille (Leatai Classic Notebook)<br \/>\nP\u00e1ip\u00e9ar: eisiach \u2013 p\u00e1ip\u00e9ar idirleathana (p\u00e1ip\u00e9ar scr\u00edbhneoireachta do pheann tobair \u2013 dath uachtair) \/ cl\u00fadach dubh<br \/>\nTi\u00fas: 80g (80 bileog \/ 160 leathanach in aghaidh an leabhair)<br \/>\nForm\u00e1id: <a href=\"https:\/\/leatai.com\/ga\/product\/formaid-leathanach-inmheanach\/leathanaigh-inmheanacha-a5\/lgp-leathanach-notai-greille-l25k\/\" target=\"_blank\" rel=\"noopener\">LGP \u2013 leathanaigh n\u00f3ta\u00ed greille \u2013 L25K<\/a><br \/>\nM\u00e9id: 25K \u2013 A5 (thart ar 14.8 \u00d7 20.5 cm)<br \/>\nPac\u00e1isti\u00fa: m\u00e1la OPP (roghnach)<br \/>\nModh pr\u00f3ise\u00e1la LOGO: stamp\u00e1il \u00f3ir \/ stamp\u00e1il airgid<br \/>\n\u00c1bhar:<\/p>\n<p>Leabhar n\u00f3ta\u00ed eisiach i dTaiwan at\u00e1 deartha go speisialta do scr\u00edobh le peann tobair, forbartha go sonrach do lucht lean\u00fana peann tobair.<br \/>\nP\u00e1ip\u00e9ar at\u00e1 neamhdh\u00edobh\u00e1lach don chomhshaol le deimhni\u00fa FSC, uimhir an deimhnithe: SGSHK-COC-008383.<br \/>\nIs f\u00e9idir an leabhar n\u00f3ta\u00ed a oscailt go hioml\u00e1n ag 180 c\u00e9im, scr\u00edobh gan bac n\u00e1 cur isteach.<br \/>\nCuireadh comh\u00e1bhair speisialta leis chun dath an d\u00faigh peann tobair a chur i l\u00e1thair ar bhealach n\u00edos saibhre.<br \/>\nP\u00e1ip\u00e9ar scr\u00edbhneoireachta do pheann tobair a laghda\u00edonn n\u00edos m\u00f3 n\u00e1 90% den \u00e9ifeacht imeall garbh.<\/p>\n<p>Is leabhar n\u00f3ta\u00ed greille \u00e9 seo, ar a dtugtar leabhar n\u00f3ta\u00ed p\u00e1ip\u00e9ir chealla cearnacha freisin. Chun freastal ar riachtanais \u00e9ags\u00fala, dearadh an d\u00e1 leathanach le form\u00e1id\u00ed \u00e9ags\u00fala, agus is f\u00e9idir \u00e9 a oscailt go hioml\u00e1n ag 180 c\u00e9im, ionas go mb\u00edonn an scr\u00edbhneoireacht r\u00e9idh agus gan bhac.<\/p>\n<p>Is leathanach l\u00ednte aon-datha \u00e9 an leathanach cl\u00e9, agus is leathanach greille \u00e9 an leathanach deas. T\u00e1 an sp\u00e1s\u00e1il ingearach idir na l\u00ednte ar an d\u00e1 leathanach 5mm, agus t\u00e1 leithead an chol\u00fain aicmithe ar an leathanach cl\u00e9 2.5cm.<\/p>\n<p>T\u00e1 an leathanach cl\u00e9 \u00e1isi\u00fail chun tascanna \u00e9ags\u00fala le d\u00e9anamh a rang\u00fa, agus is p\u00e1ip\u00e9ar greille 5\u00d75mm \u00e9 an leathanach deas, oiri\u00fanach d\u2019innealt\u00f3ir\u00ed, d\u2019eala\u00edont\u00f3ir\u00ed, do lucht dialainne agus do riachtanais \u00e9ags\u00fala eile.<\/p>\n<p>Is f\u00e9idir p\u00e1ip\u00e9ar an leabhair seo a thabhairt ar ph\u00e1ip\u00e9ar do pheann tobair n\u00f3 ar ph\u00e1ip\u00e9ar scr\u00edbhneoireachta do pheann tobair. Forbra\u00edodh \u00e9 go speisialta do lucht lean\u00fana peann tobair, le comh\u00e1bhair speisialta a chuireann dath an d\u00faigh i l\u00e1thair ar bhealach n\u00edos ioml\u00e1ine agus a laghda\u00edonn n\u00edos m\u00f3 n\u00e1 90% den \u00e9ifeacht imeall garbh. I gcompar\u00e1id le dialanna at\u00e1 ar f\u00e1il go coitianta ar an margadh, t\u00e1 an difr\u00edocht soil\u00e9ir, agus is f\u00e9idir an chaighde\u00e1n m\u00edn a fheice\u00e1il go soil\u00e9ir fi\u00fa le gloine formh\u00e9ad\u00fach\u00e1in. D\u00e9anann s\u00e9 de do scr\u00edbhneoireacht cine\u00e1l eala\u00edne! Comhl\u00edonann s\u00e9 caighde\u00e1in FSC!<\/p>\n<p>Ceannach miond\u00edola: <a href=\"https:\/\/leatai.net\/product-tag\/%e6%96%b9%e6%a0%bc%e7%ad%86%e8%a8%98%e6%9c%ac\/\" target=\"_blank\" rel=\"noopener\">Leabhar n\u00f3ta\u00ed greille<\/a> \/ <a href=\"https:\/\/leatai.net\/product\/a5-%E7%B6%93%E5%85%B8%E6%96%B9%E6%A0%BC%E7%AD%86%E8%A8%98%E6%9C%AC-%E7%B1%B3%E8%89%B2-10%E6%9C%AC-%E7%B5%84\/?srsltid=AfmBOopbn1qMckeiSqMWjjngPel0vbyIBqdAOTZYYoC_CIUIAJnXHb56\" target=\"_blank\" rel=\"noopener\">pac\u00e1iste m\u00f3r leabhar n\u00f3ta\u00ed greille<\/a><\/p>\n<p>\ud83d\udcd6 Le haghaidh tuilleadh molta\u00ed ar leabhair n\u00f3ta\u00ed saincheaptha \/ priont\u00e1il agus t\u00e1irgeadh dialann gn\u00f3 saincheaptha, f\u00e9ach le do thoil:<br \/>\n<a href=\"https:\/\/leatai.com\/ga\/product-category\/samplai-oem-eagsula\/leabhar-crua-cheangailte-oem\/\" target=\"_blank\" rel=\"noopener\">OEM leabhar crua-chl\u00fadaigh<\/a><br \/>\n<a href=\"https:\/\/leatai.com\/ga\/product-category\/samplai-oem-eagsula\/dialann-scaoilte-leathanach-oem\/\" target=\"_blank\" rel=\"noopener\">OEM leabhar f\u00e1inn\u00ed scaoilte<\/a><br \/>\n<a href=\"https:\/\/leatai.com\/ga\/product-category\/samplai-oem-eagsula\/dialann-inbhainte-oem\/\" target=\"_blank\" rel=\"noopener\">OEM leabhar f\u00e1inn\u00ed scaoilte inbhainte<\/a><br \/>\n<a href=\"https:\/\/leatai.com\/ga\/product-category\/samplai-oem-eagsula\/dialann-paipearbhanda-oem\/\" target=\"_blank\" rel=\"noopener\">OEM leabhar bog-chl\u00fadaigh<\/a><br \/>\n<a href=\"https:\/\/leatai.com\/ga\/product-category\/samplai-oem-eagsula\/dialann-biseach-oem\/\" target=\"_blank\" rel=\"noopener\">OEM leabhar coil<\/a><br \/>\n<a href=\"https:\/\/leatai.com\/ga\/product-category\/samplai-oem-eagsula\/feilire-oem\/\" target=\"_blank\" rel=\"noopener\">OEM t\u00e1irgeadh f\u00e9ilire beag str\u00f3icthe saincheaptha \/ priont\u00e1il f\u00e9ilire boird saincheaptha<\/a><br \/>\n<a href=\"https:\/\/leatai.com\/ga\/product-category\/samplai-oem-eagsula\/oem-eile\/\" target=\"_blank\" rel=\"noopener\">OEM eile<\/a><\/p>\n<p>Le haghaidh m\u00edni\u00fa ioml\u00e1n ar mh\u00e9ideanna, f\u00e9ach le do thoil: <a href=\"https:\/\/leatai.com\/ga\/eolas-leabhar-notai\/treoir-ar-mheideanna-paipeir-ag-tuigbheail-na-meideanna-coitianta-cosuil-le-b3-a4-b5-8k-16k-agus-tuilleadh-cairt-meid-chuimsitheach-le-haghaidh-tagartha-easca\/\" target=\"_blank\" rel=\"noopener\">Treoir m\u00e9ideanna p\u00e1ip\u00e9ir: conas a dh\u00e9antar idirdheal\u00fa idir B3, A4, B5, 8K, 16K agus m\u00e9ideanna coitianta eile? T\u00e1bla compar\u00e1ide m\u00e9ideanna p\u00e1ip\u00e9ir a thuigfear ar an bpointe boise!<\/a><\/p>\n","protected":false},"excerpt":{"rendered":"<p>Leatai Classic Notebook<br \/>\nBr\u00f3d na T\u00e9av\u00e1ine \u2013 p\u00e1ip\u00e9ar idirleathana [Mui Kai Paper]. Is \u00e9 \u201cMui Kai\u201d fuaimni\u00fa Taiw\u00e1nach ar an bhfocal \u201cme\u00e1n\u201d, agus is teanga dh\u00fachais na T\u00e9av\u00e1ine \u00ed an Taiw\u00e1nach. Is me\u00e1n \u00ed an ph\u00e1ip\u00e9ar f\u00e9in freisin, me\u00e1n chun moth\u00fach\u00e1in a chur in i\u00fal agus cuimhn\u00ed a thaifeadadh.<\/p>\n<p>\u00das\u00e1idtear go heisiach p\u00e1ip\u00e9ar idirleathana a mhonara\u00edtear i dTaiwan [Mui Kai Paper], ar chaighde\u00e1n at\u00e1 inchurtha le p\u00e1ip\u00e9ar \u00f3n nGearm\u00e1in agus \u00f3n tSeap\u00e1in. Forbra\u00edodh \u00e9 go speisialta do dhaoine a scr\u00edobhann le peann tobair, agus crutha\u00edodh p\u00e1ip\u00e9ar scr\u00edbhneoireachta den scoth tr\u00ed chearda\u00edocht den leibh\u00e9al is airde. T\u00e1 an teagmh\u00e1il m\u00edn agus r\u00e9idh, cuireann s\u00e9 dath an d\u00faigh i l\u00e1thair ar bhealach n\u00edos saibhre, agus laghda\u00edonn s\u00e9 go m\u00f3r an fhadhb choitianta imeall garbh, ionas go n-\u00e9ireoidh do scr\u00edbhneoireacht ina f\u00e9asta eala\u00edne.<\/p>\n","protected":false},"featured_media":266248,"template":"","meta":{"_acf_changed":false},"product_brand":[],"product_cat":[800],"product_tag":[1716],"home_works":[],"class_list":{"0":"post-266247","1":"product","2":"type-product","3":"status-publish","4":"has-post-thumbnail","6":"product_cat-leabhar-notai-cludach-bog","7":"product_tag-leabhar-notai-saincheaptha","9":"first","10":"instock","11":"sold-individually","12":"shipping-taxable","13":"purchasable","14":"product-type-variable","15":"has-default-attributes"},"acf":[],"yoast_head":"<!-- This site is optimized with the Yoast SEO plugin v27.2 - https:\/\/yoast.com\/product\/yoast-seo-wordpress\/ -->\n<title>Leabhar n\u00f3ta\u00ed greille (p\u00e1ip\u00e9ar speisialta do pheann tobair) - Leatai \u2013 Monar\u00f3ir Leabhair N\u00f3ta\u00ed Saincheaptha<\/title>\n<meta name=\"description\" content=\"Leabhar n\u00f3ta\u00ed p\u00e1ip\u00e9ir idirleathana a mhonara\u00edtear go heisiach i dTaiwan (leabhar n\u00f3ta\u00ed le p\u00e1ip\u00e9ar scr\u00edbhneoireachta do pheann tobair), ar chaighde\u00e1n at\u00e1 inchurtha le caighde\u00e1n na Gearm\u00e1ine agus na Seap\u00e1ine. Forbra\u00edodh \u00e9 go speisialta do lucht \u00fas\u00e1ide peann tobair, le teagmh\u00e1il mh\u00edn shleamhain a chuireann dath an d\u00faigh i l\u00e1thair ar bhealach n\u00edos saibhre agus a laghda\u00edonn an feinim\u00e9an imeall garbh. Ligeann s\u00e9 duit taith\u00ed scr\u00edbhneoireachta at\u00e1 cos\u00fail le f\u00e9asta eala\u00edne a bhlaiseadh.\" \/>\n<meta name=\"robots\" content=\"index, follow, max-snippet:-1, max-image-preview:large, max-video-preview:-1\" \/>\n<link rel=\"canonical\" href=\"https:\/\/leatai.com\/ga\/product\/leabhar-notai-saincheaptha\/leabhar-notai-cludach-bog\/leabhar-notai-greille-paipear-speisialta-do-pheann-tobair-leabhar-notai-eisiach-do-pheann-tobair-on-teavain\/\" \/>\n<meta property=\"og:locale\" content=\"ga_IE\" \/>\n<meta property=\"og:type\" content=\"article\" \/>\n<meta property=\"og:title\" content=\"Leabhar n\u00f3ta\u00ed greille (p\u00e1ip\u00e9ar speisialta do pheann tobair) - Leatai \u2013 Monar\u00f3ir Leabhair N\u00f3ta\u00ed Saincheaptha\" \/>\n<meta property=\"og:description\" content=\"Leabhar n\u00f3ta\u00ed p\u00e1ip\u00e9ir idirleathana a mhonara\u00edtear go heisiach i dTaiwan (leabhar n\u00f3ta\u00ed le p\u00e1ip\u00e9ar scr\u00edbhneoireachta do pheann tobair), ar chaighde\u00e1n at\u00e1 inchurtha le caighde\u00e1n na Gearm\u00e1ine agus na Seap\u00e1ine. Forbra\u00edodh \u00e9 go speisialta do lucht \u00fas\u00e1ide peann tobair, le teagmh\u00e1il mh\u00edn shleamhain a chuireann dath an d\u00faigh i l\u00e1thair ar bhealach n\u00edos saibhre agus a laghda\u00edonn an feinim\u00e9an imeall garbh. Ligeann s\u00e9 duit taith\u00ed scr\u00edbhneoireachta at\u00e1 cos\u00fail le f\u00e9asta eala\u00edne a bhlaiseadh.\" \/>\n<meta property=\"og:url\" content=\"https:\/\/leatai.com\/ga\/product\/leabhar-notai-saincheaptha\/leabhar-notai-cludach-bog\/leabhar-notai-greille-paipear-speisialta-do-pheann-tobair-leabhar-notai-eisiach-do-pheann-tobair-on-teavain\/\" \/>\n<meta property=\"og:site_name\" content=\"Leatai \u2013 Monar\u00f3ir Leabhair N\u00f3ta\u00ed Saincheaptha\" \/>\n<meta property=\"article:modified_time\" content=\"2026-05-06T08:21:27+00:00\" \/>\n<meta property=\"og:image\" content=\"https:\/\/leatai.com\/wp-content\/uploads\/2016_02_18_2114310.jpg\" \/>\n\t<meta property=\"og:image:width\" content=\"1000\" \/>\n\t<meta property=\"og:image:height\" content=\"750\" \/>\n\t<meta property=\"og:image:type\" content=\"image\/jpeg\" \/>\n<meta name=\"twitter:card\" content=\"summary_large_image\" \/>\n<meta name=\"twitter:label1\" content=\"Est. reading time\" \/>\n\t<meta name=\"twitter:data1\" content=\"3 minutes\" \/>\n<script type=\"application\/ld+json\" class=\"yoast-schema-graph\">{\"@context\":\"https:\/\/schema.org\",\"@graph\":[{\"@type\":\"WebPage\",\"@id\":\"https:\/\/leatai.com\/ga\/product\/leabhar-notai-saincheaptha\/leabhar-notai-cludach-bog\/leabhar-notai-greille-paipear-speisialta-do-pheann-tobair-leabhar-notai-eisiach-do-pheann-tobair-on-teavain\/\",\"url\":\"https:\/\/leatai.com\/ga\/product\/leabhar-notai-saincheaptha\/leabhar-notai-cludach-bog\/leabhar-notai-greille-paipear-speisialta-do-pheann-tobair-leabhar-notai-eisiach-do-pheann-tobair-on-teavain\/\",\"name\":\"Leabhar n\u00f3ta\u00ed greille (p\u00e1ip\u00e9ar speisialta do pheann tobair) - Leatai \u2013 Monar\u00f3ir Leabhair N\u00f3ta\u00ed Saincheaptha\",\"isPartOf\":{\"@id\":\"https:\/\/leatai.com\/ga\/#website\"},\"primaryImageOfPage\":{\"@id\":\"https:\/\/leatai.com\/ga\/product\/leabhar-notai-saincheaptha\/leabhar-notai-cludach-bog\/leabhar-notai-greille-paipear-speisialta-do-pheann-tobair-leabhar-notai-eisiach-do-pheann-tobair-on-teavain\/#primaryimage\"},\"image\":{\"@id\":\"https:\/\/leatai.com\/ga\/product\/leabhar-notai-saincheaptha\/leabhar-notai-cludach-bog\/leabhar-notai-greille-paipear-speisialta-do-pheann-tobair-leabhar-notai-eisiach-do-pheann-tobair-on-teavain\/#primaryimage\"},\"thumbnailUrl\":\"https:\/\/leatai.com\/wp-content\/uploads\/2016_02_18_2114310.jpg\",\"datePublished\":\"2021-06-24T05:26:43+00:00\",\"dateModified\":\"2026-05-06T08:21:27+00:00\",\"description\":\"Leabhar n\u00f3ta\u00ed p\u00e1ip\u00e9ir idirleathana a mhonara\u00edtear go heisiach i dTaiwan (leabhar n\u00f3ta\u00ed le p\u00e1ip\u00e9ar scr\u00edbhneoireachta do pheann tobair), ar chaighde\u00e1n at\u00e1 inchurtha le caighde\u00e1n na Gearm\u00e1ine agus na Seap\u00e1ine. Forbra\u00edodh \u00e9 go speisialta do lucht \u00fas\u00e1ide peann tobair, le teagmh\u00e1il mh\u00edn shleamhain a chuireann dath an d\u00faigh i l\u00e1thair ar bhealach n\u00edos saibhre agus a laghda\u00edonn an feinim\u00e9an imeall garbh. Ligeann s\u00e9 duit taith\u00ed scr\u00edbhneoireachta at\u00e1 cos\u00fail le f\u00e9asta eala\u00edne a bhlaiseadh.\",\"breadcrumb\":{\"@id\":\"https:\/\/leatai.com\/ga\/product\/leabhar-notai-saincheaptha\/leabhar-notai-cludach-bog\/leabhar-notai-greille-paipear-speisialta-do-pheann-tobair-leabhar-notai-eisiach-do-pheann-tobair-on-teavain\/#breadcrumb\"},\"inLanguage\":\"ga-IE\",\"potentialAction\":[{\"@type\":\"ReadAction\",\"target\":[\"https:\/\/leatai.com\/ga\/product\/leabhar-notai-saincheaptha\/leabhar-notai-cludach-bog\/leabhar-notai-greille-paipear-speisialta-do-pheann-tobair-leabhar-notai-eisiach-do-pheann-tobair-on-teavain\/\"]}]},{\"@type\":\"ImageObject\",\"inLanguage\":\"ga-IE\",\"@id\":\"https:\/\/leatai.com\/ga\/product\/leabhar-notai-saincheaptha\/leabhar-notai-cludach-bog\/leabhar-notai-greille-paipear-speisialta-do-pheann-tobair-leabhar-notai-eisiach-do-pheann-tobair-on-teavain\/#primaryimage\",\"url\":\"https:\/\/leatai.com\/wp-content\/uploads\/2016_02_18_2114310.jpg\",\"contentUrl\":\"https:\/\/leatai.com\/wp-content\/uploads\/2016_02_18_2114310.jpg\",\"width\":1000,\"height\":750},{\"@type\":\"BreadcrumbList\",\"@id\":\"https:\/\/leatai.com\/ga\/product\/leabhar-notai-saincheaptha\/leabhar-notai-cludach-bog\/leabhar-notai-greille-paipear-speisialta-do-pheann-tobair-leabhar-notai-eisiach-do-pheann-tobair-on-teavain\/#breadcrumb\",\"itemListElement\":[{\"@type\":\"ListItem\",\"position\":1,\"name\":\"Home\",\"item\":\"https:\/\/leatai.com\/ga\/\"},{\"@type\":\"ListItem\",\"position\":2,\"name\":\"Cur i l\u00e1thair T\u00e1irg\u00ed\",\"item\":\"https:\/\/leatai.com\/products\/\"},{\"@type\":\"ListItem\",\"position\":3,\"name\":\"Leabhar n\u00f3ta\u00ed saincheaptha\",\"item\":\"https:\/\/leatai.com\/ga\/product-category\/leabhar-notai-saincheaptha\/\"},{\"@type\":\"ListItem\",\"position\":4,\"name\":\"Leabhar n\u00f3ta\u00ed cl\u00fadach bog\",\"item\":\"https:\/\/leatai.com\/ga\/product-category\/leabhar-notai-saincheaptha\/leabhar-notai-cludach-bog\/\"},{\"@type\":\"ListItem\",\"position\":5,\"name\":\"Leabhar n\u00f3ta\u00ed greille (p\u00e1ip\u00e9ar speisialta do pheann tobair) \u2013 leabhar n\u00f3ta\u00ed eisiach do pheann tobair \u00f3n T\u00e9av\u00e1in\"}]},{\"@type\":\"WebSite\",\"@id\":\"https:\/\/leatai.com\/ga\/#website\",\"url\":\"https:\/\/leatai.com\/ga\/\",\"name\":\"Leatai \u2013 Monar\u00f3ir Leabhair N\u00f3ta\u00ed Saincheaptha\",\"description\":\"Sol\u00e1thra\u00edonn Leatai leabhair n\u00f3ta\u00ed agus plean\u00e1laithe saincheaptha do bhranda\u00ed agus d\u00e1ileoir\u00ed ar fud an domhain.\",\"publisher\":{\"@id\":\"https:\/\/leatai.com\/ga\/#organization\"},\"potentialAction\":[{\"@type\":\"SearchAction\",\"target\":{\"@type\":\"EntryPoint\",\"urlTemplate\":\"https:\/\/leatai.com\/ga\/?s={search_term_string}\"},\"query-input\":{\"@type\":\"PropertyValueSpecification\",\"valueRequired\":true,\"valueName\":\"search_term_string\"}}],\"inLanguage\":\"ga-IE\"},{\"@type\":\"Organization\",\"@id\":\"https:\/\/leatai.com\/ga\/#organization\",\"name\":\"Leatai Diary, customized journal and business organizer\",\"url\":\"https:\/\/leatai.com\/ga\/\",\"logo\":{\"@type\":\"ImageObject\",\"inLanguage\":\"ga-IE\",\"@id\":\"https:\/\/leatai.com\/ga\/#\/schema\/logo\/image\/\",\"url\":\"https:\/\/leatai.com\/wp-content\/uploads\/logo-blue.png\",\"contentUrl\":\"https:\/\/leatai.com\/wp-content\/uploads\/logo-blue.png\",\"width\":230,\"height\":60,\"caption\":\"Leatai Diary, customized journal and business organizer\"},\"image\":{\"@id\":\"https:\/\/leatai.com\/ga\/#\/schema\/logo\/image\/\"},\"telephone\":\"+886-2-8227-8800\",\"legalName\":\"Leatai Stationary Co., Ltd.\",\"description\":\"A leading notebook factory in Taiwan offering bespoke branding, high-quality binding, and premium paper selections for corporate gifts and stationery wholesale.\",\"address\":{\"@type\":\"PostalAddress\",\"streetAddress\":\"11F., No. 168, Jiankang Rd.\",\"addressLocality\":\"Zhonghe Dist.\",\"addressRegion\":\"New Taipei City\",\"postalCode\":\"235\",\"addressCountry\":\"TW\"},\"contactPoint\":{\"@type\":\"ContactPoint\",\"telephone\":\"+886-2-8227-8800\",\"contactType\":\"sales\",\"areaServed\":\"Worldwide\",\"availableLanguage\":[\"zh-TW\",\"en\"]}}]}<\/script>\n<!-- \/ Yoast SEO plugin. -->","yoast_head_json":{"title":"Leabhar n\u00f3ta\u00ed greille (p\u00e1ip\u00e9ar speisialta do pheann tobair) - Leatai \u2013 Monar\u00f3ir Leabhair N\u00f3ta\u00ed Saincheaptha","description":"Leabhar n\u00f3ta\u00ed p\u00e1ip\u00e9ir idirleathana a mhonara\u00edtear go heisiach i dTaiwan (leabhar n\u00f3ta\u00ed le p\u00e1ip\u00e9ar scr\u00edbhneoireachta do pheann tobair), ar chaighde\u00e1n at\u00e1 inchurtha le caighde\u00e1n na Gearm\u00e1ine agus na Seap\u00e1ine. Forbra\u00edodh \u00e9 go speisialta do lucht \u00fas\u00e1ide peann tobair, le teagmh\u00e1il mh\u00edn shleamhain a chuireann dath an d\u00faigh i l\u00e1thair ar bhealach n\u00edos saibhre agus a laghda\u00edonn an feinim\u00e9an imeall garbh. Ligeann s\u00e9 duit taith\u00ed scr\u00edbhneoireachta at\u00e1 cos\u00fail le f\u00e9asta eala\u00edne a bhlaiseadh.","robots":{"index":"index","follow":"follow","max-snippet":"max-snippet:-1","max-image-preview":"max-image-preview:large","max-video-preview":"max-video-preview:-1"},"canonical":"https:\/\/leatai.com\/ga\/product\/leabhar-notai-saincheaptha\/leabhar-notai-cludach-bog\/leabhar-notai-greille-paipear-speisialta-do-pheann-tobair-leabhar-notai-eisiach-do-pheann-tobair-on-teavain\/","og_locale":"ga_IE","og_type":"article","og_title":"Leabhar n\u00f3ta\u00ed greille (p\u00e1ip\u00e9ar speisialta do pheann tobair) - Leatai \u2013 Monar\u00f3ir Leabhair N\u00f3ta\u00ed Saincheaptha","og_description":"Leabhar n\u00f3ta\u00ed p\u00e1ip\u00e9ir idirleathana a mhonara\u00edtear go heisiach i dTaiwan (leabhar n\u00f3ta\u00ed le p\u00e1ip\u00e9ar scr\u00edbhneoireachta do pheann tobair), ar chaighde\u00e1n at\u00e1 inchurtha le caighde\u00e1n na Gearm\u00e1ine agus na Seap\u00e1ine. Forbra\u00edodh \u00e9 go speisialta do lucht \u00fas\u00e1ide peann tobair, le teagmh\u00e1il mh\u00edn shleamhain a chuireann dath an d\u00faigh i l\u00e1thair ar bhealach n\u00edos saibhre agus a laghda\u00edonn an feinim\u00e9an imeall garbh. Ligeann s\u00e9 duit taith\u00ed scr\u00edbhneoireachta at\u00e1 cos\u00fail le f\u00e9asta eala\u00edne a bhlaiseadh.","og_url":"https:\/\/leatai.com\/ga\/product\/leabhar-notai-saincheaptha\/leabhar-notai-cludach-bog\/leabhar-notai-greille-paipear-speisialta-do-pheann-tobair-leabhar-notai-eisiach-do-pheann-tobair-on-teavain\/","og_site_name":"Leatai \u2013 Monar\u00f3ir Leabhair N\u00f3ta\u00ed Saincheaptha","article_modified_time":"2026-05-06T08:21:27+00:00","og_image":[{"width":1000,"height":750,"url":"https:\/\/leatai.com\/wp-content\/uploads\/2016_02_18_2114310.jpg","type":"image\/jpeg"}],"twitter_card":"summary_large_image","twitter_misc":{"Est. reading time":"3 minutes"},"schema":{"@context":"https:\/\/schema.org","@graph":[{"@type":"WebPage","@id":"https:\/\/leatai.com\/ga\/product\/leabhar-notai-saincheaptha\/leabhar-notai-cludach-bog\/leabhar-notai-greille-paipear-speisialta-do-pheann-tobair-leabhar-notai-eisiach-do-pheann-tobair-on-teavain\/","url":"https:\/\/leatai.com\/ga\/product\/leabhar-notai-saincheaptha\/leabhar-notai-cludach-bog\/leabhar-notai-greille-paipear-speisialta-do-pheann-tobair-leabhar-notai-eisiach-do-pheann-tobair-on-teavain\/","name":"Leabhar n\u00f3ta\u00ed greille (p\u00e1ip\u00e9ar speisialta do pheann tobair) - Leatai \u2013 Monar\u00f3ir Leabhair N\u00f3ta\u00ed Saincheaptha","isPartOf":{"@id":"https:\/\/leatai.com\/ga\/#website"},"primaryImageOfPage":{"@id":"https:\/\/leatai.com\/ga\/product\/leabhar-notai-saincheaptha\/leabhar-notai-cludach-bog\/leabhar-notai-greille-paipear-speisialta-do-pheann-tobair-leabhar-notai-eisiach-do-pheann-tobair-on-teavain\/#primaryimage"},"image":{"@id":"https:\/\/leatai.com\/ga\/product\/leabhar-notai-saincheaptha\/leabhar-notai-cludach-bog\/leabhar-notai-greille-paipear-speisialta-do-pheann-tobair-leabhar-notai-eisiach-do-pheann-tobair-on-teavain\/#primaryimage"},"thumbnailUrl":"https:\/\/leatai.com\/wp-content\/uploads\/2016_02_18_2114310.jpg","datePublished":"2021-06-24T05:26:43+00:00","dateModified":"2026-05-06T08:21:27+00:00","description":"Leabhar n\u00f3ta\u00ed p\u00e1ip\u00e9ir idirleathana a mhonara\u00edtear go heisiach i dTaiwan (leabhar n\u00f3ta\u00ed le p\u00e1ip\u00e9ar scr\u00edbhneoireachta do pheann tobair), ar chaighde\u00e1n at\u00e1 inchurtha le caighde\u00e1n na Gearm\u00e1ine agus na Seap\u00e1ine. Forbra\u00edodh \u00e9 go speisialta do lucht \u00fas\u00e1ide peann tobair, le teagmh\u00e1il mh\u00edn shleamhain a chuireann dath an d\u00faigh i l\u00e1thair ar bhealach n\u00edos saibhre agus a laghda\u00edonn an feinim\u00e9an imeall garbh. Ligeann s\u00e9 duit taith\u00ed scr\u00edbhneoireachta at\u00e1 cos\u00fail le f\u00e9asta eala\u00edne a bhlaiseadh.","breadcrumb":{"@id":"https:\/\/leatai.com\/ga\/product\/leabhar-notai-saincheaptha\/leabhar-notai-cludach-bog\/leabhar-notai-greille-paipear-speisialta-do-pheann-tobair-leabhar-notai-eisiach-do-pheann-tobair-on-teavain\/#breadcrumb"},"inLanguage":"ga-IE","potentialAction":[{"@type":"ReadAction","target":["https:\/\/leatai.com\/ga\/product\/leabhar-notai-saincheaptha\/leabhar-notai-cludach-bog\/leabhar-notai-greille-paipear-speisialta-do-pheann-tobair-leabhar-notai-eisiach-do-pheann-tobair-on-teavain\/"]}]},{"@type":"ImageObject","inLanguage":"ga-IE","@id":"https:\/\/leatai.com\/ga\/product\/leabhar-notai-saincheaptha\/leabhar-notai-cludach-bog\/leabhar-notai-greille-paipear-speisialta-do-pheann-tobair-leabhar-notai-eisiach-do-pheann-tobair-on-teavain\/#primaryimage","url":"https:\/\/leatai.com\/wp-content\/uploads\/2016_02_18_2114310.jpg","contentUrl":"https:\/\/leatai.com\/wp-content\/uploads\/2016_02_18_2114310.jpg","width":1000,"height":750},{"@type":"BreadcrumbList","@id":"https:\/\/leatai.com\/ga\/product\/leabhar-notai-saincheaptha\/leabhar-notai-cludach-bog\/leabhar-notai-greille-paipear-speisialta-do-pheann-tobair-leabhar-notai-eisiach-do-pheann-tobair-on-teavain\/#breadcrumb","itemListElement":[{"@type":"ListItem","position":1,"name":"Home","item":"https:\/\/leatai.com\/ga\/"},{"@type":"ListItem","position":2,"name":"Cur i l\u00e1thair T\u00e1irg\u00ed","item":"https:\/\/leatai.com\/products\/"},{"@type":"ListItem","position":3,"name":"Leabhar n\u00f3ta\u00ed saincheaptha","item":"https:\/\/leatai.com\/ga\/product-category\/leabhar-notai-saincheaptha\/"},{"@type":"ListItem","position":4,"name":"Leabhar n\u00f3ta\u00ed cl\u00fadach bog","item":"https:\/\/leatai.com\/ga\/product-category\/leabhar-notai-saincheaptha\/leabhar-notai-cludach-bog\/"},{"@type":"ListItem","position":5,"name":"Leabhar n\u00f3ta\u00ed greille (p\u00e1ip\u00e9ar speisialta do pheann tobair) \u2013 leabhar n\u00f3ta\u00ed eisiach do pheann tobair \u00f3n T\u00e9av\u00e1in"}]},{"@type":"WebSite","@id":"https:\/\/leatai.com\/ga\/#website","url":"https:\/\/leatai.com\/ga\/","name":"Leatai \u2013 Monar\u00f3ir Leabhair N\u00f3ta\u00ed Saincheaptha","description":"Sol\u00e1thra\u00edonn Leatai leabhair n\u00f3ta\u00ed agus plean\u00e1laithe saincheaptha do bhranda\u00ed agus d\u00e1ileoir\u00ed ar fud an domhain.","publisher":{"@id":"https:\/\/leatai.com\/ga\/#organization"},"potentialAction":[{"@type":"SearchAction","target":{"@type":"EntryPoint","urlTemplate":"https:\/\/leatai.com\/ga\/?s={search_term_string}"},"query-input":{"@type":"PropertyValueSpecification","valueRequired":true,"valueName":"search_term_string"}}],"inLanguage":"ga-IE"},{"@type":"Organization","@id":"https:\/\/leatai.com\/ga\/#organization","name":"Leatai Diary, customized journal and business organizer","url":"https:\/\/leatai.com\/ga\/","logo":{"@type":"ImageObject","inLanguage":"ga-IE","@id":"https:\/\/leatai.com\/ga\/#\/schema\/logo\/image\/","url":"https:\/\/leatai.com\/wp-content\/uploads\/logo-blue.png","contentUrl":"https:\/\/leatai.com\/wp-content\/uploads\/logo-blue.png","width":230,"height":60,"caption":"Leatai Diary, customized journal and business organizer"},"image":{"@id":"https:\/\/leatai.com\/ga\/#\/schema\/logo\/image\/"},"telephone":"+886-2-8227-8800","legalName":"Leatai Stationary Co., Ltd.","description":"A leading notebook factory in Taiwan offering bespoke branding, high-quality binding, and premium paper selections for corporate gifts and stationery wholesale.","address":{"@type":"PostalAddress","streetAddress":"11F., No. 168, Jiankang Rd.","addressLocality":"Zhonghe Dist.","addressRegion":"New Taipei City","postalCode":"235","addressCountry":"TW"},"contactPoint":{"@type":"ContactPoint","telephone":"+886-2-8227-8800","contactType":"sales","areaServed":"Worldwide","availableLanguage":["zh-TW","en"]}}]}},"_links":{"self":[{"href":"https:\/\/leatai.com\/ga\/wp-json\/wp\/v2\/product\/266247","targetHints":{"allow":["GET"]}}],"collection":[{"href":"https:\/\/leatai.com\/ga\/wp-json\/wp\/v2\/product"}],"about":[{"href":"https:\/\/leatai.com\/ga\/wp-json\/wp\/v2\/types\/product"}],"wp:featuredmedia":[{"embeddable":true,"href":"https:\/\/leatai.com\/ga\/wp-json\/wp\/v2\/media\/266248"}],"wp:attachment":[{"href":"https:\/\/leatai.com\/ga\/wp-json\/wp\/v2\/media?parent=266247"}],"wp:term":[{"taxonomy":"product_brand","embeddable":true,"href":"https:\/\/leatai.com\/ga\/wp-json\/wp\/v2\/product_brand?post=266247"},{"taxonomy":"product_cat","embeddable":true,"href":"https:\/\/leatai.com\/ga\/wp-json\/wp\/v2\/product_cat?post=266247"},{"taxonomy":"product_tag","embeddable":true,"href":"https:\/\/leatai.com\/ga\/wp-json\/wp\/v2\/product_tag?post=266247"},{"taxonomy":"home_works","embeddable":true,"href":"https:\/\/leatai.com\/ga\/wp-json\/wp\/v2\/home_works?post=266247"}],"curies":[{"name":"wp","href":"https:\/\/api.w.org\/{rel}","templated":true}]}}