{"id":265430,"date":"2025-07-12T11:39:30","date_gmt":"2025-07-12T03:39:30","guid":{"rendered":"https:\/\/leatai.com\/product\/uncategorized\/lsc-026\/"},"modified":"2026-04-08T09:55:42","modified_gmt":"2026-04-08T01:55:42","slug":"lsc-026","status":"publish","type":"product","link":"https:\/\/leatai.com\/ga\/product\/leabhar-notai-saincheaptha\/leabhar-notai-cludach-bog\/lsc-026\/","title":{"rendered":"LSC-026"},"content":{"rendered":"<p>M\u00fanla an t\u00e1irge: LSC-026<br \/>\n\u00c1bhar an chl\u00fadaigh: PU leathar sint\u00e9iseach ardchaighde\u00e1in le h\u00e9ifeacht athraithe dath<br \/>\nDathanna: Corcra \u00e9adrom \/ Glas \u00e9adrom<br \/>\nSonra\u00edochta\u00ed: 25K <a href=\"https:\/\/leatai.com\/ga\/faq\/cad-iad-na-meideanna-pleanalai-8k-16k-agus-25k-ce-chomh-mor-is-ata-siad\/\" target=\"_blank\" rel=\"noopener\">(m\u00e9id coitianta)<\/a><br \/>\nLeathanaigh inmhe\u00e1nacha: leagan caighde\u00e1nach <a href=\"https:\/\/leatai.com\/ga\/product-category\/formaid-leathanach-inmheanach\/\" target=\"_blank\" rel=\"noopener\">(roghanna form\u00e1ide leathanach inmhe\u00e1nach)<\/a><br \/>\nPac\u00e1isti\u00fa: m\u00e1la OPP (roghnach)<br \/>\nModh pr\u00f3ise\u00e1la LOGO: d\u00f3nna-phriont\u00e1il, stamp\u00e1il \u00f3ir, stamp\u00e1il airgid<\/p>\n<p>Cur s\u00edos ar an t\u00e1irge:<br \/>\nM\u00fanla t\u00e1irge Leatai: LSC-026. Is \u00e9 bunt\u00e1iste an leabhair bhog n\u00e1 gur f\u00e9idir na leathanaigh inmhe\u00e1nacha a athr\u00fa go saor. An uair seo, rinneamar athdhearadh m\u00f3r ar an gcl\u00fadach agus roghna\u00edomar dathanna \u00f3ga go d\u00e1na. N\u00ed hamh\u00e1in gur uasghr\u00e1da\u00edodh an fheidhmi\u00falacht go m\u00f3r, ach is leabhar \u00e9 anois ar fi\u00fa \u00e9 a iompar leat i gc\u00f3na\u00ed \u2014 mar sin, t\u00e9imis amach agus lean ar aghaidh!<\/p>\n<p>&nbsp;<\/p>\n<p>\ud83d\udcd6 Le haghaidh tuilleadh molta\u00ed ar leabhair n\u00f3ta\u00ed saincheaptha \/ priont\u00e1il agus t\u00e1irgeadh dialann gn\u00f3 saincheaptha, f\u00e9ach le do thoil:<br \/>\n<a href=\"https:\/\/leatai.com\/ga\/product-category\/samplai-oem-eagsula\/leabhar-crua-cheangailte-oem\/\" target=\"_blank\" rel=\"noopener\">OEM leabhar crua-chl\u00fadaigh<\/a><br \/>\n<a href=\"https:\/\/leatai.com\/ga\/product-category\/samplai-oem-eagsula\/dialann-scaoilte-leathanach-oem\/\" target=\"_blank\" rel=\"noopener\">OEM leabhar f\u00e1inn\u00ed scaoilte<\/a><br \/>\n<a href=\"https:\/\/leatai.com\/ga\/product-category\/samplai-oem-eagsula\/dialann-inbhainte-oem\/\" target=\"_blank\" rel=\"noopener\">OEM leabhar f\u00e1inn\u00ed scaoilte inbhainte<\/a><br \/>\n<a href=\"https:\/\/leatai.com\/ga\/product-category\/samplai-oem-eagsula\/dialann-paipearbhanda-oem\/\" target=\"_blank\" rel=\"noopener\">OEM leabhar bog-chl\u00fadaigh<\/a><br \/>\n<a href=\"https:\/\/leatai.com\/ga\/product-category\/samplai-oem-eagsula\/dialann-biseach-oem\/\" target=\"_blank\" rel=\"noopener\">OEM leabhar coil<\/a><br \/>\n<a href=\"https:\/\/leatai.com\/ga\/product-category\/samplai-oem-eagsula\/feilire-oem\/\" target=\"_blank\" rel=\"noopener\">OEM t\u00e1irgeadh f\u00e9ilire beag str\u00f3icthe saincheaptha \/ priont\u00e1il f\u00e9ilire boird saincheaptha<\/a><br \/>\n<a href=\"https:\/\/leatai.com\/ga\/product-category\/samplai-oem-eagsula\/oem-eile\/\" target=\"_blank\" rel=\"noopener\">OEM eile<\/a><\/p>\n<p>Le haghaidh m\u00edni\u00fa ioml\u00e1n ar mh\u00e9ideanna, f\u00e9ach le do thoil: <a href=\"https:\/\/leatai.com\/ga\/eolas-leabhar-notai\/treoir-ar-mheideanna-paipeir-ag-tuigbheail-na-meideanna-coitianta-cosuil-le-b3-a4-b5-8k-16k-agus-tuilleadh-cairt-meid-chuimsitheach-le-haghaidh-tagartha-easca\/\" target=\"_blank\" rel=\"noopener\">Treoir m\u00e9ideanna p\u00e1ip\u00e9ir: conas a dh\u00e9antar idirdheal\u00fa idir B3, A4, B5, 8K, 16K agus m\u00e9ideanna coitianta eile? T\u00e1bla compar\u00e1ide m\u00e9ideanna p\u00e1ip\u00e9ir a thuigfear ar an bpointe boise!<\/a><\/p>\n","protected":false},"excerpt":{"rendered":"<p>M\u00fanla an t\u00e1irge: LSC-026 \u00c1bhar an chl\u00fadaigh: PU leathar sint\u00e9iseach ardchaighde\u00e1in le h\u00e9ifeacht athraithe dath Dathanna: Corcra \u00e9adrom \/ Glas \u00e9adrom Sonra\u00edochta\u00ed: 25K (m\u00e9id coitianta) Leathanaigh inmhe\u00e1nacha: leagan caighde\u00e1nach (roghanna form\u00e1ide leathanach inmhe\u00e1nach) Pac\u00e1isti\u00fa: m\u00e1la OPP (roghnach) Modh pr\u00f3ise\u00e1la LOGO: d\u00f3nna-phriont\u00e1il, stamp\u00e1il \u00f3ir, stamp\u00e1il airgid Cur s\u00edos ar an t\u00e1irge: M\u00fanla t\u00e1irge Leatai: LSC-026. Is [&hellip;]<\/p>\n","protected":false},"featured_media":215620,"template":"","meta":{"_acf_changed":false},"product_brand":[],"product_cat":[800],"product_tag":[1714],"home_works":[],"class_list":{"0":"post-265430","1":"product","2":"type-product","3":"status-publish","4":"has-post-thumbnail","6":"product_cat-leabhar-notai-cludach-bog","7":"product_tag-2026new","9":"first","10":"instock","11":"sold-individually","12":"shipping-taxable","13":"purchasable","14":"product-type-variable","15":"has-default-attributes"},"acf":[],"yoast_head":"<!-- This site is optimized with the Yoast SEO plugin v27.2 - https:\/\/yoast.com\/product\/yoast-seo-wordpress\/ -->\n<title>LSC-026 - Leatai \u2013 Monar\u00f3ir Leabhair N\u00f3ta\u00ed Saincheaptha<\/title>\n<meta name=\"description\" content=\"Cur s\u00edos ar an t\u00e1irge: M\u00fanla t\u00e1irge Leatai: LSC-026. Is \u00e9 bunt\u00e1iste an leabhair bhog n\u00e1 gur f\u00e9idir na leathanaigh inmhe\u00e1nacha a athr\u00fa go saor. An uair seo, rinneamar athdhearadh m\u00f3r ar an gcl\u00fadach agus roghna\u00edomar dathanna \u00f3ga go d\u00e1na. N\u00ed hamh\u00e1in gur uasghr\u00e1da\u00edodh an fheidhmi\u00falacht go m\u00f3r, ach is leabhar \u00e9 anois ar fi\u00fa \u00e9 a iompar leat i gc\u00f3na\u00ed \u2014 mar sin, t\u00e9imis amach agus lean ar aghaidh!\" \/>\n<meta name=\"robots\" content=\"index, follow, max-snippet:-1, max-image-preview:large, max-video-preview:-1\" \/>\n<link rel=\"canonical\" href=\"https:\/\/leatai.com\/ga\/product\/leabhar-notai-saincheaptha\/leabhar-notai-cludach-bog\/lsc-026\/\" \/>\n<meta property=\"og:locale\" content=\"ga_IE\" \/>\n<meta property=\"og:type\" content=\"article\" \/>\n<meta property=\"og:title\" content=\"LSC-026 - Leatai \u2013 Monar\u00f3ir Leabhair N\u00f3ta\u00ed Saincheaptha\" \/>\n<meta property=\"og:description\" content=\"Cur s\u00edos ar an t\u00e1irge: M\u00fanla t\u00e1irge Leatai: LSC-026. Is \u00e9 bunt\u00e1iste an leabhair bhog n\u00e1 gur f\u00e9idir na leathanaigh inmhe\u00e1nacha a athr\u00fa go saor. An uair seo, rinneamar athdhearadh m\u00f3r ar an gcl\u00fadach agus roghna\u00edomar dathanna \u00f3ga go d\u00e1na. N\u00ed hamh\u00e1in gur uasghr\u00e1da\u00edodh an fheidhmi\u00falacht go m\u00f3r, ach is leabhar \u00e9 anois ar fi\u00fa \u00e9 a iompar leat i gc\u00f3na\u00ed \u2014 mar sin, t\u00e9imis amach agus lean ar aghaidh!\" \/>\n<meta property=\"og:url\" content=\"https:\/\/leatai.com\/ga\/product\/leabhar-notai-saincheaptha\/leabhar-notai-cludach-bog\/lsc-026\/\" \/>\n<meta property=\"og:site_name\" content=\"Leatai \u2013 Monar\u00f3ir Leabhair N\u00f3ta\u00ed Saincheaptha\" \/>\n<meta property=\"article:modified_time\" content=\"2026-04-08T01:55:42+00:00\" \/>\n<meta property=\"og:image\" content=\"https:\/\/leatai.com\/wp-content\/uploads\/DSC_3252-1.jpg\" \/>\n\t<meta property=\"og:image:width\" content=\"1000\" \/>\n\t<meta property=\"og:image:height\" content=\"750\" \/>\n\t<meta property=\"og:image:type\" content=\"image\/jpeg\" \/>\n<meta name=\"twitter:card\" content=\"summary_large_image\" \/>\n<meta name=\"twitter:label1\" content=\"Est. reading time\" \/>\n\t<meta name=\"twitter:data1\" content=\"2 minutes\" \/>\n<script type=\"application\/ld+json\" class=\"yoast-schema-graph\">{\"@context\":\"https:\/\/schema.org\",\"@graph\":[{\"@type\":\"WebPage\",\"@id\":\"https:\/\/leatai.com\/ga\/product\/leabhar-notai-saincheaptha\/leabhar-notai-cludach-bog\/lsc-026\/\",\"url\":\"https:\/\/leatai.com\/ga\/product\/leabhar-notai-saincheaptha\/leabhar-notai-cludach-bog\/lsc-026\/\",\"name\":\"LSC-026 - Leatai \u2013 Monar\u00f3ir Leabhair N\u00f3ta\u00ed Saincheaptha\",\"isPartOf\":{\"@id\":\"https:\/\/leatai.com\/ga\/#website\"},\"primaryImageOfPage\":{\"@id\":\"https:\/\/leatai.com\/ga\/product\/leabhar-notai-saincheaptha\/leabhar-notai-cludach-bog\/lsc-026\/#primaryimage\"},\"image\":{\"@id\":\"https:\/\/leatai.com\/ga\/product\/leabhar-notai-saincheaptha\/leabhar-notai-cludach-bog\/lsc-026\/#primaryimage\"},\"thumbnailUrl\":\"https:\/\/leatai.com\/wp-content\/uploads\/DSC_3252-1.jpg\",\"datePublished\":\"2025-07-12T03:39:30+00:00\",\"dateModified\":\"2026-04-08T01:55:42+00:00\",\"description\":\"Cur s\u00edos ar an t\u00e1irge: M\u00fanla t\u00e1irge Leatai: LSC-026. Is \u00e9 bunt\u00e1iste an leabhair bhog n\u00e1 gur f\u00e9idir na leathanaigh inmhe\u00e1nacha a athr\u00fa go saor. An uair seo, rinneamar athdhearadh m\u00f3r ar an gcl\u00fadach agus roghna\u00edomar dathanna \u00f3ga go d\u00e1na. N\u00ed hamh\u00e1in gur uasghr\u00e1da\u00edodh an fheidhmi\u00falacht go m\u00f3r, ach is leabhar \u00e9 anois ar fi\u00fa \u00e9 a iompar leat i gc\u00f3na\u00ed \u2014 mar sin, t\u00e9imis amach agus lean ar aghaidh!\",\"breadcrumb\":{\"@id\":\"https:\/\/leatai.com\/ga\/product\/leabhar-notai-saincheaptha\/leabhar-notai-cludach-bog\/lsc-026\/#breadcrumb\"},\"inLanguage\":\"ga-IE\",\"potentialAction\":[{\"@type\":\"ReadAction\",\"target\":[\"https:\/\/leatai.com\/ga\/product\/leabhar-notai-saincheaptha\/leabhar-notai-cludach-bog\/lsc-026\/\"]}]},{\"@type\":\"ImageObject\",\"inLanguage\":\"ga-IE\",\"@id\":\"https:\/\/leatai.com\/ga\/product\/leabhar-notai-saincheaptha\/leabhar-notai-cludach-bog\/lsc-026\/#primaryimage\",\"url\":\"https:\/\/leatai.com\/wp-content\/uploads\/DSC_3252-1.jpg\",\"contentUrl\":\"https:\/\/leatai.com\/wp-content\/uploads\/DSC_3252-1.jpg\",\"width\":1000,\"height\":750,\"caption\":\"Dialann ghn\u00f3 cl\u00fadach bog\"},{\"@type\":\"BreadcrumbList\",\"@id\":\"https:\/\/leatai.com\/ga\/product\/leabhar-notai-saincheaptha\/leabhar-notai-cludach-bog\/lsc-026\/#breadcrumb\",\"itemListElement\":[{\"@type\":\"ListItem\",\"position\":1,\"name\":\"Home\",\"item\":\"https:\/\/leatai.com\/ga\/\"},{\"@type\":\"ListItem\",\"position\":2,\"name\":\"Cur i l\u00e1thair T\u00e1irg\u00ed\",\"item\":\"https:\/\/leatai.com\/products\/\"},{\"@type\":\"ListItem\",\"position\":3,\"name\":\"Leabhar n\u00f3ta\u00ed saincheaptha\",\"item\":\"https:\/\/leatai.com\/ga\/product-category\/leabhar-notai-saincheaptha\/\"},{\"@type\":\"ListItem\",\"position\":4,\"name\":\"Leabhar n\u00f3ta\u00ed cl\u00fadach bog\",\"item\":\"https:\/\/leatai.com\/ga\/product-category\/leabhar-notai-saincheaptha\/leabhar-notai-cludach-bog\/\"},{\"@type\":\"ListItem\",\"position\":5,\"name\":\"LSC-026\"}]},{\"@type\":\"WebSite\",\"@id\":\"https:\/\/leatai.com\/ga\/#website\",\"url\":\"https:\/\/leatai.com\/ga\/\",\"name\":\"Leatai \u2013 Monar\u00f3ir Leabhair N\u00f3ta\u00ed Saincheaptha\",\"description\":\"Sol\u00e1thra\u00edonn Leatai leabhair n\u00f3ta\u00ed agus plean\u00e1laithe saincheaptha do bhranda\u00ed agus d\u00e1ileoir\u00ed ar fud an domhain.\",\"publisher\":{\"@id\":\"https:\/\/leatai.com\/ga\/#organization\"},\"potentialAction\":[{\"@type\":\"SearchAction\",\"target\":{\"@type\":\"EntryPoint\",\"urlTemplate\":\"https:\/\/leatai.com\/ga\/?s={search_term_string}\"},\"query-input\":{\"@type\":\"PropertyValueSpecification\",\"valueRequired\":true,\"valueName\":\"search_term_string\"}}],\"inLanguage\":\"ga-IE\"},{\"@type\":\"Organization\",\"@id\":\"https:\/\/leatai.com\/ga\/#organization\",\"name\":\"Leatai Diary, customized journal and business organizer\",\"url\":\"https:\/\/leatai.com\/ga\/\",\"logo\":{\"@type\":\"ImageObject\",\"inLanguage\":\"ga-IE\",\"@id\":\"https:\/\/leatai.com\/ga\/#\/schema\/logo\/image\/\",\"url\":\"https:\/\/leatai.com\/wp-content\/uploads\/logo-blue.png\",\"contentUrl\":\"https:\/\/leatai.com\/wp-content\/uploads\/logo-blue.png\",\"width\":230,\"height\":60,\"caption\":\"Leatai Diary, customized journal and business organizer\"},\"image\":{\"@id\":\"https:\/\/leatai.com\/ga\/#\/schema\/logo\/image\/\"}}]}<\/script>\n<!-- \/ Yoast SEO plugin. -->","yoast_head_json":{"title":"LSC-026 - Leatai \u2013 Monar\u00f3ir Leabhair N\u00f3ta\u00ed Saincheaptha","description":"Cur s\u00edos ar an t\u00e1irge: M\u00fanla t\u00e1irge Leatai: LSC-026. Is \u00e9 bunt\u00e1iste an leabhair bhog n\u00e1 gur f\u00e9idir na leathanaigh inmhe\u00e1nacha a athr\u00fa go saor. An uair seo, rinneamar athdhearadh m\u00f3r ar an gcl\u00fadach agus roghna\u00edomar dathanna \u00f3ga go d\u00e1na. N\u00ed hamh\u00e1in gur uasghr\u00e1da\u00edodh an fheidhmi\u00falacht go m\u00f3r, ach is leabhar \u00e9 anois ar fi\u00fa \u00e9 a iompar leat i gc\u00f3na\u00ed \u2014 mar sin, t\u00e9imis amach agus lean ar aghaidh!","robots":{"index":"index","follow":"follow","max-snippet":"max-snippet:-1","max-image-preview":"max-image-preview:large","max-video-preview":"max-video-preview:-1"},"canonical":"https:\/\/leatai.com\/ga\/product\/leabhar-notai-saincheaptha\/leabhar-notai-cludach-bog\/lsc-026\/","og_locale":"ga_IE","og_type":"article","og_title":"LSC-026 - Leatai \u2013 Monar\u00f3ir Leabhair N\u00f3ta\u00ed Saincheaptha","og_description":"Cur s\u00edos ar an t\u00e1irge: M\u00fanla t\u00e1irge Leatai: LSC-026. Is \u00e9 bunt\u00e1iste an leabhair bhog n\u00e1 gur f\u00e9idir na leathanaigh inmhe\u00e1nacha a athr\u00fa go saor. An uair seo, rinneamar athdhearadh m\u00f3r ar an gcl\u00fadach agus roghna\u00edomar dathanna \u00f3ga go d\u00e1na. N\u00ed hamh\u00e1in gur uasghr\u00e1da\u00edodh an fheidhmi\u00falacht go m\u00f3r, ach is leabhar \u00e9 anois ar fi\u00fa \u00e9 a iompar leat i gc\u00f3na\u00ed \u2014 mar sin, t\u00e9imis amach agus lean ar aghaidh!","og_url":"https:\/\/leatai.com\/ga\/product\/leabhar-notai-saincheaptha\/leabhar-notai-cludach-bog\/lsc-026\/","og_site_name":"Leatai \u2013 Monar\u00f3ir Leabhair N\u00f3ta\u00ed Saincheaptha","article_modified_time":"2026-04-08T01:55:42+00:00","og_image":[{"width":1000,"height":750,"url":"https:\/\/leatai.com\/wp-content\/uploads\/DSC_3252-1.jpg","type":"image\/jpeg"}],"twitter_card":"summary_large_image","twitter_misc":{"Est. reading time":"2 minutes"},"schema":{"@context":"https:\/\/schema.org","@graph":[{"@type":"WebPage","@id":"https:\/\/leatai.com\/ga\/product\/leabhar-notai-saincheaptha\/leabhar-notai-cludach-bog\/lsc-026\/","url":"https:\/\/leatai.com\/ga\/product\/leabhar-notai-saincheaptha\/leabhar-notai-cludach-bog\/lsc-026\/","name":"LSC-026 - Leatai \u2013 Monar\u00f3ir Leabhair N\u00f3ta\u00ed Saincheaptha","isPartOf":{"@id":"https:\/\/leatai.com\/ga\/#website"},"primaryImageOfPage":{"@id":"https:\/\/leatai.com\/ga\/product\/leabhar-notai-saincheaptha\/leabhar-notai-cludach-bog\/lsc-026\/#primaryimage"},"image":{"@id":"https:\/\/leatai.com\/ga\/product\/leabhar-notai-saincheaptha\/leabhar-notai-cludach-bog\/lsc-026\/#primaryimage"},"thumbnailUrl":"https:\/\/leatai.com\/wp-content\/uploads\/DSC_3252-1.jpg","datePublished":"2025-07-12T03:39:30+00:00","dateModified":"2026-04-08T01:55:42+00:00","description":"Cur s\u00edos ar an t\u00e1irge: M\u00fanla t\u00e1irge Leatai: LSC-026. Is \u00e9 bunt\u00e1iste an leabhair bhog n\u00e1 gur f\u00e9idir na leathanaigh inmhe\u00e1nacha a athr\u00fa go saor. An uair seo, rinneamar athdhearadh m\u00f3r ar an gcl\u00fadach agus roghna\u00edomar dathanna \u00f3ga go d\u00e1na. N\u00ed hamh\u00e1in gur uasghr\u00e1da\u00edodh an fheidhmi\u00falacht go m\u00f3r, ach is leabhar \u00e9 anois ar fi\u00fa \u00e9 a iompar leat i gc\u00f3na\u00ed \u2014 mar sin, t\u00e9imis amach agus lean ar aghaidh!","breadcrumb":{"@id":"https:\/\/leatai.com\/ga\/product\/leabhar-notai-saincheaptha\/leabhar-notai-cludach-bog\/lsc-026\/#breadcrumb"},"inLanguage":"ga-IE","potentialAction":[{"@type":"ReadAction","target":["https:\/\/leatai.com\/ga\/product\/leabhar-notai-saincheaptha\/leabhar-notai-cludach-bog\/lsc-026\/"]}]},{"@type":"ImageObject","inLanguage":"ga-IE","@id":"https:\/\/leatai.com\/ga\/product\/leabhar-notai-saincheaptha\/leabhar-notai-cludach-bog\/lsc-026\/#primaryimage","url":"https:\/\/leatai.com\/wp-content\/uploads\/DSC_3252-1.jpg","contentUrl":"https:\/\/leatai.com\/wp-content\/uploads\/DSC_3252-1.jpg","width":1000,"height":750,"caption":"Dialann ghn\u00f3 cl\u00fadach bog"},{"@type":"BreadcrumbList","@id":"https:\/\/leatai.com\/ga\/product\/leabhar-notai-saincheaptha\/leabhar-notai-cludach-bog\/lsc-026\/#breadcrumb","itemListElement":[{"@type":"ListItem","position":1,"name":"Home","item":"https:\/\/leatai.com\/ga\/"},{"@type":"ListItem","position":2,"name":"Cur i l\u00e1thair T\u00e1irg\u00ed","item":"https:\/\/leatai.com\/products\/"},{"@type":"ListItem","position":3,"name":"Leabhar n\u00f3ta\u00ed saincheaptha","item":"https:\/\/leatai.com\/ga\/product-category\/leabhar-notai-saincheaptha\/"},{"@type":"ListItem","position":4,"name":"Leabhar n\u00f3ta\u00ed cl\u00fadach bog","item":"https:\/\/leatai.com\/ga\/product-category\/leabhar-notai-saincheaptha\/leabhar-notai-cludach-bog\/"},{"@type":"ListItem","position":5,"name":"LSC-026"}]},{"@type":"WebSite","@id":"https:\/\/leatai.com\/ga\/#website","url":"https:\/\/leatai.com\/ga\/","name":"Leatai \u2013 Monar\u00f3ir Leabhair N\u00f3ta\u00ed Saincheaptha","description":"Sol\u00e1thra\u00edonn Leatai leabhair n\u00f3ta\u00ed agus plean\u00e1laithe saincheaptha do bhranda\u00ed agus d\u00e1ileoir\u00ed ar fud an domhain.","publisher":{"@id":"https:\/\/leatai.com\/ga\/#organization"},"potentialAction":[{"@type":"SearchAction","target":{"@type":"EntryPoint","urlTemplate":"https:\/\/leatai.com\/ga\/?s={search_term_string}"},"query-input":{"@type":"PropertyValueSpecification","valueRequired":true,"valueName":"search_term_string"}}],"inLanguage":"ga-IE"},{"@type":"Organization","@id":"https:\/\/leatai.com\/ga\/#organization","name":"Leatai Diary, customized journal and business organizer","url":"https:\/\/leatai.com\/ga\/","logo":{"@type":"ImageObject","inLanguage":"ga-IE","@id":"https:\/\/leatai.com\/ga\/#\/schema\/logo\/image\/","url":"https:\/\/leatai.com\/wp-content\/uploads\/logo-blue.png","contentUrl":"https:\/\/leatai.com\/wp-content\/uploads\/logo-blue.png","width":230,"height":60,"caption":"Leatai Diary, customized journal and business organizer"},"image":{"@id":"https:\/\/leatai.com\/ga\/#\/schema\/logo\/image\/"}}]}},"_links":{"self":[{"href":"https:\/\/leatai.com\/ga\/wp-json\/wp\/v2\/product\/265430","targetHints":{"allow":["GET"]}}],"collection":[{"href":"https:\/\/leatai.com\/ga\/wp-json\/wp\/v2\/product"}],"about":[{"href":"https:\/\/leatai.com\/ga\/wp-json\/wp\/v2\/types\/product"}],"wp:featuredmedia":[{"embeddable":true,"href":"https:\/\/leatai.com\/ga\/wp-json\/wp\/v2\/media\/215620"}],"wp:attachment":[{"href":"https:\/\/leatai.com\/ga\/wp-json\/wp\/v2\/media?parent=265430"}],"wp:term":[{"taxonomy":"product_brand","embeddable":true,"href":"https:\/\/leatai.com\/ga\/wp-json\/wp\/v2\/product_brand?post=265430"},{"taxonomy":"product_cat","embeddable":true,"href":"https:\/\/leatai.com\/ga\/wp-json\/wp\/v2\/product_cat?post=265430"},{"taxonomy":"product_tag","embeddable":true,"href":"https:\/\/leatai.com\/ga\/wp-json\/wp\/v2\/product_tag?post=265430"},{"taxonomy":"home_works","embeddable":true,"href":"https:\/\/leatai.com\/ga\/wp-json\/wp\/v2\/home_works?post=265430"}],"curies":[{"name":"wp","href":"https:\/\/api.w.org\/{rel}","templated":true}]}}