{"id":265423,"date":"2021-06-24T13:17:56","date_gmt":"2021-06-24T05:17:56","guid":{"rendered":"https:\/\/leatai.com\/product\/uncategorized\/coaster-cupain-feilte-paitinnithe\/"},"modified":"2026-01-29T11:32:51","modified_gmt":"2026-01-29T03:32:51","slug":"coaster-cupain-feilte-paitinnithe","status":"publish","type":"product","link":"https:\/\/leatai.com\/ga\/product\/tairgi-bronntanais-agus-leathair\/tairgi-feilt\/coaster-cupain-feilte-paitinnithe\/","title":{"rendered":"Coaster cup\u00e1in feilte paitinnithe"},"content":{"rendered":"<p>Cur s\u00edos<\/p>\n<p>M\u00fanla an t\u00e1irge: Coaster cup\u00e1in feilte paitinnithe<br \/>\n\u00c1bhar an dromchla: Feilt<br \/>\nDathanna: Dearg \/ Gorm \/ Dubh \/ Corcra \/ Bu\u00ed \/ B\u00e1n \/ Or\u00e1iste \/ Glas<br \/>\nSonra\u00edochta\u00ed: Trastomhas 10 cm<br \/>\nEile:<\/p>\n<p>Is \u00e1bhar coitianta agus simpl\u00ed \u00ed an fheilt i nd\u00e1ir\u00edre. De ghn\u00e1th, nuair a dh\u00e9antar t\u00e1irg\u00ed as feilt, b\u00edonn na himill garbh, b\u00edonn an iomarca sn\u00e1ith\u00edn\u00ed scaoilte ar na gearrtha, agus b\u00edonn an t-\u00e1bhar r\u00f3-bhog, rud a chuireann teorainn lena r\u00e9ims\u00ed feidhme go minic mar gheall ar na tr\u00e9ithe seo.<\/p>\n<p>Tr\u00ed phr\u00f3iseas c\u00f3ire\u00e1la eisiach Leatai, \u00e9ir\u00edonn an dromchla m\u00edn agus cothrom, laghda\u00edtear thart ar 90% den ghruaim shn\u00e1ith\u00edneach, n\u00ed fh\u00e1gtar sn\u00e1ith\u00edn\u00ed beagnach ar bith leis an mb\u00e1s-ghearradh, agus n\u00ed bh\u00edonn aon rian c\u00fangaithe le feice\u00e1il le linn fu\u00e1la. Ag an am c\u00e9anna, cuirtear feabhas ar an bhfriota\u00edocht in aghaidh salachar nach raibh ann roimhe seo, b\u00edonn na dathanna geala agus tugtar sp\u00e1s cruthaitheachta beagnach gan teorainn.<\/p>\n<p>Is paitinn eisiach de chuid Leatai \u00e9 seo. Tar linn agus bain amach barr do chruthaitheachta in \u00e9ineacht linn!<\/p>\n<p>Pac\u00e1isti\u00fa: m\u00e1la OPP (roghnach)<br \/>\nModh pr\u00f3ise\u00e1la LOGO: gearradh crutha, priont\u00e1il sc\u00e1ile\u00e1in uiscebhunaithe<\/p>\n","protected":false},"excerpt":{"rendered":"[embed]https:\/\/www.youtube.com\/embed\/MvMfdwEUKnk[\/embed]\n","protected":false},"featured_media":265424,"template":"","meta":{"_acf_changed":false},"product_brand":[],"product_cat":[1142,1168],"product_tag":[],"home_works":[],"class_list":{"0":"post-265423","1":"product","2":"type-product","3":"status-publish","4":"has-post-thumbnail","6":"product_cat-tairgi-feilt","7":"product_cat-tairgi-eisiacha","9":"first","10":"instock","11":"sold-individually","12":"shipping-taxable","13":"purchasable","14":"product-type-simple"},"acf":[],"yoast_head":"<!-- This site is optimized with the Yoast SEO plugin v27.2 - https:\/\/yoast.com\/product\/yoast-seo-wordpress\/ -->\n<title>Coaster cup\u00e1in feilte paitinnithe - Leatai \u2013 Monar\u00f3ir Leabhair N\u00f3ta\u00ed Saincheaptha<\/title>\n<meta name=\"description\" content=\"Tr\u00ed phr\u00f3iseas c\u00f3ire\u00e1la eisiach Leatai, b\u00edonn an dromchla m\u00edn agus cothrom le feice\u00e1il, laghda\u00edtear 90% den ghruaim shn\u00e1ith\u00edneach, n\u00ed fh\u00e1gtar sn\u00e1ith\u00edn\u00ed beagnach ar bith leis an mb\u00e1s-ghearradh, agus n\u00ed bh\u00edonn aon rian cuasach le feice\u00e1il le linn fu\u00e1la. Ag an am c\u00e9anna, nearta\u00edtear an fhriota\u00edocht in aghaidh salachar nach raibh ann roimhe seo; t\u00e1 na dathanna geala agus t\u00e1 an sp\u00e1s cruthaitheachta beagnach gan teorainn.\" \/>\n<meta name=\"robots\" content=\"index, follow, max-snippet:-1, max-image-preview:large, max-video-preview:-1\" \/>\n<link rel=\"canonical\" href=\"https:\/\/leatai.com\/ga\/product\/tairgi-bronntanais-agus-leathair\/tairgi-feilt\/coaster-cupain-feilte-paitinnithe\/\" \/>\n<meta property=\"og:locale\" content=\"ga_IE\" \/>\n<meta property=\"og:type\" content=\"article\" \/>\n<meta property=\"og:title\" content=\"Coaster cup\u00e1in feilte paitinnithe - Leatai \u2013 Monar\u00f3ir Leabhair N\u00f3ta\u00ed Saincheaptha\" \/>\n<meta property=\"og:description\" content=\"Tr\u00ed phr\u00f3iseas c\u00f3ire\u00e1la eisiach Leatai, b\u00edonn an dromchla m\u00edn agus cothrom le feice\u00e1il, laghda\u00edtear 90% den ghruaim shn\u00e1ith\u00edneach, n\u00ed fh\u00e1gtar sn\u00e1ith\u00edn\u00ed beagnach ar bith leis an mb\u00e1s-ghearradh, agus n\u00ed bh\u00edonn aon rian cuasach le feice\u00e1il le linn fu\u00e1la. Ag an am c\u00e9anna, nearta\u00edtear an fhriota\u00edocht in aghaidh salachar nach raibh ann roimhe seo; t\u00e1 na dathanna geala agus t\u00e1 an sp\u00e1s cruthaitheachta beagnach gan teorainn.\" \/>\n<meta property=\"og:url\" content=\"https:\/\/leatai.com\/ga\/product\/tairgi-bronntanais-agus-leathair\/tairgi-feilt\/coaster-cupain-feilte-paitinnithe\/\" \/>\n<meta property=\"og:site_name\" content=\"Leatai \u2013 Monar\u00f3ir Leabhair N\u00f3ta\u00ed Saincheaptha\" \/>\n<meta property=\"article:modified_time\" content=\"2026-01-29T03:32:51+00:00\" \/>\n<meta property=\"og:image\" content=\"https:\/\/leatai.com\/wp-content\/uploads\/2016_01_04_1436500.jpg\" \/>\n\t<meta property=\"og:image:width\" content=\"1000\" \/>\n\t<meta property=\"og:image:height\" content=\"750\" \/>\n\t<meta property=\"og:image:type\" content=\"image\/jpeg\" \/>\n<meta name=\"twitter:card\" content=\"summary_large_image\" \/>\n<meta name=\"twitter:label1\" content=\"Est. reading time\" \/>\n\t<meta name=\"twitter:data1\" content=\"2 minutes\" \/>\n<script type=\"application\/ld+json\" class=\"yoast-schema-graph\">{\"@context\":\"https:\/\/schema.org\",\"@graph\":[{\"@type\":\"WebPage\",\"@id\":\"https:\/\/leatai.com\/ga\/product\/tairgi-bronntanais-agus-leathair\/tairgi-feilt\/coaster-cupain-feilte-paitinnithe\/\",\"url\":\"https:\/\/leatai.com\/ga\/product\/tairgi-bronntanais-agus-leathair\/tairgi-feilt\/coaster-cupain-feilte-paitinnithe\/\",\"name\":\"Coaster cup\u00e1in feilte paitinnithe - Leatai \u2013 Monar\u00f3ir Leabhair N\u00f3ta\u00ed Saincheaptha\",\"isPartOf\":{\"@id\":\"https:\/\/leatai.com\/ga\/#website\"},\"primaryImageOfPage\":{\"@id\":\"https:\/\/leatai.com\/ga\/product\/tairgi-bronntanais-agus-leathair\/tairgi-feilt\/coaster-cupain-feilte-paitinnithe\/#primaryimage\"},\"image\":{\"@id\":\"https:\/\/leatai.com\/ga\/product\/tairgi-bronntanais-agus-leathair\/tairgi-feilt\/coaster-cupain-feilte-paitinnithe\/#primaryimage\"},\"thumbnailUrl\":\"https:\/\/leatai.com\/wp-content\/uploads\/2016_01_04_1436500.jpg\",\"datePublished\":\"2021-06-24T05:17:56+00:00\",\"dateModified\":\"2026-01-29T03:32:51+00:00\",\"description\":\"Tr\u00ed phr\u00f3iseas c\u00f3ire\u00e1la eisiach Leatai, b\u00edonn an dromchla m\u00edn agus cothrom le feice\u00e1il, laghda\u00edtear 90% den ghruaim shn\u00e1ith\u00edneach, n\u00ed fh\u00e1gtar sn\u00e1ith\u00edn\u00ed beagnach ar bith leis an mb\u00e1s-ghearradh, agus n\u00ed bh\u00edonn aon rian cuasach le feice\u00e1il le linn fu\u00e1la. Ag an am c\u00e9anna, nearta\u00edtear an fhriota\u00edocht in aghaidh salachar nach raibh ann roimhe seo; t\u00e1 na dathanna geala agus t\u00e1 an sp\u00e1s cruthaitheachta beagnach gan teorainn.\",\"breadcrumb\":{\"@id\":\"https:\/\/leatai.com\/ga\/product\/tairgi-bronntanais-agus-leathair\/tairgi-feilt\/coaster-cupain-feilte-paitinnithe\/#breadcrumb\"},\"inLanguage\":\"ga-IE\",\"potentialAction\":[{\"@type\":\"ReadAction\",\"target\":[\"https:\/\/leatai.com\/ga\/product\/tairgi-bronntanais-agus-leathair\/tairgi-feilt\/coaster-cupain-feilte-paitinnithe\/\"]}]},{\"@type\":\"ImageObject\",\"inLanguage\":\"ga-IE\",\"@id\":\"https:\/\/leatai.com\/ga\/product\/tairgi-bronntanais-agus-leathair\/tairgi-feilt\/coaster-cupain-feilte-paitinnithe\/#primaryimage\",\"url\":\"https:\/\/leatai.com\/wp-content\/uploads\/2016_01_04_1436500.jpg\",\"contentUrl\":\"https:\/\/leatai.com\/wp-content\/uploads\/2016_01_04_1436500.jpg\",\"width\":1000,\"height\":750},{\"@type\":\"BreadcrumbList\",\"@id\":\"https:\/\/leatai.com\/ga\/product\/tairgi-bronntanais-agus-leathair\/tairgi-feilt\/coaster-cupain-feilte-paitinnithe\/#breadcrumb\",\"itemListElement\":[{\"@type\":\"ListItem\",\"position\":1,\"name\":\"Home\",\"item\":\"https:\/\/leatai.com\/ga\/\"},{\"@type\":\"ListItem\",\"position\":2,\"name\":\"Cur i l\u00e1thair T\u00e1irg\u00ed\",\"item\":\"https:\/\/leatai.com\/products\/\"},{\"@type\":\"ListItem\",\"position\":3,\"name\":\"T\u00e1irg\u00ed Bronntanais agus Leathair\",\"item\":\"https:\/\/leatai.com\/ga\/product-category\/tairgi-bronntanais-agus-leathair\/\"},{\"@type\":\"ListItem\",\"position\":4,\"name\":\"T\u00e1irg\u00ed Feilt\",\"item\":\"https:\/\/leatai.com\/ga\/product-category\/tairgi-bronntanais-agus-leathair\/tairgi-feilt\/\"},{\"@type\":\"ListItem\",\"position\":5,\"name\":\"Coaster cup\u00e1in feilte paitinnithe\"}]},{\"@type\":\"WebSite\",\"@id\":\"https:\/\/leatai.com\/ga\/#website\",\"url\":\"https:\/\/leatai.com\/ga\/\",\"name\":\"Leatai \u2013 Monar\u00f3ir Leabhair N\u00f3ta\u00ed Saincheaptha\",\"description\":\"Sol\u00e1thra\u00edonn Leatai leabhair n\u00f3ta\u00ed agus plean\u00e1laithe saincheaptha do bhranda\u00ed agus d\u00e1ileoir\u00ed ar fud an domhain.\",\"publisher\":{\"@id\":\"https:\/\/leatai.com\/ga\/#organization\"},\"potentialAction\":[{\"@type\":\"SearchAction\",\"target\":{\"@type\":\"EntryPoint\",\"urlTemplate\":\"https:\/\/leatai.com\/ga\/?s={search_term_string}\"},\"query-input\":{\"@type\":\"PropertyValueSpecification\",\"valueRequired\":true,\"valueName\":\"search_term_string\"}}],\"inLanguage\":\"ga-IE\"},{\"@type\":\"Organization\",\"@id\":\"https:\/\/leatai.com\/ga\/#organization\",\"name\":\"Leatai Diary, customized journal and business organizer\",\"url\":\"https:\/\/leatai.com\/ga\/\",\"logo\":{\"@type\":\"ImageObject\",\"inLanguage\":\"ga-IE\",\"@id\":\"https:\/\/leatai.com\/ga\/#\/schema\/logo\/image\/\",\"url\":\"https:\/\/leatai.com\/wp-content\/uploads\/logo-blue.png\",\"contentUrl\":\"https:\/\/leatai.com\/wp-content\/uploads\/logo-blue.png\",\"width\":230,\"height\":60,\"caption\":\"Leatai Diary, customized journal and business organizer\"},\"image\":{\"@id\":\"https:\/\/leatai.com\/ga\/#\/schema\/logo\/image\/\"},\"telephone\":\"+886-2-8227-8800\",\"legalName\":\"Leatai Stationary Co., Ltd.\",\"description\":\"A leading notebook factory in Taiwan offering bespoke branding, high-quality binding, and premium paper selections for corporate gifts and stationery wholesale.\",\"address\":{\"@type\":\"PostalAddress\",\"streetAddress\":\"11F., No. 168, Jiankang Rd.\",\"addressLocality\":\"Zhonghe Dist.\",\"addressRegion\":\"New Taipei City\",\"postalCode\":\"235\",\"addressCountry\":\"TW\"},\"contactPoint\":{\"@type\":\"ContactPoint\",\"telephone\":\"+886-2-8227-8800\",\"contactType\":\"sales\",\"areaServed\":\"Worldwide\",\"availableLanguage\":[\"zh-TW\",\"en\"]}}]}<\/script>\n<!-- \/ Yoast SEO plugin. -->","yoast_head_json":{"title":"Coaster cup\u00e1in feilte paitinnithe - Leatai \u2013 Monar\u00f3ir Leabhair N\u00f3ta\u00ed Saincheaptha","description":"Tr\u00ed phr\u00f3iseas c\u00f3ire\u00e1la eisiach Leatai, b\u00edonn an dromchla m\u00edn agus cothrom le feice\u00e1il, laghda\u00edtear 90% den ghruaim shn\u00e1ith\u00edneach, n\u00ed fh\u00e1gtar sn\u00e1ith\u00edn\u00ed beagnach ar bith leis an mb\u00e1s-ghearradh, agus n\u00ed bh\u00edonn aon rian cuasach le feice\u00e1il le linn fu\u00e1la. Ag an am c\u00e9anna, nearta\u00edtear an fhriota\u00edocht in aghaidh salachar nach raibh ann roimhe seo; t\u00e1 na dathanna geala agus t\u00e1 an sp\u00e1s cruthaitheachta beagnach gan teorainn.","robots":{"index":"index","follow":"follow","max-snippet":"max-snippet:-1","max-image-preview":"max-image-preview:large","max-video-preview":"max-video-preview:-1"},"canonical":"https:\/\/leatai.com\/ga\/product\/tairgi-bronntanais-agus-leathair\/tairgi-feilt\/coaster-cupain-feilte-paitinnithe\/","og_locale":"ga_IE","og_type":"article","og_title":"Coaster cup\u00e1in feilte paitinnithe - Leatai \u2013 Monar\u00f3ir Leabhair N\u00f3ta\u00ed Saincheaptha","og_description":"Tr\u00ed phr\u00f3iseas c\u00f3ire\u00e1la eisiach Leatai, b\u00edonn an dromchla m\u00edn agus cothrom le feice\u00e1il, laghda\u00edtear 90% den ghruaim shn\u00e1ith\u00edneach, n\u00ed fh\u00e1gtar sn\u00e1ith\u00edn\u00ed beagnach ar bith leis an mb\u00e1s-ghearradh, agus n\u00ed bh\u00edonn aon rian cuasach le feice\u00e1il le linn fu\u00e1la. Ag an am c\u00e9anna, nearta\u00edtear an fhriota\u00edocht in aghaidh salachar nach raibh ann roimhe seo; t\u00e1 na dathanna geala agus t\u00e1 an sp\u00e1s cruthaitheachta beagnach gan teorainn.","og_url":"https:\/\/leatai.com\/ga\/product\/tairgi-bronntanais-agus-leathair\/tairgi-feilt\/coaster-cupain-feilte-paitinnithe\/","og_site_name":"Leatai \u2013 Monar\u00f3ir Leabhair N\u00f3ta\u00ed Saincheaptha","article_modified_time":"2026-01-29T03:32:51+00:00","og_image":[{"width":1000,"height":750,"url":"https:\/\/leatai.com\/wp-content\/uploads\/2016_01_04_1436500.jpg","type":"image\/jpeg"}],"twitter_card":"summary_large_image","twitter_misc":{"Est. reading time":"2 minutes"},"schema":{"@context":"https:\/\/schema.org","@graph":[{"@type":"WebPage","@id":"https:\/\/leatai.com\/ga\/product\/tairgi-bronntanais-agus-leathair\/tairgi-feilt\/coaster-cupain-feilte-paitinnithe\/","url":"https:\/\/leatai.com\/ga\/product\/tairgi-bronntanais-agus-leathair\/tairgi-feilt\/coaster-cupain-feilte-paitinnithe\/","name":"Coaster cup\u00e1in feilte paitinnithe - Leatai \u2013 Monar\u00f3ir Leabhair N\u00f3ta\u00ed Saincheaptha","isPartOf":{"@id":"https:\/\/leatai.com\/ga\/#website"},"primaryImageOfPage":{"@id":"https:\/\/leatai.com\/ga\/product\/tairgi-bronntanais-agus-leathair\/tairgi-feilt\/coaster-cupain-feilte-paitinnithe\/#primaryimage"},"image":{"@id":"https:\/\/leatai.com\/ga\/product\/tairgi-bronntanais-agus-leathair\/tairgi-feilt\/coaster-cupain-feilte-paitinnithe\/#primaryimage"},"thumbnailUrl":"https:\/\/leatai.com\/wp-content\/uploads\/2016_01_04_1436500.jpg","datePublished":"2021-06-24T05:17:56+00:00","dateModified":"2026-01-29T03:32:51+00:00","description":"Tr\u00ed phr\u00f3iseas c\u00f3ire\u00e1la eisiach Leatai, b\u00edonn an dromchla m\u00edn agus cothrom le feice\u00e1il, laghda\u00edtear 90% den ghruaim shn\u00e1ith\u00edneach, n\u00ed fh\u00e1gtar sn\u00e1ith\u00edn\u00ed beagnach ar bith leis an mb\u00e1s-ghearradh, agus n\u00ed bh\u00edonn aon rian cuasach le feice\u00e1il le linn fu\u00e1la. Ag an am c\u00e9anna, nearta\u00edtear an fhriota\u00edocht in aghaidh salachar nach raibh ann roimhe seo; t\u00e1 na dathanna geala agus t\u00e1 an sp\u00e1s cruthaitheachta beagnach gan teorainn.","breadcrumb":{"@id":"https:\/\/leatai.com\/ga\/product\/tairgi-bronntanais-agus-leathair\/tairgi-feilt\/coaster-cupain-feilte-paitinnithe\/#breadcrumb"},"inLanguage":"ga-IE","potentialAction":[{"@type":"ReadAction","target":["https:\/\/leatai.com\/ga\/product\/tairgi-bronntanais-agus-leathair\/tairgi-feilt\/coaster-cupain-feilte-paitinnithe\/"]}]},{"@type":"ImageObject","inLanguage":"ga-IE","@id":"https:\/\/leatai.com\/ga\/product\/tairgi-bronntanais-agus-leathair\/tairgi-feilt\/coaster-cupain-feilte-paitinnithe\/#primaryimage","url":"https:\/\/leatai.com\/wp-content\/uploads\/2016_01_04_1436500.jpg","contentUrl":"https:\/\/leatai.com\/wp-content\/uploads\/2016_01_04_1436500.jpg","width":1000,"height":750},{"@type":"BreadcrumbList","@id":"https:\/\/leatai.com\/ga\/product\/tairgi-bronntanais-agus-leathair\/tairgi-feilt\/coaster-cupain-feilte-paitinnithe\/#breadcrumb","itemListElement":[{"@type":"ListItem","position":1,"name":"Home","item":"https:\/\/leatai.com\/ga\/"},{"@type":"ListItem","position":2,"name":"Cur i l\u00e1thair T\u00e1irg\u00ed","item":"https:\/\/leatai.com\/products\/"},{"@type":"ListItem","position":3,"name":"T\u00e1irg\u00ed Bronntanais agus Leathair","item":"https:\/\/leatai.com\/ga\/product-category\/tairgi-bronntanais-agus-leathair\/"},{"@type":"ListItem","position":4,"name":"T\u00e1irg\u00ed Feilt","item":"https:\/\/leatai.com\/ga\/product-category\/tairgi-bronntanais-agus-leathair\/tairgi-feilt\/"},{"@type":"ListItem","position":5,"name":"Coaster cup\u00e1in feilte paitinnithe"}]},{"@type":"WebSite","@id":"https:\/\/leatai.com\/ga\/#website","url":"https:\/\/leatai.com\/ga\/","name":"Leatai \u2013 Monar\u00f3ir Leabhair N\u00f3ta\u00ed Saincheaptha","description":"Sol\u00e1thra\u00edonn Leatai leabhair n\u00f3ta\u00ed agus plean\u00e1laithe saincheaptha do bhranda\u00ed agus d\u00e1ileoir\u00ed ar fud an domhain.","publisher":{"@id":"https:\/\/leatai.com\/ga\/#organization"},"potentialAction":[{"@type":"SearchAction","target":{"@type":"EntryPoint","urlTemplate":"https:\/\/leatai.com\/ga\/?s={search_term_string}"},"query-input":{"@type":"PropertyValueSpecification","valueRequired":true,"valueName":"search_term_string"}}],"inLanguage":"ga-IE"},{"@type":"Organization","@id":"https:\/\/leatai.com\/ga\/#organization","name":"Leatai Diary, customized journal and business organizer","url":"https:\/\/leatai.com\/ga\/","logo":{"@type":"ImageObject","inLanguage":"ga-IE","@id":"https:\/\/leatai.com\/ga\/#\/schema\/logo\/image\/","url":"https:\/\/leatai.com\/wp-content\/uploads\/logo-blue.png","contentUrl":"https:\/\/leatai.com\/wp-content\/uploads\/logo-blue.png","width":230,"height":60,"caption":"Leatai Diary, customized journal and business organizer"},"image":{"@id":"https:\/\/leatai.com\/ga\/#\/schema\/logo\/image\/"},"telephone":"+886-2-8227-8800","legalName":"Leatai Stationary Co., Ltd.","description":"A leading notebook factory in Taiwan offering bespoke branding, high-quality binding, and premium paper selections for corporate gifts and stationery wholesale.","address":{"@type":"PostalAddress","streetAddress":"11F., No. 168, Jiankang Rd.","addressLocality":"Zhonghe Dist.","addressRegion":"New Taipei City","postalCode":"235","addressCountry":"TW"},"contactPoint":{"@type":"ContactPoint","telephone":"+886-2-8227-8800","contactType":"sales","areaServed":"Worldwide","availableLanguage":["zh-TW","en"]}}]}},"_links":{"self":[{"href":"https:\/\/leatai.com\/ga\/wp-json\/wp\/v2\/product\/265423","targetHints":{"allow":["GET"]}}],"collection":[{"href":"https:\/\/leatai.com\/ga\/wp-json\/wp\/v2\/product"}],"about":[{"href":"https:\/\/leatai.com\/ga\/wp-json\/wp\/v2\/types\/product"}],"wp:featuredmedia":[{"embeddable":true,"href":"https:\/\/leatai.com\/ga\/wp-json\/wp\/v2\/media\/265424"}],"wp:attachment":[{"href":"https:\/\/leatai.com\/ga\/wp-json\/wp\/v2\/media?parent=265423"}],"wp:term":[{"taxonomy":"product_brand","embeddable":true,"href":"https:\/\/leatai.com\/ga\/wp-json\/wp\/v2\/product_brand?post=265423"},{"taxonomy":"product_cat","embeddable":true,"href":"https:\/\/leatai.com\/ga\/wp-json\/wp\/v2\/product_cat?post=265423"},{"taxonomy":"product_tag","embeddable":true,"href":"https:\/\/leatai.com\/ga\/wp-json\/wp\/v2\/product_tag?post=265423"},{"taxonomy":"home_works","embeddable":true,"href":"https:\/\/leatai.com\/ga\/wp-json\/wp\/v2\/home_works?post=265423"}],"curies":[{"name":"wp","href":"https:\/\/api.w.org\/{rel}","templated":true}]}}