{"id":265402,"date":"2021-06-24T13:23:08","date_gmt":"2021-06-24T05:23:08","guid":{"rendered":"https:\/\/leatai.com\/product\/uncategorized\/fior-leathar-sealbhoir-notai-sealbhoir-billi\/"},"modified":"2026-01-29T10:24:45","modified_gmt":"2026-01-29T02:24:45","slug":"fior-leathar-sealbhoir-notai-sealbhoir-billi","status":"publish","type":"product","link":"https:\/\/leatai.com\/ga\/product\/tairgi-bronntanais-agus-leathair\/tairgi-leathair-agus-solathairti-oifige\/fior-leathar-sealbhoir-notai-sealbhoir-billi\/","title":{"rendered":"F\u00edor-leathar \u2013 sealbh\u00f3ir n\u00f3ta\u00ed \u2013 sealbh\u00f3ir bill\u00ed"},"content":{"rendered":"<p>\u00c1bhar: F\u00edor-leathar b\u00f3 allmhairithe<br \/>\nPac\u00e1isti\u00fa: m\u00e1la OPP<\/p>\n<p>Cur s\u00edos ar an t\u00e1irge<\/p>\n<p>Is f\u00e9idir sealbh\u00f3ir\u00ed n\u00f3ta\u00ed, sealbh\u00f3ir\u00ed bill\u00ed, sealbh\u00f3ir\u00ed biachl\u00e1ir, sealbh\u00f3ir\u00ed cuntas, fillte\u00e1in doicim\u00e9ad agus earra\u00ed eile do bhialanna agus d\u2019\u00f3st\u00e1in a th\u00e1irgeadh, gan teorainn do fh\u00edor-leathar n\u00e1 do leathar sint\u00e9iseach. Cuireann Leatai seirbh\u00eds aon-stad ar f\u00e1il \u00f3 dhearadh go t\u00e1irgeadh.<br \/>\nIs f\u00e9idir freisin earra\u00ed leathair f\u00edor eile a shaincheapadh, amhail c\u00e1sanna leathair f\u00edor, spar\u00e1in bhoinn leathair f\u00edor, sealbh\u00f3ir\u00ed pas leathair f\u00edor, sealbh\u00f3ir\u00ed c\u00e1rta\u00ed gn\u00f3 leathair f\u00edor, sealbh\u00f3ir\u00ed c\u00e1rta\u00ed aitheantais leathair f\u00edor agus t\u00e1irg\u00ed leathair \u00e9ags\u00fala eile. F\u00e1ilte roimh fhiosr\u00fach\u00e1in.<\/p>\n","protected":false},"excerpt":{"rendered":"<p>\u00c1bhar: F\u00edor-leathar b\u00f3 allmhairithe Pac\u00e1isti\u00fa: m\u00e1la OPP Cur s\u00edos ar an t\u00e1irge Is f\u00e9idir sealbh\u00f3ir\u00ed n\u00f3ta\u00ed, sealbh\u00f3ir\u00ed bill\u00ed, sealbh\u00f3ir\u00ed biachl\u00e1ir, sealbh\u00f3ir\u00ed cuntas, fillte\u00e1in doicim\u00e9ad agus earra\u00ed eile do bhialanna agus d\u2019\u00f3st\u00e1in a th\u00e1irgeadh, gan teorainn do fh\u00edor-leathar n\u00e1 do leathar sint\u00e9iseach. Cuireann Leatai seirbh\u00eds aon-stad ar f\u00e1il \u00f3 dhearadh go t\u00e1irgeadh. Is f\u00e9idir freisin earra\u00ed [&hellip;]<\/p>\n","protected":false},"featured_media":265403,"template":"","meta":{"_acf_changed":false},"product_brand":[],"product_cat":[1129],"product_tag":[],"home_works":[],"class_list":{"0":"post-265402","1":"product","2":"type-product","3":"status-publish","4":"has-post-thumbnail","6":"product_cat-tairgi-leathair-agus-solathairti-oifige","8":"first","9":"instock","10":"sold-individually","11":"shipping-taxable","12":"purchasable","13":"product-type-simple"},"acf":[],"yoast_head":"<!-- This site is optimized with the Yoast SEO plugin v27.2 - https:\/\/yoast.com\/product\/yoast-seo-wordpress\/ -->\n<title>F\u00edor-leathar \u2013 sealbh\u00f3ir n\u00f3ta\u00ed \u2013 sealbh\u00f3ir bill\u00ed - Leatai \u2013 Monar\u00f3ir Leabhair N\u00f3ta\u00ed Saincheaptha<\/title>\n<meta name=\"description\" content=\"Is fillte\u00e1n doicim\u00e9ad d\u00e9anta as f\u00edor-leathar \u00e9 seo, ullmhaithe go speisialta do chliaint VIP. D\u00e9antar \u00e9 de l\u00e1imh go hioml\u00e1n as p\u00edosa ioml\u00e1n leathair uain, agus seachas a bheith ina ghn\u00e1th-fhillte\u00e1n, is m\u00f3 at\u00e1 s\u00e9 cos\u00fail le saothar eala\u00edne.\" \/>\n<meta name=\"robots\" content=\"index, follow, max-snippet:-1, max-image-preview:large, max-video-preview:-1\" \/>\n<link rel=\"canonical\" href=\"https:\/\/leatai.com\/ga\/product\/tairgi-bronntanais-agus-leathair\/tairgi-leathair-agus-solathairti-oifige\/fior-leathar-sealbhoir-notai-sealbhoir-billi\/\" \/>\n<meta property=\"og:locale\" content=\"ga_IE\" \/>\n<meta property=\"og:type\" content=\"article\" \/>\n<meta property=\"og:title\" content=\"F\u00edor-leathar \u2013 sealbh\u00f3ir n\u00f3ta\u00ed \u2013 sealbh\u00f3ir bill\u00ed - Leatai \u2013 Monar\u00f3ir Leabhair N\u00f3ta\u00ed Saincheaptha\" \/>\n<meta property=\"og:description\" content=\"Is fillte\u00e1n doicim\u00e9ad d\u00e9anta as f\u00edor-leathar \u00e9 seo, ullmhaithe go speisialta do chliaint VIP. D\u00e9antar \u00e9 de l\u00e1imh go hioml\u00e1n as p\u00edosa ioml\u00e1n leathair uain, agus seachas a bheith ina ghn\u00e1th-fhillte\u00e1n, is m\u00f3 at\u00e1 s\u00e9 cos\u00fail le saothar eala\u00edne.\" \/>\n<meta property=\"og:url\" content=\"https:\/\/leatai.com\/ga\/product\/tairgi-bronntanais-agus-leathair\/tairgi-leathair-agus-solathairti-oifige\/fior-leathar-sealbhoir-notai-sealbhoir-billi\/\" \/>\n<meta property=\"og:site_name\" content=\"Leatai \u2013 Monar\u00f3ir Leabhair N\u00f3ta\u00ed Saincheaptha\" \/>\n<meta property=\"article:modified_time\" content=\"2026-01-29T02:24:45+00:00\" \/>\n<meta property=\"og:image\" content=\"https:\/\/leatai.com\/wp-content\/uploads\/2016_01_20_1800460.jpg\" \/>\n\t<meta property=\"og:image:width\" content=\"1000\" \/>\n\t<meta property=\"og:image:height\" content=\"750\" \/>\n\t<meta property=\"og:image:type\" content=\"image\/jpeg\" \/>\n<meta name=\"twitter:card\" content=\"summary_large_image\" \/>\n<meta name=\"twitter:label1\" content=\"Est. reading time\" \/>\n\t<meta name=\"twitter:data1\" content=\"1 minute\" \/>\n<script type=\"application\/ld+json\" class=\"yoast-schema-graph\">{\"@context\":\"https:\/\/schema.org\",\"@graph\":[{\"@type\":\"WebPage\",\"@id\":\"https:\/\/leatai.com\/ga\/product\/tairgi-bronntanais-agus-leathair\/tairgi-leathair-agus-solathairti-oifige\/fior-leathar-sealbhoir-notai-sealbhoir-billi\/\",\"url\":\"https:\/\/leatai.com\/ga\/product\/tairgi-bronntanais-agus-leathair\/tairgi-leathair-agus-solathairti-oifige\/fior-leathar-sealbhoir-notai-sealbhoir-billi\/\",\"name\":\"F\u00edor-leathar \u2013 sealbh\u00f3ir n\u00f3ta\u00ed \u2013 sealbh\u00f3ir bill\u00ed - Leatai \u2013 Monar\u00f3ir Leabhair N\u00f3ta\u00ed Saincheaptha\",\"isPartOf\":{\"@id\":\"https:\/\/leatai.com\/ga\/#website\"},\"primaryImageOfPage\":{\"@id\":\"https:\/\/leatai.com\/ga\/product\/tairgi-bronntanais-agus-leathair\/tairgi-leathair-agus-solathairti-oifige\/fior-leathar-sealbhoir-notai-sealbhoir-billi\/#primaryimage\"},\"image\":{\"@id\":\"https:\/\/leatai.com\/ga\/product\/tairgi-bronntanais-agus-leathair\/tairgi-leathair-agus-solathairti-oifige\/fior-leathar-sealbhoir-notai-sealbhoir-billi\/#primaryimage\"},\"thumbnailUrl\":\"https:\/\/leatai.com\/wp-content\/uploads\/2016_01_20_1800460.jpg\",\"datePublished\":\"2021-06-24T05:23:08+00:00\",\"dateModified\":\"2026-01-29T02:24:45+00:00\",\"description\":\"Is fillte\u00e1n doicim\u00e9ad d\u00e9anta as f\u00edor-leathar \u00e9 seo, ullmhaithe go speisialta do chliaint VIP. D\u00e9antar \u00e9 de l\u00e1imh go hioml\u00e1n as p\u00edosa ioml\u00e1n leathair uain, agus seachas a bheith ina ghn\u00e1th-fhillte\u00e1n, is m\u00f3 at\u00e1 s\u00e9 cos\u00fail le saothar eala\u00edne.\",\"breadcrumb\":{\"@id\":\"https:\/\/leatai.com\/ga\/product\/tairgi-bronntanais-agus-leathair\/tairgi-leathair-agus-solathairti-oifige\/fior-leathar-sealbhoir-notai-sealbhoir-billi\/#breadcrumb\"},\"inLanguage\":\"ga-IE\",\"potentialAction\":[{\"@type\":\"ReadAction\",\"target\":[\"https:\/\/leatai.com\/ga\/product\/tairgi-bronntanais-agus-leathair\/tairgi-leathair-agus-solathairti-oifige\/fior-leathar-sealbhoir-notai-sealbhoir-billi\/\"]}]},{\"@type\":\"ImageObject\",\"inLanguage\":\"ga-IE\",\"@id\":\"https:\/\/leatai.com\/ga\/product\/tairgi-bronntanais-agus-leathair\/tairgi-leathair-agus-solathairti-oifige\/fior-leathar-sealbhoir-notai-sealbhoir-billi\/#primaryimage\",\"url\":\"https:\/\/leatai.com\/wp-content\/uploads\/2016_01_20_1800460.jpg\",\"contentUrl\":\"https:\/\/leatai.com\/wp-content\/uploads\/2016_01_20_1800460.jpg\",\"width\":1000,\"height\":750},{\"@type\":\"BreadcrumbList\",\"@id\":\"https:\/\/leatai.com\/ga\/product\/tairgi-bronntanais-agus-leathair\/tairgi-leathair-agus-solathairti-oifige\/fior-leathar-sealbhoir-notai-sealbhoir-billi\/#breadcrumb\",\"itemListElement\":[{\"@type\":\"ListItem\",\"position\":1,\"name\":\"Home\",\"item\":\"https:\/\/leatai.com\/ga\/\"},{\"@type\":\"ListItem\",\"position\":2,\"name\":\"Cur i l\u00e1thair T\u00e1irg\u00ed\",\"item\":\"https:\/\/leatai.com\/products\/\"},{\"@type\":\"ListItem\",\"position\":3,\"name\":\"T\u00e1irg\u00ed Bronntanais agus Leathair\",\"item\":\"https:\/\/leatai.com\/ga\/product-category\/tairgi-bronntanais-agus-leathair\/\"},{\"@type\":\"ListItem\",\"position\":4,\"name\":\"T\u00e1irg\u00ed leathair agus sol\u00e1thairt\u00ed oifige\",\"item\":\"https:\/\/leatai.com\/ga\/product-category\/tairgi-bronntanais-agus-leathair\/tairgi-leathair-agus-solathairti-oifige\/\"},{\"@type\":\"ListItem\",\"position\":5,\"name\":\"F\u00edor-leathar \u2013 sealbh\u00f3ir n\u00f3ta\u00ed \u2013 sealbh\u00f3ir bill\u00ed\"}]},{\"@type\":\"WebSite\",\"@id\":\"https:\/\/leatai.com\/ga\/#website\",\"url\":\"https:\/\/leatai.com\/ga\/\",\"name\":\"Leatai \u2013 Monar\u00f3ir Leabhair N\u00f3ta\u00ed Saincheaptha\",\"description\":\"Sol\u00e1thra\u00edonn Leatai leabhair n\u00f3ta\u00ed agus plean\u00e1laithe saincheaptha do bhranda\u00ed agus d\u00e1ileoir\u00ed ar fud an domhain.\",\"publisher\":{\"@id\":\"https:\/\/leatai.com\/ga\/#organization\"},\"potentialAction\":[{\"@type\":\"SearchAction\",\"target\":{\"@type\":\"EntryPoint\",\"urlTemplate\":\"https:\/\/leatai.com\/ga\/?s={search_term_string}\"},\"query-input\":{\"@type\":\"PropertyValueSpecification\",\"valueRequired\":true,\"valueName\":\"search_term_string\"}}],\"inLanguage\":\"ga-IE\"},{\"@type\":\"Organization\",\"@id\":\"https:\/\/leatai.com\/ga\/#organization\",\"name\":\"Leatai Diary, customized journal and business organizer\",\"url\":\"https:\/\/leatai.com\/ga\/\",\"logo\":{\"@type\":\"ImageObject\",\"inLanguage\":\"ga-IE\",\"@id\":\"https:\/\/leatai.com\/ga\/#\/schema\/logo\/image\/\",\"url\":\"https:\/\/leatai.com\/wp-content\/uploads\/logo-blue.png\",\"contentUrl\":\"https:\/\/leatai.com\/wp-content\/uploads\/logo-blue.png\",\"width\":230,\"height\":60,\"caption\":\"Leatai Diary, customized journal and business organizer\"},\"image\":{\"@id\":\"https:\/\/leatai.com\/ga\/#\/schema\/logo\/image\/\"}}]}<\/script>\n<!-- \/ Yoast SEO plugin. -->","yoast_head_json":{"title":"F\u00edor-leathar \u2013 sealbh\u00f3ir n\u00f3ta\u00ed \u2013 sealbh\u00f3ir bill\u00ed - Leatai \u2013 Monar\u00f3ir Leabhair N\u00f3ta\u00ed Saincheaptha","description":"Is fillte\u00e1n doicim\u00e9ad d\u00e9anta as f\u00edor-leathar \u00e9 seo, ullmhaithe go speisialta do chliaint VIP. D\u00e9antar \u00e9 de l\u00e1imh go hioml\u00e1n as p\u00edosa ioml\u00e1n leathair uain, agus seachas a bheith ina ghn\u00e1th-fhillte\u00e1n, is m\u00f3 at\u00e1 s\u00e9 cos\u00fail le saothar eala\u00edne.","robots":{"index":"index","follow":"follow","max-snippet":"max-snippet:-1","max-image-preview":"max-image-preview:large","max-video-preview":"max-video-preview:-1"},"canonical":"https:\/\/leatai.com\/ga\/product\/tairgi-bronntanais-agus-leathair\/tairgi-leathair-agus-solathairti-oifige\/fior-leathar-sealbhoir-notai-sealbhoir-billi\/","og_locale":"ga_IE","og_type":"article","og_title":"F\u00edor-leathar \u2013 sealbh\u00f3ir n\u00f3ta\u00ed \u2013 sealbh\u00f3ir bill\u00ed - Leatai \u2013 Monar\u00f3ir Leabhair N\u00f3ta\u00ed Saincheaptha","og_description":"Is fillte\u00e1n doicim\u00e9ad d\u00e9anta as f\u00edor-leathar \u00e9 seo, ullmhaithe go speisialta do chliaint VIP. D\u00e9antar \u00e9 de l\u00e1imh go hioml\u00e1n as p\u00edosa ioml\u00e1n leathair uain, agus seachas a bheith ina ghn\u00e1th-fhillte\u00e1n, is m\u00f3 at\u00e1 s\u00e9 cos\u00fail le saothar eala\u00edne.","og_url":"https:\/\/leatai.com\/ga\/product\/tairgi-bronntanais-agus-leathair\/tairgi-leathair-agus-solathairti-oifige\/fior-leathar-sealbhoir-notai-sealbhoir-billi\/","og_site_name":"Leatai \u2013 Monar\u00f3ir Leabhair N\u00f3ta\u00ed Saincheaptha","article_modified_time":"2026-01-29T02:24:45+00:00","og_image":[{"width":1000,"height":750,"url":"https:\/\/leatai.com\/wp-content\/uploads\/2016_01_20_1800460.jpg","type":"image\/jpeg"}],"twitter_card":"summary_large_image","twitter_misc":{"Est. reading time":"1 minute"},"schema":{"@context":"https:\/\/schema.org","@graph":[{"@type":"WebPage","@id":"https:\/\/leatai.com\/ga\/product\/tairgi-bronntanais-agus-leathair\/tairgi-leathair-agus-solathairti-oifige\/fior-leathar-sealbhoir-notai-sealbhoir-billi\/","url":"https:\/\/leatai.com\/ga\/product\/tairgi-bronntanais-agus-leathair\/tairgi-leathair-agus-solathairti-oifige\/fior-leathar-sealbhoir-notai-sealbhoir-billi\/","name":"F\u00edor-leathar \u2013 sealbh\u00f3ir n\u00f3ta\u00ed \u2013 sealbh\u00f3ir bill\u00ed - Leatai \u2013 Monar\u00f3ir Leabhair N\u00f3ta\u00ed Saincheaptha","isPartOf":{"@id":"https:\/\/leatai.com\/ga\/#website"},"primaryImageOfPage":{"@id":"https:\/\/leatai.com\/ga\/product\/tairgi-bronntanais-agus-leathair\/tairgi-leathair-agus-solathairti-oifige\/fior-leathar-sealbhoir-notai-sealbhoir-billi\/#primaryimage"},"image":{"@id":"https:\/\/leatai.com\/ga\/product\/tairgi-bronntanais-agus-leathair\/tairgi-leathair-agus-solathairti-oifige\/fior-leathar-sealbhoir-notai-sealbhoir-billi\/#primaryimage"},"thumbnailUrl":"https:\/\/leatai.com\/wp-content\/uploads\/2016_01_20_1800460.jpg","datePublished":"2021-06-24T05:23:08+00:00","dateModified":"2026-01-29T02:24:45+00:00","description":"Is fillte\u00e1n doicim\u00e9ad d\u00e9anta as f\u00edor-leathar \u00e9 seo, ullmhaithe go speisialta do chliaint VIP. D\u00e9antar \u00e9 de l\u00e1imh go hioml\u00e1n as p\u00edosa ioml\u00e1n leathair uain, agus seachas a bheith ina ghn\u00e1th-fhillte\u00e1n, is m\u00f3 at\u00e1 s\u00e9 cos\u00fail le saothar eala\u00edne.","breadcrumb":{"@id":"https:\/\/leatai.com\/ga\/product\/tairgi-bronntanais-agus-leathair\/tairgi-leathair-agus-solathairti-oifige\/fior-leathar-sealbhoir-notai-sealbhoir-billi\/#breadcrumb"},"inLanguage":"ga-IE","potentialAction":[{"@type":"ReadAction","target":["https:\/\/leatai.com\/ga\/product\/tairgi-bronntanais-agus-leathair\/tairgi-leathair-agus-solathairti-oifige\/fior-leathar-sealbhoir-notai-sealbhoir-billi\/"]}]},{"@type":"ImageObject","inLanguage":"ga-IE","@id":"https:\/\/leatai.com\/ga\/product\/tairgi-bronntanais-agus-leathair\/tairgi-leathair-agus-solathairti-oifige\/fior-leathar-sealbhoir-notai-sealbhoir-billi\/#primaryimage","url":"https:\/\/leatai.com\/wp-content\/uploads\/2016_01_20_1800460.jpg","contentUrl":"https:\/\/leatai.com\/wp-content\/uploads\/2016_01_20_1800460.jpg","width":1000,"height":750},{"@type":"BreadcrumbList","@id":"https:\/\/leatai.com\/ga\/product\/tairgi-bronntanais-agus-leathair\/tairgi-leathair-agus-solathairti-oifige\/fior-leathar-sealbhoir-notai-sealbhoir-billi\/#breadcrumb","itemListElement":[{"@type":"ListItem","position":1,"name":"Home","item":"https:\/\/leatai.com\/ga\/"},{"@type":"ListItem","position":2,"name":"Cur i l\u00e1thair T\u00e1irg\u00ed","item":"https:\/\/leatai.com\/products\/"},{"@type":"ListItem","position":3,"name":"T\u00e1irg\u00ed Bronntanais agus Leathair","item":"https:\/\/leatai.com\/ga\/product-category\/tairgi-bronntanais-agus-leathair\/"},{"@type":"ListItem","position":4,"name":"T\u00e1irg\u00ed leathair agus sol\u00e1thairt\u00ed oifige","item":"https:\/\/leatai.com\/ga\/product-category\/tairgi-bronntanais-agus-leathair\/tairgi-leathair-agus-solathairti-oifige\/"},{"@type":"ListItem","position":5,"name":"F\u00edor-leathar \u2013 sealbh\u00f3ir n\u00f3ta\u00ed \u2013 sealbh\u00f3ir bill\u00ed"}]},{"@type":"WebSite","@id":"https:\/\/leatai.com\/ga\/#website","url":"https:\/\/leatai.com\/ga\/","name":"Leatai \u2013 Monar\u00f3ir Leabhair N\u00f3ta\u00ed Saincheaptha","description":"Sol\u00e1thra\u00edonn Leatai leabhair n\u00f3ta\u00ed agus plean\u00e1laithe saincheaptha do bhranda\u00ed agus d\u00e1ileoir\u00ed ar fud an domhain.","publisher":{"@id":"https:\/\/leatai.com\/ga\/#organization"},"potentialAction":[{"@type":"SearchAction","target":{"@type":"EntryPoint","urlTemplate":"https:\/\/leatai.com\/ga\/?s={search_term_string}"},"query-input":{"@type":"PropertyValueSpecification","valueRequired":true,"valueName":"search_term_string"}}],"inLanguage":"ga-IE"},{"@type":"Organization","@id":"https:\/\/leatai.com\/ga\/#organization","name":"Leatai Diary, customized journal and business organizer","url":"https:\/\/leatai.com\/ga\/","logo":{"@type":"ImageObject","inLanguage":"ga-IE","@id":"https:\/\/leatai.com\/ga\/#\/schema\/logo\/image\/","url":"https:\/\/leatai.com\/wp-content\/uploads\/logo-blue.png","contentUrl":"https:\/\/leatai.com\/wp-content\/uploads\/logo-blue.png","width":230,"height":60,"caption":"Leatai Diary, customized journal and business organizer"},"image":{"@id":"https:\/\/leatai.com\/ga\/#\/schema\/logo\/image\/"}}]}},"_links":{"self":[{"href":"https:\/\/leatai.com\/ga\/wp-json\/wp\/v2\/product\/265402","targetHints":{"allow":["GET"]}}],"collection":[{"href":"https:\/\/leatai.com\/ga\/wp-json\/wp\/v2\/product"}],"about":[{"href":"https:\/\/leatai.com\/ga\/wp-json\/wp\/v2\/types\/product"}],"wp:featuredmedia":[{"embeddable":true,"href":"https:\/\/leatai.com\/ga\/wp-json\/wp\/v2\/media\/265403"}],"wp:attachment":[{"href":"https:\/\/leatai.com\/ga\/wp-json\/wp\/v2\/media?parent=265402"}],"wp:term":[{"taxonomy":"product_brand","embeddable":true,"href":"https:\/\/leatai.com\/ga\/wp-json\/wp\/v2\/product_brand?post=265402"},{"taxonomy":"product_cat","embeddable":true,"href":"https:\/\/leatai.com\/ga\/wp-json\/wp\/v2\/product_cat?post=265402"},{"taxonomy":"product_tag","embeddable":true,"href":"https:\/\/leatai.com\/ga\/wp-json\/wp\/v2\/product_tag?post=265402"},{"taxonomy":"home_works","embeddable":true,"href":"https:\/\/leatai.com\/ga\/wp-json\/wp\/v2\/home_works?post=265402"}],"curies":[{"name":"wp","href":"https:\/\/api.w.org\/{rel}","templated":true}]}}