{"id":265396,"date":"2021-06-24T13:23:08","date_gmt":"2021-06-24T05:23:08","guid":{"rendered":"https:\/\/leatai.com\/product\/uncategorized\/puitsin-boinn-leathair-fhior-le-mothu-lamhdheanta\/"},"modified":"2026-01-29T10:23:32","modified_gmt":"2026-01-29T02:23:32","slug":"puitsin-boinn-leathair-fhior-le-mothu-lamhdheanta","status":"publish","type":"product","link":"https:\/\/leatai.com\/ga\/product\/tairgi-bronntanais-agus-leathair\/tairgi-leathair-agus-solathairti-oifige\/puitsin-boinn-leathair-fhior-le-mothu-lamhdheanta\/","title":{"rendered":"P\u00faits\u00edn boinn leathair fh\u00edor le moth\u00fa l\u00e1mhdh\u00e9anta"},"content":{"rendered":"<p>\u00c1bhar: F\u00edor-leathar b\u00f3 allmhairithe<br \/>\nPac\u00e1isti\u00fa: m\u00e1la OPP<\/p>\n<p>Cur s\u00edos ar an t\u00e1irge<\/p>\n<p>T\u00e1 an sampla sna grianghraif fu\u00e1ilte de l\u00e1imh le sn\u00e1ithe c\u00e9irithe. Le haghaidh ollt\u00e1irgthe, \u00fas\u00e1idfear fu\u00e1il mheais\u00edn le sn\u00e1ithe n\u00edos tiubha chun n\u00edos m\u00f3 mionsonra\u00ed agus sofaistici\u00falachta a chur leis.<br \/>\nIs f\u00e9idir gearrth\u00f3ga n\u00f3ta\u00ed, gearrth\u00f3ga bill\u00ed, gearrth\u00f3ga biachl\u00e1ir, gearrth\u00f3ga cuntas, fillte\u00e1in doicim\u00e9ad agus earra\u00ed eile do bhialanna agus d\u2019\u00f3st\u00e1in a th\u00e1irgeadh, b\u00edodh siad d\u00e9anta as f\u00edor-leathar n\u00f3 as leathar sint\u00e9iseach. Cuireann Leatai seirbh\u00eds dearadh agus t\u00e1irgthe aon-stad ar f\u00e1il.<br \/>\nIs f\u00e9idir freisin earra\u00ed leathair f\u00edor eile a shaincheapadh, ar n\u00f3s c\u00e1sanna leathair, spar\u00e1n boinn leathair, cl\u00fadaigh phas leathair, sealbh\u00f3ir\u00ed c\u00e1rta\u00ed gn\u00f3 leathair, sealbh\u00f3ir\u00ed c\u00e1rta\u00ed aitheantais leathair agus t\u00e1irg\u00ed leathair \u00e9ags\u00fala eile. F\u00e1ilte roimh fhiosr\u00fach\u00e1in.<\/p>\n","protected":false},"excerpt":{"rendered":"<p>\u00c1bhar: F\u00edor-leathar b\u00f3 allmhairithe Pac\u00e1isti\u00fa: m\u00e1la OPP Cur s\u00edos ar an t\u00e1irge T\u00e1 an sampla sna grianghraif fu\u00e1ilte de l\u00e1imh le sn\u00e1ithe c\u00e9irithe. Le haghaidh ollt\u00e1irgthe, \u00fas\u00e1idfear fu\u00e1il mheais\u00edn le sn\u00e1ithe n\u00edos tiubha chun n\u00edos m\u00f3 mionsonra\u00ed agus sofaistici\u00falachta a chur leis. Is f\u00e9idir gearrth\u00f3ga n\u00f3ta\u00ed, gearrth\u00f3ga bill\u00ed, gearrth\u00f3ga biachl\u00e1ir, gearrth\u00f3ga cuntas, fillte\u00e1in doicim\u00e9ad agus [&hellip;]<\/p>\n","protected":false},"featured_media":265397,"template":"","meta":{"_acf_changed":false},"product_brand":[],"product_cat":[1129],"product_tag":[],"home_works":[],"class_list":{"0":"post-265396","1":"product","2":"type-product","3":"status-publish","4":"has-post-thumbnail","6":"product_cat-tairgi-leathair-agus-solathairti-oifige","8":"first","9":"instock","10":"sold-individually","11":"shipping-taxable","12":"purchasable","13":"product-type-simple"},"acf":[],"yoast_head":"<!-- This site is optimized with the Yoast SEO plugin v27.2 - https:\/\/yoast.com\/product\/yoast-seo-wordpress\/ -->\n<title>P\u00faits\u00edn boinn leathair fh\u00edor le moth\u00fa l\u00e1mhdh\u00e9anta - Leatai \u2013 Monar\u00f3ir Leabhair N\u00f3ta\u00ed Saincheaptha<\/title>\n<meta name=\"description\" content=\"Spar\u00e1n boinn d\u00e9anta as f\u00edor-leathar, a chuireann go h\u00e1irithe b\u00e9im ar uigeacht an l\u00e1mhdh\u00e9anta. Is f\u00e9idir cruthanna \u00e9ags\u00fala a shaincheapadh de r\u00e9ir riachtanas, t\u00e1irge f\u00edor-leathair at\u00e1 d\u00e9anta go hioml\u00e1n de l\u00e1imh.\" \/>\n<meta name=\"robots\" content=\"index, follow, max-snippet:-1, max-image-preview:large, max-video-preview:-1\" \/>\n<link rel=\"canonical\" href=\"https:\/\/leatai.com\/ga\/product\/tairgi-bronntanais-agus-leathair\/tairgi-leathair-agus-solathairti-oifige\/puitsin-boinn-leathair-fhior-le-mothu-lamhdheanta\/\" \/>\n<meta property=\"og:locale\" content=\"ga_IE\" \/>\n<meta property=\"og:type\" content=\"article\" \/>\n<meta property=\"og:title\" content=\"P\u00faits\u00edn boinn leathair fh\u00edor le moth\u00fa l\u00e1mhdh\u00e9anta - Leatai \u2013 Monar\u00f3ir Leabhair N\u00f3ta\u00ed Saincheaptha\" \/>\n<meta property=\"og:description\" content=\"Spar\u00e1n boinn d\u00e9anta as f\u00edor-leathar, a chuireann go h\u00e1irithe b\u00e9im ar uigeacht an l\u00e1mhdh\u00e9anta. Is f\u00e9idir cruthanna \u00e9ags\u00fala a shaincheapadh de r\u00e9ir riachtanas, t\u00e1irge f\u00edor-leathair at\u00e1 d\u00e9anta go hioml\u00e1n de l\u00e1imh.\" \/>\n<meta property=\"og:url\" content=\"https:\/\/leatai.com\/ga\/product\/tairgi-bronntanais-agus-leathair\/tairgi-leathair-agus-solathairti-oifige\/puitsin-boinn-leathair-fhior-le-mothu-lamhdheanta\/\" \/>\n<meta property=\"og:site_name\" content=\"Leatai \u2013 Monar\u00f3ir Leabhair N\u00f3ta\u00ed Saincheaptha\" \/>\n<meta property=\"article:modified_time\" content=\"2026-01-29T02:23:32+00:00\" \/>\n<meta property=\"og:image\" content=\"https:\/\/leatai.com\/wp-content\/uploads\/2016_01_20_1759070.jpg\" \/>\n\t<meta property=\"og:image:width\" content=\"1000\" \/>\n\t<meta property=\"og:image:height\" content=\"750\" \/>\n\t<meta property=\"og:image:type\" content=\"image\/jpeg\" \/>\n<meta name=\"twitter:card\" content=\"summary_large_image\" \/>\n<meta name=\"twitter:label1\" content=\"Est. reading time\" \/>\n\t<meta name=\"twitter:data1\" content=\"1 minute\" \/>\n<script type=\"application\/ld+json\" class=\"yoast-schema-graph\">{\"@context\":\"https:\/\/schema.org\",\"@graph\":[{\"@type\":\"WebPage\",\"@id\":\"https:\/\/leatai.com\/ga\/product\/tairgi-bronntanais-agus-leathair\/tairgi-leathair-agus-solathairti-oifige\/puitsin-boinn-leathair-fhior-le-mothu-lamhdheanta\/\",\"url\":\"https:\/\/leatai.com\/ga\/product\/tairgi-bronntanais-agus-leathair\/tairgi-leathair-agus-solathairti-oifige\/puitsin-boinn-leathair-fhior-le-mothu-lamhdheanta\/\",\"name\":\"P\u00faits\u00edn boinn leathair fh\u00edor le moth\u00fa l\u00e1mhdh\u00e9anta - Leatai \u2013 Monar\u00f3ir Leabhair N\u00f3ta\u00ed Saincheaptha\",\"isPartOf\":{\"@id\":\"https:\/\/leatai.com\/ga\/#website\"},\"primaryImageOfPage\":{\"@id\":\"https:\/\/leatai.com\/ga\/product\/tairgi-bronntanais-agus-leathair\/tairgi-leathair-agus-solathairti-oifige\/puitsin-boinn-leathair-fhior-le-mothu-lamhdheanta\/#primaryimage\"},\"image\":{\"@id\":\"https:\/\/leatai.com\/ga\/product\/tairgi-bronntanais-agus-leathair\/tairgi-leathair-agus-solathairti-oifige\/puitsin-boinn-leathair-fhior-le-mothu-lamhdheanta\/#primaryimage\"},\"thumbnailUrl\":\"https:\/\/leatai.com\/wp-content\/uploads\/2016_01_20_1759070.jpg\",\"datePublished\":\"2021-06-24T05:23:08+00:00\",\"dateModified\":\"2026-01-29T02:23:32+00:00\",\"description\":\"Spar\u00e1n boinn d\u00e9anta as f\u00edor-leathar, a chuireann go h\u00e1irithe b\u00e9im ar uigeacht an l\u00e1mhdh\u00e9anta. Is f\u00e9idir cruthanna \u00e9ags\u00fala a shaincheapadh de r\u00e9ir riachtanas, t\u00e1irge f\u00edor-leathair at\u00e1 d\u00e9anta go hioml\u00e1n de l\u00e1imh.\",\"breadcrumb\":{\"@id\":\"https:\/\/leatai.com\/ga\/product\/tairgi-bronntanais-agus-leathair\/tairgi-leathair-agus-solathairti-oifige\/puitsin-boinn-leathair-fhior-le-mothu-lamhdheanta\/#breadcrumb\"},\"inLanguage\":\"ga-IE\",\"potentialAction\":[{\"@type\":\"ReadAction\",\"target\":[\"https:\/\/leatai.com\/ga\/product\/tairgi-bronntanais-agus-leathair\/tairgi-leathair-agus-solathairti-oifige\/puitsin-boinn-leathair-fhior-le-mothu-lamhdheanta\/\"]}]},{\"@type\":\"ImageObject\",\"inLanguage\":\"ga-IE\",\"@id\":\"https:\/\/leatai.com\/ga\/product\/tairgi-bronntanais-agus-leathair\/tairgi-leathair-agus-solathairti-oifige\/puitsin-boinn-leathair-fhior-le-mothu-lamhdheanta\/#primaryimage\",\"url\":\"https:\/\/leatai.com\/wp-content\/uploads\/2016_01_20_1759070.jpg\",\"contentUrl\":\"https:\/\/leatai.com\/wp-content\/uploads\/2016_01_20_1759070.jpg\",\"width\":1000,\"height\":750},{\"@type\":\"BreadcrumbList\",\"@id\":\"https:\/\/leatai.com\/ga\/product\/tairgi-bronntanais-agus-leathair\/tairgi-leathair-agus-solathairti-oifige\/puitsin-boinn-leathair-fhior-le-mothu-lamhdheanta\/#breadcrumb\",\"itemListElement\":[{\"@type\":\"ListItem\",\"position\":1,\"name\":\"Home\",\"item\":\"https:\/\/leatai.com\/ga\/\"},{\"@type\":\"ListItem\",\"position\":2,\"name\":\"Cur i l\u00e1thair T\u00e1irg\u00ed\",\"item\":\"https:\/\/leatai.com\/products\/\"},{\"@type\":\"ListItem\",\"position\":3,\"name\":\"T\u00e1irg\u00ed Bronntanais agus Leathair\",\"item\":\"https:\/\/leatai.com\/ga\/product-category\/tairgi-bronntanais-agus-leathair\/\"},{\"@type\":\"ListItem\",\"position\":4,\"name\":\"T\u00e1irg\u00ed leathair agus sol\u00e1thairt\u00ed oifige\",\"item\":\"https:\/\/leatai.com\/ga\/product-category\/tairgi-bronntanais-agus-leathair\/tairgi-leathair-agus-solathairti-oifige\/\"},{\"@type\":\"ListItem\",\"position\":5,\"name\":\"P\u00faits\u00edn boinn leathair fh\u00edor le moth\u00fa l\u00e1mhdh\u00e9anta\"}]},{\"@type\":\"WebSite\",\"@id\":\"https:\/\/leatai.com\/ga\/#website\",\"url\":\"https:\/\/leatai.com\/ga\/\",\"name\":\"Leatai \u2013 Monar\u00f3ir Leabhair N\u00f3ta\u00ed Saincheaptha\",\"description\":\"Sol\u00e1thra\u00edonn Leatai leabhair n\u00f3ta\u00ed agus plean\u00e1laithe saincheaptha do bhranda\u00ed agus d\u00e1ileoir\u00ed ar fud an domhain.\",\"publisher\":{\"@id\":\"https:\/\/leatai.com\/ga\/#organization\"},\"potentialAction\":[{\"@type\":\"SearchAction\",\"target\":{\"@type\":\"EntryPoint\",\"urlTemplate\":\"https:\/\/leatai.com\/ga\/?s={search_term_string}\"},\"query-input\":{\"@type\":\"PropertyValueSpecification\",\"valueRequired\":true,\"valueName\":\"search_term_string\"}}],\"inLanguage\":\"ga-IE\"},{\"@type\":\"Organization\",\"@id\":\"https:\/\/leatai.com\/ga\/#organization\",\"name\":\"Leatai Diary, customized journal and business organizer\",\"url\":\"https:\/\/leatai.com\/ga\/\",\"logo\":{\"@type\":\"ImageObject\",\"inLanguage\":\"ga-IE\",\"@id\":\"https:\/\/leatai.com\/ga\/#\/schema\/logo\/image\/\",\"url\":\"https:\/\/leatai.com\/wp-content\/uploads\/logo-blue.png\",\"contentUrl\":\"https:\/\/leatai.com\/wp-content\/uploads\/logo-blue.png\",\"width\":230,\"height\":60,\"caption\":\"Leatai Diary, customized journal and business organizer\"},\"image\":{\"@id\":\"https:\/\/leatai.com\/ga\/#\/schema\/logo\/image\/\"}}]}<\/script>\n<!-- \/ Yoast SEO plugin. -->","yoast_head_json":{"title":"P\u00faits\u00edn boinn leathair fh\u00edor le moth\u00fa l\u00e1mhdh\u00e9anta - Leatai \u2013 Monar\u00f3ir Leabhair N\u00f3ta\u00ed Saincheaptha","description":"Spar\u00e1n boinn d\u00e9anta as f\u00edor-leathar, a chuireann go h\u00e1irithe b\u00e9im ar uigeacht an l\u00e1mhdh\u00e9anta. Is f\u00e9idir cruthanna \u00e9ags\u00fala a shaincheapadh de r\u00e9ir riachtanas, t\u00e1irge f\u00edor-leathair at\u00e1 d\u00e9anta go hioml\u00e1n de l\u00e1imh.","robots":{"index":"index","follow":"follow","max-snippet":"max-snippet:-1","max-image-preview":"max-image-preview:large","max-video-preview":"max-video-preview:-1"},"canonical":"https:\/\/leatai.com\/ga\/product\/tairgi-bronntanais-agus-leathair\/tairgi-leathair-agus-solathairti-oifige\/puitsin-boinn-leathair-fhior-le-mothu-lamhdheanta\/","og_locale":"ga_IE","og_type":"article","og_title":"P\u00faits\u00edn boinn leathair fh\u00edor le moth\u00fa l\u00e1mhdh\u00e9anta - Leatai \u2013 Monar\u00f3ir Leabhair N\u00f3ta\u00ed Saincheaptha","og_description":"Spar\u00e1n boinn d\u00e9anta as f\u00edor-leathar, a chuireann go h\u00e1irithe b\u00e9im ar uigeacht an l\u00e1mhdh\u00e9anta. Is f\u00e9idir cruthanna \u00e9ags\u00fala a shaincheapadh de r\u00e9ir riachtanas, t\u00e1irge f\u00edor-leathair at\u00e1 d\u00e9anta go hioml\u00e1n de l\u00e1imh.","og_url":"https:\/\/leatai.com\/ga\/product\/tairgi-bronntanais-agus-leathair\/tairgi-leathair-agus-solathairti-oifige\/puitsin-boinn-leathair-fhior-le-mothu-lamhdheanta\/","og_site_name":"Leatai \u2013 Monar\u00f3ir Leabhair N\u00f3ta\u00ed Saincheaptha","article_modified_time":"2026-01-29T02:23:32+00:00","og_image":[{"width":1000,"height":750,"url":"https:\/\/leatai.com\/wp-content\/uploads\/2016_01_20_1759070.jpg","type":"image\/jpeg"}],"twitter_card":"summary_large_image","twitter_misc":{"Est. reading time":"1 minute"},"schema":{"@context":"https:\/\/schema.org","@graph":[{"@type":"WebPage","@id":"https:\/\/leatai.com\/ga\/product\/tairgi-bronntanais-agus-leathair\/tairgi-leathair-agus-solathairti-oifige\/puitsin-boinn-leathair-fhior-le-mothu-lamhdheanta\/","url":"https:\/\/leatai.com\/ga\/product\/tairgi-bronntanais-agus-leathair\/tairgi-leathair-agus-solathairti-oifige\/puitsin-boinn-leathair-fhior-le-mothu-lamhdheanta\/","name":"P\u00faits\u00edn boinn leathair fh\u00edor le moth\u00fa l\u00e1mhdh\u00e9anta - Leatai \u2013 Monar\u00f3ir Leabhair N\u00f3ta\u00ed Saincheaptha","isPartOf":{"@id":"https:\/\/leatai.com\/ga\/#website"},"primaryImageOfPage":{"@id":"https:\/\/leatai.com\/ga\/product\/tairgi-bronntanais-agus-leathair\/tairgi-leathair-agus-solathairti-oifige\/puitsin-boinn-leathair-fhior-le-mothu-lamhdheanta\/#primaryimage"},"image":{"@id":"https:\/\/leatai.com\/ga\/product\/tairgi-bronntanais-agus-leathair\/tairgi-leathair-agus-solathairti-oifige\/puitsin-boinn-leathair-fhior-le-mothu-lamhdheanta\/#primaryimage"},"thumbnailUrl":"https:\/\/leatai.com\/wp-content\/uploads\/2016_01_20_1759070.jpg","datePublished":"2021-06-24T05:23:08+00:00","dateModified":"2026-01-29T02:23:32+00:00","description":"Spar\u00e1n boinn d\u00e9anta as f\u00edor-leathar, a chuireann go h\u00e1irithe b\u00e9im ar uigeacht an l\u00e1mhdh\u00e9anta. Is f\u00e9idir cruthanna \u00e9ags\u00fala a shaincheapadh de r\u00e9ir riachtanas, t\u00e1irge f\u00edor-leathair at\u00e1 d\u00e9anta go hioml\u00e1n de l\u00e1imh.","breadcrumb":{"@id":"https:\/\/leatai.com\/ga\/product\/tairgi-bronntanais-agus-leathair\/tairgi-leathair-agus-solathairti-oifige\/puitsin-boinn-leathair-fhior-le-mothu-lamhdheanta\/#breadcrumb"},"inLanguage":"ga-IE","potentialAction":[{"@type":"ReadAction","target":["https:\/\/leatai.com\/ga\/product\/tairgi-bronntanais-agus-leathair\/tairgi-leathair-agus-solathairti-oifige\/puitsin-boinn-leathair-fhior-le-mothu-lamhdheanta\/"]}]},{"@type":"ImageObject","inLanguage":"ga-IE","@id":"https:\/\/leatai.com\/ga\/product\/tairgi-bronntanais-agus-leathair\/tairgi-leathair-agus-solathairti-oifige\/puitsin-boinn-leathair-fhior-le-mothu-lamhdheanta\/#primaryimage","url":"https:\/\/leatai.com\/wp-content\/uploads\/2016_01_20_1759070.jpg","contentUrl":"https:\/\/leatai.com\/wp-content\/uploads\/2016_01_20_1759070.jpg","width":1000,"height":750},{"@type":"BreadcrumbList","@id":"https:\/\/leatai.com\/ga\/product\/tairgi-bronntanais-agus-leathair\/tairgi-leathair-agus-solathairti-oifige\/puitsin-boinn-leathair-fhior-le-mothu-lamhdheanta\/#breadcrumb","itemListElement":[{"@type":"ListItem","position":1,"name":"Home","item":"https:\/\/leatai.com\/ga\/"},{"@type":"ListItem","position":2,"name":"Cur i l\u00e1thair T\u00e1irg\u00ed","item":"https:\/\/leatai.com\/products\/"},{"@type":"ListItem","position":3,"name":"T\u00e1irg\u00ed Bronntanais agus Leathair","item":"https:\/\/leatai.com\/ga\/product-category\/tairgi-bronntanais-agus-leathair\/"},{"@type":"ListItem","position":4,"name":"T\u00e1irg\u00ed leathair agus sol\u00e1thairt\u00ed oifige","item":"https:\/\/leatai.com\/ga\/product-category\/tairgi-bronntanais-agus-leathair\/tairgi-leathair-agus-solathairti-oifige\/"},{"@type":"ListItem","position":5,"name":"P\u00faits\u00edn boinn leathair fh\u00edor le moth\u00fa l\u00e1mhdh\u00e9anta"}]},{"@type":"WebSite","@id":"https:\/\/leatai.com\/ga\/#website","url":"https:\/\/leatai.com\/ga\/","name":"Leatai \u2013 Monar\u00f3ir Leabhair N\u00f3ta\u00ed Saincheaptha","description":"Sol\u00e1thra\u00edonn Leatai leabhair n\u00f3ta\u00ed agus plean\u00e1laithe saincheaptha do bhranda\u00ed agus d\u00e1ileoir\u00ed ar fud an domhain.","publisher":{"@id":"https:\/\/leatai.com\/ga\/#organization"},"potentialAction":[{"@type":"SearchAction","target":{"@type":"EntryPoint","urlTemplate":"https:\/\/leatai.com\/ga\/?s={search_term_string}"},"query-input":{"@type":"PropertyValueSpecification","valueRequired":true,"valueName":"search_term_string"}}],"inLanguage":"ga-IE"},{"@type":"Organization","@id":"https:\/\/leatai.com\/ga\/#organization","name":"Leatai Diary, customized journal and business organizer","url":"https:\/\/leatai.com\/ga\/","logo":{"@type":"ImageObject","inLanguage":"ga-IE","@id":"https:\/\/leatai.com\/ga\/#\/schema\/logo\/image\/","url":"https:\/\/leatai.com\/wp-content\/uploads\/logo-blue.png","contentUrl":"https:\/\/leatai.com\/wp-content\/uploads\/logo-blue.png","width":230,"height":60,"caption":"Leatai Diary, customized journal and business organizer"},"image":{"@id":"https:\/\/leatai.com\/ga\/#\/schema\/logo\/image\/"}}]}},"_links":{"self":[{"href":"https:\/\/leatai.com\/ga\/wp-json\/wp\/v2\/product\/265396","targetHints":{"allow":["GET"]}}],"collection":[{"href":"https:\/\/leatai.com\/ga\/wp-json\/wp\/v2\/product"}],"about":[{"href":"https:\/\/leatai.com\/ga\/wp-json\/wp\/v2\/types\/product"}],"wp:featuredmedia":[{"embeddable":true,"href":"https:\/\/leatai.com\/ga\/wp-json\/wp\/v2\/media\/265397"}],"wp:attachment":[{"href":"https:\/\/leatai.com\/ga\/wp-json\/wp\/v2\/media?parent=265396"}],"wp:term":[{"taxonomy":"product_brand","embeddable":true,"href":"https:\/\/leatai.com\/ga\/wp-json\/wp\/v2\/product_brand?post=265396"},{"taxonomy":"product_cat","embeddable":true,"href":"https:\/\/leatai.com\/ga\/wp-json\/wp\/v2\/product_cat?post=265396"},{"taxonomy":"product_tag","embeddable":true,"href":"https:\/\/leatai.com\/ga\/wp-json\/wp\/v2\/product_tag?post=265396"},{"taxonomy":"home_works","embeddable":true,"href":"https:\/\/leatai.com\/ga\/wp-json\/wp\/v2\/home_works?post=265396"}],"curies":[{"name":"wp","href":"https:\/\/api.w.org\/{rel}","templated":true}]}}