{"id":265393,"date":"2021-06-24T13:23:31","date_gmt":"2021-06-24T05:23:31","guid":{"rendered":"https:\/\/leatai.com\/product\/uncategorized\/memo-pad\/"},"modified":"2026-01-29T10:22:14","modified_gmt":"2026-01-29T02:22:14","slug":"memo-pad","status":"publish","type":"product","link":"https:\/\/leatai.com\/ga\/product\/tairgi-bronntanais-agus-leathair\/tairgi-leathair-agus-solathairti-oifige\/memo-pad\/","title":{"rendered":"memo pad"},"content":{"rendered":"<p>Is c\u00fant\u00f3ir iontach \u00e9 an memo pad chun cabhr\u00fa leat taifead a choinne\u00e1il, \u00e9asca le hiompar, simpl\u00ed le h\u00fas\u00e1id, agus n\u00ed g\u00e1 duit a bheith buartha riamh faoi cheallra\u00ed a bheith \u00eddithe.<\/p>\n","protected":false},"excerpt":{"rendered":"<p>Is c\u00fant\u00f3ir iontach \u00e9 an memo pad chun cabhr\u00fa leat taifead a choinne\u00e1il, \u00e9asca le hiompar, simpl\u00ed le h\u00fas\u00e1id, agus n\u00ed g\u00e1 duit a bheith buartha riamh faoi cheallra\u00ed a bheith \u00eddithe.<\/p>\n","protected":false},"featured_media":212702,"template":"","meta":{"_acf_changed":false},"product_brand":[],"product_cat":[1129],"product_tag":[],"home_works":[],"class_list":{"0":"post-265393","1":"product","2":"type-product","3":"status-publish","4":"has-post-thumbnail","6":"product_cat-tairgi-leathair-agus-solathairti-oifige","8":"first","9":"instock","10":"sold-individually","11":"shipping-taxable","12":"purchasable","13":"product-type-simple"},"acf":[],"yoast_head":"<!-- This site is optimized with the Yoast SEO plugin v27.2 - https:\/\/yoast.com\/product\/yoast-seo-wordpress\/ -->\n<title>memo pad - Leatai \u2013 Monar\u00f3ir Leabhair N\u00f3ta\u00ed Saincheaptha<\/title>\n<meta name=\"description\" content=\"Is memo pad praitici\u00fail \u00e9 seo d\u00e9anta as PU leathar br\u00e9ige, is f\u00e9idir \u00e9 a chur go h\u00e9asca i bp\u00f3ca agus t\u00e1 s\u00e9 thar a bheith \u00fas\u00e1ideach i su\u00edomhanna oibre. Is f\u00e9idir na sonra\u00ed saincheaptha a choigeart\u00fa de r\u00e9ir do riachtanas, rud a fh\u00e1gann go n-oireann s\u00e9 n\u00edos fearr do do n\u00f3sanna \u00fas\u00e1ide.\" \/>\n<meta name=\"robots\" content=\"index, follow, max-snippet:-1, max-image-preview:large, max-video-preview:-1\" \/>\n<link rel=\"canonical\" href=\"https:\/\/leatai.com\/ga\/product\/tairgi-bronntanais-agus-leathair\/tairgi-leathair-agus-solathairti-oifige\/memo-pad\/\" \/>\n<meta property=\"og:locale\" content=\"ga_IE\" \/>\n<meta property=\"og:type\" content=\"article\" \/>\n<meta property=\"og:title\" content=\"memo pad - Leatai \u2013 Monar\u00f3ir Leabhair N\u00f3ta\u00ed Saincheaptha\" \/>\n<meta property=\"og:description\" content=\"Is memo pad praitici\u00fail \u00e9 seo d\u00e9anta as PU leathar br\u00e9ige, is f\u00e9idir \u00e9 a chur go h\u00e9asca i bp\u00f3ca agus t\u00e1 s\u00e9 thar a bheith \u00fas\u00e1ideach i su\u00edomhanna oibre. Is f\u00e9idir na sonra\u00ed saincheaptha a choigeart\u00fa de r\u00e9ir do riachtanas, rud a fh\u00e1gann go n-oireann s\u00e9 n\u00edos fearr do do n\u00f3sanna \u00fas\u00e1ide.\" \/>\n<meta property=\"og:url\" content=\"https:\/\/leatai.com\/ga\/product\/tairgi-bronntanais-agus-leathair\/tairgi-leathair-agus-solathairti-oifige\/memo-pad\/\" \/>\n<meta property=\"og:site_name\" content=\"Leatai \u2013 Monar\u00f3ir Leabhair N\u00f3ta\u00ed Saincheaptha\" \/>\n<meta property=\"article:modified_time\" content=\"2026-01-29T02:22:14+00:00\" \/>\n<meta property=\"og:image\" content=\"https:\/\/leatai.com\/wp-content\/uploads\/2016_02_22_1608290.jpg\" \/>\n\t<meta property=\"og:image:width\" content=\"1000\" \/>\n\t<meta property=\"og:image:height\" content=\"750\" \/>\n\t<meta property=\"og:image:type\" content=\"image\/jpeg\" \/>\n<meta name=\"twitter:card\" content=\"summary_large_image\" \/>\n<meta name=\"twitter:label1\" content=\"Est. reading time\" \/>\n\t<meta name=\"twitter:data1\" content=\"1 minute\" \/>\n<script type=\"application\/ld+json\" class=\"yoast-schema-graph\">{\"@context\":\"https:\/\/schema.org\",\"@graph\":[{\"@type\":\"WebPage\",\"@id\":\"https:\/\/leatai.com\/ga\/product\/tairgi-bronntanais-agus-leathair\/tairgi-leathair-agus-solathairti-oifige\/memo-pad\/\",\"url\":\"https:\/\/leatai.com\/ga\/product\/tairgi-bronntanais-agus-leathair\/tairgi-leathair-agus-solathairti-oifige\/memo-pad\/\",\"name\":\"memo pad - Leatai \u2013 Monar\u00f3ir Leabhair N\u00f3ta\u00ed Saincheaptha\",\"isPartOf\":{\"@id\":\"https:\/\/leatai.com\/ga\/#website\"},\"primaryImageOfPage\":{\"@id\":\"https:\/\/leatai.com\/ga\/product\/tairgi-bronntanais-agus-leathair\/tairgi-leathair-agus-solathairti-oifige\/memo-pad\/#primaryimage\"},\"image\":{\"@id\":\"https:\/\/leatai.com\/ga\/product\/tairgi-bronntanais-agus-leathair\/tairgi-leathair-agus-solathairti-oifige\/memo-pad\/#primaryimage\"},\"thumbnailUrl\":\"https:\/\/leatai.com\/wp-content\/uploads\/2016_02_22_1608290.jpg\",\"datePublished\":\"2021-06-24T05:23:31+00:00\",\"dateModified\":\"2026-01-29T02:22:14+00:00\",\"description\":\"Is memo pad praitici\u00fail \u00e9 seo d\u00e9anta as PU leathar br\u00e9ige, is f\u00e9idir \u00e9 a chur go h\u00e9asca i bp\u00f3ca agus t\u00e1 s\u00e9 thar a bheith \u00fas\u00e1ideach i su\u00edomhanna oibre. Is f\u00e9idir na sonra\u00ed saincheaptha a choigeart\u00fa de r\u00e9ir do riachtanas, rud a fh\u00e1gann go n-oireann s\u00e9 n\u00edos fearr do do n\u00f3sanna \u00fas\u00e1ide.\",\"breadcrumb\":{\"@id\":\"https:\/\/leatai.com\/ga\/product\/tairgi-bronntanais-agus-leathair\/tairgi-leathair-agus-solathairti-oifige\/memo-pad\/#breadcrumb\"},\"inLanguage\":\"ga-IE\",\"potentialAction\":[{\"@type\":\"ReadAction\",\"target\":[\"https:\/\/leatai.com\/ga\/product\/tairgi-bronntanais-agus-leathair\/tairgi-leathair-agus-solathairti-oifige\/memo-pad\/\"]}]},{\"@type\":\"ImageObject\",\"inLanguage\":\"ga-IE\",\"@id\":\"https:\/\/leatai.com\/ga\/product\/tairgi-bronntanais-agus-leathair\/tairgi-leathair-agus-solathairti-oifige\/memo-pad\/#primaryimage\",\"url\":\"https:\/\/leatai.com\/wp-content\/uploads\/2016_02_22_1608290.jpg\",\"contentUrl\":\"https:\/\/leatai.com\/wp-content\/uploads\/2016_02_22_1608290.jpg\",\"width\":1000,\"height\":750},{\"@type\":\"BreadcrumbList\",\"@id\":\"https:\/\/leatai.com\/ga\/product\/tairgi-bronntanais-agus-leathair\/tairgi-leathair-agus-solathairti-oifige\/memo-pad\/#breadcrumb\",\"itemListElement\":[{\"@type\":\"ListItem\",\"position\":1,\"name\":\"Home\",\"item\":\"https:\/\/leatai.com\/ga\/\"},{\"@type\":\"ListItem\",\"position\":2,\"name\":\"Cur i l\u00e1thair T\u00e1irg\u00ed\",\"item\":\"https:\/\/leatai.com\/products\/\"},{\"@type\":\"ListItem\",\"position\":3,\"name\":\"T\u00e1irg\u00ed Bronntanais agus Leathair\",\"item\":\"https:\/\/leatai.com\/ga\/product-category\/tairgi-bronntanais-agus-leathair\/\"},{\"@type\":\"ListItem\",\"position\":4,\"name\":\"T\u00e1irg\u00ed leathair agus sol\u00e1thairt\u00ed oifige\",\"item\":\"https:\/\/leatai.com\/ga\/product-category\/tairgi-bronntanais-agus-leathair\/tairgi-leathair-agus-solathairti-oifige\/\"},{\"@type\":\"ListItem\",\"position\":5,\"name\":\"memo pad\"}]},{\"@type\":\"WebSite\",\"@id\":\"https:\/\/leatai.com\/ga\/#website\",\"url\":\"https:\/\/leatai.com\/ga\/\",\"name\":\"Leatai \u2013 Monar\u00f3ir Leabhair N\u00f3ta\u00ed Saincheaptha\",\"description\":\"Sol\u00e1thra\u00edonn Leatai leabhair n\u00f3ta\u00ed agus plean\u00e1laithe saincheaptha do bhranda\u00ed agus d\u00e1ileoir\u00ed ar fud an domhain.\",\"publisher\":{\"@id\":\"https:\/\/leatai.com\/ga\/#organization\"},\"potentialAction\":[{\"@type\":\"SearchAction\",\"target\":{\"@type\":\"EntryPoint\",\"urlTemplate\":\"https:\/\/leatai.com\/ga\/?s={search_term_string}\"},\"query-input\":{\"@type\":\"PropertyValueSpecification\",\"valueRequired\":true,\"valueName\":\"search_term_string\"}}],\"inLanguage\":\"ga-IE\"},{\"@type\":\"Organization\",\"@id\":\"https:\/\/leatai.com\/ga\/#organization\",\"name\":\"Leatai Diary, customized journal and business organizer\",\"url\":\"https:\/\/leatai.com\/ga\/\",\"logo\":{\"@type\":\"ImageObject\",\"inLanguage\":\"ga-IE\",\"@id\":\"https:\/\/leatai.com\/ga\/#\/schema\/logo\/image\/\",\"url\":\"https:\/\/leatai.com\/wp-content\/uploads\/logo-blue.png\",\"contentUrl\":\"https:\/\/leatai.com\/wp-content\/uploads\/logo-blue.png\",\"width\":230,\"height\":60,\"caption\":\"Leatai Diary, customized journal and business organizer\"},\"image\":{\"@id\":\"https:\/\/leatai.com\/ga\/#\/schema\/logo\/image\/\"}}]}<\/script>\n<!-- \/ Yoast SEO plugin. -->","yoast_head_json":{"title":"memo pad - Leatai \u2013 Monar\u00f3ir Leabhair N\u00f3ta\u00ed Saincheaptha","description":"Is memo pad praitici\u00fail \u00e9 seo d\u00e9anta as PU leathar br\u00e9ige, is f\u00e9idir \u00e9 a chur go h\u00e9asca i bp\u00f3ca agus t\u00e1 s\u00e9 thar a bheith \u00fas\u00e1ideach i su\u00edomhanna oibre. Is f\u00e9idir na sonra\u00ed saincheaptha a choigeart\u00fa de r\u00e9ir do riachtanas, rud a fh\u00e1gann go n-oireann s\u00e9 n\u00edos fearr do do n\u00f3sanna \u00fas\u00e1ide.","robots":{"index":"index","follow":"follow","max-snippet":"max-snippet:-1","max-image-preview":"max-image-preview:large","max-video-preview":"max-video-preview:-1"},"canonical":"https:\/\/leatai.com\/ga\/product\/tairgi-bronntanais-agus-leathair\/tairgi-leathair-agus-solathairti-oifige\/memo-pad\/","og_locale":"ga_IE","og_type":"article","og_title":"memo pad - Leatai \u2013 Monar\u00f3ir Leabhair N\u00f3ta\u00ed Saincheaptha","og_description":"Is memo pad praitici\u00fail \u00e9 seo d\u00e9anta as PU leathar br\u00e9ige, is f\u00e9idir \u00e9 a chur go h\u00e9asca i bp\u00f3ca agus t\u00e1 s\u00e9 thar a bheith \u00fas\u00e1ideach i su\u00edomhanna oibre. Is f\u00e9idir na sonra\u00ed saincheaptha a choigeart\u00fa de r\u00e9ir do riachtanas, rud a fh\u00e1gann go n-oireann s\u00e9 n\u00edos fearr do do n\u00f3sanna \u00fas\u00e1ide.","og_url":"https:\/\/leatai.com\/ga\/product\/tairgi-bronntanais-agus-leathair\/tairgi-leathair-agus-solathairti-oifige\/memo-pad\/","og_site_name":"Leatai \u2013 Monar\u00f3ir Leabhair N\u00f3ta\u00ed Saincheaptha","article_modified_time":"2026-01-29T02:22:14+00:00","og_image":[{"width":1000,"height":750,"url":"https:\/\/leatai.com\/wp-content\/uploads\/2016_02_22_1608290.jpg","type":"image\/jpeg"}],"twitter_card":"summary_large_image","twitter_misc":{"Est. reading time":"1 minute"},"schema":{"@context":"https:\/\/schema.org","@graph":[{"@type":"WebPage","@id":"https:\/\/leatai.com\/ga\/product\/tairgi-bronntanais-agus-leathair\/tairgi-leathair-agus-solathairti-oifige\/memo-pad\/","url":"https:\/\/leatai.com\/ga\/product\/tairgi-bronntanais-agus-leathair\/tairgi-leathair-agus-solathairti-oifige\/memo-pad\/","name":"memo pad - Leatai \u2013 Monar\u00f3ir Leabhair N\u00f3ta\u00ed Saincheaptha","isPartOf":{"@id":"https:\/\/leatai.com\/ga\/#website"},"primaryImageOfPage":{"@id":"https:\/\/leatai.com\/ga\/product\/tairgi-bronntanais-agus-leathair\/tairgi-leathair-agus-solathairti-oifige\/memo-pad\/#primaryimage"},"image":{"@id":"https:\/\/leatai.com\/ga\/product\/tairgi-bronntanais-agus-leathair\/tairgi-leathair-agus-solathairti-oifige\/memo-pad\/#primaryimage"},"thumbnailUrl":"https:\/\/leatai.com\/wp-content\/uploads\/2016_02_22_1608290.jpg","datePublished":"2021-06-24T05:23:31+00:00","dateModified":"2026-01-29T02:22:14+00:00","description":"Is memo pad praitici\u00fail \u00e9 seo d\u00e9anta as PU leathar br\u00e9ige, is f\u00e9idir \u00e9 a chur go h\u00e9asca i bp\u00f3ca agus t\u00e1 s\u00e9 thar a bheith \u00fas\u00e1ideach i su\u00edomhanna oibre. Is f\u00e9idir na sonra\u00ed saincheaptha a choigeart\u00fa de r\u00e9ir do riachtanas, rud a fh\u00e1gann go n-oireann s\u00e9 n\u00edos fearr do do n\u00f3sanna \u00fas\u00e1ide.","breadcrumb":{"@id":"https:\/\/leatai.com\/ga\/product\/tairgi-bronntanais-agus-leathair\/tairgi-leathair-agus-solathairti-oifige\/memo-pad\/#breadcrumb"},"inLanguage":"ga-IE","potentialAction":[{"@type":"ReadAction","target":["https:\/\/leatai.com\/ga\/product\/tairgi-bronntanais-agus-leathair\/tairgi-leathair-agus-solathairti-oifige\/memo-pad\/"]}]},{"@type":"ImageObject","inLanguage":"ga-IE","@id":"https:\/\/leatai.com\/ga\/product\/tairgi-bronntanais-agus-leathair\/tairgi-leathair-agus-solathairti-oifige\/memo-pad\/#primaryimage","url":"https:\/\/leatai.com\/wp-content\/uploads\/2016_02_22_1608290.jpg","contentUrl":"https:\/\/leatai.com\/wp-content\/uploads\/2016_02_22_1608290.jpg","width":1000,"height":750},{"@type":"BreadcrumbList","@id":"https:\/\/leatai.com\/ga\/product\/tairgi-bronntanais-agus-leathair\/tairgi-leathair-agus-solathairti-oifige\/memo-pad\/#breadcrumb","itemListElement":[{"@type":"ListItem","position":1,"name":"Home","item":"https:\/\/leatai.com\/ga\/"},{"@type":"ListItem","position":2,"name":"Cur i l\u00e1thair T\u00e1irg\u00ed","item":"https:\/\/leatai.com\/products\/"},{"@type":"ListItem","position":3,"name":"T\u00e1irg\u00ed Bronntanais agus Leathair","item":"https:\/\/leatai.com\/ga\/product-category\/tairgi-bronntanais-agus-leathair\/"},{"@type":"ListItem","position":4,"name":"T\u00e1irg\u00ed leathair agus sol\u00e1thairt\u00ed oifige","item":"https:\/\/leatai.com\/ga\/product-category\/tairgi-bronntanais-agus-leathair\/tairgi-leathair-agus-solathairti-oifige\/"},{"@type":"ListItem","position":5,"name":"memo pad"}]},{"@type":"WebSite","@id":"https:\/\/leatai.com\/ga\/#website","url":"https:\/\/leatai.com\/ga\/","name":"Leatai \u2013 Monar\u00f3ir Leabhair N\u00f3ta\u00ed Saincheaptha","description":"Sol\u00e1thra\u00edonn Leatai leabhair n\u00f3ta\u00ed agus plean\u00e1laithe saincheaptha do bhranda\u00ed agus d\u00e1ileoir\u00ed ar fud an domhain.","publisher":{"@id":"https:\/\/leatai.com\/ga\/#organization"},"potentialAction":[{"@type":"SearchAction","target":{"@type":"EntryPoint","urlTemplate":"https:\/\/leatai.com\/ga\/?s={search_term_string}"},"query-input":{"@type":"PropertyValueSpecification","valueRequired":true,"valueName":"search_term_string"}}],"inLanguage":"ga-IE"},{"@type":"Organization","@id":"https:\/\/leatai.com\/ga\/#organization","name":"Leatai Diary, customized journal and business organizer","url":"https:\/\/leatai.com\/ga\/","logo":{"@type":"ImageObject","inLanguage":"ga-IE","@id":"https:\/\/leatai.com\/ga\/#\/schema\/logo\/image\/","url":"https:\/\/leatai.com\/wp-content\/uploads\/logo-blue.png","contentUrl":"https:\/\/leatai.com\/wp-content\/uploads\/logo-blue.png","width":230,"height":60,"caption":"Leatai Diary, customized journal and business organizer"},"image":{"@id":"https:\/\/leatai.com\/ga\/#\/schema\/logo\/image\/"}}]}},"_links":{"self":[{"href":"https:\/\/leatai.com\/ga\/wp-json\/wp\/v2\/product\/265393","targetHints":{"allow":["GET"]}}],"collection":[{"href":"https:\/\/leatai.com\/ga\/wp-json\/wp\/v2\/product"}],"about":[{"href":"https:\/\/leatai.com\/ga\/wp-json\/wp\/v2\/types\/product"}],"wp:featuredmedia":[{"embeddable":true,"href":"https:\/\/leatai.com\/ga\/wp-json\/wp\/v2\/media\/212702"}],"wp:attachment":[{"href":"https:\/\/leatai.com\/ga\/wp-json\/wp\/v2\/media?parent=265393"}],"wp:term":[{"taxonomy":"product_brand","embeddable":true,"href":"https:\/\/leatai.com\/ga\/wp-json\/wp\/v2\/product_brand?post=265393"},{"taxonomy":"product_cat","embeddable":true,"href":"https:\/\/leatai.com\/ga\/wp-json\/wp\/v2\/product_cat?post=265393"},{"taxonomy":"product_tag","embeddable":true,"href":"https:\/\/leatai.com\/ga\/wp-json\/wp\/v2\/product_tag?post=265393"},{"taxonomy":"home_works","embeddable":true,"href":"https:\/\/leatai.com\/ga\/wp-json\/wp\/v2\/home_works?post=265393"}],"curies":[{"name":"wp","href":"https:\/\/api.w.org\/{rel}","templated":true}]}}