{"id":265387,"date":"2021-06-24T13:23:31","date_gmt":"2021-06-24T05:23:31","guid":{"rendered":"https:\/\/leatai.com\/product\/uncategorized\/word-wave-festival-x-leatai\/"},"modified":"2021-06-24T13:23:31","modified_gmt":"2021-06-24T05:23:31","slug":"word-wave-festival-x-leatai","status":"publish","type":"product","link":"https:\/\/leatai.com\/ga\/product\/comhoibriu-tras-tionscail\/imeachtai-culturtha-agus-ealaionta\/word-wave-festival-x-leatai\/","title":{"rendered":"Word Wave Festival x Leatai"},"content":{"rendered":"<p>20160929-1002<\/p>\n<p>Is tionscadal t\u00e1bhachtach \u00e9 F\u00e9ile L\u00e9itheoireachta S\u00ednise Word Wave Festival a ritheann tr\u00ed bhun\u00e1it Ph\u00e1irc Chruthaitheach Huashan. T\u00e1 s\u00fail aici, tr\u00ed \u201cl\u00e9amh os ard\u201d, an gaol idir l\u00e9itheoireacht agus an saol a athl\u00e9iri\u00fa, chun paisean an phobail don l\u00e9itheoireacht a spreagadh, forbairt thionscal na foilsitheoireachta a chur chun cinn, agus dul n\u00edos faide f\u00f3s i dtreo an idirn\u00e1isi\u00fanta.<\/p>\n<p>Bhain F\u00e9ile L\u00e9itheoireachta S\u00ednise 2016 \u00fas\u00e1id as an mana \u201c# T\u00e1im_ag_L\u00e9amh\u201d, ag tarraingt ar theanga sh\u00f3isialta na linne chun t\u00fa f\u00e9in agus mise a cheangal lena ch\u00e9ile. D\u00e1 bharr sin, crutha\u00edodh cathair a t\u00f3gadh tr\u00ed l\u00e9amh os ard, ag briseadh teorainneacha an domhain r\u00e9adaigh. I ndomhan an l\u00e9imh os ard agus na l\u00e9itheoireachta, n\u00edl aon teorainneacha ann, ach samhla\u00edocht agus fiosracht a spreagtar i gc\u00f3na\u00ed, rud a ligeann don l\u00e9amh dul i bhfeidhm go domhain ar sp\u00e1s samhla\u00edoch an chro\u00ed, agus cathair amach anseo a th\u00f3g\u00e1il ina maireann leabhair agus daoine le ch\u00e9ile.<\/p>\n","protected":false},"excerpt":{"rendered":"<p>20160929-1002 Is tionscadal t\u00e1bhachtach \u00e9 F\u00e9ile L\u00e9itheoireachta S\u00ednise Word Wave Festival a ritheann tr\u00ed bhun\u00e1it Ph\u00e1irc Chruthaitheach Huashan. T\u00e1 s\u00fail aici, tr\u00ed \u201cl\u00e9amh os ard\u201d, an gaol idir l\u00e9itheoireacht agus an saol a athl\u00e9iri\u00fa, chun paisean an phobail don l\u00e9itheoireacht a spreagadh, forbairt thionscal na foilsitheoireachta a chur chun cinn, agus dul n\u00edos faide f\u00f3s [&hellip;]<\/p>\n","protected":false},"featured_media":265388,"template":"","meta":{"_acf_changed":false},"product_brand":[],"product_cat":[1103],"product_tag":[],"home_works":[],"class_list":{"0":"post-265387","1":"product","2":"type-product","3":"status-publish","4":"has-post-thumbnail","6":"product_cat-imeachtai-culturtha-agus-ealaionta","8":"first","9":"instock","10":"sold-individually","11":"shipping-taxable","12":"purchasable","13":"product-type-simple"},"acf":[],"yoast_head":"<!-- This site is optimized with the Yoast SEO plugin v27.2 - https:\/\/yoast.com\/product\/yoast-seo-wordpress\/ -->\n<title>Word Wave Festival x Leatai - Leatai \u2013 Monar\u00f3ir Leabhair N\u00f3ta\u00ed Saincheaptha<\/title>\n<meta name=\"robots\" content=\"index, follow, max-snippet:-1, max-image-preview:large, max-video-preview:-1\" \/>\n<link rel=\"canonical\" href=\"https:\/\/leatai.com\/ga\/product\/comhoibriu-tras-tionscail\/imeachtai-culturtha-agus-ealaionta\/word-wave-festival-x-leatai\/\" \/>\n<meta property=\"og:locale\" content=\"ga_IE\" \/>\n<meta property=\"og:type\" content=\"article\" \/>\n<meta property=\"og:title\" content=\"Word Wave Festival x Leatai - Leatai \u2013 Monar\u00f3ir Leabhair N\u00f3ta\u00ed Saincheaptha\" \/>\n<meta property=\"og:description\" content=\"20160929-1002 Is tionscadal t\u00e1bhachtach \u00e9 F\u00e9ile L\u00e9itheoireachta S\u00ednise Word Wave Festival a ritheann tr\u00ed bhun\u00e1it Ph\u00e1irc Chruthaitheach Huashan. T\u00e1 s\u00fail aici, tr\u00ed \u201cl\u00e9amh os ard\u201d, an gaol idir l\u00e9itheoireacht agus an saol a athl\u00e9iri\u00fa, chun paisean an phobail don l\u00e9itheoireacht a spreagadh, forbairt thionscal na foilsitheoireachta a chur chun cinn, agus dul n\u00edos faide f\u00f3s [&hellip;]\" \/>\n<meta property=\"og:url\" content=\"https:\/\/leatai.com\/ga\/product\/comhoibriu-tras-tionscail\/imeachtai-culturtha-agus-ealaionta\/word-wave-festival-x-leatai\/\" \/>\n<meta property=\"og:site_name\" content=\"Leatai \u2013 Monar\u00f3ir Leabhair N\u00f3ta\u00ed Saincheaptha\" \/>\n<meta property=\"og:image\" content=\"https:\/\/leatai.com\/wp-content\/uploads\/2020_06_17_1443180.jpg\" \/>\n\t<meta property=\"og:image:width\" content=\"1000\" \/>\n\t<meta property=\"og:image:height\" content=\"750\" \/>\n\t<meta property=\"og:image:type\" content=\"image\/jpeg\" \/>\n<meta name=\"twitter:card\" content=\"summary_large_image\" \/>\n<meta name=\"twitter:label1\" content=\"Est. reading time\" \/>\n\t<meta name=\"twitter:data1\" content=\"1 minute\" \/>\n<script type=\"application\/ld+json\" class=\"yoast-schema-graph\">{\"@context\":\"https:\/\/schema.org\",\"@graph\":[{\"@type\":\"WebPage\",\"@id\":\"https:\/\/leatai.com\/ga\/product\/comhoibriu-tras-tionscail\/imeachtai-culturtha-agus-ealaionta\/word-wave-festival-x-leatai\/\",\"url\":\"https:\/\/leatai.com\/ga\/product\/comhoibriu-tras-tionscail\/imeachtai-culturtha-agus-ealaionta\/word-wave-festival-x-leatai\/\",\"name\":\"Word Wave Festival x Leatai - Leatai \u2013 Monar\u00f3ir Leabhair N\u00f3ta\u00ed Saincheaptha\",\"isPartOf\":{\"@id\":\"https:\/\/leatai.com\/ga\/#website\"},\"primaryImageOfPage\":{\"@id\":\"https:\/\/leatai.com\/ga\/product\/comhoibriu-tras-tionscail\/imeachtai-culturtha-agus-ealaionta\/word-wave-festival-x-leatai\/#primaryimage\"},\"image\":{\"@id\":\"https:\/\/leatai.com\/ga\/product\/comhoibriu-tras-tionscail\/imeachtai-culturtha-agus-ealaionta\/word-wave-festival-x-leatai\/#primaryimage\"},\"thumbnailUrl\":\"https:\/\/leatai.com\/wp-content\/uploads\/2020_06_17_1443180.jpg\",\"datePublished\":\"2021-06-24T05:23:31+00:00\",\"breadcrumb\":{\"@id\":\"https:\/\/leatai.com\/ga\/product\/comhoibriu-tras-tionscail\/imeachtai-culturtha-agus-ealaionta\/word-wave-festival-x-leatai\/#breadcrumb\"},\"inLanguage\":\"ga-IE\",\"potentialAction\":[{\"@type\":\"ReadAction\",\"target\":[\"https:\/\/leatai.com\/ga\/product\/comhoibriu-tras-tionscail\/imeachtai-culturtha-agus-ealaionta\/word-wave-festival-x-leatai\/\"]}]},{\"@type\":\"ImageObject\",\"inLanguage\":\"ga-IE\",\"@id\":\"https:\/\/leatai.com\/ga\/product\/comhoibriu-tras-tionscail\/imeachtai-culturtha-agus-ealaionta\/word-wave-festival-x-leatai\/#primaryimage\",\"url\":\"https:\/\/leatai.com\/wp-content\/uploads\/2020_06_17_1443180.jpg\",\"contentUrl\":\"https:\/\/leatai.com\/wp-content\/uploads\/2020_06_17_1443180.jpg\",\"width\":1000,\"height\":750},{\"@type\":\"BreadcrumbList\",\"@id\":\"https:\/\/leatai.com\/ga\/product\/comhoibriu-tras-tionscail\/imeachtai-culturtha-agus-ealaionta\/word-wave-festival-x-leatai\/#breadcrumb\",\"itemListElement\":[{\"@type\":\"ListItem\",\"position\":1,\"name\":\"Home\",\"item\":\"https:\/\/leatai.com\/ga\/\"},{\"@type\":\"ListItem\",\"position\":2,\"name\":\"Cur i l\u00e1thair T\u00e1irg\u00ed\",\"item\":\"https:\/\/leatai.com\/products\/\"},{\"@type\":\"ListItem\",\"position\":3,\"name\":\"Word Wave Festival x Leatai\"}]},{\"@type\":\"WebSite\",\"@id\":\"https:\/\/leatai.com\/ga\/#website\",\"url\":\"https:\/\/leatai.com\/ga\/\",\"name\":\"Leatai \u2013 Monar\u00f3ir Leabhair N\u00f3ta\u00ed Saincheaptha\",\"description\":\"Sol\u00e1thra\u00edonn Leatai leabhair n\u00f3ta\u00ed agus plean\u00e1laithe saincheaptha do bhranda\u00ed agus d\u00e1ileoir\u00ed ar fud an domhain.\",\"publisher\":{\"@id\":\"https:\/\/leatai.com\/ga\/#organization\"},\"potentialAction\":[{\"@type\":\"SearchAction\",\"target\":{\"@type\":\"EntryPoint\",\"urlTemplate\":\"https:\/\/leatai.com\/ga\/?s={search_term_string}\"},\"query-input\":{\"@type\":\"PropertyValueSpecification\",\"valueRequired\":true,\"valueName\":\"search_term_string\"}}],\"inLanguage\":\"ga-IE\"},{\"@type\":\"Organization\",\"@id\":\"https:\/\/leatai.com\/ga\/#organization\",\"name\":\"Leatai Diary, customized journal and business organizer\",\"url\":\"https:\/\/leatai.com\/ga\/\",\"logo\":{\"@type\":\"ImageObject\",\"inLanguage\":\"ga-IE\",\"@id\":\"https:\/\/leatai.com\/ga\/#\/schema\/logo\/image\/\",\"url\":\"https:\/\/leatai.com\/wp-content\/uploads\/logo-blue.png\",\"contentUrl\":\"https:\/\/leatai.com\/wp-content\/uploads\/logo-blue.png\",\"width\":230,\"height\":60,\"caption\":\"Leatai Diary, customized journal and business organizer\"},\"image\":{\"@id\":\"https:\/\/leatai.com\/ga\/#\/schema\/logo\/image\/\"},\"telephone\":\"+886-2-8227-8800\",\"legalName\":\"Leatai Stationary Co., Ltd.\",\"description\":\"A leading notebook factory in Taiwan offering bespoke branding, high-quality binding, and premium paper selections for corporate gifts and stationery wholesale.\",\"address\":{\"@type\":\"PostalAddress\",\"streetAddress\":\"11F., No. 168, Jiankang Rd.\",\"addressLocality\":\"Zhonghe Dist.\",\"addressRegion\":\"New Taipei City\",\"postalCode\":\"235\",\"addressCountry\":\"TW\"},\"contactPoint\":{\"@type\":\"ContactPoint\",\"telephone\":\"+886-2-8227-8800\",\"contactType\":\"sales\",\"areaServed\":\"Worldwide\",\"availableLanguage\":[\"zh-TW\",\"en\"]}}]}<\/script>\n<!-- \/ Yoast SEO plugin. -->","yoast_head_json":{"title":"Word Wave Festival x Leatai - Leatai \u2013 Monar\u00f3ir Leabhair N\u00f3ta\u00ed Saincheaptha","robots":{"index":"index","follow":"follow","max-snippet":"max-snippet:-1","max-image-preview":"max-image-preview:large","max-video-preview":"max-video-preview:-1"},"canonical":"https:\/\/leatai.com\/ga\/product\/comhoibriu-tras-tionscail\/imeachtai-culturtha-agus-ealaionta\/word-wave-festival-x-leatai\/","og_locale":"ga_IE","og_type":"article","og_title":"Word Wave Festival x Leatai - Leatai \u2013 Monar\u00f3ir Leabhair N\u00f3ta\u00ed Saincheaptha","og_description":"20160929-1002 Is tionscadal t\u00e1bhachtach \u00e9 F\u00e9ile L\u00e9itheoireachta S\u00ednise Word Wave Festival a ritheann tr\u00ed bhun\u00e1it Ph\u00e1irc Chruthaitheach Huashan. T\u00e1 s\u00fail aici, tr\u00ed \u201cl\u00e9amh os ard\u201d, an gaol idir l\u00e9itheoireacht agus an saol a athl\u00e9iri\u00fa, chun paisean an phobail don l\u00e9itheoireacht a spreagadh, forbairt thionscal na foilsitheoireachta a chur chun cinn, agus dul n\u00edos faide f\u00f3s [&hellip;]","og_url":"https:\/\/leatai.com\/ga\/product\/comhoibriu-tras-tionscail\/imeachtai-culturtha-agus-ealaionta\/word-wave-festival-x-leatai\/","og_site_name":"Leatai \u2013 Monar\u00f3ir Leabhair N\u00f3ta\u00ed Saincheaptha","og_image":[{"width":1000,"height":750,"url":"https:\/\/leatai.com\/wp-content\/uploads\/2020_06_17_1443180.jpg","type":"image\/jpeg"}],"twitter_card":"summary_large_image","twitter_misc":{"Est. reading time":"1 minute"},"schema":{"@context":"https:\/\/schema.org","@graph":[{"@type":"WebPage","@id":"https:\/\/leatai.com\/ga\/product\/comhoibriu-tras-tionscail\/imeachtai-culturtha-agus-ealaionta\/word-wave-festival-x-leatai\/","url":"https:\/\/leatai.com\/ga\/product\/comhoibriu-tras-tionscail\/imeachtai-culturtha-agus-ealaionta\/word-wave-festival-x-leatai\/","name":"Word Wave Festival x Leatai - Leatai \u2013 Monar\u00f3ir Leabhair N\u00f3ta\u00ed Saincheaptha","isPartOf":{"@id":"https:\/\/leatai.com\/ga\/#website"},"primaryImageOfPage":{"@id":"https:\/\/leatai.com\/ga\/product\/comhoibriu-tras-tionscail\/imeachtai-culturtha-agus-ealaionta\/word-wave-festival-x-leatai\/#primaryimage"},"image":{"@id":"https:\/\/leatai.com\/ga\/product\/comhoibriu-tras-tionscail\/imeachtai-culturtha-agus-ealaionta\/word-wave-festival-x-leatai\/#primaryimage"},"thumbnailUrl":"https:\/\/leatai.com\/wp-content\/uploads\/2020_06_17_1443180.jpg","datePublished":"2021-06-24T05:23:31+00:00","breadcrumb":{"@id":"https:\/\/leatai.com\/ga\/product\/comhoibriu-tras-tionscail\/imeachtai-culturtha-agus-ealaionta\/word-wave-festival-x-leatai\/#breadcrumb"},"inLanguage":"ga-IE","potentialAction":[{"@type":"ReadAction","target":["https:\/\/leatai.com\/ga\/product\/comhoibriu-tras-tionscail\/imeachtai-culturtha-agus-ealaionta\/word-wave-festival-x-leatai\/"]}]},{"@type":"ImageObject","inLanguage":"ga-IE","@id":"https:\/\/leatai.com\/ga\/product\/comhoibriu-tras-tionscail\/imeachtai-culturtha-agus-ealaionta\/word-wave-festival-x-leatai\/#primaryimage","url":"https:\/\/leatai.com\/wp-content\/uploads\/2020_06_17_1443180.jpg","contentUrl":"https:\/\/leatai.com\/wp-content\/uploads\/2020_06_17_1443180.jpg","width":1000,"height":750},{"@type":"BreadcrumbList","@id":"https:\/\/leatai.com\/ga\/product\/comhoibriu-tras-tionscail\/imeachtai-culturtha-agus-ealaionta\/word-wave-festival-x-leatai\/#breadcrumb","itemListElement":[{"@type":"ListItem","position":1,"name":"Home","item":"https:\/\/leatai.com\/ga\/"},{"@type":"ListItem","position":2,"name":"Cur i l\u00e1thair T\u00e1irg\u00ed","item":"https:\/\/leatai.com\/products\/"},{"@type":"ListItem","position":3,"name":"Word Wave Festival x Leatai"}]},{"@type":"WebSite","@id":"https:\/\/leatai.com\/ga\/#website","url":"https:\/\/leatai.com\/ga\/","name":"Leatai \u2013 Monar\u00f3ir Leabhair N\u00f3ta\u00ed Saincheaptha","description":"Sol\u00e1thra\u00edonn Leatai leabhair n\u00f3ta\u00ed agus plean\u00e1laithe saincheaptha do bhranda\u00ed agus d\u00e1ileoir\u00ed ar fud an domhain.","publisher":{"@id":"https:\/\/leatai.com\/ga\/#organization"},"potentialAction":[{"@type":"SearchAction","target":{"@type":"EntryPoint","urlTemplate":"https:\/\/leatai.com\/ga\/?s={search_term_string}"},"query-input":{"@type":"PropertyValueSpecification","valueRequired":true,"valueName":"search_term_string"}}],"inLanguage":"ga-IE"},{"@type":"Organization","@id":"https:\/\/leatai.com\/ga\/#organization","name":"Leatai Diary, customized journal and business organizer","url":"https:\/\/leatai.com\/ga\/","logo":{"@type":"ImageObject","inLanguage":"ga-IE","@id":"https:\/\/leatai.com\/ga\/#\/schema\/logo\/image\/","url":"https:\/\/leatai.com\/wp-content\/uploads\/logo-blue.png","contentUrl":"https:\/\/leatai.com\/wp-content\/uploads\/logo-blue.png","width":230,"height":60,"caption":"Leatai Diary, customized journal and business organizer"},"image":{"@id":"https:\/\/leatai.com\/ga\/#\/schema\/logo\/image\/"},"telephone":"+886-2-8227-8800","legalName":"Leatai Stationary Co., Ltd.","description":"A leading notebook factory in Taiwan offering bespoke branding, high-quality binding, and premium paper selections for corporate gifts and stationery wholesale.","address":{"@type":"PostalAddress","streetAddress":"11F., No. 168, Jiankang Rd.","addressLocality":"Zhonghe Dist.","addressRegion":"New Taipei City","postalCode":"235","addressCountry":"TW"},"contactPoint":{"@type":"ContactPoint","telephone":"+886-2-8227-8800","contactType":"sales","areaServed":"Worldwide","availableLanguage":["zh-TW","en"]}}]}},"_links":{"self":[{"href":"https:\/\/leatai.com\/ga\/wp-json\/wp\/v2\/product\/265387","targetHints":{"allow":["GET"]}}],"collection":[{"href":"https:\/\/leatai.com\/ga\/wp-json\/wp\/v2\/product"}],"about":[{"href":"https:\/\/leatai.com\/ga\/wp-json\/wp\/v2\/types\/product"}],"wp:featuredmedia":[{"embeddable":true,"href":"https:\/\/leatai.com\/ga\/wp-json\/wp\/v2\/media\/265388"}],"wp:attachment":[{"href":"https:\/\/leatai.com\/ga\/wp-json\/wp\/v2\/media?parent=265387"}],"wp:term":[{"taxonomy":"product_brand","embeddable":true,"href":"https:\/\/leatai.com\/ga\/wp-json\/wp\/v2\/product_brand?post=265387"},{"taxonomy":"product_cat","embeddable":true,"href":"https:\/\/leatai.com\/ga\/wp-json\/wp\/v2\/product_cat?post=265387"},{"taxonomy":"product_tag","embeddable":true,"href":"https:\/\/leatai.com\/ga\/wp-json\/wp\/v2\/product_tag?post=265387"},{"taxonomy":"home_works","embeddable":true,"href":"https:\/\/leatai.com\/ga\/wp-json\/wp\/v2\/home_works?post=265387"}],"curies":[{"name":"wp","href":"https:\/\/api.w.org\/{rel}","templated":true}]}}