{"id":265381,"date":"2021-06-24T13:23:31","date_gmt":"2021-06-24T05:23:31","guid":{"rendered":"https:\/\/leatai.com\/product\/uncategorized\/pinkoi-x-leatai\/"},"modified":"2026-01-28T17:24:36","modified_gmt":"2026-01-28T09:24:36","slug":"pinkoi-x-leatai","status":"publish","type":"product","link":"https:\/\/leatai.com\/ga\/product\/comhoibriu-tras-tionscail\/imeachtai-culturtha-agus-ealaionta\/pinkoi-x-leatai\/","title":{"rendered":"Pinkoi x Leatai"},"content":{"rendered":"<p>20170422-23<\/p>\n<p>Is margadh fisici\u00fail \u00e9 Pinkoi a re\u00e1cht\u00e1iltear \u00f3 am go ch\u00e9ile gach bliain, ag baili\u00fa na mbranda\u00ed maithe ar an ard\u00e1n le ch\u00e9ile in aon mhargadh amh\u00e1in.<br \/>\nSeachas \u00e9ags\u00falacht mh\u00f3r d\u2019earra\u00ed deartha den scoth a fheice\u00e1il, is f\u00e9idir leat comhr\u00e1 pearsanta a bheith agat leis na dearth\u00f3ir\u00ed f\u00e9in, ag caint faoi sc\u00e9alta na mbranda\u00ed n\u00f3 ag tuiscint n\u00edos doimhne ar \u00fas\u00e1id na dt\u00e1irg\u00ed.<\/p>\n<p>An rud is fearr ar fad n\u00e1 gur f\u00e9idir leat earra\u00ed \u00e1ille le st\u00edleanna deartha \u00e9ags\u00fala a cheannach ag an am c\u00e9anna! Ar an deireadh seachtaine, coinnigh l\u00e1mh le cairde agus si\u00fail le ch\u00e9ile timpeall cheantar Xinyi, maisithe le dathanna eala\u00edne!<\/p>\n","protected":false},"excerpt":{"rendered":"<p>20170422-23 Is margadh fisici\u00fail \u00e9 Pinkoi a re\u00e1cht\u00e1iltear \u00f3 am go ch\u00e9ile gach bliain, ag baili\u00fa na mbranda\u00ed maithe ar an ard\u00e1n le ch\u00e9ile in aon mhargadh amh\u00e1in. Seachas \u00e9ags\u00falacht mh\u00f3r d\u2019earra\u00ed deartha den scoth a fheice\u00e1il, is f\u00e9idir leat comhr\u00e1 pearsanta a bheith agat leis na dearth\u00f3ir\u00ed f\u00e9in, ag caint faoi sc\u00e9alta na mbranda\u00ed [&hellip;]<\/p>\n","protected":false},"featured_media":265382,"template":"","meta":{"_acf_changed":false},"product_brand":[],"product_cat":[1103],"product_tag":[],"home_works":[],"class_list":{"0":"post-265381","1":"product","2":"type-product","3":"status-publish","4":"has-post-thumbnail","6":"product_cat-imeachtai-culturtha-agus-ealaionta","8":"first","9":"instock","10":"sold-individually","11":"shipping-taxable","12":"purchasable","13":"product-type-simple"},"acf":[],"yoast_head":"<!-- This site is optimized with the Yoast SEO plugin v27.2 - https:\/\/yoast.com\/product\/yoast-seo-wordpress\/ -->\n<title>Pinkoi x Leatai - Leatai \u2013 Monar\u00f3ir Leabhair N\u00f3ta\u00ed Saincheaptha<\/title>\n<meta name=\"robots\" content=\"index, follow, max-snippet:-1, max-image-preview:large, max-video-preview:-1\" \/>\n<link rel=\"canonical\" href=\"https:\/\/leatai.com\/ga\/product\/comhoibriu-tras-tionscail\/imeachtai-culturtha-agus-ealaionta\/pinkoi-x-leatai\/\" \/>\n<meta property=\"og:locale\" content=\"ga_IE\" \/>\n<meta property=\"og:type\" content=\"article\" \/>\n<meta property=\"og:title\" content=\"Pinkoi x Leatai - Leatai \u2013 Monar\u00f3ir Leabhair N\u00f3ta\u00ed Saincheaptha\" \/>\n<meta property=\"og:description\" content=\"20170422-23 Is margadh fisici\u00fail \u00e9 Pinkoi a re\u00e1cht\u00e1iltear \u00f3 am go ch\u00e9ile gach bliain, ag baili\u00fa na mbranda\u00ed maithe ar an ard\u00e1n le ch\u00e9ile in aon mhargadh amh\u00e1in. Seachas \u00e9ags\u00falacht mh\u00f3r d\u2019earra\u00ed deartha den scoth a fheice\u00e1il, is f\u00e9idir leat comhr\u00e1 pearsanta a bheith agat leis na dearth\u00f3ir\u00ed f\u00e9in, ag caint faoi sc\u00e9alta na mbranda\u00ed [&hellip;]\" \/>\n<meta property=\"og:url\" content=\"https:\/\/leatai.com\/ga\/product\/comhoibriu-tras-tionscail\/imeachtai-culturtha-agus-ealaionta\/pinkoi-x-leatai\/\" \/>\n<meta property=\"og:site_name\" content=\"Leatai \u2013 Monar\u00f3ir Leabhair N\u00f3ta\u00ed Saincheaptha\" \/>\n<meta property=\"article:modified_time\" content=\"2026-01-28T09:24:36+00:00\" \/>\n<meta property=\"og:image\" content=\"https:\/\/leatai.com\/wp-content\/uploads\/2020_06_17_1357090.jpg\" \/>\n\t<meta property=\"og:image:width\" content=\"700\" \/>\n\t<meta property=\"og:image:height\" content=\"467\" \/>\n\t<meta property=\"og:image:type\" content=\"image\/jpeg\" \/>\n<meta name=\"twitter:card\" content=\"summary_large_image\" \/>\n<meta name=\"twitter:label1\" content=\"Est. reading time\" \/>\n\t<meta name=\"twitter:data1\" content=\"1 minute\" \/>\n<script type=\"application\/ld+json\" class=\"yoast-schema-graph\">{\"@context\":\"https:\/\/schema.org\",\"@graph\":[{\"@type\":\"WebPage\",\"@id\":\"https:\/\/leatai.com\/ga\/product\/comhoibriu-tras-tionscail\/imeachtai-culturtha-agus-ealaionta\/pinkoi-x-leatai\/\",\"url\":\"https:\/\/leatai.com\/ga\/product\/comhoibriu-tras-tionscail\/imeachtai-culturtha-agus-ealaionta\/pinkoi-x-leatai\/\",\"name\":\"Pinkoi x Leatai - Leatai \u2013 Monar\u00f3ir Leabhair N\u00f3ta\u00ed Saincheaptha\",\"isPartOf\":{\"@id\":\"https:\/\/leatai.com\/ga\/#website\"},\"primaryImageOfPage\":{\"@id\":\"https:\/\/leatai.com\/ga\/product\/comhoibriu-tras-tionscail\/imeachtai-culturtha-agus-ealaionta\/pinkoi-x-leatai\/#primaryimage\"},\"image\":{\"@id\":\"https:\/\/leatai.com\/ga\/product\/comhoibriu-tras-tionscail\/imeachtai-culturtha-agus-ealaionta\/pinkoi-x-leatai\/#primaryimage\"},\"thumbnailUrl\":\"https:\/\/leatai.com\/wp-content\/uploads\/2020_06_17_1357090.jpg\",\"datePublished\":\"2021-06-24T05:23:31+00:00\",\"dateModified\":\"2026-01-28T09:24:36+00:00\",\"breadcrumb\":{\"@id\":\"https:\/\/leatai.com\/ga\/product\/comhoibriu-tras-tionscail\/imeachtai-culturtha-agus-ealaionta\/pinkoi-x-leatai\/#breadcrumb\"},\"inLanguage\":\"ga-IE\",\"potentialAction\":[{\"@type\":\"ReadAction\",\"target\":[\"https:\/\/leatai.com\/ga\/product\/comhoibriu-tras-tionscail\/imeachtai-culturtha-agus-ealaionta\/pinkoi-x-leatai\/\"]}]},{\"@type\":\"ImageObject\",\"inLanguage\":\"ga-IE\",\"@id\":\"https:\/\/leatai.com\/ga\/product\/comhoibriu-tras-tionscail\/imeachtai-culturtha-agus-ealaionta\/pinkoi-x-leatai\/#primaryimage\",\"url\":\"https:\/\/leatai.com\/wp-content\/uploads\/2020_06_17_1357090.jpg\",\"contentUrl\":\"https:\/\/leatai.com\/wp-content\/uploads\/2020_06_17_1357090.jpg\",\"width\":700,\"height\":467},{\"@type\":\"BreadcrumbList\",\"@id\":\"https:\/\/leatai.com\/ga\/product\/comhoibriu-tras-tionscail\/imeachtai-culturtha-agus-ealaionta\/pinkoi-x-leatai\/#breadcrumb\",\"itemListElement\":[{\"@type\":\"ListItem\",\"position\":1,\"name\":\"Home\",\"item\":\"https:\/\/leatai.com\/ga\/\"},{\"@type\":\"ListItem\",\"position\":2,\"name\":\"Cur i l\u00e1thair T\u00e1irg\u00ed\",\"item\":\"https:\/\/leatai.com\/products\/\"},{\"@type\":\"ListItem\",\"position\":3,\"name\":\"Comhoibri\u00fa Tras-Tionscail\",\"item\":\"https:\/\/leatai.com\/ga\/product-category\/comhoibriu-tras-tionscail\/\"},{\"@type\":\"ListItem\",\"position\":4,\"name\":\"Imeachta\u00ed Cult\u00fartha agus Eala\u00edonta\",\"item\":\"https:\/\/leatai.com\/ga\/product-category\/comhoibriu-tras-tionscail\/imeachtai-culturtha-agus-ealaionta\/\"},{\"@type\":\"ListItem\",\"position\":5,\"name\":\"Pinkoi x Leatai\"}]},{\"@type\":\"WebSite\",\"@id\":\"https:\/\/leatai.com\/ga\/#website\",\"url\":\"https:\/\/leatai.com\/ga\/\",\"name\":\"Leatai \u2013 Monar\u00f3ir Leabhair N\u00f3ta\u00ed Saincheaptha\",\"description\":\"Sol\u00e1thra\u00edonn Leatai leabhair n\u00f3ta\u00ed agus plean\u00e1laithe saincheaptha do bhranda\u00ed agus d\u00e1ileoir\u00ed ar fud an domhain.\",\"publisher\":{\"@id\":\"https:\/\/leatai.com\/ga\/#organization\"},\"potentialAction\":[{\"@type\":\"SearchAction\",\"target\":{\"@type\":\"EntryPoint\",\"urlTemplate\":\"https:\/\/leatai.com\/ga\/?s={search_term_string}\"},\"query-input\":{\"@type\":\"PropertyValueSpecification\",\"valueRequired\":true,\"valueName\":\"search_term_string\"}}],\"inLanguage\":\"ga-IE\"},{\"@type\":\"Organization\",\"@id\":\"https:\/\/leatai.com\/ga\/#organization\",\"name\":\"Leatai Diary, customized journal and business organizer\",\"url\":\"https:\/\/leatai.com\/ga\/\",\"logo\":{\"@type\":\"ImageObject\",\"inLanguage\":\"ga-IE\",\"@id\":\"https:\/\/leatai.com\/ga\/#\/schema\/logo\/image\/\",\"url\":\"https:\/\/leatai.com\/wp-content\/uploads\/logo-blue.png\",\"contentUrl\":\"https:\/\/leatai.com\/wp-content\/uploads\/logo-blue.png\",\"width\":230,\"height\":60,\"caption\":\"Leatai Diary, customized journal and business organizer\"},\"image\":{\"@id\":\"https:\/\/leatai.com\/ga\/#\/schema\/logo\/image\/\"},\"telephone\":\"+886-2-8227-8800\",\"legalName\":\"Leatai Stationary Co., Ltd.\",\"description\":\"A leading notebook factory in Taiwan offering bespoke branding, high-quality binding, and premium paper selections for corporate gifts and stationery wholesale.\",\"address\":{\"@type\":\"PostalAddress\",\"streetAddress\":\"11F., No. 168, Jiankang Rd.\",\"addressLocality\":\"Zhonghe Dist.\",\"addressRegion\":\"New Taipei City\",\"postalCode\":\"235\",\"addressCountry\":\"TW\"},\"contactPoint\":{\"@type\":\"ContactPoint\",\"telephone\":\"+886-2-8227-8800\",\"contactType\":\"sales\",\"areaServed\":\"Worldwide\",\"availableLanguage\":[\"zh-TW\",\"en\"]}}]}<\/script>\n<!-- \/ Yoast SEO plugin. -->","yoast_head_json":{"title":"Pinkoi x Leatai - Leatai \u2013 Monar\u00f3ir Leabhair N\u00f3ta\u00ed Saincheaptha","robots":{"index":"index","follow":"follow","max-snippet":"max-snippet:-1","max-image-preview":"max-image-preview:large","max-video-preview":"max-video-preview:-1"},"canonical":"https:\/\/leatai.com\/ga\/product\/comhoibriu-tras-tionscail\/imeachtai-culturtha-agus-ealaionta\/pinkoi-x-leatai\/","og_locale":"ga_IE","og_type":"article","og_title":"Pinkoi x Leatai - Leatai \u2013 Monar\u00f3ir Leabhair N\u00f3ta\u00ed Saincheaptha","og_description":"20170422-23 Is margadh fisici\u00fail \u00e9 Pinkoi a re\u00e1cht\u00e1iltear \u00f3 am go ch\u00e9ile gach bliain, ag baili\u00fa na mbranda\u00ed maithe ar an ard\u00e1n le ch\u00e9ile in aon mhargadh amh\u00e1in. Seachas \u00e9ags\u00falacht mh\u00f3r d\u2019earra\u00ed deartha den scoth a fheice\u00e1il, is f\u00e9idir leat comhr\u00e1 pearsanta a bheith agat leis na dearth\u00f3ir\u00ed f\u00e9in, ag caint faoi sc\u00e9alta na mbranda\u00ed [&hellip;]","og_url":"https:\/\/leatai.com\/ga\/product\/comhoibriu-tras-tionscail\/imeachtai-culturtha-agus-ealaionta\/pinkoi-x-leatai\/","og_site_name":"Leatai \u2013 Monar\u00f3ir Leabhair N\u00f3ta\u00ed Saincheaptha","article_modified_time":"2026-01-28T09:24:36+00:00","og_image":[{"width":700,"height":467,"url":"https:\/\/leatai.com\/wp-content\/uploads\/2020_06_17_1357090.jpg","type":"image\/jpeg"}],"twitter_card":"summary_large_image","twitter_misc":{"Est. reading time":"1 minute"},"schema":{"@context":"https:\/\/schema.org","@graph":[{"@type":"WebPage","@id":"https:\/\/leatai.com\/ga\/product\/comhoibriu-tras-tionscail\/imeachtai-culturtha-agus-ealaionta\/pinkoi-x-leatai\/","url":"https:\/\/leatai.com\/ga\/product\/comhoibriu-tras-tionscail\/imeachtai-culturtha-agus-ealaionta\/pinkoi-x-leatai\/","name":"Pinkoi x Leatai - Leatai \u2013 Monar\u00f3ir Leabhair N\u00f3ta\u00ed Saincheaptha","isPartOf":{"@id":"https:\/\/leatai.com\/ga\/#website"},"primaryImageOfPage":{"@id":"https:\/\/leatai.com\/ga\/product\/comhoibriu-tras-tionscail\/imeachtai-culturtha-agus-ealaionta\/pinkoi-x-leatai\/#primaryimage"},"image":{"@id":"https:\/\/leatai.com\/ga\/product\/comhoibriu-tras-tionscail\/imeachtai-culturtha-agus-ealaionta\/pinkoi-x-leatai\/#primaryimage"},"thumbnailUrl":"https:\/\/leatai.com\/wp-content\/uploads\/2020_06_17_1357090.jpg","datePublished":"2021-06-24T05:23:31+00:00","dateModified":"2026-01-28T09:24:36+00:00","breadcrumb":{"@id":"https:\/\/leatai.com\/ga\/product\/comhoibriu-tras-tionscail\/imeachtai-culturtha-agus-ealaionta\/pinkoi-x-leatai\/#breadcrumb"},"inLanguage":"ga-IE","potentialAction":[{"@type":"ReadAction","target":["https:\/\/leatai.com\/ga\/product\/comhoibriu-tras-tionscail\/imeachtai-culturtha-agus-ealaionta\/pinkoi-x-leatai\/"]}]},{"@type":"ImageObject","inLanguage":"ga-IE","@id":"https:\/\/leatai.com\/ga\/product\/comhoibriu-tras-tionscail\/imeachtai-culturtha-agus-ealaionta\/pinkoi-x-leatai\/#primaryimage","url":"https:\/\/leatai.com\/wp-content\/uploads\/2020_06_17_1357090.jpg","contentUrl":"https:\/\/leatai.com\/wp-content\/uploads\/2020_06_17_1357090.jpg","width":700,"height":467},{"@type":"BreadcrumbList","@id":"https:\/\/leatai.com\/ga\/product\/comhoibriu-tras-tionscail\/imeachtai-culturtha-agus-ealaionta\/pinkoi-x-leatai\/#breadcrumb","itemListElement":[{"@type":"ListItem","position":1,"name":"Home","item":"https:\/\/leatai.com\/ga\/"},{"@type":"ListItem","position":2,"name":"Cur i l\u00e1thair T\u00e1irg\u00ed","item":"https:\/\/leatai.com\/products\/"},{"@type":"ListItem","position":3,"name":"Comhoibri\u00fa Tras-Tionscail","item":"https:\/\/leatai.com\/ga\/product-category\/comhoibriu-tras-tionscail\/"},{"@type":"ListItem","position":4,"name":"Imeachta\u00ed Cult\u00fartha agus Eala\u00edonta","item":"https:\/\/leatai.com\/ga\/product-category\/comhoibriu-tras-tionscail\/imeachtai-culturtha-agus-ealaionta\/"},{"@type":"ListItem","position":5,"name":"Pinkoi x Leatai"}]},{"@type":"WebSite","@id":"https:\/\/leatai.com\/ga\/#website","url":"https:\/\/leatai.com\/ga\/","name":"Leatai \u2013 Monar\u00f3ir Leabhair N\u00f3ta\u00ed Saincheaptha","description":"Sol\u00e1thra\u00edonn Leatai leabhair n\u00f3ta\u00ed agus plean\u00e1laithe saincheaptha do bhranda\u00ed agus d\u00e1ileoir\u00ed ar fud an domhain.","publisher":{"@id":"https:\/\/leatai.com\/ga\/#organization"},"potentialAction":[{"@type":"SearchAction","target":{"@type":"EntryPoint","urlTemplate":"https:\/\/leatai.com\/ga\/?s={search_term_string}"},"query-input":{"@type":"PropertyValueSpecification","valueRequired":true,"valueName":"search_term_string"}}],"inLanguage":"ga-IE"},{"@type":"Organization","@id":"https:\/\/leatai.com\/ga\/#organization","name":"Leatai Diary, customized journal and business organizer","url":"https:\/\/leatai.com\/ga\/","logo":{"@type":"ImageObject","inLanguage":"ga-IE","@id":"https:\/\/leatai.com\/ga\/#\/schema\/logo\/image\/","url":"https:\/\/leatai.com\/wp-content\/uploads\/logo-blue.png","contentUrl":"https:\/\/leatai.com\/wp-content\/uploads\/logo-blue.png","width":230,"height":60,"caption":"Leatai Diary, customized journal and business organizer"},"image":{"@id":"https:\/\/leatai.com\/ga\/#\/schema\/logo\/image\/"},"telephone":"+886-2-8227-8800","legalName":"Leatai Stationary Co., Ltd.","description":"A leading notebook factory in Taiwan offering bespoke branding, high-quality binding, and premium paper selections for corporate gifts and stationery wholesale.","address":{"@type":"PostalAddress","streetAddress":"11F., No. 168, Jiankang Rd.","addressLocality":"Zhonghe Dist.","addressRegion":"New Taipei City","postalCode":"235","addressCountry":"TW"},"contactPoint":{"@type":"ContactPoint","telephone":"+886-2-8227-8800","contactType":"sales","areaServed":"Worldwide","availableLanguage":["zh-TW","en"]}}]}},"_links":{"self":[{"href":"https:\/\/leatai.com\/ga\/wp-json\/wp\/v2\/product\/265381","targetHints":{"allow":["GET"]}}],"collection":[{"href":"https:\/\/leatai.com\/ga\/wp-json\/wp\/v2\/product"}],"about":[{"href":"https:\/\/leatai.com\/ga\/wp-json\/wp\/v2\/types\/product"}],"wp:featuredmedia":[{"embeddable":true,"href":"https:\/\/leatai.com\/ga\/wp-json\/wp\/v2\/media\/265382"}],"wp:attachment":[{"href":"https:\/\/leatai.com\/ga\/wp-json\/wp\/v2\/media?parent=265381"}],"wp:term":[{"taxonomy":"product_brand","embeddable":true,"href":"https:\/\/leatai.com\/ga\/wp-json\/wp\/v2\/product_brand?post=265381"},{"taxonomy":"product_cat","embeddable":true,"href":"https:\/\/leatai.com\/ga\/wp-json\/wp\/v2\/product_cat?post=265381"},{"taxonomy":"product_tag","embeddable":true,"href":"https:\/\/leatai.com\/ga\/wp-json\/wp\/v2\/product_tag?post=265381"},{"taxonomy":"home_works","embeddable":true,"href":"https:\/\/leatai.com\/ga\/wp-json\/wp\/v2\/home_works?post=265381"}],"curies":[{"name":"wp","href":"https:\/\/api.w.org\/{rel}","templated":true}]}}