{"id":265376,"date":"2021-06-24T13:23:31","date_gmt":"2021-06-24T05:23:31","guid":{"rendered":"https:\/\/leatai.com\/product\/uncategorized\/tibe-x-leatai\/"},"modified":"2026-01-28T17:22:09","modified_gmt":"2026-01-28T09:22:09","slug":"tibe-x-leatai","status":"publish","type":"product","link":"https:\/\/leatai.com\/ga\/product\/comhoibriu-tras-tionscail\/imeachtai-culturtha-agus-ealaionta\/tibe-x-leatai\/","title":{"rendered":"TIBE x Leatai"},"content":{"rendered":"<p>20180206-0211<\/p>\n<p>Tagann fuinneamh agus beocht Aonach Leabhar Idirn\u00e1isi\u00fanta Taipei \u00f3 rannph\u00e1irt\u00edocht agus \u00f3 dh\u00fathracht fhoilsitheoir\u00ed na T\u00e9av\u00e1ine, agus is le ch\u00e9ile a chrutha\u00edomar an toradh iontach seo. Tr\u00ed \u00e1bhar n\u00edos saibhre, cuirfidh Aonach Leabhar Idirn\u00e1isi\u00fanta Taipei i bhfios \u00e1illeacht agus neart earn\u00e1il fhoilsitheoireachta na T\u00e9av\u00e1ine: go seachtrach, cuirfear i l\u00e1thair r\u00f3l strait\u00e9iseach na T\u00e9av\u00e1ine mar mhol foilsitheoireachta S\u00ednise chun foilsitheoir\u00ed domhanda a mhealladh ar mian leo margadh na S\u00edn\u00edse a fhorbairt; go hinmhe\u00e1nach, l\u00e9ireofar t\u00edrdhreach ilshraitheach na foilsitheoireachta sa T\u00e9av\u00e1in, \u00f3 litr\u00edocht agus neamhfhicsean, leabhair do ph\u00e1ist\u00ed agus anime, go foirmeacha \u00e9ags\u00fala ar n\u00f3s t\u00e9acs, \u00edomh\u00e1nna agus fuaimeanna, agus \u00f3 mhe\u00e1in chl\u00f3ite go digiteacha, ag lean\u00faint ar aghaidh ag t\u00f3g\u00e1il \u00edomh\u00e1 agus c\u00e1il leis an bhf\u00eds chult\u00fartha is leithne.<\/p>\n<p>Is \u00e9 an t-\u00e1bhar an eochair chun tarraingteacht agus mealltacht a mh\u00fanl\u00fa. Bunaithe ar an gcoincheap seo, cuirfimid t\u00fas, i gcomhar le l\u00e9itheoir\u00ed agus le foilsitheoir\u00ed, le heisp\u00e9ireas nua den saol l\u00e9itheoireachta, chun paisean an phobail don l\u00e9itheoireacht a spreagadh agus a neart\u00fa, leibh\u00e9al na l\u00e9itheoireachta a ard\u00fa, agus cine\u00e1l nua f\u00e9ile l\u00e9itheoireachta a chruth\u00fa.<\/p>\n","protected":false},"excerpt":{"rendered":"<p>20180206-0211 Tagann fuinneamh agus beocht Aonach Leabhar Idirn\u00e1isi\u00fanta Taipei \u00f3 rannph\u00e1irt\u00edocht agus \u00f3 dh\u00fathracht fhoilsitheoir\u00ed na T\u00e9av\u00e1ine, agus is le ch\u00e9ile a chrutha\u00edomar an toradh iontach seo. Tr\u00ed \u00e1bhar n\u00edos saibhre, cuirfidh Aonach Leabhar Idirn\u00e1isi\u00fanta Taipei i bhfios \u00e1illeacht agus neart earn\u00e1il fhoilsitheoireachta na T\u00e9av\u00e1ine: go seachtrach, cuirfear i l\u00e1thair r\u00f3l strait\u00e9iseach na T\u00e9av\u00e1ine mar [&hellip;]<\/p>\n","protected":false},"featured_media":265377,"template":"","meta":{"_acf_changed":false},"product_brand":[],"product_cat":[1103],"product_tag":[],"home_works":[],"class_list":{"0":"post-265376","1":"product","2":"type-product","3":"status-publish","4":"has-post-thumbnail","6":"product_cat-imeachtai-culturtha-agus-ealaionta","8":"first","9":"instock","10":"sold-individually","11":"shipping-taxable","12":"purchasable","13":"product-type-simple"},"acf":[],"yoast_head":"<!-- This site is optimized with the Yoast SEO plugin v27.2 - https:\/\/yoast.com\/product\/yoast-seo-wordpress\/ -->\n<title>TIBE x Leatai - Leatai \u2013 Monar\u00f3ir Leabhair N\u00f3ta\u00ed Saincheaptha<\/title>\n<meta name=\"robots\" content=\"index, follow, max-snippet:-1, max-image-preview:large, max-video-preview:-1\" \/>\n<link rel=\"canonical\" href=\"https:\/\/leatai.com\/ga\/product\/comhoibriu-tras-tionscail\/imeachtai-culturtha-agus-ealaionta\/tibe-x-leatai\/\" \/>\n<meta property=\"og:locale\" content=\"ga_IE\" \/>\n<meta property=\"og:type\" content=\"article\" \/>\n<meta property=\"og:title\" content=\"TIBE x Leatai - Leatai \u2013 Monar\u00f3ir Leabhair N\u00f3ta\u00ed Saincheaptha\" \/>\n<meta property=\"og:description\" content=\"20180206-0211 Tagann fuinneamh agus beocht Aonach Leabhar Idirn\u00e1isi\u00fanta Taipei \u00f3 rannph\u00e1irt\u00edocht agus \u00f3 dh\u00fathracht fhoilsitheoir\u00ed na T\u00e9av\u00e1ine, agus is le ch\u00e9ile a chrutha\u00edomar an toradh iontach seo. Tr\u00ed \u00e1bhar n\u00edos saibhre, cuirfidh Aonach Leabhar Idirn\u00e1isi\u00fanta Taipei i bhfios \u00e1illeacht agus neart earn\u00e1il fhoilsitheoireachta na T\u00e9av\u00e1ine: go seachtrach, cuirfear i l\u00e1thair r\u00f3l strait\u00e9iseach na T\u00e9av\u00e1ine mar [&hellip;]\" \/>\n<meta property=\"og:url\" content=\"https:\/\/leatai.com\/ga\/product\/comhoibriu-tras-tionscail\/imeachtai-culturtha-agus-ealaionta\/tibe-x-leatai\/\" \/>\n<meta property=\"og:site_name\" content=\"Leatai \u2013 Monar\u00f3ir Leabhair N\u00f3ta\u00ed Saincheaptha\" \/>\n<meta property=\"article:modified_time\" content=\"2026-01-28T09:22:09+00:00\" \/>\n<meta property=\"og:image\" content=\"https:\/\/leatai.com\/wp-content\/uploads\/2020_06_19_1346150.jpg\" \/>\n\t<meta property=\"og:image:width\" content=\"1000\" \/>\n\t<meta property=\"og:image:height\" content=\"750\" \/>\n\t<meta property=\"og:image:type\" content=\"image\/jpeg\" \/>\n<meta name=\"twitter:card\" content=\"summary_large_image\" \/>\n<meta name=\"twitter:label1\" content=\"Est. reading time\" \/>\n\t<meta name=\"twitter:data1\" content=\"2 minutes\" \/>\n<script type=\"application\/ld+json\" class=\"yoast-schema-graph\">{\"@context\":\"https:\/\/schema.org\",\"@graph\":[{\"@type\":\"WebPage\",\"@id\":\"https:\/\/leatai.com\/ga\/product\/comhoibriu-tras-tionscail\/imeachtai-culturtha-agus-ealaionta\/tibe-x-leatai\/\",\"url\":\"https:\/\/leatai.com\/ga\/product\/comhoibriu-tras-tionscail\/imeachtai-culturtha-agus-ealaionta\/tibe-x-leatai\/\",\"name\":\"TIBE x Leatai - Leatai \u2013 Monar\u00f3ir Leabhair N\u00f3ta\u00ed Saincheaptha\",\"isPartOf\":{\"@id\":\"https:\/\/leatai.com\/ga\/#website\"},\"primaryImageOfPage\":{\"@id\":\"https:\/\/leatai.com\/ga\/product\/comhoibriu-tras-tionscail\/imeachtai-culturtha-agus-ealaionta\/tibe-x-leatai\/#primaryimage\"},\"image\":{\"@id\":\"https:\/\/leatai.com\/ga\/product\/comhoibriu-tras-tionscail\/imeachtai-culturtha-agus-ealaionta\/tibe-x-leatai\/#primaryimage\"},\"thumbnailUrl\":\"https:\/\/leatai.com\/wp-content\/uploads\/2020_06_19_1346150.jpg\",\"datePublished\":\"2021-06-24T05:23:31+00:00\",\"dateModified\":\"2026-01-28T09:22:09+00:00\",\"breadcrumb\":{\"@id\":\"https:\/\/leatai.com\/ga\/product\/comhoibriu-tras-tionscail\/imeachtai-culturtha-agus-ealaionta\/tibe-x-leatai\/#breadcrumb\"},\"inLanguage\":\"ga-IE\",\"potentialAction\":[{\"@type\":\"ReadAction\",\"target\":[\"https:\/\/leatai.com\/ga\/product\/comhoibriu-tras-tionscail\/imeachtai-culturtha-agus-ealaionta\/tibe-x-leatai\/\"]}]},{\"@type\":\"ImageObject\",\"inLanguage\":\"ga-IE\",\"@id\":\"https:\/\/leatai.com\/ga\/product\/comhoibriu-tras-tionscail\/imeachtai-culturtha-agus-ealaionta\/tibe-x-leatai\/#primaryimage\",\"url\":\"https:\/\/leatai.com\/wp-content\/uploads\/2020_06_19_1346150.jpg\",\"contentUrl\":\"https:\/\/leatai.com\/wp-content\/uploads\/2020_06_19_1346150.jpg\",\"width\":1000,\"height\":750},{\"@type\":\"BreadcrumbList\",\"@id\":\"https:\/\/leatai.com\/ga\/product\/comhoibriu-tras-tionscail\/imeachtai-culturtha-agus-ealaionta\/tibe-x-leatai\/#breadcrumb\",\"itemListElement\":[{\"@type\":\"ListItem\",\"position\":1,\"name\":\"Home\",\"item\":\"https:\/\/leatai.com\/ga\/\"},{\"@type\":\"ListItem\",\"position\":2,\"name\":\"Cur i l\u00e1thair T\u00e1irg\u00ed\",\"item\":\"https:\/\/leatai.com\/products\/\"},{\"@type\":\"ListItem\",\"position\":3,\"name\":\"Comhoibri\u00fa Tras-Tionscail\",\"item\":\"https:\/\/leatai.com\/ga\/product-category\/comhoibriu-tras-tionscail\/\"},{\"@type\":\"ListItem\",\"position\":4,\"name\":\"Imeachta\u00ed Cult\u00fartha agus Eala\u00edonta\",\"item\":\"https:\/\/leatai.com\/ga\/product-category\/comhoibriu-tras-tionscail\/imeachtai-culturtha-agus-ealaionta\/\"},{\"@type\":\"ListItem\",\"position\":5,\"name\":\"TIBE x Leatai\"}]},{\"@type\":\"WebSite\",\"@id\":\"https:\/\/leatai.com\/ga\/#website\",\"url\":\"https:\/\/leatai.com\/ga\/\",\"name\":\"Leatai \u2013 Monar\u00f3ir Leabhair N\u00f3ta\u00ed Saincheaptha\",\"description\":\"Sol\u00e1thra\u00edonn Leatai leabhair n\u00f3ta\u00ed agus plean\u00e1laithe saincheaptha do bhranda\u00ed agus d\u00e1ileoir\u00ed ar fud an domhain.\",\"publisher\":{\"@id\":\"https:\/\/leatai.com\/ga\/#organization\"},\"potentialAction\":[{\"@type\":\"SearchAction\",\"target\":{\"@type\":\"EntryPoint\",\"urlTemplate\":\"https:\/\/leatai.com\/ga\/?s={search_term_string}\"},\"query-input\":{\"@type\":\"PropertyValueSpecification\",\"valueRequired\":true,\"valueName\":\"search_term_string\"}}],\"inLanguage\":\"ga-IE\"},{\"@type\":\"Organization\",\"@id\":\"https:\/\/leatai.com\/ga\/#organization\",\"name\":\"Leatai Diary, customized journal and business organizer\",\"url\":\"https:\/\/leatai.com\/ga\/\",\"logo\":{\"@type\":\"ImageObject\",\"inLanguage\":\"ga-IE\",\"@id\":\"https:\/\/leatai.com\/ga\/#\/schema\/logo\/image\/\",\"url\":\"https:\/\/leatai.com\/wp-content\/uploads\/logo-blue.png\",\"contentUrl\":\"https:\/\/leatai.com\/wp-content\/uploads\/logo-blue.png\",\"width\":230,\"height\":60,\"caption\":\"Leatai Diary, customized journal and business organizer\"},\"image\":{\"@id\":\"https:\/\/leatai.com\/ga\/#\/schema\/logo\/image\/\"},\"telephone\":\"+886-2-8227-8800\",\"legalName\":\"Leatai Stationary Co., Ltd.\",\"description\":\"A leading notebook factory in Taiwan offering bespoke branding, high-quality binding, and premium paper selections for corporate gifts and stationery wholesale.\",\"address\":{\"@type\":\"PostalAddress\",\"streetAddress\":\"11F., No. 168, Jiankang Rd.\",\"addressLocality\":\"Zhonghe Dist.\",\"addressRegion\":\"New Taipei City\",\"postalCode\":\"235\",\"addressCountry\":\"TW\"},\"contactPoint\":{\"@type\":\"ContactPoint\",\"telephone\":\"+886-2-8227-8800\",\"contactType\":\"sales\",\"areaServed\":\"Worldwide\",\"availableLanguage\":[\"zh-TW\",\"en\"]}}]}<\/script>\n<!-- \/ Yoast SEO plugin. -->","yoast_head_json":{"title":"TIBE x Leatai - Leatai \u2013 Monar\u00f3ir Leabhair N\u00f3ta\u00ed Saincheaptha","robots":{"index":"index","follow":"follow","max-snippet":"max-snippet:-1","max-image-preview":"max-image-preview:large","max-video-preview":"max-video-preview:-1"},"canonical":"https:\/\/leatai.com\/ga\/product\/comhoibriu-tras-tionscail\/imeachtai-culturtha-agus-ealaionta\/tibe-x-leatai\/","og_locale":"ga_IE","og_type":"article","og_title":"TIBE x Leatai - Leatai \u2013 Monar\u00f3ir Leabhair N\u00f3ta\u00ed Saincheaptha","og_description":"20180206-0211 Tagann fuinneamh agus beocht Aonach Leabhar Idirn\u00e1isi\u00fanta Taipei \u00f3 rannph\u00e1irt\u00edocht agus \u00f3 dh\u00fathracht fhoilsitheoir\u00ed na T\u00e9av\u00e1ine, agus is le ch\u00e9ile a chrutha\u00edomar an toradh iontach seo. Tr\u00ed \u00e1bhar n\u00edos saibhre, cuirfidh Aonach Leabhar Idirn\u00e1isi\u00fanta Taipei i bhfios \u00e1illeacht agus neart earn\u00e1il fhoilsitheoireachta na T\u00e9av\u00e1ine: go seachtrach, cuirfear i l\u00e1thair r\u00f3l strait\u00e9iseach na T\u00e9av\u00e1ine mar [&hellip;]","og_url":"https:\/\/leatai.com\/ga\/product\/comhoibriu-tras-tionscail\/imeachtai-culturtha-agus-ealaionta\/tibe-x-leatai\/","og_site_name":"Leatai \u2013 Monar\u00f3ir Leabhair N\u00f3ta\u00ed Saincheaptha","article_modified_time":"2026-01-28T09:22:09+00:00","og_image":[{"width":1000,"height":750,"url":"https:\/\/leatai.com\/wp-content\/uploads\/2020_06_19_1346150.jpg","type":"image\/jpeg"}],"twitter_card":"summary_large_image","twitter_misc":{"Est. reading time":"2 minutes"},"schema":{"@context":"https:\/\/schema.org","@graph":[{"@type":"WebPage","@id":"https:\/\/leatai.com\/ga\/product\/comhoibriu-tras-tionscail\/imeachtai-culturtha-agus-ealaionta\/tibe-x-leatai\/","url":"https:\/\/leatai.com\/ga\/product\/comhoibriu-tras-tionscail\/imeachtai-culturtha-agus-ealaionta\/tibe-x-leatai\/","name":"TIBE x Leatai - Leatai \u2013 Monar\u00f3ir Leabhair N\u00f3ta\u00ed Saincheaptha","isPartOf":{"@id":"https:\/\/leatai.com\/ga\/#website"},"primaryImageOfPage":{"@id":"https:\/\/leatai.com\/ga\/product\/comhoibriu-tras-tionscail\/imeachtai-culturtha-agus-ealaionta\/tibe-x-leatai\/#primaryimage"},"image":{"@id":"https:\/\/leatai.com\/ga\/product\/comhoibriu-tras-tionscail\/imeachtai-culturtha-agus-ealaionta\/tibe-x-leatai\/#primaryimage"},"thumbnailUrl":"https:\/\/leatai.com\/wp-content\/uploads\/2020_06_19_1346150.jpg","datePublished":"2021-06-24T05:23:31+00:00","dateModified":"2026-01-28T09:22:09+00:00","breadcrumb":{"@id":"https:\/\/leatai.com\/ga\/product\/comhoibriu-tras-tionscail\/imeachtai-culturtha-agus-ealaionta\/tibe-x-leatai\/#breadcrumb"},"inLanguage":"ga-IE","potentialAction":[{"@type":"ReadAction","target":["https:\/\/leatai.com\/ga\/product\/comhoibriu-tras-tionscail\/imeachtai-culturtha-agus-ealaionta\/tibe-x-leatai\/"]}]},{"@type":"ImageObject","inLanguage":"ga-IE","@id":"https:\/\/leatai.com\/ga\/product\/comhoibriu-tras-tionscail\/imeachtai-culturtha-agus-ealaionta\/tibe-x-leatai\/#primaryimage","url":"https:\/\/leatai.com\/wp-content\/uploads\/2020_06_19_1346150.jpg","contentUrl":"https:\/\/leatai.com\/wp-content\/uploads\/2020_06_19_1346150.jpg","width":1000,"height":750},{"@type":"BreadcrumbList","@id":"https:\/\/leatai.com\/ga\/product\/comhoibriu-tras-tionscail\/imeachtai-culturtha-agus-ealaionta\/tibe-x-leatai\/#breadcrumb","itemListElement":[{"@type":"ListItem","position":1,"name":"Home","item":"https:\/\/leatai.com\/ga\/"},{"@type":"ListItem","position":2,"name":"Cur i l\u00e1thair T\u00e1irg\u00ed","item":"https:\/\/leatai.com\/products\/"},{"@type":"ListItem","position":3,"name":"Comhoibri\u00fa Tras-Tionscail","item":"https:\/\/leatai.com\/ga\/product-category\/comhoibriu-tras-tionscail\/"},{"@type":"ListItem","position":4,"name":"Imeachta\u00ed Cult\u00fartha agus Eala\u00edonta","item":"https:\/\/leatai.com\/ga\/product-category\/comhoibriu-tras-tionscail\/imeachtai-culturtha-agus-ealaionta\/"},{"@type":"ListItem","position":5,"name":"TIBE x Leatai"}]},{"@type":"WebSite","@id":"https:\/\/leatai.com\/ga\/#website","url":"https:\/\/leatai.com\/ga\/","name":"Leatai \u2013 Monar\u00f3ir Leabhair N\u00f3ta\u00ed Saincheaptha","description":"Sol\u00e1thra\u00edonn Leatai leabhair n\u00f3ta\u00ed agus plean\u00e1laithe saincheaptha do bhranda\u00ed agus d\u00e1ileoir\u00ed ar fud an domhain.","publisher":{"@id":"https:\/\/leatai.com\/ga\/#organization"},"potentialAction":[{"@type":"SearchAction","target":{"@type":"EntryPoint","urlTemplate":"https:\/\/leatai.com\/ga\/?s={search_term_string}"},"query-input":{"@type":"PropertyValueSpecification","valueRequired":true,"valueName":"search_term_string"}}],"inLanguage":"ga-IE"},{"@type":"Organization","@id":"https:\/\/leatai.com\/ga\/#organization","name":"Leatai Diary, customized journal and business organizer","url":"https:\/\/leatai.com\/ga\/","logo":{"@type":"ImageObject","inLanguage":"ga-IE","@id":"https:\/\/leatai.com\/ga\/#\/schema\/logo\/image\/","url":"https:\/\/leatai.com\/wp-content\/uploads\/logo-blue.png","contentUrl":"https:\/\/leatai.com\/wp-content\/uploads\/logo-blue.png","width":230,"height":60,"caption":"Leatai Diary, customized journal and business organizer"},"image":{"@id":"https:\/\/leatai.com\/ga\/#\/schema\/logo\/image\/"},"telephone":"+886-2-8227-8800","legalName":"Leatai Stationary Co., Ltd.","description":"A leading notebook factory in Taiwan offering bespoke branding, high-quality binding, and premium paper selections for corporate gifts and stationery wholesale.","address":{"@type":"PostalAddress","streetAddress":"11F., No. 168, Jiankang Rd.","addressLocality":"Zhonghe Dist.","addressRegion":"New Taipei City","postalCode":"235","addressCountry":"TW"},"contactPoint":{"@type":"ContactPoint","telephone":"+886-2-8227-8800","contactType":"sales","areaServed":"Worldwide","availableLanguage":["zh-TW","en"]}}]}},"_links":{"self":[{"href":"https:\/\/leatai.com\/ga\/wp-json\/wp\/v2\/product\/265376","targetHints":{"allow":["GET"]}}],"collection":[{"href":"https:\/\/leatai.com\/ga\/wp-json\/wp\/v2\/product"}],"about":[{"href":"https:\/\/leatai.com\/ga\/wp-json\/wp\/v2\/types\/product"}],"wp:featuredmedia":[{"embeddable":true,"href":"https:\/\/leatai.com\/ga\/wp-json\/wp\/v2\/media\/265377"}],"wp:attachment":[{"href":"https:\/\/leatai.com\/ga\/wp-json\/wp\/v2\/media?parent=265376"}],"wp:term":[{"taxonomy":"product_brand","embeddable":true,"href":"https:\/\/leatai.com\/ga\/wp-json\/wp\/v2\/product_brand?post=265376"},{"taxonomy":"product_cat","embeddable":true,"href":"https:\/\/leatai.com\/ga\/wp-json\/wp\/v2\/product_cat?post=265376"},{"taxonomy":"product_tag","embeddable":true,"href":"https:\/\/leatai.com\/ga\/wp-json\/wp\/v2\/product_tag?post=265376"},{"taxonomy":"home_works","embeddable":true,"href":"https:\/\/leatai.com\/ga\/wp-json\/wp\/v2\/home_works?post=265376"}],"curies":[{"name":"wp","href":"https:\/\/api.w.org\/{rel}","templated":true}]}}