{"id":265359,"date":"2021-06-24T13:23:56","date_gmt":"2021-06-24T05:23:56","guid":{"rendered":"https:\/\/leatai.com\/product\/uncategorized\/cola-films-x-leatai-2\/"},"modified":"2026-01-28T16:05:25","modified_gmt":"2026-01-28T08:05:25","slug":"cola-films-x-leatai-2","status":"publish","type":"product","link":"https:\/\/leatai.com\/ga\/product\/comhoibriu-tras-tionscail\/tionscal-na-scannan\/cola-films-x-leatai-2\/","title":{"rendered":"Cola films x Leatai"},"content":{"rendered":"<p>\u2605 An clasaiceach eipici\u00fail is consp\u00f3id\u00ed le Luc Besson<br \/>\n\u2605 Ocht n-ainmni\u00fach\u00e1n ag an 25\u00fa Gradam C\u00e9sar na Fraince, buaiteoir dh\u00e1 mh\u00f3rghradam: an Dearadh Cultacha is Fearr agus an Fhuaim is Fearr<br \/>\n\u2605 Saothar cro\u00ed\u00fail cruthaithe i gcomhar idir Luc Besson agus a bhean ch\u00e9ile ag an am, an t-aisteoir Milla Jovovich<br \/>\n\u2605 Comhoibri\u00fa idir aisteoir\u00ed cumasacha iomad\u00fala, ag l\u00e9iri\u00fa sampla den scoth d\u2019fheidhm\u00edocht aisteoireachta<\/p>\n<p>\u27a2 S\u00e1rshaothar eipici\u00fail ollmh\u00f3r agus consp\u00f3ideach \u00f3 sti\u00farth\u00f3ir m\u00f3r le r\u00e1 Luc Besson, clasaiceach laochra cogaidh ban nach m\u00f3r a fheice\u00e1il uair amh\u00e1in sa saol!<\/p>\n","protected":false},"excerpt":{"rendered":"<p>\u2605 An clasaiceach eipici\u00fail is consp\u00f3id\u00ed le Luc Besson \u2605 Ocht n-ainmni\u00fach\u00e1n ag an 25\u00fa Gradam C\u00e9sar na Fraince, buaiteoir dh\u00e1 mh\u00f3rghradam: an Dearadh Cultacha is Fearr agus an Fhuaim is Fearr \u2605 Saothar cro\u00ed\u00fail cruthaithe i gcomhar idir Luc Besson agus a bhean ch\u00e9ile ag an am, an t-aisteoir Milla Jovovich \u2605 Comhoibri\u00fa idir [&hellip;]<\/p>\n","protected":false},"featured_media":265360,"template":"","meta":{"_acf_changed":false},"product_brand":[],"product_cat":[1090],"product_tag":[],"home_works":[],"class_list":{"0":"post-265359","1":"product","2":"type-product","3":"status-publish","4":"has-post-thumbnail","6":"product_cat-tionscal-na-scannan","8":"first","9":"instock","10":"sold-individually","11":"shipping-taxable","12":"purchasable","13":"product-type-simple"},"acf":[],"yoast_head":"<!-- This site is optimized with the Yoast SEO plugin v27.2 - https:\/\/yoast.com\/product\/yoast-seo-wordpress\/ -->\n<title>Cola films x Leatai - Leabhar n\u00f3ta\u00ed comhbhrand\u00e1ilte Naomh Eoin na hArca (Joan of Arc) - Leatai \u2013 Monar\u00f3ir Leabhair N\u00f3ta\u00ed Saincheaptha<\/title>\n<meta name=\"description\" content=\"S\u00e1rshaothar eipici\u00fail ollmh\u00f3r agus consp\u00f3ideach \u00f3 sti\u00farth\u00f3ir m\u00f3r le r\u00e1 Luc Besson, clasaiceach laochra cogaidh ban nach m\u00f3r a fheice\u00e1il uair amh\u00e1in sa saol! Saothar cro\u00ed\u00fail agus cumhachtach cruthaithe i gcomhar idir Luc Besson agus a bhean ch\u00e9ile ag an am, an t-aisteoir Milla Jovovich. Ath-eisi\u00faint nach f\u00e9idir a chailleadh, leabhar n\u00f3ta\u00ed comhbhrand\u00e1ilte Naomh Eoin na hArca ar fi\u00fa \u00e9 a bhaili\u00fa.\" \/>\n<meta name=\"robots\" content=\"index, follow, max-snippet:-1, max-image-preview:large, max-video-preview:-1\" \/>\n<link rel=\"canonical\" href=\"https:\/\/leatai.com\/ga\/product\/comhoibriu-tras-tionscail\/tionscal-na-scannan\/cola-films-x-leatai-2\/\" \/>\n<meta property=\"og:locale\" content=\"ga_IE\" \/>\n<meta property=\"og:type\" content=\"article\" \/>\n<meta property=\"og:title\" content=\"Cola films x Leatai - Leabhar n\u00f3ta\u00ed comhbhrand\u00e1ilte Naomh Eoin na hArca (Joan of Arc) - Leatai \u2013 Monar\u00f3ir Leabhair N\u00f3ta\u00ed Saincheaptha\" \/>\n<meta property=\"og:description\" content=\"S\u00e1rshaothar eipici\u00fail ollmh\u00f3r agus consp\u00f3ideach \u00f3 sti\u00farth\u00f3ir m\u00f3r le r\u00e1 Luc Besson, clasaiceach laochra cogaidh ban nach m\u00f3r a fheice\u00e1il uair amh\u00e1in sa saol! Saothar cro\u00ed\u00fail agus cumhachtach cruthaithe i gcomhar idir Luc Besson agus a bhean ch\u00e9ile ag an am, an t-aisteoir Milla Jovovich. Ath-eisi\u00faint nach f\u00e9idir a chailleadh, leabhar n\u00f3ta\u00ed comhbhrand\u00e1ilte Naomh Eoin na hArca ar fi\u00fa \u00e9 a bhaili\u00fa.\" \/>\n<meta property=\"og:url\" content=\"https:\/\/leatai.com\/ga\/product\/comhoibriu-tras-tionscail\/tionscal-na-scannan\/cola-films-x-leatai-2\/\" \/>\n<meta property=\"og:site_name\" content=\"Leatai \u2013 Monar\u00f3ir Leabhair N\u00f3ta\u00ed Saincheaptha\" \/>\n<meta property=\"article:modified_time\" content=\"2026-01-28T08:05:25+00:00\" \/>\n<meta property=\"og:image\" content=\"https:\/\/leatai.com\/wp-content\/uploads\/2020_07_07_1418530.jpg\" \/>\n\t<meta property=\"og:image:width\" content=\"1000\" \/>\n\t<meta property=\"og:image:height\" content=\"750\" \/>\n\t<meta property=\"og:image:type\" content=\"image\/jpeg\" \/>\n<meta name=\"twitter:card\" content=\"summary_large_image\" \/>\n<meta name=\"twitter:label1\" content=\"Est. reading time\" \/>\n\t<meta name=\"twitter:data1\" content=\"1 minute\" \/>\n<script type=\"application\/ld+json\" class=\"yoast-schema-graph\">{\"@context\":\"https:\/\/schema.org\",\"@graph\":[{\"@type\":\"WebPage\",\"@id\":\"https:\/\/leatai.com\/ga\/product\/comhoibriu-tras-tionscail\/tionscal-na-scannan\/cola-films-x-leatai-2\/\",\"url\":\"https:\/\/leatai.com\/ga\/product\/comhoibriu-tras-tionscail\/tionscal-na-scannan\/cola-films-x-leatai-2\/\",\"name\":\"Cola films x Leatai - Leabhar n\u00f3ta\u00ed comhbhrand\u00e1ilte Naomh Eoin na hArca (Joan of Arc) - Leatai \u2013 Monar\u00f3ir Leabhair N\u00f3ta\u00ed Saincheaptha\",\"isPartOf\":{\"@id\":\"https:\/\/leatai.com\/ga\/#website\"},\"primaryImageOfPage\":{\"@id\":\"https:\/\/leatai.com\/ga\/product\/comhoibriu-tras-tionscail\/tionscal-na-scannan\/cola-films-x-leatai-2\/#primaryimage\"},\"image\":{\"@id\":\"https:\/\/leatai.com\/ga\/product\/comhoibriu-tras-tionscail\/tionscal-na-scannan\/cola-films-x-leatai-2\/#primaryimage\"},\"thumbnailUrl\":\"https:\/\/leatai.com\/wp-content\/uploads\/2020_07_07_1418530.jpg\",\"datePublished\":\"2021-06-24T05:23:56+00:00\",\"dateModified\":\"2026-01-28T08:05:25+00:00\",\"description\":\"S\u00e1rshaothar eipici\u00fail ollmh\u00f3r agus consp\u00f3ideach \u00f3 sti\u00farth\u00f3ir m\u00f3r le r\u00e1 Luc Besson, clasaiceach laochra cogaidh ban nach m\u00f3r a fheice\u00e1il uair amh\u00e1in sa saol! Saothar cro\u00ed\u00fail agus cumhachtach cruthaithe i gcomhar idir Luc Besson agus a bhean ch\u00e9ile ag an am, an t-aisteoir Milla Jovovich. Ath-eisi\u00faint nach f\u00e9idir a chailleadh, leabhar n\u00f3ta\u00ed comhbhrand\u00e1ilte Naomh Eoin na hArca ar fi\u00fa \u00e9 a bhaili\u00fa.\",\"breadcrumb\":{\"@id\":\"https:\/\/leatai.com\/ga\/product\/comhoibriu-tras-tionscail\/tionscal-na-scannan\/cola-films-x-leatai-2\/#breadcrumb\"},\"inLanguage\":\"ga-IE\",\"potentialAction\":[{\"@type\":\"ReadAction\",\"target\":[\"https:\/\/leatai.com\/ga\/product\/comhoibriu-tras-tionscail\/tionscal-na-scannan\/cola-films-x-leatai-2\/\"]}]},{\"@type\":\"ImageObject\",\"inLanguage\":\"ga-IE\",\"@id\":\"https:\/\/leatai.com\/ga\/product\/comhoibriu-tras-tionscail\/tionscal-na-scannan\/cola-films-x-leatai-2\/#primaryimage\",\"url\":\"https:\/\/leatai.com\/wp-content\/uploads\/2020_07_07_1418530.jpg\",\"contentUrl\":\"https:\/\/leatai.com\/wp-content\/uploads\/2020_07_07_1418530.jpg\",\"width\":1000,\"height\":750,\"caption\":\"Leabhar n\u00f3ta\u00ed comhbhrand\u00e1ilte Naomh Eoin na hArca (Joan of Arc)\"},{\"@type\":\"BreadcrumbList\",\"@id\":\"https:\/\/leatai.com\/ga\/product\/comhoibriu-tras-tionscail\/tionscal-na-scannan\/cola-films-x-leatai-2\/#breadcrumb\",\"itemListElement\":[{\"@type\":\"ListItem\",\"position\":1,\"name\":\"Home\",\"item\":\"https:\/\/leatai.com\/ga\/\"},{\"@type\":\"ListItem\",\"position\":2,\"name\":\"Cur i l\u00e1thair T\u00e1irg\u00ed\",\"item\":\"https:\/\/leatai.com\/products\/\"},{\"@type\":\"ListItem\",\"position\":3,\"name\":\"Comhoibri\u00fa Tras-Tionscail\",\"item\":\"https:\/\/leatai.com\/ga\/product-category\/comhoibriu-tras-tionscail\/\"},{\"@type\":\"ListItem\",\"position\":4,\"name\":\"Tionscal na Scann\u00e1n\",\"item\":\"https:\/\/leatai.com\/ga\/product-category\/comhoibriu-tras-tionscail\/tionscal-na-scannan\/\"},{\"@type\":\"ListItem\",\"position\":5,\"name\":\"Cola films x Leatai\"}]},{\"@type\":\"WebSite\",\"@id\":\"https:\/\/leatai.com\/ga\/#website\",\"url\":\"https:\/\/leatai.com\/ga\/\",\"name\":\"Leatai \u2013 Monar\u00f3ir Leabhair N\u00f3ta\u00ed Saincheaptha\",\"description\":\"Sol\u00e1thra\u00edonn Leatai leabhair n\u00f3ta\u00ed agus plean\u00e1laithe saincheaptha do bhranda\u00ed agus d\u00e1ileoir\u00ed ar fud an domhain.\",\"publisher\":{\"@id\":\"https:\/\/leatai.com\/ga\/#organization\"},\"potentialAction\":[{\"@type\":\"SearchAction\",\"target\":{\"@type\":\"EntryPoint\",\"urlTemplate\":\"https:\/\/leatai.com\/ga\/?s={search_term_string}\"},\"query-input\":{\"@type\":\"PropertyValueSpecification\",\"valueRequired\":true,\"valueName\":\"search_term_string\"}}],\"inLanguage\":\"ga-IE\"},{\"@type\":\"Organization\",\"@id\":\"https:\/\/leatai.com\/ga\/#organization\",\"name\":\"Leatai Diary, customized journal and business organizer\",\"url\":\"https:\/\/leatai.com\/ga\/\",\"logo\":{\"@type\":\"ImageObject\",\"inLanguage\":\"ga-IE\",\"@id\":\"https:\/\/leatai.com\/ga\/#\/schema\/logo\/image\/\",\"url\":\"https:\/\/leatai.com\/wp-content\/uploads\/logo-blue.png\",\"contentUrl\":\"https:\/\/leatai.com\/wp-content\/uploads\/logo-blue.png\",\"width\":230,\"height\":60,\"caption\":\"Leatai Diary, customized journal and business organizer\"},\"image\":{\"@id\":\"https:\/\/leatai.com\/ga\/#\/schema\/logo\/image\/\"}}]}<\/script>\n<!-- \/ Yoast SEO plugin. -->","yoast_head_json":{"title":"Cola films x Leatai - Leabhar n\u00f3ta\u00ed comhbhrand\u00e1ilte Naomh Eoin na hArca (Joan of Arc) - Leatai \u2013 Monar\u00f3ir Leabhair N\u00f3ta\u00ed Saincheaptha","description":"S\u00e1rshaothar eipici\u00fail ollmh\u00f3r agus consp\u00f3ideach \u00f3 sti\u00farth\u00f3ir m\u00f3r le r\u00e1 Luc Besson, clasaiceach laochra cogaidh ban nach m\u00f3r a fheice\u00e1il uair amh\u00e1in sa saol! Saothar cro\u00ed\u00fail agus cumhachtach cruthaithe i gcomhar idir Luc Besson agus a bhean ch\u00e9ile ag an am, an t-aisteoir Milla Jovovich. Ath-eisi\u00faint nach f\u00e9idir a chailleadh, leabhar n\u00f3ta\u00ed comhbhrand\u00e1ilte Naomh Eoin na hArca ar fi\u00fa \u00e9 a bhaili\u00fa.","robots":{"index":"index","follow":"follow","max-snippet":"max-snippet:-1","max-image-preview":"max-image-preview:large","max-video-preview":"max-video-preview:-1"},"canonical":"https:\/\/leatai.com\/ga\/product\/comhoibriu-tras-tionscail\/tionscal-na-scannan\/cola-films-x-leatai-2\/","og_locale":"ga_IE","og_type":"article","og_title":"Cola films x Leatai - Leabhar n\u00f3ta\u00ed comhbhrand\u00e1ilte Naomh Eoin na hArca (Joan of Arc) - Leatai \u2013 Monar\u00f3ir Leabhair N\u00f3ta\u00ed Saincheaptha","og_description":"S\u00e1rshaothar eipici\u00fail ollmh\u00f3r agus consp\u00f3ideach \u00f3 sti\u00farth\u00f3ir m\u00f3r le r\u00e1 Luc Besson, clasaiceach laochra cogaidh ban nach m\u00f3r a fheice\u00e1il uair amh\u00e1in sa saol! Saothar cro\u00ed\u00fail agus cumhachtach cruthaithe i gcomhar idir Luc Besson agus a bhean ch\u00e9ile ag an am, an t-aisteoir Milla Jovovich. Ath-eisi\u00faint nach f\u00e9idir a chailleadh, leabhar n\u00f3ta\u00ed comhbhrand\u00e1ilte Naomh Eoin na hArca ar fi\u00fa \u00e9 a bhaili\u00fa.","og_url":"https:\/\/leatai.com\/ga\/product\/comhoibriu-tras-tionscail\/tionscal-na-scannan\/cola-films-x-leatai-2\/","og_site_name":"Leatai \u2013 Monar\u00f3ir Leabhair N\u00f3ta\u00ed Saincheaptha","article_modified_time":"2026-01-28T08:05:25+00:00","og_image":[{"width":1000,"height":750,"url":"https:\/\/leatai.com\/wp-content\/uploads\/2020_07_07_1418530.jpg","type":"image\/jpeg"}],"twitter_card":"summary_large_image","twitter_misc":{"Est. reading time":"1 minute"},"schema":{"@context":"https:\/\/schema.org","@graph":[{"@type":"WebPage","@id":"https:\/\/leatai.com\/ga\/product\/comhoibriu-tras-tionscail\/tionscal-na-scannan\/cola-films-x-leatai-2\/","url":"https:\/\/leatai.com\/ga\/product\/comhoibriu-tras-tionscail\/tionscal-na-scannan\/cola-films-x-leatai-2\/","name":"Cola films x Leatai - Leabhar n\u00f3ta\u00ed comhbhrand\u00e1ilte Naomh Eoin na hArca (Joan of Arc) - Leatai \u2013 Monar\u00f3ir Leabhair N\u00f3ta\u00ed Saincheaptha","isPartOf":{"@id":"https:\/\/leatai.com\/ga\/#website"},"primaryImageOfPage":{"@id":"https:\/\/leatai.com\/ga\/product\/comhoibriu-tras-tionscail\/tionscal-na-scannan\/cola-films-x-leatai-2\/#primaryimage"},"image":{"@id":"https:\/\/leatai.com\/ga\/product\/comhoibriu-tras-tionscail\/tionscal-na-scannan\/cola-films-x-leatai-2\/#primaryimage"},"thumbnailUrl":"https:\/\/leatai.com\/wp-content\/uploads\/2020_07_07_1418530.jpg","datePublished":"2021-06-24T05:23:56+00:00","dateModified":"2026-01-28T08:05:25+00:00","description":"S\u00e1rshaothar eipici\u00fail ollmh\u00f3r agus consp\u00f3ideach \u00f3 sti\u00farth\u00f3ir m\u00f3r le r\u00e1 Luc Besson, clasaiceach laochra cogaidh ban nach m\u00f3r a fheice\u00e1il uair amh\u00e1in sa saol! Saothar cro\u00ed\u00fail agus cumhachtach cruthaithe i gcomhar idir Luc Besson agus a bhean ch\u00e9ile ag an am, an t-aisteoir Milla Jovovich. Ath-eisi\u00faint nach f\u00e9idir a chailleadh, leabhar n\u00f3ta\u00ed comhbhrand\u00e1ilte Naomh Eoin na hArca ar fi\u00fa \u00e9 a bhaili\u00fa.","breadcrumb":{"@id":"https:\/\/leatai.com\/ga\/product\/comhoibriu-tras-tionscail\/tionscal-na-scannan\/cola-films-x-leatai-2\/#breadcrumb"},"inLanguage":"ga-IE","potentialAction":[{"@type":"ReadAction","target":["https:\/\/leatai.com\/ga\/product\/comhoibriu-tras-tionscail\/tionscal-na-scannan\/cola-films-x-leatai-2\/"]}]},{"@type":"ImageObject","inLanguage":"ga-IE","@id":"https:\/\/leatai.com\/ga\/product\/comhoibriu-tras-tionscail\/tionscal-na-scannan\/cola-films-x-leatai-2\/#primaryimage","url":"https:\/\/leatai.com\/wp-content\/uploads\/2020_07_07_1418530.jpg","contentUrl":"https:\/\/leatai.com\/wp-content\/uploads\/2020_07_07_1418530.jpg","width":1000,"height":750,"caption":"Leabhar n\u00f3ta\u00ed comhbhrand\u00e1ilte Naomh Eoin na hArca (Joan of Arc)"},{"@type":"BreadcrumbList","@id":"https:\/\/leatai.com\/ga\/product\/comhoibriu-tras-tionscail\/tionscal-na-scannan\/cola-films-x-leatai-2\/#breadcrumb","itemListElement":[{"@type":"ListItem","position":1,"name":"Home","item":"https:\/\/leatai.com\/ga\/"},{"@type":"ListItem","position":2,"name":"Cur i l\u00e1thair T\u00e1irg\u00ed","item":"https:\/\/leatai.com\/products\/"},{"@type":"ListItem","position":3,"name":"Comhoibri\u00fa Tras-Tionscail","item":"https:\/\/leatai.com\/ga\/product-category\/comhoibriu-tras-tionscail\/"},{"@type":"ListItem","position":4,"name":"Tionscal na Scann\u00e1n","item":"https:\/\/leatai.com\/ga\/product-category\/comhoibriu-tras-tionscail\/tionscal-na-scannan\/"},{"@type":"ListItem","position":5,"name":"Cola films x Leatai"}]},{"@type":"WebSite","@id":"https:\/\/leatai.com\/ga\/#website","url":"https:\/\/leatai.com\/ga\/","name":"Leatai \u2013 Monar\u00f3ir Leabhair N\u00f3ta\u00ed Saincheaptha","description":"Sol\u00e1thra\u00edonn Leatai leabhair n\u00f3ta\u00ed agus plean\u00e1laithe saincheaptha do bhranda\u00ed agus d\u00e1ileoir\u00ed ar fud an domhain.","publisher":{"@id":"https:\/\/leatai.com\/ga\/#organization"},"potentialAction":[{"@type":"SearchAction","target":{"@type":"EntryPoint","urlTemplate":"https:\/\/leatai.com\/ga\/?s={search_term_string}"},"query-input":{"@type":"PropertyValueSpecification","valueRequired":true,"valueName":"search_term_string"}}],"inLanguage":"ga-IE"},{"@type":"Organization","@id":"https:\/\/leatai.com\/ga\/#organization","name":"Leatai Diary, customized journal and business organizer","url":"https:\/\/leatai.com\/ga\/","logo":{"@type":"ImageObject","inLanguage":"ga-IE","@id":"https:\/\/leatai.com\/ga\/#\/schema\/logo\/image\/","url":"https:\/\/leatai.com\/wp-content\/uploads\/logo-blue.png","contentUrl":"https:\/\/leatai.com\/wp-content\/uploads\/logo-blue.png","width":230,"height":60,"caption":"Leatai Diary, customized journal and business organizer"},"image":{"@id":"https:\/\/leatai.com\/ga\/#\/schema\/logo\/image\/"}}]}},"_links":{"self":[{"href":"https:\/\/leatai.com\/ga\/wp-json\/wp\/v2\/product\/265359","targetHints":{"allow":["GET"]}}],"collection":[{"href":"https:\/\/leatai.com\/ga\/wp-json\/wp\/v2\/product"}],"about":[{"href":"https:\/\/leatai.com\/ga\/wp-json\/wp\/v2\/types\/product"}],"wp:featuredmedia":[{"embeddable":true,"href":"https:\/\/leatai.com\/ga\/wp-json\/wp\/v2\/media\/265360"}],"wp:attachment":[{"href":"https:\/\/leatai.com\/ga\/wp-json\/wp\/v2\/media?parent=265359"}],"wp:term":[{"taxonomy":"product_brand","embeddable":true,"href":"https:\/\/leatai.com\/ga\/wp-json\/wp\/v2\/product_brand?post=265359"},{"taxonomy":"product_cat","embeddable":true,"href":"https:\/\/leatai.com\/ga\/wp-json\/wp\/v2\/product_cat?post=265359"},{"taxonomy":"product_tag","embeddable":true,"href":"https:\/\/leatai.com\/ga\/wp-json\/wp\/v2\/product_tag?post=265359"},{"taxonomy":"home_works","embeddable":true,"href":"https:\/\/leatai.com\/ga\/wp-json\/wp\/v2\/home_works?post=265359"}],"curies":[{"name":"wp","href":"https:\/\/api.w.org\/{rel}","templated":true}]}}