{"id":265357,"date":"2021-06-24T13:24:25","date_gmt":"2021-06-24T05:24:25","guid":{"rendered":"https:\/\/leatai.com\/product\/uncategorized\/cola-films-x-leatai\/"},"modified":"2026-01-28T16:04:01","modified_gmt":"2026-01-28T08:04:01","slug":"cola-films-x-leatai","status":"publish","type":"product","link":"https:\/\/leatai.com\/ga\/product\/comhoibriu-tras-tionscail\/tionscal-na-scannan\/cola-films-x-leatai\/","title":{"rendered":"Cola films x Leatai"},"content":{"rendered":"<p>Clasaiceach r\u00f3m\u00e1ns\u00fail dosh\u00e1raithe is \u00e1ille leis an sti\u00farth\u00f3ir c\u00e1ili\u00fail Seap\u00e1nach Iwai Shunji, ag filleadh ar an sc\u00e1ile\u00e1n m\u00f3r mar chom\u00f3radh 20 bliain \u00f3na eisi\u00faint i dT\u00e9av\u00e1in, agus ag m\u00fascailt ar\u00eds tonn l\u00e1idir de chumha don r\u00e9 \u00f3rga de dhr\u00e1ma\u00ed Seap\u00e1nacha!<\/p>\n<p>\u201cLitir a seoladh chuig an neamh, ag oscailt dh\u00e1 ghr\u00e1 domhain nach nd\u00e9anfar dearmad orthu go deo\u2026\u201d<\/p>\n","protected":false},"excerpt":{"rendered":"<p>Clasaiceach r\u00f3m\u00e1ns\u00fail dosh\u00e1raithe is \u00e1ille leis an sti\u00farth\u00f3ir c\u00e1ili\u00fail Seap\u00e1nach Iwai Shunji, ag filleadh ar an sc\u00e1ile\u00e1n m\u00f3r mar chom\u00f3radh 20 bliain \u00f3na eisi\u00faint i dT\u00e9av\u00e1in, agus ag m\u00fascailt ar\u00eds tonn l\u00e1idir de chumha don r\u00e9 \u00f3rga de dhr\u00e1ma\u00ed Seap\u00e1nacha! \u201cLitir a seoladh chuig an neamh, ag oscailt dh\u00e1 ghr\u00e1 domhain nach nd\u00e9anfar dearmad orthu [&hellip;]<\/p>\n","protected":false},"featured_media":265358,"template":"","meta":{"_acf_changed":false},"product_brand":[],"product_cat":[1090],"product_tag":[],"home_works":[],"class_list":{"0":"post-265357","1":"product","2":"type-product","3":"status-publish","4":"has-post-thumbnail","6":"product_cat-tionscal-na-scannan","8":"first","9":"instock","10":"sold-individually","11":"shipping-taxable","12":"purchasable","13":"product-type-simple"},"acf":[],"yoast_head":"<!-- This site is optimized with the Yoast SEO plugin v27.2 - https:\/\/yoast.com\/product\/yoast-seo-wordpress\/ -->\n<title>Cola films x Leatai - Athbheochan an Chlasaic \u2013 leabhar n\u00f3ta\u00ed comhbhrand\u00e1ilte - Leatai \u2013 Monar\u00f3ir Leabhair N\u00f3ta\u00ed Saincheaptha<\/title>\n<meta name=\"description\" content=\"Clasaiceach gr\u00e1 dosh\u00e1raithe is \u00e1ille leis an sti\u00farth\u00f3ir c\u00e1ili\u00fail Seap\u00e1nach Iwai Shunji, ag filleadh ar an sc\u00e1ile\u00e1n m\u00f3r mar chom\u00f3radh 20 bliain \u00f3na thaispe\u00e1int i dTaiwan, agus ag spreagadh ar\u00eds tonn l\u00e1idir de chumha don r\u00e9 de dhr\u00e1ma\u00ed Seap\u00e1nacha! \u201cLitir a seoladh chuig an neamh, ag oscailt dh\u00e1 ghr\u00e1 domhain dochuimhne\u2026\u201d\" \/>\n<meta name=\"robots\" content=\"index, follow, max-snippet:-1, max-image-preview:large, max-video-preview:-1\" \/>\n<link rel=\"canonical\" href=\"https:\/\/leatai.com\/ga\/product\/comhoibriu-tras-tionscail\/tionscal-na-scannan\/cola-films-x-leatai\/\" \/>\n<meta property=\"og:locale\" content=\"ga_IE\" \/>\n<meta property=\"og:type\" content=\"article\" \/>\n<meta property=\"og:title\" content=\"Cola films x Leatai - Athbheochan an Chlasaic \u2013 leabhar n\u00f3ta\u00ed comhbhrand\u00e1ilte - Leatai \u2013 Monar\u00f3ir Leabhair N\u00f3ta\u00ed Saincheaptha\" \/>\n<meta property=\"og:description\" content=\"Clasaiceach gr\u00e1 dosh\u00e1raithe is \u00e1ille leis an sti\u00farth\u00f3ir c\u00e1ili\u00fail Seap\u00e1nach Iwai Shunji, ag filleadh ar an sc\u00e1ile\u00e1n m\u00f3r mar chom\u00f3radh 20 bliain \u00f3na thaispe\u00e1int i dTaiwan, agus ag spreagadh ar\u00eds tonn l\u00e1idir de chumha don r\u00e9 de dhr\u00e1ma\u00ed Seap\u00e1nacha! \u201cLitir a seoladh chuig an neamh, ag oscailt dh\u00e1 ghr\u00e1 domhain dochuimhne\u2026\u201d\" \/>\n<meta property=\"og:url\" content=\"https:\/\/leatai.com\/ga\/product\/comhoibriu-tras-tionscail\/tionscal-na-scannan\/cola-films-x-leatai\/\" \/>\n<meta property=\"og:site_name\" content=\"Leatai \u2013 Monar\u00f3ir Leabhair N\u00f3ta\u00ed Saincheaptha\" \/>\n<meta property=\"article:modified_time\" content=\"2026-01-28T08:04:01+00:00\" \/>\n<meta property=\"og:image\" content=\"https:\/\/leatai.com\/wp-content\/uploads\/2020_06_17_1147370.jpg\" \/>\n\t<meta property=\"og:image:width\" content=\"1000\" \/>\n\t<meta property=\"og:image:height\" content=\"750\" \/>\n\t<meta property=\"og:image:type\" content=\"image\/jpeg\" \/>\n<meta name=\"twitter:card\" content=\"summary_large_image\" \/>\n<meta name=\"twitter:label1\" content=\"Est. reading time\" \/>\n\t<meta name=\"twitter:data1\" content=\"1 minute\" \/>\n<script type=\"application\/ld+json\" class=\"yoast-schema-graph\">{\"@context\":\"https:\/\/schema.org\",\"@graph\":[{\"@type\":\"WebPage\",\"@id\":\"https:\/\/leatai.com\/ga\/product\/comhoibriu-tras-tionscail\/tionscal-na-scannan\/cola-films-x-leatai\/\",\"url\":\"https:\/\/leatai.com\/ga\/product\/comhoibriu-tras-tionscail\/tionscal-na-scannan\/cola-films-x-leatai\/\",\"name\":\"Cola films x Leatai - Athbheochan an Chlasaic \u2013 leabhar n\u00f3ta\u00ed comhbhrand\u00e1ilte - Leatai \u2013 Monar\u00f3ir Leabhair N\u00f3ta\u00ed Saincheaptha\",\"isPartOf\":{\"@id\":\"https:\/\/leatai.com\/ga\/#website\"},\"primaryImageOfPage\":{\"@id\":\"https:\/\/leatai.com\/ga\/product\/comhoibriu-tras-tionscail\/tionscal-na-scannan\/cola-films-x-leatai\/#primaryimage\"},\"image\":{\"@id\":\"https:\/\/leatai.com\/ga\/product\/comhoibriu-tras-tionscail\/tionscal-na-scannan\/cola-films-x-leatai\/#primaryimage\"},\"thumbnailUrl\":\"https:\/\/leatai.com\/wp-content\/uploads\/2020_06_17_1147370.jpg\",\"datePublished\":\"2021-06-24T05:24:25+00:00\",\"dateModified\":\"2026-01-28T08:04:01+00:00\",\"description\":\"Clasaiceach gr\u00e1 dosh\u00e1raithe is \u00e1ille leis an sti\u00farth\u00f3ir c\u00e1ili\u00fail Seap\u00e1nach Iwai Shunji, ag filleadh ar an sc\u00e1ile\u00e1n m\u00f3r mar chom\u00f3radh 20 bliain \u00f3na thaispe\u00e1int i dTaiwan, agus ag spreagadh ar\u00eds tonn l\u00e1idir de chumha don r\u00e9 de dhr\u00e1ma\u00ed Seap\u00e1nacha! \u201cLitir a seoladh chuig an neamh, ag oscailt dh\u00e1 ghr\u00e1 domhain dochuimhne\u2026\u201d\",\"breadcrumb\":{\"@id\":\"https:\/\/leatai.com\/ga\/product\/comhoibriu-tras-tionscail\/tionscal-na-scannan\/cola-films-x-leatai\/#breadcrumb\"},\"inLanguage\":\"ga-IE\",\"potentialAction\":[{\"@type\":\"ReadAction\",\"target\":[\"https:\/\/leatai.com\/ga\/product\/comhoibriu-tras-tionscail\/tionscal-na-scannan\/cola-films-x-leatai\/\"]}]},{\"@type\":\"ImageObject\",\"inLanguage\":\"ga-IE\",\"@id\":\"https:\/\/leatai.com\/ga\/product\/comhoibriu-tras-tionscail\/tionscal-na-scannan\/cola-films-x-leatai\/#primaryimage\",\"url\":\"https:\/\/leatai.com\/wp-content\/uploads\/2020_06_17_1147370.jpg\",\"contentUrl\":\"https:\/\/leatai.com\/wp-content\/uploads\/2020_06_17_1147370.jpg\",\"width\":1000,\"height\":750,\"caption\":\"Leabhar n\u00f3ta\u00ed comhbhrand\u00e1ilte\"},{\"@type\":\"BreadcrumbList\",\"@id\":\"https:\/\/leatai.com\/ga\/product\/comhoibriu-tras-tionscail\/tionscal-na-scannan\/cola-films-x-leatai\/#breadcrumb\",\"itemListElement\":[{\"@type\":\"ListItem\",\"position\":1,\"name\":\"Home\",\"item\":\"https:\/\/leatai.com\/ga\/\"},{\"@type\":\"ListItem\",\"position\":2,\"name\":\"Cur i l\u00e1thair T\u00e1irg\u00ed\",\"item\":\"https:\/\/leatai.com\/products\/\"},{\"@type\":\"ListItem\",\"position\":3,\"name\":\"Comhoibri\u00fa Tras-Tionscail\",\"item\":\"https:\/\/leatai.com\/ga\/product-category\/comhoibriu-tras-tionscail\/\"},{\"@type\":\"ListItem\",\"position\":4,\"name\":\"Tionscal na Scann\u00e1n\",\"item\":\"https:\/\/leatai.com\/ga\/product-category\/comhoibriu-tras-tionscail\/tionscal-na-scannan\/\"},{\"@type\":\"ListItem\",\"position\":5,\"name\":\"Cola films x Leatai\"}]},{\"@type\":\"WebSite\",\"@id\":\"https:\/\/leatai.com\/ga\/#website\",\"url\":\"https:\/\/leatai.com\/ga\/\",\"name\":\"Leatai \u2013 Monar\u00f3ir Leabhair N\u00f3ta\u00ed Saincheaptha\",\"description\":\"Sol\u00e1thra\u00edonn Leatai leabhair n\u00f3ta\u00ed agus plean\u00e1laithe saincheaptha do bhranda\u00ed agus d\u00e1ileoir\u00ed ar fud an domhain.\",\"publisher\":{\"@id\":\"https:\/\/leatai.com\/ga\/#organization\"},\"potentialAction\":[{\"@type\":\"SearchAction\",\"target\":{\"@type\":\"EntryPoint\",\"urlTemplate\":\"https:\/\/leatai.com\/ga\/?s={search_term_string}\"},\"query-input\":{\"@type\":\"PropertyValueSpecification\",\"valueRequired\":true,\"valueName\":\"search_term_string\"}}],\"inLanguage\":\"ga-IE\"},{\"@type\":\"Organization\",\"@id\":\"https:\/\/leatai.com\/ga\/#organization\",\"name\":\"Leatai Diary, customized journal and business organizer\",\"url\":\"https:\/\/leatai.com\/ga\/\",\"logo\":{\"@type\":\"ImageObject\",\"inLanguage\":\"ga-IE\",\"@id\":\"https:\/\/leatai.com\/ga\/#\/schema\/logo\/image\/\",\"url\":\"https:\/\/leatai.com\/wp-content\/uploads\/logo-blue.png\",\"contentUrl\":\"https:\/\/leatai.com\/wp-content\/uploads\/logo-blue.png\",\"width\":230,\"height\":60,\"caption\":\"Leatai Diary, customized journal and business organizer\"},\"image\":{\"@id\":\"https:\/\/leatai.com\/ga\/#\/schema\/logo\/image\/\"},\"telephone\":\"+886-2-8227-8800\",\"legalName\":\"Leatai Stationary Co., Ltd.\",\"description\":\"A leading notebook factory in Taiwan offering bespoke branding, high-quality binding, and premium paper selections for corporate gifts and stationery wholesale.\",\"address\":{\"@type\":\"PostalAddress\",\"streetAddress\":\"11F., No. 168, Jiankang Rd.\",\"addressLocality\":\"Zhonghe Dist.\",\"addressRegion\":\"New Taipei City\",\"postalCode\":\"235\",\"addressCountry\":\"TW\"},\"contactPoint\":{\"@type\":\"ContactPoint\",\"telephone\":\"+886-2-8227-8800\",\"contactType\":\"sales\",\"areaServed\":\"Worldwide\",\"availableLanguage\":[\"zh-TW\",\"en\"]}}]}<\/script>\n<!-- \/ Yoast SEO plugin. -->","yoast_head_json":{"title":"Cola films x Leatai - Athbheochan an Chlasaic \u2013 leabhar n\u00f3ta\u00ed comhbhrand\u00e1ilte - Leatai \u2013 Monar\u00f3ir Leabhair N\u00f3ta\u00ed Saincheaptha","description":"Clasaiceach gr\u00e1 dosh\u00e1raithe is \u00e1ille leis an sti\u00farth\u00f3ir c\u00e1ili\u00fail Seap\u00e1nach Iwai Shunji, ag filleadh ar an sc\u00e1ile\u00e1n m\u00f3r mar chom\u00f3radh 20 bliain \u00f3na thaispe\u00e1int i dTaiwan, agus ag spreagadh ar\u00eds tonn l\u00e1idir de chumha don r\u00e9 de dhr\u00e1ma\u00ed Seap\u00e1nacha! \u201cLitir a seoladh chuig an neamh, ag oscailt dh\u00e1 ghr\u00e1 domhain dochuimhne\u2026\u201d","robots":{"index":"index","follow":"follow","max-snippet":"max-snippet:-1","max-image-preview":"max-image-preview:large","max-video-preview":"max-video-preview:-1"},"canonical":"https:\/\/leatai.com\/ga\/product\/comhoibriu-tras-tionscail\/tionscal-na-scannan\/cola-films-x-leatai\/","og_locale":"ga_IE","og_type":"article","og_title":"Cola films x Leatai - Athbheochan an Chlasaic \u2013 leabhar n\u00f3ta\u00ed comhbhrand\u00e1ilte - Leatai \u2013 Monar\u00f3ir Leabhair N\u00f3ta\u00ed Saincheaptha","og_description":"Clasaiceach gr\u00e1 dosh\u00e1raithe is \u00e1ille leis an sti\u00farth\u00f3ir c\u00e1ili\u00fail Seap\u00e1nach Iwai Shunji, ag filleadh ar an sc\u00e1ile\u00e1n m\u00f3r mar chom\u00f3radh 20 bliain \u00f3na thaispe\u00e1int i dTaiwan, agus ag spreagadh ar\u00eds tonn l\u00e1idir de chumha don r\u00e9 de dhr\u00e1ma\u00ed Seap\u00e1nacha! \u201cLitir a seoladh chuig an neamh, ag oscailt dh\u00e1 ghr\u00e1 domhain dochuimhne\u2026\u201d","og_url":"https:\/\/leatai.com\/ga\/product\/comhoibriu-tras-tionscail\/tionscal-na-scannan\/cola-films-x-leatai\/","og_site_name":"Leatai \u2013 Monar\u00f3ir Leabhair N\u00f3ta\u00ed Saincheaptha","article_modified_time":"2026-01-28T08:04:01+00:00","og_image":[{"width":1000,"height":750,"url":"https:\/\/leatai.com\/wp-content\/uploads\/2020_06_17_1147370.jpg","type":"image\/jpeg"}],"twitter_card":"summary_large_image","twitter_misc":{"Est. reading time":"1 minute"},"schema":{"@context":"https:\/\/schema.org","@graph":[{"@type":"WebPage","@id":"https:\/\/leatai.com\/ga\/product\/comhoibriu-tras-tionscail\/tionscal-na-scannan\/cola-films-x-leatai\/","url":"https:\/\/leatai.com\/ga\/product\/comhoibriu-tras-tionscail\/tionscal-na-scannan\/cola-films-x-leatai\/","name":"Cola films x Leatai - Athbheochan an Chlasaic \u2013 leabhar n\u00f3ta\u00ed comhbhrand\u00e1ilte - Leatai \u2013 Monar\u00f3ir Leabhair N\u00f3ta\u00ed Saincheaptha","isPartOf":{"@id":"https:\/\/leatai.com\/ga\/#website"},"primaryImageOfPage":{"@id":"https:\/\/leatai.com\/ga\/product\/comhoibriu-tras-tionscail\/tionscal-na-scannan\/cola-films-x-leatai\/#primaryimage"},"image":{"@id":"https:\/\/leatai.com\/ga\/product\/comhoibriu-tras-tionscail\/tionscal-na-scannan\/cola-films-x-leatai\/#primaryimage"},"thumbnailUrl":"https:\/\/leatai.com\/wp-content\/uploads\/2020_06_17_1147370.jpg","datePublished":"2021-06-24T05:24:25+00:00","dateModified":"2026-01-28T08:04:01+00:00","description":"Clasaiceach gr\u00e1 dosh\u00e1raithe is \u00e1ille leis an sti\u00farth\u00f3ir c\u00e1ili\u00fail Seap\u00e1nach Iwai Shunji, ag filleadh ar an sc\u00e1ile\u00e1n m\u00f3r mar chom\u00f3radh 20 bliain \u00f3na thaispe\u00e1int i dTaiwan, agus ag spreagadh ar\u00eds tonn l\u00e1idir de chumha don r\u00e9 de dhr\u00e1ma\u00ed Seap\u00e1nacha! \u201cLitir a seoladh chuig an neamh, ag oscailt dh\u00e1 ghr\u00e1 domhain dochuimhne\u2026\u201d","breadcrumb":{"@id":"https:\/\/leatai.com\/ga\/product\/comhoibriu-tras-tionscail\/tionscal-na-scannan\/cola-films-x-leatai\/#breadcrumb"},"inLanguage":"ga-IE","potentialAction":[{"@type":"ReadAction","target":["https:\/\/leatai.com\/ga\/product\/comhoibriu-tras-tionscail\/tionscal-na-scannan\/cola-films-x-leatai\/"]}]},{"@type":"ImageObject","inLanguage":"ga-IE","@id":"https:\/\/leatai.com\/ga\/product\/comhoibriu-tras-tionscail\/tionscal-na-scannan\/cola-films-x-leatai\/#primaryimage","url":"https:\/\/leatai.com\/wp-content\/uploads\/2020_06_17_1147370.jpg","contentUrl":"https:\/\/leatai.com\/wp-content\/uploads\/2020_06_17_1147370.jpg","width":1000,"height":750,"caption":"Leabhar n\u00f3ta\u00ed comhbhrand\u00e1ilte"},{"@type":"BreadcrumbList","@id":"https:\/\/leatai.com\/ga\/product\/comhoibriu-tras-tionscail\/tionscal-na-scannan\/cola-films-x-leatai\/#breadcrumb","itemListElement":[{"@type":"ListItem","position":1,"name":"Home","item":"https:\/\/leatai.com\/ga\/"},{"@type":"ListItem","position":2,"name":"Cur i l\u00e1thair T\u00e1irg\u00ed","item":"https:\/\/leatai.com\/products\/"},{"@type":"ListItem","position":3,"name":"Comhoibri\u00fa Tras-Tionscail","item":"https:\/\/leatai.com\/ga\/product-category\/comhoibriu-tras-tionscail\/"},{"@type":"ListItem","position":4,"name":"Tionscal na Scann\u00e1n","item":"https:\/\/leatai.com\/ga\/product-category\/comhoibriu-tras-tionscail\/tionscal-na-scannan\/"},{"@type":"ListItem","position":5,"name":"Cola films x Leatai"}]},{"@type":"WebSite","@id":"https:\/\/leatai.com\/ga\/#website","url":"https:\/\/leatai.com\/ga\/","name":"Leatai \u2013 Monar\u00f3ir Leabhair N\u00f3ta\u00ed Saincheaptha","description":"Sol\u00e1thra\u00edonn Leatai leabhair n\u00f3ta\u00ed agus plean\u00e1laithe saincheaptha do bhranda\u00ed agus d\u00e1ileoir\u00ed ar fud an domhain.","publisher":{"@id":"https:\/\/leatai.com\/ga\/#organization"},"potentialAction":[{"@type":"SearchAction","target":{"@type":"EntryPoint","urlTemplate":"https:\/\/leatai.com\/ga\/?s={search_term_string}"},"query-input":{"@type":"PropertyValueSpecification","valueRequired":true,"valueName":"search_term_string"}}],"inLanguage":"ga-IE"},{"@type":"Organization","@id":"https:\/\/leatai.com\/ga\/#organization","name":"Leatai Diary, customized journal and business organizer","url":"https:\/\/leatai.com\/ga\/","logo":{"@type":"ImageObject","inLanguage":"ga-IE","@id":"https:\/\/leatai.com\/ga\/#\/schema\/logo\/image\/","url":"https:\/\/leatai.com\/wp-content\/uploads\/logo-blue.png","contentUrl":"https:\/\/leatai.com\/wp-content\/uploads\/logo-blue.png","width":230,"height":60,"caption":"Leatai Diary, customized journal and business organizer"},"image":{"@id":"https:\/\/leatai.com\/ga\/#\/schema\/logo\/image\/"},"telephone":"+886-2-8227-8800","legalName":"Leatai Stationary Co., Ltd.","description":"A leading notebook factory in Taiwan offering bespoke branding, high-quality binding, and premium paper selections for corporate gifts and stationery wholesale.","address":{"@type":"PostalAddress","streetAddress":"11F., No. 168, Jiankang Rd.","addressLocality":"Zhonghe Dist.","addressRegion":"New Taipei City","postalCode":"235","addressCountry":"TW"},"contactPoint":{"@type":"ContactPoint","telephone":"+886-2-8227-8800","contactType":"sales","areaServed":"Worldwide","availableLanguage":["zh-TW","en"]}}]}},"_links":{"self":[{"href":"https:\/\/leatai.com\/ga\/wp-json\/wp\/v2\/product\/265357","targetHints":{"allow":["GET"]}}],"collection":[{"href":"https:\/\/leatai.com\/ga\/wp-json\/wp\/v2\/product"}],"about":[{"href":"https:\/\/leatai.com\/ga\/wp-json\/wp\/v2\/types\/product"}],"wp:featuredmedia":[{"embeddable":true,"href":"https:\/\/leatai.com\/ga\/wp-json\/wp\/v2\/media\/265358"}],"wp:attachment":[{"href":"https:\/\/leatai.com\/ga\/wp-json\/wp\/v2\/media?parent=265357"}],"wp:term":[{"taxonomy":"product_brand","embeddable":true,"href":"https:\/\/leatai.com\/ga\/wp-json\/wp\/v2\/product_brand?post=265357"},{"taxonomy":"product_cat","embeddable":true,"href":"https:\/\/leatai.com\/ga\/wp-json\/wp\/v2\/product_cat?post=265357"},{"taxonomy":"product_tag","embeddable":true,"href":"https:\/\/leatai.com\/ga\/wp-json\/wp\/v2\/product_tag?post=265357"},{"taxonomy":"home_works","embeddable":true,"href":"https:\/\/leatai.com\/ga\/wp-json\/wp\/v2\/home_works?post=265357"}],"curies":[{"name":"wp","href":"https:\/\/api.w.org\/{rel}","templated":true}]}}