{"id":265344,"date":"2021-06-24T13:17:30","date_gmt":"2021-06-24T05:17:30","guid":{"rendered":"https:\/\/leatai.com\/product\/uncategorized\/lgp-greille-lanleathanaigh-l48k\/"},"modified":"2026-01-28T14:58:07","modified_gmt":"2026-01-28T06:58:07","slug":"lgp-greille-lanleathanaigh-l48k","status":"publish","type":"product","link":"https:\/\/leatai.com\/ga\/product\/formaid-leathanach-inmheanach\/leathanaigh-inmheanacha-48k\/lgp-greille-lanleathanaigh-l48k\/","title":{"rendered":"LGP-Greille l\u00e1nleathanaigh-L48K"},"content":{"rendered":"<p>P\u00e1ip\u00e9ar: P\u00e1ip\u00e9ar oiri\u00fanach do pheann tobair (p\u00e1ip\u00e9ar idirleathana)<br \/>\nM\u00e9id: <a href=\"https:\/\/leatai.com\/ga\/faq\/cad-iad-na-meideanna-pleanalai-8k-16k-agus-25k-ce-chomh-mor-is-ata-siad\/\" target=\"_blank\" rel=\"noopener\">48K<\/a> <a href=\"https:\/\/leatai.com\/ga\/faq\/cad-iad-na-meideanna-pleanalai-8k-16k-agus-25k-ce-chomh-mor-is-ata-siad\/\" target=\"_blank\" rel=\"noopener\">(m\u00edni\u00fa mionsonraithe ar mh\u00e9ideanna dialainne gn\u00f3 agus t\u00e1bla compar\u00e1ide)<\/a><br \/>\nTi\u00fas: 80 punt (72 bileog \/ 144 leathanach in aghaidh an leabhair)<br \/>\nPriont\u00e1il: Dath aonair<br \/>\n\u00c1bhar: Greille l\u00e1nleathanaigh (gan aon d\u00e1ta\u00ed), sp\u00e1s\u00e1il 5mm<\/p>\n","protected":false},"excerpt":{"rendered":"<p>P\u00e1ip\u00e9ar: P\u00e1ip\u00e9ar oiri\u00fanach do pheann tobair (p\u00e1ip\u00e9ar idirleathana) M\u00e9id: 48K (m\u00edni\u00fa mionsonraithe ar mh\u00e9ideanna dialainne gn\u00f3 agus t\u00e1bla compar\u00e1ide) Ti\u00fas: 80 punt (72 bileog \/ 144 leathanach in aghaidh an leabhair) Priont\u00e1il: Dath aonair \u00c1bhar: Greille l\u00e1nleathanaigh (gan aon d\u00e1ta\u00ed), sp\u00e1s\u00e1il 5mm<\/p>\n","protected":false},"featured_media":265209,"template":"","meta":{"_acf_changed":false},"product_brand":[],"product_cat":[973,1025],"product_tag":[1708,1702],"home_works":[],"class_list":{"0":"post-265344","1":"product","2":"type-product","3":"status-publish","4":"has-post-thumbnail","6":"product_cat-formaid-leathanach-inmheanach","7":"product_cat-leathanaigh-inmheanacha-48k","8":"product_tag-48k","9":"product_tag-1702","11":"first","12":"instock","13":"sold-individually","14":"shipping-taxable","15":"purchasable","16":"product-type-simple"},"acf":[],"yoast_head":"<!-- This site is optimized with the Yoast SEO plugin v27.2 - https:\/\/yoast.com\/product\/yoast-seo-wordpress\/ -->\n<title>LGP-Greille l\u00e1nleathanaigh-L48K - Leathanaigh istigh an dialainne gn\u00f3 - Leatai \u2013 Monar\u00f3ir Leabhair N\u00f3ta\u00ed Saincheaptha<\/title>\n<meta name=\"description\" content=\"Form\u00e1id leathanaigh inmhe\u00e1nacha dialainne gn\u00f3: greille l\u00e1nleathanaigh, p\u00e1ip\u00e9ar: p\u00e1ip\u00e9ar oiri\u00fanach do pheann tobair (p\u00e1ip\u00e9ar idirleathana), m\u00e9id: 48K, ti\u00fas: 80 punt (72 bileog \/ 144 leathanach in aghaidh an leabhair), priont\u00e1il: dath aonair, \u00e1bhar: greille l\u00e1nleathanaigh (gan aon d\u00e1ta\u00ed), sp\u00e1s\u00e1il 5mm thar a bheith praitici\u00fail.\" \/>\n<meta name=\"robots\" content=\"index, follow, max-snippet:-1, max-image-preview:large, max-video-preview:-1\" \/>\n<link rel=\"canonical\" href=\"https:\/\/leatai.com\/ga\/product\/formaid-leathanach-inmheanach\/leathanaigh-inmheanacha-48k\/lgp-greille-lanleathanaigh-l48k\/\" \/>\n<meta property=\"og:locale\" content=\"ga_IE\" \/>\n<meta property=\"og:type\" content=\"article\" \/>\n<meta property=\"og:title\" content=\"LGP-Greille l\u00e1nleathanaigh-L48K - Leathanaigh istigh an dialainne gn\u00f3 - Leatai \u2013 Monar\u00f3ir Leabhair N\u00f3ta\u00ed Saincheaptha\" \/>\n<meta property=\"og:description\" content=\"Form\u00e1id leathanaigh inmhe\u00e1nacha dialainne gn\u00f3: greille l\u00e1nleathanaigh, p\u00e1ip\u00e9ar: p\u00e1ip\u00e9ar oiri\u00fanach do pheann tobair (p\u00e1ip\u00e9ar idirleathana), m\u00e9id: 48K, ti\u00fas: 80 punt (72 bileog \/ 144 leathanach in aghaidh an leabhair), priont\u00e1il: dath aonair, \u00e1bhar: greille l\u00e1nleathanaigh (gan aon d\u00e1ta\u00ed), sp\u00e1s\u00e1il 5mm thar a bheith praitici\u00fail.\" \/>\n<meta property=\"og:url\" content=\"https:\/\/leatai.com\/ga\/product\/formaid-leathanach-inmheanach\/leathanaigh-inmheanacha-48k\/lgp-greille-lanleathanaigh-l48k\/\" \/>\n<meta property=\"og:site_name\" content=\"Leatai \u2013 Monar\u00f3ir Leabhair N\u00f3ta\u00ed Saincheaptha\" \/>\n<meta property=\"article:modified_time\" content=\"2026-01-28T06:58:07+00:00\" \/>\n<meta property=\"og:image\" content=\"https:\/\/leatai.com\/wp-content\/uploads\/2020_06_16_1046200.jpg\" \/>\n\t<meta property=\"og:image:width\" content=\"1000\" \/>\n\t<meta property=\"og:image:height\" content=\"713\" \/>\n\t<meta property=\"og:image:type\" content=\"image\/jpeg\" \/>\n<meta name=\"twitter:card\" content=\"summary_large_image\" \/>\n<meta name=\"twitter:label1\" content=\"Est. reading time\" \/>\n\t<meta name=\"twitter:data1\" content=\"1 minute\" \/>\n<script type=\"application\/ld+json\" class=\"yoast-schema-graph\">{\"@context\":\"https:\/\/schema.org\",\"@graph\":[{\"@type\":\"WebPage\",\"@id\":\"https:\/\/leatai.com\/ga\/product\/formaid-leathanach-inmheanach\/leathanaigh-inmheanacha-48k\/lgp-greille-lanleathanaigh-l48k\/\",\"url\":\"https:\/\/leatai.com\/ga\/product\/formaid-leathanach-inmheanach\/leathanaigh-inmheanacha-48k\/lgp-greille-lanleathanaigh-l48k\/\",\"name\":\"LGP-Greille l\u00e1nleathanaigh-L48K - Leathanaigh istigh an dialainne gn\u00f3 - Leatai \u2013 Monar\u00f3ir Leabhair N\u00f3ta\u00ed Saincheaptha\",\"isPartOf\":{\"@id\":\"https:\/\/leatai.com\/ga\/#website\"},\"primaryImageOfPage\":{\"@id\":\"https:\/\/leatai.com\/ga\/product\/formaid-leathanach-inmheanach\/leathanaigh-inmheanacha-48k\/lgp-greille-lanleathanaigh-l48k\/#primaryimage\"},\"image\":{\"@id\":\"https:\/\/leatai.com\/ga\/product\/formaid-leathanach-inmheanach\/leathanaigh-inmheanacha-48k\/lgp-greille-lanleathanaigh-l48k\/#primaryimage\"},\"thumbnailUrl\":\"https:\/\/leatai.com\/wp-content\/uploads\/2020_06_16_1046200.jpg\",\"datePublished\":\"2021-06-24T05:17:30+00:00\",\"dateModified\":\"2026-01-28T06:58:07+00:00\",\"description\":\"Form\u00e1id leathanaigh inmhe\u00e1nacha dialainne gn\u00f3: greille l\u00e1nleathanaigh, p\u00e1ip\u00e9ar: p\u00e1ip\u00e9ar oiri\u00fanach do pheann tobair (p\u00e1ip\u00e9ar idirleathana), m\u00e9id: 48K, ti\u00fas: 80 punt (72 bileog \/ 144 leathanach in aghaidh an leabhair), priont\u00e1il: dath aonair, \u00e1bhar: greille l\u00e1nleathanaigh (gan aon d\u00e1ta\u00ed), sp\u00e1s\u00e1il 5mm thar a bheith praitici\u00fail.\",\"breadcrumb\":{\"@id\":\"https:\/\/leatai.com\/ga\/product\/formaid-leathanach-inmheanach\/leathanaigh-inmheanacha-48k\/lgp-greille-lanleathanaigh-l48k\/#breadcrumb\"},\"inLanguage\":\"ga-IE\",\"potentialAction\":[{\"@type\":\"ReadAction\",\"target\":[\"https:\/\/leatai.com\/ga\/product\/formaid-leathanach-inmheanach\/leathanaigh-inmheanacha-48k\/lgp-greille-lanleathanaigh-l48k\/\"]}]},{\"@type\":\"ImageObject\",\"inLanguage\":\"ga-IE\",\"@id\":\"https:\/\/leatai.com\/ga\/product\/formaid-leathanach-inmheanach\/leathanaigh-inmheanacha-48k\/lgp-greille-lanleathanaigh-l48k\/#primaryimage\",\"url\":\"https:\/\/leatai.com\/wp-content\/uploads\/2020_06_16_1046200.jpg\",\"contentUrl\":\"https:\/\/leatai.com\/wp-content\/uploads\/2020_06_16_1046200.jpg\",\"width\":1000,\"height\":713,\"caption\":\"Leathanaigh istigh an dialainne gn\u00f3\"},{\"@type\":\"BreadcrumbList\",\"@id\":\"https:\/\/leatai.com\/ga\/product\/formaid-leathanach-inmheanach\/leathanaigh-inmheanacha-48k\/lgp-greille-lanleathanaigh-l48k\/#breadcrumb\",\"itemListElement\":[{\"@type\":\"ListItem\",\"position\":1,\"name\":\"Home\",\"item\":\"https:\/\/leatai.com\/ga\/\"},{\"@type\":\"ListItem\",\"position\":2,\"name\":\"Cur i l\u00e1thair T\u00e1irg\u00ed\",\"item\":\"https:\/\/leatai.com\/products\/\"},{\"@type\":\"ListItem\",\"position\":3,\"name\":\"Form\u00e1id Leathanach Inmhe\u00e1nach\",\"item\":\"https:\/\/leatai.com\/ga\/product-category\/formaid-leathanach-inmheanach\/\"},{\"@type\":\"ListItem\",\"position\":4,\"name\":\"Leathanaigh Inmhe\u00e1nacha 48K\",\"item\":\"https:\/\/leatai.com\/ga\/product-category\/formaid-leathanach-inmheanach\/leathanaigh-inmheanacha-48k\/\"},{\"@type\":\"ListItem\",\"position\":5,\"name\":\"LGP-Greille l\u00e1nleathanaigh-L48K\"}]},{\"@type\":\"WebSite\",\"@id\":\"https:\/\/leatai.com\/ga\/#website\",\"url\":\"https:\/\/leatai.com\/ga\/\",\"name\":\"Leatai \u2013 Monar\u00f3ir Leabhair N\u00f3ta\u00ed Saincheaptha\",\"description\":\"Sol\u00e1thra\u00edonn Leatai leabhair n\u00f3ta\u00ed agus plean\u00e1laithe saincheaptha do bhranda\u00ed agus d\u00e1ileoir\u00ed ar fud an domhain.\",\"publisher\":{\"@id\":\"https:\/\/leatai.com\/ga\/#organization\"},\"potentialAction\":[{\"@type\":\"SearchAction\",\"target\":{\"@type\":\"EntryPoint\",\"urlTemplate\":\"https:\/\/leatai.com\/ga\/?s={search_term_string}\"},\"query-input\":{\"@type\":\"PropertyValueSpecification\",\"valueRequired\":true,\"valueName\":\"search_term_string\"}}],\"inLanguage\":\"ga-IE\"},{\"@type\":\"Organization\",\"@id\":\"https:\/\/leatai.com\/ga\/#organization\",\"name\":\"Leatai Diary, customized journal and business organizer\",\"url\":\"https:\/\/leatai.com\/ga\/\",\"logo\":{\"@type\":\"ImageObject\",\"inLanguage\":\"ga-IE\",\"@id\":\"https:\/\/leatai.com\/ga\/#\/schema\/logo\/image\/\",\"url\":\"https:\/\/leatai.com\/wp-content\/uploads\/logo-blue.png\",\"contentUrl\":\"https:\/\/leatai.com\/wp-content\/uploads\/logo-blue.png\",\"width\":230,\"height\":60,\"caption\":\"Leatai Diary, customized journal and business organizer\"},\"image\":{\"@id\":\"https:\/\/leatai.com\/ga\/#\/schema\/logo\/image\/\"}}]}<\/script>\n<!-- \/ Yoast SEO plugin. -->","yoast_head_json":{"title":"LGP-Greille l\u00e1nleathanaigh-L48K - Leathanaigh istigh an dialainne gn\u00f3 - Leatai \u2013 Monar\u00f3ir Leabhair N\u00f3ta\u00ed Saincheaptha","description":"Form\u00e1id leathanaigh inmhe\u00e1nacha dialainne gn\u00f3: greille l\u00e1nleathanaigh, p\u00e1ip\u00e9ar: p\u00e1ip\u00e9ar oiri\u00fanach do pheann tobair (p\u00e1ip\u00e9ar idirleathana), m\u00e9id: 48K, ti\u00fas: 80 punt (72 bileog \/ 144 leathanach in aghaidh an leabhair), priont\u00e1il: dath aonair, \u00e1bhar: greille l\u00e1nleathanaigh (gan aon d\u00e1ta\u00ed), sp\u00e1s\u00e1il 5mm thar a bheith praitici\u00fail.","robots":{"index":"index","follow":"follow","max-snippet":"max-snippet:-1","max-image-preview":"max-image-preview:large","max-video-preview":"max-video-preview:-1"},"canonical":"https:\/\/leatai.com\/ga\/product\/formaid-leathanach-inmheanach\/leathanaigh-inmheanacha-48k\/lgp-greille-lanleathanaigh-l48k\/","og_locale":"ga_IE","og_type":"article","og_title":"LGP-Greille l\u00e1nleathanaigh-L48K - Leathanaigh istigh an dialainne gn\u00f3 - Leatai \u2013 Monar\u00f3ir Leabhair N\u00f3ta\u00ed Saincheaptha","og_description":"Form\u00e1id leathanaigh inmhe\u00e1nacha dialainne gn\u00f3: greille l\u00e1nleathanaigh, p\u00e1ip\u00e9ar: p\u00e1ip\u00e9ar oiri\u00fanach do pheann tobair (p\u00e1ip\u00e9ar idirleathana), m\u00e9id: 48K, ti\u00fas: 80 punt (72 bileog \/ 144 leathanach in aghaidh an leabhair), priont\u00e1il: dath aonair, \u00e1bhar: greille l\u00e1nleathanaigh (gan aon d\u00e1ta\u00ed), sp\u00e1s\u00e1il 5mm thar a bheith praitici\u00fail.","og_url":"https:\/\/leatai.com\/ga\/product\/formaid-leathanach-inmheanach\/leathanaigh-inmheanacha-48k\/lgp-greille-lanleathanaigh-l48k\/","og_site_name":"Leatai \u2013 Monar\u00f3ir Leabhair N\u00f3ta\u00ed Saincheaptha","article_modified_time":"2026-01-28T06:58:07+00:00","og_image":[{"width":1000,"height":713,"url":"https:\/\/leatai.com\/wp-content\/uploads\/2020_06_16_1046200.jpg","type":"image\/jpeg"}],"twitter_card":"summary_large_image","twitter_misc":{"Est. reading time":"1 minute"},"schema":{"@context":"https:\/\/schema.org","@graph":[{"@type":"WebPage","@id":"https:\/\/leatai.com\/ga\/product\/formaid-leathanach-inmheanach\/leathanaigh-inmheanacha-48k\/lgp-greille-lanleathanaigh-l48k\/","url":"https:\/\/leatai.com\/ga\/product\/formaid-leathanach-inmheanach\/leathanaigh-inmheanacha-48k\/lgp-greille-lanleathanaigh-l48k\/","name":"LGP-Greille l\u00e1nleathanaigh-L48K - Leathanaigh istigh an dialainne gn\u00f3 - Leatai \u2013 Monar\u00f3ir Leabhair N\u00f3ta\u00ed Saincheaptha","isPartOf":{"@id":"https:\/\/leatai.com\/ga\/#website"},"primaryImageOfPage":{"@id":"https:\/\/leatai.com\/ga\/product\/formaid-leathanach-inmheanach\/leathanaigh-inmheanacha-48k\/lgp-greille-lanleathanaigh-l48k\/#primaryimage"},"image":{"@id":"https:\/\/leatai.com\/ga\/product\/formaid-leathanach-inmheanach\/leathanaigh-inmheanacha-48k\/lgp-greille-lanleathanaigh-l48k\/#primaryimage"},"thumbnailUrl":"https:\/\/leatai.com\/wp-content\/uploads\/2020_06_16_1046200.jpg","datePublished":"2021-06-24T05:17:30+00:00","dateModified":"2026-01-28T06:58:07+00:00","description":"Form\u00e1id leathanaigh inmhe\u00e1nacha dialainne gn\u00f3: greille l\u00e1nleathanaigh, p\u00e1ip\u00e9ar: p\u00e1ip\u00e9ar oiri\u00fanach do pheann tobair (p\u00e1ip\u00e9ar idirleathana), m\u00e9id: 48K, ti\u00fas: 80 punt (72 bileog \/ 144 leathanach in aghaidh an leabhair), priont\u00e1il: dath aonair, \u00e1bhar: greille l\u00e1nleathanaigh (gan aon d\u00e1ta\u00ed), sp\u00e1s\u00e1il 5mm thar a bheith praitici\u00fail.","breadcrumb":{"@id":"https:\/\/leatai.com\/ga\/product\/formaid-leathanach-inmheanach\/leathanaigh-inmheanacha-48k\/lgp-greille-lanleathanaigh-l48k\/#breadcrumb"},"inLanguage":"ga-IE","potentialAction":[{"@type":"ReadAction","target":["https:\/\/leatai.com\/ga\/product\/formaid-leathanach-inmheanach\/leathanaigh-inmheanacha-48k\/lgp-greille-lanleathanaigh-l48k\/"]}]},{"@type":"ImageObject","inLanguage":"ga-IE","@id":"https:\/\/leatai.com\/ga\/product\/formaid-leathanach-inmheanach\/leathanaigh-inmheanacha-48k\/lgp-greille-lanleathanaigh-l48k\/#primaryimage","url":"https:\/\/leatai.com\/wp-content\/uploads\/2020_06_16_1046200.jpg","contentUrl":"https:\/\/leatai.com\/wp-content\/uploads\/2020_06_16_1046200.jpg","width":1000,"height":713,"caption":"Leathanaigh istigh an dialainne gn\u00f3"},{"@type":"BreadcrumbList","@id":"https:\/\/leatai.com\/ga\/product\/formaid-leathanach-inmheanach\/leathanaigh-inmheanacha-48k\/lgp-greille-lanleathanaigh-l48k\/#breadcrumb","itemListElement":[{"@type":"ListItem","position":1,"name":"Home","item":"https:\/\/leatai.com\/ga\/"},{"@type":"ListItem","position":2,"name":"Cur i l\u00e1thair T\u00e1irg\u00ed","item":"https:\/\/leatai.com\/products\/"},{"@type":"ListItem","position":3,"name":"Form\u00e1id Leathanach Inmhe\u00e1nach","item":"https:\/\/leatai.com\/ga\/product-category\/formaid-leathanach-inmheanach\/"},{"@type":"ListItem","position":4,"name":"Leathanaigh Inmhe\u00e1nacha 48K","item":"https:\/\/leatai.com\/ga\/product-category\/formaid-leathanach-inmheanach\/leathanaigh-inmheanacha-48k\/"},{"@type":"ListItem","position":5,"name":"LGP-Greille l\u00e1nleathanaigh-L48K"}]},{"@type":"WebSite","@id":"https:\/\/leatai.com\/ga\/#website","url":"https:\/\/leatai.com\/ga\/","name":"Leatai \u2013 Monar\u00f3ir Leabhair N\u00f3ta\u00ed Saincheaptha","description":"Sol\u00e1thra\u00edonn Leatai leabhair n\u00f3ta\u00ed agus plean\u00e1laithe saincheaptha do bhranda\u00ed agus d\u00e1ileoir\u00ed ar fud an domhain.","publisher":{"@id":"https:\/\/leatai.com\/ga\/#organization"},"potentialAction":[{"@type":"SearchAction","target":{"@type":"EntryPoint","urlTemplate":"https:\/\/leatai.com\/ga\/?s={search_term_string}"},"query-input":{"@type":"PropertyValueSpecification","valueRequired":true,"valueName":"search_term_string"}}],"inLanguage":"ga-IE"},{"@type":"Organization","@id":"https:\/\/leatai.com\/ga\/#organization","name":"Leatai Diary, customized journal and business organizer","url":"https:\/\/leatai.com\/ga\/","logo":{"@type":"ImageObject","inLanguage":"ga-IE","@id":"https:\/\/leatai.com\/ga\/#\/schema\/logo\/image\/","url":"https:\/\/leatai.com\/wp-content\/uploads\/logo-blue.png","contentUrl":"https:\/\/leatai.com\/wp-content\/uploads\/logo-blue.png","width":230,"height":60,"caption":"Leatai Diary, customized journal and business organizer"},"image":{"@id":"https:\/\/leatai.com\/ga\/#\/schema\/logo\/image\/"}}]}},"_links":{"self":[{"href":"https:\/\/leatai.com\/ga\/wp-json\/wp\/v2\/product\/265344","targetHints":{"allow":["GET"]}}],"collection":[{"href":"https:\/\/leatai.com\/ga\/wp-json\/wp\/v2\/product"}],"about":[{"href":"https:\/\/leatai.com\/ga\/wp-json\/wp\/v2\/types\/product"}],"wp:featuredmedia":[{"embeddable":true,"href":"https:\/\/leatai.com\/ga\/wp-json\/wp\/v2\/media\/265209"}],"wp:attachment":[{"href":"https:\/\/leatai.com\/ga\/wp-json\/wp\/v2\/media?parent=265344"}],"wp:term":[{"taxonomy":"product_brand","embeddable":true,"href":"https:\/\/leatai.com\/ga\/wp-json\/wp\/v2\/product_brand?post=265344"},{"taxonomy":"product_cat","embeddable":true,"href":"https:\/\/leatai.com\/ga\/wp-json\/wp\/v2\/product_cat?post=265344"},{"taxonomy":"product_tag","embeddable":true,"href":"https:\/\/leatai.com\/ga\/wp-json\/wp\/v2\/product_tag?post=265344"},{"taxonomy":"home_works","embeddable":true,"href":"https:\/\/leatai.com\/ga\/wp-json\/wp\/v2\/home_works?post=265344"}],"curies":[{"name":"wp","href":"https:\/\/api.w.org\/{rel}","templated":true}]}}