{"id":265338,"date":"2021-06-24T13:17:31","date_gmt":"2021-06-24T05:17:31","guid":{"rendered":"https:\/\/leatai.com\/product\/uncategorized\/lgp-pleanail-mhiosuil-i-bhfoirm-notai-a48k\/"},"modified":"2026-01-28T14:56:38","modified_gmt":"2026-01-28T06:56:38","slug":"lgp-pleanail-mhiosuil-i-bhfoirm-notai-a48k","status":"publish","type":"product","link":"https:\/\/leatai.com\/ga\/product\/formaid-leathanach-inmheanach\/leathanaigh-inmheanacha-48k\/lgp-pleanail-mhiosuil-i-bhfoirm-notai-a48k\/","title":{"rendered":"LGP-Plean\u00e1il mh\u00edos\u00fail i bhfoirm n\u00f3ta\u00ed-A48K"},"content":{"rendered":"<p>P\u00e1ip\u00e9ar: P\u00e1ip\u00e9ar Daolin b\u00e1n<br \/>\nM\u00e9id: <a href=\"https:\/\/leatai.com\/ga\/faq\/cad-iad-na-meideanna-pleanalai-8k-16k-agus-25k-ce-chomh-mor-is-ata-siad\/\" target=\"_blank\" rel=\"noopener\">48K<\/a> <a href=\"https:\/\/leatai.com\/ga\/faq\/cad-iad-na-meideanna-pleanalai-8k-16k-agus-25k-ce-chomh-mor-is-ata-siad\/\" target=\"_blank\" rel=\"noopener\">(m\u00edni\u00fa mionsonraithe ar mh\u00e9ideanna dialainne gn\u00f3 agus t\u00e1bla compar\u00e1ide)<\/a><br \/>\nTi\u00fas: 70 punt (80 bileog \/ 160 leathanach in aghaidh an leabhair)<br \/>\nPriont\u00e1il: Dh\u00e1 dhath<br \/>\n\u00c1bhar: f\u00e9ilire bliant\u00fail + t\u00e1bla plean\u00e1la m\u00edos\u00fala + leathanaigh n\u00f3ta\u00ed l\u00edneacha + leathanaigh faisn\u00e9ise<\/p>\n<p>P.1 Liosta laethanta saoire agus f\u00e9ilte<br \/>\nP.2~P.3 F\u00e9ilire bliant\u00fail<br \/>\nP.4~P.5 T\u00e1bla plean\u00e1la bliant\u00fala<br \/>\nP.6~P.29 Plean\u00e1il mh\u00edos\u00fail (Ean\u00e1ir\u2013Nollaig na bliana reatha, gach m\u00ed ar dh\u00e1 leathanach cl\u00e9 agus deas)<br \/>\nP.30~P.143 Leathanaigh n\u00f3ta\u00ed l\u00edneacha<br \/>\nP.144~P.160 Leathanaigh faisn\u00e9ise (eolaire teagmh\u00e1lacha, l\u00e9arsc\u00e1il an mheitreo, l\u00e9arsc\u00e1il beala\u00ed m\u00f3tarbhealaigh, c\u00f3id t\u00edre do chathracha \u00e9ags\u00fala, c\u00f3id cheantair teileaf\u00f3in do chathracha na S\u00edne m\u00f3rth\u00edre, c\u00f3id phoist, uimhreacha seirbh\u00edse iompair, liosta uimhreacha teileaf\u00f3in seirbh\u00edse, eolaire eitl\u00edochta idirn\u00e1isi\u00fanta, t\u00e1bla tiontaithe tomhais, t\u00e1bla toirte, foirm faisn\u00e9ise pearsanta)<\/p>\n","protected":false},"excerpt":{"rendered":"<p>P\u00e1ip\u00e9ar: P\u00e1ip\u00e9ar Daolin b\u00e1n M\u00e9id: 48K (m\u00edni\u00fa mionsonraithe ar mh\u00e9ideanna dialainne gn\u00f3 agus t\u00e1bla compar\u00e1ide) Ti\u00fas: 70 punt (80 bileog \/ 160 leathanach in aghaidh an leabhair) Priont\u00e1il: Dh\u00e1 dhath \u00c1bhar: f\u00e9ilire bliant\u00fail + t\u00e1bla plean\u00e1la m\u00edos\u00fala + leathanaigh n\u00f3ta\u00ed l\u00edneacha + leathanaigh faisn\u00e9ise P.1 Liosta laethanta saoire agus f\u00e9ilte P.2~P.3 F\u00e9ilire bliant\u00fail P.4~P.5 T\u00e1bla [&hellip;]<\/p>\n","protected":false},"featured_media":265339,"template":"","meta":{"_acf_changed":false},"product_brand":[],"product_cat":[973,1025],"product_tag":[1708,1702],"home_works":[],"class_list":{"0":"post-265338","1":"product","2":"type-product","3":"status-publish","4":"has-post-thumbnail","6":"product_cat-formaid-leathanach-inmheanach","7":"product_cat-leathanaigh-inmheanacha-48k","8":"product_tag-48k","9":"product_tag-1702","11":"first","12":"instock","13":"sold-individually","14":"shipping-taxable","15":"purchasable","16":"product-type-simple"},"acf":[],"yoast_head":"<!-- This site is optimized with the Yoast SEO plugin v27.2 - https:\/\/yoast.com\/product\/yoast-seo-wordpress\/ -->\n<title>LGP-Plean\u00e1il mh\u00edos\u00fail i bhfoirm n\u00f3ta\u00ed-A48K - Leathanaigh istigh an dialainne gn\u00f3 - Leatai \u2013 Monar\u00f3ir Leabhair N\u00f3ta\u00ed Saincheaptha<\/title>\n<meta name=\"description\" content=\"Form\u00e1id leathanaigh inmhe\u00e1nacha dialainne gn\u00f3: plean\u00e1il mh\u00edos\u00fail, p\u00e1ip\u00e9ar: p\u00e1ip\u00e9ar Daolin b\u00e1n, m\u00e9id: 48K, ti\u00fas: 70 punt (80 bileog \/ 160 leathanach in aghaidh an leabhair), priont\u00e1il: dh\u00e1 dhath, \u00e1bhar: f\u00e9ilire bliant\u00fail + t\u00e1bla plean\u00e1la m\u00edos\u00fala + leathanaigh n\u00f3ta\u00ed l\u00edneacha + leathanaigh faisn\u00e9ise, form\u00e1id inmhe\u00e1nach phr\u00edomhshrutha an-t\u00f3ir.\" \/>\n<meta name=\"robots\" content=\"index, follow, max-snippet:-1, max-image-preview:large, max-video-preview:-1\" \/>\n<link rel=\"canonical\" href=\"https:\/\/leatai.com\/ga\/product\/formaid-leathanach-inmheanach\/leathanaigh-inmheanacha-48k\/lgp-pleanail-mhiosuil-i-bhfoirm-notai-a48k\/\" \/>\n<meta property=\"og:locale\" content=\"ga_IE\" \/>\n<meta property=\"og:type\" content=\"article\" \/>\n<meta property=\"og:title\" content=\"LGP-Plean\u00e1il mh\u00edos\u00fail i bhfoirm n\u00f3ta\u00ed-A48K - Leathanaigh istigh an dialainne gn\u00f3 - Leatai \u2013 Monar\u00f3ir Leabhair N\u00f3ta\u00ed Saincheaptha\" \/>\n<meta property=\"og:description\" content=\"Form\u00e1id leathanaigh inmhe\u00e1nacha dialainne gn\u00f3: plean\u00e1il mh\u00edos\u00fail, p\u00e1ip\u00e9ar: p\u00e1ip\u00e9ar Daolin b\u00e1n, m\u00e9id: 48K, ti\u00fas: 70 punt (80 bileog \/ 160 leathanach in aghaidh an leabhair), priont\u00e1il: dh\u00e1 dhath, \u00e1bhar: f\u00e9ilire bliant\u00fail + t\u00e1bla plean\u00e1la m\u00edos\u00fala + leathanaigh n\u00f3ta\u00ed l\u00edneacha + leathanaigh faisn\u00e9ise, form\u00e1id inmhe\u00e1nach phr\u00edomhshrutha an-t\u00f3ir.\" \/>\n<meta property=\"og:url\" content=\"https:\/\/leatai.com\/ga\/product\/formaid-leathanach-inmheanach\/leathanaigh-inmheanacha-48k\/lgp-pleanail-mhiosuil-i-bhfoirm-notai-a48k\/\" \/>\n<meta property=\"og:site_name\" content=\"Leatai \u2013 Monar\u00f3ir Leabhair N\u00f3ta\u00ed Saincheaptha\" \/>\n<meta property=\"article:modified_time\" content=\"2026-01-28T06:56:38+00:00\" \/>\n<meta property=\"og:image\" content=\"https:\/\/leatai.com\/wp-content\/uploads\/2020_02_11_1058570.jpg\" \/>\n\t<meta property=\"og:image:width\" content=\"2312\" \/>\n\t<meta property=\"og:image:height\" content=\"2140\" \/>\n\t<meta property=\"og:image:type\" content=\"image\/jpeg\" \/>\n<meta name=\"twitter:card\" content=\"summary_large_image\" \/>\n<meta name=\"twitter:label1\" content=\"Est. reading time\" \/>\n\t<meta name=\"twitter:data1\" content=\"1 minute\" \/>\n<script type=\"application\/ld+json\" class=\"yoast-schema-graph\">{\"@context\":\"https:\/\/schema.org\",\"@graph\":[{\"@type\":\"WebPage\",\"@id\":\"https:\/\/leatai.com\/ga\/product\/formaid-leathanach-inmheanach\/leathanaigh-inmheanacha-48k\/lgp-pleanail-mhiosuil-i-bhfoirm-notai-a48k\/\",\"url\":\"https:\/\/leatai.com\/ga\/product\/formaid-leathanach-inmheanach\/leathanaigh-inmheanacha-48k\/lgp-pleanail-mhiosuil-i-bhfoirm-notai-a48k\/\",\"name\":\"LGP-Plean\u00e1il mh\u00edos\u00fail i bhfoirm n\u00f3ta\u00ed-A48K - Leathanaigh istigh an dialainne gn\u00f3 - Leatai \u2013 Monar\u00f3ir Leabhair N\u00f3ta\u00ed Saincheaptha\",\"isPartOf\":{\"@id\":\"https:\/\/leatai.com\/ga\/#website\"},\"primaryImageOfPage\":{\"@id\":\"https:\/\/leatai.com\/ga\/product\/formaid-leathanach-inmheanach\/leathanaigh-inmheanacha-48k\/lgp-pleanail-mhiosuil-i-bhfoirm-notai-a48k\/#primaryimage\"},\"image\":{\"@id\":\"https:\/\/leatai.com\/ga\/product\/formaid-leathanach-inmheanach\/leathanaigh-inmheanacha-48k\/lgp-pleanail-mhiosuil-i-bhfoirm-notai-a48k\/#primaryimage\"},\"thumbnailUrl\":\"https:\/\/leatai.com\/wp-content\/uploads\/2020_02_11_1058570.jpg\",\"datePublished\":\"2021-06-24T05:17:31+00:00\",\"dateModified\":\"2026-01-28T06:56:38+00:00\",\"description\":\"Form\u00e1id leathanaigh inmhe\u00e1nacha dialainne gn\u00f3: plean\u00e1il mh\u00edos\u00fail, p\u00e1ip\u00e9ar: p\u00e1ip\u00e9ar Daolin b\u00e1n, m\u00e9id: 48K, ti\u00fas: 70 punt (80 bileog \/ 160 leathanach in aghaidh an leabhair), priont\u00e1il: dh\u00e1 dhath, \u00e1bhar: f\u00e9ilire bliant\u00fail + t\u00e1bla plean\u00e1la m\u00edos\u00fala + leathanaigh n\u00f3ta\u00ed l\u00edneacha + leathanaigh faisn\u00e9ise, form\u00e1id inmhe\u00e1nach phr\u00edomhshrutha an-t\u00f3ir.\",\"breadcrumb\":{\"@id\":\"https:\/\/leatai.com\/ga\/product\/formaid-leathanach-inmheanach\/leathanaigh-inmheanacha-48k\/lgp-pleanail-mhiosuil-i-bhfoirm-notai-a48k\/#breadcrumb\"},\"inLanguage\":\"ga-IE\",\"potentialAction\":[{\"@type\":\"ReadAction\",\"target\":[\"https:\/\/leatai.com\/ga\/product\/formaid-leathanach-inmheanach\/leathanaigh-inmheanacha-48k\/lgp-pleanail-mhiosuil-i-bhfoirm-notai-a48k\/\"]}]},{\"@type\":\"ImageObject\",\"inLanguage\":\"ga-IE\",\"@id\":\"https:\/\/leatai.com\/ga\/product\/formaid-leathanach-inmheanach\/leathanaigh-inmheanacha-48k\/lgp-pleanail-mhiosuil-i-bhfoirm-notai-a48k\/#primaryimage\",\"url\":\"https:\/\/leatai.com\/wp-content\/uploads\/2020_02_11_1058570.jpg\",\"contentUrl\":\"https:\/\/leatai.com\/wp-content\/uploads\/2020_02_11_1058570.jpg\",\"width\":2312,\"height\":2140,\"caption\":\"Leathanaigh istigh an dialainne gn\u00f3\"},{\"@type\":\"BreadcrumbList\",\"@id\":\"https:\/\/leatai.com\/ga\/product\/formaid-leathanach-inmheanach\/leathanaigh-inmheanacha-48k\/lgp-pleanail-mhiosuil-i-bhfoirm-notai-a48k\/#breadcrumb\",\"itemListElement\":[{\"@type\":\"ListItem\",\"position\":1,\"name\":\"Home\",\"item\":\"https:\/\/leatai.com\/ga\/\"},{\"@type\":\"ListItem\",\"position\":2,\"name\":\"Cur i l\u00e1thair T\u00e1irg\u00ed\",\"item\":\"https:\/\/leatai.com\/products\/\"},{\"@type\":\"ListItem\",\"position\":3,\"name\":\"Form\u00e1id Leathanach Inmhe\u00e1nach\",\"item\":\"https:\/\/leatai.com\/ga\/product-category\/formaid-leathanach-inmheanach\/\"},{\"@type\":\"ListItem\",\"position\":4,\"name\":\"Leathanaigh Inmhe\u00e1nacha 48K\",\"item\":\"https:\/\/leatai.com\/ga\/product-category\/formaid-leathanach-inmheanach\/leathanaigh-inmheanacha-48k\/\"},{\"@type\":\"ListItem\",\"position\":5,\"name\":\"LGP-Plean\u00e1il mh\u00edos\u00fail i bhfoirm n\u00f3ta\u00ed-A48K\"}]},{\"@type\":\"WebSite\",\"@id\":\"https:\/\/leatai.com\/ga\/#website\",\"url\":\"https:\/\/leatai.com\/ga\/\",\"name\":\"Leatai \u2013 Monar\u00f3ir Leabhair N\u00f3ta\u00ed Saincheaptha\",\"description\":\"Sol\u00e1thra\u00edonn Leatai leabhair n\u00f3ta\u00ed agus plean\u00e1laithe saincheaptha do bhranda\u00ed agus d\u00e1ileoir\u00ed ar fud an domhain.\",\"publisher\":{\"@id\":\"https:\/\/leatai.com\/ga\/#organization\"},\"potentialAction\":[{\"@type\":\"SearchAction\",\"target\":{\"@type\":\"EntryPoint\",\"urlTemplate\":\"https:\/\/leatai.com\/ga\/?s={search_term_string}\"},\"query-input\":{\"@type\":\"PropertyValueSpecification\",\"valueRequired\":true,\"valueName\":\"search_term_string\"}}],\"inLanguage\":\"ga-IE\"},{\"@type\":\"Organization\",\"@id\":\"https:\/\/leatai.com\/ga\/#organization\",\"name\":\"Leatai Diary, customized journal and business organizer\",\"url\":\"https:\/\/leatai.com\/ga\/\",\"logo\":{\"@type\":\"ImageObject\",\"inLanguage\":\"ga-IE\",\"@id\":\"https:\/\/leatai.com\/ga\/#\/schema\/logo\/image\/\",\"url\":\"https:\/\/leatai.com\/wp-content\/uploads\/logo-blue.png\",\"contentUrl\":\"https:\/\/leatai.com\/wp-content\/uploads\/logo-blue.png\",\"width\":230,\"height\":60,\"caption\":\"Leatai Diary, customized journal and business organizer\"},\"image\":{\"@id\":\"https:\/\/leatai.com\/ga\/#\/schema\/logo\/image\/\"}}]}<\/script>\n<!-- \/ Yoast SEO plugin. -->","yoast_head_json":{"title":"LGP-Plean\u00e1il mh\u00edos\u00fail i bhfoirm n\u00f3ta\u00ed-A48K - Leathanaigh istigh an dialainne gn\u00f3 - Leatai \u2013 Monar\u00f3ir Leabhair N\u00f3ta\u00ed Saincheaptha","description":"Form\u00e1id leathanaigh inmhe\u00e1nacha dialainne gn\u00f3: plean\u00e1il mh\u00edos\u00fail, p\u00e1ip\u00e9ar: p\u00e1ip\u00e9ar Daolin b\u00e1n, m\u00e9id: 48K, ti\u00fas: 70 punt (80 bileog \/ 160 leathanach in aghaidh an leabhair), priont\u00e1il: dh\u00e1 dhath, \u00e1bhar: f\u00e9ilire bliant\u00fail + t\u00e1bla plean\u00e1la m\u00edos\u00fala + leathanaigh n\u00f3ta\u00ed l\u00edneacha + leathanaigh faisn\u00e9ise, form\u00e1id inmhe\u00e1nach phr\u00edomhshrutha an-t\u00f3ir.","robots":{"index":"index","follow":"follow","max-snippet":"max-snippet:-1","max-image-preview":"max-image-preview:large","max-video-preview":"max-video-preview:-1"},"canonical":"https:\/\/leatai.com\/ga\/product\/formaid-leathanach-inmheanach\/leathanaigh-inmheanacha-48k\/lgp-pleanail-mhiosuil-i-bhfoirm-notai-a48k\/","og_locale":"ga_IE","og_type":"article","og_title":"LGP-Plean\u00e1il mh\u00edos\u00fail i bhfoirm n\u00f3ta\u00ed-A48K - Leathanaigh istigh an dialainne gn\u00f3 - Leatai \u2013 Monar\u00f3ir Leabhair N\u00f3ta\u00ed Saincheaptha","og_description":"Form\u00e1id leathanaigh inmhe\u00e1nacha dialainne gn\u00f3: plean\u00e1il mh\u00edos\u00fail, p\u00e1ip\u00e9ar: p\u00e1ip\u00e9ar Daolin b\u00e1n, m\u00e9id: 48K, ti\u00fas: 70 punt (80 bileog \/ 160 leathanach in aghaidh an leabhair), priont\u00e1il: dh\u00e1 dhath, \u00e1bhar: f\u00e9ilire bliant\u00fail + t\u00e1bla plean\u00e1la m\u00edos\u00fala + leathanaigh n\u00f3ta\u00ed l\u00edneacha + leathanaigh faisn\u00e9ise, form\u00e1id inmhe\u00e1nach phr\u00edomhshrutha an-t\u00f3ir.","og_url":"https:\/\/leatai.com\/ga\/product\/formaid-leathanach-inmheanach\/leathanaigh-inmheanacha-48k\/lgp-pleanail-mhiosuil-i-bhfoirm-notai-a48k\/","og_site_name":"Leatai \u2013 Monar\u00f3ir Leabhair N\u00f3ta\u00ed Saincheaptha","article_modified_time":"2026-01-28T06:56:38+00:00","og_image":[{"width":2312,"height":2140,"url":"https:\/\/leatai.com\/wp-content\/uploads\/2020_02_11_1058570.jpg","type":"image\/jpeg"}],"twitter_card":"summary_large_image","twitter_misc":{"Est. reading time":"1 minute"},"schema":{"@context":"https:\/\/schema.org","@graph":[{"@type":"WebPage","@id":"https:\/\/leatai.com\/ga\/product\/formaid-leathanach-inmheanach\/leathanaigh-inmheanacha-48k\/lgp-pleanail-mhiosuil-i-bhfoirm-notai-a48k\/","url":"https:\/\/leatai.com\/ga\/product\/formaid-leathanach-inmheanach\/leathanaigh-inmheanacha-48k\/lgp-pleanail-mhiosuil-i-bhfoirm-notai-a48k\/","name":"LGP-Plean\u00e1il mh\u00edos\u00fail i bhfoirm n\u00f3ta\u00ed-A48K - Leathanaigh istigh an dialainne gn\u00f3 - Leatai \u2013 Monar\u00f3ir Leabhair N\u00f3ta\u00ed Saincheaptha","isPartOf":{"@id":"https:\/\/leatai.com\/ga\/#website"},"primaryImageOfPage":{"@id":"https:\/\/leatai.com\/ga\/product\/formaid-leathanach-inmheanach\/leathanaigh-inmheanacha-48k\/lgp-pleanail-mhiosuil-i-bhfoirm-notai-a48k\/#primaryimage"},"image":{"@id":"https:\/\/leatai.com\/ga\/product\/formaid-leathanach-inmheanach\/leathanaigh-inmheanacha-48k\/lgp-pleanail-mhiosuil-i-bhfoirm-notai-a48k\/#primaryimage"},"thumbnailUrl":"https:\/\/leatai.com\/wp-content\/uploads\/2020_02_11_1058570.jpg","datePublished":"2021-06-24T05:17:31+00:00","dateModified":"2026-01-28T06:56:38+00:00","description":"Form\u00e1id leathanaigh inmhe\u00e1nacha dialainne gn\u00f3: plean\u00e1il mh\u00edos\u00fail, p\u00e1ip\u00e9ar: p\u00e1ip\u00e9ar Daolin b\u00e1n, m\u00e9id: 48K, ti\u00fas: 70 punt (80 bileog \/ 160 leathanach in aghaidh an leabhair), priont\u00e1il: dh\u00e1 dhath, \u00e1bhar: f\u00e9ilire bliant\u00fail + t\u00e1bla plean\u00e1la m\u00edos\u00fala + leathanaigh n\u00f3ta\u00ed l\u00edneacha + leathanaigh faisn\u00e9ise, form\u00e1id inmhe\u00e1nach phr\u00edomhshrutha an-t\u00f3ir.","breadcrumb":{"@id":"https:\/\/leatai.com\/ga\/product\/formaid-leathanach-inmheanach\/leathanaigh-inmheanacha-48k\/lgp-pleanail-mhiosuil-i-bhfoirm-notai-a48k\/#breadcrumb"},"inLanguage":"ga-IE","potentialAction":[{"@type":"ReadAction","target":["https:\/\/leatai.com\/ga\/product\/formaid-leathanach-inmheanach\/leathanaigh-inmheanacha-48k\/lgp-pleanail-mhiosuil-i-bhfoirm-notai-a48k\/"]}]},{"@type":"ImageObject","inLanguage":"ga-IE","@id":"https:\/\/leatai.com\/ga\/product\/formaid-leathanach-inmheanach\/leathanaigh-inmheanacha-48k\/lgp-pleanail-mhiosuil-i-bhfoirm-notai-a48k\/#primaryimage","url":"https:\/\/leatai.com\/wp-content\/uploads\/2020_02_11_1058570.jpg","contentUrl":"https:\/\/leatai.com\/wp-content\/uploads\/2020_02_11_1058570.jpg","width":2312,"height":2140,"caption":"Leathanaigh istigh an dialainne gn\u00f3"},{"@type":"BreadcrumbList","@id":"https:\/\/leatai.com\/ga\/product\/formaid-leathanach-inmheanach\/leathanaigh-inmheanacha-48k\/lgp-pleanail-mhiosuil-i-bhfoirm-notai-a48k\/#breadcrumb","itemListElement":[{"@type":"ListItem","position":1,"name":"Home","item":"https:\/\/leatai.com\/ga\/"},{"@type":"ListItem","position":2,"name":"Cur i l\u00e1thair T\u00e1irg\u00ed","item":"https:\/\/leatai.com\/products\/"},{"@type":"ListItem","position":3,"name":"Form\u00e1id Leathanach Inmhe\u00e1nach","item":"https:\/\/leatai.com\/ga\/product-category\/formaid-leathanach-inmheanach\/"},{"@type":"ListItem","position":4,"name":"Leathanaigh Inmhe\u00e1nacha 48K","item":"https:\/\/leatai.com\/ga\/product-category\/formaid-leathanach-inmheanach\/leathanaigh-inmheanacha-48k\/"},{"@type":"ListItem","position":5,"name":"LGP-Plean\u00e1il mh\u00edos\u00fail i bhfoirm n\u00f3ta\u00ed-A48K"}]},{"@type":"WebSite","@id":"https:\/\/leatai.com\/ga\/#website","url":"https:\/\/leatai.com\/ga\/","name":"Leatai \u2013 Monar\u00f3ir Leabhair N\u00f3ta\u00ed Saincheaptha","description":"Sol\u00e1thra\u00edonn Leatai leabhair n\u00f3ta\u00ed agus plean\u00e1laithe saincheaptha do bhranda\u00ed agus d\u00e1ileoir\u00ed ar fud an domhain.","publisher":{"@id":"https:\/\/leatai.com\/ga\/#organization"},"potentialAction":[{"@type":"SearchAction","target":{"@type":"EntryPoint","urlTemplate":"https:\/\/leatai.com\/ga\/?s={search_term_string}"},"query-input":{"@type":"PropertyValueSpecification","valueRequired":true,"valueName":"search_term_string"}}],"inLanguage":"ga-IE"},{"@type":"Organization","@id":"https:\/\/leatai.com\/ga\/#organization","name":"Leatai Diary, customized journal and business organizer","url":"https:\/\/leatai.com\/ga\/","logo":{"@type":"ImageObject","inLanguage":"ga-IE","@id":"https:\/\/leatai.com\/ga\/#\/schema\/logo\/image\/","url":"https:\/\/leatai.com\/wp-content\/uploads\/logo-blue.png","contentUrl":"https:\/\/leatai.com\/wp-content\/uploads\/logo-blue.png","width":230,"height":60,"caption":"Leatai Diary, customized journal and business organizer"},"image":{"@id":"https:\/\/leatai.com\/ga\/#\/schema\/logo\/image\/"}}]}},"_links":{"self":[{"href":"https:\/\/leatai.com\/ga\/wp-json\/wp\/v2\/product\/265338","targetHints":{"allow":["GET"]}}],"collection":[{"href":"https:\/\/leatai.com\/ga\/wp-json\/wp\/v2\/product"}],"about":[{"href":"https:\/\/leatai.com\/ga\/wp-json\/wp\/v2\/types\/product"}],"wp:featuredmedia":[{"embeddable":true,"href":"https:\/\/leatai.com\/ga\/wp-json\/wp\/v2\/media\/265339"}],"wp:attachment":[{"href":"https:\/\/leatai.com\/ga\/wp-json\/wp\/v2\/media?parent=265338"}],"wp:term":[{"taxonomy":"product_brand","embeddable":true,"href":"https:\/\/leatai.com\/ga\/wp-json\/wp\/v2\/product_brand?post=265338"},{"taxonomy":"product_cat","embeddable":true,"href":"https:\/\/leatai.com\/ga\/wp-json\/wp\/v2\/product_cat?post=265338"},{"taxonomy":"product_tag","embeddable":true,"href":"https:\/\/leatai.com\/ga\/wp-json\/wp\/v2\/product_tag?post=265338"},{"taxonomy":"home_works","embeddable":true,"href":"https:\/\/leatai.com\/ga\/wp-json\/wp\/v2\/home_works?post=265338"}],"curies":[{"name":"wp","href":"https:\/\/api.w.org\/{rel}","templated":true}]}}