{"id":265248,"date":"2021-06-24T13:17:30","date_gmt":"2021-06-24T05:17:30","guid":{"rendered":"https:\/\/leatai.com\/product\/uncategorized\/lgp-pleanail-sheachtainiuil-tri-la-ar-chle-agus-ceithre-la-ar-dheis-leagan-ingearach-l25k\/"},"modified":"2026-01-28T11:09:35","modified_gmt":"2026-01-28T03:09:35","slug":"lgp-pleanail-sheachtainiuil-tri-la-ar-chle-agus-ceithre-la-ar-dheis-leagan-ingearach-l25k","status":"publish","type":"product","link":"https:\/\/leatai.com\/ga\/product\/formaid-leathanach-inmheanach\/leathanaigh-inmheanacha-a5\/lgp-pleanail-sheachtainiuil-tri-la-ar-chle-agus-ceithre-la-ar-dheis-leagan-ingearach-l25k\/","title":{"rendered":"LGP-Plean\u00e1il sheachtaini\u00fail tr\u00ed l\u00e1 ar chl\u00e9 agus ceithre l\u00e1 ar dheis \u2013 leagan ingearach-L25K"},"content":{"rendered":"<p>P\u00e1ip\u00e9ar: P\u00e1ip\u00e9ar oiri\u00fanach do pheann tobair (p\u00e1ip\u00e9ar idirleathana)<br \/>\nM\u00e9id:\u00a0<a href=\"https:\/\/leatai.com\/ga\/faq\/cad-iad-na-meideanna-pleanalai-8k-16k-agus-25k-ce-chomh-mor-is-ata-siad\/\" target=\"_blank\" rel=\"noopener\">25K (A5)<\/a>\u00a0<a href=\"https:\/\/leatai.com\/ga\/faq\/cad-iad-na-meideanna-pleanalai-8k-16k-agus-25k-ce-chomh-mor-is-ata-siad\/\" target=\"_blank\" rel=\"noopener\">(cur s\u00edos mionsonraithe ar mh\u00e9id an dialainne gn\u00f3 agus t\u00e1bla compar\u00e1ide)<\/a><br \/>\nTi\u00fas: 80 punt (80 bileog \/ 160 leathanach in aghaidh an leabhair)<br \/>\nPriont\u00e1il: Tr\u00ed dhath<br \/>\n\u00c1bhar: t\u00e1bla plean\u00e1la m\u00edos\u00fala + t\u00e1bla plean\u00e1la seachtaini\u00fala tr\u00ed l\u00e1 ar chl\u00e9 agus ceithre l\u00e1 ar dheis + leathanaigh faisn\u00e9ise<\/p>\n<p>P.1 Leathanach \u00edomh\u00e1<br \/>\nP.2~P.3 F\u00e9ilire bliant\u00fail<br \/>\nP.4~P.5 T\u00e1bla plean\u00e1la bliant\u00fala<br \/>\nP.6~P.31 Plean\u00e1il mh\u00edos\u00fail (Ean\u00e1ir na bliana reatha go hEan\u00e1ir na bliana dar gcionn, gach m\u00ed ar dh\u00e1 leathanach cl\u00e9 agus deas)<br \/>\nP.32~33 Spriocanna t\u00e1bhachtacha bliant\u00fala<br \/>\nP.34~149 Plean\u00e1il sheachtaini\u00fail ingearach tr\u00ed l\u00e1 ar chl\u00e9 agus ceithre l\u00e1 ar dheis (Ean\u00e1ir na bliana reatha go deireadh Ean\u00e1ir na bliana dar gcionn, gach seachtain ar dh\u00e1 leathanach cl\u00e9 agus deas)<br \/>\nP.150~155 Leathanaigh ghreille<br \/>\nP.156~P.160 Leathanaigh faisn\u00e9ise (tagairt\u00ed d\u2019\u00e9ifeachta\u00ed priont\u00e1la coitianta, l\u00e9arsc\u00e1il an mheitreo, foirm faisn\u00e9ise pearsanta)<\/p>\n","protected":false},"excerpt":{"rendered":"<p>P\u00e1ip\u00e9ar: P\u00e1ip\u00e9ar oiri\u00fanach do pheann tobair (p\u00e1ip\u00e9ar idirleathana) M\u00e9id:\u00a025K (A5)\u00a0(cur s\u00edos mionsonraithe ar mh\u00e9id an dialainne gn\u00f3 agus t\u00e1bla compar\u00e1ide) Ti\u00fas: 80 punt (80 bileog \/ 160 leathanach in aghaidh an leabhair) Priont\u00e1il: Tr\u00ed dhath \u00c1bhar: t\u00e1bla plean\u00e1la m\u00edos\u00fala + t\u00e1bla plean\u00e1la seachtaini\u00fala tr\u00ed l\u00e1 ar chl\u00e9 agus ceithre l\u00e1 ar dheis + leathanaigh faisn\u00e9ise [&hellip;]<\/p>\n","protected":false},"featured_media":265265,"template":"","meta":{"_acf_changed":false},"product_brand":[],"product_cat":[973,999],"product_tag":[1704,1705,1702],"home_works":[],"class_list":{"0":"post-265248","1":"product","2":"type-product","3":"status-publish","4":"has-post-thumbnail","6":"product_cat-formaid-leathanach-inmheanach","7":"product_cat-leathanaigh-inmheanacha-a5","8":"product_tag-25k","9":"product_tag-a5","10":"product_tag-1702","12":"first","13":"instock","14":"sold-individually","15":"shipping-taxable","16":"purchasable","17":"product-type-simple"},"acf":[],"yoast_head":"<!-- This site is optimized with the Yoast SEO plugin v27.2 - https:\/\/yoast.com\/product\/yoast-seo-wordpress\/ -->\n<title>LGP-Plean\u00e1il sheachtaini\u00fail tr\u00ed l\u00e1 ar chl\u00e9 agus ceithre l\u00e1 ar dheis \u2013 leagan ingearach-L25K - Leathanaigh istigh an dialainne gn\u00f3 - Leatai \u2013 Monar\u00f3ir Leabhair N\u00f3ta\u00ed Saincheaptha<\/title>\n<meta name=\"description\" content=\"Form\u00e1id leathanaigh inmhe\u00e1nacha dialainne gn\u00f3: leagan ingearach tr\u00ed l\u00e1 ar chl\u00e9 agus ceithre l\u00e1 ar dheis, p\u00e1ip\u00e9ar: p\u00e1ip\u00e9ar oiri\u00fanach do pheann tobair (p\u00e1ip\u00e9ar idirleathana), m\u00e9id: 25K (A5), ti\u00fas: 80 punt (80 bileog \/ 160 leathanach in aghaidh an leabhair), priont\u00e1il: tr\u00ed dhath, \u00e1bhar: t\u00e1bla plean\u00e1la m\u00edos\u00fala + t\u00e1bla plean\u00e1la seachtaini\u00fala tr\u00ed l\u00e1 ar chl\u00e9 agus ceithre l\u00e1 ar dheis + leathanaigh faisn\u00e9ise.\" \/>\n<meta name=\"robots\" content=\"index, follow, max-snippet:-1, max-image-preview:large, max-video-preview:-1\" \/>\n<link rel=\"canonical\" href=\"https:\/\/leatai.com\/ga\/product\/formaid-leathanach-inmheanach\/leathanaigh-inmheanacha-a5\/lgp-pleanail-sheachtainiuil-tri-la-ar-chle-agus-ceithre-la-ar-dheis-leagan-ingearach-l25k\/\" \/>\n<meta property=\"og:locale\" content=\"ga_IE\" \/>\n<meta property=\"og:type\" content=\"article\" \/>\n<meta property=\"og:title\" content=\"LGP-Plean\u00e1il sheachtaini\u00fail tr\u00ed l\u00e1 ar chl\u00e9 agus ceithre l\u00e1 ar dheis \u2013 leagan ingearach-L25K - Leathanaigh istigh an dialainne gn\u00f3 - Leatai \u2013 Monar\u00f3ir Leabhair N\u00f3ta\u00ed Saincheaptha\" \/>\n<meta property=\"og:description\" content=\"Form\u00e1id leathanaigh inmhe\u00e1nacha dialainne gn\u00f3: leagan ingearach tr\u00ed l\u00e1 ar chl\u00e9 agus ceithre l\u00e1 ar dheis, p\u00e1ip\u00e9ar: p\u00e1ip\u00e9ar oiri\u00fanach do pheann tobair (p\u00e1ip\u00e9ar idirleathana), m\u00e9id: 25K (A5), ti\u00fas: 80 punt (80 bileog \/ 160 leathanach in aghaidh an leabhair), priont\u00e1il: tr\u00ed dhath, \u00e1bhar: t\u00e1bla plean\u00e1la m\u00edos\u00fala + t\u00e1bla plean\u00e1la seachtaini\u00fala tr\u00ed l\u00e1 ar chl\u00e9 agus ceithre l\u00e1 ar dheis + leathanaigh faisn\u00e9ise.\" \/>\n<meta property=\"og:url\" content=\"https:\/\/leatai.com\/ga\/product\/formaid-leathanach-inmheanach\/leathanaigh-inmheanacha-a5\/lgp-pleanail-sheachtainiuil-tri-la-ar-chle-agus-ceithre-la-ar-dheis-leagan-ingearach-l25k\/\" \/>\n<meta property=\"og:site_name\" content=\"Leatai \u2013 Monar\u00f3ir Leabhair N\u00f3ta\u00ed Saincheaptha\" \/>\n<meta property=\"article:modified_time\" content=\"2026-01-28T03:09:35+00:00\" \/>\n<meta property=\"og:image\" content=\"https:\/\/leatai.com\/wp-content\/uploads\/25K\u76f4\u5f0f\u9031\u8a08\u756b-1000X750-4.jpg\" \/>\n\t<meta property=\"og:image:width\" content=\"1000\" \/>\n\t<meta property=\"og:image:height\" content=\"750\" \/>\n\t<meta property=\"og:image:type\" content=\"image\/jpeg\" \/>\n<meta name=\"twitter:card\" content=\"summary_large_image\" \/>\n<meta name=\"twitter:label1\" content=\"Est. reading time\" \/>\n\t<meta name=\"twitter:data1\" content=\"1 minute\" \/>\n<script type=\"application\/ld+json\" class=\"yoast-schema-graph\">{\"@context\":\"https:\/\/schema.org\",\"@graph\":[{\"@type\":\"WebPage\",\"@id\":\"https:\/\/leatai.com\/ga\/product\/formaid-leathanach-inmheanach\/leathanaigh-inmheanacha-a5\/lgp-pleanail-sheachtainiuil-tri-la-ar-chle-agus-ceithre-la-ar-dheis-leagan-ingearach-l25k\/\",\"url\":\"https:\/\/leatai.com\/ga\/product\/formaid-leathanach-inmheanach\/leathanaigh-inmheanacha-a5\/lgp-pleanail-sheachtainiuil-tri-la-ar-chle-agus-ceithre-la-ar-dheis-leagan-ingearach-l25k\/\",\"name\":\"LGP-Plean\u00e1il sheachtaini\u00fail tr\u00ed l\u00e1 ar chl\u00e9 agus ceithre l\u00e1 ar dheis \u2013 leagan ingearach-L25K - Leathanaigh istigh an dialainne gn\u00f3 - Leatai \u2013 Monar\u00f3ir Leabhair N\u00f3ta\u00ed Saincheaptha\",\"isPartOf\":{\"@id\":\"https:\/\/leatai.com\/ga\/#website\"},\"primaryImageOfPage\":{\"@id\":\"https:\/\/leatai.com\/ga\/product\/formaid-leathanach-inmheanach\/leathanaigh-inmheanacha-a5\/lgp-pleanail-sheachtainiuil-tri-la-ar-chle-agus-ceithre-la-ar-dheis-leagan-ingearach-l25k\/#primaryimage\"},\"image\":{\"@id\":\"https:\/\/leatai.com\/ga\/product\/formaid-leathanach-inmheanach\/leathanaigh-inmheanacha-a5\/lgp-pleanail-sheachtainiuil-tri-la-ar-chle-agus-ceithre-la-ar-dheis-leagan-ingearach-l25k\/#primaryimage\"},\"thumbnailUrl\":\"https:\/\/leatai.com\/wp-content\/uploads\/25K\u76f4\u5f0f\u9031\u8a08\u756b-1000X750-4.jpg\",\"datePublished\":\"2021-06-24T05:17:30+00:00\",\"dateModified\":\"2026-01-28T03:09:35+00:00\",\"description\":\"Form\u00e1id leathanaigh inmhe\u00e1nacha dialainne gn\u00f3: leagan ingearach tr\u00ed l\u00e1 ar chl\u00e9 agus ceithre l\u00e1 ar dheis, p\u00e1ip\u00e9ar: p\u00e1ip\u00e9ar oiri\u00fanach do pheann tobair (p\u00e1ip\u00e9ar idirleathana), m\u00e9id: 25K (A5), ti\u00fas: 80 punt (80 bileog \/ 160 leathanach in aghaidh an leabhair), priont\u00e1il: tr\u00ed dhath, \u00e1bhar: t\u00e1bla plean\u00e1la m\u00edos\u00fala + t\u00e1bla plean\u00e1la seachtaini\u00fala tr\u00ed l\u00e1 ar chl\u00e9 agus ceithre l\u00e1 ar dheis + leathanaigh faisn\u00e9ise.\",\"breadcrumb\":{\"@id\":\"https:\/\/leatai.com\/ga\/product\/formaid-leathanach-inmheanach\/leathanaigh-inmheanacha-a5\/lgp-pleanail-sheachtainiuil-tri-la-ar-chle-agus-ceithre-la-ar-dheis-leagan-ingearach-l25k\/#breadcrumb\"},\"inLanguage\":\"ga-IE\",\"potentialAction\":[{\"@type\":\"ReadAction\",\"target\":[\"https:\/\/leatai.com\/ga\/product\/formaid-leathanach-inmheanach\/leathanaigh-inmheanacha-a5\/lgp-pleanail-sheachtainiuil-tri-la-ar-chle-agus-ceithre-la-ar-dheis-leagan-ingearach-l25k\/\"]}]},{\"@type\":\"ImageObject\",\"inLanguage\":\"ga-IE\",\"@id\":\"https:\/\/leatai.com\/ga\/product\/formaid-leathanach-inmheanach\/leathanaigh-inmheanacha-a5\/lgp-pleanail-sheachtainiuil-tri-la-ar-chle-agus-ceithre-la-ar-dheis-leagan-ingearach-l25k\/#primaryimage\",\"url\":\"https:\/\/leatai.com\/wp-content\/uploads\/25K\u76f4\u5f0f\u9031\u8a08\u756b-1000X750-4.jpg\",\"contentUrl\":\"https:\/\/leatai.com\/wp-content\/uploads\/25K\u76f4\u5f0f\u9031\u8a08\u756b-1000X750-4.jpg\",\"width\":1000,\"height\":750,\"caption\":\"Leathanaigh istigh an dialainne gn\u00f3\"},{\"@type\":\"BreadcrumbList\",\"@id\":\"https:\/\/leatai.com\/ga\/product\/formaid-leathanach-inmheanach\/leathanaigh-inmheanacha-a5\/lgp-pleanail-sheachtainiuil-tri-la-ar-chle-agus-ceithre-la-ar-dheis-leagan-ingearach-l25k\/#breadcrumb\",\"itemListElement\":[{\"@type\":\"ListItem\",\"position\":1,\"name\":\"Home\",\"item\":\"https:\/\/leatai.com\/ga\/\"},{\"@type\":\"ListItem\",\"position\":2,\"name\":\"Cur i l\u00e1thair T\u00e1irg\u00ed\",\"item\":\"https:\/\/leatai.com\/products\/\"},{\"@type\":\"ListItem\",\"position\":3,\"name\":\"Form\u00e1id Leathanach Inmhe\u00e1nach\",\"item\":\"https:\/\/leatai.com\/ga\/product-category\/formaid-leathanach-inmheanach\/\"},{\"@type\":\"ListItem\",\"position\":4,\"name\":\"Leathanaigh Inmhe\u00e1nacha A5\",\"item\":\"https:\/\/leatai.com\/ga\/product-category\/formaid-leathanach-inmheanach\/leathanaigh-inmheanacha-a5\/\"},{\"@type\":\"ListItem\",\"position\":5,\"name\":\"LGP-Plean\u00e1il sheachtaini\u00fail tr\u00ed l\u00e1 ar chl\u00e9 agus ceithre l\u00e1 ar dheis \u2013 leagan ingearach-L25K\"}]},{\"@type\":\"WebSite\",\"@id\":\"https:\/\/leatai.com\/ga\/#website\",\"url\":\"https:\/\/leatai.com\/ga\/\",\"name\":\"Leatai \u2013 Monar\u00f3ir Leabhair N\u00f3ta\u00ed Saincheaptha\",\"description\":\"Sol\u00e1thra\u00edonn Leatai leabhair n\u00f3ta\u00ed agus plean\u00e1laithe saincheaptha do bhranda\u00ed agus d\u00e1ileoir\u00ed ar fud an domhain.\",\"publisher\":{\"@id\":\"https:\/\/leatai.com\/ga\/#organization\"},\"potentialAction\":[{\"@type\":\"SearchAction\",\"target\":{\"@type\":\"EntryPoint\",\"urlTemplate\":\"https:\/\/leatai.com\/ga\/?s={search_term_string}\"},\"query-input\":{\"@type\":\"PropertyValueSpecification\",\"valueRequired\":true,\"valueName\":\"search_term_string\"}}],\"inLanguage\":\"ga-IE\"},{\"@type\":\"Organization\",\"@id\":\"https:\/\/leatai.com\/ga\/#organization\",\"name\":\"Leatai Diary, customized journal and business organizer\",\"url\":\"https:\/\/leatai.com\/ga\/\",\"logo\":{\"@type\":\"ImageObject\",\"inLanguage\":\"ga-IE\",\"@id\":\"https:\/\/leatai.com\/ga\/#\/schema\/logo\/image\/\",\"url\":\"https:\/\/leatai.com\/wp-content\/uploads\/logo-blue.png\",\"contentUrl\":\"https:\/\/leatai.com\/wp-content\/uploads\/logo-blue.png\",\"width\":230,\"height\":60,\"caption\":\"Leatai Diary, customized journal and business organizer\"},\"image\":{\"@id\":\"https:\/\/leatai.com\/ga\/#\/schema\/logo\/image\/\"}}]}<\/script>\n<!-- \/ Yoast SEO plugin. -->","yoast_head_json":{"title":"LGP-Plean\u00e1il sheachtaini\u00fail tr\u00ed l\u00e1 ar chl\u00e9 agus ceithre l\u00e1 ar dheis \u2013 leagan ingearach-L25K - Leathanaigh istigh an dialainne gn\u00f3 - Leatai \u2013 Monar\u00f3ir Leabhair N\u00f3ta\u00ed Saincheaptha","description":"Form\u00e1id leathanaigh inmhe\u00e1nacha dialainne gn\u00f3: leagan ingearach tr\u00ed l\u00e1 ar chl\u00e9 agus ceithre l\u00e1 ar dheis, p\u00e1ip\u00e9ar: p\u00e1ip\u00e9ar oiri\u00fanach do pheann tobair (p\u00e1ip\u00e9ar idirleathana), m\u00e9id: 25K (A5), ti\u00fas: 80 punt (80 bileog \/ 160 leathanach in aghaidh an leabhair), priont\u00e1il: tr\u00ed dhath, \u00e1bhar: t\u00e1bla plean\u00e1la m\u00edos\u00fala + t\u00e1bla plean\u00e1la seachtaini\u00fala tr\u00ed l\u00e1 ar chl\u00e9 agus ceithre l\u00e1 ar dheis + leathanaigh faisn\u00e9ise.","robots":{"index":"index","follow":"follow","max-snippet":"max-snippet:-1","max-image-preview":"max-image-preview:large","max-video-preview":"max-video-preview:-1"},"canonical":"https:\/\/leatai.com\/ga\/product\/formaid-leathanach-inmheanach\/leathanaigh-inmheanacha-a5\/lgp-pleanail-sheachtainiuil-tri-la-ar-chle-agus-ceithre-la-ar-dheis-leagan-ingearach-l25k\/","og_locale":"ga_IE","og_type":"article","og_title":"LGP-Plean\u00e1il sheachtaini\u00fail tr\u00ed l\u00e1 ar chl\u00e9 agus ceithre l\u00e1 ar dheis \u2013 leagan ingearach-L25K - Leathanaigh istigh an dialainne gn\u00f3 - Leatai \u2013 Monar\u00f3ir Leabhair N\u00f3ta\u00ed Saincheaptha","og_description":"Form\u00e1id leathanaigh inmhe\u00e1nacha dialainne gn\u00f3: leagan ingearach tr\u00ed l\u00e1 ar chl\u00e9 agus ceithre l\u00e1 ar dheis, p\u00e1ip\u00e9ar: p\u00e1ip\u00e9ar oiri\u00fanach do pheann tobair (p\u00e1ip\u00e9ar idirleathana), m\u00e9id: 25K (A5), ti\u00fas: 80 punt (80 bileog \/ 160 leathanach in aghaidh an leabhair), priont\u00e1il: tr\u00ed dhath, \u00e1bhar: t\u00e1bla plean\u00e1la m\u00edos\u00fala + t\u00e1bla plean\u00e1la seachtaini\u00fala tr\u00ed l\u00e1 ar chl\u00e9 agus ceithre l\u00e1 ar dheis + leathanaigh faisn\u00e9ise.","og_url":"https:\/\/leatai.com\/ga\/product\/formaid-leathanach-inmheanach\/leathanaigh-inmheanacha-a5\/lgp-pleanail-sheachtainiuil-tri-la-ar-chle-agus-ceithre-la-ar-dheis-leagan-ingearach-l25k\/","og_site_name":"Leatai \u2013 Monar\u00f3ir Leabhair N\u00f3ta\u00ed Saincheaptha","article_modified_time":"2026-01-28T03:09:35+00:00","og_image":[{"width":1000,"height":750,"url":"https:\/\/leatai.com\/wp-content\/uploads\/25K\u76f4\u5f0f\u9031\u8a08\u756b-1000X750-4.jpg","type":"image\/jpeg"}],"twitter_card":"summary_large_image","twitter_misc":{"Est. reading time":"1 minute"},"schema":{"@context":"https:\/\/schema.org","@graph":[{"@type":"WebPage","@id":"https:\/\/leatai.com\/ga\/product\/formaid-leathanach-inmheanach\/leathanaigh-inmheanacha-a5\/lgp-pleanail-sheachtainiuil-tri-la-ar-chle-agus-ceithre-la-ar-dheis-leagan-ingearach-l25k\/","url":"https:\/\/leatai.com\/ga\/product\/formaid-leathanach-inmheanach\/leathanaigh-inmheanacha-a5\/lgp-pleanail-sheachtainiuil-tri-la-ar-chle-agus-ceithre-la-ar-dheis-leagan-ingearach-l25k\/","name":"LGP-Plean\u00e1il sheachtaini\u00fail tr\u00ed l\u00e1 ar chl\u00e9 agus ceithre l\u00e1 ar dheis \u2013 leagan ingearach-L25K - Leathanaigh istigh an dialainne gn\u00f3 - Leatai \u2013 Monar\u00f3ir Leabhair N\u00f3ta\u00ed Saincheaptha","isPartOf":{"@id":"https:\/\/leatai.com\/ga\/#website"},"primaryImageOfPage":{"@id":"https:\/\/leatai.com\/ga\/product\/formaid-leathanach-inmheanach\/leathanaigh-inmheanacha-a5\/lgp-pleanail-sheachtainiuil-tri-la-ar-chle-agus-ceithre-la-ar-dheis-leagan-ingearach-l25k\/#primaryimage"},"image":{"@id":"https:\/\/leatai.com\/ga\/product\/formaid-leathanach-inmheanach\/leathanaigh-inmheanacha-a5\/lgp-pleanail-sheachtainiuil-tri-la-ar-chle-agus-ceithre-la-ar-dheis-leagan-ingearach-l25k\/#primaryimage"},"thumbnailUrl":"https:\/\/leatai.com\/wp-content\/uploads\/25K\u76f4\u5f0f\u9031\u8a08\u756b-1000X750-4.jpg","datePublished":"2021-06-24T05:17:30+00:00","dateModified":"2026-01-28T03:09:35+00:00","description":"Form\u00e1id leathanaigh inmhe\u00e1nacha dialainne gn\u00f3: leagan ingearach tr\u00ed l\u00e1 ar chl\u00e9 agus ceithre l\u00e1 ar dheis, p\u00e1ip\u00e9ar: p\u00e1ip\u00e9ar oiri\u00fanach do pheann tobair (p\u00e1ip\u00e9ar idirleathana), m\u00e9id: 25K (A5), ti\u00fas: 80 punt (80 bileog \/ 160 leathanach in aghaidh an leabhair), priont\u00e1il: tr\u00ed dhath, \u00e1bhar: t\u00e1bla plean\u00e1la m\u00edos\u00fala + t\u00e1bla plean\u00e1la seachtaini\u00fala tr\u00ed l\u00e1 ar chl\u00e9 agus ceithre l\u00e1 ar dheis + leathanaigh faisn\u00e9ise.","breadcrumb":{"@id":"https:\/\/leatai.com\/ga\/product\/formaid-leathanach-inmheanach\/leathanaigh-inmheanacha-a5\/lgp-pleanail-sheachtainiuil-tri-la-ar-chle-agus-ceithre-la-ar-dheis-leagan-ingearach-l25k\/#breadcrumb"},"inLanguage":"ga-IE","potentialAction":[{"@type":"ReadAction","target":["https:\/\/leatai.com\/ga\/product\/formaid-leathanach-inmheanach\/leathanaigh-inmheanacha-a5\/lgp-pleanail-sheachtainiuil-tri-la-ar-chle-agus-ceithre-la-ar-dheis-leagan-ingearach-l25k\/"]}]},{"@type":"ImageObject","inLanguage":"ga-IE","@id":"https:\/\/leatai.com\/ga\/product\/formaid-leathanach-inmheanach\/leathanaigh-inmheanacha-a5\/lgp-pleanail-sheachtainiuil-tri-la-ar-chle-agus-ceithre-la-ar-dheis-leagan-ingearach-l25k\/#primaryimage","url":"https:\/\/leatai.com\/wp-content\/uploads\/25K\u76f4\u5f0f\u9031\u8a08\u756b-1000X750-4.jpg","contentUrl":"https:\/\/leatai.com\/wp-content\/uploads\/25K\u76f4\u5f0f\u9031\u8a08\u756b-1000X750-4.jpg","width":1000,"height":750,"caption":"Leathanaigh istigh an dialainne gn\u00f3"},{"@type":"BreadcrumbList","@id":"https:\/\/leatai.com\/ga\/product\/formaid-leathanach-inmheanach\/leathanaigh-inmheanacha-a5\/lgp-pleanail-sheachtainiuil-tri-la-ar-chle-agus-ceithre-la-ar-dheis-leagan-ingearach-l25k\/#breadcrumb","itemListElement":[{"@type":"ListItem","position":1,"name":"Home","item":"https:\/\/leatai.com\/ga\/"},{"@type":"ListItem","position":2,"name":"Cur i l\u00e1thair T\u00e1irg\u00ed","item":"https:\/\/leatai.com\/products\/"},{"@type":"ListItem","position":3,"name":"Form\u00e1id Leathanach Inmhe\u00e1nach","item":"https:\/\/leatai.com\/ga\/product-category\/formaid-leathanach-inmheanach\/"},{"@type":"ListItem","position":4,"name":"Leathanaigh Inmhe\u00e1nacha A5","item":"https:\/\/leatai.com\/ga\/product-category\/formaid-leathanach-inmheanach\/leathanaigh-inmheanacha-a5\/"},{"@type":"ListItem","position":5,"name":"LGP-Plean\u00e1il sheachtaini\u00fail tr\u00ed l\u00e1 ar chl\u00e9 agus ceithre l\u00e1 ar dheis \u2013 leagan ingearach-L25K"}]},{"@type":"WebSite","@id":"https:\/\/leatai.com\/ga\/#website","url":"https:\/\/leatai.com\/ga\/","name":"Leatai \u2013 Monar\u00f3ir Leabhair N\u00f3ta\u00ed Saincheaptha","description":"Sol\u00e1thra\u00edonn Leatai leabhair n\u00f3ta\u00ed agus plean\u00e1laithe saincheaptha do bhranda\u00ed agus d\u00e1ileoir\u00ed ar fud an domhain.","publisher":{"@id":"https:\/\/leatai.com\/ga\/#organization"},"potentialAction":[{"@type":"SearchAction","target":{"@type":"EntryPoint","urlTemplate":"https:\/\/leatai.com\/ga\/?s={search_term_string}"},"query-input":{"@type":"PropertyValueSpecification","valueRequired":true,"valueName":"search_term_string"}}],"inLanguage":"ga-IE"},{"@type":"Organization","@id":"https:\/\/leatai.com\/ga\/#organization","name":"Leatai Diary, customized journal and business organizer","url":"https:\/\/leatai.com\/ga\/","logo":{"@type":"ImageObject","inLanguage":"ga-IE","@id":"https:\/\/leatai.com\/ga\/#\/schema\/logo\/image\/","url":"https:\/\/leatai.com\/wp-content\/uploads\/logo-blue.png","contentUrl":"https:\/\/leatai.com\/wp-content\/uploads\/logo-blue.png","width":230,"height":60,"caption":"Leatai Diary, customized journal and business organizer"},"image":{"@id":"https:\/\/leatai.com\/ga\/#\/schema\/logo\/image\/"}}]}},"_links":{"self":[{"href":"https:\/\/leatai.com\/ga\/wp-json\/wp\/v2\/product\/265248","targetHints":{"allow":["GET"]}}],"collection":[{"href":"https:\/\/leatai.com\/ga\/wp-json\/wp\/v2\/product"}],"about":[{"href":"https:\/\/leatai.com\/ga\/wp-json\/wp\/v2\/types\/product"}],"wp:featuredmedia":[{"embeddable":true,"href":"https:\/\/leatai.com\/ga\/wp-json\/wp\/v2\/media\/265265"}],"wp:attachment":[{"href":"https:\/\/leatai.com\/ga\/wp-json\/wp\/v2\/media?parent=265248"}],"wp:term":[{"taxonomy":"product_brand","embeddable":true,"href":"https:\/\/leatai.com\/ga\/wp-json\/wp\/v2\/product_brand?post=265248"},{"taxonomy":"product_cat","embeddable":true,"href":"https:\/\/leatai.com\/ga\/wp-json\/wp\/v2\/product_cat?post=265248"},{"taxonomy":"product_tag","embeddable":true,"href":"https:\/\/leatai.com\/ga\/wp-json\/wp\/v2\/product_tag?post=265248"},{"taxonomy":"home_works","embeddable":true,"href":"https:\/\/leatai.com\/ga\/wp-json\/wp\/v2\/home_works?post=265248"}],"curies":[{"name":"wp","href":"https:\/\/api.w.org\/{rel}","templated":true}]}}