{"id":265219,"date":"2021-06-24T13:17:30","date_gmt":"2021-06-24T05:17:30","guid":{"rendered":"https:\/\/leatai.com\/product\/uncategorized\/lgp-tri-cholun-ar-chle-ceithre-cholun-ar-dheis-leagan-cothromanach-a25k\/"},"modified":"2026-01-28T11:11:03","modified_gmt":"2026-01-28T03:11:03","slug":"lgp-tri-cholun-ar-chle-ceithre-cholun-ar-dheis-leagan-cothromanach-a25k","status":"publish","type":"product","link":"https:\/\/leatai.com\/ga\/product\/formaid-leathanach-inmheanach\/leathanaigh-inmheanacha-a5\/lgp-tri-cholun-ar-chle-ceithre-cholun-ar-dheis-leagan-cothromanach-a25k\/","title":{"rendered":"LGP-Tr\u00ed chol\u00fan ar chl\u00e9, ceithre chol\u00fan ar dheis (leagan cothrom\u00e1nach)-A25K"},"content":{"rendered":"<p>P\u00e1ip\u00e9ar: P\u00e1ip\u00e9ar Daolin b\u00e1n<br \/>\nM\u00e9id:\u00a0<a href=\"https:\/\/leatai.com\/ga\/faq\/cad-iad-na-meideanna-pleanalai-8k-16k-agus-25k-ce-chomh-mor-is-ata-siad\/\" target=\"_blank\" rel=\"noopener\">25K (A5)<\/a>\u00a0<a href=\"https:\/\/leatai.com\/ga\/faq\/cad-iad-na-meideanna-pleanalai-8k-16k-agus-25k-ce-chomh-mor-is-ata-siad\/\" target=\"_blank\" rel=\"noopener\">(cur s\u00edos mionsonraithe ar mh\u00e9id an dialainne gn\u00f3 agus t\u00e1bla compar\u00e1ide)<\/a><br \/>\nTi\u00fas: 80 punt (80 bileog \/ 160 leathanach in aghaidh an leabhair)<br \/>\nPriont\u00e1il: Dh\u00e1 dhath<br \/>\n\u00c1bhar: F\u00e9ilire bliant\u00fail + plean\u00e1il mh\u00edos\u00fail + 3 l\u00e1 ar chl\u00e9 agus 4 l\u00e1 ar dheis + leathanaigh faisn\u00e9ise<\/p>\n<p>P.1 Liosta laethanta saoire agus f\u00e9ilte<br \/>\nP.2~P.3 F\u00e9ilire bliant\u00fail<br \/>\nP.4~P.5 T\u00e1bla plean\u00e1la bliant\u00fala<br \/>\nP.6~P.29 T\u00e1bla plean\u00e1la m\u00edos\u00fala<br \/>\nP.30~135 3 l\u00e1 ar chl\u00e9 agus 4 l\u00e1 ar dheis (Ean\u00e1ir\u2013Nollaig na bliana reatha)<br \/>\nP.136~151 Leathanaigh faisn\u00e9ise (c\u00f3id t\u00edre agus difr\u00edochta\u00ed ama, c\u00f3id phoist, liosta uimhreacha teileaf\u00f3in seirbh\u00edse, eolaire eitl\u00edochta idirn\u00e1isi\u00fanta, t\u00e1bla tiontaithe tomhais, t\u00e1bla toirte, uimhreacha seirbh\u00edse iompair, l\u00e9arsc\u00e1il an mheitreo, l\u00e9arsc\u00e1il beala\u00ed m\u00f3tarbhealaigh, eolaire teagmh\u00e1lacha)<br \/>\nP.152~160 Leathanaigh n\u00f3ta\u00ed l\u00edneacha<\/p>\n","protected":false},"excerpt":{"rendered":"<p>P\u00e1ip\u00e9ar: P\u00e1ip\u00e9ar Daolin b\u00e1n M\u00e9id:\u00a025K (A5)\u00a0(cur s\u00edos mionsonraithe ar mh\u00e9id an dialainne gn\u00f3 agus t\u00e1bla compar\u00e1ide) Ti\u00fas: 80 punt (80 bileog \/ 160 leathanach in aghaidh an leabhair) Priont\u00e1il: Dh\u00e1 dhath \u00c1bhar: F\u00e9ilire bliant\u00fail + plean\u00e1il mh\u00edos\u00fail + 3 l\u00e1 ar chl\u00e9 agus 4 l\u00e1 ar dheis + leathanaigh faisn\u00e9ise P.1 Liosta laethanta saoire agus [&hellip;]<\/p>\n","protected":false},"featured_media":265223,"template":"","meta":{"_acf_changed":false},"product_brand":[],"product_cat":[973,999],"product_tag":[1704,1705,1702],"home_works":[],"class_list":{"0":"post-265219","1":"product","2":"type-product","3":"status-publish","4":"has-post-thumbnail","6":"product_cat-formaid-leathanach-inmheanach","7":"product_cat-leathanaigh-inmheanacha-a5","8":"product_tag-25k","9":"product_tag-a5","10":"product_tag-1702","12":"first","13":"instock","14":"sold-individually","15":"shipping-taxable","16":"purchasable","17":"product-type-simple"},"acf":[],"yoast_head":"<!-- This site is optimized with the Yoast SEO plugin v27.2 - https:\/\/yoast.com\/product\/yoast-seo-wordpress\/ -->\n<title>LGP-Tr\u00ed chol\u00fan ar chl\u00e9, ceithre chol\u00fan ar dheis (leagan cothrom\u00e1nach)-A25K - Leathanaigh istigh an dialainne gn\u00f3 - Leatai \u2013 Monar\u00f3ir Leabhair N\u00f3ta\u00ed Saincheaptha<\/title>\n<meta name=\"description\" content=\"Form\u00e1id leathanaigh inmhe\u00e1nacha dialainne gn\u00f3: leagan cothrom\u00e1nach tr\u00ed l\u00e1 ar chl\u00e9 agus ceithre l\u00e1 ar dheis, p\u00e1ip\u00e9ar: p\u00e1ip\u00e9ar Daolin b\u00e1n, m\u00e9id: 25K (A5), ti\u00fas: 80 punt (80 bileog \/ 160 leathanach in aghaidh an leabhair), priont\u00e1il: dh\u00e1 dhath, \u00e1bhar: f\u00e9ilire bliant\u00fail + plean\u00e1il mh\u00edos\u00fail + 3 l\u00e1 ar chl\u00e9 agus 4 l\u00e1 ar dheis + leathanaigh faisn\u00e9ise.\" \/>\n<meta name=\"robots\" content=\"index, follow, max-snippet:-1, max-image-preview:large, max-video-preview:-1\" \/>\n<link rel=\"canonical\" href=\"https:\/\/leatai.com\/ga\/product\/formaid-leathanach-inmheanach\/leathanaigh-inmheanacha-a5\/lgp-tri-cholun-ar-chle-ceithre-cholun-ar-dheis-leagan-cothromanach-a25k\/\" \/>\n<meta property=\"og:locale\" content=\"ga_IE\" \/>\n<meta property=\"og:type\" content=\"article\" \/>\n<meta property=\"og:title\" content=\"LGP-Tr\u00ed chol\u00fan ar chl\u00e9, ceithre chol\u00fan ar dheis (leagan cothrom\u00e1nach)-A25K - Leathanaigh istigh an dialainne gn\u00f3 - Leatai \u2013 Monar\u00f3ir Leabhair N\u00f3ta\u00ed Saincheaptha\" \/>\n<meta property=\"og:description\" content=\"Form\u00e1id leathanaigh inmhe\u00e1nacha dialainne gn\u00f3: leagan cothrom\u00e1nach tr\u00ed l\u00e1 ar chl\u00e9 agus ceithre l\u00e1 ar dheis, p\u00e1ip\u00e9ar: p\u00e1ip\u00e9ar Daolin b\u00e1n, m\u00e9id: 25K (A5), ti\u00fas: 80 punt (80 bileog \/ 160 leathanach in aghaidh an leabhair), priont\u00e1il: dh\u00e1 dhath, \u00e1bhar: f\u00e9ilire bliant\u00fail + plean\u00e1il mh\u00edos\u00fail + 3 l\u00e1 ar chl\u00e9 agus 4 l\u00e1 ar dheis + leathanaigh faisn\u00e9ise.\" \/>\n<meta property=\"og:url\" content=\"https:\/\/leatai.com\/ga\/product\/formaid-leathanach-inmheanach\/leathanaigh-inmheanacha-a5\/lgp-tri-cholun-ar-chle-ceithre-cholun-ar-dheis-leagan-cothromanach-a25k\/\" \/>\n<meta property=\"og:site_name\" content=\"Leatai \u2013 Monar\u00f3ir Leabhair N\u00f3ta\u00ed Saincheaptha\" \/>\n<meta property=\"article:modified_time\" content=\"2026-01-28T03:11:03+00:00\" \/>\n<meta property=\"og:image\" content=\"https:\/\/leatai.com\/wp-content\/uploads\/\u5de6\u4e09\u53f3\u56db-01-1-scaled.jpg\" \/>\n\t<meta property=\"og:image:width\" content=\"2560\" \/>\n\t<meta property=\"og:image:height\" content=\"1776\" \/>\n\t<meta property=\"og:image:type\" content=\"image\/jpeg\" \/>\n<meta name=\"twitter:card\" content=\"summary_large_image\" \/>\n<meta name=\"twitter:label1\" content=\"Est. reading time\" \/>\n\t<meta name=\"twitter:data1\" content=\"1 minute\" \/>\n<script type=\"application\/ld+json\" class=\"yoast-schema-graph\">{\"@context\":\"https:\/\/schema.org\",\"@graph\":[{\"@type\":\"WebPage\",\"@id\":\"https:\/\/leatai.com\/ga\/product\/formaid-leathanach-inmheanach\/leathanaigh-inmheanacha-a5\/lgp-tri-cholun-ar-chle-ceithre-cholun-ar-dheis-leagan-cothromanach-a25k\/\",\"url\":\"https:\/\/leatai.com\/ga\/product\/formaid-leathanach-inmheanach\/leathanaigh-inmheanacha-a5\/lgp-tri-cholun-ar-chle-ceithre-cholun-ar-dheis-leagan-cothromanach-a25k\/\",\"name\":\"LGP-Tr\u00ed chol\u00fan ar chl\u00e9, ceithre chol\u00fan ar dheis (leagan cothrom\u00e1nach)-A25K - Leathanaigh istigh an dialainne gn\u00f3 - Leatai \u2013 Monar\u00f3ir Leabhair N\u00f3ta\u00ed Saincheaptha\",\"isPartOf\":{\"@id\":\"https:\/\/leatai.com\/ga\/#website\"},\"primaryImageOfPage\":{\"@id\":\"https:\/\/leatai.com\/ga\/product\/formaid-leathanach-inmheanach\/leathanaigh-inmheanacha-a5\/lgp-tri-cholun-ar-chle-ceithre-cholun-ar-dheis-leagan-cothromanach-a25k\/#primaryimage\"},\"image\":{\"@id\":\"https:\/\/leatai.com\/ga\/product\/formaid-leathanach-inmheanach\/leathanaigh-inmheanacha-a5\/lgp-tri-cholun-ar-chle-ceithre-cholun-ar-dheis-leagan-cothromanach-a25k\/#primaryimage\"},\"thumbnailUrl\":\"https:\/\/leatai.com\/wp-content\/uploads\/\u5de6\u4e09\u53f3\u56db-01-1-scaled.jpg\",\"datePublished\":\"2021-06-24T05:17:30+00:00\",\"dateModified\":\"2026-01-28T03:11:03+00:00\",\"description\":\"Form\u00e1id leathanaigh inmhe\u00e1nacha dialainne gn\u00f3: leagan cothrom\u00e1nach tr\u00ed l\u00e1 ar chl\u00e9 agus ceithre l\u00e1 ar dheis, p\u00e1ip\u00e9ar: p\u00e1ip\u00e9ar Daolin b\u00e1n, m\u00e9id: 25K (A5), ti\u00fas: 80 punt (80 bileog \/ 160 leathanach in aghaidh an leabhair), priont\u00e1il: dh\u00e1 dhath, \u00e1bhar: f\u00e9ilire bliant\u00fail + plean\u00e1il mh\u00edos\u00fail + 3 l\u00e1 ar chl\u00e9 agus 4 l\u00e1 ar dheis + leathanaigh faisn\u00e9ise.\",\"breadcrumb\":{\"@id\":\"https:\/\/leatai.com\/ga\/product\/formaid-leathanach-inmheanach\/leathanaigh-inmheanacha-a5\/lgp-tri-cholun-ar-chle-ceithre-cholun-ar-dheis-leagan-cothromanach-a25k\/#breadcrumb\"},\"inLanguage\":\"ga-IE\",\"potentialAction\":[{\"@type\":\"ReadAction\",\"target\":[\"https:\/\/leatai.com\/ga\/product\/formaid-leathanach-inmheanach\/leathanaigh-inmheanacha-a5\/lgp-tri-cholun-ar-chle-ceithre-cholun-ar-dheis-leagan-cothromanach-a25k\/\"]}]},{\"@type\":\"ImageObject\",\"inLanguage\":\"ga-IE\",\"@id\":\"https:\/\/leatai.com\/ga\/product\/formaid-leathanach-inmheanach\/leathanaigh-inmheanacha-a5\/lgp-tri-cholun-ar-chle-ceithre-cholun-ar-dheis-leagan-cothromanach-a25k\/#primaryimage\",\"url\":\"https:\/\/leatai.com\/wp-content\/uploads\/\u5de6\u4e09\u53f3\u56db-01-1-scaled.jpg\",\"contentUrl\":\"https:\/\/leatai.com\/wp-content\/uploads\/\u5de6\u4e09\u53f3\u56db-01-1-scaled.jpg\",\"width\":2560,\"height\":1776,\"caption\":\"Leathanaigh istigh an dialainne gn\u00f3\"},{\"@type\":\"BreadcrumbList\",\"@id\":\"https:\/\/leatai.com\/ga\/product\/formaid-leathanach-inmheanach\/leathanaigh-inmheanacha-a5\/lgp-tri-cholun-ar-chle-ceithre-cholun-ar-dheis-leagan-cothromanach-a25k\/#breadcrumb\",\"itemListElement\":[{\"@type\":\"ListItem\",\"position\":1,\"name\":\"Home\",\"item\":\"https:\/\/leatai.com\/ga\/\"},{\"@type\":\"ListItem\",\"position\":2,\"name\":\"Cur i l\u00e1thair T\u00e1irg\u00ed\",\"item\":\"https:\/\/leatai.com\/products\/\"},{\"@type\":\"ListItem\",\"position\":3,\"name\":\"Form\u00e1id Leathanach Inmhe\u00e1nach\",\"item\":\"https:\/\/leatai.com\/ga\/product-category\/formaid-leathanach-inmheanach\/\"},{\"@type\":\"ListItem\",\"position\":4,\"name\":\"Leathanaigh Inmhe\u00e1nacha A5\",\"item\":\"https:\/\/leatai.com\/ga\/product-category\/formaid-leathanach-inmheanach\/leathanaigh-inmheanacha-a5\/\"},{\"@type\":\"ListItem\",\"position\":5,\"name\":\"LGP-Tr\u00ed chol\u00fan ar chl\u00e9, ceithre chol\u00fan ar dheis (leagan cothrom\u00e1nach)-A25K\"}]},{\"@type\":\"WebSite\",\"@id\":\"https:\/\/leatai.com\/ga\/#website\",\"url\":\"https:\/\/leatai.com\/ga\/\",\"name\":\"Leatai \u2013 Monar\u00f3ir Leabhair N\u00f3ta\u00ed Saincheaptha\",\"description\":\"Sol\u00e1thra\u00edonn Leatai leabhair n\u00f3ta\u00ed agus plean\u00e1laithe saincheaptha do bhranda\u00ed agus d\u00e1ileoir\u00ed ar fud an domhain.\",\"publisher\":{\"@id\":\"https:\/\/leatai.com\/ga\/#organization\"},\"potentialAction\":[{\"@type\":\"SearchAction\",\"target\":{\"@type\":\"EntryPoint\",\"urlTemplate\":\"https:\/\/leatai.com\/ga\/?s={search_term_string}\"},\"query-input\":{\"@type\":\"PropertyValueSpecification\",\"valueRequired\":true,\"valueName\":\"search_term_string\"}}],\"inLanguage\":\"ga-IE\"},{\"@type\":\"Organization\",\"@id\":\"https:\/\/leatai.com\/ga\/#organization\",\"name\":\"Leatai Diary, customized journal and business organizer\",\"url\":\"https:\/\/leatai.com\/ga\/\",\"logo\":{\"@type\":\"ImageObject\",\"inLanguage\":\"ga-IE\",\"@id\":\"https:\/\/leatai.com\/ga\/#\/schema\/logo\/image\/\",\"url\":\"https:\/\/leatai.com\/wp-content\/uploads\/logo-blue.png\",\"contentUrl\":\"https:\/\/leatai.com\/wp-content\/uploads\/logo-blue.png\",\"width\":230,\"height\":60,\"caption\":\"Leatai Diary, customized journal and business organizer\"},\"image\":{\"@id\":\"https:\/\/leatai.com\/ga\/#\/schema\/logo\/image\/\"},\"telephone\":\"+886-2-8227-8800\",\"legalName\":\"Leatai Stationary Co., Ltd.\",\"description\":\"A leading notebook factory in Taiwan offering bespoke branding, high-quality binding, and premium paper selections for corporate gifts and stationery wholesale.\",\"address\":{\"@type\":\"PostalAddress\",\"streetAddress\":\"11F., No. 168, Jiankang Rd.\",\"addressLocality\":\"Zhonghe Dist.\",\"addressRegion\":\"New Taipei City\",\"postalCode\":\"235\",\"addressCountry\":\"TW\"},\"contactPoint\":{\"@type\":\"ContactPoint\",\"telephone\":\"+886-2-8227-8800\",\"contactType\":\"sales\",\"areaServed\":\"Worldwide\",\"availableLanguage\":[\"zh-TW\",\"en\"]}}]}<\/script>\n<!-- \/ Yoast SEO plugin. -->","yoast_head_json":{"title":"LGP-Tr\u00ed chol\u00fan ar chl\u00e9, ceithre chol\u00fan ar dheis (leagan cothrom\u00e1nach)-A25K - Leathanaigh istigh an dialainne gn\u00f3 - Leatai \u2013 Monar\u00f3ir Leabhair N\u00f3ta\u00ed Saincheaptha","description":"Form\u00e1id leathanaigh inmhe\u00e1nacha dialainne gn\u00f3: leagan cothrom\u00e1nach tr\u00ed l\u00e1 ar chl\u00e9 agus ceithre l\u00e1 ar dheis, p\u00e1ip\u00e9ar: p\u00e1ip\u00e9ar Daolin b\u00e1n, m\u00e9id: 25K (A5), ti\u00fas: 80 punt (80 bileog \/ 160 leathanach in aghaidh an leabhair), priont\u00e1il: dh\u00e1 dhath, \u00e1bhar: f\u00e9ilire bliant\u00fail + plean\u00e1il mh\u00edos\u00fail + 3 l\u00e1 ar chl\u00e9 agus 4 l\u00e1 ar dheis + leathanaigh faisn\u00e9ise.","robots":{"index":"index","follow":"follow","max-snippet":"max-snippet:-1","max-image-preview":"max-image-preview:large","max-video-preview":"max-video-preview:-1"},"canonical":"https:\/\/leatai.com\/ga\/product\/formaid-leathanach-inmheanach\/leathanaigh-inmheanacha-a5\/lgp-tri-cholun-ar-chle-ceithre-cholun-ar-dheis-leagan-cothromanach-a25k\/","og_locale":"ga_IE","og_type":"article","og_title":"LGP-Tr\u00ed chol\u00fan ar chl\u00e9, ceithre chol\u00fan ar dheis (leagan cothrom\u00e1nach)-A25K - Leathanaigh istigh an dialainne gn\u00f3 - Leatai \u2013 Monar\u00f3ir Leabhair N\u00f3ta\u00ed Saincheaptha","og_description":"Form\u00e1id leathanaigh inmhe\u00e1nacha dialainne gn\u00f3: leagan cothrom\u00e1nach tr\u00ed l\u00e1 ar chl\u00e9 agus ceithre l\u00e1 ar dheis, p\u00e1ip\u00e9ar: p\u00e1ip\u00e9ar Daolin b\u00e1n, m\u00e9id: 25K (A5), ti\u00fas: 80 punt (80 bileog \/ 160 leathanach in aghaidh an leabhair), priont\u00e1il: dh\u00e1 dhath, \u00e1bhar: f\u00e9ilire bliant\u00fail + plean\u00e1il mh\u00edos\u00fail + 3 l\u00e1 ar chl\u00e9 agus 4 l\u00e1 ar dheis + leathanaigh faisn\u00e9ise.","og_url":"https:\/\/leatai.com\/ga\/product\/formaid-leathanach-inmheanach\/leathanaigh-inmheanacha-a5\/lgp-tri-cholun-ar-chle-ceithre-cholun-ar-dheis-leagan-cothromanach-a25k\/","og_site_name":"Leatai \u2013 Monar\u00f3ir Leabhair N\u00f3ta\u00ed Saincheaptha","article_modified_time":"2026-01-28T03:11:03+00:00","og_image":[{"width":2560,"height":1776,"url":"https:\/\/leatai.com\/wp-content\/uploads\/\u5de6\u4e09\u53f3\u56db-01-1-scaled.jpg","type":"image\/jpeg"}],"twitter_card":"summary_large_image","twitter_misc":{"Est. reading time":"1 minute"},"schema":{"@context":"https:\/\/schema.org","@graph":[{"@type":"WebPage","@id":"https:\/\/leatai.com\/ga\/product\/formaid-leathanach-inmheanach\/leathanaigh-inmheanacha-a5\/lgp-tri-cholun-ar-chle-ceithre-cholun-ar-dheis-leagan-cothromanach-a25k\/","url":"https:\/\/leatai.com\/ga\/product\/formaid-leathanach-inmheanach\/leathanaigh-inmheanacha-a5\/lgp-tri-cholun-ar-chle-ceithre-cholun-ar-dheis-leagan-cothromanach-a25k\/","name":"LGP-Tr\u00ed chol\u00fan ar chl\u00e9, ceithre chol\u00fan ar dheis (leagan cothrom\u00e1nach)-A25K - Leathanaigh istigh an dialainne gn\u00f3 - Leatai \u2013 Monar\u00f3ir Leabhair N\u00f3ta\u00ed Saincheaptha","isPartOf":{"@id":"https:\/\/leatai.com\/ga\/#website"},"primaryImageOfPage":{"@id":"https:\/\/leatai.com\/ga\/product\/formaid-leathanach-inmheanach\/leathanaigh-inmheanacha-a5\/lgp-tri-cholun-ar-chle-ceithre-cholun-ar-dheis-leagan-cothromanach-a25k\/#primaryimage"},"image":{"@id":"https:\/\/leatai.com\/ga\/product\/formaid-leathanach-inmheanach\/leathanaigh-inmheanacha-a5\/lgp-tri-cholun-ar-chle-ceithre-cholun-ar-dheis-leagan-cothromanach-a25k\/#primaryimage"},"thumbnailUrl":"https:\/\/leatai.com\/wp-content\/uploads\/\u5de6\u4e09\u53f3\u56db-01-1-scaled.jpg","datePublished":"2021-06-24T05:17:30+00:00","dateModified":"2026-01-28T03:11:03+00:00","description":"Form\u00e1id leathanaigh inmhe\u00e1nacha dialainne gn\u00f3: leagan cothrom\u00e1nach tr\u00ed l\u00e1 ar chl\u00e9 agus ceithre l\u00e1 ar dheis, p\u00e1ip\u00e9ar: p\u00e1ip\u00e9ar Daolin b\u00e1n, m\u00e9id: 25K (A5), ti\u00fas: 80 punt (80 bileog \/ 160 leathanach in aghaidh an leabhair), priont\u00e1il: dh\u00e1 dhath, \u00e1bhar: f\u00e9ilire bliant\u00fail + plean\u00e1il mh\u00edos\u00fail + 3 l\u00e1 ar chl\u00e9 agus 4 l\u00e1 ar dheis + leathanaigh faisn\u00e9ise.","breadcrumb":{"@id":"https:\/\/leatai.com\/ga\/product\/formaid-leathanach-inmheanach\/leathanaigh-inmheanacha-a5\/lgp-tri-cholun-ar-chle-ceithre-cholun-ar-dheis-leagan-cothromanach-a25k\/#breadcrumb"},"inLanguage":"ga-IE","potentialAction":[{"@type":"ReadAction","target":["https:\/\/leatai.com\/ga\/product\/formaid-leathanach-inmheanach\/leathanaigh-inmheanacha-a5\/lgp-tri-cholun-ar-chle-ceithre-cholun-ar-dheis-leagan-cothromanach-a25k\/"]}]},{"@type":"ImageObject","inLanguage":"ga-IE","@id":"https:\/\/leatai.com\/ga\/product\/formaid-leathanach-inmheanach\/leathanaigh-inmheanacha-a5\/lgp-tri-cholun-ar-chle-ceithre-cholun-ar-dheis-leagan-cothromanach-a25k\/#primaryimage","url":"https:\/\/leatai.com\/wp-content\/uploads\/\u5de6\u4e09\u53f3\u56db-01-1-scaled.jpg","contentUrl":"https:\/\/leatai.com\/wp-content\/uploads\/\u5de6\u4e09\u53f3\u56db-01-1-scaled.jpg","width":2560,"height":1776,"caption":"Leathanaigh istigh an dialainne gn\u00f3"},{"@type":"BreadcrumbList","@id":"https:\/\/leatai.com\/ga\/product\/formaid-leathanach-inmheanach\/leathanaigh-inmheanacha-a5\/lgp-tri-cholun-ar-chle-ceithre-cholun-ar-dheis-leagan-cothromanach-a25k\/#breadcrumb","itemListElement":[{"@type":"ListItem","position":1,"name":"Home","item":"https:\/\/leatai.com\/ga\/"},{"@type":"ListItem","position":2,"name":"Cur i l\u00e1thair T\u00e1irg\u00ed","item":"https:\/\/leatai.com\/products\/"},{"@type":"ListItem","position":3,"name":"Form\u00e1id Leathanach Inmhe\u00e1nach","item":"https:\/\/leatai.com\/ga\/product-category\/formaid-leathanach-inmheanach\/"},{"@type":"ListItem","position":4,"name":"Leathanaigh Inmhe\u00e1nacha A5","item":"https:\/\/leatai.com\/ga\/product-category\/formaid-leathanach-inmheanach\/leathanaigh-inmheanacha-a5\/"},{"@type":"ListItem","position":5,"name":"LGP-Tr\u00ed chol\u00fan ar chl\u00e9, ceithre chol\u00fan ar dheis (leagan cothrom\u00e1nach)-A25K"}]},{"@type":"WebSite","@id":"https:\/\/leatai.com\/ga\/#website","url":"https:\/\/leatai.com\/ga\/","name":"Leatai \u2013 Monar\u00f3ir Leabhair N\u00f3ta\u00ed Saincheaptha","description":"Sol\u00e1thra\u00edonn Leatai leabhair n\u00f3ta\u00ed agus plean\u00e1laithe saincheaptha do bhranda\u00ed agus d\u00e1ileoir\u00ed ar fud an domhain.","publisher":{"@id":"https:\/\/leatai.com\/ga\/#organization"},"potentialAction":[{"@type":"SearchAction","target":{"@type":"EntryPoint","urlTemplate":"https:\/\/leatai.com\/ga\/?s={search_term_string}"},"query-input":{"@type":"PropertyValueSpecification","valueRequired":true,"valueName":"search_term_string"}}],"inLanguage":"ga-IE"},{"@type":"Organization","@id":"https:\/\/leatai.com\/ga\/#organization","name":"Leatai Diary, customized journal and business organizer","url":"https:\/\/leatai.com\/ga\/","logo":{"@type":"ImageObject","inLanguage":"ga-IE","@id":"https:\/\/leatai.com\/ga\/#\/schema\/logo\/image\/","url":"https:\/\/leatai.com\/wp-content\/uploads\/logo-blue.png","contentUrl":"https:\/\/leatai.com\/wp-content\/uploads\/logo-blue.png","width":230,"height":60,"caption":"Leatai Diary, customized journal and business organizer"},"image":{"@id":"https:\/\/leatai.com\/ga\/#\/schema\/logo\/image\/"},"telephone":"+886-2-8227-8800","legalName":"Leatai Stationary Co., Ltd.","description":"A leading notebook factory in Taiwan offering bespoke branding, high-quality binding, and premium paper selections for corporate gifts and stationery wholesale.","address":{"@type":"PostalAddress","streetAddress":"11F., No. 168, Jiankang Rd.","addressLocality":"Zhonghe Dist.","addressRegion":"New Taipei City","postalCode":"235","addressCountry":"TW"},"contactPoint":{"@type":"ContactPoint","telephone":"+886-2-8227-8800","contactType":"sales","areaServed":"Worldwide","availableLanguage":["zh-TW","en"]}}]}},"_links":{"self":[{"href":"https:\/\/leatai.com\/ga\/wp-json\/wp\/v2\/product\/265219","targetHints":{"allow":["GET"]}}],"collection":[{"href":"https:\/\/leatai.com\/ga\/wp-json\/wp\/v2\/product"}],"about":[{"href":"https:\/\/leatai.com\/ga\/wp-json\/wp\/v2\/types\/product"}],"wp:featuredmedia":[{"embeddable":true,"href":"https:\/\/leatai.com\/ga\/wp-json\/wp\/v2\/media\/265223"}],"wp:attachment":[{"href":"https:\/\/leatai.com\/ga\/wp-json\/wp\/v2\/media?parent=265219"}],"wp:term":[{"taxonomy":"product_brand","embeddable":true,"href":"https:\/\/leatai.com\/ga\/wp-json\/wp\/v2\/product_brand?post=265219"},{"taxonomy":"product_cat","embeddable":true,"href":"https:\/\/leatai.com\/ga\/wp-json\/wp\/v2\/product_cat?post=265219"},{"taxonomy":"product_tag","embeddable":true,"href":"https:\/\/leatai.com\/ga\/wp-json\/wp\/v2\/product_tag?post=265219"},{"taxonomy":"home_works","embeddable":true,"href":"https:\/\/leatai.com\/ga\/wp-json\/wp\/v2\/home_works?post=265219"}],"curies":[{"name":"wp","href":"https:\/\/api.w.org\/{rel}","templated":true}]}}