{"id":265216,"date":"2021-06-24T13:17:30","date_gmt":"2021-06-24T05:17:30","guid":{"rendered":"https:\/\/leatai.com\/product\/uncategorized\/lgp-leathanach-amhain-in-aghaidh-an-lae-a25k\/"},"modified":"2026-01-28T11:11:17","modified_gmt":"2026-01-28T03:11:17","slug":"lgp-leathanach-amhain-in-aghaidh-an-lae-a25k","status":"publish","type":"product","link":"https:\/\/leatai.com\/ga\/product\/formaid-leathanach-inmheanach\/leathanaigh-inmheanacha-a5\/lgp-leathanach-amhain-in-aghaidh-an-lae-a25k\/","title":{"rendered":"LGP-Leathanach amh\u00e1in in aghaidh an lae-A25K"},"content":{"rendered":"<p>P\u00e1ip\u00e9ar: P\u00e1ip\u00e9ar Daolin b\u00e1n<br \/>\nM\u00e9id:\u00a0<a href=\"https:\/\/leatai.com\/ga\/faq\/cad-iad-na-meideanna-pleanalai-8k-16k-agus-25k-ce-chomh-mor-is-ata-siad\/\" target=\"_blank\" rel=\"noopener\">25K (A5)<\/a>\u00a0<a href=\"https:\/\/leatai.com\/ga\/faq\/cad-iad-na-meideanna-pleanalai-8k-16k-agus-25k-ce-chomh-mor-is-ata-siad\/\" target=\"_blank\" rel=\"noopener\">(cur s\u00edos mionsonraithe ar mh\u00e9id an dialainne gn\u00f3 agus t\u00e1bla compar\u00e1ide)<\/a><br \/>\nTi\u00fas: 65 punt (176 bileog \/ 352 leathanach in aghaidh an leabhair)<br \/>\nPriont\u00e1il: Dh\u00e1 dhath<br \/>\n\u00c1bhar: F\u00e9ilire bliant\u00fail + leathanach amh\u00e1in in aghaidh an lae (D\u00e9 Sathairn \/ D\u00e9 Domhnaigh mar dh\u00e1 l\u00e1 ar leathanach amh\u00e1in), le hinn\u00e9acs m\u00edos\u00fail<\/p>\n<p>P.1 Liosta laethanta saoire agus f\u00e9ilte<br \/>\nP.2~P.3 F\u00e9ilire bliant\u00fail<br \/>\nP.4~P.5 T\u00e1bla plean\u00e1la bliant\u00fala<br \/>\nP.6~P.29 Plean\u00e1il mh\u00edos\u00fail (Ean\u00e1ir go Nollaig na bliana reatha, gach m\u00ed ar dh\u00e1 leathanach cl\u00e9 agus deas)<br \/>\nP.30~345 Leathanaigh inmhe\u00e1nacha l\u00e1 ar l\u00e1 (D\u00e9 Sathairn \/ D\u00e9 Domhnaigh mar dh\u00e1 l\u00e1 ar leathanach amh\u00e1in)<br \/>\nP.346~351 Eolaire teagmh\u00e1lacha<br \/>\nP.352 Leathanach faisn\u00e9ise pearsanta<\/p>\n","protected":false},"excerpt":{"rendered":"<p>P\u00e1ip\u00e9ar: P\u00e1ip\u00e9ar Daolin b\u00e1n M\u00e9id:\u00a025K (A5)\u00a0(cur s\u00edos mionsonraithe ar mh\u00e9id an dialainne gn\u00f3 agus t\u00e1bla compar\u00e1ide) Ti\u00fas: 65 punt (176 bileog \/ 352 leathanach in aghaidh an leabhair) Priont\u00e1il: Dh\u00e1 dhath \u00c1bhar: F\u00e9ilire bliant\u00fail + leathanach amh\u00e1in in aghaidh an lae (D\u00e9 Sathairn \/ D\u00e9 Domhnaigh mar dh\u00e1 l\u00e1 ar leathanach amh\u00e1in), le hinn\u00e9acs m\u00edos\u00fail [&hellip;]<\/p>\n","protected":false},"featured_media":265217,"template":"","meta":{"_acf_changed":false},"product_brand":[],"product_cat":[973,999],"product_tag":[1704,1705,1702],"home_works":[],"class_list":{"0":"post-265216","1":"product","2":"type-product","3":"status-publish","4":"has-post-thumbnail","6":"product_cat-formaid-leathanach-inmheanach","7":"product_cat-leathanaigh-inmheanacha-a5","8":"product_tag-25k","9":"product_tag-a5","10":"product_tag-1702","12":"first","13":"instock","14":"sold-individually","15":"shipping-taxable","16":"purchasable","17":"product-type-simple"},"acf":[],"yoast_head":"<!-- This site is optimized with the Yoast SEO plugin v27.2 - https:\/\/yoast.com\/product\/yoast-seo-wordpress\/ -->\n<title>LGP-Leathanach amh\u00e1in in aghaidh an lae-A25K - Leathanaigh istigh an dialainne gn\u00f3 - Leatai \u2013 Monar\u00f3ir Leabhair N\u00f3ta\u00ed Saincheaptha<\/title>\n<meta name=\"description\" content=\"Form\u00e1id leathanaigh inmhe\u00e1nacha dialainne gn\u00f3: leathanach amh\u00e1in in aghaidh an lae, p\u00e1ip\u00e9ar: p\u00e1ip\u00e9ar Daolin b\u00e1n, m\u00e9id: 25K (A5), ti\u00fas: 65 punt (176 bileog \/ 352 leathanach in aghaidh an leabhair), priont\u00e1il: dh\u00e1 dhath, \u00e1bhar: f\u00e9ilire bliant\u00fail + leathanach amh\u00e1in in aghaidh an lae (D\u00e9 Sathairn \/ D\u00e9 Domhnaigh mar dh\u00e1 l\u00e1 ar leathanach amh\u00e1in), le hinn\u00e9acs m\u00edos\u00fail.\" \/>\n<meta name=\"robots\" content=\"index, follow, max-snippet:-1, max-image-preview:large, max-video-preview:-1\" \/>\n<link rel=\"canonical\" href=\"https:\/\/leatai.com\/ga\/product\/formaid-leathanach-inmheanach\/leathanaigh-inmheanacha-a5\/lgp-leathanach-amhain-in-aghaidh-an-lae-a25k\/\" \/>\n<meta property=\"og:locale\" content=\"ga_IE\" \/>\n<meta property=\"og:type\" content=\"article\" \/>\n<meta property=\"og:title\" content=\"LGP-Leathanach amh\u00e1in in aghaidh an lae-A25K - Leathanaigh istigh an dialainne gn\u00f3 - Leatai \u2013 Monar\u00f3ir Leabhair N\u00f3ta\u00ed Saincheaptha\" \/>\n<meta property=\"og:description\" content=\"Form\u00e1id leathanaigh inmhe\u00e1nacha dialainne gn\u00f3: leathanach amh\u00e1in in aghaidh an lae, p\u00e1ip\u00e9ar: p\u00e1ip\u00e9ar Daolin b\u00e1n, m\u00e9id: 25K (A5), ti\u00fas: 65 punt (176 bileog \/ 352 leathanach in aghaidh an leabhair), priont\u00e1il: dh\u00e1 dhath, \u00e1bhar: f\u00e9ilire bliant\u00fail + leathanach amh\u00e1in in aghaidh an lae (D\u00e9 Sathairn \/ D\u00e9 Domhnaigh mar dh\u00e1 l\u00e1 ar leathanach amh\u00e1in), le hinn\u00e9acs m\u00edos\u00fail.\" \/>\n<meta property=\"og:url\" content=\"https:\/\/leatai.com\/ga\/product\/formaid-leathanach-inmheanach\/leathanaigh-inmheanacha-a5\/lgp-leathanach-amhain-in-aghaidh-an-lae-a25k\/\" \/>\n<meta property=\"og:site_name\" content=\"Leatai \u2013 Monar\u00f3ir Leabhair N\u00f3ta\u00ed Saincheaptha\" \/>\n<meta property=\"article:modified_time\" content=\"2026-01-28T03:11:17+00:00\" \/>\n<meta property=\"og:image\" content=\"https:\/\/leatai.com\/wp-content\/uploads\/2020_02_11_1057560-scaled-1.jpg\" \/>\n\t<meta property=\"og:image:width\" content=\"2560\" \/>\n\t<meta property=\"og:image:height\" content=\"1771\" \/>\n\t<meta property=\"og:image:type\" content=\"image\/jpeg\" \/>\n<meta name=\"twitter:card\" content=\"summary_large_image\" \/>\n<meta name=\"twitter:label1\" content=\"Est. reading time\" \/>\n\t<meta name=\"twitter:data1\" content=\"1 minute\" \/>\n<script type=\"application\/ld+json\" class=\"yoast-schema-graph\">{\"@context\":\"https:\/\/schema.org\",\"@graph\":[{\"@type\":\"WebPage\",\"@id\":\"https:\/\/leatai.com\/ga\/product\/formaid-leathanach-inmheanach\/leathanaigh-inmheanacha-a5\/lgp-leathanach-amhain-in-aghaidh-an-lae-a25k\/\",\"url\":\"https:\/\/leatai.com\/ga\/product\/formaid-leathanach-inmheanach\/leathanaigh-inmheanacha-a5\/lgp-leathanach-amhain-in-aghaidh-an-lae-a25k\/\",\"name\":\"LGP-Leathanach amh\u00e1in in aghaidh an lae-A25K - Leathanaigh istigh an dialainne gn\u00f3 - Leatai \u2013 Monar\u00f3ir Leabhair N\u00f3ta\u00ed Saincheaptha\",\"isPartOf\":{\"@id\":\"https:\/\/leatai.com\/ga\/#website\"},\"primaryImageOfPage\":{\"@id\":\"https:\/\/leatai.com\/ga\/product\/formaid-leathanach-inmheanach\/leathanaigh-inmheanacha-a5\/lgp-leathanach-amhain-in-aghaidh-an-lae-a25k\/#primaryimage\"},\"image\":{\"@id\":\"https:\/\/leatai.com\/ga\/product\/formaid-leathanach-inmheanach\/leathanaigh-inmheanacha-a5\/lgp-leathanach-amhain-in-aghaidh-an-lae-a25k\/#primaryimage\"},\"thumbnailUrl\":\"https:\/\/leatai.com\/wp-content\/uploads\/2020_02_11_1057560-scaled-1.jpg\",\"datePublished\":\"2021-06-24T05:17:30+00:00\",\"dateModified\":\"2026-01-28T03:11:17+00:00\",\"description\":\"Form\u00e1id leathanaigh inmhe\u00e1nacha dialainne gn\u00f3: leathanach amh\u00e1in in aghaidh an lae, p\u00e1ip\u00e9ar: p\u00e1ip\u00e9ar Daolin b\u00e1n, m\u00e9id: 25K (A5), ti\u00fas: 65 punt (176 bileog \/ 352 leathanach in aghaidh an leabhair), priont\u00e1il: dh\u00e1 dhath, \u00e1bhar: f\u00e9ilire bliant\u00fail + leathanach amh\u00e1in in aghaidh an lae (D\u00e9 Sathairn \/ D\u00e9 Domhnaigh mar dh\u00e1 l\u00e1 ar leathanach amh\u00e1in), le hinn\u00e9acs m\u00edos\u00fail.\",\"breadcrumb\":{\"@id\":\"https:\/\/leatai.com\/ga\/product\/formaid-leathanach-inmheanach\/leathanaigh-inmheanacha-a5\/lgp-leathanach-amhain-in-aghaidh-an-lae-a25k\/#breadcrumb\"},\"inLanguage\":\"ga-IE\",\"potentialAction\":[{\"@type\":\"ReadAction\",\"target\":[\"https:\/\/leatai.com\/ga\/product\/formaid-leathanach-inmheanach\/leathanaigh-inmheanacha-a5\/lgp-leathanach-amhain-in-aghaidh-an-lae-a25k\/\"]}]},{\"@type\":\"ImageObject\",\"inLanguage\":\"ga-IE\",\"@id\":\"https:\/\/leatai.com\/ga\/product\/formaid-leathanach-inmheanach\/leathanaigh-inmheanacha-a5\/lgp-leathanach-amhain-in-aghaidh-an-lae-a25k\/#primaryimage\",\"url\":\"https:\/\/leatai.com\/wp-content\/uploads\/2020_02_11_1057560-scaled-1.jpg\",\"contentUrl\":\"https:\/\/leatai.com\/wp-content\/uploads\/2020_02_11_1057560-scaled-1.jpg\",\"width\":2560,\"height\":1771,\"caption\":\"Leathanaigh istigh an dialainne gn\u00f3\"},{\"@type\":\"BreadcrumbList\",\"@id\":\"https:\/\/leatai.com\/ga\/product\/formaid-leathanach-inmheanach\/leathanaigh-inmheanacha-a5\/lgp-leathanach-amhain-in-aghaidh-an-lae-a25k\/#breadcrumb\",\"itemListElement\":[{\"@type\":\"ListItem\",\"position\":1,\"name\":\"Home\",\"item\":\"https:\/\/leatai.com\/ga\/\"},{\"@type\":\"ListItem\",\"position\":2,\"name\":\"Cur i l\u00e1thair T\u00e1irg\u00ed\",\"item\":\"https:\/\/leatai.com\/products\/\"},{\"@type\":\"ListItem\",\"position\":3,\"name\":\"Form\u00e1id Leathanach Inmhe\u00e1nach\",\"item\":\"https:\/\/leatai.com\/ga\/product-category\/formaid-leathanach-inmheanach\/\"},{\"@type\":\"ListItem\",\"position\":4,\"name\":\"Leathanaigh Inmhe\u00e1nacha A5\",\"item\":\"https:\/\/leatai.com\/ga\/product-category\/formaid-leathanach-inmheanach\/leathanaigh-inmheanacha-a5\/\"},{\"@type\":\"ListItem\",\"position\":5,\"name\":\"LGP-Leathanach amh\u00e1in in aghaidh an lae-A25K\"}]},{\"@type\":\"WebSite\",\"@id\":\"https:\/\/leatai.com\/ga\/#website\",\"url\":\"https:\/\/leatai.com\/ga\/\",\"name\":\"Leatai \u2013 Monar\u00f3ir Leabhair N\u00f3ta\u00ed Saincheaptha\",\"description\":\"Sol\u00e1thra\u00edonn Leatai leabhair n\u00f3ta\u00ed agus plean\u00e1laithe saincheaptha do bhranda\u00ed agus d\u00e1ileoir\u00ed ar fud an domhain.\",\"publisher\":{\"@id\":\"https:\/\/leatai.com\/ga\/#organization\"},\"potentialAction\":[{\"@type\":\"SearchAction\",\"target\":{\"@type\":\"EntryPoint\",\"urlTemplate\":\"https:\/\/leatai.com\/ga\/?s={search_term_string}\"},\"query-input\":{\"@type\":\"PropertyValueSpecification\",\"valueRequired\":true,\"valueName\":\"search_term_string\"}}],\"inLanguage\":\"ga-IE\"},{\"@type\":\"Organization\",\"@id\":\"https:\/\/leatai.com\/ga\/#organization\",\"name\":\"Leatai Diary, customized journal and business organizer\",\"url\":\"https:\/\/leatai.com\/ga\/\",\"logo\":{\"@type\":\"ImageObject\",\"inLanguage\":\"ga-IE\",\"@id\":\"https:\/\/leatai.com\/ga\/#\/schema\/logo\/image\/\",\"url\":\"https:\/\/leatai.com\/wp-content\/uploads\/logo-blue.png\",\"contentUrl\":\"https:\/\/leatai.com\/wp-content\/uploads\/logo-blue.png\",\"width\":230,\"height\":60,\"caption\":\"Leatai Diary, customized journal and business organizer\"},\"image\":{\"@id\":\"https:\/\/leatai.com\/ga\/#\/schema\/logo\/image\/\"}}]}<\/script>\n<!-- \/ Yoast SEO plugin. -->","yoast_head_json":{"title":"LGP-Leathanach amh\u00e1in in aghaidh an lae-A25K - Leathanaigh istigh an dialainne gn\u00f3 - Leatai \u2013 Monar\u00f3ir Leabhair N\u00f3ta\u00ed Saincheaptha","description":"Form\u00e1id leathanaigh inmhe\u00e1nacha dialainne gn\u00f3: leathanach amh\u00e1in in aghaidh an lae, p\u00e1ip\u00e9ar: p\u00e1ip\u00e9ar Daolin b\u00e1n, m\u00e9id: 25K (A5), ti\u00fas: 65 punt (176 bileog \/ 352 leathanach in aghaidh an leabhair), priont\u00e1il: dh\u00e1 dhath, \u00e1bhar: f\u00e9ilire bliant\u00fail + leathanach amh\u00e1in in aghaidh an lae (D\u00e9 Sathairn \/ D\u00e9 Domhnaigh mar dh\u00e1 l\u00e1 ar leathanach amh\u00e1in), le hinn\u00e9acs m\u00edos\u00fail.","robots":{"index":"index","follow":"follow","max-snippet":"max-snippet:-1","max-image-preview":"max-image-preview:large","max-video-preview":"max-video-preview:-1"},"canonical":"https:\/\/leatai.com\/ga\/product\/formaid-leathanach-inmheanach\/leathanaigh-inmheanacha-a5\/lgp-leathanach-amhain-in-aghaidh-an-lae-a25k\/","og_locale":"ga_IE","og_type":"article","og_title":"LGP-Leathanach amh\u00e1in in aghaidh an lae-A25K - Leathanaigh istigh an dialainne gn\u00f3 - Leatai \u2013 Monar\u00f3ir Leabhair N\u00f3ta\u00ed Saincheaptha","og_description":"Form\u00e1id leathanaigh inmhe\u00e1nacha dialainne gn\u00f3: leathanach amh\u00e1in in aghaidh an lae, p\u00e1ip\u00e9ar: p\u00e1ip\u00e9ar Daolin b\u00e1n, m\u00e9id: 25K (A5), ti\u00fas: 65 punt (176 bileog \/ 352 leathanach in aghaidh an leabhair), priont\u00e1il: dh\u00e1 dhath, \u00e1bhar: f\u00e9ilire bliant\u00fail + leathanach amh\u00e1in in aghaidh an lae (D\u00e9 Sathairn \/ D\u00e9 Domhnaigh mar dh\u00e1 l\u00e1 ar leathanach amh\u00e1in), le hinn\u00e9acs m\u00edos\u00fail.","og_url":"https:\/\/leatai.com\/ga\/product\/formaid-leathanach-inmheanach\/leathanaigh-inmheanacha-a5\/lgp-leathanach-amhain-in-aghaidh-an-lae-a25k\/","og_site_name":"Leatai \u2013 Monar\u00f3ir Leabhair N\u00f3ta\u00ed Saincheaptha","article_modified_time":"2026-01-28T03:11:17+00:00","og_image":[{"width":2560,"height":1771,"url":"https:\/\/leatai.com\/wp-content\/uploads\/2020_02_11_1057560-scaled-1.jpg","type":"image\/jpeg"}],"twitter_card":"summary_large_image","twitter_misc":{"Est. reading time":"1 minute"},"schema":{"@context":"https:\/\/schema.org","@graph":[{"@type":"WebPage","@id":"https:\/\/leatai.com\/ga\/product\/formaid-leathanach-inmheanach\/leathanaigh-inmheanacha-a5\/lgp-leathanach-amhain-in-aghaidh-an-lae-a25k\/","url":"https:\/\/leatai.com\/ga\/product\/formaid-leathanach-inmheanach\/leathanaigh-inmheanacha-a5\/lgp-leathanach-amhain-in-aghaidh-an-lae-a25k\/","name":"LGP-Leathanach amh\u00e1in in aghaidh an lae-A25K - Leathanaigh istigh an dialainne gn\u00f3 - Leatai \u2013 Monar\u00f3ir Leabhair N\u00f3ta\u00ed Saincheaptha","isPartOf":{"@id":"https:\/\/leatai.com\/ga\/#website"},"primaryImageOfPage":{"@id":"https:\/\/leatai.com\/ga\/product\/formaid-leathanach-inmheanach\/leathanaigh-inmheanacha-a5\/lgp-leathanach-amhain-in-aghaidh-an-lae-a25k\/#primaryimage"},"image":{"@id":"https:\/\/leatai.com\/ga\/product\/formaid-leathanach-inmheanach\/leathanaigh-inmheanacha-a5\/lgp-leathanach-amhain-in-aghaidh-an-lae-a25k\/#primaryimage"},"thumbnailUrl":"https:\/\/leatai.com\/wp-content\/uploads\/2020_02_11_1057560-scaled-1.jpg","datePublished":"2021-06-24T05:17:30+00:00","dateModified":"2026-01-28T03:11:17+00:00","description":"Form\u00e1id leathanaigh inmhe\u00e1nacha dialainne gn\u00f3: leathanach amh\u00e1in in aghaidh an lae, p\u00e1ip\u00e9ar: p\u00e1ip\u00e9ar Daolin b\u00e1n, m\u00e9id: 25K (A5), ti\u00fas: 65 punt (176 bileog \/ 352 leathanach in aghaidh an leabhair), priont\u00e1il: dh\u00e1 dhath, \u00e1bhar: f\u00e9ilire bliant\u00fail + leathanach amh\u00e1in in aghaidh an lae (D\u00e9 Sathairn \/ D\u00e9 Domhnaigh mar dh\u00e1 l\u00e1 ar leathanach amh\u00e1in), le hinn\u00e9acs m\u00edos\u00fail.","breadcrumb":{"@id":"https:\/\/leatai.com\/ga\/product\/formaid-leathanach-inmheanach\/leathanaigh-inmheanacha-a5\/lgp-leathanach-amhain-in-aghaidh-an-lae-a25k\/#breadcrumb"},"inLanguage":"ga-IE","potentialAction":[{"@type":"ReadAction","target":["https:\/\/leatai.com\/ga\/product\/formaid-leathanach-inmheanach\/leathanaigh-inmheanacha-a5\/lgp-leathanach-amhain-in-aghaidh-an-lae-a25k\/"]}]},{"@type":"ImageObject","inLanguage":"ga-IE","@id":"https:\/\/leatai.com\/ga\/product\/formaid-leathanach-inmheanach\/leathanaigh-inmheanacha-a5\/lgp-leathanach-amhain-in-aghaidh-an-lae-a25k\/#primaryimage","url":"https:\/\/leatai.com\/wp-content\/uploads\/2020_02_11_1057560-scaled-1.jpg","contentUrl":"https:\/\/leatai.com\/wp-content\/uploads\/2020_02_11_1057560-scaled-1.jpg","width":2560,"height":1771,"caption":"Leathanaigh istigh an dialainne gn\u00f3"},{"@type":"BreadcrumbList","@id":"https:\/\/leatai.com\/ga\/product\/formaid-leathanach-inmheanach\/leathanaigh-inmheanacha-a5\/lgp-leathanach-amhain-in-aghaidh-an-lae-a25k\/#breadcrumb","itemListElement":[{"@type":"ListItem","position":1,"name":"Home","item":"https:\/\/leatai.com\/ga\/"},{"@type":"ListItem","position":2,"name":"Cur i l\u00e1thair T\u00e1irg\u00ed","item":"https:\/\/leatai.com\/products\/"},{"@type":"ListItem","position":3,"name":"Form\u00e1id Leathanach Inmhe\u00e1nach","item":"https:\/\/leatai.com\/ga\/product-category\/formaid-leathanach-inmheanach\/"},{"@type":"ListItem","position":4,"name":"Leathanaigh Inmhe\u00e1nacha A5","item":"https:\/\/leatai.com\/ga\/product-category\/formaid-leathanach-inmheanach\/leathanaigh-inmheanacha-a5\/"},{"@type":"ListItem","position":5,"name":"LGP-Leathanach amh\u00e1in in aghaidh an lae-A25K"}]},{"@type":"WebSite","@id":"https:\/\/leatai.com\/ga\/#website","url":"https:\/\/leatai.com\/ga\/","name":"Leatai \u2013 Monar\u00f3ir Leabhair N\u00f3ta\u00ed Saincheaptha","description":"Sol\u00e1thra\u00edonn Leatai leabhair n\u00f3ta\u00ed agus plean\u00e1laithe saincheaptha do bhranda\u00ed agus d\u00e1ileoir\u00ed ar fud an domhain.","publisher":{"@id":"https:\/\/leatai.com\/ga\/#organization"},"potentialAction":[{"@type":"SearchAction","target":{"@type":"EntryPoint","urlTemplate":"https:\/\/leatai.com\/ga\/?s={search_term_string}"},"query-input":{"@type":"PropertyValueSpecification","valueRequired":true,"valueName":"search_term_string"}}],"inLanguage":"ga-IE"},{"@type":"Organization","@id":"https:\/\/leatai.com\/ga\/#organization","name":"Leatai Diary, customized journal and business organizer","url":"https:\/\/leatai.com\/ga\/","logo":{"@type":"ImageObject","inLanguage":"ga-IE","@id":"https:\/\/leatai.com\/ga\/#\/schema\/logo\/image\/","url":"https:\/\/leatai.com\/wp-content\/uploads\/logo-blue.png","contentUrl":"https:\/\/leatai.com\/wp-content\/uploads\/logo-blue.png","width":230,"height":60,"caption":"Leatai Diary, customized journal and business organizer"},"image":{"@id":"https:\/\/leatai.com\/ga\/#\/schema\/logo\/image\/"}}]}},"_links":{"self":[{"href":"https:\/\/leatai.com\/ga\/wp-json\/wp\/v2\/product\/265216","targetHints":{"allow":["GET"]}}],"collection":[{"href":"https:\/\/leatai.com\/ga\/wp-json\/wp\/v2\/product"}],"about":[{"href":"https:\/\/leatai.com\/ga\/wp-json\/wp\/v2\/types\/product"}],"wp:featuredmedia":[{"embeddable":true,"href":"https:\/\/leatai.com\/ga\/wp-json\/wp\/v2\/media\/265217"}],"wp:attachment":[{"href":"https:\/\/leatai.com\/ga\/wp-json\/wp\/v2\/media?parent=265216"}],"wp:term":[{"taxonomy":"product_brand","embeddable":true,"href":"https:\/\/leatai.com\/ga\/wp-json\/wp\/v2\/product_brand?post=265216"},{"taxonomy":"product_cat","embeddable":true,"href":"https:\/\/leatai.com\/ga\/wp-json\/wp\/v2\/product_cat?post=265216"},{"taxonomy":"product_tag","embeddable":true,"href":"https:\/\/leatai.com\/ga\/wp-json\/wp\/v2\/product_tag?post=265216"},{"taxonomy":"home_works","embeddable":true,"href":"https:\/\/leatai.com\/ga\/wp-json\/wp\/v2\/home_works?post=265216"}],"curies":[{"name":"wp","href":"https:\/\/api.w.org\/{rel}","templated":true}]}}