{"id":265203,"date":"2021-06-24T13:17:30","date_gmt":"2021-06-24T05:17:30","guid":{"rendered":"https:\/\/leatai.com\/product\/uncategorized\/lgp-leathanach-notai-greille-l25k\/"},"modified":"2026-01-28T10:51:24","modified_gmt":"2026-01-28T02:51:24","slug":"lgp-leathanach-notai-greille-l25k","status":"publish","type":"product","link":"https:\/\/leatai.com\/ga\/product\/formaid-leathanach-inmheanach\/leathanaigh-inmheanacha-a5\/lgp-leathanach-notai-greille-l25k\/","title":{"rendered":"LGP-Leathanach n\u00f3ta\u00ed greille-L25K"},"content":{"rendered":"<p>P\u00e1ip\u00e9ar: P\u00e1ip\u00e9ar oiri\u00fanach do pheann tobair (p\u00e1ip\u00e9ar idirleathana)<br \/>\nM\u00e9id: <a href=\"https:\/\/leatai.com\/ga\/faq\/cad-iad-na-meideanna-pleanalai-8k-16k-agus-25k-ce-chomh-mor-is-ata-siad\/\" target=\"_blank\" rel=\"noopener\">25K (A5)<\/a> <a href=\"https:\/\/leatai.com\/ga\/faq\/cad-iad-na-meideanna-pleanalai-8k-16k-agus-25k-ce-chomh-mor-is-ata-siad\/\" target=\"_blank\" rel=\"noopener\">(cur s\u00edos mionsonraithe ar mh\u00e9id an dialainne gn\u00f3 agus t\u00e1bla compar\u00e1ide)<\/a><br \/>\nTi\u00fas: 80 punt (80 bileog \/ 160 leathanach in aghaidh an leabhair)<br \/>\nPriont\u00e1il: Dath aonair<br \/>\n\u00c1bhar: Leathanaigh n\u00f3ta\u00ed greille, ar a dtugtar p\u00e1ip\u00e9ar cealla cearnacha freisin. Chun freastal ar riachtanais an phobail, t\u00e1 dearadh difri\u00fail ar an d\u00e1 thaobh againn.<\/p>\n<p>Is leathanach l\u00ednte aon-datha \u00e9 an leathanach cl\u00e9, agus is leathanach greille \u00e9 an leathanach deas. T\u00e1 an fad idir na l\u00ednte ar an d\u00e1 leathanach 5mm. T\u00e1 leithead an chol\u00fain aicmithe ar an leathanach cl\u00e9 2.5cm.<br \/>\nT\u00e1 an leathanach cl\u00e9 \u00e1isi\u00fail chun cine\u00e1lacha \u00e9ags\u00fala tascanna le d\u00e9anamh a chatag\u00f3iri\u00fa, agus is p\u00e1ip\u00e9ar greille 5*5mm \u00e9 an leathanach deas, at\u00e1 oiri\u00fanach d\u2019innealt\u00f3ir\u00ed, d\u2019eala\u00edont\u00f3ir\u00ed, do lucht plean\u00e1la agus do riachtanais \u00e9ags\u00fala eile.<\/p>\n<p>T\u00e1 LOGO Leatai ar an gc\u00e9ad leathanach agus ar an leathanach deireanach mar a thaispe\u00e1ntar sa phicti\u00far ar chl\u00e9. Mura dteasta\u00edonn LOGO Leatai, measfar \u00e9 mar leagan pr\u00edobh\u00e1ideach.<\/p>\n","protected":false},"excerpt":{"rendered":"<p>P\u00e1ip\u00e9ar: P\u00e1ip\u00e9ar oiri\u00fanach do pheann tobair (p\u00e1ip\u00e9ar idirleathana) M\u00e9id: 25K (A5) (cur s\u00edos mionsonraithe ar mh\u00e9id an dialainne gn\u00f3 agus t\u00e1bla compar\u00e1ide) Ti\u00fas: 80 punt (80 bileog \/ 160 leathanach in aghaidh an leabhair) Priont\u00e1il: Dath aonair \u00c1bhar: Leathanaigh n\u00f3ta\u00ed greille, ar a dtugtar p\u00e1ip\u00e9ar cealla cearnacha freisin. Chun freastal ar riachtanais an phobail, t\u00e1 [&hellip;]<\/p>\n","protected":false},"featured_media":265204,"template":"","meta":{"_acf_changed":false},"product_brand":[],"product_cat":[973,999],"product_tag":[1704,1705,1702],"home_works":[],"class_list":{"0":"post-265203","1":"product","2":"type-product","3":"status-publish","4":"has-post-thumbnail","6":"product_cat-formaid-leathanach-inmheanach","7":"product_cat-leathanaigh-inmheanacha-a5","8":"product_tag-25k","9":"product_tag-a5","10":"product_tag-1702","12":"first","13":"instock","14":"sold-individually","15":"shipping-taxable","16":"purchasable","17":"product-type-simple"},"acf":[],"yoast_head":"<!-- This site is optimized with the Yoast SEO plugin v27.2 - https:\/\/yoast.com\/product\/yoast-seo-wordpress\/ -->\n<title>LGP-Leathanach n\u00f3ta\u00ed greille-L25K - Leathanaigh istigh an dialainne gn\u00f3 - Leatai \u2013 Monar\u00f3ir Leabhair N\u00f3ta\u00ed Saincheaptha<\/title>\n<meta name=\"description\" content=\"Form\u00e1id leathanaigh inmhe\u00e1nacha dialainne gn\u00f3: leathanaigh n\u00f3ta\u00ed greille, p\u00e1ip\u00e9ar: p\u00e1ip\u00e9ar oiri\u00fanach do pheann tobair (p\u00e1ip\u00e9ar idirleathana), m\u00e9id: 25K (A5), ti\u00fas: 80 punt (80 bileog \/ 160 leathanach in aghaidh an leabhair), priont\u00e1il: dath aonair, \u00e1bhar: leathanaigh n\u00f3ta\u00ed greille, le dearadh \u00e9ags\u00fail ar an leathanach cl\u00e9 agus ar an leathanach deas.\" \/>\n<meta name=\"robots\" content=\"index, follow, max-snippet:-1, max-image-preview:large, max-video-preview:-1\" \/>\n<link rel=\"canonical\" href=\"https:\/\/leatai.com\/ga\/product\/formaid-leathanach-inmheanach\/leathanaigh-inmheanacha-a5\/lgp-leathanach-notai-greille-l25k\/\" \/>\n<meta property=\"og:locale\" content=\"ga_IE\" \/>\n<meta property=\"og:type\" content=\"article\" \/>\n<meta property=\"og:title\" content=\"LGP-Leathanach n\u00f3ta\u00ed greille-L25K - Leathanaigh istigh an dialainne gn\u00f3 - Leatai \u2013 Monar\u00f3ir Leabhair N\u00f3ta\u00ed Saincheaptha\" \/>\n<meta property=\"og:description\" content=\"Form\u00e1id leathanaigh inmhe\u00e1nacha dialainne gn\u00f3: leathanaigh n\u00f3ta\u00ed greille, p\u00e1ip\u00e9ar: p\u00e1ip\u00e9ar oiri\u00fanach do pheann tobair (p\u00e1ip\u00e9ar idirleathana), m\u00e9id: 25K (A5), ti\u00fas: 80 punt (80 bileog \/ 160 leathanach in aghaidh an leabhair), priont\u00e1il: dath aonair, \u00e1bhar: leathanaigh n\u00f3ta\u00ed greille, le dearadh \u00e9ags\u00fail ar an leathanach cl\u00e9 agus ar an leathanach deas.\" \/>\n<meta property=\"og:url\" content=\"https:\/\/leatai.com\/ga\/product\/formaid-leathanach-inmheanach\/leathanaigh-inmheanacha-a5\/lgp-leathanach-notai-greille-l25k\/\" \/>\n<meta property=\"og:site_name\" content=\"Leatai \u2013 Monar\u00f3ir Leabhair N\u00f3ta\u00ed Saincheaptha\" \/>\n<meta property=\"article:modified_time\" content=\"2026-01-28T02:51:24+00:00\" \/>\n<meta property=\"og:image\" content=\"https:\/\/leatai.com\/wp-content\/uploads\/2020_06_16_1346460.jpg\" \/>\n\t<meta property=\"og:image:width\" content=\"1000\" \/>\n\t<meta property=\"og:image:height\" content=\"713\" \/>\n\t<meta property=\"og:image:type\" content=\"image\/jpeg\" \/>\n<meta name=\"twitter:card\" content=\"summary_large_image\" \/>\n<meta name=\"twitter:label1\" content=\"Est. reading time\" \/>\n\t<meta name=\"twitter:data1\" content=\"2 minutes\" \/>\n<script type=\"application\/ld+json\" class=\"yoast-schema-graph\">{\"@context\":\"https:\/\/schema.org\",\"@graph\":[{\"@type\":\"WebPage\",\"@id\":\"https:\/\/leatai.com\/ga\/product\/formaid-leathanach-inmheanach\/leathanaigh-inmheanacha-a5\/lgp-leathanach-notai-greille-l25k\/\",\"url\":\"https:\/\/leatai.com\/ga\/product\/formaid-leathanach-inmheanach\/leathanaigh-inmheanacha-a5\/lgp-leathanach-notai-greille-l25k\/\",\"name\":\"LGP-Leathanach n\u00f3ta\u00ed greille-L25K - Leathanaigh istigh an dialainne gn\u00f3 - Leatai \u2013 Monar\u00f3ir Leabhair N\u00f3ta\u00ed Saincheaptha\",\"isPartOf\":{\"@id\":\"https:\/\/leatai.com\/ga\/#website\"},\"primaryImageOfPage\":{\"@id\":\"https:\/\/leatai.com\/ga\/product\/formaid-leathanach-inmheanach\/leathanaigh-inmheanacha-a5\/lgp-leathanach-notai-greille-l25k\/#primaryimage\"},\"image\":{\"@id\":\"https:\/\/leatai.com\/ga\/product\/formaid-leathanach-inmheanach\/leathanaigh-inmheanacha-a5\/lgp-leathanach-notai-greille-l25k\/#primaryimage\"},\"thumbnailUrl\":\"https:\/\/leatai.com\/wp-content\/uploads\/2020_06_16_1346460.jpg\",\"datePublished\":\"2021-06-24T05:17:30+00:00\",\"dateModified\":\"2026-01-28T02:51:24+00:00\",\"description\":\"Form\u00e1id leathanaigh inmhe\u00e1nacha dialainne gn\u00f3: leathanaigh n\u00f3ta\u00ed greille, p\u00e1ip\u00e9ar: p\u00e1ip\u00e9ar oiri\u00fanach do pheann tobair (p\u00e1ip\u00e9ar idirleathana), m\u00e9id: 25K (A5), ti\u00fas: 80 punt (80 bileog \/ 160 leathanach in aghaidh an leabhair), priont\u00e1il: dath aonair, \u00e1bhar: leathanaigh n\u00f3ta\u00ed greille, le dearadh \u00e9ags\u00fail ar an leathanach cl\u00e9 agus ar an leathanach deas.\",\"breadcrumb\":{\"@id\":\"https:\/\/leatai.com\/ga\/product\/formaid-leathanach-inmheanach\/leathanaigh-inmheanacha-a5\/lgp-leathanach-notai-greille-l25k\/#breadcrumb\"},\"inLanguage\":\"ga-IE\",\"potentialAction\":[{\"@type\":\"ReadAction\",\"target\":[\"https:\/\/leatai.com\/ga\/product\/formaid-leathanach-inmheanach\/leathanaigh-inmheanacha-a5\/lgp-leathanach-notai-greille-l25k\/\"]}]},{\"@type\":\"ImageObject\",\"inLanguage\":\"ga-IE\",\"@id\":\"https:\/\/leatai.com\/ga\/product\/formaid-leathanach-inmheanach\/leathanaigh-inmheanacha-a5\/lgp-leathanach-notai-greille-l25k\/#primaryimage\",\"url\":\"https:\/\/leatai.com\/wp-content\/uploads\/2020_06_16_1346460.jpg\",\"contentUrl\":\"https:\/\/leatai.com\/wp-content\/uploads\/2020_06_16_1346460.jpg\",\"width\":1000,\"height\":713,\"caption\":\"Leathanaigh istigh an dialainne gn\u00f3\"},{\"@type\":\"BreadcrumbList\",\"@id\":\"https:\/\/leatai.com\/ga\/product\/formaid-leathanach-inmheanach\/leathanaigh-inmheanacha-a5\/lgp-leathanach-notai-greille-l25k\/#breadcrumb\",\"itemListElement\":[{\"@type\":\"ListItem\",\"position\":1,\"name\":\"Home\",\"item\":\"https:\/\/leatai.com\/ga\/\"},{\"@type\":\"ListItem\",\"position\":2,\"name\":\"Cur i l\u00e1thair T\u00e1irg\u00ed\",\"item\":\"https:\/\/leatai.com\/products\/\"},{\"@type\":\"ListItem\",\"position\":3,\"name\":\"Form\u00e1id Leathanach Inmhe\u00e1nach\",\"item\":\"https:\/\/leatai.com\/ga\/product-category\/formaid-leathanach-inmheanach\/\"},{\"@type\":\"ListItem\",\"position\":4,\"name\":\"Leathanaigh Inmhe\u00e1nacha A5\",\"item\":\"https:\/\/leatai.com\/ga\/product-category\/formaid-leathanach-inmheanach\/leathanaigh-inmheanacha-a5\/\"},{\"@type\":\"ListItem\",\"position\":5,\"name\":\"LGP-Leathanach n\u00f3ta\u00ed greille-L25K\"}]},{\"@type\":\"WebSite\",\"@id\":\"https:\/\/leatai.com\/ga\/#website\",\"url\":\"https:\/\/leatai.com\/ga\/\",\"name\":\"Leatai \u2013 Monar\u00f3ir Leabhair N\u00f3ta\u00ed Saincheaptha\",\"description\":\"Sol\u00e1thra\u00edonn Leatai leabhair n\u00f3ta\u00ed agus plean\u00e1laithe saincheaptha do bhranda\u00ed agus d\u00e1ileoir\u00ed ar fud an domhain.\",\"publisher\":{\"@id\":\"https:\/\/leatai.com\/ga\/#organization\"},\"potentialAction\":[{\"@type\":\"SearchAction\",\"target\":{\"@type\":\"EntryPoint\",\"urlTemplate\":\"https:\/\/leatai.com\/ga\/?s={search_term_string}\"},\"query-input\":{\"@type\":\"PropertyValueSpecification\",\"valueRequired\":true,\"valueName\":\"search_term_string\"}}],\"inLanguage\":\"ga-IE\"},{\"@type\":\"Organization\",\"@id\":\"https:\/\/leatai.com\/ga\/#organization\",\"name\":\"Leatai Diary, customized journal and business organizer\",\"url\":\"https:\/\/leatai.com\/ga\/\",\"logo\":{\"@type\":\"ImageObject\",\"inLanguage\":\"ga-IE\",\"@id\":\"https:\/\/leatai.com\/ga\/#\/schema\/logo\/image\/\",\"url\":\"https:\/\/leatai.com\/wp-content\/uploads\/logo-blue.png\",\"contentUrl\":\"https:\/\/leatai.com\/wp-content\/uploads\/logo-blue.png\",\"width\":230,\"height\":60,\"caption\":\"Leatai Diary, customized journal and business organizer\"},\"image\":{\"@id\":\"https:\/\/leatai.com\/ga\/#\/schema\/logo\/image\/\"},\"telephone\":\"+886-2-8227-8800\",\"legalName\":\"Leatai Stationary Co., Ltd.\",\"description\":\"A leading notebook factory in Taiwan offering bespoke branding, high-quality binding, and premium paper selections for corporate gifts and stationery wholesale.\",\"address\":{\"@type\":\"PostalAddress\",\"streetAddress\":\"11F., No. 168, Jiankang Rd.\",\"addressLocality\":\"Zhonghe Dist.\",\"addressRegion\":\"New Taipei City\",\"postalCode\":\"235\",\"addressCountry\":\"TW\"},\"contactPoint\":{\"@type\":\"ContactPoint\",\"telephone\":\"+886-2-8227-8800\",\"contactType\":\"sales\",\"areaServed\":\"Worldwide\",\"availableLanguage\":[\"zh-TW\",\"en\"]}}]}<\/script>\n<!-- \/ Yoast SEO plugin. -->","yoast_head_json":{"title":"LGP-Leathanach n\u00f3ta\u00ed greille-L25K - Leathanaigh istigh an dialainne gn\u00f3 - Leatai \u2013 Monar\u00f3ir Leabhair N\u00f3ta\u00ed Saincheaptha","description":"Form\u00e1id leathanaigh inmhe\u00e1nacha dialainne gn\u00f3: leathanaigh n\u00f3ta\u00ed greille, p\u00e1ip\u00e9ar: p\u00e1ip\u00e9ar oiri\u00fanach do pheann tobair (p\u00e1ip\u00e9ar idirleathana), m\u00e9id: 25K (A5), ti\u00fas: 80 punt (80 bileog \/ 160 leathanach in aghaidh an leabhair), priont\u00e1il: dath aonair, \u00e1bhar: leathanaigh n\u00f3ta\u00ed greille, le dearadh \u00e9ags\u00fail ar an leathanach cl\u00e9 agus ar an leathanach deas.","robots":{"index":"index","follow":"follow","max-snippet":"max-snippet:-1","max-image-preview":"max-image-preview:large","max-video-preview":"max-video-preview:-1"},"canonical":"https:\/\/leatai.com\/ga\/product\/formaid-leathanach-inmheanach\/leathanaigh-inmheanacha-a5\/lgp-leathanach-notai-greille-l25k\/","og_locale":"ga_IE","og_type":"article","og_title":"LGP-Leathanach n\u00f3ta\u00ed greille-L25K - Leathanaigh istigh an dialainne gn\u00f3 - Leatai \u2013 Monar\u00f3ir Leabhair N\u00f3ta\u00ed Saincheaptha","og_description":"Form\u00e1id leathanaigh inmhe\u00e1nacha dialainne gn\u00f3: leathanaigh n\u00f3ta\u00ed greille, p\u00e1ip\u00e9ar: p\u00e1ip\u00e9ar oiri\u00fanach do pheann tobair (p\u00e1ip\u00e9ar idirleathana), m\u00e9id: 25K (A5), ti\u00fas: 80 punt (80 bileog \/ 160 leathanach in aghaidh an leabhair), priont\u00e1il: dath aonair, \u00e1bhar: leathanaigh n\u00f3ta\u00ed greille, le dearadh \u00e9ags\u00fail ar an leathanach cl\u00e9 agus ar an leathanach deas.","og_url":"https:\/\/leatai.com\/ga\/product\/formaid-leathanach-inmheanach\/leathanaigh-inmheanacha-a5\/lgp-leathanach-notai-greille-l25k\/","og_site_name":"Leatai \u2013 Monar\u00f3ir Leabhair N\u00f3ta\u00ed Saincheaptha","article_modified_time":"2026-01-28T02:51:24+00:00","og_image":[{"width":1000,"height":713,"url":"https:\/\/leatai.com\/wp-content\/uploads\/2020_06_16_1346460.jpg","type":"image\/jpeg"}],"twitter_card":"summary_large_image","twitter_misc":{"Est. reading time":"2 minutes"},"schema":{"@context":"https:\/\/schema.org","@graph":[{"@type":"WebPage","@id":"https:\/\/leatai.com\/ga\/product\/formaid-leathanach-inmheanach\/leathanaigh-inmheanacha-a5\/lgp-leathanach-notai-greille-l25k\/","url":"https:\/\/leatai.com\/ga\/product\/formaid-leathanach-inmheanach\/leathanaigh-inmheanacha-a5\/lgp-leathanach-notai-greille-l25k\/","name":"LGP-Leathanach n\u00f3ta\u00ed greille-L25K - Leathanaigh istigh an dialainne gn\u00f3 - Leatai \u2013 Monar\u00f3ir Leabhair N\u00f3ta\u00ed Saincheaptha","isPartOf":{"@id":"https:\/\/leatai.com\/ga\/#website"},"primaryImageOfPage":{"@id":"https:\/\/leatai.com\/ga\/product\/formaid-leathanach-inmheanach\/leathanaigh-inmheanacha-a5\/lgp-leathanach-notai-greille-l25k\/#primaryimage"},"image":{"@id":"https:\/\/leatai.com\/ga\/product\/formaid-leathanach-inmheanach\/leathanaigh-inmheanacha-a5\/lgp-leathanach-notai-greille-l25k\/#primaryimage"},"thumbnailUrl":"https:\/\/leatai.com\/wp-content\/uploads\/2020_06_16_1346460.jpg","datePublished":"2021-06-24T05:17:30+00:00","dateModified":"2026-01-28T02:51:24+00:00","description":"Form\u00e1id leathanaigh inmhe\u00e1nacha dialainne gn\u00f3: leathanaigh n\u00f3ta\u00ed greille, p\u00e1ip\u00e9ar: p\u00e1ip\u00e9ar oiri\u00fanach do pheann tobair (p\u00e1ip\u00e9ar idirleathana), m\u00e9id: 25K (A5), ti\u00fas: 80 punt (80 bileog \/ 160 leathanach in aghaidh an leabhair), priont\u00e1il: dath aonair, \u00e1bhar: leathanaigh n\u00f3ta\u00ed greille, le dearadh \u00e9ags\u00fail ar an leathanach cl\u00e9 agus ar an leathanach deas.","breadcrumb":{"@id":"https:\/\/leatai.com\/ga\/product\/formaid-leathanach-inmheanach\/leathanaigh-inmheanacha-a5\/lgp-leathanach-notai-greille-l25k\/#breadcrumb"},"inLanguage":"ga-IE","potentialAction":[{"@type":"ReadAction","target":["https:\/\/leatai.com\/ga\/product\/formaid-leathanach-inmheanach\/leathanaigh-inmheanacha-a5\/lgp-leathanach-notai-greille-l25k\/"]}]},{"@type":"ImageObject","inLanguage":"ga-IE","@id":"https:\/\/leatai.com\/ga\/product\/formaid-leathanach-inmheanach\/leathanaigh-inmheanacha-a5\/lgp-leathanach-notai-greille-l25k\/#primaryimage","url":"https:\/\/leatai.com\/wp-content\/uploads\/2020_06_16_1346460.jpg","contentUrl":"https:\/\/leatai.com\/wp-content\/uploads\/2020_06_16_1346460.jpg","width":1000,"height":713,"caption":"Leathanaigh istigh an dialainne gn\u00f3"},{"@type":"BreadcrumbList","@id":"https:\/\/leatai.com\/ga\/product\/formaid-leathanach-inmheanach\/leathanaigh-inmheanacha-a5\/lgp-leathanach-notai-greille-l25k\/#breadcrumb","itemListElement":[{"@type":"ListItem","position":1,"name":"Home","item":"https:\/\/leatai.com\/ga\/"},{"@type":"ListItem","position":2,"name":"Cur i l\u00e1thair T\u00e1irg\u00ed","item":"https:\/\/leatai.com\/products\/"},{"@type":"ListItem","position":3,"name":"Form\u00e1id Leathanach Inmhe\u00e1nach","item":"https:\/\/leatai.com\/ga\/product-category\/formaid-leathanach-inmheanach\/"},{"@type":"ListItem","position":4,"name":"Leathanaigh Inmhe\u00e1nacha A5","item":"https:\/\/leatai.com\/ga\/product-category\/formaid-leathanach-inmheanach\/leathanaigh-inmheanacha-a5\/"},{"@type":"ListItem","position":5,"name":"LGP-Leathanach n\u00f3ta\u00ed greille-L25K"}]},{"@type":"WebSite","@id":"https:\/\/leatai.com\/ga\/#website","url":"https:\/\/leatai.com\/ga\/","name":"Leatai \u2013 Monar\u00f3ir Leabhair N\u00f3ta\u00ed Saincheaptha","description":"Sol\u00e1thra\u00edonn Leatai leabhair n\u00f3ta\u00ed agus plean\u00e1laithe saincheaptha do bhranda\u00ed agus d\u00e1ileoir\u00ed ar fud an domhain.","publisher":{"@id":"https:\/\/leatai.com\/ga\/#organization"},"potentialAction":[{"@type":"SearchAction","target":{"@type":"EntryPoint","urlTemplate":"https:\/\/leatai.com\/ga\/?s={search_term_string}"},"query-input":{"@type":"PropertyValueSpecification","valueRequired":true,"valueName":"search_term_string"}}],"inLanguage":"ga-IE"},{"@type":"Organization","@id":"https:\/\/leatai.com\/ga\/#organization","name":"Leatai Diary, customized journal and business organizer","url":"https:\/\/leatai.com\/ga\/","logo":{"@type":"ImageObject","inLanguage":"ga-IE","@id":"https:\/\/leatai.com\/ga\/#\/schema\/logo\/image\/","url":"https:\/\/leatai.com\/wp-content\/uploads\/logo-blue.png","contentUrl":"https:\/\/leatai.com\/wp-content\/uploads\/logo-blue.png","width":230,"height":60,"caption":"Leatai Diary, customized journal and business organizer"},"image":{"@id":"https:\/\/leatai.com\/ga\/#\/schema\/logo\/image\/"},"telephone":"+886-2-8227-8800","legalName":"Leatai Stationary Co., Ltd.","description":"A leading notebook factory in Taiwan offering bespoke branding, high-quality binding, and premium paper selections for corporate gifts and stationery wholesale.","address":{"@type":"PostalAddress","streetAddress":"11F., No. 168, Jiankang Rd.","addressLocality":"Zhonghe Dist.","addressRegion":"New Taipei City","postalCode":"235","addressCountry":"TW"},"contactPoint":{"@type":"ContactPoint","telephone":"+886-2-8227-8800","contactType":"sales","areaServed":"Worldwide","availableLanguage":["zh-TW","en"]}}]}},"_links":{"self":[{"href":"https:\/\/leatai.com\/ga\/wp-json\/wp\/v2\/product\/265203","targetHints":{"allow":["GET"]}}],"collection":[{"href":"https:\/\/leatai.com\/ga\/wp-json\/wp\/v2\/product"}],"about":[{"href":"https:\/\/leatai.com\/ga\/wp-json\/wp\/v2\/types\/product"}],"wp:featuredmedia":[{"embeddable":true,"href":"https:\/\/leatai.com\/ga\/wp-json\/wp\/v2\/media\/265204"}],"wp:attachment":[{"href":"https:\/\/leatai.com\/ga\/wp-json\/wp\/v2\/media?parent=265203"}],"wp:term":[{"taxonomy":"product_brand","embeddable":true,"href":"https:\/\/leatai.com\/ga\/wp-json\/wp\/v2\/product_brand?post=265203"},{"taxonomy":"product_cat","embeddable":true,"href":"https:\/\/leatai.com\/ga\/wp-json\/wp\/v2\/product_cat?post=265203"},{"taxonomy":"product_tag","embeddable":true,"href":"https:\/\/leatai.com\/ga\/wp-json\/wp\/v2\/product_tag?post=265203"},{"taxonomy":"home_works","embeddable":true,"href":"https:\/\/leatai.com\/ga\/wp-json\/wp\/v2\/home_works?post=265203"}],"curies":[{"name":"wp","href":"https:\/\/api.w.org\/{rel}","templated":true}]}}