{"id":265198,"date":"2021-06-24T13:17:30","date_gmt":"2021-06-24T05:17:30","guid":{"rendered":"https:\/\/leatai.com\/product\/uncategorized\/lgp-pleanail-mhiosuil-i-bhfoirm-notai-a25k\/"},"modified":"2026-01-28T13:34:27","modified_gmt":"2026-01-28T05:34:27","slug":"lgp-pleanail-mhiosuil-i-bhfoirm-notai-a25k","status":"publish","type":"product","link":"https:\/\/leatai.com\/ga\/product\/formaid-leathanach-inmheanach\/leathanaigh-inmheanacha-a5\/lgp-pleanail-mhiosuil-i-bhfoirm-notai-a25k\/","title":{"rendered":"LGP-Plean\u00e1il mh\u00edos\u00fail i bhfoirm n\u00f3ta\u00ed-A25K"},"content":{"rendered":"<p>P\u00e1ip\u00e9ar: P\u00e1ip\u00e9ar Daolin b\u00e1n<br \/>\nM\u00e9id: <a href=\"https:\/\/leatai.com\/ga\/faq\/cad-iad-na-meideanna-pleanalai-8k-16k-agus-25k-ce-chomh-mor-is-ata-siad\/\" target=\"_blank\" rel=\"noopener\">25K (A5)<\/a> <a href=\"https:\/\/leatai.com\/ga\/faq\/cad-iad-na-meideanna-pleanalai-8k-16k-agus-25k-ce-chomh-mor-is-ata-siad\/\" target=\"_blank\" rel=\"noopener\">(cur s\u00edos mionsonraithe ar mh\u00e9id an dialainne gn\u00f3 agus t\u00e1bla compar\u00e1ide)<\/a><br \/>\nTi\u00fas: 80 punt (80 bileog \/ 160 leathanach in aghaidh an leabhair)<br \/>\nPriont\u00e1il: Dh\u00e1 dhath<br \/>\n\u00c1bhar: F\u00e9ilire bliant\u00fail + t\u00e1bla plean\u00e1la m\u00edos\u00fala + leathanaigh n\u00f3ta\u00ed l\u00edneacha + leathanaigh faisn\u00e9ise<\/p>\n<p>P.1 Liosta laethanta saoire agus f\u00e9ilte<br \/>\nP.2~P.3 F\u00e9ilire bliant\u00fail<br \/>\nP.4~P.5 T\u00e1bla plean\u00e1la bliant\u00fala<br \/>\nP.6~P.29 Plean\u00e1il mh\u00edos\u00fail (Ean\u00e1ir go Nollaig na bliana reatha, gach m\u00ed ar dh\u00e1 leathanach cl\u00e9 agus deas)<br \/>\nP.30~143 Leathanaigh n\u00f3ta\u00ed l\u00edneacha<br \/>\nP.144~P.160 Leathanaigh faisn\u00e9ise (eolaire teagmh\u00e1lacha, c\u00f3id phoist, c\u00f3id t\u00edre do chathracha idirn\u00e1isi\u00fanta, c\u00f3id cheantair teileaf\u00f3in do chathracha na S\u00edne m\u00f3rth\u00edre, t\u00e1bla tiontaithe tomhais, t\u00e1bla toirte, liosta uimhreacha teileaf\u00f3in seirbh\u00edse, eolaire eitl\u00edochta idirn\u00e1isi\u00fanta, uimhreacha seirbh\u00edse iompair, l\u00e9arsc\u00e1il an mheitreo, l\u00e9arsc\u00e1il beala\u00ed m\u00f3tarbhealaigh, foirm faisn\u00e9ise pearsanta)<\/p>\n","protected":false},"excerpt":{"rendered":"<p>P\u00e1ip\u00e9ar: P\u00e1ip\u00e9ar Daolin b\u00e1n M\u00e9id: 25K (A5) (cur s\u00edos mionsonraithe ar mh\u00e9id an dialainne gn\u00f3 agus t\u00e1bla compar\u00e1ide) Ti\u00fas: 80 punt (80 bileog \/ 160 leathanach in aghaidh an leabhair) Priont\u00e1il: Dh\u00e1 dhath \u00c1bhar: F\u00e9ilire bliant\u00fail + t\u00e1bla plean\u00e1la m\u00edos\u00fala + leathanaigh n\u00f3ta\u00ed l\u00edneacha + leathanaigh faisn\u00e9ise P.1 Liosta laethanta saoire agus f\u00e9ilte P.2~P.3 F\u00e9ilire [&hellip;]<\/p>\n","protected":false},"featured_media":265202,"template":"","meta":{"_acf_changed":false},"product_brand":[],"product_cat":[973,999],"product_tag":[1704,1705,1702],"home_works":[],"class_list":{"0":"post-265198","1":"product","2":"type-product","3":"status-publish","4":"has-post-thumbnail","6":"product_cat-formaid-leathanach-inmheanach","7":"product_cat-leathanaigh-inmheanacha-a5","8":"product_tag-25k","9":"product_tag-a5","10":"product_tag-1702","12":"first","13":"instock","14":"sold-individually","15":"shipping-taxable","16":"purchasable","17":"product-type-simple"},"acf":[],"yoast_head":"<!-- This site is optimized with the Yoast SEO plugin v27.2 - https:\/\/yoast.com\/product\/yoast-seo-wordpress\/ -->\n<title>LGP-Plean\u00e1il mh\u00edos\u00fail i bhfoirm n\u00f3ta\u00ed-A25K - Leathanaigh istigh an dialainne gn\u00f3 - Leatai \u2013 Monar\u00f3ir Leabhair N\u00f3ta\u00ed Saincheaptha<\/title>\n<meta name=\"description\" content=\"Form\u00e1id leathanaigh inmhe\u00e1nacha dialainne gn\u00f3: plean\u00e1il mh\u00edos\u00fail, p\u00e1ip\u00e9ar: p\u00e1ip\u00e9ar Daolin b\u00e1n, m\u00e9id: 25K (A5), ti\u00fas: 80 punt (80 bileog \/ 160 leathanach in aghaidh an leabhair), priont\u00e1il: dh\u00e1 dhath, \u00e1bhar: f\u00e9ilire bliant\u00fail + t\u00e1bla plean\u00e1la m\u00edos\u00fala + leathanaigh n\u00f3ta\u00ed l\u00edneacha + leathanaigh faisn\u00e9ise, form\u00e1id inmhe\u00e1nach a bhfuil an-t\u00f3ir uirthi.\" \/>\n<meta name=\"robots\" content=\"index, follow, max-snippet:-1, max-image-preview:large, max-video-preview:-1\" \/>\n<link rel=\"canonical\" href=\"https:\/\/leatai.com\/ga\/product\/formaid-leathanach-inmheanach\/leathanaigh-inmheanacha-a5\/lgp-pleanail-mhiosuil-i-bhfoirm-notai-a25k\/\" \/>\n<meta property=\"og:locale\" content=\"ga_IE\" \/>\n<meta property=\"og:type\" content=\"article\" \/>\n<meta property=\"og:title\" content=\"LGP-Plean\u00e1il mh\u00edos\u00fail i bhfoirm n\u00f3ta\u00ed-A25K - Leathanaigh istigh an dialainne gn\u00f3 - Leatai \u2013 Monar\u00f3ir Leabhair N\u00f3ta\u00ed Saincheaptha\" \/>\n<meta property=\"og:description\" content=\"Form\u00e1id leathanaigh inmhe\u00e1nacha dialainne gn\u00f3: plean\u00e1il mh\u00edos\u00fail, p\u00e1ip\u00e9ar: p\u00e1ip\u00e9ar Daolin b\u00e1n, m\u00e9id: 25K (A5), ti\u00fas: 80 punt (80 bileog \/ 160 leathanach in aghaidh an leabhair), priont\u00e1il: dh\u00e1 dhath, \u00e1bhar: f\u00e9ilire bliant\u00fail + t\u00e1bla plean\u00e1la m\u00edos\u00fala + leathanaigh n\u00f3ta\u00ed l\u00edneacha + leathanaigh faisn\u00e9ise, form\u00e1id inmhe\u00e1nach a bhfuil an-t\u00f3ir uirthi.\" \/>\n<meta property=\"og:url\" content=\"https:\/\/leatai.com\/ga\/product\/formaid-leathanach-inmheanach\/leathanaigh-inmheanacha-a5\/lgp-pleanail-mhiosuil-i-bhfoirm-notai-a25k\/\" \/>\n<meta property=\"og:site_name\" content=\"Leatai \u2013 Monar\u00f3ir Leabhair N\u00f3ta\u00ed Saincheaptha\" \/>\n<meta property=\"article:modified_time\" content=\"2026-01-28T05:34:27+00:00\" \/>\n<meta property=\"og:image\" content=\"https:\/\/leatai.com\/wp-content\/uploads\/\u6708\u8a08\u756b-01-1-scaled.jpg\" \/>\n\t<meta property=\"og:image:width\" content=\"2560\" \/>\n\t<meta property=\"og:image:height\" content=\"1776\" \/>\n\t<meta property=\"og:image:type\" content=\"image\/jpeg\" \/>\n<meta name=\"twitter:card\" content=\"summary_large_image\" \/>\n<meta name=\"twitter:label1\" content=\"Est. reading time\" \/>\n\t<meta name=\"twitter:data1\" content=\"1 minute\" \/>\n<script type=\"application\/ld+json\" class=\"yoast-schema-graph\">{\"@context\":\"https:\/\/schema.org\",\"@graph\":[{\"@type\":\"WebPage\",\"@id\":\"https:\/\/leatai.com\/ga\/product\/formaid-leathanach-inmheanach\/leathanaigh-inmheanacha-a5\/lgp-pleanail-mhiosuil-i-bhfoirm-notai-a25k\/\",\"url\":\"https:\/\/leatai.com\/ga\/product\/formaid-leathanach-inmheanach\/leathanaigh-inmheanacha-a5\/lgp-pleanail-mhiosuil-i-bhfoirm-notai-a25k\/\",\"name\":\"LGP-Plean\u00e1il mh\u00edos\u00fail i bhfoirm n\u00f3ta\u00ed-A25K - Leathanaigh istigh an dialainne gn\u00f3 - Leatai \u2013 Monar\u00f3ir Leabhair N\u00f3ta\u00ed Saincheaptha\",\"isPartOf\":{\"@id\":\"https:\/\/leatai.com\/ga\/#website\"},\"primaryImageOfPage\":{\"@id\":\"https:\/\/leatai.com\/ga\/product\/formaid-leathanach-inmheanach\/leathanaigh-inmheanacha-a5\/lgp-pleanail-mhiosuil-i-bhfoirm-notai-a25k\/#primaryimage\"},\"image\":{\"@id\":\"https:\/\/leatai.com\/ga\/product\/formaid-leathanach-inmheanach\/leathanaigh-inmheanacha-a5\/lgp-pleanail-mhiosuil-i-bhfoirm-notai-a25k\/#primaryimage\"},\"thumbnailUrl\":\"https:\/\/leatai.com\/wp-content\/uploads\/\u6708\u8a08\u756b-01-1-scaled.jpg\",\"datePublished\":\"2021-06-24T05:17:30+00:00\",\"dateModified\":\"2026-01-28T05:34:27+00:00\",\"description\":\"Form\u00e1id leathanaigh inmhe\u00e1nacha dialainne gn\u00f3: plean\u00e1il mh\u00edos\u00fail, p\u00e1ip\u00e9ar: p\u00e1ip\u00e9ar Daolin b\u00e1n, m\u00e9id: 25K (A5), ti\u00fas: 80 punt (80 bileog \/ 160 leathanach in aghaidh an leabhair), priont\u00e1il: dh\u00e1 dhath, \u00e1bhar: f\u00e9ilire bliant\u00fail + t\u00e1bla plean\u00e1la m\u00edos\u00fala + leathanaigh n\u00f3ta\u00ed l\u00edneacha + leathanaigh faisn\u00e9ise, form\u00e1id inmhe\u00e1nach a bhfuil an-t\u00f3ir uirthi.\",\"breadcrumb\":{\"@id\":\"https:\/\/leatai.com\/ga\/product\/formaid-leathanach-inmheanach\/leathanaigh-inmheanacha-a5\/lgp-pleanail-mhiosuil-i-bhfoirm-notai-a25k\/#breadcrumb\"},\"inLanguage\":\"ga-IE\",\"potentialAction\":[{\"@type\":\"ReadAction\",\"target\":[\"https:\/\/leatai.com\/ga\/product\/formaid-leathanach-inmheanach\/leathanaigh-inmheanacha-a5\/lgp-pleanail-mhiosuil-i-bhfoirm-notai-a25k\/\"]}]},{\"@type\":\"ImageObject\",\"inLanguage\":\"ga-IE\",\"@id\":\"https:\/\/leatai.com\/ga\/product\/formaid-leathanach-inmheanach\/leathanaigh-inmheanacha-a5\/lgp-pleanail-mhiosuil-i-bhfoirm-notai-a25k\/#primaryimage\",\"url\":\"https:\/\/leatai.com\/wp-content\/uploads\/\u6708\u8a08\u756b-01-1-scaled.jpg\",\"contentUrl\":\"https:\/\/leatai.com\/wp-content\/uploads\/\u6708\u8a08\u756b-01-1-scaled.jpg\",\"width\":2560,\"height\":1776,\"caption\":\"Leathanaigh istigh an dialainne gn\u00f3\"},{\"@type\":\"BreadcrumbList\",\"@id\":\"https:\/\/leatai.com\/ga\/product\/formaid-leathanach-inmheanach\/leathanaigh-inmheanacha-a5\/lgp-pleanail-mhiosuil-i-bhfoirm-notai-a25k\/#breadcrumb\",\"itemListElement\":[{\"@type\":\"ListItem\",\"position\":1,\"name\":\"Home\",\"item\":\"https:\/\/leatai.com\/ga\/\"},{\"@type\":\"ListItem\",\"position\":2,\"name\":\"Cur i l\u00e1thair T\u00e1irg\u00ed\",\"item\":\"https:\/\/leatai.com\/products\/\"},{\"@type\":\"ListItem\",\"position\":3,\"name\":\"Form\u00e1id Leathanach Inmhe\u00e1nach\",\"item\":\"https:\/\/leatai.com\/ga\/product-category\/formaid-leathanach-inmheanach\/\"},{\"@type\":\"ListItem\",\"position\":4,\"name\":\"Leathanaigh Inmhe\u00e1nacha A5\",\"item\":\"https:\/\/leatai.com\/ga\/product-category\/formaid-leathanach-inmheanach\/leathanaigh-inmheanacha-a5\/\"},{\"@type\":\"ListItem\",\"position\":5,\"name\":\"LGP-Plean\u00e1il mh\u00edos\u00fail i bhfoirm n\u00f3ta\u00ed-A25K\"}]},{\"@type\":\"WebSite\",\"@id\":\"https:\/\/leatai.com\/ga\/#website\",\"url\":\"https:\/\/leatai.com\/ga\/\",\"name\":\"Leatai \u2013 Monar\u00f3ir Leabhair N\u00f3ta\u00ed Saincheaptha\",\"description\":\"Sol\u00e1thra\u00edonn Leatai leabhair n\u00f3ta\u00ed agus plean\u00e1laithe saincheaptha do bhranda\u00ed agus d\u00e1ileoir\u00ed ar fud an domhain.\",\"publisher\":{\"@id\":\"https:\/\/leatai.com\/ga\/#organization\"},\"potentialAction\":[{\"@type\":\"SearchAction\",\"target\":{\"@type\":\"EntryPoint\",\"urlTemplate\":\"https:\/\/leatai.com\/ga\/?s={search_term_string}\"},\"query-input\":{\"@type\":\"PropertyValueSpecification\",\"valueRequired\":true,\"valueName\":\"search_term_string\"}}],\"inLanguage\":\"ga-IE\"},{\"@type\":\"Organization\",\"@id\":\"https:\/\/leatai.com\/ga\/#organization\",\"name\":\"Leatai Diary, customized journal and business organizer\",\"url\":\"https:\/\/leatai.com\/ga\/\",\"logo\":{\"@type\":\"ImageObject\",\"inLanguage\":\"ga-IE\",\"@id\":\"https:\/\/leatai.com\/ga\/#\/schema\/logo\/image\/\",\"url\":\"https:\/\/leatai.com\/wp-content\/uploads\/logo-blue.png\",\"contentUrl\":\"https:\/\/leatai.com\/wp-content\/uploads\/logo-blue.png\",\"width\":230,\"height\":60,\"caption\":\"Leatai Diary, customized journal and business organizer\"},\"image\":{\"@id\":\"https:\/\/leatai.com\/ga\/#\/schema\/logo\/image\/\"},\"telephone\":\"+886-2-8227-8800\",\"legalName\":\"Leatai Stationary Co., Ltd.\",\"description\":\"A leading notebook factory in Taiwan offering bespoke branding, high-quality binding, and premium paper selections for corporate gifts and stationery wholesale.\",\"address\":{\"@type\":\"PostalAddress\",\"streetAddress\":\"11F., No. 168, Jiankang Rd.\",\"addressLocality\":\"Zhonghe Dist.\",\"addressRegion\":\"New Taipei City\",\"postalCode\":\"235\",\"addressCountry\":\"TW\"},\"contactPoint\":{\"@type\":\"ContactPoint\",\"telephone\":\"+886-2-8227-8800\",\"contactType\":\"sales\",\"areaServed\":\"Worldwide\",\"availableLanguage\":[\"zh-TW\",\"en\"]}}]}<\/script>\n<!-- \/ Yoast SEO plugin. -->","yoast_head_json":{"title":"LGP-Plean\u00e1il mh\u00edos\u00fail i bhfoirm n\u00f3ta\u00ed-A25K - Leathanaigh istigh an dialainne gn\u00f3 - Leatai \u2013 Monar\u00f3ir Leabhair N\u00f3ta\u00ed Saincheaptha","description":"Form\u00e1id leathanaigh inmhe\u00e1nacha dialainne gn\u00f3: plean\u00e1il mh\u00edos\u00fail, p\u00e1ip\u00e9ar: p\u00e1ip\u00e9ar Daolin b\u00e1n, m\u00e9id: 25K (A5), ti\u00fas: 80 punt (80 bileog \/ 160 leathanach in aghaidh an leabhair), priont\u00e1il: dh\u00e1 dhath, \u00e1bhar: f\u00e9ilire bliant\u00fail + t\u00e1bla plean\u00e1la m\u00edos\u00fala + leathanaigh n\u00f3ta\u00ed l\u00edneacha + leathanaigh faisn\u00e9ise, form\u00e1id inmhe\u00e1nach a bhfuil an-t\u00f3ir uirthi.","robots":{"index":"index","follow":"follow","max-snippet":"max-snippet:-1","max-image-preview":"max-image-preview:large","max-video-preview":"max-video-preview:-1"},"canonical":"https:\/\/leatai.com\/ga\/product\/formaid-leathanach-inmheanach\/leathanaigh-inmheanacha-a5\/lgp-pleanail-mhiosuil-i-bhfoirm-notai-a25k\/","og_locale":"ga_IE","og_type":"article","og_title":"LGP-Plean\u00e1il mh\u00edos\u00fail i bhfoirm n\u00f3ta\u00ed-A25K - Leathanaigh istigh an dialainne gn\u00f3 - Leatai \u2013 Monar\u00f3ir Leabhair N\u00f3ta\u00ed Saincheaptha","og_description":"Form\u00e1id leathanaigh inmhe\u00e1nacha dialainne gn\u00f3: plean\u00e1il mh\u00edos\u00fail, p\u00e1ip\u00e9ar: p\u00e1ip\u00e9ar Daolin b\u00e1n, m\u00e9id: 25K (A5), ti\u00fas: 80 punt (80 bileog \/ 160 leathanach in aghaidh an leabhair), priont\u00e1il: dh\u00e1 dhath, \u00e1bhar: f\u00e9ilire bliant\u00fail + t\u00e1bla plean\u00e1la m\u00edos\u00fala + leathanaigh n\u00f3ta\u00ed l\u00edneacha + leathanaigh faisn\u00e9ise, form\u00e1id inmhe\u00e1nach a bhfuil an-t\u00f3ir uirthi.","og_url":"https:\/\/leatai.com\/ga\/product\/formaid-leathanach-inmheanach\/leathanaigh-inmheanacha-a5\/lgp-pleanail-mhiosuil-i-bhfoirm-notai-a25k\/","og_site_name":"Leatai \u2013 Monar\u00f3ir Leabhair N\u00f3ta\u00ed Saincheaptha","article_modified_time":"2026-01-28T05:34:27+00:00","og_image":[{"width":2560,"height":1776,"url":"https:\/\/leatai.com\/wp-content\/uploads\/\u6708\u8a08\u756b-01-1-scaled.jpg","type":"image\/jpeg"}],"twitter_card":"summary_large_image","twitter_misc":{"Est. reading time":"1 minute"},"schema":{"@context":"https:\/\/schema.org","@graph":[{"@type":"WebPage","@id":"https:\/\/leatai.com\/ga\/product\/formaid-leathanach-inmheanach\/leathanaigh-inmheanacha-a5\/lgp-pleanail-mhiosuil-i-bhfoirm-notai-a25k\/","url":"https:\/\/leatai.com\/ga\/product\/formaid-leathanach-inmheanach\/leathanaigh-inmheanacha-a5\/lgp-pleanail-mhiosuil-i-bhfoirm-notai-a25k\/","name":"LGP-Plean\u00e1il mh\u00edos\u00fail i bhfoirm n\u00f3ta\u00ed-A25K - Leathanaigh istigh an dialainne gn\u00f3 - Leatai \u2013 Monar\u00f3ir Leabhair N\u00f3ta\u00ed Saincheaptha","isPartOf":{"@id":"https:\/\/leatai.com\/ga\/#website"},"primaryImageOfPage":{"@id":"https:\/\/leatai.com\/ga\/product\/formaid-leathanach-inmheanach\/leathanaigh-inmheanacha-a5\/lgp-pleanail-mhiosuil-i-bhfoirm-notai-a25k\/#primaryimage"},"image":{"@id":"https:\/\/leatai.com\/ga\/product\/formaid-leathanach-inmheanach\/leathanaigh-inmheanacha-a5\/lgp-pleanail-mhiosuil-i-bhfoirm-notai-a25k\/#primaryimage"},"thumbnailUrl":"https:\/\/leatai.com\/wp-content\/uploads\/\u6708\u8a08\u756b-01-1-scaled.jpg","datePublished":"2021-06-24T05:17:30+00:00","dateModified":"2026-01-28T05:34:27+00:00","description":"Form\u00e1id leathanaigh inmhe\u00e1nacha dialainne gn\u00f3: plean\u00e1il mh\u00edos\u00fail, p\u00e1ip\u00e9ar: p\u00e1ip\u00e9ar Daolin b\u00e1n, m\u00e9id: 25K (A5), ti\u00fas: 80 punt (80 bileog \/ 160 leathanach in aghaidh an leabhair), priont\u00e1il: dh\u00e1 dhath, \u00e1bhar: f\u00e9ilire bliant\u00fail + t\u00e1bla plean\u00e1la m\u00edos\u00fala + leathanaigh n\u00f3ta\u00ed l\u00edneacha + leathanaigh faisn\u00e9ise, form\u00e1id inmhe\u00e1nach a bhfuil an-t\u00f3ir uirthi.","breadcrumb":{"@id":"https:\/\/leatai.com\/ga\/product\/formaid-leathanach-inmheanach\/leathanaigh-inmheanacha-a5\/lgp-pleanail-mhiosuil-i-bhfoirm-notai-a25k\/#breadcrumb"},"inLanguage":"ga-IE","potentialAction":[{"@type":"ReadAction","target":["https:\/\/leatai.com\/ga\/product\/formaid-leathanach-inmheanach\/leathanaigh-inmheanacha-a5\/lgp-pleanail-mhiosuil-i-bhfoirm-notai-a25k\/"]}]},{"@type":"ImageObject","inLanguage":"ga-IE","@id":"https:\/\/leatai.com\/ga\/product\/formaid-leathanach-inmheanach\/leathanaigh-inmheanacha-a5\/lgp-pleanail-mhiosuil-i-bhfoirm-notai-a25k\/#primaryimage","url":"https:\/\/leatai.com\/wp-content\/uploads\/\u6708\u8a08\u756b-01-1-scaled.jpg","contentUrl":"https:\/\/leatai.com\/wp-content\/uploads\/\u6708\u8a08\u756b-01-1-scaled.jpg","width":2560,"height":1776,"caption":"Leathanaigh istigh an dialainne gn\u00f3"},{"@type":"BreadcrumbList","@id":"https:\/\/leatai.com\/ga\/product\/formaid-leathanach-inmheanach\/leathanaigh-inmheanacha-a5\/lgp-pleanail-mhiosuil-i-bhfoirm-notai-a25k\/#breadcrumb","itemListElement":[{"@type":"ListItem","position":1,"name":"Home","item":"https:\/\/leatai.com\/ga\/"},{"@type":"ListItem","position":2,"name":"Cur i l\u00e1thair T\u00e1irg\u00ed","item":"https:\/\/leatai.com\/products\/"},{"@type":"ListItem","position":3,"name":"Form\u00e1id Leathanach Inmhe\u00e1nach","item":"https:\/\/leatai.com\/ga\/product-category\/formaid-leathanach-inmheanach\/"},{"@type":"ListItem","position":4,"name":"Leathanaigh Inmhe\u00e1nacha A5","item":"https:\/\/leatai.com\/ga\/product-category\/formaid-leathanach-inmheanach\/leathanaigh-inmheanacha-a5\/"},{"@type":"ListItem","position":5,"name":"LGP-Plean\u00e1il mh\u00edos\u00fail i bhfoirm n\u00f3ta\u00ed-A25K"}]},{"@type":"WebSite","@id":"https:\/\/leatai.com\/ga\/#website","url":"https:\/\/leatai.com\/ga\/","name":"Leatai \u2013 Monar\u00f3ir Leabhair N\u00f3ta\u00ed Saincheaptha","description":"Sol\u00e1thra\u00edonn Leatai leabhair n\u00f3ta\u00ed agus plean\u00e1laithe saincheaptha do bhranda\u00ed agus d\u00e1ileoir\u00ed ar fud an domhain.","publisher":{"@id":"https:\/\/leatai.com\/ga\/#organization"},"potentialAction":[{"@type":"SearchAction","target":{"@type":"EntryPoint","urlTemplate":"https:\/\/leatai.com\/ga\/?s={search_term_string}"},"query-input":{"@type":"PropertyValueSpecification","valueRequired":true,"valueName":"search_term_string"}}],"inLanguage":"ga-IE"},{"@type":"Organization","@id":"https:\/\/leatai.com\/ga\/#organization","name":"Leatai Diary, customized journal and business organizer","url":"https:\/\/leatai.com\/ga\/","logo":{"@type":"ImageObject","inLanguage":"ga-IE","@id":"https:\/\/leatai.com\/ga\/#\/schema\/logo\/image\/","url":"https:\/\/leatai.com\/wp-content\/uploads\/logo-blue.png","contentUrl":"https:\/\/leatai.com\/wp-content\/uploads\/logo-blue.png","width":230,"height":60,"caption":"Leatai Diary, customized journal and business organizer"},"image":{"@id":"https:\/\/leatai.com\/ga\/#\/schema\/logo\/image\/"},"telephone":"+886-2-8227-8800","legalName":"Leatai Stationary Co., Ltd.","description":"A leading notebook factory in Taiwan offering bespoke branding, high-quality binding, and premium paper selections for corporate gifts and stationery wholesale.","address":{"@type":"PostalAddress","streetAddress":"11F., No. 168, Jiankang Rd.","addressLocality":"Zhonghe Dist.","addressRegion":"New Taipei City","postalCode":"235","addressCountry":"TW"},"contactPoint":{"@type":"ContactPoint","telephone":"+886-2-8227-8800","contactType":"sales","areaServed":"Worldwide","availableLanguage":["zh-TW","en"]}}]}},"_links":{"self":[{"href":"https:\/\/leatai.com\/ga\/wp-json\/wp\/v2\/product\/265198","targetHints":{"allow":["GET"]}}],"collection":[{"href":"https:\/\/leatai.com\/ga\/wp-json\/wp\/v2\/product"}],"about":[{"href":"https:\/\/leatai.com\/ga\/wp-json\/wp\/v2\/types\/product"}],"wp:featuredmedia":[{"embeddable":true,"href":"https:\/\/leatai.com\/ga\/wp-json\/wp\/v2\/media\/265202"}],"wp:attachment":[{"href":"https:\/\/leatai.com\/ga\/wp-json\/wp\/v2\/media?parent=265198"}],"wp:term":[{"taxonomy":"product_brand","embeddable":true,"href":"https:\/\/leatai.com\/ga\/wp-json\/wp\/v2\/product_brand?post=265198"},{"taxonomy":"product_cat","embeddable":true,"href":"https:\/\/leatai.com\/ga\/wp-json\/wp\/v2\/product_cat?post=265198"},{"taxonomy":"product_tag","embeddable":true,"href":"https:\/\/leatai.com\/ga\/wp-json\/wp\/v2\/product_tag?post=265198"},{"taxonomy":"home_works","embeddable":true,"href":"https:\/\/leatai.com\/ga\/wp-json\/wp\/v2\/home_works?post=265198"}],"curies":[{"name":"wp","href":"https:\/\/api.w.org\/{rel}","templated":true}]}}