{"id":265182,"date":"2021-06-24T13:17:29","date_gmt":"2021-06-24T05:17:29","guid":{"rendered":"https:\/\/leatai.com\/product\/uncategorized\/lgp-stil-notai-pleanala-miosula-l16k-2\/"},"modified":"2026-01-27T11:49:51","modified_gmt":"2026-01-27T03:49:51","slug":"lgp-stil-notai-pleanala-miosula-l16k-2","status":"publish","type":"product","link":"https:\/\/leatai.com\/ga\/product\/formaid-leathanach-inmheanach\/leathanaigh-inmheanacha-b5\/lgp-stil-notai-pleanala-miosula-l16k-2\/","title":{"rendered":"LGP \u2013 St\u00edl n\u00f3ta\u00ed plean\u00e1la m\u00edos\u00fala \u2013 L16K"},"content":{"rendered":"<p>P\u00e1ip\u00e9ar: P\u00e1ip\u00e9ar Dowling b\u00e1n<br \/>\nM\u00e9id: <a href=\"https:\/\/leatai.com\/ga\/faq\/cad-iad-na-meideanna-pleanalai-8k-16k-agus-25k-ce-chomh-mor-is-ata-siad\/\" target=\"_blank\" rel=\"noopener\">16K (B5)<\/a> <a href=\"https:\/\/leatai.com\/ga\/faq\/cad-iad-na-meideanna-pleanalai-8k-16k-agus-25k-ce-chomh-mor-is-ata-siad\/\" target=\"_blank\" rel=\"noopener\">(cur s\u00edos mionsonraithe ar mh\u00e9id an dialainne gn\u00f3 agus t\u00e1bla compar\u00e1ide)<\/a><br \/>\nTi\u00fas: 80 lb (72 bileog \/ 144 leathanach in aghaidh an leabhair)<br \/>\nPriont\u00e1il: Dh\u00e1 dhath<br \/>\n\u00c1bhar: F\u00e9ilire bliant\u00fail + 7 l\u00e1 ar chl\u00e9 \/ leathanaigh n\u00f3ta\u00ed le l\u00ednte cothrom\u00e1nacha ar dheis + f\u00e9ilire feirme<\/p>\n<p>Lch. 1 Liosta laethanta saoire agus f\u00e9ilte<br \/>\nLch. 2\u20133 F\u00e9ilire bliant\u00fail<br \/>\nLch. 4\u20135 T\u00e1bla plean\u00e1la bliant\u00fail<br \/>\nLch. 6\u201317 Plean\u00e1il mh\u00edos\u00fail ingearach<br \/>\nLch. 18\u2013123 7 l\u00e1 ar chl\u00e9 \/ leathanaigh n\u00f3ta\u00ed le l\u00ednte cothrom\u00e1nacha ar dheis (Ean\u00e1ir\u2013Nollaig na bliana reatha)<br \/>\nLch. 124\u2013135 Rann\u00f3g sonra\u00ed (eolaire teagmh\u00e1la, leathanaigh le l\u00ednte, tiontuithe tomhais, c\u00f3id phoist, l\u00e9arsc\u00e1il meitreo, l\u00e9arsc\u00e1il mh\u00f3rbheala\u00ed)<br \/>\nLch. 136\u2013144 F\u00e9ilire feirme<\/p>\n","protected":false},"excerpt":{"rendered":"<p>P\u00e1ip\u00e9ar: P\u00e1ip\u00e9ar Dowling b\u00e1n M\u00e9id: 16K (B5) (cur s\u00edos mionsonraithe ar mh\u00e9id an dialainne gn\u00f3 agus t\u00e1bla compar\u00e1ide) Ti\u00fas: 80 lb (72 bileog \/ 144 leathanach in aghaidh an leabhair) Priont\u00e1il: Dh\u00e1 dhath \u00c1bhar: F\u00e9ilire bliant\u00fail + 7 l\u00e1 ar chl\u00e9 \/ leathanaigh n\u00f3ta\u00ed le l\u00ednte cothrom\u00e1nacha ar dheis + f\u00e9ilire feirme Lch. 1 Liosta [&hellip;]<\/p>\n","protected":false},"featured_media":212958,"template":"","meta":{"_acf_changed":false},"product_brand":[],"product_cat":[973,986],"product_tag":[1701,1703,1702],"home_works":[],"class_list":{"0":"post-265182","1":"product","2":"type-product","3":"status-publish","4":"has-post-thumbnail","6":"product_cat-formaid-leathanach-inmheanach","7":"product_cat-leathanaigh-inmheanacha-b5","8":"product_tag-16k","9":"product_tag-b5","10":"product_tag-1702","12":"first","13":"instock","14":"sold-individually","15":"shipping-taxable","16":"purchasable","17":"product-type-simple"},"acf":[],"yoast_head":"<!-- This site is optimized with the Yoast SEO plugin v27.2 - https:\/\/yoast.com\/product\/yoast-seo-wordpress\/ -->\n<title>LGP \u2013 St\u00edl n\u00f3ta\u00ed plean\u00e1la m\u00edos\u00fala \u2013 L16K - Leathanaigh istigh an dialainne gn\u00f3 - Leatai \u2013 Monar\u00f3ir Leabhair N\u00f3ta\u00ed Saincheaptha<\/title>\n<meta name=\"description\" content=\"P\u00e1ip\u00e9ar: P\u00e1ip\u00e9ar Dowling b\u00e1n M\u00e9id: 16K (B5) (cur s\u00edos mionsonraithe ar mh\u00e9id an dialainne gn\u00f3 agus t\u00e1bla compar\u00e1ide) Ti\u00fas: 80 lb (72 bileog \/ 144 leathanach in aghaidh an leabhair) Priont\u00e1il: Dh\u00e1 dhath \u00c1bhar: F\u00e9ilire bliant\u00fail + 7 l\u00e1 ar chl\u00e9 \/ leathanaigh n\u00f3ta\u00ed le l\u00ednte cothrom\u00e1nacha ar dheis + f\u00e9ilire feirme Lch. 1 Liosta laethanta saoire agus f\u00e9ilte Lch. 2\u20133 F\u00e9ilire bliant\u00fail Lch. 4\u20135 T\u00e1bla plean\u00e1la bliant\u00fail Lch. 6\u201317 Plean\u00e1il mh\u00edos\u00fail ingearach Lch. 18\u2013123 7 l\u00e1 ar chl\u00e9 \/ leathanaigh n\u00f3ta\u00ed le l\u00ednte cothrom\u00e1nacha ar dheis (Ean\u00e1ir\u2013Nollaig na bliana reatha) Lch. 124\u2013135 Rann\u00f3g sonra\u00ed (eolaire teagmh\u00e1la, leathanaigh le l\u00ednte, tiontuithe tomhais, c\u00f3id phoist, l\u00e9arsc\u00e1il meitreo, l\u00e9arsc\u00e1il mh\u00f3rbheala\u00ed) Lch. 136\u2013144 F\u00e9ilire feirme\" \/>\n<meta name=\"robots\" content=\"index, follow, max-snippet:-1, max-image-preview:large, max-video-preview:-1\" \/>\n<link rel=\"canonical\" href=\"https:\/\/leatai.com\/ga\/product\/formaid-leathanach-inmheanach\/leathanaigh-inmheanacha-b5\/lgp-stil-notai-pleanala-miosula-l16k-2\/\" \/>\n<meta property=\"og:locale\" content=\"ga_IE\" \/>\n<meta property=\"og:type\" content=\"article\" \/>\n<meta property=\"og:title\" content=\"LGP \u2013 St\u00edl n\u00f3ta\u00ed plean\u00e1la m\u00edos\u00fala \u2013 L16K - Leathanaigh istigh an dialainne gn\u00f3 - Leatai \u2013 Monar\u00f3ir Leabhair N\u00f3ta\u00ed Saincheaptha\" \/>\n<meta property=\"og:description\" content=\"P\u00e1ip\u00e9ar: P\u00e1ip\u00e9ar Dowling b\u00e1n M\u00e9id: 16K (B5) (cur s\u00edos mionsonraithe ar mh\u00e9id an dialainne gn\u00f3 agus t\u00e1bla compar\u00e1ide) Ti\u00fas: 80 lb (72 bileog \/ 144 leathanach in aghaidh an leabhair) Priont\u00e1il: Dh\u00e1 dhath \u00c1bhar: F\u00e9ilire bliant\u00fail + 7 l\u00e1 ar chl\u00e9 \/ leathanaigh n\u00f3ta\u00ed le l\u00ednte cothrom\u00e1nacha ar dheis + f\u00e9ilire feirme Lch. 1 Liosta laethanta saoire agus f\u00e9ilte Lch. 2\u20133 F\u00e9ilire bliant\u00fail Lch. 4\u20135 T\u00e1bla plean\u00e1la bliant\u00fail Lch. 6\u201317 Plean\u00e1il mh\u00edos\u00fail ingearach Lch. 18\u2013123 7 l\u00e1 ar chl\u00e9 \/ leathanaigh n\u00f3ta\u00ed le l\u00ednte cothrom\u00e1nacha ar dheis (Ean\u00e1ir\u2013Nollaig na bliana reatha) Lch. 124\u2013135 Rann\u00f3g sonra\u00ed (eolaire teagmh\u00e1la, leathanaigh le l\u00ednte, tiontuithe tomhais, c\u00f3id phoist, l\u00e9arsc\u00e1il meitreo, l\u00e9arsc\u00e1il mh\u00f3rbheala\u00ed) Lch. 136\u2013144 F\u00e9ilire feirme\" \/>\n<meta property=\"og:url\" content=\"https:\/\/leatai.com\/ga\/product\/formaid-leathanach-inmheanach\/leathanaigh-inmheanacha-b5\/lgp-stil-notai-pleanala-miosula-l16k-2\/\" \/>\n<meta property=\"og:site_name\" content=\"Leatai \u2013 Monar\u00f3ir Leabhair N\u00f3ta\u00ed Saincheaptha\" \/>\n<meta property=\"article:modified_time\" content=\"2026-01-27T03:49:51+00:00\" \/>\n<meta property=\"og:image\" content=\"https:\/\/leatai.com\/wp-content\/uploads\/\u5de6\u4e03\u53f3MEMO-01-scaled.jpg\" \/>\n\t<meta property=\"og:image:width\" content=\"2560\" \/>\n\t<meta property=\"og:image:height\" content=\"1776\" \/>\n\t<meta property=\"og:image:type\" content=\"image\/jpeg\" \/>\n<meta name=\"twitter:card\" content=\"summary_large_image\" \/>\n<meta name=\"twitter:label1\" content=\"Est. reading time\" \/>\n\t<meta name=\"twitter:data1\" content=\"1 minute\" \/>\n<script type=\"application\/ld+json\" class=\"yoast-schema-graph\">{\"@context\":\"https:\/\/schema.org\",\"@graph\":[{\"@type\":\"WebPage\",\"@id\":\"https:\/\/leatai.com\/ga\/product\/formaid-leathanach-inmheanach\/leathanaigh-inmheanacha-b5\/lgp-stil-notai-pleanala-miosula-l16k-2\/\",\"url\":\"https:\/\/leatai.com\/ga\/product\/formaid-leathanach-inmheanach\/leathanaigh-inmheanacha-b5\/lgp-stil-notai-pleanala-miosula-l16k-2\/\",\"name\":\"LGP \u2013 St\u00edl n\u00f3ta\u00ed plean\u00e1la m\u00edos\u00fala \u2013 L16K - Leathanaigh istigh an dialainne gn\u00f3 - Leatai \u2013 Monar\u00f3ir Leabhair N\u00f3ta\u00ed Saincheaptha\",\"isPartOf\":{\"@id\":\"https:\/\/leatai.com\/ga\/#website\"},\"primaryImageOfPage\":{\"@id\":\"https:\/\/leatai.com\/ga\/product\/formaid-leathanach-inmheanach\/leathanaigh-inmheanacha-b5\/lgp-stil-notai-pleanala-miosula-l16k-2\/#primaryimage\"},\"image\":{\"@id\":\"https:\/\/leatai.com\/ga\/product\/formaid-leathanach-inmheanach\/leathanaigh-inmheanacha-b5\/lgp-stil-notai-pleanala-miosula-l16k-2\/#primaryimage\"},\"thumbnailUrl\":\"https:\/\/leatai.com\/wp-content\/uploads\/\u5de6\u4e03\u53f3MEMO-01-scaled.jpg\",\"datePublished\":\"2021-06-24T05:17:29+00:00\",\"dateModified\":\"2026-01-27T03:49:51+00:00\",\"description\":\"P\u00e1ip\u00e9ar: P\u00e1ip\u00e9ar Dowling b\u00e1n M\u00e9id: 16K (B5) (cur s\u00edos mionsonraithe ar mh\u00e9id an dialainne gn\u00f3 agus t\u00e1bla compar\u00e1ide) Ti\u00fas: 80 lb (72 bileog \/ 144 leathanach in aghaidh an leabhair) Priont\u00e1il: Dh\u00e1 dhath \u00c1bhar: F\u00e9ilire bliant\u00fail + 7 l\u00e1 ar chl\u00e9 \/ leathanaigh n\u00f3ta\u00ed le l\u00ednte cothrom\u00e1nacha ar dheis + f\u00e9ilire feirme Lch. 1 Liosta laethanta saoire agus f\u00e9ilte Lch. 2\u20133 F\u00e9ilire bliant\u00fail Lch. 4\u20135 T\u00e1bla plean\u00e1la bliant\u00fail Lch. 6\u201317 Plean\u00e1il mh\u00edos\u00fail ingearach Lch. 18\u2013123 7 l\u00e1 ar chl\u00e9 \/ leathanaigh n\u00f3ta\u00ed le l\u00ednte cothrom\u00e1nacha ar dheis (Ean\u00e1ir\u2013Nollaig na bliana reatha) Lch. 124\u2013135 Rann\u00f3g sonra\u00ed (eolaire teagmh\u00e1la, leathanaigh le l\u00ednte, tiontuithe tomhais, c\u00f3id phoist, l\u00e9arsc\u00e1il meitreo, l\u00e9arsc\u00e1il mh\u00f3rbheala\u00ed) Lch. 136\u2013144 F\u00e9ilire feirme\",\"breadcrumb\":{\"@id\":\"https:\/\/leatai.com\/ga\/product\/formaid-leathanach-inmheanach\/leathanaigh-inmheanacha-b5\/lgp-stil-notai-pleanala-miosula-l16k-2\/#breadcrumb\"},\"inLanguage\":\"ga-IE\",\"potentialAction\":[{\"@type\":\"ReadAction\",\"target\":[\"https:\/\/leatai.com\/ga\/product\/formaid-leathanach-inmheanach\/leathanaigh-inmheanacha-b5\/lgp-stil-notai-pleanala-miosula-l16k-2\/\"]}]},{\"@type\":\"ImageObject\",\"inLanguage\":\"ga-IE\",\"@id\":\"https:\/\/leatai.com\/ga\/product\/formaid-leathanach-inmheanach\/leathanaigh-inmheanacha-b5\/lgp-stil-notai-pleanala-miosula-l16k-2\/#primaryimage\",\"url\":\"https:\/\/leatai.com\/wp-content\/uploads\/\u5de6\u4e03\u53f3MEMO-01-scaled.jpg\",\"contentUrl\":\"https:\/\/leatai.com\/wp-content\/uploads\/\u5de6\u4e03\u53f3MEMO-01-scaled.jpg\",\"width\":2560,\"height\":1776,\"caption\":\"Leathanaigh istigh an dialainne gn\u00f3\"},{\"@type\":\"BreadcrumbList\",\"@id\":\"https:\/\/leatai.com\/ga\/product\/formaid-leathanach-inmheanach\/leathanaigh-inmheanacha-b5\/lgp-stil-notai-pleanala-miosula-l16k-2\/#breadcrumb\",\"itemListElement\":[{\"@type\":\"ListItem\",\"position\":1,\"name\":\"Home\",\"item\":\"https:\/\/leatai.com\/ga\/\"},{\"@type\":\"ListItem\",\"position\":2,\"name\":\"Cur i l\u00e1thair T\u00e1irg\u00ed\",\"item\":\"https:\/\/leatai.com\/products\/\"},{\"@type\":\"ListItem\",\"position\":3,\"name\":\"Form\u00e1id Leathanach Inmhe\u00e1nach\",\"item\":\"https:\/\/leatai.com\/ga\/product-category\/formaid-leathanach-inmheanach\/\"},{\"@type\":\"ListItem\",\"position\":4,\"name\":\"Leathanaigh Inmhe\u00e1nacha B5\",\"item\":\"https:\/\/leatai.com\/ga\/product-category\/formaid-leathanach-inmheanach\/leathanaigh-inmheanacha-b5\/\"},{\"@type\":\"ListItem\",\"position\":5,\"name\":\"LGP \u2013 St\u00edl n\u00f3ta\u00ed plean\u00e1la m\u00edos\u00fala \u2013 L16K\"}]},{\"@type\":\"WebSite\",\"@id\":\"https:\/\/leatai.com\/ga\/#website\",\"url\":\"https:\/\/leatai.com\/ga\/\",\"name\":\"Leatai \u2013 Monar\u00f3ir Leabhair N\u00f3ta\u00ed Saincheaptha\",\"description\":\"Sol\u00e1thra\u00edonn Leatai leabhair n\u00f3ta\u00ed agus plean\u00e1laithe saincheaptha do bhranda\u00ed agus d\u00e1ileoir\u00ed ar fud an domhain.\",\"publisher\":{\"@id\":\"https:\/\/leatai.com\/ga\/#organization\"},\"potentialAction\":[{\"@type\":\"SearchAction\",\"target\":{\"@type\":\"EntryPoint\",\"urlTemplate\":\"https:\/\/leatai.com\/ga\/?s={search_term_string}\"},\"query-input\":{\"@type\":\"PropertyValueSpecification\",\"valueRequired\":true,\"valueName\":\"search_term_string\"}}],\"inLanguage\":\"ga-IE\"},{\"@type\":\"Organization\",\"@id\":\"https:\/\/leatai.com\/ga\/#organization\",\"name\":\"Leatai Diary, customized journal and business organizer\",\"url\":\"https:\/\/leatai.com\/ga\/\",\"logo\":{\"@type\":\"ImageObject\",\"inLanguage\":\"ga-IE\",\"@id\":\"https:\/\/leatai.com\/ga\/#\/schema\/logo\/image\/\",\"url\":\"https:\/\/leatai.com\/wp-content\/uploads\/logo-blue.png\",\"contentUrl\":\"https:\/\/leatai.com\/wp-content\/uploads\/logo-blue.png\",\"width\":230,\"height\":60,\"caption\":\"Leatai Diary, customized journal and business organizer\"},\"image\":{\"@id\":\"https:\/\/leatai.com\/ga\/#\/schema\/logo\/image\/\"},\"telephone\":\"+886-2-8227-8800\",\"legalName\":\"Leatai Stationary Co., Ltd.\",\"description\":\"A leading notebook factory in Taiwan offering bespoke branding, high-quality binding, and premium paper selections for corporate gifts and stationery wholesale.\",\"address\":{\"@type\":\"PostalAddress\",\"streetAddress\":\"11F., No. 168, Jiankang Rd.\",\"addressLocality\":\"Zhonghe Dist.\",\"addressRegion\":\"New Taipei City\",\"postalCode\":\"235\",\"addressCountry\":\"TW\"},\"contactPoint\":{\"@type\":\"ContactPoint\",\"telephone\":\"+886-2-8227-8800\",\"contactType\":\"sales\",\"areaServed\":\"Worldwide\",\"availableLanguage\":[\"zh-TW\",\"en\"]}}]}<\/script>\n<!-- \/ Yoast SEO plugin. -->","yoast_head_json":{"title":"LGP \u2013 St\u00edl n\u00f3ta\u00ed plean\u00e1la m\u00edos\u00fala \u2013 L16K - Leathanaigh istigh an dialainne gn\u00f3 - Leatai \u2013 Monar\u00f3ir Leabhair N\u00f3ta\u00ed Saincheaptha","description":"P\u00e1ip\u00e9ar: P\u00e1ip\u00e9ar Dowling b\u00e1n M\u00e9id: 16K (B5) (cur s\u00edos mionsonraithe ar mh\u00e9id an dialainne gn\u00f3 agus t\u00e1bla compar\u00e1ide) Ti\u00fas: 80 lb (72 bileog \/ 144 leathanach in aghaidh an leabhair) Priont\u00e1il: Dh\u00e1 dhath \u00c1bhar: F\u00e9ilire bliant\u00fail + 7 l\u00e1 ar chl\u00e9 \/ leathanaigh n\u00f3ta\u00ed le l\u00ednte cothrom\u00e1nacha ar dheis + f\u00e9ilire feirme Lch. 1 Liosta laethanta saoire agus f\u00e9ilte Lch. 2\u20133 F\u00e9ilire bliant\u00fail Lch. 4\u20135 T\u00e1bla plean\u00e1la bliant\u00fail Lch. 6\u201317 Plean\u00e1il mh\u00edos\u00fail ingearach Lch. 18\u2013123 7 l\u00e1 ar chl\u00e9 \/ leathanaigh n\u00f3ta\u00ed le l\u00ednte cothrom\u00e1nacha ar dheis (Ean\u00e1ir\u2013Nollaig na bliana reatha) Lch. 124\u2013135 Rann\u00f3g sonra\u00ed (eolaire teagmh\u00e1la, leathanaigh le l\u00ednte, tiontuithe tomhais, c\u00f3id phoist, l\u00e9arsc\u00e1il meitreo, l\u00e9arsc\u00e1il mh\u00f3rbheala\u00ed) Lch. 136\u2013144 F\u00e9ilire feirme","robots":{"index":"index","follow":"follow","max-snippet":"max-snippet:-1","max-image-preview":"max-image-preview:large","max-video-preview":"max-video-preview:-1"},"canonical":"https:\/\/leatai.com\/ga\/product\/formaid-leathanach-inmheanach\/leathanaigh-inmheanacha-b5\/lgp-stil-notai-pleanala-miosula-l16k-2\/","og_locale":"ga_IE","og_type":"article","og_title":"LGP \u2013 St\u00edl n\u00f3ta\u00ed plean\u00e1la m\u00edos\u00fala \u2013 L16K - Leathanaigh istigh an dialainne gn\u00f3 - Leatai \u2013 Monar\u00f3ir Leabhair N\u00f3ta\u00ed Saincheaptha","og_description":"P\u00e1ip\u00e9ar: P\u00e1ip\u00e9ar Dowling b\u00e1n M\u00e9id: 16K (B5) (cur s\u00edos mionsonraithe ar mh\u00e9id an dialainne gn\u00f3 agus t\u00e1bla compar\u00e1ide) Ti\u00fas: 80 lb (72 bileog \/ 144 leathanach in aghaidh an leabhair) Priont\u00e1il: Dh\u00e1 dhath \u00c1bhar: F\u00e9ilire bliant\u00fail + 7 l\u00e1 ar chl\u00e9 \/ leathanaigh n\u00f3ta\u00ed le l\u00ednte cothrom\u00e1nacha ar dheis + f\u00e9ilire feirme Lch. 1 Liosta laethanta saoire agus f\u00e9ilte Lch. 2\u20133 F\u00e9ilire bliant\u00fail Lch. 4\u20135 T\u00e1bla plean\u00e1la bliant\u00fail Lch. 6\u201317 Plean\u00e1il mh\u00edos\u00fail ingearach Lch. 18\u2013123 7 l\u00e1 ar chl\u00e9 \/ leathanaigh n\u00f3ta\u00ed le l\u00ednte cothrom\u00e1nacha ar dheis (Ean\u00e1ir\u2013Nollaig na bliana reatha) Lch. 124\u2013135 Rann\u00f3g sonra\u00ed (eolaire teagmh\u00e1la, leathanaigh le l\u00ednte, tiontuithe tomhais, c\u00f3id phoist, l\u00e9arsc\u00e1il meitreo, l\u00e9arsc\u00e1il mh\u00f3rbheala\u00ed) Lch. 136\u2013144 F\u00e9ilire feirme","og_url":"https:\/\/leatai.com\/ga\/product\/formaid-leathanach-inmheanach\/leathanaigh-inmheanacha-b5\/lgp-stil-notai-pleanala-miosula-l16k-2\/","og_site_name":"Leatai \u2013 Monar\u00f3ir Leabhair N\u00f3ta\u00ed Saincheaptha","article_modified_time":"2026-01-27T03:49:51+00:00","og_image":[{"width":2560,"height":1776,"url":"https:\/\/leatai.com\/wp-content\/uploads\/\u5de6\u4e03\u53f3MEMO-01-scaled.jpg","type":"image\/jpeg"}],"twitter_card":"summary_large_image","twitter_misc":{"Est. reading time":"1 minute"},"schema":{"@context":"https:\/\/schema.org","@graph":[{"@type":"WebPage","@id":"https:\/\/leatai.com\/ga\/product\/formaid-leathanach-inmheanach\/leathanaigh-inmheanacha-b5\/lgp-stil-notai-pleanala-miosula-l16k-2\/","url":"https:\/\/leatai.com\/ga\/product\/formaid-leathanach-inmheanach\/leathanaigh-inmheanacha-b5\/lgp-stil-notai-pleanala-miosula-l16k-2\/","name":"LGP \u2013 St\u00edl n\u00f3ta\u00ed plean\u00e1la m\u00edos\u00fala \u2013 L16K - Leathanaigh istigh an dialainne gn\u00f3 - Leatai \u2013 Monar\u00f3ir Leabhair N\u00f3ta\u00ed Saincheaptha","isPartOf":{"@id":"https:\/\/leatai.com\/ga\/#website"},"primaryImageOfPage":{"@id":"https:\/\/leatai.com\/ga\/product\/formaid-leathanach-inmheanach\/leathanaigh-inmheanacha-b5\/lgp-stil-notai-pleanala-miosula-l16k-2\/#primaryimage"},"image":{"@id":"https:\/\/leatai.com\/ga\/product\/formaid-leathanach-inmheanach\/leathanaigh-inmheanacha-b5\/lgp-stil-notai-pleanala-miosula-l16k-2\/#primaryimage"},"thumbnailUrl":"https:\/\/leatai.com\/wp-content\/uploads\/\u5de6\u4e03\u53f3MEMO-01-scaled.jpg","datePublished":"2021-06-24T05:17:29+00:00","dateModified":"2026-01-27T03:49:51+00:00","description":"P\u00e1ip\u00e9ar: P\u00e1ip\u00e9ar Dowling b\u00e1n M\u00e9id: 16K (B5) (cur s\u00edos mionsonraithe ar mh\u00e9id an dialainne gn\u00f3 agus t\u00e1bla compar\u00e1ide) Ti\u00fas: 80 lb (72 bileog \/ 144 leathanach in aghaidh an leabhair) Priont\u00e1il: Dh\u00e1 dhath \u00c1bhar: F\u00e9ilire bliant\u00fail + 7 l\u00e1 ar chl\u00e9 \/ leathanaigh n\u00f3ta\u00ed le l\u00ednte cothrom\u00e1nacha ar dheis + f\u00e9ilire feirme Lch. 1 Liosta laethanta saoire agus f\u00e9ilte Lch. 2\u20133 F\u00e9ilire bliant\u00fail Lch. 4\u20135 T\u00e1bla plean\u00e1la bliant\u00fail Lch. 6\u201317 Plean\u00e1il mh\u00edos\u00fail ingearach Lch. 18\u2013123 7 l\u00e1 ar chl\u00e9 \/ leathanaigh n\u00f3ta\u00ed le l\u00ednte cothrom\u00e1nacha ar dheis (Ean\u00e1ir\u2013Nollaig na bliana reatha) Lch. 124\u2013135 Rann\u00f3g sonra\u00ed (eolaire teagmh\u00e1la, leathanaigh le l\u00ednte, tiontuithe tomhais, c\u00f3id phoist, l\u00e9arsc\u00e1il meitreo, l\u00e9arsc\u00e1il mh\u00f3rbheala\u00ed) Lch. 136\u2013144 F\u00e9ilire feirme","breadcrumb":{"@id":"https:\/\/leatai.com\/ga\/product\/formaid-leathanach-inmheanach\/leathanaigh-inmheanacha-b5\/lgp-stil-notai-pleanala-miosula-l16k-2\/#breadcrumb"},"inLanguage":"ga-IE","potentialAction":[{"@type":"ReadAction","target":["https:\/\/leatai.com\/ga\/product\/formaid-leathanach-inmheanach\/leathanaigh-inmheanacha-b5\/lgp-stil-notai-pleanala-miosula-l16k-2\/"]}]},{"@type":"ImageObject","inLanguage":"ga-IE","@id":"https:\/\/leatai.com\/ga\/product\/formaid-leathanach-inmheanach\/leathanaigh-inmheanacha-b5\/lgp-stil-notai-pleanala-miosula-l16k-2\/#primaryimage","url":"https:\/\/leatai.com\/wp-content\/uploads\/\u5de6\u4e03\u53f3MEMO-01-scaled.jpg","contentUrl":"https:\/\/leatai.com\/wp-content\/uploads\/\u5de6\u4e03\u53f3MEMO-01-scaled.jpg","width":2560,"height":1776,"caption":"Leathanaigh istigh an dialainne gn\u00f3"},{"@type":"BreadcrumbList","@id":"https:\/\/leatai.com\/ga\/product\/formaid-leathanach-inmheanach\/leathanaigh-inmheanacha-b5\/lgp-stil-notai-pleanala-miosula-l16k-2\/#breadcrumb","itemListElement":[{"@type":"ListItem","position":1,"name":"Home","item":"https:\/\/leatai.com\/ga\/"},{"@type":"ListItem","position":2,"name":"Cur i l\u00e1thair T\u00e1irg\u00ed","item":"https:\/\/leatai.com\/products\/"},{"@type":"ListItem","position":3,"name":"Form\u00e1id Leathanach Inmhe\u00e1nach","item":"https:\/\/leatai.com\/ga\/product-category\/formaid-leathanach-inmheanach\/"},{"@type":"ListItem","position":4,"name":"Leathanaigh Inmhe\u00e1nacha B5","item":"https:\/\/leatai.com\/ga\/product-category\/formaid-leathanach-inmheanach\/leathanaigh-inmheanacha-b5\/"},{"@type":"ListItem","position":5,"name":"LGP \u2013 St\u00edl n\u00f3ta\u00ed plean\u00e1la m\u00edos\u00fala \u2013 L16K"}]},{"@type":"WebSite","@id":"https:\/\/leatai.com\/ga\/#website","url":"https:\/\/leatai.com\/ga\/","name":"Leatai \u2013 Monar\u00f3ir Leabhair N\u00f3ta\u00ed Saincheaptha","description":"Sol\u00e1thra\u00edonn Leatai leabhair n\u00f3ta\u00ed agus plean\u00e1laithe saincheaptha do bhranda\u00ed agus d\u00e1ileoir\u00ed ar fud an domhain.","publisher":{"@id":"https:\/\/leatai.com\/ga\/#organization"},"potentialAction":[{"@type":"SearchAction","target":{"@type":"EntryPoint","urlTemplate":"https:\/\/leatai.com\/ga\/?s={search_term_string}"},"query-input":{"@type":"PropertyValueSpecification","valueRequired":true,"valueName":"search_term_string"}}],"inLanguage":"ga-IE"},{"@type":"Organization","@id":"https:\/\/leatai.com\/ga\/#organization","name":"Leatai Diary, customized journal and business organizer","url":"https:\/\/leatai.com\/ga\/","logo":{"@type":"ImageObject","inLanguage":"ga-IE","@id":"https:\/\/leatai.com\/ga\/#\/schema\/logo\/image\/","url":"https:\/\/leatai.com\/wp-content\/uploads\/logo-blue.png","contentUrl":"https:\/\/leatai.com\/wp-content\/uploads\/logo-blue.png","width":230,"height":60,"caption":"Leatai Diary, customized journal and business organizer"},"image":{"@id":"https:\/\/leatai.com\/ga\/#\/schema\/logo\/image\/"},"telephone":"+886-2-8227-8800","legalName":"Leatai Stationary Co., Ltd.","description":"A leading notebook factory in Taiwan offering bespoke branding, high-quality binding, and premium paper selections for corporate gifts and stationery wholesale.","address":{"@type":"PostalAddress","streetAddress":"11F., No. 168, Jiankang Rd.","addressLocality":"Zhonghe Dist.","addressRegion":"New Taipei City","postalCode":"235","addressCountry":"TW"},"contactPoint":{"@type":"ContactPoint","telephone":"+886-2-8227-8800","contactType":"sales","areaServed":"Worldwide","availableLanguage":["zh-TW","en"]}}]}},"_links":{"self":[{"href":"https:\/\/leatai.com\/ga\/wp-json\/wp\/v2\/product\/265182","targetHints":{"allow":["GET"]}}],"collection":[{"href":"https:\/\/leatai.com\/ga\/wp-json\/wp\/v2\/product"}],"about":[{"href":"https:\/\/leatai.com\/ga\/wp-json\/wp\/v2\/types\/product"}],"wp:featuredmedia":[{"embeddable":true,"href":"https:\/\/leatai.com\/ga\/wp-json\/wp\/v2\/media\/212958"}],"wp:attachment":[{"href":"https:\/\/leatai.com\/ga\/wp-json\/wp\/v2\/media?parent=265182"}],"wp:term":[{"taxonomy":"product_brand","embeddable":true,"href":"https:\/\/leatai.com\/ga\/wp-json\/wp\/v2\/product_brand?post=265182"},{"taxonomy":"product_cat","embeddable":true,"href":"https:\/\/leatai.com\/ga\/wp-json\/wp\/v2\/product_cat?post=265182"},{"taxonomy":"product_tag","embeddable":true,"href":"https:\/\/leatai.com\/ga\/wp-json\/wp\/v2\/product_tag?post=265182"},{"taxonomy":"home_works","embeddable":true,"href":"https:\/\/leatai.com\/ga\/wp-json\/wp\/v2\/home_works?post=265182"}],"curies":[{"name":"wp","href":"https:\/\/api.w.org\/{rel}","templated":true}]}}