{"id":265117,"date":"2021-06-24T13:21:40","date_gmt":"2021-06-24T05:21:40","guid":{"rendered":"https:\/\/leatai.com\/product\/uncategorized\/proiseail-priontala-seachfhoinsithe\/"},"modified":"2026-01-26T17:59:03","modified_gmt":"2026-01-26T09:59:03","slug":"proiseail-priontala-seachfhoinsithe","status":"publish","type":"product","link":"https:\/\/leatai.com\/ga\/product\/deantusaiocht-eile\/proiseail-priontala-seachfhoinsithe\/","title":{"rendered":"Pr\u00f3ise\u00e1il priont\u00e1la seachfhoinsithe"},"content":{"rendered":"<p>M\u00edreanna pr\u00f3ise\u00e1la seachfhoinsithe: Priont\u00e1il<br \/>\nCur s\u00edos ar an \u00e1bhar: Tagra\u00edonn an pr\u00f3iseas priont\u00e1la simpl\u00ed do phriont\u00e1il d\u00faigh ar bhileoga m\u00f3ra p\u00e1ip\u00e9ir de mh\u00e9ideanna \u00e9ags\u00fala ar mheais\u00edn\u00ed priont\u00e1la m\u00f3ra. Tar \u00e9is na bileoga m\u00f3ra a bheith priont\u00e1ilte, t\u00e9itear ar aghaidh go dt\u00ed an ch\u00e9im ceangailte. T\u00e1 go leor sonra\u00ed beaga sa phriont\u00e1il ar g\u00e1 aird a thabhairt orthu.<\/p>\n","protected":false},"excerpt":{"rendered":"<p>Pr\u00f3ise\u00e1il priont\u00e1la seachfhoinsithe, ceangal leabhar<\/p>\n","protected":false},"featured_media":265118,"template":"","meta":{"_acf_changed":false},"product_brand":[],"product_cat":[1155],"product_tag":[],"home_works":[],"class_list":{"0":"post-265117","1":"product","2":"type-product","3":"status-publish","4":"has-post-thumbnail","6":"product_cat-deantusaiocht-eile","8":"first","9":"instock","10":"sold-individually","11":"shipping-taxable","12":"purchasable","13":"product-type-variable","14":"has-default-attributes"},"acf":[],"yoast_head":"<!-- This site is optimized with the Yoast SEO plugin v27.2 - https:\/\/yoast.com\/product\/yoast-seo-wordpress\/ -->\n<title>Pr\u00f3ise\u00e1il priont\u00e1la seachfhoinsithe - Is f\u00e9idir priont\u00e1il a dh\u00e9anamh i bhform\u00e1id\u00ed l\u00e1noscailte, l\u00e1n-kiku, agus kiku comhoiri\u00fanaithe.- Leatai \u2013 Monar\u00f3ir Leabhair N\u00f3ta\u00ed Saincheaptha<\/title>\n<meta name=\"description\" content=\"M\u00edreanna pr\u00f3ise\u00e1la seachfhoinsithe: Priont\u00e1il Cur s\u00edos ar an \u00e1bhar: Tagra\u00edonn an pr\u00f3iseas priont\u00e1la simpl\u00ed do phriont\u00e1il d\u00faigh ar bhileoga m\u00f3ra p\u00e1ip\u00e9ir de mh\u00e9ideanna \u00e9ags\u00fala ar mheais\u00edn\u00ed priont\u00e1la m\u00f3ra. Tar \u00e9is na bileoga m\u00f3ra a bheith priont\u00e1ilte, leanann an pr\u00f3iseas ar aghaidh chuig an gc\u00e9im ceangailte. T\u00e1 go leor mionsonra\u00ed agus point\u00ed teicni\u00fala sa phriont\u00e1il ar g\u00e1 aird a thabhairt orthu.\" \/>\n<meta name=\"robots\" content=\"index, follow, max-snippet:-1, max-image-preview:large, max-video-preview:-1\" \/>\n<link rel=\"canonical\" href=\"https:\/\/leatai.com\/ga\/product\/deantusaiocht-eile\/proiseail-priontala-seachfhoinsithe\/\" \/>\n<meta property=\"og:locale\" content=\"ga_IE\" \/>\n<meta property=\"og:type\" content=\"article\" \/>\n<meta property=\"og:title\" content=\"Pr\u00f3ise\u00e1il priont\u00e1la seachfhoinsithe - Is f\u00e9idir priont\u00e1il a dh\u00e9anamh i bhform\u00e1id\u00ed l\u00e1noscailte, l\u00e1n-kiku, agus kiku comhoiri\u00fanaithe.- Leatai \u2013 Monar\u00f3ir Leabhair N\u00f3ta\u00ed Saincheaptha\" \/>\n<meta property=\"og:description\" content=\"M\u00edreanna pr\u00f3ise\u00e1la seachfhoinsithe: Priont\u00e1il Cur s\u00edos ar an \u00e1bhar: Tagra\u00edonn an pr\u00f3iseas priont\u00e1la simpl\u00ed do phriont\u00e1il d\u00faigh ar bhileoga m\u00f3ra p\u00e1ip\u00e9ir de mh\u00e9ideanna \u00e9ags\u00fala ar mheais\u00edn\u00ed priont\u00e1la m\u00f3ra. Tar \u00e9is na bileoga m\u00f3ra a bheith priont\u00e1ilte, leanann an pr\u00f3iseas ar aghaidh chuig an gc\u00e9im ceangailte. T\u00e1 go leor mionsonra\u00ed agus point\u00ed teicni\u00fala sa phriont\u00e1il ar g\u00e1 aird a thabhairt orthu.\" \/>\n<meta property=\"og:url\" content=\"https:\/\/leatai.com\/ga\/product\/deantusaiocht-eile\/proiseail-priontala-seachfhoinsithe\/\" \/>\n<meta property=\"og:site_name\" content=\"Leatai \u2013 Monar\u00f3ir Leabhair N\u00f3ta\u00ed Saincheaptha\" \/>\n<meta property=\"article:modified_time\" content=\"2026-01-26T09:59:03+00:00\" \/>\n<meta property=\"og:image\" content=\"https:\/\/leatai.com\/wp-content\/uploads\/2016_01_20_1512120.jpg\" \/>\n\t<meta property=\"og:image:width\" content=\"1000\" \/>\n\t<meta property=\"og:image:height\" content=\"668\" \/>\n\t<meta property=\"og:image:type\" content=\"image\/jpeg\" \/>\n<meta name=\"twitter:card\" content=\"summary_large_image\" \/>\n<meta name=\"twitter:label1\" content=\"Est. reading time\" \/>\n\t<meta name=\"twitter:data1\" content=\"1 minute\" \/>\n<script type=\"application\/ld+json\" class=\"yoast-schema-graph\">{\"@context\":\"https:\/\/schema.org\",\"@graph\":[{\"@type\":\"WebPage\",\"@id\":\"https:\/\/leatai.com\/ga\/product\/deantusaiocht-eile\/proiseail-priontala-seachfhoinsithe\/\",\"url\":\"https:\/\/leatai.com\/ga\/product\/deantusaiocht-eile\/proiseail-priontala-seachfhoinsithe\/\",\"name\":\"Pr\u00f3ise\u00e1il priont\u00e1la seachfhoinsithe - Is f\u00e9idir priont\u00e1il a dh\u00e9anamh i bhform\u00e1id\u00ed l\u00e1noscailte, l\u00e1n-kiku, agus kiku comhoiri\u00fanaithe.- Leatai \u2013 Monar\u00f3ir Leabhair N\u00f3ta\u00ed Saincheaptha\",\"isPartOf\":{\"@id\":\"https:\/\/leatai.com\/ga\/#website\"},\"primaryImageOfPage\":{\"@id\":\"https:\/\/leatai.com\/ga\/product\/deantusaiocht-eile\/proiseail-priontala-seachfhoinsithe\/#primaryimage\"},\"image\":{\"@id\":\"https:\/\/leatai.com\/ga\/product\/deantusaiocht-eile\/proiseail-priontala-seachfhoinsithe\/#primaryimage\"},\"thumbnailUrl\":\"https:\/\/leatai.com\/wp-content\/uploads\/2016_01_20_1512120.jpg\",\"datePublished\":\"2021-06-24T05:21:40+00:00\",\"dateModified\":\"2026-01-26T09:59:03+00:00\",\"description\":\"M\u00edreanna pr\u00f3ise\u00e1la seachfhoinsithe: Priont\u00e1il Cur s\u00edos ar an \u00e1bhar: Tagra\u00edonn an pr\u00f3iseas priont\u00e1la simpl\u00ed do phriont\u00e1il d\u00faigh ar bhileoga m\u00f3ra p\u00e1ip\u00e9ir de mh\u00e9ideanna \u00e9ags\u00fala ar mheais\u00edn\u00ed priont\u00e1la m\u00f3ra. Tar \u00e9is na bileoga m\u00f3ra a bheith priont\u00e1ilte, leanann an pr\u00f3iseas ar aghaidh chuig an gc\u00e9im ceangailte. T\u00e1 go leor mionsonra\u00ed agus point\u00ed teicni\u00fala sa phriont\u00e1il ar g\u00e1 aird a thabhairt orthu.\",\"breadcrumb\":{\"@id\":\"https:\/\/leatai.com\/ga\/product\/deantusaiocht-eile\/proiseail-priontala-seachfhoinsithe\/#breadcrumb\"},\"inLanguage\":\"ga-IE\",\"potentialAction\":[{\"@type\":\"ReadAction\",\"target\":[\"https:\/\/leatai.com\/ga\/product\/deantusaiocht-eile\/proiseail-priontala-seachfhoinsithe\/\"]}]},{\"@type\":\"ImageObject\",\"inLanguage\":\"ga-IE\",\"@id\":\"https:\/\/leatai.com\/ga\/product\/deantusaiocht-eile\/proiseail-priontala-seachfhoinsithe\/#primaryimage\",\"url\":\"https:\/\/leatai.com\/wp-content\/uploads\/2016_01_20_1512120.jpg\",\"contentUrl\":\"https:\/\/leatai.com\/wp-content\/uploads\/2016_01_20_1512120.jpg\",\"width\":1000,\"height\":668,\"caption\":\"Pr\u00f3ise\u00e1il priont\u00e1la seachfhoinsithe\"},{\"@type\":\"BreadcrumbList\",\"@id\":\"https:\/\/leatai.com\/ga\/product\/deantusaiocht-eile\/proiseail-priontala-seachfhoinsithe\/#breadcrumb\",\"itemListElement\":[{\"@type\":\"ListItem\",\"position\":1,\"name\":\"Home\",\"item\":\"https:\/\/leatai.com\/ga\/\"},{\"@type\":\"ListItem\",\"position\":2,\"name\":\"Cur i l\u00e1thair T\u00e1irg\u00ed\",\"item\":\"https:\/\/leatai.com\/products\/\"},{\"@type\":\"ListItem\",\"position\":3,\"name\":\"D\u00e9ant\u00fasa\u00edocht eile\",\"item\":\"https:\/\/leatai.com\/ga\/product-category\/deantusaiocht-eile\/\"},{\"@type\":\"ListItem\",\"position\":4,\"name\":\"Pr\u00f3ise\u00e1il priont\u00e1la seachfhoinsithe\"}]},{\"@type\":\"WebSite\",\"@id\":\"https:\/\/leatai.com\/ga\/#website\",\"url\":\"https:\/\/leatai.com\/ga\/\",\"name\":\"Leatai \u2013 Monar\u00f3ir Leabhair N\u00f3ta\u00ed Saincheaptha\",\"description\":\"Sol\u00e1thra\u00edonn Leatai leabhair n\u00f3ta\u00ed agus plean\u00e1laithe saincheaptha do bhranda\u00ed agus d\u00e1ileoir\u00ed ar fud an domhain.\",\"publisher\":{\"@id\":\"https:\/\/leatai.com\/ga\/#organization\"},\"potentialAction\":[{\"@type\":\"SearchAction\",\"target\":{\"@type\":\"EntryPoint\",\"urlTemplate\":\"https:\/\/leatai.com\/ga\/?s={search_term_string}\"},\"query-input\":{\"@type\":\"PropertyValueSpecification\",\"valueRequired\":true,\"valueName\":\"search_term_string\"}}],\"inLanguage\":\"ga-IE\"},{\"@type\":\"Organization\",\"@id\":\"https:\/\/leatai.com\/ga\/#organization\",\"name\":\"Leatai Diary, customized journal and business organizer\",\"url\":\"https:\/\/leatai.com\/ga\/\",\"logo\":{\"@type\":\"ImageObject\",\"inLanguage\":\"ga-IE\",\"@id\":\"https:\/\/leatai.com\/ga\/#\/schema\/logo\/image\/\",\"url\":\"https:\/\/leatai.com\/wp-content\/uploads\/logo-blue.png\",\"contentUrl\":\"https:\/\/leatai.com\/wp-content\/uploads\/logo-blue.png\",\"width\":230,\"height\":60,\"caption\":\"Leatai Diary, customized journal and business organizer\"},\"image\":{\"@id\":\"https:\/\/leatai.com\/ga\/#\/schema\/logo\/image\/\"},\"telephone\":\"+886-2-8227-8800\",\"legalName\":\"Leatai Stationary Co., Ltd.\",\"description\":\"A leading notebook factory in Taiwan offering bespoke branding, high-quality binding, and premium paper selections for corporate gifts and stationery wholesale.\",\"address\":{\"@type\":\"PostalAddress\",\"streetAddress\":\"11F., No. 168, Jiankang Rd.\",\"addressLocality\":\"Zhonghe Dist.\",\"addressRegion\":\"New Taipei City\",\"postalCode\":\"235\",\"addressCountry\":\"TW\"},\"contactPoint\":{\"@type\":\"ContactPoint\",\"telephone\":\"+886-2-8227-8800\",\"contactType\":\"sales\",\"areaServed\":\"Worldwide\",\"availableLanguage\":[\"zh-TW\",\"en\"]}}]}<\/script>\n<!-- \/ Yoast SEO plugin. -->","yoast_head_json":{"title":"Pr\u00f3ise\u00e1il priont\u00e1la seachfhoinsithe - Is f\u00e9idir priont\u00e1il a dh\u00e9anamh i bhform\u00e1id\u00ed l\u00e1noscailte, l\u00e1n-kiku, agus kiku comhoiri\u00fanaithe.- Leatai \u2013 Monar\u00f3ir Leabhair N\u00f3ta\u00ed Saincheaptha","description":"M\u00edreanna pr\u00f3ise\u00e1la seachfhoinsithe: Priont\u00e1il Cur s\u00edos ar an \u00e1bhar: Tagra\u00edonn an pr\u00f3iseas priont\u00e1la simpl\u00ed do phriont\u00e1il d\u00faigh ar bhileoga m\u00f3ra p\u00e1ip\u00e9ir de mh\u00e9ideanna \u00e9ags\u00fala ar mheais\u00edn\u00ed priont\u00e1la m\u00f3ra. Tar \u00e9is na bileoga m\u00f3ra a bheith priont\u00e1ilte, leanann an pr\u00f3iseas ar aghaidh chuig an gc\u00e9im ceangailte. T\u00e1 go leor mionsonra\u00ed agus point\u00ed teicni\u00fala sa phriont\u00e1il ar g\u00e1 aird a thabhairt orthu.","robots":{"index":"index","follow":"follow","max-snippet":"max-snippet:-1","max-image-preview":"max-image-preview:large","max-video-preview":"max-video-preview:-1"},"canonical":"https:\/\/leatai.com\/ga\/product\/deantusaiocht-eile\/proiseail-priontala-seachfhoinsithe\/","og_locale":"ga_IE","og_type":"article","og_title":"Pr\u00f3ise\u00e1il priont\u00e1la seachfhoinsithe - Is f\u00e9idir priont\u00e1il a dh\u00e9anamh i bhform\u00e1id\u00ed l\u00e1noscailte, l\u00e1n-kiku, agus kiku comhoiri\u00fanaithe.- Leatai \u2013 Monar\u00f3ir Leabhair N\u00f3ta\u00ed Saincheaptha","og_description":"M\u00edreanna pr\u00f3ise\u00e1la seachfhoinsithe: Priont\u00e1il Cur s\u00edos ar an \u00e1bhar: Tagra\u00edonn an pr\u00f3iseas priont\u00e1la simpl\u00ed do phriont\u00e1il d\u00faigh ar bhileoga m\u00f3ra p\u00e1ip\u00e9ir de mh\u00e9ideanna \u00e9ags\u00fala ar mheais\u00edn\u00ed priont\u00e1la m\u00f3ra. Tar \u00e9is na bileoga m\u00f3ra a bheith priont\u00e1ilte, leanann an pr\u00f3iseas ar aghaidh chuig an gc\u00e9im ceangailte. T\u00e1 go leor mionsonra\u00ed agus point\u00ed teicni\u00fala sa phriont\u00e1il ar g\u00e1 aird a thabhairt orthu.","og_url":"https:\/\/leatai.com\/ga\/product\/deantusaiocht-eile\/proiseail-priontala-seachfhoinsithe\/","og_site_name":"Leatai \u2013 Monar\u00f3ir Leabhair N\u00f3ta\u00ed Saincheaptha","article_modified_time":"2026-01-26T09:59:03+00:00","og_image":[{"width":1000,"height":668,"url":"https:\/\/leatai.com\/wp-content\/uploads\/2016_01_20_1512120.jpg","type":"image\/jpeg"}],"twitter_card":"summary_large_image","twitter_misc":{"Est. reading time":"1 minute"},"schema":{"@context":"https:\/\/schema.org","@graph":[{"@type":"WebPage","@id":"https:\/\/leatai.com\/ga\/product\/deantusaiocht-eile\/proiseail-priontala-seachfhoinsithe\/","url":"https:\/\/leatai.com\/ga\/product\/deantusaiocht-eile\/proiseail-priontala-seachfhoinsithe\/","name":"Pr\u00f3ise\u00e1il priont\u00e1la seachfhoinsithe - Is f\u00e9idir priont\u00e1il a dh\u00e9anamh i bhform\u00e1id\u00ed l\u00e1noscailte, l\u00e1n-kiku, agus kiku comhoiri\u00fanaithe.- Leatai \u2013 Monar\u00f3ir Leabhair N\u00f3ta\u00ed Saincheaptha","isPartOf":{"@id":"https:\/\/leatai.com\/ga\/#website"},"primaryImageOfPage":{"@id":"https:\/\/leatai.com\/ga\/product\/deantusaiocht-eile\/proiseail-priontala-seachfhoinsithe\/#primaryimage"},"image":{"@id":"https:\/\/leatai.com\/ga\/product\/deantusaiocht-eile\/proiseail-priontala-seachfhoinsithe\/#primaryimage"},"thumbnailUrl":"https:\/\/leatai.com\/wp-content\/uploads\/2016_01_20_1512120.jpg","datePublished":"2021-06-24T05:21:40+00:00","dateModified":"2026-01-26T09:59:03+00:00","description":"M\u00edreanna pr\u00f3ise\u00e1la seachfhoinsithe: Priont\u00e1il Cur s\u00edos ar an \u00e1bhar: Tagra\u00edonn an pr\u00f3iseas priont\u00e1la simpl\u00ed do phriont\u00e1il d\u00faigh ar bhileoga m\u00f3ra p\u00e1ip\u00e9ir de mh\u00e9ideanna \u00e9ags\u00fala ar mheais\u00edn\u00ed priont\u00e1la m\u00f3ra. Tar \u00e9is na bileoga m\u00f3ra a bheith priont\u00e1ilte, leanann an pr\u00f3iseas ar aghaidh chuig an gc\u00e9im ceangailte. T\u00e1 go leor mionsonra\u00ed agus point\u00ed teicni\u00fala sa phriont\u00e1il ar g\u00e1 aird a thabhairt orthu.","breadcrumb":{"@id":"https:\/\/leatai.com\/ga\/product\/deantusaiocht-eile\/proiseail-priontala-seachfhoinsithe\/#breadcrumb"},"inLanguage":"ga-IE","potentialAction":[{"@type":"ReadAction","target":["https:\/\/leatai.com\/ga\/product\/deantusaiocht-eile\/proiseail-priontala-seachfhoinsithe\/"]}]},{"@type":"ImageObject","inLanguage":"ga-IE","@id":"https:\/\/leatai.com\/ga\/product\/deantusaiocht-eile\/proiseail-priontala-seachfhoinsithe\/#primaryimage","url":"https:\/\/leatai.com\/wp-content\/uploads\/2016_01_20_1512120.jpg","contentUrl":"https:\/\/leatai.com\/wp-content\/uploads\/2016_01_20_1512120.jpg","width":1000,"height":668,"caption":"Pr\u00f3ise\u00e1il priont\u00e1la seachfhoinsithe"},{"@type":"BreadcrumbList","@id":"https:\/\/leatai.com\/ga\/product\/deantusaiocht-eile\/proiseail-priontala-seachfhoinsithe\/#breadcrumb","itemListElement":[{"@type":"ListItem","position":1,"name":"Home","item":"https:\/\/leatai.com\/ga\/"},{"@type":"ListItem","position":2,"name":"Cur i l\u00e1thair T\u00e1irg\u00ed","item":"https:\/\/leatai.com\/products\/"},{"@type":"ListItem","position":3,"name":"D\u00e9ant\u00fasa\u00edocht eile","item":"https:\/\/leatai.com\/ga\/product-category\/deantusaiocht-eile\/"},{"@type":"ListItem","position":4,"name":"Pr\u00f3ise\u00e1il priont\u00e1la seachfhoinsithe"}]},{"@type":"WebSite","@id":"https:\/\/leatai.com\/ga\/#website","url":"https:\/\/leatai.com\/ga\/","name":"Leatai \u2013 Monar\u00f3ir Leabhair N\u00f3ta\u00ed Saincheaptha","description":"Sol\u00e1thra\u00edonn Leatai leabhair n\u00f3ta\u00ed agus plean\u00e1laithe saincheaptha do bhranda\u00ed agus d\u00e1ileoir\u00ed ar fud an domhain.","publisher":{"@id":"https:\/\/leatai.com\/ga\/#organization"},"potentialAction":[{"@type":"SearchAction","target":{"@type":"EntryPoint","urlTemplate":"https:\/\/leatai.com\/ga\/?s={search_term_string}"},"query-input":{"@type":"PropertyValueSpecification","valueRequired":true,"valueName":"search_term_string"}}],"inLanguage":"ga-IE"},{"@type":"Organization","@id":"https:\/\/leatai.com\/ga\/#organization","name":"Leatai Diary, customized journal and business organizer","url":"https:\/\/leatai.com\/ga\/","logo":{"@type":"ImageObject","inLanguage":"ga-IE","@id":"https:\/\/leatai.com\/ga\/#\/schema\/logo\/image\/","url":"https:\/\/leatai.com\/wp-content\/uploads\/logo-blue.png","contentUrl":"https:\/\/leatai.com\/wp-content\/uploads\/logo-blue.png","width":230,"height":60,"caption":"Leatai Diary, customized journal and business organizer"},"image":{"@id":"https:\/\/leatai.com\/ga\/#\/schema\/logo\/image\/"},"telephone":"+886-2-8227-8800","legalName":"Leatai Stationary Co., Ltd.","description":"A leading notebook factory in Taiwan offering bespoke branding, high-quality binding, and premium paper selections for corporate gifts and stationery wholesale.","address":{"@type":"PostalAddress","streetAddress":"11F., No. 168, Jiankang Rd.","addressLocality":"Zhonghe Dist.","addressRegion":"New Taipei City","postalCode":"235","addressCountry":"TW"},"contactPoint":{"@type":"ContactPoint","telephone":"+886-2-8227-8800","contactType":"sales","areaServed":"Worldwide","availableLanguage":["zh-TW","en"]}}]}},"_links":{"self":[{"href":"https:\/\/leatai.com\/ga\/wp-json\/wp\/v2\/product\/265117","targetHints":{"allow":["GET"]}}],"collection":[{"href":"https:\/\/leatai.com\/ga\/wp-json\/wp\/v2\/product"}],"about":[{"href":"https:\/\/leatai.com\/ga\/wp-json\/wp\/v2\/types\/product"}],"wp:featuredmedia":[{"embeddable":true,"href":"https:\/\/leatai.com\/ga\/wp-json\/wp\/v2\/media\/265118"}],"wp:attachment":[{"href":"https:\/\/leatai.com\/ga\/wp-json\/wp\/v2\/media?parent=265117"}],"wp:term":[{"taxonomy":"product_brand","embeddable":true,"href":"https:\/\/leatai.com\/ga\/wp-json\/wp\/v2\/product_brand?post=265117"},{"taxonomy":"product_cat","embeddable":true,"href":"https:\/\/leatai.com\/ga\/wp-json\/wp\/v2\/product_cat?post=265117"},{"taxonomy":"product_tag","embeddable":true,"href":"https:\/\/leatai.com\/ga\/wp-json\/wp\/v2\/product_tag?post=265117"},{"taxonomy":"home_works","embeddable":true,"href":"https:\/\/leatai.com\/ga\/wp-json\/wp\/v2\/home_works?post=265117"}],"curies":[{"name":"wp","href":"https:\/\/api.w.org\/{rel}","templated":true}]}}