{"id":265099,"date":"2021-06-24T13:22:00","date_gmt":"2021-06-24T05:22:00","guid":{"rendered":"https:\/\/leatai.com\/product\/uncategorized\/proiseail-imeall-ola-seachfhoinsithe\/"},"modified":"2026-01-26T17:58:16","modified_gmt":"2026-01-26T09:58:16","slug":"proiseail-imeall-ola-seachfhoinsithe","status":"publish","type":"product","link":"https:\/\/leatai.com\/ga\/product\/deantusaiocht-eile\/proiseail-imeall-ola-seachfhoinsithe\/","title":{"rendered":"Pr\u00f3ise\u00e1il imeall ola seachfhoinsithe"},"content":{"rendered":"<p>M\u00edreanna pr\u00f3ise\u00e1la seachfhoinsithe: Ola imeall<br \/>\nCur s\u00edos ar an \u00e1bhar: I bpr\u00f3iseas d\u00e9ant\u00fasa\u00edochta earra\u00ed leathair, is c\u00e9im \u00ed an ola imeall a chuireann scil chearda\u00edochta an-ard faoi th\u00e1st\u00e1il. De bharr strucht\u00far an phatr\u00fain, is beagnach dodh\u00e9anta \u00ed a dh\u00e9anamh ach amh\u00e1in de l\u00e1imh. I r\u00e9 na faisn\u00e9ise forbartha go tapa, t\u00e1 caomhn\u00fa na cearda\u00edochta seo n\u00edos luachmhaire f\u00f3s.<\/p>\n","protected":false},"excerpt":{"rendered":"<p>Pr\u00f3ise\u00e1il imeall ola seachfhoinsithe<\/p>\n","protected":false},"featured_media":265100,"template":"","meta":{"_acf_changed":false},"product_brand":[],"product_cat":[1155],"product_tag":[],"home_works":[],"class_list":{"0":"post-265099","1":"product","2":"type-product","3":"status-publish","4":"has-post-thumbnail","6":"product_cat-deantusaiocht-eile","8":"first","9":"instock","10":"sold-individually","11":"shipping-taxable","12":"purchasable","13":"product-type-variable","14":"has-default-attributes"},"acf":[],"yoast_head":"<!-- This site is optimized with the Yoast SEO plugin v27.2 - https:\/\/yoast.com\/product\/yoast-seo-wordpress\/ -->\n<title>Pr\u00f3ise\u00e1il imeall ola seachfhoinsithe - Ceird luachmhar a dh\u00e9antar go hioml\u00e1n de l\u00e1imh. - Leatai \u2013 Monar\u00f3ir Leabhair N\u00f3ta\u00ed Saincheaptha<\/title>\n<meta name=\"description\" content=\"M\u00edreanna pr\u00f3ise\u00e1la seachfhoinsithe: Ola imeall Cur s\u00edos ar an \u00e1bhar: I bpr\u00f3iseas d\u00e9ant\u00fasa\u00edochta earra\u00ed leathair, is c\u00e9im \u00ed an ola imeall a chuireann scileanna cearda\u00edochta faoi th\u00e1st\u00e1il mh\u00f3r. De bharr an dearaidh strucht\u00faraigh, is beagnach i gc\u00f3na\u00ed gur obair l\u00e1imhe \u00edon at\u00e1 i gceist. Sa l\u00e1 at\u00e1 inniu ann, agus an fhaisn\u00e9is chomh forbartha sin, is m\u00f3 f\u00f3s an luach a bhaineann le caomhn\u00fa na ceirde seo.\" \/>\n<meta name=\"robots\" content=\"index, follow, max-snippet:-1, max-image-preview:large, max-video-preview:-1\" \/>\n<link rel=\"canonical\" href=\"https:\/\/leatai.com\/ga\/product\/deantusaiocht-eile\/proiseail-imeall-ola-seachfhoinsithe\/\" \/>\n<meta property=\"og:locale\" content=\"ga_IE\" \/>\n<meta property=\"og:type\" content=\"article\" \/>\n<meta property=\"og:title\" content=\"Pr\u00f3ise\u00e1il imeall ola seachfhoinsithe - Ceird luachmhar a dh\u00e9antar go hioml\u00e1n de l\u00e1imh. - Leatai \u2013 Monar\u00f3ir Leabhair N\u00f3ta\u00ed Saincheaptha\" \/>\n<meta property=\"og:description\" content=\"M\u00edreanna pr\u00f3ise\u00e1la seachfhoinsithe: Ola imeall Cur s\u00edos ar an \u00e1bhar: I bpr\u00f3iseas d\u00e9ant\u00fasa\u00edochta earra\u00ed leathair, is c\u00e9im \u00ed an ola imeall a chuireann scileanna cearda\u00edochta faoi th\u00e1st\u00e1il mh\u00f3r. De bharr an dearaidh strucht\u00faraigh, is beagnach i gc\u00f3na\u00ed gur obair l\u00e1imhe \u00edon at\u00e1 i gceist. Sa l\u00e1 at\u00e1 inniu ann, agus an fhaisn\u00e9is chomh forbartha sin, is m\u00f3 f\u00f3s an luach a bhaineann le caomhn\u00fa na ceirde seo.\" \/>\n<meta property=\"og:url\" content=\"https:\/\/leatai.com\/ga\/product\/deantusaiocht-eile\/proiseail-imeall-ola-seachfhoinsithe\/\" \/>\n<meta property=\"og:site_name\" content=\"Leatai \u2013 Monar\u00f3ir Leabhair N\u00f3ta\u00ed Saincheaptha\" \/>\n<meta property=\"article:modified_time\" content=\"2026-01-26T09:58:16+00:00\" \/>\n<meta property=\"og:image\" content=\"https:\/\/leatai.com\/wp-content\/uploads\/2016_01_20_1510510.jpg\" \/>\n\t<meta property=\"og:image:width\" content=\"1000\" \/>\n\t<meta property=\"og:image:height\" content=\"750\" \/>\n\t<meta property=\"og:image:type\" content=\"image\/jpeg\" \/>\n<meta name=\"twitter:card\" content=\"summary_large_image\" \/>\n<meta name=\"twitter:label1\" content=\"Est. reading time\" \/>\n\t<meta name=\"twitter:data1\" content=\"1 minute\" \/>\n<script type=\"application\/ld+json\" class=\"yoast-schema-graph\">{\"@context\":\"https:\/\/schema.org\",\"@graph\":[{\"@type\":\"WebPage\",\"@id\":\"https:\/\/leatai.com\/ga\/product\/deantusaiocht-eile\/proiseail-imeall-ola-seachfhoinsithe\/\",\"url\":\"https:\/\/leatai.com\/ga\/product\/deantusaiocht-eile\/proiseail-imeall-ola-seachfhoinsithe\/\",\"name\":\"Pr\u00f3ise\u00e1il imeall ola seachfhoinsithe - Ceird luachmhar a dh\u00e9antar go hioml\u00e1n de l\u00e1imh. - Leatai \u2013 Monar\u00f3ir Leabhair N\u00f3ta\u00ed Saincheaptha\",\"isPartOf\":{\"@id\":\"https:\/\/leatai.com\/ga\/#website\"},\"primaryImageOfPage\":{\"@id\":\"https:\/\/leatai.com\/ga\/product\/deantusaiocht-eile\/proiseail-imeall-ola-seachfhoinsithe\/#primaryimage\"},\"image\":{\"@id\":\"https:\/\/leatai.com\/ga\/product\/deantusaiocht-eile\/proiseail-imeall-ola-seachfhoinsithe\/#primaryimage\"},\"thumbnailUrl\":\"https:\/\/leatai.com\/wp-content\/uploads\/2016_01_20_1510510.jpg\",\"datePublished\":\"2021-06-24T05:22:00+00:00\",\"dateModified\":\"2026-01-26T09:58:16+00:00\",\"description\":\"M\u00edreanna pr\u00f3ise\u00e1la seachfhoinsithe: Ola imeall Cur s\u00edos ar an \u00e1bhar: I bpr\u00f3iseas d\u00e9ant\u00fasa\u00edochta earra\u00ed leathair, is c\u00e9im \u00ed an ola imeall a chuireann scileanna cearda\u00edochta faoi th\u00e1st\u00e1il mh\u00f3r. De bharr an dearaidh strucht\u00faraigh, is beagnach i gc\u00f3na\u00ed gur obair l\u00e1imhe \u00edon at\u00e1 i gceist. Sa l\u00e1 at\u00e1 inniu ann, agus an fhaisn\u00e9is chomh forbartha sin, is m\u00f3 f\u00f3s an luach a bhaineann le caomhn\u00fa na ceirde seo.\",\"breadcrumb\":{\"@id\":\"https:\/\/leatai.com\/ga\/product\/deantusaiocht-eile\/proiseail-imeall-ola-seachfhoinsithe\/#breadcrumb\"},\"inLanguage\":\"ga-IE\",\"potentialAction\":[{\"@type\":\"ReadAction\",\"target\":[\"https:\/\/leatai.com\/ga\/product\/deantusaiocht-eile\/proiseail-imeall-ola-seachfhoinsithe\/\"]}]},{\"@type\":\"ImageObject\",\"inLanguage\":\"ga-IE\",\"@id\":\"https:\/\/leatai.com\/ga\/product\/deantusaiocht-eile\/proiseail-imeall-ola-seachfhoinsithe\/#primaryimage\",\"url\":\"https:\/\/leatai.com\/wp-content\/uploads\/2016_01_20_1510510.jpg\",\"contentUrl\":\"https:\/\/leatai.com\/wp-content\/uploads\/2016_01_20_1510510.jpg\",\"width\":1000,\"height\":750,\"caption\":\"Pr\u00f3ise\u00e1il imeall ola seachfhoinsithe\"},{\"@type\":\"BreadcrumbList\",\"@id\":\"https:\/\/leatai.com\/ga\/product\/deantusaiocht-eile\/proiseail-imeall-ola-seachfhoinsithe\/#breadcrumb\",\"itemListElement\":[{\"@type\":\"ListItem\",\"position\":1,\"name\":\"Home\",\"item\":\"https:\/\/leatai.com\/ga\/\"},{\"@type\":\"ListItem\",\"position\":2,\"name\":\"Cur i l\u00e1thair T\u00e1irg\u00ed\",\"item\":\"https:\/\/leatai.com\/products\/\"},{\"@type\":\"ListItem\",\"position\":3,\"name\":\"D\u00e9ant\u00fasa\u00edocht eile\",\"item\":\"https:\/\/leatai.com\/ga\/product-category\/deantusaiocht-eile\/\"},{\"@type\":\"ListItem\",\"position\":4,\"name\":\"Pr\u00f3ise\u00e1il imeall ola seachfhoinsithe\"}]},{\"@type\":\"WebSite\",\"@id\":\"https:\/\/leatai.com\/ga\/#website\",\"url\":\"https:\/\/leatai.com\/ga\/\",\"name\":\"Leatai \u2013 Monar\u00f3ir Leabhair N\u00f3ta\u00ed Saincheaptha\",\"description\":\"Sol\u00e1thra\u00edonn Leatai leabhair n\u00f3ta\u00ed agus plean\u00e1laithe saincheaptha do bhranda\u00ed agus d\u00e1ileoir\u00ed ar fud an domhain.\",\"publisher\":{\"@id\":\"https:\/\/leatai.com\/ga\/#organization\"},\"potentialAction\":[{\"@type\":\"SearchAction\",\"target\":{\"@type\":\"EntryPoint\",\"urlTemplate\":\"https:\/\/leatai.com\/ga\/?s={search_term_string}\"},\"query-input\":{\"@type\":\"PropertyValueSpecification\",\"valueRequired\":true,\"valueName\":\"search_term_string\"}}],\"inLanguage\":\"ga-IE\"},{\"@type\":\"Organization\",\"@id\":\"https:\/\/leatai.com\/ga\/#organization\",\"name\":\"Leatai Diary, customized journal and business organizer\",\"url\":\"https:\/\/leatai.com\/ga\/\",\"logo\":{\"@type\":\"ImageObject\",\"inLanguage\":\"ga-IE\",\"@id\":\"https:\/\/leatai.com\/ga\/#\/schema\/logo\/image\/\",\"url\":\"https:\/\/leatai.com\/wp-content\/uploads\/logo-blue.png\",\"contentUrl\":\"https:\/\/leatai.com\/wp-content\/uploads\/logo-blue.png\",\"width\":230,\"height\":60,\"caption\":\"Leatai Diary, customized journal and business organizer\"},\"image\":{\"@id\":\"https:\/\/leatai.com\/ga\/#\/schema\/logo\/image\/\"},\"telephone\":\"+886-2-8227-8800\",\"legalName\":\"Leatai Stationary Co., Ltd.\",\"description\":\"A leading notebook factory in Taiwan offering bespoke branding, high-quality binding, and premium paper selections for corporate gifts and stationery wholesale.\",\"address\":{\"@type\":\"PostalAddress\",\"streetAddress\":\"11F., No. 168, Jiankang Rd.\",\"addressLocality\":\"Zhonghe Dist.\",\"addressRegion\":\"New Taipei City\",\"postalCode\":\"235\",\"addressCountry\":\"TW\"},\"contactPoint\":{\"@type\":\"ContactPoint\",\"telephone\":\"+886-2-8227-8800\",\"contactType\":\"sales\",\"areaServed\":\"Worldwide\",\"availableLanguage\":[\"zh-TW\",\"en\"]}}]}<\/script>\n<!-- \/ Yoast SEO plugin. -->","yoast_head_json":{"title":"Pr\u00f3ise\u00e1il imeall ola seachfhoinsithe - Ceird luachmhar a dh\u00e9antar go hioml\u00e1n de l\u00e1imh. - Leatai \u2013 Monar\u00f3ir Leabhair N\u00f3ta\u00ed Saincheaptha","description":"M\u00edreanna pr\u00f3ise\u00e1la seachfhoinsithe: Ola imeall Cur s\u00edos ar an \u00e1bhar: I bpr\u00f3iseas d\u00e9ant\u00fasa\u00edochta earra\u00ed leathair, is c\u00e9im \u00ed an ola imeall a chuireann scileanna cearda\u00edochta faoi th\u00e1st\u00e1il mh\u00f3r. De bharr an dearaidh strucht\u00faraigh, is beagnach i gc\u00f3na\u00ed gur obair l\u00e1imhe \u00edon at\u00e1 i gceist. Sa l\u00e1 at\u00e1 inniu ann, agus an fhaisn\u00e9is chomh forbartha sin, is m\u00f3 f\u00f3s an luach a bhaineann le caomhn\u00fa na ceirde seo.","robots":{"index":"index","follow":"follow","max-snippet":"max-snippet:-1","max-image-preview":"max-image-preview:large","max-video-preview":"max-video-preview:-1"},"canonical":"https:\/\/leatai.com\/ga\/product\/deantusaiocht-eile\/proiseail-imeall-ola-seachfhoinsithe\/","og_locale":"ga_IE","og_type":"article","og_title":"Pr\u00f3ise\u00e1il imeall ola seachfhoinsithe - Ceird luachmhar a dh\u00e9antar go hioml\u00e1n de l\u00e1imh. - Leatai \u2013 Monar\u00f3ir Leabhair N\u00f3ta\u00ed Saincheaptha","og_description":"M\u00edreanna pr\u00f3ise\u00e1la seachfhoinsithe: Ola imeall Cur s\u00edos ar an \u00e1bhar: I bpr\u00f3iseas d\u00e9ant\u00fasa\u00edochta earra\u00ed leathair, is c\u00e9im \u00ed an ola imeall a chuireann scileanna cearda\u00edochta faoi th\u00e1st\u00e1il mh\u00f3r. De bharr an dearaidh strucht\u00faraigh, is beagnach i gc\u00f3na\u00ed gur obair l\u00e1imhe \u00edon at\u00e1 i gceist. Sa l\u00e1 at\u00e1 inniu ann, agus an fhaisn\u00e9is chomh forbartha sin, is m\u00f3 f\u00f3s an luach a bhaineann le caomhn\u00fa na ceirde seo.","og_url":"https:\/\/leatai.com\/ga\/product\/deantusaiocht-eile\/proiseail-imeall-ola-seachfhoinsithe\/","og_site_name":"Leatai \u2013 Monar\u00f3ir Leabhair N\u00f3ta\u00ed Saincheaptha","article_modified_time":"2026-01-26T09:58:16+00:00","og_image":[{"width":1000,"height":750,"url":"https:\/\/leatai.com\/wp-content\/uploads\/2016_01_20_1510510.jpg","type":"image\/jpeg"}],"twitter_card":"summary_large_image","twitter_misc":{"Est. reading time":"1 minute"},"schema":{"@context":"https:\/\/schema.org","@graph":[{"@type":"WebPage","@id":"https:\/\/leatai.com\/ga\/product\/deantusaiocht-eile\/proiseail-imeall-ola-seachfhoinsithe\/","url":"https:\/\/leatai.com\/ga\/product\/deantusaiocht-eile\/proiseail-imeall-ola-seachfhoinsithe\/","name":"Pr\u00f3ise\u00e1il imeall ola seachfhoinsithe - Ceird luachmhar a dh\u00e9antar go hioml\u00e1n de l\u00e1imh. - Leatai \u2013 Monar\u00f3ir Leabhair N\u00f3ta\u00ed Saincheaptha","isPartOf":{"@id":"https:\/\/leatai.com\/ga\/#website"},"primaryImageOfPage":{"@id":"https:\/\/leatai.com\/ga\/product\/deantusaiocht-eile\/proiseail-imeall-ola-seachfhoinsithe\/#primaryimage"},"image":{"@id":"https:\/\/leatai.com\/ga\/product\/deantusaiocht-eile\/proiseail-imeall-ola-seachfhoinsithe\/#primaryimage"},"thumbnailUrl":"https:\/\/leatai.com\/wp-content\/uploads\/2016_01_20_1510510.jpg","datePublished":"2021-06-24T05:22:00+00:00","dateModified":"2026-01-26T09:58:16+00:00","description":"M\u00edreanna pr\u00f3ise\u00e1la seachfhoinsithe: Ola imeall Cur s\u00edos ar an \u00e1bhar: I bpr\u00f3iseas d\u00e9ant\u00fasa\u00edochta earra\u00ed leathair, is c\u00e9im \u00ed an ola imeall a chuireann scileanna cearda\u00edochta faoi th\u00e1st\u00e1il mh\u00f3r. De bharr an dearaidh strucht\u00faraigh, is beagnach i gc\u00f3na\u00ed gur obair l\u00e1imhe \u00edon at\u00e1 i gceist. Sa l\u00e1 at\u00e1 inniu ann, agus an fhaisn\u00e9is chomh forbartha sin, is m\u00f3 f\u00f3s an luach a bhaineann le caomhn\u00fa na ceirde seo.","breadcrumb":{"@id":"https:\/\/leatai.com\/ga\/product\/deantusaiocht-eile\/proiseail-imeall-ola-seachfhoinsithe\/#breadcrumb"},"inLanguage":"ga-IE","potentialAction":[{"@type":"ReadAction","target":["https:\/\/leatai.com\/ga\/product\/deantusaiocht-eile\/proiseail-imeall-ola-seachfhoinsithe\/"]}]},{"@type":"ImageObject","inLanguage":"ga-IE","@id":"https:\/\/leatai.com\/ga\/product\/deantusaiocht-eile\/proiseail-imeall-ola-seachfhoinsithe\/#primaryimage","url":"https:\/\/leatai.com\/wp-content\/uploads\/2016_01_20_1510510.jpg","contentUrl":"https:\/\/leatai.com\/wp-content\/uploads\/2016_01_20_1510510.jpg","width":1000,"height":750,"caption":"Pr\u00f3ise\u00e1il imeall ola seachfhoinsithe"},{"@type":"BreadcrumbList","@id":"https:\/\/leatai.com\/ga\/product\/deantusaiocht-eile\/proiseail-imeall-ola-seachfhoinsithe\/#breadcrumb","itemListElement":[{"@type":"ListItem","position":1,"name":"Home","item":"https:\/\/leatai.com\/ga\/"},{"@type":"ListItem","position":2,"name":"Cur i l\u00e1thair T\u00e1irg\u00ed","item":"https:\/\/leatai.com\/products\/"},{"@type":"ListItem","position":3,"name":"D\u00e9ant\u00fasa\u00edocht eile","item":"https:\/\/leatai.com\/ga\/product-category\/deantusaiocht-eile\/"},{"@type":"ListItem","position":4,"name":"Pr\u00f3ise\u00e1il imeall ola seachfhoinsithe"}]},{"@type":"WebSite","@id":"https:\/\/leatai.com\/ga\/#website","url":"https:\/\/leatai.com\/ga\/","name":"Leatai \u2013 Monar\u00f3ir Leabhair N\u00f3ta\u00ed Saincheaptha","description":"Sol\u00e1thra\u00edonn Leatai leabhair n\u00f3ta\u00ed agus plean\u00e1laithe saincheaptha do bhranda\u00ed agus d\u00e1ileoir\u00ed ar fud an domhain.","publisher":{"@id":"https:\/\/leatai.com\/ga\/#organization"},"potentialAction":[{"@type":"SearchAction","target":{"@type":"EntryPoint","urlTemplate":"https:\/\/leatai.com\/ga\/?s={search_term_string}"},"query-input":{"@type":"PropertyValueSpecification","valueRequired":true,"valueName":"search_term_string"}}],"inLanguage":"ga-IE"},{"@type":"Organization","@id":"https:\/\/leatai.com\/ga\/#organization","name":"Leatai Diary, customized journal and business organizer","url":"https:\/\/leatai.com\/ga\/","logo":{"@type":"ImageObject","inLanguage":"ga-IE","@id":"https:\/\/leatai.com\/ga\/#\/schema\/logo\/image\/","url":"https:\/\/leatai.com\/wp-content\/uploads\/logo-blue.png","contentUrl":"https:\/\/leatai.com\/wp-content\/uploads\/logo-blue.png","width":230,"height":60,"caption":"Leatai Diary, customized journal and business organizer"},"image":{"@id":"https:\/\/leatai.com\/ga\/#\/schema\/logo\/image\/"},"telephone":"+886-2-8227-8800","legalName":"Leatai Stationary Co., Ltd.","description":"A leading notebook factory in Taiwan offering bespoke branding, high-quality binding, and premium paper selections for corporate gifts and stationery wholesale.","address":{"@type":"PostalAddress","streetAddress":"11F., No. 168, Jiankang Rd.","addressLocality":"Zhonghe Dist.","addressRegion":"New Taipei City","postalCode":"235","addressCountry":"TW"},"contactPoint":{"@type":"ContactPoint","telephone":"+886-2-8227-8800","contactType":"sales","areaServed":"Worldwide","availableLanguage":["zh-TW","en"]}}]}},"_links":{"self":[{"href":"https:\/\/leatai.com\/ga\/wp-json\/wp\/v2\/product\/265099","targetHints":{"allow":["GET"]}}],"collection":[{"href":"https:\/\/leatai.com\/ga\/wp-json\/wp\/v2\/product"}],"about":[{"href":"https:\/\/leatai.com\/ga\/wp-json\/wp\/v2\/types\/product"}],"wp:featuredmedia":[{"embeddable":true,"href":"https:\/\/leatai.com\/ga\/wp-json\/wp\/v2\/media\/265100"}],"wp:attachment":[{"href":"https:\/\/leatai.com\/ga\/wp-json\/wp\/v2\/media?parent=265099"}],"wp:term":[{"taxonomy":"product_brand","embeddable":true,"href":"https:\/\/leatai.com\/ga\/wp-json\/wp\/v2\/product_brand?post=265099"},{"taxonomy":"product_cat","embeddable":true,"href":"https:\/\/leatai.com\/ga\/wp-json\/wp\/v2\/product_cat?post=265099"},{"taxonomy":"product_tag","embeddable":true,"href":"https:\/\/leatai.com\/ga\/wp-json\/wp\/v2\/product_tag?post=265099"},{"taxonomy":"home_works","embeddable":true,"href":"https:\/\/leatai.com\/ga\/wp-json\/wp\/v2\/home_works?post=265099"}],"curies":[{"name":"wp","href":"https:\/\/api.w.org\/{rel}","templated":true}]}}