{"id":265089,"date":"2021-06-24T13:22:22","date_gmt":"2021-06-24T05:22:22","guid":{"rendered":"https:\/\/leatai.com\/product\/uncategorized\/fuail-mheicniuil-seachfhoinsithe\/"},"modified":"2026-01-26T17:57:43","modified_gmt":"2026-01-26T09:57:43","slug":"fuail-mheicniuil-seachfhoinsithe","status":"publish","type":"product","link":"https:\/\/leatai.com\/ga\/product\/deantusaiocht-eile\/fuail-mheicniuil-seachfhoinsithe\/","title":{"rendered":"Fu\u00e1il mheicni\u00fail seachfhoinsithe"},"content":{"rendered":"<p>M\u00edreanna pr\u00f3ise\u00e1la seachfhoinsithe: Fu\u00e1il mheicni\u00fail<br \/>\nCur s\u00edos ar an \u00e1bhar: I bpr\u00f3iseas d\u00e9ant\u00fasa\u00edochta dialann ghn\u00f3, is c\u00e9im \u00ed an fhu\u00e1il mheicni\u00fail a nd\u00e9antar faill\u00ed inti go minic, agus b\u00edonn an chuid is m\u00f3 de na monar\u00f3ir\u00ed ag brath ar fhoinsi\u00fa seachtrach. T\u00e1 trealamh fu\u00e1la ag Leatai at\u00e1 in ann \u00e1bhair thiubha a l\u00e1imhse\u00e1il; is f\u00e9idir t\u00e1irg\u00ed leathair f\u00edor a chur i gcr\u00edch \u00f3 dhearadh patr\u00fan agus gearradh \u00e1bhair go dt\u00ed fu\u00e1il, ar bhealach aon-stad.<\/p>\n<p><iframe title=\"Advanced Sewing Techniques\" width=\"800\" height=\"450\" src=\"https:\/\/www.youtube.com\/embed\/xzuFF4DMpJg?feature=oembed&#038;enablejsapi=1&#038;origin=https:\/\/leatai.com\" frameborder=\"0\" allow=\"accelerometer; autoplay; clipboard-write; encrypted-media; gyroscope; picture-in-picture; web-share\" referrerpolicy=\"strict-origin-when-cross-origin\" allowfullscreen><\/iframe><\/p>\n","protected":false},"excerpt":{"rendered":"<p>M\u00edreanna pr\u00f3ise\u00e1la seachfhoinsithe: Fu\u00e1il mheicni\u00fail Cur s\u00edos ar an \u00e1bhar: I bpr\u00f3iseas d\u00e9ant\u00fasa\u00edochta dialann ghn\u00f3, is c\u00e9im \u00ed an fhu\u00e1il mheicni\u00fail a nd\u00e9antar faill\u00ed inti go minic, agus b\u00edonn an chuid is m\u00f3 de na monar\u00f3ir\u00ed ag brath ar fhoinsi\u00fa seachtrach. T\u00e1 trealamh fu\u00e1la ag Leatai at\u00e1 in ann \u00e1bhair thiubha a l\u00e1imhse\u00e1il; is f\u00e9idir [&hellip;]<\/p>\n","protected":false},"featured_media":265090,"template":"","meta":{"_acf_changed":false},"product_brand":[],"product_cat":[1155],"product_tag":[],"home_works":[],"class_list":{"0":"post-265089","1":"product","2":"type-product","3":"status-publish","4":"has-post-thumbnail","6":"product_cat-deantusaiocht-eile","8":"first","9":"outofstock","10":"sold-individually","11":"shipping-taxable","12":"purchasable","13":"product-type-variable","14":"has-default-attributes"},"acf":[],"yoast_head":"<!-- This site is optimized with the Yoast SEO plugin v27.2 - https:\/\/yoast.com\/product\/yoast-seo-wordpress\/ -->\n<title>Fu\u00e1il mheicni\u00fail seachfhoinsithe - N\u00ed g\u00e1 a bheith buartha fi\u00fa faoi leathar f\u00edor tiubh. - Leatai \u2013 Monar\u00f3ir Leabhair N\u00f3ta\u00ed Saincheaptha<\/title>\n<meta name=\"description\" content=\"M\u00edreanna pr\u00f3ise\u00e1la seachfhoinsithe: Fu\u00e1il mheicni\u00fail, Cur s\u00edos ar an \u00e1bhar: I bpr\u00f3iseas d\u00e9ant\u00fasa\u00edochta dialann ghn\u00f3, is c\u00e9im \u00ed an fhu\u00e1il mheicni\u00fail a nd\u00e9antar neamhaird uirthi go minic, agus b\u00edonn an chuid is m\u00f3 de na monar\u00f3ir\u00ed ag brath ar fhoinsi\u00fa seachtrach. T\u00e1 trealamh fu\u00e1la ag Leatai at\u00e1 in ann \u00e1bhair thiubha a fhu\u00e1il; is f\u00e9idir t\u00e1irg\u00ed leathair f\u00edor a chur i gcr\u00edch \u00f3 dh\u00e9anamh patr\u00fan agus gearradh \u00e1bhair go dt\u00ed an fhu\u00e1il, ar bhealach aon-stad.\" \/>\n<meta name=\"robots\" content=\"index, follow, max-snippet:-1, max-image-preview:large, max-video-preview:-1\" \/>\n<link rel=\"canonical\" href=\"https:\/\/leatai.com\/ga\/product\/deantusaiocht-eile\/fuail-mheicniuil-seachfhoinsithe\/\" \/>\n<meta property=\"og:locale\" content=\"ga_IE\" \/>\n<meta property=\"og:type\" content=\"article\" \/>\n<meta property=\"og:title\" content=\"Fu\u00e1il mheicni\u00fail seachfhoinsithe - N\u00ed g\u00e1 a bheith buartha fi\u00fa faoi leathar f\u00edor tiubh. - Leatai \u2013 Monar\u00f3ir Leabhair N\u00f3ta\u00ed Saincheaptha\" \/>\n<meta property=\"og:description\" content=\"M\u00edreanna pr\u00f3ise\u00e1la seachfhoinsithe: Fu\u00e1il mheicni\u00fail, Cur s\u00edos ar an \u00e1bhar: I bpr\u00f3iseas d\u00e9ant\u00fasa\u00edochta dialann ghn\u00f3, is c\u00e9im \u00ed an fhu\u00e1il mheicni\u00fail a nd\u00e9antar neamhaird uirthi go minic, agus b\u00edonn an chuid is m\u00f3 de na monar\u00f3ir\u00ed ag brath ar fhoinsi\u00fa seachtrach. T\u00e1 trealamh fu\u00e1la ag Leatai at\u00e1 in ann \u00e1bhair thiubha a fhu\u00e1il; is f\u00e9idir t\u00e1irg\u00ed leathair f\u00edor a chur i gcr\u00edch \u00f3 dh\u00e9anamh patr\u00fan agus gearradh \u00e1bhair go dt\u00ed an fhu\u00e1il, ar bhealach aon-stad.\" \/>\n<meta property=\"og:url\" content=\"https:\/\/leatai.com\/ga\/product\/deantusaiocht-eile\/fuail-mheicniuil-seachfhoinsithe\/\" \/>\n<meta property=\"og:site_name\" content=\"Leatai \u2013 Monar\u00f3ir Leabhair N\u00f3ta\u00ed Saincheaptha\" \/>\n<meta property=\"article:modified_time\" content=\"2026-01-26T09:57:43+00:00\" \/>\n<meta property=\"og:image\" content=\"https:\/\/leatai.com\/wp-content\/uploads\/2016_01_20_1501290.jpg\" \/>\n\t<meta property=\"og:image:width\" content=\"1000\" \/>\n\t<meta property=\"og:image:height\" content=\"750\" \/>\n\t<meta property=\"og:image:type\" content=\"image\/jpeg\" \/>\n<meta name=\"twitter:card\" content=\"summary_large_image\" \/>\n<meta name=\"twitter:label1\" content=\"Est. reading time\" \/>\n\t<meta name=\"twitter:data1\" content=\"1 minute\" \/>\n<script type=\"application\/ld+json\" class=\"yoast-schema-graph\">{\"@context\":\"https:\/\/schema.org\",\"@graph\":[{\"@type\":\"WebPage\",\"@id\":\"https:\/\/leatai.com\/ga\/product\/deantusaiocht-eile\/fuail-mheicniuil-seachfhoinsithe\/\",\"url\":\"https:\/\/leatai.com\/ga\/product\/deantusaiocht-eile\/fuail-mheicniuil-seachfhoinsithe\/\",\"name\":\"Fu\u00e1il mheicni\u00fail seachfhoinsithe - N\u00ed g\u00e1 a bheith buartha fi\u00fa faoi leathar f\u00edor tiubh. - Leatai \u2013 Monar\u00f3ir Leabhair N\u00f3ta\u00ed Saincheaptha\",\"isPartOf\":{\"@id\":\"https:\/\/leatai.com\/ga\/#website\"},\"primaryImageOfPage\":{\"@id\":\"https:\/\/leatai.com\/ga\/product\/deantusaiocht-eile\/fuail-mheicniuil-seachfhoinsithe\/#primaryimage\"},\"image\":{\"@id\":\"https:\/\/leatai.com\/ga\/product\/deantusaiocht-eile\/fuail-mheicniuil-seachfhoinsithe\/#primaryimage\"},\"thumbnailUrl\":\"https:\/\/leatai.com\/wp-content\/uploads\/2016_01_20_1501290.jpg\",\"datePublished\":\"2021-06-24T05:22:22+00:00\",\"dateModified\":\"2026-01-26T09:57:43+00:00\",\"description\":\"M\u00edreanna pr\u00f3ise\u00e1la seachfhoinsithe: Fu\u00e1il mheicni\u00fail, Cur s\u00edos ar an \u00e1bhar: I bpr\u00f3iseas d\u00e9ant\u00fasa\u00edochta dialann ghn\u00f3, is c\u00e9im \u00ed an fhu\u00e1il mheicni\u00fail a nd\u00e9antar neamhaird uirthi go minic, agus b\u00edonn an chuid is m\u00f3 de na monar\u00f3ir\u00ed ag brath ar fhoinsi\u00fa seachtrach. T\u00e1 trealamh fu\u00e1la ag Leatai at\u00e1 in ann \u00e1bhair thiubha a fhu\u00e1il; is f\u00e9idir t\u00e1irg\u00ed leathair f\u00edor a chur i gcr\u00edch \u00f3 dh\u00e9anamh patr\u00fan agus gearradh \u00e1bhair go dt\u00ed an fhu\u00e1il, ar bhealach aon-stad.\",\"breadcrumb\":{\"@id\":\"https:\/\/leatai.com\/ga\/product\/deantusaiocht-eile\/fuail-mheicniuil-seachfhoinsithe\/#breadcrumb\"},\"inLanguage\":\"ga-IE\",\"potentialAction\":[{\"@type\":\"ReadAction\",\"target\":[\"https:\/\/leatai.com\/ga\/product\/deantusaiocht-eile\/fuail-mheicniuil-seachfhoinsithe\/\"]}]},{\"@type\":\"ImageObject\",\"inLanguage\":\"ga-IE\",\"@id\":\"https:\/\/leatai.com\/ga\/product\/deantusaiocht-eile\/fuail-mheicniuil-seachfhoinsithe\/#primaryimage\",\"url\":\"https:\/\/leatai.com\/wp-content\/uploads\/2016_01_20_1501290.jpg\",\"contentUrl\":\"https:\/\/leatai.com\/wp-content\/uploads\/2016_01_20_1501290.jpg\",\"width\":1000,\"height\":750,\"caption\":\"\u91dd\u8eca\u4ee3\u5de5\"},{\"@type\":\"BreadcrumbList\",\"@id\":\"https:\/\/leatai.com\/ga\/product\/deantusaiocht-eile\/fuail-mheicniuil-seachfhoinsithe\/#breadcrumb\",\"itemListElement\":[{\"@type\":\"ListItem\",\"position\":1,\"name\":\"Home\",\"item\":\"https:\/\/leatai.com\/ga\/\"},{\"@type\":\"ListItem\",\"position\":2,\"name\":\"Cur i l\u00e1thair T\u00e1irg\u00ed\",\"item\":\"https:\/\/leatai.com\/products\/\"},{\"@type\":\"ListItem\",\"position\":3,\"name\":\"D\u00e9ant\u00fasa\u00edocht eile\",\"item\":\"https:\/\/leatai.com\/ga\/product-category\/deantusaiocht-eile\/\"},{\"@type\":\"ListItem\",\"position\":4,\"name\":\"Fu\u00e1il mheicni\u00fail seachfhoinsithe\"}]},{\"@type\":\"WebSite\",\"@id\":\"https:\/\/leatai.com\/ga\/#website\",\"url\":\"https:\/\/leatai.com\/ga\/\",\"name\":\"Leatai \u2013 Monar\u00f3ir Leabhair N\u00f3ta\u00ed Saincheaptha\",\"description\":\"Sol\u00e1thra\u00edonn Leatai leabhair n\u00f3ta\u00ed agus plean\u00e1laithe saincheaptha do bhranda\u00ed agus d\u00e1ileoir\u00ed ar fud an domhain.\",\"publisher\":{\"@id\":\"https:\/\/leatai.com\/ga\/#organization\"},\"potentialAction\":[{\"@type\":\"SearchAction\",\"target\":{\"@type\":\"EntryPoint\",\"urlTemplate\":\"https:\/\/leatai.com\/ga\/?s={search_term_string}\"},\"query-input\":{\"@type\":\"PropertyValueSpecification\",\"valueRequired\":true,\"valueName\":\"search_term_string\"}}],\"inLanguage\":\"ga-IE\"},{\"@type\":\"Organization\",\"@id\":\"https:\/\/leatai.com\/ga\/#organization\",\"name\":\"Leatai Diary, customized journal and business organizer\",\"url\":\"https:\/\/leatai.com\/ga\/\",\"logo\":{\"@type\":\"ImageObject\",\"inLanguage\":\"ga-IE\",\"@id\":\"https:\/\/leatai.com\/ga\/#\/schema\/logo\/image\/\",\"url\":\"https:\/\/leatai.com\/wp-content\/uploads\/logo-blue.png\",\"contentUrl\":\"https:\/\/leatai.com\/wp-content\/uploads\/logo-blue.png\",\"width\":230,\"height\":60,\"caption\":\"Leatai Diary, customized journal and business organizer\"},\"image\":{\"@id\":\"https:\/\/leatai.com\/ga\/#\/schema\/logo\/image\/\"}}]}<\/script>\n<!-- \/ Yoast SEO plugin. -->","yoast_head_json":{"title":"Fu\u00e1il mheicni\u00fail seachfhoinsithe - N\u00ed g\u00e1 a bheith buartha fi\u00fa faoi leathar f\u00edor tiubh. - Leatai \u2013 Monar\u00f3ir Leabhair N\u00f3ta\u00ed Saincheaptha","description":"M\u00edreanna pr\u00f3ise\u00e1la seachfhoinsithe: Fu\u00e1il mheicni\u00fail, Cur s\u00edos ar an \u00e1bhar: I bpr\u00f3iseas d\u00e9ant\u00fasa\u00edochta dialann ghn\u00f3, is c\u00e9im \u00ed an fhu\u00e1il mheicni\u00fail a nd\u00e9antar neamhaird uirthi go minic, agus b\u00edonn an chuid is m\u00f3 de na monar\u00f3ir\u00ed ag brath ar fhoinsi\u00fa seachtrach. T\u00e1 trealamh fu\u00e1la ag Leatai at\u00e1 in ann \u00e1bhair thiubha a fhu\u00e1il; is f\u00e9idir t\u00e1irg\u00ed leathair f\u00edor a chur i gcr\u00edch \u00f3 dh\u00e9anamh patr\u00fan agus gearradh \u00e1bhair go dt\u00ed an fhu\u00e1il, ar bhealach aon-stad.","robots":{"index":"index","follow":"follow","max-snippet":"max-snippet:-1","max-image-preview":"max-image-preview:large","max-video-preview":"max-video-preview:-1"},"canonical":"https:\/\/leatai.com\/ga\/product\/deantusaiocht-eile\/fuail-mheicniuil-seachfhoinsithe\/","og_locale":"ga_IE","og_type":"article","og_title":"Fu\u00e1il mheicni\u00fail seachfhoinsithe - N\u00ed g\u00e1 a bheith buartha fi\u00fa faoi leathar f\u00edor tiubh. - Leatai \u2013 Monar\u00f3ir Leabhair N\u00f3ta\u00ed Saincheaptha","og_description":"M\u00edreanna pr\u00f3ise\u00e1la seachfhoinsithe: Fu\u00e1il mheicni\u00fail, Cur s\u00edos ar an \u00e1bhar: I bpr\u00f3iseas d\u00e9ant\u00fasa\u00edochta dialann ghn\u00f3, is c\u00e9im \u00ed an fhu\u00e1il mheicni\u00fail a nd\u00e9antar neamhaird uirthi go minic, agus b\u00edonn an chuid is m\u00f3 de na monar\u00f3ir\u00ed ag brath ar fhoinsi\u00fa seachtrach. T\u00e1 trealamh fu\u00e1la ag Leatai at\u00e1 in ann \u00e1bhair thiubha a fhu\u00e1il; is f\u00e9idir t\u00e1irg\u00ed leathair f\u00edor a chur i gcr\u00edch \u00f3 dh\u00e9anamh patr\u00fan agus gearradh \u00e1bhair go dt\u00ed an fhu\u00e1il, ar bhealach aon-stad.","og_url":"https:\/\/leatai.com\/ga\/product\/deantusaiocht-eile\/fuail-mheicniuil-seachfhoinsithe\/","og_site_name":"Leatai \u2013 Monar\u00f3ir Leabhair N\u00f3ta\u00ed Saincheaptha","article_modified_time":"2026-01-26T09:57:43+00:00","og_image":[{"width":1000,"height":750,"url":"https:\/\/leatai.com\/wp-content\/uploads\/2016_01_20_1501290.jpg","type":"image\/jpeg"}],"twitter_card":"summary_large_image","twitter_misc":{"Est. reading time":"1 minute"},"schema":{"@context":"https:\/\/schema.org","@graph":[{"@type":"WebPage","@id":"https:\/\/leatai.com\/ga\/product\/deantusaiocht-eile\/fuail-mheicniuil-seachfhoinsithe\/","url":"https:\/\/leatai.com\/ga\/product\/deantusaiocht-eile\/fuail-mheicniuil-seachfhoinsithe\/","name":"Fu\u00e1il mheicni\u00fail seachfhoinsithe - N\u00ed g\u00e1 a bheith buartha fi\u00fa faoi leathar f\u00edor tiubh. - Leatai \u2013 Monar\u00f3ir Leabhair N\u00f3ta\u00ed Saincheaptha","isPartOf":{"@id":"https:\/\/leatai.com\/ga\/#website"},"primaryImageOfPage":{"@id":"https:\/\/leatai.com\/ga\/product\/deantusaiocht-eile\/fuail-mheicniuil-seachfhoinsithe\/#primaryimage"},"image":{"@id":"https:\/\/leatai.com\/ga\/product\/deantusaiocht-eile\/fuail-mheicniuil-seachfhoinsithe\/#primaryimage"},"thumbnailUrl":"https:\/\/leatai.com\/wp-content\/uploads\/2016_01_20_1501290.jpg","datePublished":"2021-06-24T05:22:22+00:00","dateModified":"2026-01-26T09:57:43+00:00","description":"M\u00edreanna pr\u00f3ise\u00e1la seachfhoinsithe: Fu\u00e1il mheicni\u00fail, Cur s\u00edos ar an \u00e1bhar: I bpr\u00f3iseas d\u00e9ant\u00fasa\u00edochta dialann ghn\u00f3, is c\u00e9im \u00ed an fhu\u00e1il mheicni\u00fail a nd\u00e9antar neamhaird uirthi go minic, agus b\u00edonn an chuid is m\u00f3 de na monar\u00f3ir\u00ed ag brath ar fhoinsi\u00fa seachtrach. T\u00e1 trealamh fu\u00e1la ag Leatai at\u00e1 in ann \u00e1bhair thiubha a fhu\u00e1il; is f\u00e9idir t\u00e1irg\u00ed leathair f\u00edor a chur i gcr\u00edch \u00f3 dh\u00e9anamh patr\u00fan agus gearradh \u00e1bhair go dt\u00ed an fhu\u00e1il, ar bhealach aon-stad.","breadcrumb":{"@id":"https:\/\/leatai.com\/ga\/product\/deantusaiocht-eile\/fuail-mheicniuil-seachfhoinsithe\/#breadcrumb"},"inLanguage":"ga-IE","potentialAction":[{"@type":"ReadAction","target":["https:\/\/leatai.com\/ga\/product\/deantusaiocht-eile\/fuail-mheicniuil-seachfhoinsithe\/"]}]},{"@type":"ImageObject","inLanguage":"ga-IE","@id":"https:\/\/leatai.com\/ga\/product\/deantusaiocht-eile\/fuail-mheicniuil-seachfhoinsithe\/#primaryimage","url":"https:\/\/leatai.com\/wp-content\/uploads\/2016_01_20_1501290.jpg","contentUrl":"https:\/\/leatai.com\/wp-content\/uploads\/2016_01_20_1501290.jpg","width":1000,"height":750,"caption":"\u91dd\u8eca\u4ee3\u5de5"},{"@type":"BreadcrumbList","@id":"https:\/\/leatai.com\/ga\/product\/deantusaiocht-eile\/fuail-mheicniuil-seachfhoinsithe\/#breadcrumb","itemListElement":[{"@type":"ListItem","position":1,"name":"Home","item":"https:\/\/leatai.com\/ga\/"},{"@type":"ListItem","position":2,"name":"Cur i l\u00e1thair T\u00e1irg\u00ed","item":"https:\/\/leatai.com\/products\/"},{"@type":"ListItem","position":3,"name":"D\u00e9ant\u00fasa\u00edocht eile","item":"https:\/\/leatai.com\/ga\/product-category\/deantusaiocht-eile\/"},{"@type":"ListItem","position":4,"name":"Fu\u00e1il mheicni\u00fail seachfhoinsithe"}]},{"@type":"WebSite","@id":"https:\/\/leatai.com\/ga\/#website","url":"https:\/\/leatai.com\/ga\/","name":"Leatai \u2013 Monar\u00f3ir Leabhair N\u00f3ta\u00ed Saincheaptha","description":"Sol\u00e1thra\u00edonn Leatai leabhair n\u00f3ta\u00ed agus plean\u00e1laithe saincheaptha do bhranda\u00ed agus d\u00e1ileoir\u00ed ar fud an domhain.","publisher":{"@id":"https:\/\/leatai.com\/ga\/#organization"},"potentialAction":[{"@type":"SearchAction","target":{"@type":"EntryPoint","urlTemplate":"https:\/\/leatai.com\/ga\/?s={search_term_string}"},"query-input":{"@type":"PropertyValueSpecification","valueRequired":true,"valueName":"search_term_string"}}],"inLanguage":"ga-IE"},{"@type":"Organization","@id":"https:\/\/leatai.com\/ga\/#organization","name":"Leatai Diary, customized journal and business organizer","url":"https:\/\/leatai.com\/ga\/","logo":{"@type":"ImageObject","inLanguage":"ga-IE","@id":"https:\/\/leatai.com\/ga\/#\/schema\/logo\/image\/","url":"https:\/\/leatai.com\/wp-content\/uploads\/logo-blue.png","contentUrl":"https:\/\/leatai.com\/wp-content\/uploads\/logo-blue.png","width":230,"height":60,"caption":"Leatai Diary, customized journal and business organizer"},"image":{"@id":"https:\/\/leatai.com\/ga\/#\/schema\/logo\/image\/"}}]}},"_links":{"self":[{"href":"https:\/\/leatai.com\/ga\/wp-json\/wp\/v2\/product\/265089","targetHints":{"allow":["GET"]}}],"collection":[{"href":"https:\/\/leatai.com\/ga\/wp-json\/wp\/v2\/product"}],"about":[{"href":"https:\/\/leatai.com\/ga\/wp-json\/wp\/v2\/types\/product"}],"wp:featuredmedia":[{"embeddable":true,"href":"https:\/\/leatai.com\/ga\/wp-json\/wp\/v2\/media\/265090"}],"wp:attachment":[{"href":"https:\/\/leatai.com\/ga\/wp-json\/wp\/v2\/media?parent=265089"}],"wp:term":[{"taxonomy":"product_brand","embeddable":true,"href":"https:\/\/leatai.com\/ga\/wp-json\/wp\/v2\/product_brand?post=265089"},{"taxonomy":"product_cat","embeddable":true,"href":"https:\/\/leatai.com\/ga\/wp-json\/wp\/v2\/product_cat?post=265089"},{"taxonomy":"product_tag","embeddable":true,"href":"https:\/\/leatai.com\/ga\/wp-json\/wp\/v2\/product_tag?post=265089"},{"taxonomy":"home_works","embeddable":true,"href":"https:\/\/leatai.com\/ga\/wp-json\/wp\/v2\/home_works?post=265089"}],"curies":[{"name":"wp","href":"https:\/\/api.w.org\/{rel}","templated":true}]}}