{"id":265082,"date":"2021-06-24T13:22:22","date_gmt":"2021-06-24T05:22:22","guid":{"rendered":"https:\/\/leatai.com\/product\/uncategorized\/gearradh-agus-proiseail-dimhunlaithe-seachfhoinsithe\/"},"modified":"2026-01-26T17:34:01","modified_gmt":"2026-01-26T09:34:01","slug":"gearradh-agus-proiseail-dimhunlaithe-seachfhoinsithe","status":"publish","type":"product","link":"https:\/\/leatai.com\/ga\/product\/deantusaiocht-eile\/gearradh-agus-proiseail-dimhunlaithe-seachfhoinsithe\/","title":{"rendered":"Gearradh agus pr\u00f3ise\u00e1il d\u00edmh\u00fanlaithe seachfhoinsithe"},"content":{"rendered":"<p>M\u00edreanna pr\u00f3ise\u00e1la seachfhoinsithe: Gearradh, d\u00edmh\u00fanl\u00fa<br \/>\nCur s\u00edos ar an \u00e1bhar: T\u00e1 pr\u00f3isis ghearrtha agus d\u00edmh\u00fanlaithe ag \u00e9ir\u00ed n\u00edos annamh i bpr\u00f3ise\u00e1il thraidisi\u00fanta, agus d\u00e1 bhr\u00ed sin t\u00e1 siad ag \u00e9ir\u00ed n\u00edos t\u00e1bhachta\u00ed f\u00f3s, go h\u00e1irithe i dt\u00e1irgeadh \u00e1bhar tiubh, \u00e1it a bhfuil siad f\u00edor-riachtanach. T\u00e1 trealamh gearrtha \u00e1bhair ag Leatai, rud a cheada\u00edonn gearradh rolla\u00ed ioml\u00e1na leathair agus d\u00edmh\u00fanl\u00fa a chur i gcr\u00edch in aon ch\u00e9im amh\u00e1in.<\/p>\n<p><iframe title=\"Cutting and Die-Cutting\" width=\"800\" height=\"450\" src=\"https:\/\/www.youtube.com\/embed\/4gTuYQcU6bU?feature=oembed&#038;enablejsapi=1&#038;origin=https:\/\/leatai.com\" frameborder=\"0\" allow=\"accelerometer; autoplay; clipboard-write; encrypted-media; gyroscope; picture-in-picture; web-share\" referrerpolicy=\"strict-origin-when-cross-origin\" allowfullscreen><\/iframe><\/p>\n<p>&nbsp;<\/p>\n","protected":false},"excerpt":{"rendered":"<p>M\u00edreanna pr\u00f3ise\u00e1la seachfhoinsithe: Gearradh, d\u00edmh\u00fanl\u00fa Cur s\u00edos ar an \u00e1bhar: T\u00e1 pr\u00f3isis ghearrtha agus d\u00edmh\u00fanlaithe ag \u00e9ir\u00ed n\u00edos annamh i bpr\u00f3ise\u00e1il thraidisi\u00fanta, agus d\u00e1 bhr\u00ed sin t\u00e1 siad ag \u00e9ir\u00ed n\u00edos t\u00e1bhachta\u00ed f\u00f3s, go h\u00e1irithe i dt\u00e1irgeadh \u00e1bhar tiubh, \u00e1it a bhfuil siad f\u00edor-riachtanach. T\u00e1 trealamh gearrtha \u00e1bhair ag Leatai, rud a cheada\u00edonn gearradh rolla\u00ed [&hellip;]<\/p>\n","protected":false},"featured_media":265083,"template":"","meta":{"_acf_changed":false},"product_brand":[],"product_cat":[1155],"product_tag":[],"home_works":[],"class_list":{"0":"post-265082","1":"product","2":"type-product","3":"status-publish","4":"has-post-thumbnail","6":"product_cat-deantusaiocht-eile","8":"first","9":"instock","10":"sold-individually","11":"shipping-taxable","12":"purchasable","13":"product-type-variable","14":"has-default-attributes"},"acf":[],"yoast_head":"<!-- This site is optimized with the Yoast SEO plugin v27.2 - https:\/\/yoast.com\/product\/yoast-seo-wordpress\/ -->\n<title>Gearradh agus pr\u00f3ise\u00e1il d\u00edmh\u00fanlaithe seachfhoinsithe - Is f\u00e9idir linn m\u00fanla\u00ed gearrtha a dh\u00e9anamh ar do shon, le d\u00edmh\u00fanl\u00fa \u00e1bhar tana\u00ed agus tiubh. - Leatai \u2013 Monar\u00f3ir Leabhair N\u00f3ta\u00ed Saincheaptha<\/title>\n<meta name=\"description\" content=\"M\u00edreanna pr\u00f3ise\u00e1la seachfhoinsithe: Gearradh, d\u00edmh\u00fanl\u00fa, Cur s\u00edos ar an \u00e1bhar: T\u00e1 pr\u00f3isis ghearrtha agus d\u00edmh\u00fanlaithe ag \u00e9ir\u00ed n\u00edos neamhchoitianta i bpr\u00f3ise\u00e1il thraidisi\u00fanta, agus d\u00e1 bhr\u00ed sin t\u00e1 siad ag \u00e9ir\u00ed n\u00edos t\u00e1bhachta\u00ed f\u00f3s, go h\u00e1irithe i nd\u00e9ant\u00fasa\u00edocht \u00e1bhar tiubh, \u00e1it a bhfuil siad f\u00edor-riachtanach. T\u00e1 trealamh ullmh\u00fach\u00e1in \u00e1bhair ag Leatai, rud a cheada\u00edonn rolla\u00ed ioml\u00e1na leathair a ghearradh, a oscailt agus a dh\u00edmh\u00fanl\u00fa i bpr\u00f3iseas aon-stad.\" \/>\n<meta name=\"robots\" content=\"index, follow, max-snippet:-1, max-image-preview:large, max-video-preview:-1\" \/>\n<link rel=\"canonical\" href=\"https:\/\/leatai.com\/ga\/product\/deantusaiocht-eile\/gearradh-agus-proiseail-dimhunlaithe-seachfhoinsithe\/\" \/>\n<meta property=\"og:locale\" content=\"ga_IE\" \/>\n<meta property=\"og:type\" content=\"article\" \/>\n<meta property=\"og:title\" content=\"Gearradh agus pr\u00f3ise\u00e1il d\u00edmh\u00fanlaithe seachfhoinsithe - Is f\u00e9idir linn m\u00fanla\u00ed gearrtha a dh\u00e9anamh ar do shon, le d\u00edmh\u00fanl\u00fa \u00e1bhar tana\u00ed agus tiubh. - Leatai \u2013 Monar\u00f3ir Leabhair N\u00f3ta\u00ed Saincheaptha\" \/>\n<meta property=\"og:description\" content=\"M\u00edreanna pr\u00f3ise\u00e1la seachfhoinsithe: Gearradh, d\u00edmh\u00fanl\u00fa, Cur s\u00edos ar an \u00e1bhar: T\u00e1 pr\u00f3isis ghearrtha agus d\u00edmh\u00fanlaithe ag \u00e9ir\u00ed n\u00edos neamhchoitianta i bpr\u00f3ise\u00e1il thraidisi\u00fanta, agus d\u00e1 bhr\u00ed sin t\u00e1 siad ag \u00e9ir\u00ed n\u00edos t\u00e1bhachta\u00ed f\u00f3s, go h\u00e1irithe i nd\u00e9ant\u00fasa\u00edocht \u00e1bhar tiubh, \u00e1it a bhfuil siad f\u00edor-riachtanach. T\u00e1 trealamh ullmh\u00fach\u00e1in \u00e1bhair ag Leatai, rud a cheada\u00edonn rolla\u00ed ioml\u00e1na leathair a ghearradh, a oscailt agus a dh\u00edmh\u00fanl\u00fa i bpr\u00f3iseas aon-stad.\" \/>\n<meta property=\"og:url\" content=\"https:\/\/leatai.com\/ga\/product\/deantusaiocht-eile\/gearradh-agus-proiseail-dimhunlaithe-seachfhoinsithe\/\" \/>\n<meta property=\"og:site_name\" content=\"Leatai \u2013 Monar\u00f3ir Leabhair N\u00f3ta\u00ed Saincheaptha\" \/>\n<meta property=\"article:modified_time\" content=\"2026-01-26T09:34:01+00:00\" \/>\n<meta property=\"og:image\" content=\"https:\/\/leatai.com\/wp-content\/uploads\/2016_01_20_1504420.jpg\" \/>\n\t<meta property=\"og:image:width\" content=\"1000\" \/>\n\t<meta property=\"og:image:height\" content=\"750\" \/>\n\t<meta property=\"og:image:type\" content=\"image\/jpeg\" \/>\n<meta name=\"twitter:card\" content=\"summary_large_image\" \/>\n<meta name=\"twitter:label1\" content=\"Est. reading time\" \/>\n\t<meta name=\"twitter:data1\" content=\"1 minute\" \/>\n<script type=\"application\/ld+json\" class=\"yoast-schema-graph\">{\"@context\":\"https:\/\/schema.org\",\"@graph\":[{\"@type\":\"WebPage\",\"@id\":\"https:\/\/leatai.com\/ga\/product\/deantusaiocht-eile\/gearradh-agus-proiseail-dimhunlaithe-seachfhoinsithe\/\",\"url\":\"https:\/\/leatai.com\/ga\/product\/deantusaiocht-eile\/gearradh-agus-proiseail-dimhunlaithe-seachfhoinsithe\/\",\"name\":\"Gearradh agus pr\u00f3ise\u00e1il d\u00edmh\u00fanlaithe seachfhoinsithe - Is f\u00e9idir linn m\u00fanla\u00ed gearrtha a dh\u00e9anamh ar do shon, le d\u00edmh\u00fanl\u00fa \u00e1bhar tana\u00ed agus tiubh. - Leatai \u2013 Monar\u00f3ir Leabhair N\u00f3ta\u00ed Saincheaptha\",\"isPartOf\":{\"@id\":\"https:\/\/leatai.com\/ga\/#website\"},\"primaryImageOfPage\":{\"@id\":\"https:\/\/leatai.com\/ga\/product\/deantusaiocht-eile\/gearradh-agus-proiseail-dimhunlaithe-seachfhoinsithe\/#primaryimage\"},\"image\":{\"@id\":\"https:\/\/leatai.com\/ga\/product\/deantusaiocht-eile\/gearradh-agus-proiseail-dimhunlaithe-seachfhoinsithe\/#primaryimage\"},\"thumbnailUrl\":\"https:\/\/leatai.com\/wp-content\/uploads\/2016_01_20_1504420.jpg\",\"datePublished\":\"2021-06-24T05:22:22+00:00\",\"dateModified\":\"2026-01-26T09:34:01+00:00\",\"description\":\"M\u00edreanna pr\u00f3ise\u00e1la seachfhoinsithe: Gearradh, d\u00edmh\u00fanl\u00fa, Cur s\u00edos ar an \u00e1bhar: T\u00e1 pr\u00f3isis ghearrtha agus d\u00edmh\u00fanlaithe ag \u00e9ir\u00ed n\u00edos neamhchoitianta i bpr\u00f3ise\u00e1il thraidisi\u00fanta, agus d\u00e1 bhr\u00ed sin t\u00e1 siad ag \u00e9ir\u00ed n\u00edos t\u00e1bhachta\u00ed f\u00f3s, go h\u00e1irithe i nd\u00e9ant\u00fasa\u00edocht \u00e1bhar tiubh, \u00e1it a bhfuil siad f\u00edor-riachtanach. T\u00e1 trealamh ullmh\u00fach\u00e1in \u00e1bhair ag Leatai, rud a cheada\u00edonn rolla\u00ed ioml\u00e1na leathair a ghearradh, a oscailt agus a dh\u00edmh\u00fanl\u00fa i bpr\u00f3iseas aon-stad.\",\"breadcrumb\":{\"@id\":\"https:\/\/leatai.com\/ga\/product\/deantusaiocht-eile\/gearradh-agus-proiseail-dimhunlaithe-seachfhoinsithe\/#breadcrumb\"},\"inLanguage\":\"ga-IE\",\"potentialAction\":[{\"@type\":\"ReadAction\",\"target\":[\"https:\/\/leatai.com\/ga\/product\/deantusaiocht-eile\/gearradh-agus-proiseail-dimhunlaithe-seachfhoinsithe\/\"]}]},{\"@type\":\"ImageObject\",\"inLanguage\":\"ga-IE\",\"@id\":\"https:\/\/leatai.com\/ga\/product\/deantusaiocht-eile\/gearradh-agus-proiseail-dimhunlaithe-seachfhoinsithe\/#primaryimage\",\"url\":\"https:\/\/leatai.com\/wp-content\/uploads\/2016_01_20_1504420.jpg\",\"contentUrl\":\"https:\/\/leatai.com\/wp-content\/uploads\/2016_01_20_1504420.jpg\",\"width\":1000,\"height\":750,\"caption\":\"Gearradh agus pr\u00f3ise\u00e1il d\u00edmh\u00fanlaithe seachfhoinsithe\"},{\"@type\":\"BreadcrumbList\",\"@id\":\"https:\/\/leatai.com\/ga\/product\/deantusaiocht-eile\/gearradh-agus-proiseail-dimhunlaithe-seachfhoinsithe\/#breadcrumb\",\"itemListElement\":[{\"@type\":\"ListItem\",\"position\":1,\"name\":\"Home\",\"item\":\"https:\/\/leatai.com\/ga\/\"},{\"@type\":\"ListItem\",\"position\":2,\"name\":\"Cur i l\u00e1thair T\u00e1irg\u00ed\",\"item\":\"https:\/\/leatai.com\/products\/\"},{\"@type\":\"ListItem\",\"position\":3,\"name\":\"D\u00e9ant\u00fasa\u00edocht eile\",\"item\":\"https:\/\/leatai.com\/ga\/product-category\/deantusaiocht-eile\/\"},{\"@type\":\"ListItem\",\"position\":4,\"name\":\"Gearradh agus pr\u00f3ise\u00e1il d\u00edmh\u00fanlaithe seachfhoinsithe\"}]},{\"@type\":\"WebSite\",\"@id\":\"https:\/\/leatai.com\/ga\/#website\",\"url\":\"https:\/\/leatai.com\/ga\/\",\"name\":\"Leatai \u2013 Monar\u00f3ir Leabhair N\u00f3ta\u00ed Saincheaptha\",\"description\":\"Sol\u00e1thra\u00edonn Leatai leabhair n\u00f3ta\u00ed agus plean\u00e1laithe saincheaptha do bhranda\u00ed agus d\u00e1ileoir\u00ed ar fud an domhain.\",\"publisher\":{\"@id\":\"https:\/\/leatai.com\/ga\/#organization\"},\"potentialAction\":[{\"@type\":\"SearchAction\",\"target\":{\"@type\":\"EntryPoint\",\"urlTemplate\":\"https:\/\/leatai.com\/ga\/?s={search_term_string}\"},\"query-input\":{\"@type\":\"PropertyValueSpecification\",\"valueRequired\":true,\"valueName\":\"search_term_string\"}}],\"inLanguage\":\"ga-IE\"},{\"@type\":\"Organization\",\"@id\":\"https:\/\/leatai.com\/ga\/#organization\",\"name\":\"Leatai Diary, customized journal and business organizer\",\"url\":\"https:\/\/leatai.com\/ga\/\",\"logo\":{\"@type\":\"ImageObject\",\"inLanguage\":\"ga-IE\",\"@id\":\"https:\/\/leatai.com\/ga\/#\/schema\/logo\/image\/\",\"url\":\"https:\/\/leatai.com\/wp-content\/uploads\/logo-blue.png\",\"contentUrl\":\"https:\/\/leatai.com\/wp-content\/uploads\/logo-blue.png\",\"width\":230,\"height\":60,\"caption\":\"Leatai Diary, customized journal and business organizer\"},\"image\":{\"@id\":\"https:\/\/leatai.com\/ga\/#\/schema\/logo\/image\/\"},\"telephone\":\"+886-2-8227-8800\",\"legalName\":\"Leatai Stationary Co., Ltd.\",\"description\":\"A leading notebook factory in Taiwan offering bespoke branding, high-quality binding, and premium paper selections for corporate gifts and stationery wholesale.\",\"address\":{\"@type\":\"PostalAddress\",\"streetAddress\":\"11F., No. 168, Jiankang Rd.\",\"addressLocality\":\"Zhonghe Dist.\",\"addressRegion\":\"New Taipei City\",\"postalCode\":\"235\",\"addressCountry\":\"TW\"},\"contactPoint\":{\"@type\":\"ContactPoint\",\"telephone\":\"+886-2-8227-8800\",\"contactType\":\"sales\",\"areaServed\":\"Worldwide\",\"availableLanguage\":[\"zh-TW\",\"en\"]}}]}<\/script>\n<!-- \/ Yoast SEO plugin. -->","yoast_head_json":{"title":"Gearradh agus pr\u00f3ise\u00e1il d\u00edmh\u00fanlaithe seachfhoinsithe - Is f\u00e9idir linn m\u00fanla\u00ed gearrtha a dh\u00e9anamh ar do shon, le d\u00edmh\u00fanl\u00fa \u00e1bhar tana\u00ed agus tiubh. - Leatai \u2013 Monar\u00f3ir Leabhair N\u00f3ta\u00ed Saincheaptha","description":"M\u00edreanna pr\u00f3ise\u00e1la seachfhoinsithe: Gearradh, d\u00edmh\u00fanl\u00fa, Cur s\u00edos ar an \u00e1bhar: T\u00e1 pr\u00f3isis ghearrtha agus d\u00edmh\u00fanlaithe ag \u00e9ir\u00ed n\u00edos neamhchoitianta i bpr\u00f3ise\u00e1il thraidisi\u00fanta, agus d\u00e1 bhr\u00ed sin t\u00e1 siad ag \u00e9ir\u00ed n\u00edos t\u00e1bhachta\u00ed f\u00f3s, go h\u00e1irithe i nd\u00e9ant\u00fasa\u00edocht \u00e1bhar tiubh, \u00e1it a bhfuil siad f\u00edor-riachtanach. T\u00e1 trealamh ullmh\u00fach\u00e1in \u00e1bhair ag Leatai, rud a cheada\u00edonn rolla\u00ed ioml\u00e1na leathair a ghearradh, a oscailt agus a dh\u00edmh\u00fanl\u00fa i bpr\u00f3iseas aon-stad.","robots":{"index":"index","follow":"follow","max-snippet":"max-snippet:-1","max-image-preview":"max-image-preview:large","max-video-preview":"max-video-preview:-1"},"canonical":"https:\/\/leatai.com\/ga\/product\/deantusaiocht-eile\/gearradh-agus-proiseail-dimhunlaithe-seachfhoinsithe\/","og_locale":"ga_IE","og_type":"article","og_title":"Gearradh agus pr\u00f3ise\u00e1il d\u00edmh\u00fanlaithe seachfhoinsithe - Is f\u00e9idir linn m\u00fanla\u00ed gearrtha a dh\u00e9anamh ar do shon, le d\u00edmh\u00fanl\u00fa \u00e1bhar tana\u00ed agus tiubh. - Leatai \u2013 Monar\u00f3ir Leabhair N\u00f3ta\u00ed Saincheaptha","og_description":"M\u00edreanna pr\u00f3ise\u00e1la seachfhoinsithe: Gearradh, d\u00edmh\u00fanl\u00fa, Cur s\u00edos ar an \u00e1bhar: T\u00e1 pr\u00f3isis ghearrtha agus d\u00edmh\u00fanlaithe ag \u00e9ir\u00ed n\u00edos neamhchoitianta i bpr\u00f3ise\u00e1il thraidisi\u00fanta, agus d\u00e1 bhr\u00ed sin t\u00e1 siad ag \u00e9ir\u00ed n\u00edos t\u00e1bhachta\u00ed f\u00f3s, go h\u00e1irithe i nd\u00e9ant\u00fasa\u00edocht \u00e1bhar tiubh, \u00e1it a bhfuil siad f\u00edor-riachtanach. T\u00e1 trealamh ullmh\u00fach\u00e1in \u00e1bhair ag Leatai, rud a cheada\u00edonn rolla\u00ed ioml\u00e1na leathair a ghearradh, a oscailt agus a dh\u00edmh\u00fanl\u00fa i bpr\u00f3iseas aon-stad.","og_url":"https:\/\/leatai.com\/ga\/product\/deantusaiocht-eile\/gearradh-agus-proiseail-dimhunlaithe-seachfhoinsithe\/","og_site_name":"Leatai \u2013 Monar\u00f3ir Leabhair N\u00f3ta\u00ed Saincheaptha","article_modified_time":"2026-01-26T09:34:01+00:00","og_image":[{"width":1000,"height":750,"url":"https:\/\/leatai.com\/wp-content\/uploads\/2016_01_20_1504420.jpg","type":"image\/jpeg"}],"twitter_card":"summary_large_image","twitter_misc":{"Est. reading time":"1 minute"},"schema":{"@context":"https:\/\/schema.org","@graph":[{"@type":"WebPage","@id":"https:\/\/leatai.com\/ga\/product\/deantusaiocht-eile\/gearradh-agus-proiseail-dimhunlaithe-seachfhoinsithe\/","url":"https:\/\/leatai.com\/ga\/product\/deantusaiocht-eile\/gearradh-agus-proiseail-dimhunlaithe-seachfhoinsithe\/","name":"Gearradh agus pr\u00f3ise\u00e1il d\u00edmh\u00fanlaithe seachfhoinsithe - Is f\u00e9idir linn m\u00fanla\u00ed gearrtha a dh\u00e9anamh ar do shon, le d\u00edmh\u00fanl\u00fa \u00e1bhar tana\u00ed agus tiubh. - Leatai \u2013 Monar\u00f3ir Leabhair N\u00f3ta\u00ed Saincheaptha","isPartOf":{"@id":"https:\/\/leatai.com\/ga\/#website"},"primaryImageOfPage":{"@id":"https:\/\/leatai.com\/ga\/product\/deantusaiocht-eile\/gearradh-agus-proiseail-dimhunlaithe-seachfhoinsithe\/#primaryimage"},"image":{"@id":"https:\/\/leatai.com\/ga\/product\/deantusaiocht-eile\/gearradh-agus-proiseail-dimhunlaithe-seachfhoinsithe\/#primaryimage"},"thumbnailUrl":"https:\/\/leatai.com\/wp-content\/uploads\/2016_01_20_1504420.jpg","datePublished":"2021-06-24T05:22:22+00:00","dateModified":"2026-01-26T09:34:01+00:00","description":"M\u00edreanna pr\u00f3ise\u00e1la seachfhoinsithe: Gearradh, d\u00edmh\u00fanl\u00fa, Cur s\u00edos ar an \u00e1bhar: T\u00e1 pr\u00f3isis ghearrtha agus d\u00edmh\u00fanlaithe ag \u00e9ir\u00ed n\u00edos neamhchoitianta i bpr\u00f3ise\u00e1il thraidisi\u00fanta, agus d\u00e1 bhr\u00ed sin t\u00e1 siad ag \u00e9ir\u00ed n\u00edos t\u00e1bhachta\u00ed f\u00f3s, go h\u00e1irithe i nd\u00e9ant\u00fasa\u00edocht \u00e1bhar tiubh, \u00e1it a bhfuil siad f\u00edor-riachtanach. T\u00e1 trealamh ullmh\u00fach\u00e1in \u00e1bhair ag Leatai, rud a cheada\u00edonn rolla\u00ed ioml\u00e1na leathair a ghearradh, a oscailt agus a dh\u00edmh\u00fanl\u00fa i bpr\u00f3iseas aon-stad.","breadcrumb":{"@id":"https:\/\/leatai.com\/ga\/product\/deantusaiocht-eile\/gearradh-agus-proiseail-dimhunlaithe-seachfhoinsithe\/#breadcrumb"},"inLanguage":"ga-IE","potentialAction":[{"@type":"ReadAction","target":["https:\/\/leatai.com\/ga\/product\/deantusaiocht-eile\/gearradh-agus-proiseail-dimhunlaithe-seachfhoinsithe\/"]}]},{"@type":"ImageObject","inLanguage":"ga-IE","@id":"https:\/\/leatai.com\/ga\/product\/deantusaiocht-eile\/gearradh-agus-proiseail-dimhunlaithe-seachfhoinsithe\/#primaryimage","url":"https:\/\/leatai.com\/wp-content\/uploads\/2016_01_20_1504420.jpg","contentUrl":"https:\/\/leatai.com\/wp-content\/uploads\/2016_01_20_1504420.jpg","width":1000,"height":750,"caption":"Gearradh agus pr\u00f3ise\u00e1il d\u00edmh\u00fanlaithe seachfhoinsithe"},{"@type":"BreadcrumbList","@id":"https:\/\/leatai.com\/ga\/product\/deantusaiocht-eile\/gearradh-agus-proiseail-dimhunlaithe-seachfhoinsithe\/#breadcrumb","itemListElement":[{"@type":"ListItem","position":1,"name":"Home","item":"https:\/\/leatai.com\/ga\/"},{"@type":"ListItem","position":2,"name":"Cur i l\u00e1thair T\u00e1irg\u00ed","item":"https:\/\/leatai.com\/products\/"},{"@type":"ListItem","position":3,"name":"D\u00e9ant\u00fasa\u00edocht eile","item":"https:\/\/leatai.com\/ga\/product-category\/deantusaiocht-eile\/"},{"@type":"ListItem","position":4,"name":"Gearradh agus pr\u00f3ise\u00e1il d\u00edmh\u00fanlaithe seachfhoinsithe"}]},{"@type":"WebSite","@id":"https:\/\/leatai.com\/ga\/#website","url":"https:\/\/leatai.com\/ga\/","name":"Leatai \u2013 Monar\u00f3ir Leabhair N\u00f3ta\u00ed Saincheaptha","description":"Sol\u00e1thra\u00edonn Leatai leabhair n\u00f3ta\u00ed agus plean\u00e1laithe saincheaptha do bhranda\u00ed agus d\u00e1ileoir\u00ed ar fud an domhain.","publisher":{"@id":"https:\/\/leatai.com\/ga\/#organization"},"potentialAction":[{"@type":"SearchAction","target":{"@type":"EntryPoint","urlTemplate":"https:\/\/leatai.com\/ga\/?s={search_term_string}"},"query-input":{"@type":"PropertyValueSpecification","valueRequired":true,"valueName":"search_term_string"}}],"inLanguage":"ga-IE"},{"@type":"Organization","@id":"https:\/\/leatai.com\/ga\/#organization","name":"Leatai Diary, customized journal and business organizer","url":"https:\/\/leatai.com\/ga\/","logo":{"@type":"ImageObject","inLanguage":"ga-IE","@id":"https:\/\/leatai.com\/ga\/#\/schema\/logo\/image\/","url":"https:\/\/leatai.com\/wp-content\/uploads\/logo-blue.png","contentUrl":"https:\/\/leatai.com\/wp-content\/uploads\/logo-blue.png","width":230,"height":60,"caption":"Leatai Diary, customized journal and business organizer"},"image":{"@id":"https:\/\/leatai.com\/ga\/#\/schema\/logo\/image\/"},"telephone":"+886-2-8227-8800","legalName":"Leatai Stationary Co., Ltd.","description":"A leading notebook factory in Taiwan offering bespoke branding, high-quality binding, and premium paper selections for corporate gifts and stationery wholesale.","address":{"@type":"PostalAddress","streetAddress":"11F., No. 168, Jiankang Rd.","addressLocality":"Zhonghe Dist.","addressRegion":"New Taipei City","postalCode":"235","addressCountry":"TW"},"contactPoint":{"@type":"ContactPoint","telephone":"+886-2-8227-8800","contactType":"sales","areaServed":"Worldwide","availableLanguage":["zh-TW","en"]}}]}},"_links":{"self":[{"href":"https:\/\/leatai.com\/ga\/wp-json\/wp\/v2\/product\/265082","targetHints":{"allow":["GET"]}}],"collection":[{"href":"https:\/\/leatai.com\/ga\/wp-json\/wp\/v2\/product"}],"about":[{"href":"https:\/\/leatai.com\/ga\/wp-json\/wp\/v2\/types\/product"}],"wp:featuredmedia":[{"embeddable":true,"href":"https:\/\/leatai.com\/ga\/wp-json\/wp\/v2\/media\/265083"}],"wp:attachment":[{"href":"https:\/\/leatai.com\/ga\/wp-json\/wp\/v2\/media?parent=265082"}],"wp:term":[{"taxonomy":"product_brand","embeddable":true,"href":"https:\/\/leatai.com\/ga\/wp-json\/wp\/v2\/product_brand?post=265082"},{"taxonomy":"product_cat","embeddable":true,"href":"https:\/\/leatai.com\/ga\/wp-json\/wp\/v2\/product_cat?post=265082"},{"taxonomy":"product_tag","embeddable":true,"href":"https:\/\/leatai.com\/ga\/wp-json\/wp\/v2\/product_tag?post=265082"},{"taxonomy":"home_works","embeddable":true,"href":"https:\/\/leatai.com\/ga\/wp-json\/wp\/v2\/home_works?post=265082"}],"curies":[{"name":"wp","href":"https:\/\/api.w.org\/{rel}","templated":true}]}}