{"id":265073,"date":"2021-06-24T13:22:22","date_gmt":"2021-06-24T05:22:22","guid":{"rendered":"https:\/\/leatai.com\/product\/uncategorized\/stampail-oir-agus-proiseail-bhrandala-le-lodail-teasa\/"},"modified":"2026-01-26T17:32:29","modified_gmt":"2026-01-26T09:32:29","slug":"stampail-oir-agus-proiseail-bhrandala-le-lodail-teasa","status":"publish","type":"product","link":"https:\/\/leatai.com\/ga\/product\/deantusaiocht-eile\/stampail-oir-agus-proiseail-bhrandala-le-lodail-teasa\/","title":{"rendered":"Stamp\u00e1il \u00f3ir agus pr\u00f3ise\u00e1il bhrand\u00e1la le l\u00f3d\u00e1il teasa"},"content":{"rendered":"<p>M\u00edreanna pr\u00f3ise\u00e1la seachfhoinsithe: Stamp\u00e1il \u00f3ir, l\u00f3d\u00e1il teasa<br \/>\nCur s\u00edos ar an \u00e1bhar: Tar \u00e9is don phl\u00e1ta since a bheith d\u00e9anta, cuirtear teas agus br\u00fa i bhfeidhm ar \u00e1bhar leathair n\u00f3 p\u00e1ip\u00e9ir chun an pr\u00f3iseas a chr\u00edochn\u00fa. Roghna\u00edtear an scragall \u00f3ir de r\u00e9ir \u00e1bhair \u00e9ags\u00fala, agus b\u00edonn inoiri\u00fanaitheacht \u00e9ags\u00fail ag gach \u00e1bhar. T\u00e1 an prionsabal c\u00e9anna i bhfeidhm maidir le l\u00f3d\u00e1il teasa; n\u00ed g\u00e1 go n-athr\u00f3idh dath an leathair.<\/p>\n","protected":false},"excerpt":{"rendered":"<p>Stamp\u00e1il \u00f3ir agus pr\u00f3ise\u00e1il bhrand\u00e1la le l\u00f3d\u00e1il teasa<\/p>\n","protected":false},"featured_media":265074,"template":"","meta":{"_acf_changed":false},"product_brand":[],"product_cat":[1155],"product_tag":[],"home_works":[],"class_list":{"0":"post-265073","1":"product","2":"type-product","3":"status-publish","4":"has-post-thumbnail","6":"product_cat-deantusaiocht-eile","8":"first","9":"outofstock","10":"sold-individually","11":"shipping-taxable","12":"purchasable","13":"product-type-variable","14":"has-default-attributes"},"acf":[],"yoast_head":"<!-- This site is optimized with the Yoast SEO plugin v27.2 - https:\/\/yoast.com\/product\/yoast-seo-wordpress\/ -->\n<title>Stamp\u00e1il \u00f3ir agus pr\u00f3ise\u00e1il bhrand\u00e1la le l\u00f3d\u00e1il teasa - Leatai \u2013 Monar\u00f3ir Leabhair N\u00f3ta\u00ed Saincheaptha<\/title>\n<meta name=\"description\" content=\"M\u00edreanna pr\u00f3ise\u00e1la seachfhoinsithe: Stamp\u00e1il \u00f3ir, l\u00f3d\u00e1il teasa, Cur s\u00edos ar an \u00e1bhar: \u00das\u00e1idtear pl\u00e1ta since, agus cuirtear teas agus br\u00fa i bhfeidhm ar \u00e1bhar leathair n\u00f3 p\u00e1ip\u00e9ir chun an pr\u00f3iseas a chur i gcr\u00edch. Roghna\u00edtear an scragall \u00f3ir de r\u00e9ir \u00e1bhair \u00e9ags\u00fala, agus t\u00e1 inoiri\u00fanaitheacht \u00e9ags\u00fail ag gach \u00e1bhar. Leanann an l\u00f3d\u00e1il teasa an prionsabal c\u00e9anna; n\u00ed g\u00e1 go n-athr\u00f3idh dath an leathair.\" \/>\n<meta name=\"robots\" content=\"index, follow, max-snippet:-1, max-image-preview:large, max-video-preview:-1\" \/>\n<link rel=\"canonical\" href=\"https:\/\/leatai.com\/ga\/product\/deantusaiocht-eile\/stampail-oir-agus-proiseail-bhrandala-le-lodail-teasa\/\" \/>\n<meta property=\"og:locale\" content=\"ga_IE\" \/>\n<meta property=\"og:type\" content=\"article\" \/>\n<meta property=\"og:title\" content=\"Stamp\u00e1il \u00f3ir agus pr\u00f3ise\u00e1il bhrand\u00e1la le l\u00f3d\u00e1il teasa - Leatai \u2013 Monar\u00f3ir Leabhair N\u00f3ta\u00ed Saincheaptha\" \/>\n<meta property=\"og:description\" content=\"M\u00edreanna pr\u00f3ise\u00e1la seachfhoinsithe: Stamp\u00e1il \u00f3ir, l\u00f3d\u00e1il teasa, Cur s\u00edos ar an \u00e1bhar: \u00das\u00e1idtear pl\u00e1ta since, agus cuirtear teas agus br\u00fa i bhfeidhm ar \u00e1bhar leathair n\u00f3 p\u00e1ip\u00e9ir chun an pr\u00f3iseas a chur i gcr\u00edch. Roghna\u00edtear an scragall \u00f3ir de r\u00e9ir \u00e1bhair \u00e9ags\u00fala, agus t\u00e1 inoiri\u00fanaitheacht \u00e9ags\u00fail ag gach \u00e1bhar. Leanann an l\u00f3d\u00e1il teasa an prionsabal c\u00e9anna; n\u00ed g\u00e1 go n-athr\u00f3idh dath an leathair.\" \/>\n<meta property=\"og:url\" content=\"https:\/\/leatai.com\/ga\/product\/deantusaiocht-eile\/stampail-oir-agus-proiseail-bhrandala-le-lodail-teasa\/\" \/>\n<meta property=\"og:site_name\" content=\"Leatai \u2013 Monar\u00f3ir Leabhair N\u00f3ta\u00ed Saincheaptha\" \/>\n<meta property=\"article:modified_time\" content=\"2026-01-26T09:32:29+00:00\" \/>\n<meta property=\"og:image\" content=\"https:\/\/leatai.com\/wp-content\/uploads\/2016_01_20_1505510.jpg\" \/>\n\t<meta property=\"og:image:width\" content=\"1000\" \/>\n\t<meta property=\"og:image:height\" content=\"750\" \/>\n\t<meta property=\"og:image:type\" content=\"image\/jpeg\" \/>\n<meta name=\"twitter:card\" content=\"summary_large_image\" \/>\n<meta name=\"twitter:label1\" content=\"Est. reading time\" \/>\n\t<meta name=\"twitter:data1\" content=\"1 minute\" \/>\n<script type=\"application\/ld+json\" class=\"yoast-schema-graph\">{\"@context\":\"https:\/\/schema.org\",\"@graph\":[{\"@type\":\"WebPage\",\"@id\":\"https:\/\/leatai.com\/ga\/product\/deantusaiocht-eile\/stampail-oir-agus-proiseail-bhrandala-le-lodail-teasa\/\",\"url\":\"https:\/\/leatai.com\/ga\/product\/deantusaiocht-eile\/stampail-oir-agus-proiseail-bhrandala-le-lodail-teasa\/\",\"name\":\"Stamp\u00e1il \u00f3ir agus pr\u00f3ise\u00e1il bhrand\u00e1la le l\u00f3d\u00e1il teasa - Leatai \u2013 Monar\u00f3ir Leabhair N\u00f3ta\u00ed Saincheaptha\",\"isPartOf\":{\"@id\":\"https:\/\/leatai.com\/ga\/#website\"},\"primaryImageOfPage\":{\"@id\":\"https:\/\/leatai.com\/ga\/product\/deantusaiocht-eile\/stampail-oir-agus-proiseail-bhrandala-le-lodail-teasa\/#primaryimage\"},\"image\":{\"@id\":\"https:\/\/leatai.com\/ga\/product\/deantusaiocht-eile\/stampail-oir-agus-proiseail-bhrandala-le-lodail-teasa\/#primaryimage\"},\"thumbnailUrl\":\"https:\/\/leatai.com\/wp-content\/uploads\/2016_01_20_1505510.jpg\",\"datePublished\":\"2021-06-24T05:22:22+00:00\",\"dateModified\":\"2026-01-26T09:32:29+00:00\",\"description\":\"M\u00edreanna pr\u00f3ise\u00e1la seachfhoinsithe: Stamp\u00e1il \u00f3ir, l\u00f3d\u00e1il teasa, Cur s\u00edos ar an \u00e1bhar: \u00das\u00e1idtear pl\u00e1ta since, agus cuirtear teas agus br\u00fa i bhfeidhm ar \u00e1bhar leathair n\u00f3 p\u00e1ip\u00e9ir chun an pr\u00f3iseas a chur i gcr\u00edch. Roghna\u00edtear an scragall \u00f3ir de r\u00e9ir \u00e1bhair \u00e9ags\u00fala, agus t\u00e1 inoiri\u00fanaitheacht \u00e9ags\u00fail ag gach \u00e1bhar. Leanann an l\u00f3d\u00e1il teasa an prionsabal c\u00e9anna; n\u00ed g\u00e1 go n-athr\u00f3idh dath an leathair.\",\"breadcrumb\":{\"@id\":\"https:\/\/leatai.com\/ga\/product\/deantusaiocht-eile\/stampail-oir-agus-proiseail-bhrandala-le-lodail-teasa\/#breadcrumb\"},\"inLanguage\":\"ga-IE\",\"potentialAction\":[{\"@type\":\"ReadAction\",\"target\":[\"https:\/\/leatai.com\/ga\/product\/deantusaiocht-eile\/stampail-oir-agus-proiseail-bhrandala-le-lodail-teasa\/\"]}]},{\"@type\":\"ImageObject\",\"inLanguage\":\"ga-IE\",\"@id\":\"https:\/\/leatai.com\/ga\/product\/deantusaiocht-eile\/stampail-oir-agus-proiseail-bhrandala-le-lodail-teasa\/#primaryimage\",\"url\":\"https:\/\/leatai.com\/wp-content\/uploads\/2016_01_20_1505510.jpg\",\"contentUrl\":\"https:\/\/leatai.com\/wp-content\/uploads\/2016_01_20_1505510.jpg\",\"width\":1000,\"height\":750,\"caption\":\"Stamp\u00e1il \u00f3ir agus pr\u00f3ise\u00e1il bhrand\u00e1la le l\u00f3d\u00e1il teasa\"},{\"@type\":\"BreadcrumbList\",\"@id\":\"https:\/\/leatai.com\/ga\/product\/deantusaiocht-eile\/stampail-oir-agus-proiseail-bhrandala-le-lodail-teasa\/#breadcrumb\",\"itemListElement\":[{\"@type\":\"ListItem\",\"position\":1,\"name\":\"Home\",\"item\":\"https:\/\/leatai.com\/ga\/\"},{\"@type\":\"ListItem\",\"position\":2,\"name\":\"Cur i l\u00e1thair T\u00e1irg\u00ed\",\"item\":\"https:\/\/leatai.com\/products\/\"},{\"@type\":\"ListItem\",\"position\":3,\"name\":\"D\u00e9ant\u00fasa\u00edocht eile\",\"item\":\"https:\/\/leatai.com\/ga\/product-category\/deantusaiocht-eile\/\"},{\"@type\":\"ListItem\",\"position\":4,\"name\":\"Stamp\u00e1il \u00f3ir agus pr\u00f3ise\u00e1il bhrand\u00e1la le l\u00f3d\u00e1il teasa\"}]},{\"@type\":\"WebSite\",\"@id\":\"https:\/\/leatai.com\/ga\/#website\",\"url\":\"https:\/\/leatai.com\/ga\/\",\"name\":\"Leatai \u2013 Monar\u00f3ir Leabhair N\u00f3ta\u00ed Saincheaptha\",\"description\":\"Sol\u00e1thra\u00edonn Leatai leabhair n\u00f3ta\u00ed agus plean\u00e1laithe saincheaptha do bhranda\u00ed agus d\u00e1ileoir\u00ed ar fud an domhain.\",\"publisher\":{\"@id\":\"https:\/\/leatai.com\/ga\/#organization\"},\"potentialAction\":[{\"@type\":\"SearchAction\",\"target\":{\"@type\":\"EntryPoint\",\"urlTemplate\":\"https:\/\/leatai.com\/ga\/?s={search_term_string}\"},\"query-input\":{\"@type\":\"PropertyValueSpecification\",\"valueRequired\":true,\"valueName\":\"search_term_string\"}}],\"inLanguage\":\"ga-IE\"},{\"@type\":\"Organization\",\"@id\":\"https:\/\/leatai.com\/ga\/#organization\",\"name\":\"Leatai Diary, customized journal and business organizer\",\"url\":\"https:\/\/leatai.com\/ga\/\",\"logo\":{\"@type\":\"ImageObject\",\"inLanguage\":\"ga-IE\",\"@id\":\"https:\/\/leatai.com\/ga\/#\/schema\/logo\/image\/\",\"url\":\"https:\/\/leatai.com\/wp-content\/uploads\/logo-blue.png\",\"contentUrl\":\"https:\/\/leatai.com\/wp-content\/uploads\/logo-blue.png\",\"width\":230,\"height\":60,\"caption\":\"Leatai Diary, customized journal and business organizer\"},\"image\":{\"@id\":\"https:\/\/leatai.com\/ga\/#\/schema\/logo\/image\/\"}}]}<\/script>\n<!-- \/ Yoast SEO plugin. -->","yoast_head_json":{"title":"Stamp\u00e1il \u00f3ir agus pr\u00f3ise\u00e1il bhrand\u00e1la le l\u00f3d\u00e1il teasa - Leatai \u2013 Monar\u00f3ir Leabhair N\u00f3ta\u00ed Saincheaptha","description":"M\u00edreanna pr\u00f3ise\u00e1la seachfhoinsithe: Stamp\u00e1il \u00f3ir, l\u00f3d\u00e1il teasa, Cur s\u00edos ar an \u00e1bhar: \u00das\u00e1idtear pl\u00e1ta since, agus cuirtear teas agus br\u00fa i bhfeidhm ar \u00e1bhar leathair n\u00f3 p\u00e1ip\u00e9ir chun an pr\u00f3iseas a chur i gcr\u00edch. Roghna\u00edtear an scragall \u00f3ir de r\u00e9ir \u00e1bhair \u00e9ags\u00fala, agus t\u00e1 inoiri\u00fanaitheacht \u00e9ags\u00fail ag gach \u00e1bhar. Leanann an l\u00f3d\u00e1il teasa an prionsabal c\u00e9anna; n\u00ed g\u00e1 go n-athr\u00f3idh dath an leathair.","robots":{"index":"index","follow":"follow","max-snippet":"max-snippet:-1","max-image-preview":"max-image-preview:large","max-video-preview":"max-video-preview:-1"},"canonical":"https:\/\/leatai.com\/ga\/product\/deantusaiocht-eile\/stampail-oir-agus-proiseail-bhrandala-le-lodail-teasa\/","og_locale":"ga_IE","og_type":"article","og_title":"Stamp\u00e1il \u00f3ir agus pr\u00f3ise\u00e1il bhrand\u00e1la le l\u00f3d\u00e1il teasa - Leatai \u2013 Monar\u00f3ir Leabhair N\u00f3ta\u00ed Saincheaptha","og_description":"M\u00edreanna pr\u00f3ise\u00e1la seachfhoinsithe: Stamp\u00e1il \u00f3ir, l\u00f3d\u00e1il teasa, Cur s\u00edos ar an \u00e1bhar: \u00das\u00e1idtear pl\u00e1ta since, agus cuirtear teas agus br\u00fa i bhfeidhm ar \u00e1bhar leathair n\u00f3 p\u00e1ip\u00e9ir chun an pr\u00f3iseas a chur i gcr\u00edch. Roghna\u00edtear an scragall \u00f3ir de r\u00e9ir \u00e1bhair \u00e9ags\u00fala, agus t\u00e1 inoiri\u00fanaitheacht \u00e9ags\u00fail ag gach \u00e1bhar. Leanann an l\u00f3d\u00e1il teasa an prionsabal c\u00e9anna; n\u00ed g\u00e1 go n-athr\u00f3idh dath an leathair.","og_url":"https:\/\/leatai.com\/ga\/product\/deantusaiocht-eile\/stampail-oir-agus-proiseail-bhrandala-le-lodail-teasa\/","og_site_name":"Leatai \u2013 Monar\u00f3ir Leabhair N\u00f3ta\u00ed Saincheaptha","article_modified_time":"2026-01-26T09:32:29+00:00","og_image":[{"width":1000,"height":750,"url":"https:\/\/leatai.com\/wp-content\/uploads\/2016_01_20_1505510.jpg","type":"image\/jpeg"}],"twitter_card":"summary_large_image","twitter_misc":{"Est. reading time":"1 minute"},"schema":{"@context":"https:\/\/schema.org","@graph":[{"@type":"WebPage","@id":"https:\/\/leatai.com\/ga\/product\/deantusaiocht-eile\/stampail-oir-agus-proiseail-bhrandala-le-lodail-teasa\/","url":"https:\/\/leatai.com\/ga\/product\/deantusaiocht-eile\/stampail-oir-agus-proiseail-bhrandala-le-lodail-teasa\/","name":"Stamp\u00e1il \u00f3ir agus pr\u00f3ise\u00e1il bhrand\u00e1la le l\u00f3d\u00e1il teasa - Leatai \u2013 Monar\u00f3ir Leabhair N\u00f3ta\u00ed Saincheaptha","isPartOf":{"@id":"https:\/\/leatai.com\/ga\/#website"},"primaryImageOfPage":{"@id":"https:\/\/leatai.com\/ga\/product\/deantusaiocht-eile\/stampail-oir-agus-proiseail-bhrandala-le-lodail-teasa\/#primaryimage"},"image":{"@id":"https:\/\/leatai.com\/ga\/product\/deantusaiocht-eile\/stampail-oir-agus-proiseail-bhrandala-le-lodail-teasa\/#primaryimage"},"thumbnailUrl":"https:\/\/leatai.com\/wp-content\/uploads\/2016_01_20_1505510.jpg","datePublished":"2021-06-24T05:22:22+00:00","dateModified":"2026-01-26T09:32:29+00:00","description":"M\u00edreanna pr\u00f3ise\u00e1la seachfhoinsithe: Stamp\u00e1il \u00f3ir, l\u00f3d\u00e1il teasa, Cur s\u00edos ar an \u00e1bhar: \u00das\u00e1idtear pl\u00e1ta since, agus cuirtear teas agus br\u00fa i bhfeidhm ar \u00e1bhar leathair n\u00f3 p\u00e1ip\u00e9ir chun an pr\u00f3iseas a chur i gcr\u00edch. Roghna\u00edtear an scragall \u00f3ir de r\u00e9ir \u00e1bhair \u00e9ags\u00fala, agus t\u00e1 inoiri\u00fanaitheacht \u00e9ags\u00fail ag gach \u00e1bhar. Leanann an l\u00f3d\u00e1il teasa an prionsabal c\u00e9anna; n\u00ed g\u00e1 go n-athr\u00f3idh dath an leathair.","breadcrumb":{"@id":"https:\/\/leatai.com\/ga\/product\/deantusaiocht-eile\/stampail-oir-agus-proiseail-bhrandala-le-lodail-teasa\/#breadcrumb"},"inLanguage":"ga-IE","potentialAction":[{"@type":"ReadAction","target":["https:\/\/leatai.com\/ga\/product\/deantusaiocht-eile\/stampail-oir-agus-proiseail-bhrandala-le-lodail-teasa\/"]}]},{"@type":"ImageObject","inLanguage":"ga-IE","@id":"https:\/\/leatai.com\/ga\/product\/deantusaiocht-eile\/stampail-oir-agus-proiseail-bhrandala-le-lodail-teasa\/#primaryimage","url":"https:\/\/leatai.com\/wp-content\/uploads\/2016_01_20_1505510.jpg","contentUrl":"https:\/\/leatai.com\/wp-content\/uploads\/2016_01_20_1505510.jpg","width":1000,"height":750,"caption":"Stamp\u00e1il \u00f3ir agus pr\u00f3ise\u00e1il bhrand\u00e1la le l\u00f3d\u00e1il teasa"},{"@type":"BreadcrumbList","@id":"https:\/\/leatai.com\/ga\/product\/deantusaiocht-eile\/stampail-oir-agus-proiseail-bhrandala-le-lodail-teasa\/#breadcrumb","itemListElement":[{"@type":"ListItem","position":1,"name":"Home","item":"https:\/\/leatai.com\/ga\/"},{"@type":"ListItem","position":2,"name":"Cur i l\u00e1thair T\u00e1irg\u00ed","item":"https:\/\/leatai.com\/products\/"},{"@type":"ListItem","position":3,"name":"D\u00e9ant\u00fasa\u00edocht eile","item":"https:\/\/leatai.com\/ga\/product-category\/deantusaiocht-eile\/"},{"@type":"ListItem","position":4,"name":"Stamp\u00e1il \u00f3ir agus pr\u00f3ise\u00e1il bhrand\u00e1la le l\u00f3d\u00e1il teasa"}]},{"@type":"WebSite","@id":"https:\/\/leatai.com\/ga\/#website","url":"https:\/\/leatai.com\/ga\/","name":"Leatai \u2013 Monar\u00f3ir Leabhair N\u00f3ta\u00ed Saincheaptha","description":"Sol\u00e1thra\u00edonn Leatai leabhair n\u00f3ta\u00ed agus plean\u00e1laithe saincheaptha do bhranda\u00ed agus d\u00e1ileoir\u00ed ar fud an domhain.","publisher":{"@id":"https:\/\/leatai.com\/ga\/#organization"},"potentialAction":[{"@type":"SearchAction","target":{"@type":"EntryPoint","urlTemplate":"https:\/\/leatai.com\/ga\/?s={search_term_string}"},"query-input":{"@type":"PropertyValueSpecification","valueRequired":true,"valueName":"search_term_string"}}],"inLanguage":"ga-IE"},{"@type":"Organization","@id":"https:\/\/leatai.com\/ga\/#organization","name":"Leatai Diary, customized journal and business organizer","url":"https:\/\/leatai.com\/ga\/","logo":{"@type":"ImageObject","inLanguage":"ga-IE","@id":"https:\/\/leatai.com\/ga\/#\/schema\/logo\/image\/","url":"https:\/\/leatai.com\/wp-content\/uploads\/logo-blue.png","contentUrl":"https:\/\/leatai.com\/wp-content\/uploads\/logo-blue.png","width":230,"height":60,"caption":"Leatai Diary, customized journal and business organizer"},"image":{"@id":"https:\/\/leatai.com\/ga\/#\/schema\/logo\/image\/"}}]}},"_links":{"self":[{"href":"https:\/\/leatai.com\/ga\/wp-json\/wp\/v2\/product\/265073","targetHints":{"allow":["GET"]}}],"collection":[{"href":"https:\/\/leatai.com\/ga\/wp-json\/wp\/v2\/product"}],"about":[{"href":"https:\/\/leatai.com\/ga\/wp-json\/wp\/v2\/types\/product"}],"wp:featuredmedia":[{"embeddable":true,"href":"https:\/\/leatai.com\/ga\/wp-json\/wp\/v2\/media\/265074"}],"wp:attachment":[{"href":"https:\/\/leatai.com\/ga\/wp-json\/wp\/v2\/media?parent=265073"}],"wp:term":[{"taxonomy":"product_brand","embeddable":true,"href":"https:\/\/leatai.com\/ga\/wp-json\/wp\/v2\/product_brand?post=265073"},{"taxonomy":"product_cat","embeddable":true,"href":"https:\/\/leatai.com\/ga\/wp-json\/wp\/v2\/product_cat?post=265073"},{"taxonomy":"product_tag","embeddable":true,"href":"https:\/\/leatai.com\/ga\/wp-json\/wp\/v2\/product_tag?post=265073"},{"taxonomy":"home_works","embeddable":true,"href":"https:\/\/leatai.com\/ga\/wp-json\/wp\/v2\/home_works?post=265073"}],"curies":[{"name":"wp","href":"https:\/\/api.w.org\/{rel}","templated":true}]}}