{"id":264385,"date":"2021-08-19T21:09:21","date_gmt":"2021-08-19T13:09:21","guid":{"rendered":"https:\/\/leatai.com\/product\/uncategorized\/rotary-trading\/"},"modified":"2026-01-26T10:25:44","modified_gmt":"2026-01-26T02:25:44","slug":"rotary-trading","status":"publish","type":"product","link":"https:\/\/leatai.com\/ga\/product\/samplai-oem-eagsula\/leabhar-crua-cheangailte-oem\/rotary-trading\/","title":{"rendered":"Rotary Trading"},"content":{"rendered":"<p>Ainm an chliaint: Rotary Trading<br \/>\nM\u00e9id an ch\u00e1is: 25K<br \/>\nSt\u00edl an ch\u00e1is: Leabhar n\u00f3ta\u00ed crua-chl\u00fadaigh<br \/>\n\u00c9ifeacht chl\u00fadaigh an ch\u00e1is: Brand\u00e1il d\u00f3ite<br \/>\nPr\u00edomhghn\u00e9ithe: Measc\u00e1n neamhchoitianta de chorcra agus gorm dorcha; ar an gc\u00e9ad amharc b\u2019fh\u00e9idir go motha\u00edonn s\u00e9 beag\u00e1n neamhghn\u00e1ch, ach go d\u00edreach d\u00e1 bharr sin f\u00e1gann s\u00e9 tuiscint dhomhain, d\u00edreach cos\u00fail leis an mbranda at\u00e1 os cionn seacht\u00f3 bliain d\u2019aois, le f\u00eds uath\u00fail.<\/p>\n<p>\ud83d\udcd6 Gach sampla saincheaptha\uff1a<a href=\"https:\/\/leatai.com\/ga\/product-tag\/oem-ga\/\" target=\"_blank\" rel=\"noopener\">Leabhair n\u00f3ta\u00ed saincheaptha \/ Dialanna gn\u00f3 saincheaptha<\/a><br \/>\n\ud83d\udcd6 Le haghaidh t\u00e1irg\u00ed caighde\u00e1nacha leabhar n\u00f3ta\u00ed \/ dialanna gn\u00f3 saincheaptha, f\u00e9ach ar:<br \/>\n<a href=\"https:\/\/leatai.com\/ga\/product-category\/leabhar-notai-saincheaptha\/leabhar-notai-cludaigh-chrua\/\" target=\"_blank\" rel=\"noopener\">Leabhair n\u00f3ta\u00ed cl\u00fadach crua \/ Dialanna gn\u00f3 cl\u00fadach crua<\/a><br \/>\n<a href=\"https:\/\/leatai.com\/ga\/product-category\/leabhar-notai-saincheaptha\/leabhar-notai-duilleoga-scaoilte\/\" target=\"_blank\" rel=\"noopener\">Leabhair n\u00f3ta\u00ed le leathanaigh inbhainte \/ Dialanna gn\u00f3 le leathanaigh inbhainte<\/a><br \/>\n<a href=\"https:\/\/leatai.com\/ga\/product-category\/leabhar-notai-saincheaptha\/leabhar-notai-inbhainte\/\" target=\"_blank\" rel=\"noopener\">Leabhair leathanaigh inbhainte inscartha \/ Dialanna gn\u00f3 le leathanaigh inbhainte inscartha<\/a><br \/>\n<a href=\"https:\/\/leatai.com\/ga\/product-category\/leabhar-notai-saincheaptha\/leabhar-notai-cludach-bog\/\" target=\"_blank\" rel=\"noopener\">Leabhair n\u00f3ta\u00ed cl\u00fadach bog \/ Dialanna gn\u00f3 cl\u00fadach bog<\/a><br \/>\n<a href=\"https:\/\/leatai.com\/ga\/product-category\/leabhar-notai-saincheaptha\/leabhar-notai-biseach\/\" target=\"_blank\" rel=\"noopener\">Leabhair n\u00f3ta\u00ed b\u00edseach \/ Dialanna gn\u00f3 b\u00edseach<\/a><\/p>\n<p>\ud83d\udcd6 Le haghaidh m\u00edni\u00fa ioml\u00e1n ar mh\u00e9ideanna, f\u00e9ach ar: <a href=\"https:\/\/leatai.com\/ga\/eolas-leabhar-notai\/treoir-ar-mheideanna-paipeir-ag-tuigbheail-na-meideanna-coitianta-cosuil-le-b3-a4-b5-8k-16k-agus-tuilleadh-cairt-meid-chuimsitheach-le-haghaidh-tagartha-easca\/\" target=\"_blank\" rel=\"noopener\">Treoir m\u00e9ideanna p\u00e1ip\u00e9ir\uff1aConas a dh\u00e9antar idirdheal\u00fa idir m\u00e9ideanna coitianta mar B3, A4, B5, 8K, 16K srl? T\u00e1bla compar\u00e1ide m\u00e9ideanna p\u00e1ip\u00e9ir at\u00e1 \u00e9asca le tuiscint!<\/a><\/p>\n","protected":false},"excerpt":{"rendered":"<p>Ainm an chliaint: Rotary Trading M\u00e9id an ch\u00e1is: 25K St\u00edl an ch\u00e1is: Leabhar n\u00f3ta\u00ed crua-chl\u00fadaigh \u00c9ifeacht chl\u00fadaigh an ch\u00e1is: Brand\u00e1il d\u00f3ite Pr\u00edomhghn\u00e9ithe: Measc\u00e1n neamhchoitianta de chorcra agus gorm dorcha; ar an gc\u00e9ad amharc b\u2019fh\u00e9idir go motha\u00edonn s\u00e9 beag\u00e1n neamhghn\u00e1ch, ach go d\u00edreach d\u00e1 bharr sin f\u00e1gann s\u00e9 tuiscint dhomhain, d\u00edreach cos\u00fail leis an mbranda at\u00e1 [&hellip;]<\/p>\n","protected":false},"featured_media":264388,"template":"","meta":{"_acf_changed":false},"product_brand":[],"product_cat":[882],"product_tag":[1546],"home_works":[],"class_list":{"0":"post-264385","1":"product","2":"type-product","3":"status-publish","4":"has-post-thumbnail","6":"product_cat-leabhar-crua-cheangailte-oem","7":"product_tag-oem-ga","9":"first","10":"outofstock","11":"sold-individually","12":"shipping-taxable","13":"purchasable","14":"product-type-variable","15":"has-default-attributes"},"acf":[],"yoast_head":"<!-- This site is optimized with the Yoast SEO plugin v27.2 - https:\/\/yoast.com\/product\/yoast-seo-wordpress\/ -->\n<title>Rotary Trading - Leatai \u2013 Monar\u00f3ir Leabhair N\u00f3ta\u00ed Saincheaptha<\/title>\n<meta name=\"description\" content=\"Ainm an chliaint: Rotary Trading M\u00e9id an ch\u00e1is: 25K St\u00edl an ch\u00e1is: Leabhar n\u00f3ta\u00ed crua-chl\u00fadaigh \u00c9ifeacht chl\u00fadaigh an ch\u00e1is: Brand\u00e1il d\u00f3ite Pr\u00edomhghn\u00e9ithe: Measc\u00e1n neamhchoitianta de chorcra agus gorm dorcha; ar an gc\u00e9ad amharc b\u2019fh\u00e9idir go motha\u00edonn s\u00e9 beag\u00e1n neamhghn\u00e1ch, ach go d\u00edreach d\u00e1 bharr sin f\u00e1gann s\u00e9 tuiscint dhomhain, d\u00edreach cos\u00fail leis an mbranda at\u00e1 os cionn seacht\u00f3 bliain d\u2019aois, le f\u00eds uath\u00fail.\" \/>\n<meta name=\"robots\" content=\"index, follow, max-snippet:-1, max-image-preview:large, max-video-preview:-1\" \/>\n<link rel=\"canonical\" href=\"https:\/\/leatai.com\/ga\/product\/samplai-oem-eagsula\/leabhar-crua-cheangailte-oem\/rotary-trading\/\" \/>\n<meta property=\"og:locale\" content=\"ga_IE\" \/>\n<meta property=\"og:type\" content=\"article\" \/>\n<meta property=\"og:title\" content=\"Rotary Trading - Leatai \u2013 Monar\u00f3ir Leabhair N\u00f3ta\u00ed Saincheaptha\" \/>\n<meta property=\"og:description\" content=\"Ainm an chliaint: Rotary Trading M\u00e9id an ch\u00e1is: 25K St\u00edl an ch\u00e1is: Leabhar n\u00f3ta\u00ed crua-chl\u00fadaigh \u00c9ifeacht chl\u00fadaigh an ch\u00e1is: Brand\u00e1il d\u00f3ite Pr\u00edomhghn\u00e9ithe: Measc\u00e1n neamhchoitianta de chorcra agus gorm dorcha; ar an gc\u00e9ad amharc b\u2019fh\u00e9idir go motha\u00edonn s\u00e9 beag\u00e1n neamhghn\u00e1ch, ach go d\u00edreach d\u00e1 bharr sin f\u00e1gann s\u00e9 tuiscint dhomhain, d\u00edreach cos\u00fail leis an mbranda at\u00e1 os cionn seacht\u00f3 bliain d\u2019aois, le f\u00eds uath\u00fail.\" \/>\n<meta property=\"og:url\" content=\"https:\/\/leatai.com\/ga\/product\/samplai-oem-eagsula\/leabhar-crua-cheangailte-oem\/rotary-trading\/\" \/>\n<meta property=\"og:site_name\" content=\"Leatai \u2013 Monar\u00f3ir Leabhair N\u00f3ta\u00ed Saincheaptha\" \/>\n<meta property=\"article:modified_time\" content=\"2026-01-26T02:25:44+00:00\" \/>\n<meta property=\"og:image\" content=\"https:\/\/leatai.com\/wp-content\/uploads\/DSC_0580.jpg\" \/>\n\t<meta property=\"og:image:width\" content=\"1000\" \/>\n\t<meta property=\"og:image:height\" content=\"750\" \/>\n\t<meta property=\"og:image:type\" content=\"image\/jpeg\" \/>\n<meta name=\"twitter:card\" content=\"summary_large_image\" \/>\n<meta name=\"twitter:label1\" content=\"Est. reading time\" \/>\n\t<meta name=\"twitter:data1\" content=\"2 minutes\" \/>\n<script type=\"application\/ld+json\" class=\"yoast-schema-graph\">{\"@context\":\"https:\/\/schema.org\",\"@graph\":[{\"@type\":\"WebPage\",\"@id\":\"https:\/\/leatai.com\/ga\/product\/samplai-oem-eagsula\/leabhar-crua-cheangailte-oem\/rotary-trading\/\",\"url\":\"https:\/\/leatai.com\/ga\/product\/samplai-oem-eagsula\/leabhar-crua-cheangailte-oem\/rotary-trading\/\",\"name\":\"Rotary Trading - Leatai \u2013 Monar\u00f3ir Leabhair N\u00f3ta\u00ed Saincheaptha\",\"isPartOf\":{\"@id\":\"https:\/\/leatai.com\/ga\/#website\"},\"primaryImageOfPage\":{\"@id\":\"https:\/\/leatai.com\/ga\/product\/samplai-oem-eagsula\/leabhar-crua-cheangailte-oem\/rotary-trading\/#primaryimage\"},\"image\":{\"@id\":\"https:\/\/leatai.com\/ga\/product\/samplai-oem-eagsula\/leabhar-crua-cheangailte-oem\/rotary-trading\/#primaryimage\"},\"thumbnailUrl\":\"https:\/\/leatai.com\/wp-content\/uploads\/DSC_0580.jpg\",\"datePublished\":\"2021-08-19T13:09:21+00:00\",\"dateModified\":\"2026-01-26T02:25:44+00:00\",\"description\":\"Ainm an chliaint: Rotary Trading M\u00e9id an ch\u00e1is: 25K St\u00edl an ch\u00e1is: Leabhar n\u00f3ta\u00ed crua-chl\u00fadaigh \u00c9ifeacht chl\u00fadaigh an ch\u00e1is: Brand\u00e1il d\u00f3ite Pr\u00edomhghn\u00e9ithe: Measc\u00e1n neamhchoitianta de chorcra agus gorm dorcha; ar an gc\u00e9ad amharc b\u2019fh\u00e9idir go motha\u00edonn s\u00e9 beag\u00e1n neamhghn\u00e1ch, ach go d\u00edreach d\u00e1 bharr sin f\u00e1gann s\u00e9 tuiscint dhomhain, d\u00edreach cos\u00fail leis an mbranda at\u00e1 os cionn seacht\u00f3 bliain d\u2019aois, le f\u00eds uath\u00fail.\",\"breadcrumb\":{\"@id\":\"https:\/\/leatai.com\/ga\/product\/samplai-oem-eagsula\/leabhar-crua-cheangailte-oem\/rotary-trading\/#breadcrumb\"},\"inLanguage\":\"ga-IE\",\"potentialAction\":[{\"@type\":\"ReadAction\",\"target\":[\"https:\/\/leatai.com\/ga\/product\/samplai-oem-eagsula\/leabhar-crua-cheangailte-oem\/rotary-trading\/\"]}]},{\"@type\":\"ImageObject\",\"inLanguage\":\"ga-IE\",\"@id\":\"https:\/\/leatai.com\/ga\/product\/samplai-oem-eagsula\/leabhar-crua-cheangailte-oem\/rotary-trading\/#primaryimage\",\"url\":\"https:\/\/leatai.com\/wp-content\/uploads\/DSC_0580.jpg\",\"contentUrl\":\"https:\/\/leatai.com\/wp-content\/uploads\/DSC_0580.jpg\",\"width\":1000,\"height\":750,\"caption\":\"Cl\u00fadach crua\"},{\"@type\":\"BreadcrumbList\",\"@id\":\"https:\/\/leatai.com\/ga\/product\/samplai-oem-eagsula\/leabhar-crua-cheangailte-oem\/rotary-trading\/#breadcrumb\",\"itemListElement\":[{\"@type\":\"ListItem\",\"position\":1,\"name\":\"Home\",\"item\":\"https:\/\/leatai.com\/ga\/\"},{\"@type\":\"ListItem\",\"position\":2,\"name\":\"Cur i l\u00e1thair T\u00e1irg\u00ed\",\"item\":\"https:\/\/leatai.com\/products\/\"},{\"@type\":\"ListItem\",\"position\":3,\"name\":\"Sampla\u00ed OEM \u00c9ags\u00fala\",\"item\":\"https:\/\/leatai.com\/ga\/product-category\/samplai-oem-eagsula\/\"},{\"@type\":\"ListItem\",\"position\":4,\"name\":\"Leabhar Crua-cheangailte OEM\",\"item\":\"https:\/\/leatai.com\/ga\/product-category\/samplai-oem-eagsula\/leabhar-crua-cheangailte-oem\/\"},{\"@type\":\"ListItem\",\"position\":5,\"name\":\"Rotary Trading\"}]},{\"@type\":\"WebSite\",\"@id\":\"https:\/\/leatai.com\/ga\/#website\",\"url\":\"https:\/\/leatai.com\/ga\/\",\"name\":\"Leatai \u2013 Monar\u00f3ir Leabhair N\u00f3ta\u00ed Saincheaptha\",\"description\":\"Sol\u00e1thra\u00edonn Leatai leabhair n\u00f3ta\u00ed agus plean\u00e1laithe saincheaptha do bhranda\u00ed agus d\u00e1ileoir\u00ed ar fud an domhain.\",\"publisher\":{\"@id\":\"https:\/\/leatai.com\/ga\/#organization\"},\"potentialAction\":[{\"@type\":\"SearchAction\",\"target\":{\"@type\":\"EntryPoint\",\"urlTemplate\":\"https:\/\/leatai.com\/ga\/?s={search_term_string}\"},\"query-input\":{\"@type\":\"PropertyValueSpecification\",\"valueRequired\":true,\"valueName\":\"search_term_string\"}}],\"inLanguage\":\"ga-IE\"},{\"@type\":\"Organization\",\"@id\":\"https:\/\/leatai.com\/ga\/#organization\",\"name\":\"Leatai Diary, customized journal and business organizer\",\"url\":\"https:\/\/leatai.com\/ga\/\",\"logo\":{\"@type\":\"ImageObject\",\"inLanguage\":\"ga-IE\",\"@id\":\"https:\/\/leatai.com\/ga\/#\/schema\/logo\/image\/\",\"url\":\"https:\/\/leatai.com\/wp-content\/uploads\/logo-blue.png\",\"contentUrl\":\"https:\/\/leatai.com\/wp-content\/uploads\/logo-blue.png\",\"width\":230,\"height\":60,\"caption\":\"Leatai Diary, customized journal and business organizer\"},\"image\":{\"@id\":\"https:\/\/leatai.com\/ga\/#\/schema\/logo\/image\/\"}}]}<\/script>\n<!-- \/ Yoast SEO plugin. -->","yoast_head_json":{"title":"Rotary Trading - Leatai \u2013 Monar\u00f3ir Leabhair N\u00f3ta\u00ed Saincheaptha","description":"Ainm an chliaint: Rotary Trading M\u00e9id an ch\u00e1is: 25K St\u00edl an ch\u00e1is: Leabhar n\u00f3ta\u00ed crua-chl\u00fadaigh \u00c9ifeacht chl\u00fadaigh an ch\u00e1is: Brand\u00e1il d\u00f3ite Pr\u00edomhghn\u00e9ithe: Measc\u00e1n neamhchoitianta de chorcra agus gorm dorcha; ar an gc\u00e9ad amharc b\u2019fh\u00e9idir go motha\u00edonn s\u00e9 beag\u00e1n neamhghn\u00e1ch, ach go d\u00edreach d\u00e1 bharr sin f\u00e1gann s\u00e9 tuiscint dhomhain, d\u00edreach cos\u00fail leis an mbranda at\u00e1 os cionn seacht\u00f3 bliain d\u2019aois, le f\u00eds uath\u00fail.","robots":{"index":"index","follow":"follow","max-snippet":"max-snippet:-1","max-image-preview":"max-image-preview:large","max-video-preview":"max-video-preview:-1"},"canonical":"https:\/\/leatai.com\/ga\/product\/samplai-oem-eagsula\/leabhar-crua-cheangailte-oem\/rotary-trading\/","og_locale":"ga_IE","og_type":"article","og_title":"Rotary Trading - Leatai \u2013 Monar\u00f3ir Leabhair N\u00f3ta\u00ed Saincheaptha","og_description":"Ainm an chliaint: Rotary Trading M\u00e9id an ch\u00e1is: 25K St\u00edl an ch\u00e1is: Leabhar n\u00f3ta\u00ed crua-chl\u00fadaigh \u00c9ifeacht chl\u00fadaigh an ch\u00e1is: Brand\u00e1il d\u00f3ite Pr\u00edomhghn\u00e9ithe: Measc\u00e1n neamhchoitianta de chorcra agus gorm dorcha; ar an gc\u00e9ad amharc b\u2019fh\u00e9idir go motha\u00edonn s\u00e9 beag\u00e1n neamhghn\u00e1ch, ach go d\u00edreach d\u00e1 bharr sin f\u00e1gann s\u00e9 tuiscint dhomhain, d\u00edreach cos\u00fail leis an mbranda at\u00e1 os cionn seacht\u00f3 bliain d\u2019aois, le f\u00eds uath\u00fail.","og_url":"https:\/\/leatai.com\/ga\/product\/samplai-oem-eagsula\/leabhar-crua-cheangailte-oem\/rotary-trading\/","og_site_name":"Leatai \u2013 Monar\u00f3ir Leabhair N\u00f3ta\u00ed Saincheaptha","article_modified_time":"2026-01-26T02:25:44+00:00","og_image":[{"width":1000,"height":750,"url":"https:\/\/leatai.com\/wp-content\/uploads\/DSC_0580.jpg","type":"image\/jpeg"}],"twitter_card":"summary_large_image","twitter_misc":{"Est. reading time":"2 minutes"},"schema":{"@context":"https:\/\/schema.org","@graph":[{"@type":"WebPage","@id":"https:\/\/leatai.com\/ga\/product\/samplai-oem-eagsula\/leabhar-crua-cheangailte-oem\/rotary-trading\/","url":"https:\/\/leatai.com\/ga\/product\/samplai-oem-eagsula\/leabhar-crua-cheangailte-oem\/rotary-trading\/","name":"Rotary Trading - Leatai \u2013 Monar\u00f3ir Leabhair N\u00f3ta\u00ed Saincheaptha","isPartOf":{"@id":"https:\/\/leatai.com\/ga\/#website"},"primaryImageOfPage":{"@id":"https:\/\/leatai.com\/ga\/product\/samplai-oem-eagsula\/leabhar-crua-cheangailte-oem\/rotary-trading\/#primaryimage"},"image":{"@id":"https:\/\/leatai.com\/ga\/product\/samplai-oem-eagsula\/leabhar-crua-cheangailte-oem\/rotary-trading\/#primaryimage"},"thumbnailUrl":"https:\/\/leatai.com\/wp-content\/uploads\/DSC_0580.jpg","datePublished":"2021-08-19T13:09:21+00:00","dateModified":"2026-01-26T02:25:44+00:00","description":"Ainm an chliaint: Rotary Trading M\u00e9id an ch\u00e1is: 25K St\u00edl an ch\u00e1is: Leabhar n\u00f3ta\u00ed crua-chl\u00fadaigh \u00c9ifeacht chl\u00fadaigh an ch\u00e1is: Brand\u00e1il d\u00f3ite Pr\u00edomhghn\u00e9ithe: Measc\u00e1n neamhchoitianta de chorcra agus gorm dorcha; ar an gc\u00e9ad amharc b\u2019fh\u00e9idir go motha\u00edonn s\u00e9 beag\u00e1n neamhghn\u00e1ch, ach go d\u00edreach d\u00e1 bharr sin f\u00e1gann s\u00e9 tuiscint dhomhain, d\u00edreach cos\u00fail leis an mbranda at\u00e1 os cionn seacht\u00f3 bliain d\u2019aois, le f\u00eds uath\u00fail.","breadcrumb":{"@id":"https:\/\/leatai.com\/ga\/product\/samplai-oem-eagsula\/leabhar-crua-cheangailte-oem\/rotary-trading\/#breadcrumb"},"inLanguage":"ga-IE","potentialAction":[{"@type":"ReadAction","target":["https:\/\/leatai.com\/ga\/product\/samplai-oem-eagsula\/leabhar-crua-cheangailte-oem\/rotary-trading\/"]}]},{"@type":"ImageObject","inLanguage":"ga-IE","@id":"https:\/\/leatai.com\/ga\/product\/samplai-oem-eagsula\/leabhar-crua-cheangailte-oem\/rotary-trading\/#primaryimage","url":"https:\/\/leatai.com\/wp-content\/uploads\/DSC_0580.jpg","contentUrl":"https:\/\/leatai.com\/wp-content\/uploads\/DSC_0580.jpg","width":1000,"height":750,"caption":"Cl\u00fadach crua"},{"@type":"BreadcrumbList","@id":"https:\/\/leatai.com\/ga\/product\/samplai-oem-eagsula\/leabhar-crua-cheangailte-oem\/rotary-trading\/#breadcrumb","itemListElement":[{"@type":"ListItem","position":1,"name":"Home","item":"https:\/\/leatai.com\/ga\/"},{"@type":"ListItem","position":2,"name":"Cur i l\u00e1thair T\u00e1irg\u00ed","item":"https:\/\/leatai.com\/products\/"},{"@type":"ListItem","position":3,"name":"Sampla\u00ed OEM \u00c9ags\u00fala","item":"https:\/\/leatai.com\/ga\/product-category\/samplai-oem-eagsula\/"},{"@type":"ListItem","position":4,"name":"Leabhar Crua-cheangailte OEM","item":"https:\/\/leatai.com\/ga\/product-category\/samplai-oem-eagsula\/leabhar-crua-cheangailte-oem\/"},{"@type":"ListItem","position":5,"name":"Rotary Trading"}]},{"@type":"WebSite","@id":"https:\/\/leatai.com\/ga\/#website","url":"https:\/\/leatai.com\/ga\/","name":"Leatai \u2013 Monar\u00f3ir Leabhair N\u00f3ta\u00ed Saincheaptha","description":"Sol\u00e1thra\u00edonn Leatai leabhair n\u00f3ta\u00ed agus plean\u00e1laithe saincheaptha do bhranda\u00ed agus d\u00e1ileoir\u00ed ar fud an domhain.","publisher":{"@id":"https:\/\/leatai.com\/ga\/#organization"},"potentialAction":[{"@type":"SearchAction","target":{"@type":"EntryPoint","urlTemplate":"https:\/\/leatai.com\/ga\/?s={search_term_string}"},"query-input":{"@type":"PropertyValueSpecification","valueRequired":true,"valueName":"search_term_string"}}],"inLanguage":"ga-IE"},{"@type":"Organization","@id":"https:\/\/leatai.com\/ga\/#organization","name":"Leatai Diary, customized journal and business organizer","url":"https:\/\/leatai.com\/ga\/","logo":{"@type":"ImageObject","inLanguage":"ga-IE","@id":"https:\/\/leatai.com\/ga\/#\/schema\/logo\/image\/","url":"https:\/\/leatai.com\/wp-content\/uploads\/logo-blue.png","contentUrl":"https:\/\/leatai.com\/wp-content\/uploads\/logo-blue.png","width":230,"height":60,"caption":"Leatai Diary, customized journal and business organizer"},"image":{"@id":"https:\/\/leatai.com\/ga\/#\/schema\/logo\/image\/"}}]}},"_links":{"self":[{"href":"https:\/\/leatai.com\/ga\/wp-json\/wp\/v2\/product\/264385","targetHints":{"allow":["GET"]}}],"collection":[{"href":"https:\/\/leatai.com\/ga\/wp-json\/wp\/v2\/product"}],"about":[{"href":"https:\/\/leatai.com\/ga\/wp-json\/wp\/v2\/types\/product"}],"wp:featuredmedia":[{"embeddable":true,"href":"https:\/\/leatai.com\/ga\/wp-json\/wp\/v2\/media\/264388"}],"wp:attachment":[{"href":"https:\/\/leatai.com\/ga\/wp-json\/wp\/v2\/media?parent=264385"}],"wp:term":[{"taxonomy":"product_brand","embeddable":true,"href":"https:\/\/leatai.com\/ga\/wp-json\/wp\/v2\/product_brand?post=264385"},{"taxonomy":"product_cat","embeddable":true,"href":"https:\/\/leatai.com\/ga\/wp-json\/wp\/v2\/product_cat?post=264385"},{"taxonomy":"product_tag","embeddable":true,"href":"https:\/\/leatai.com\/ga\/wp-json\/wp\/v2\/product_tag?post=264385"},{"taxonomy":"home_works","embeddable":true,"href":"https:\/\/leatai.com\/ga\/wp-json\/wp\/v2\/home_works?post=264385"}],"curies":[{"name":"wp","href":"https:\/\/api.w.org\/{rel}","templated":true}]}}