{"id":210807,"date":"2025-05-24T21:09:33","date_gmt":"2025-05-24T13:09:33","guid":{"rendered":"https:\/\/leatai.com\/suiomh\/"},"modified":"2025-05-24T21:09:34","modified_gmt":"2025-05-24T13:09:34","slug":"suiomh","status":"publish","type":"page","link":"https:\/\/leatai.com\/ga\/suiomh\/","title":{"rendered":"Su\u00edomh"},"content":{"rendered":"\t\t<div data-elementor-type=\"wp-page\" data-elementor-id=\"210807\" class=\"elementor elementor-210807 elementor-1510\" data-elementor-post-type=\"page\">\n\t\t\t\t\t\t<section class=\"has_ae_slider elementor-section elementor-top-section elementor-element elementor-element-dee1c2e elementor-section-content-middle elementor-section-boxed elementor-section-height-default elementor-section-height-default ae-bg-gallery-type-default\" data-id=\"dee1c2e\" data-element_type=\"section\" data-e-type=\"section\" data-settings=\"{&quot;background_background&quot;:&quot;classic&quot;}\">\n\t\t\t\t\t\t<div class=\"elementor-container elementor-column-gap-default\">\n\t\t\t\t\t<div class=\"has_ae_slider elementor-column elementor-col-33 elementor-top-column elementor-element elementor-element-2ded27b ae-bg-gallery-type-default\" data-id=\"2ded27b\" data-element_type=\"column\" data-e-type=\"column\">\n\t\t\t<div class=\"elementor-widget-wrap elementor-element-populated\">\n\t\t\t\t\t\t<div class=\"elementor-element elementor-element-0bdfdff elementor-widget-divider--view-line elementor-widget elementor-widget-divider\" data-id=\"0bdfdff\" data-element_type=\"widget\" data-e-type=\"widget\" data-widget_type=\"divider.default\">\n\t\t\t\t<div class=\"elementor-widget-container\">\n\t\t\t\t\t\t\t<div class=\"elementor-divider\">\n\t\t\t<span class=\"elementor-divider-separator\">\n\t\t\t\t\t\t<\/span>\n\t\t<\/div>\n\t\t\t\t\t\t<\/div>\n\t\t\t\t<\/div>\n\t\t\t\t\t<\/div>\n\t\t<\/div>\n\t\t\t\t<div class=\"has_ae_slider elementor-column elementor-col-33 elementor-top-column elementor-element elementor-element-467014c ae-bg-gallery-type-default\" data-id=\"467014c\" data-element_type=\"column\" data-e-type=\"column\">\n\t\t\t<div class=\"elementor-widget-wrap elementor-element-populated\">\n\t\t\t\t\t\t<div class=\"elementor-element elementor-element-49136e0 elementor-widget elementor-widget-heading\" data-id=\"49136e0\" data-element_type=\"widget\" data-e-type=\"widget\" data-widget_type=\"heading.default\">\n\t\t\t\t<div class=\"elementor-widget-container\">\n\t\t\t\t\t<h3 class=\"elementor-heading-title elementor-size-default\">Su\u00edomh<\/h3>\t\t\t\t<\/div>\n\t\t\t\t<\/div>\n\t\t\t\t<div class=\"elementor-element elementor-element-2929764 elementor-widget elementor-widget-heading\" data-id=\"2929764\" data-element_type=\"widget\" data-e-type=\"widget\" data-widget_type=\"heading.default\">\n\t\t\t\t<div class=\"elementor-widget-container\">\n\t\t\t\t\t<h1 class=\"elementor-heading-title elementor-size-default\">Cur i l\u00e1thair t\u00e1irg\u00ed<\/h1>\t\t\t\t<\/div>\n\t\t\t\t<\/div>\n\t\t\t\t\t<\/div>\n\t\t<\/div>\n\t\t\t\t<div class=\"has_ae_slider elementor-column elementor-col-33 elementor-top-column elementor-element elementor-element-17975ae ae-bg-gallery-type-default\" data-id=\"17975ae\" data-element_type=\"column\" data-e-type=\"column\">\n\t\t\t<div class=\"elementor-widget-wrap elementor-element-populated\">\n\t\t\t\t\t\t<div class=\"elementor-element elementor-element-87345f7 elementor-widget-divider--view-line elementor-widget elementor-widget-divider\" data-id=\"87345f7\" data-element_type=\"widget\" data-e-type=\"widget\" data-widget_type=\"divider.default\">\n\t\t\t\t<div class=\"elementor-widget-container\">\n\t\t\t\t\t\t\t<div class=\"elementor-divider\">\n\t\t\t<span class=\"elementor-divider-separator\">\n\t\t\t\t\t\t<\/span>\n\t\t<\/div>\n\t\t\t\t\t\t<\/div>\n\t\t\t\t<\/div>\n\t\t\t\t\t<\/div>\n\t\t<\/div>\n\t\t\t\t\t<\/div>\n\t\t<\/section>\n\t\t\t\t<section class=\"has_ae_slider elementor-section elementor-top-section elementor-element elementor-element-807ed6b elementor-section-boxed elementor-section-height-default elementor-section-height-default ae-bg-gallery-type-default\" data-id=\"807ed6b\" data-element_type=\"section\" data-e-type=\"section\">\n\t\t\t\t\t\t<div class=\"elementor-container elementor-column-gap-default\">\n\t\t\t\t\t<div class=\"has_ae_slider elementor-column elementor-col-100 elementor-top-column elementor-element elementor-element-0b6a01d ae-bg-gallery-type-default\" data-id=\"0b6a01d\" data-element_type=\"column\" data-e-type=\"column\">\n\t\t\t<div class=\"elementor-widget-wrap elementor-element-populated\">\n\t\t\t\t\t\t<div class=\"elementor-element elementor-element-507b83b elementor-widget elementor-widget-woocommerce-breadcrumb\" data-id=\"507b83b\" data-element_type=\"widget\" data-e-type=\"widget\" data-widget_type=\"woocommerce-breadcrumb.default\">\n\t\t\t\t<div class=\"elementor-widget-container\">\n\t\t\t\t\t<nav class=\"woocommerce-breadcrumb\" aria-label=\"Breadcrumb\">Home<\/nav>\t\t\t\t<\/div>\n\t\t\t\t<\/div>\n\t\t\t\t\t<\/div>\n\t\t<\/div>\n\t\t\t\t\t<\/div>\n\t\t<\/section>\n\t\t\t\t<section class=\"has_ae_slider elementor-section elementor-top-section elementor-element elementor-element-e093bcd elementor-section-boxed elementor-section-height-default elementor-section-height-default ae-bg-gallery-type-default\" data-id=\"e093bcd\" data-element_type=\"section\" data-e-type=\"section\">\n\t\t\t\t\t\t<div class=\"elementor-container elementor-column-gap-default\">\n\t\t\t\t\t<div class=\"has_ae_slider elementor-column elementor-col-100 elementor-top-column elementor-element elementor-element-3d1e501 ae-bg-gallery-type-default\" data-id=\"3d1e501\" data-element_type=\"column\" data-e-type=\"column\">\n\t\t\t<div class=\"elementor-widget-wrap elementor-element-populated\">\n\t\t\t\t\t\t<div class=\"elementor-element elementor-element-662a8f7 elementor-widget elementor-widget-google_maps\" data-id=\"662a8f7\" data-element_type=\"widget\" data-e-type=\"widget\" data-widget_type=\"google_maps.default\">\n\t\t\t\t<div class=\"elementor-widget-container\">\n\t\t\t\t\t\t\t<div class=\"elementor-custom-embed\">\n\t\t\t<iframe loading=\"lazy\"\n\t\t\t\t\tsrc=\"https:\/\/maps.google.com\/maps?q=%E7%A3%8A%E6%B3%B0Leatai%EF%BC%8D%E5%8F%B0%E7%81%A3%E7%AC%AC%E4%B8%80%E5%93%81%E7%89%8C%E7%AD%86%E8%A8%98%E6%9C%AC%E3%80%81%E5%B7%A5%E5%95%86%E6%97%A5%E8%AA%8C%E8%A3%BD%E9%80%A0%E5%95%86&#038;t=m&#038;z=17&#038;output=embed&#038;iwloc=near\"\n\t\t\t\t\ttitle=\"\u78ca\u6cf0Leatai\uff0d\u53f0\u7063\u7b2c\u4e00\u54c1\u724c\u7b46\u8a18\u672c\u3001\u5de5\u5546\u65e5\u8a8c\u88fd\u9020\u5546\"\n\t\t\t\t\taria-label=\"\u78ca\u6cf0Leatai\uff0d\u53f0\u7063\u7b2c\u4e00\u54c1\u724c\u7b46\u8a18\u672c\u3001\u5de5\u5546\u65e5\u8a8c\u88fd\u9020\u5546\"\n\t\t\t><\/iframe>\n\t\t<\/div>\n\t\t\t\t\t\t<\/div>\n\t\t\t\t<\/div>\n\t\t\t\t<section class=\"has_ae_slider elementor-section elementor-inner-section elementor-element elementor-element-af4d7ba elementor-section-boxed elementor-section-height-default elementor-section-height-default ae-bg-gallery-type-default\" data-id=\"af4d7ba\" data-element_type=\"section\" data-e-type=\"section\">\n\t\t\t\t\t\t<div class=\"elementor-container elementor-column-gap-default\">\n\t\t\t\t\t<div class=\"has_ae_slider elementor-column elementor-col-50 elementor-inner-column elementor-element elementor-element-8558c6a ae-bg-gallery-type-default\" data-id=\"8558c6a\" data-element_type=\"column\" data-e-type=\"column\">\n\t\t\t<div class=\"elementor-widget-wrap elementor-element-populated\">\n\t\t\t\t\t\t<div class=\"elementor-element elementor-element-cfa8b8f elementor-widget elementor-widget-image\" data-id=\"cfa8b8f\" data-element_type=\"widget\" data-e-type=\"widget\" data-widget_type=\"image.default\">\n\t\t\t\t<div class=\"elementor-widget-container\">\n\t\t\t\t\t\t\t\t\t\t\t\t\t\t\t<img fetchpriority=\"high\" decoding=\"async\" width=\"800\" height=\"533\" src=\"https:\/\/leatai.com\/wp-content\/uploads\/\u5927\u4f86\u5ee0\u8fa6\u5730\u5716\u4f4d\u7f6e\u8207\u505c\u8eca\u5834-1200x800.jpg\" class=\"attachment-large size-large wp-image-210811\" alt=\"\" srcset=\"https:\/\/leatai.com\/wp-content\/uploads\/\u5927\u4f86\u5ee0\u8fa6\u5730\u5716\u4f4d\u7f6e\u8207\u505c\u8eca\u5834-1200x800.jpg 1200w, https:\/\/leatai.com\/wp-content\/uploads\/\u5927\u4f86\u5ee0\u8fa6\u5730\u5716\u4f4d\u7f6e\u8207\u505c\u8eca\u5834-356x237.jpg 356w, https:\/\/leatai.com\/wp-content\/uploads\/\u5927\u4f86\u5ee0\u8fa6\u5730\u5716\u4f4d\u7f6e\u8207\u505c\u8eca\u5834-1000x667.jpg 1000w, https:\/\/leatai.com\/wp-content\/uploads\/\u5927\u4f86\u5ee0\u8fa6\u5730\u5716\u4f4d\u7f6e\u8207\u505c\u8eca\u5834-600x400.jpg 600w, https:\/\/leatai.com\/wp-content\/uploads\/\u5927\u4f86\u5ee0\u8fa6\u5730\u5716\u4f4d\u7f6e\u8207\u505c\u8eca\u5834-768x512.jpg 768w, https:\/\/leatai.com\/wp-content\/uploads\/\u5927\u4f86\u5ee0\u8fa6\u5730\u5716\u4f4d\u7f6e\u8207\u505c\u8eca\u5834.jpg 1500w\" sizes=\"(max-width: 800px) 100vw, 800px\" \/>\t\t\t\t\t\t\t\t\t\t\t\t\t\t\t<\/div>\n\t\t\t\t<\/div>\n\t\t\t\t\t<\/div>\n\t\t<\/div>\n\t\t\t\t<div class=\"has_ae_slider elementor-column elementor-col-50 elementor-inner-column elementor-element elementor-element-b0e9c1d ae-bg-gallery-type-default\" data-id=\"b0e9c1d\" data-element_type=\"column\" data-e-type=\"column\">\n\t\t\t<div class=\"elementor-widget-wrap elementor-element-populated\">\n\t\t\t\t\t\t<div class=\"elementor-element elementor-element-72aabb7 elementor-widget elementor-widget-text-editor\" data-id=\"72aabb7\" data-element_type=\"widget\" data-e-type=\"widget\" data-widget_type=\"text-editor.default\">\n\t\t\t\t<div class=\"elementor-widget-container\">\n\t\t\t\t\t\t\t\t\t<p>Ainm na Cuideachta: Leatai Stationary Co., Ltd.<br data-start=\"2299\" data-end=\"2302\" \/>Seoladh: 11\u00fa hUrl\u00e1r, Uimh. 166, B\u00f3thar Jiankang, Ceantar Zhonghe, Cathair Nua Taipei 235, Taiwan (R.O.C.)<br data-start=\"2407\" data-end=\"2410\" \/>Uimhir Theagmh\u00e1la: +886-2-8227-8800<br data-start=\"2445\" data-end=\"2448\" \/>R\u00edomhphost: <a class=\"cursor-pointer\" href=\"mailto:service@leatai.com\" rel=\"noopener\" data-start=\"2460\" data-end=\"2478\">service@leatai.com<\/a><\/p>\n\t\t\t\t\t\t\t\t<\/div>\n\t\t\t\t<\/div>\n\t\t\t\t\t<\/div>\n\t\t<\/div>\n\t\t\t\t\t<\/div>\n\t\t<\/section>\n\t\t\t\t\t<\/div>\n\t\t<\/div>\n\t\t\t\t\t<\/div>\n\t\t<\/section>\n\t\t\t\t<\/div>\n\t\t","protected":false},"excerpt":{"rendered":"<p>Su\u00edomh Ainm na Cuideachta: Leatai Stationary Co., Ltd.Seoladh: 11\u00fa hUrl\u00e1r, Uimh. 166, B\u00f3thar Jiankang, Ceantar Zhonghe, Cathair Nua Taipei 235, Taiwan (R.O.C.)Uimhir Theagmh\u00e1la: +886-2-8227-8800R\u00edomhphost: service@leatai.com<\/p>\n","protected":false},"author":1,"featured_media":0,"parent":0,"menu_order":0,"comment_status":"closed","ping_status":"closed","template":"","meta":{"_acf_changed":false,"footnotes":""},"class_list":["post-210807","page","type-page","status-publish","hentry"],"acf":[],"yoast_head":"<!-- This site is optimized with the Yoast SEO plugin v27.2 - https:\/\/yoast.com\/product\/yoast-seo-wordpress\/ -->\n<title>Su\u00edomh - Leatai \u2013 Monar\u00f3ir Leabhair N\u00f3ta\u00ed Saincheaptha<\/title>\n<meta name=\"description\" content=\"Seo chugat su\u00edomh Leatai chun go mbeidh s\u00e9 n\u00edos \u00e9asca th\u00fa chun sinn a aimsi\u00fa.\" \/>\n<meta name=\"robots\" content=\"index, follow, max-snippet:-1, max-image-preview:large, max-video-preview:-1\" \/>\n<link rel=\"canonical\" href=\"https:\/\/leatai.com\/ga\/suiomh\/\" \/>\n<meta property=\"og:locale\" content=\"ga_IE\" \/>\n<meta property=\"og:type\" content=\"article\" \/>\n<meta property=\"og:title\" content=\"Su\u00edomh - Leatai \u2013 Monar\u00f3ir Leabhair N\u00f3ta\u00ed Saincheaptha\" \/>\n<meta property=\"og:description\" content=\"Seo chugat su\u00edomh Leatai chun go mbeidh s\u00e9 n\u00edos \u00e9asca th\u00fa chun sinn a aimsi\u00fa.\" \/>\n<meta property=\"og:url\" content=\"https:\/\/leatai.com\/ga\/suiomh\/\" \/>\n<meta property=\"og:site_name\" content=\"Leatai \u2013 Monar\u00f3ir Leabhair N\u00f3ta\u00ed Saincheaptha\" \/>\n<meta property=\"article:modified_time\" content=\"2025-05-24T13:09:34+00:00\" \/>\n<meta name=\"twitter:card\" content=\"summary_large_image\" \/>\n<script type=\"application\/ld+json\" class=\"yoast-schema-graph\">{\"@context\":\"https:\/\/schema.org\",\"@graph\":[{\"@type\":\"WebPage\",\"@id\":\"https:\/\/leatai.com\/ga\/suiomh\/\",\"url\":\"https:\/\/leatai.com\/ga\/suiomh\/\",\"name\":\"Su\u00edomh - Leatai \u2013 Monar\u00f3ir Leabhair N\u00f3ta\u00ed Saincheaptha\",\"isPartOf\":{\"@id\":\"https:\/\/leatai.com\/ga\/#website\"},\"datePublished\":\"2025-05-24T13:09:33+00:00\",\"dateModified\":\"2025-05-24T13:09:34+00:00\",\"description\":\"Seo chugat su\u00edomh Leatai chun go mbeidh s\u00e9 n\u00edos \u00e9asca th\u00fa chun sinn a aimsi\u00fa.\",\"breadcrumb\":{\"@id\":\"https:\/\/leatai.com\/ga\/suiomh\/#breadcrumb\"},\"inLanguage\":\"ga-IE\",\"potentialAction\":[{\"@type\":\"ReadAction\",\"target\":[\"https:\/\/leatai.com\/ga\/suiomh\/\"]}]},{\"@type\":\"BreadcrumbList\",\"@id\":\"https:\/\/leatai.com\/ga\/suiomh\/#breadcrumb\",\"itemListElement\":[{\"@type\":\"ListItem\",\"position\":1,\"name\":\"Home\",\"item\":\"https:\/\/leatai.com\/ga\/\"},{\"@type\":\"ListItem\",\"position\":2,\"name\":\"Su\u00edomh\"}]},{\"@type\":\"WebSite\",\"@id\":\"https:\/\/leatai.com\/ga\/#website\",\"url\":\"https:\/\/leatai.com\/ga\/\",\"name\":\"Leatai \u2013 Monar\u00f3ir Leabhair N\u00f3ta\u00ed Saincheaptha\",\"description\":\"Sol\u00e1thra\u00edonn Leatai leabhair n\u00f3ta\u00ed agus plean\u00e1laithe saincheaptha do bhranda\u00ed agus d\u00e1ileoir\u00ed ar fud an domhain.\",\"publisher\":{\"@id\":\"https:\/\/leatai.com\/ga\/#organization\"},\"potentialAction\":[{\"@type\":\"SearchAction\",\"target\":{\"@type\":\"EntryPoint\",\"urlTemplate\":\"https:\/\/leatai.com\/ga\/?s={search_term_string}\"},\"query-input\":{\"@type\":\"PropertyValueSpecification\",\"valueRequired\":true,\"valueName\":\"search_term_string\"}}],\"inLanguage\":\"ga-IE\"},{\"@type\":\"Organization\",\"@id\":\"https:\/\/leatai.com\/ga\/#organization\",\"name\":\"Leatai Diary, customized journal and business organizer\",\"url\":\"https:\/\/leatai.com\/ga\/\",\"logo\":{\"@type\":\"ImageObject\",\"inLanguage\":\"ga-IE\",\"@id\":\"https:\/\/leatai.com\/ga\/#\/schema\/logo\/image\/\",\"url\":\"https:\/\/leatai.com\/wp-content\/uploads\/logo-blue.png\",\"contentUrl\":\"https:\/\/leatai.com\/wp-content\/uploads\/logo-blue.png\",\"width\":230,\"height\":60,\"caption\":\"Leatai Diary, customized journal and business organizer\"},\"image\":{\"@id\":\"https:\/\/leatai.com\/ga\/#\/schema\/logo\/image\/\"}}]}<\/script>\n<!-- \/ Yoast SEO plugin. -->","yoast_head_json":{"title":"Su\u00edomh - Leatai \u2013 Monar\u00f3ir Leabhair N\u00f3ta\u00ed Saincheaptha","description":"Seo chugat su\u00edomh Leatai chun go mbeidh s\u00e9 n\u00edos \u00e9asca th\u00fa chun sinn a aimsi\u00fa.","robots":{"index":"index","follow":"follow","max-snippet":"max-snippet:-1","max-image-preview":"max-image-preview:large","max-video-preview":"max-video-preview:-1"},"canonical":"https:\/\/leatai.com\/ga\/suiomh\/","og_locale":"ga_IE","og_type":"article","og_title":"Su\u00edomh - Leatai \u2013 Monar\u00f3ir Leabhair N\u00f3ta\u00ed Saincheaptha","og_description":"Seo chugat su\u00edomh Leatai chun go mbeidh s\u00e9 n\u00edos \u00e9asca th\u00fa chun sinn a aimsi\u00fa.","og_url":"https:\/\/leatai.com\/ga\/suiomh\/","og_site_name":"Leatai \u2013 Monar\u00f3ir Leabhair N\u00f3ta\u00ed Saincheaptha","article_modified_time":"2025-05-24T13:09:34+00:00","twitter_card":"summary_large_image","schema":{"@context":"https:\/\/schema.org","@graph":[{"@type":"WebPage","@id":"https:\/\/leatai.com\/ga\/suiomh\/","url":"https:\/\/leatai.com\/ga\/suiomh\/","name":"Su\u00edomh - Leatai \u2013 Monar\u00f3ir Leabhair N\u00f3ta\u00ed Saincheaptha","isPartOf":{"@id":"https:\/\/leatai.com\/ga\/#website"},"datePublished":"2025-05-24T13:09:33+00:00","dateModified":"2025-05-24T13:09:34+00:00","description":"Seo chugat su\u00edomh Leatai chun go mbeidh s\u00e9 n\u00edos \u00e9asca th\u00fa chun sinn a aimsi\u00fa.","breadcrumb":{"@id":"https:\/\/leatai.com\/ga\/suiomh\/#breadcrumb"},"inLanguage":"ga-IE","potentialAction":[{"@type":"ReadAction","target":["https:\/\/leatai.com\/ga\/suiomh\/"]}]},{"@type":"BreadcrumbList","@id":"https:\/\/leatai.com\/ga\/suiomh\/#breadcrumb","itemListElement":[{"@type":"ListItem","position":1,"name":"Home","item":"https:\/\/leatai.com\/ga\/"},{"@type":"ListItem","position":2,"name":"Su\u00edomh"}]},{"@type":"WebSite","@id":"https:\/\/leatai.com\/ga\/#website","url":"https:\/\/leatai.com\/ga\/","name":"Leatai \u2013 Monar\u00f3ir Leabhair N\u00f3ta\u00ed Saincheaptha","description":"Sol\u00e1thra\u00edonn Leatai leabhair n\u00f3ta\u00ed agus plean\u00e1laithe saincheaptha do bhranda\u00ed agus d\u00e1ileoir\u00ed ar fud an domhain.","publisher":{"@id":"https:\/\/leatai.com\/ga\/#organization"},"potentialAction":[{"@type":"SearchAction","target":{"@type":"EntryPoint","urlTemplate":"https:\/\/leatai.com\/ga\/?s={search_term_string}"},"query-input":{"@type":"PropertyValueSpecification","valueRequired":true,"valueName":"search_term_string"}}],"inLanguage":"ga-IE"},{"@type":"Organization","@id":"https:\/\/leatai.com\/ga\/#organization","name":"Leatai Diary, customized journal and business organizer","url":"https:\/\/leatai.com\/ga\/","logo":{"@type":"ImageObject","inLanguage":"ga-IE","@id":"https:\/\/leatai.com\/ga\/#\/schema\/logo\/image\/","url":"https:\/\/leatai.com\/wp-content\/uploads\/logo-blue.png","contentUrl":"https:\/\/leatai.com\/wp-content\/uploads\/logo-blue.png","width":230,"height":60,"caption":"Leatai Diary, customized journal and business organizer"},"image":{"@id":"https:\/\/leatai.com\/ga\/#\/schema\/logo\/image\/"}}]}},"_links":{"self":[{"href":"https:\/\/leatai.com\/ga\/wp-json\/wp\/v2\/pages\/210807","targetHints":{"allow":["GET"]}}],"collection":[{"href":"https:\/\/leatai.com\/ga\/wp-json\/wp\/v2\/pages"}],"about":[{"href":"https:\/\/leatai.com\/ga\/wp-json\/wp\/v2\/types\/page"}],"author":[{"embeddable":true,"href":"https:\/\/leatai.com\/ga\/wp-json\/wp\/v2\/users\/1"}],"replies":[{"embeddable":true,"href":"https:\/\/leatai.com\/ga\/wp-json\/wp\/v2\/comments?post=210807"}],"version-history":[{"count":1,"href":"https:\/\/leatai.com\/ga\/wp-json\/wp\/v2\/pages\/210807\/revisions"}],"predecessor-version":[{"id":210816,"href":"https:\/\/leatai.com\/ga\/wp-json\/wp\/v2\/pages\/210807\/revisions\/210816"}],"wp:attachment":[{"href":"https:\/\/leatai.com\/ga\/wp-json\/wp\/v2\/media?parent=210807"}],"curies":[{"name":"wp","href":"https:\/\/api.w.org\/{rel}","templated":true}]}}