{"id":201515,"date":"2025-05-02T21:31:51","date_gmt":"2025-05-02T13:31:51","guid":{"rendered":"https:\/\/leatai.com\/ioslodail-an-chatalog\/"},"modified":"2025-05-02T21:31:51","modified_gmt":"2025-05-02T13:31:51","slug":"ioslodail-an-chatalog","status":"publish","type":"page","link":"https:\/\/leatai.com\/ga\/ioslodail-an-chatalog\/","title":{"rendered":"\u00cdosl\u00f3d\u00e1il an chatal\u00f3g"},"content":{"rendered":"\t\t<div data-elementor-type=\"wp-page\" data-elementor-id=\"201515\" class=\"elementor elementor-201515 elementor-1651\" data-elementor-post-type=\"page\">\n\t\t\t\t\t\t<section class=\"has_ae_slider elementor-section elementor-top-section elementor-element elementor-element-515d756 elementor-section-content-middle elementor-section-boxed elementor-section-height-default elementor-section-height-default ae-bg-gallery-type-default\" data-id=\"515d756\" data-element_type=\"section\" data-e-type=\"section\" data-settings=\"{&quot;background_background&quot;:&quot;classic&quot;}\">\n\t\t\t\t\t\t<div class=\"elementor-container elementor-column-gap-default\">\n\t\t\t\t\t<div class=\"has_ae_slider elementor-column elementor-col-33 elementor-top-column elementor-element elementor-element-2f95898 ae-bg-gallery-type-default\" data-id=\"2f95898\" data-element_type=\"column\" data-e-type=\"column\">\n\t\t\t<div class=\"elementor-widget-wrap elementor-element-populated\">\n\t\t\t\t\t\t<div class=\"elementor-element elementor-element-9b925fc elementor-widget-divider--view-line elementor-widget elementor-widget-divider\" data-id=\"9b925fc\" data-element_type=\"widget\" data-e-type=\"widget\" data-widget_type=\"divider.default\">\n\t\t\t\t<div class=\"elementor-widget-container\">\n\t\t\t\t\t\t\t<div class=\"elementor-divider\">\n\t\t\t<span class=\"elementor-divider-separator\">\n\t\t\t\t\t\t<\/span>\n\t\t<\/div>\n\t\t\t\t\t\t<\/div>\n\t\t\t\t<\/div>\n\t\t\t\t\t<\/div>\n\t\t<\/div>\n\t\t\t\t<div class=\"has_ae_slider elementor-column elementor-col-33 elementor-top-column elementor-element elementor-element-cdcda0f ae-bg-gallery-type-default\" data-id=\"cdcda0f\" data-element_type=\"column\" data-e-type=\"column\">\n\t\t\t<div class=\"elementor-widget-wrap elementor-element-populated\">\n\t\t\t\t\t\t<div class=\"elementor-element elementor-element-96d0598 elementor-widget elementor-widget-heading\" data-id=\"96d0598\" data-element_type=\"widget\" data-e-type=\"widget\" data-widget_type=\"heading.default\">\n\t\t\t\t<div class=\"elementor-widget-container\">\n\t\t\t\t\t<h3 class=\"elementor-heading-title elementor-size-default\">\u00cdosl\u00f3d\u00e1il<\/h3>\t\t\t\t<\/div>\n\t\t\t\t<\/div>\n\t\t\t\t<div class=\"elementor-element elementor-element-096488a elementor-widget elementor-widget-heading\" data-id=\"096488a\" data-element_type=\"widget\" data-e-type=\"widget\" data-widget_type=\"heading.default\">\n\t\t\t\t<div class=\"elementor-widget-container\">\n\t\t\t\t\t<h2 class=\"elementor-heading-title elementor-size-default\">\u00cdosl\u00f3d\u00e1il an chatal\u00f3g<\/h2>\t\t\t\t<\/div>\n\t\t\t\t<\/div>\n\t\t\t\t\t<\/div>\n\t\t<\/div>\n\t\t\t\t<div class=\"has_ae_slider elementor-column elementor-col-33 elementor-top-column elementor-element elementor-element-38b9e14 ae-bg-gallery-type-default\" data-id=\"38b9e14\" data-element_type=\"column\" data-e-type=\"column\">\n\t\t\t<div class=\"elementor-widget-wrap elementor-element-populated\">\n\t\t\t\t\t\t<div class=\"elementor-element elementor-element-08b7ac7 elementor-widget-divider--view-line elementor-widget elementor-widget-divider\" data-id=\"08b7ac7\" data-element_type=\"widget\" data-e-type=\"widget\" data-widget_type=\"divider.default\">\n\t\t\t\t<div class=\"elementor-widget-container\">\n\t\t\t\t\t\t\t<div class=\"elementor-divider\">\n\t\t\t<span class=\"elementor-divider-separator\">\n\t\t\t\t\t\t<\/span>\n\t\t<\/div>\n\t\t\t\t\t\t<\/div>\n\t\t\t\t<\/div>\n\t\t\t\t\t<\/div>\n\t\t<\/div>\n\t\t\t\t\t<\/div>\n\t\t<\/section>\n\t\t\t\t<section class=\"has_ae_slider elementor-section elementor-top-section elementor-element elementor-element-426578f elementor-section-boxed elementor-section-height-default elementor-section-height-default ae-bg-gallery-type-default\" data-id=\"426578f\" data-element_type=\"section\" data-e-type=\"section\">\n\t\t\t\t\t\t<div class=\"elementor-container elementor-column-gap-default\">\n\t\t\t\t\t<div class=\"has_ae_slider elementor-column elementor-col-100 elementor-top-column elementor-element elementor-element-db6270c ae-bg-gallery-type-default\" data-id=\"db6270c\" data-element_type=\"column\" data-e-type=\"column\">\n\t\t\t<div class=\"elementor-widget-wrap elementor-element-populated\">\n\t\t\t\t\t\t<div class=\"elementor-element elementor-element-585af58 elementor-widget elementor-widget-woocommerce-breadcrumb\" data-id=\"585af58\" data-element_type=\"widget\" data-e-type=\"widget\" data-widget_type=\"woocommerce-breadcrumb.default\">\n\t\t\t\t<div class=\"elementor-widget-container\">\n\t\t\t\t\t<nav class=\"woocommerce-breadcrumb\" aria-label=\"Breadcrumb\">Home<\/nav>\t\t\t\t<\/div>\n\t\t\t\t<\/div>\n\t\t\t\t\t<\/div>\n\t\t<\/div>\n\t\t\t\t\t<\/div>\n\t\t<\/section>\n\t\t\t\t<section class=\"has_ae_slider elementor-section elementor-top-section elementor-element elementor-element-88a4f98 elementor-section-boxed elementor-section-height-default elementor-section-height-default ae-bg-gallery-type-default\" data-id=\"88a4f98\" data-element_type=\"section\" data-e-type=\"section\">\n\t\t\t\t\t\t<div class=\"elementor-container elementor-column-gap-default\">\n\t\t\t\t\t<div class=\"has_ae_slider elementor-column elementor-col-100 elementor-top-column elementor-element elementor-element-b21c8a2 ae-bg-gallery-type-default\" data-id=\"b21c8a2\" data-element_type=\"column\" data-e-type=\"column\">\n\t\t\t<div class=\"elementor-widget-wrap elementor-element-populated\">\n\t\t\t\t\t\t<div class=\"elementor-element elementor-element-2560e4d ae-grid-default elementor-widget elementor-widget-ae-post-blocks-adv\" data-id=\"2560e4d\" data-element_type=\"widget\" data-e-type=\"widget\" data-settings=\"{&quot;grid_columns&quot;:1,&quot;grid_columns_tablet&quot;:&quot;2&quot;,&quot;grid_columns_mobile&quot;:&quot;1&quot;}\" data-widget_type=\"ae-post-blocks-adv.grid\">\n\t\t\t\t<div class=\"elementor-widget-container\">\n\t\t\t\t\t\t\t\t<div class=\"ae-outer-wrapper ae-height-100\" data-source=\"download_item\" data-pid=\"201515\" data-wid=\"2560e4d\" data-disable_scroll_on_ajax_load=\"no\" data-pagination_scroll_top_offset=\"0\" >\n\t\t\t\n\t\t<div class=\"ae-post-collection\" >\n\t\t\t\n\t\t<article class=\"ae-post-item ae-post-item-2560e4d\" >\n\t\t\t<div class=\"ae-post-item-inner\">\n\t\t\t\t\t\t\t\t<div class=\"ae_data elementor elementor-213247 elementor-1662\">\n\t\t\t\t\t\t\t\t\t\t\t<div data-elementor-type=\"wp-post\" data-elementor-id=\"213247\" class=\"elementor elementor-213247 elementor-1662\" data-elementor-post-type=\"ae_global_templates\">\n\t\t\t\t\t\t<section class=\"has_ae_slider elementor-section elementor-top-section elementor-element elementor-element-839473e elementor-section-content-middle elementor-section-boxed elementor-section-height-default elementor-section-height-default ae-bg-gallery-type-default\" data-id=\"839473e\" data-element_type=\"section\" data-e-type=\"section\">\n\t\t\t\t\t\t<div class=\"elementor-container elementor-column-gap-default\">\n\t\t\t\t\t<div class=\"has_ae_slider elementor-column elementor-col-50 elementor-top-column elementor-element elementor-element-bceedf0 ae-bg-gallery-type-default\" data-id=\"bceedf0\" data-element_type=\"column\" data-e-type=\"column\">\n\t\t\t<div class=\"elementor-widget-wrap elementor-element-populated\">\n\t\t\t\t\t\t<div class=\"elementor-element elementor-element-94a06a7 elementor-widget elementor-widget-image\" data-id=\"94a06a7\" data-element_type=\"widget\" data-e-type=\"widget\" data-widget_type=\"image.default\">\n\t\t\t\t<div class=\"elementor-widget-container\">\n\t\t\t\t\t\t\t\t\t\t\t\t\t\t\t<img fetchpriority=\"high\" decoding=\"async\" width=\"512\" height=\"512\" src=\"https:\/\/leatai.com\/wp-content\/uploads\/cropped-favicon.png\" class=\"attachment-large size-large wp-image-213224\" alt=\"\" srcset=\"https:\/\/leatai.com\/wp-content\/uploads\/cropped-favicon.png 512w, https:\/\/leatai.com\/wp-content\/uploads\/cropped-favicon-450x450.png 450w, https:\/\/leatai.com\/wp-content\/uploads\/cropped-favicon-356x356.png 356w, https:\/\/leatai.com\/wp-content\/uploads\/cropped-favicon-100x100.png 100w\" sizes=\"(max-width: 512px) 100vw, 512px\" \/>\t\t\t\t\t\t\t\t\t\t\t\t\t\t\t<\/div>\n\t\t\t\t<\/div>\n\t\t\t\t\t<\/div>\n\t\t<\/div>\n\t\t\t\t<div class=\"has_ae_slider elementor-column elementor-col-50 elementor-top-column elementor-element elementor-element-228dcc2 ae-bg-gallery-type-default\" data-id=\"228dcc2\" data-element_type=\"column\" data-e-type=\"column\">\n\t\t\t<div class=\"elementor-widget-wrap elementor-element-populated\">\n\t\t\t\t\t\t<div class=\"elementor-element elementor-element-7102f1c elementor-widget__width-initial elementor-widget elementor-widget-heading\" data-id=\"7102f1c\" data-element_type=\"widget\" data-e-type=\"widget\" data-widget_type=\"heading.default\">\n\t\t\t\t<div class=\"elementor-widget-container\">\n\t\t\t\t\t<h2 class=\"elementor-heading-title elementor-size-default\">Cl\u00e1r \u00e1bhair<\/h2>\t\t\t\t<\/div>\n\t\t\t\t<\/div>\n\t\t\t\t<div class=\"elementor-element elementor-element-da39a2f elementor-widget__width-initial elementor-widget elementor-widget-button\" data-id=\"da39a2f\" data-element_type=\"widget\" data-e-type=\"widget\" data-widget_type=\"button.default\">\n\t\t\t\t<div class=\"elementor-widget-container\">\n\t\t\t\t\t\t\t\t\t<div class=\"elementor-button-wrapper\">\n\t\t\t\t\t<a class=\"elementor-button elementor-button-link elementor-size-sm\" href=\"https:\/\/drive.google.com\/file\/d\/1-8G9dgL6JgE__vRB7HvQ7_waCy4Cl-7X\/view?usp=sharing\" target=\"_blank\">\n\t\t\t\t\t\t<span class=\"elementor-button-content-wrapper\">\n\t\t\t\t\t\t<span class=\"elementor-button-icon\">\n\t\t\t\t<i aria-hidden=\"true\" class=\"far fa-file-pdf\"><\/i>\t\t\t<\/span>\n\t\t\t\t\t\t\t\t\t<span class=\"elementor-button-text\">\u00cdosl\u00f3d\u00e1il an chatal\u00f3g<\/span>\n\t\t\t\t\t<\/span>\n\t\t\t\t\t<\/a>\n\t\t\t\t<\/div>\n\t\t\t\t\t\t\t\t<\/div>\n\t\t\t\t<\/div>\n\t\t\t\t\t<\/div>\n\t\t<\/div>\n\t\t\t\t\t<\/div>\n\t\t<\/section>\n\t\t\t\t<\/div>\n\t\t\t\t\t\t\t\t\t\t<\/div>\n\t\t\t\t\t\t\t<\/div>\n\t\t<\/article>\n\n\t\t\t\t<\/div>\n\t\t\t\t\t<\/div> <!-- end .ae-outer-wrapper -->\n\t\t\t\t\t\t\t<\/div>\n\t\t\t\t<\/div>\n\t\t\t\t\t<\/div>\n\t\t<\/div>\n\t\t\t\t\t<\/div>\n\t\t<\/section>\n\t\t\t\t<\/div>\n\t\t","protected":false},"excerpt":{"rendered":"<p>\u00cdosl\u00f3d\u00e1il \u00cdosl\u00f3d\u00e1il an chatal\u00f3g DOWNLOAD<\/p>\n","protected":false},"author":1,"featured_media":0,"parent":0,"menu_order":0,"comment_status":"closed","ping_status":"closed","template":"","meta":{"_acf_changed":false,"footnotes":""},"class_list":["post-201515","page","type-page","status-publish","hentry"],"acf":[],"yoast_head":"<!-- This site is optimized with the Yoast SEO plugin v27.2 - https:\/\/yoast.com\/product\/yoast-seo-wordpress\/ -->\n<title>\u00cdosl\u00f3d\u00e1il catal\u00f3g na leabhair n\u00f3ta\u00ed saincheaptha - Leatai \u2013 Monar\u00f3ir Leabhair N\u00f3ta\u00ed Saincheaptha<\/title>\n<meta name=\"description\" content=\"T\u00e1 catal\u00f3g de leabhair n\u00f3ta\u00ed saincheaptha agus dialanna gn\u00f3 ullmhaithe againn chun go mbeidh s\u00e9 \u00e9asca duit breathn\u00fa tr\u00edd. Is f\u00e9idir linn chomh maith comhairle ghairmi\u00fail a thairiscint bunaithe ar do bhuis\u00e9ad n\u00f3 ar riachtanais eile.\" \/>\n<meta name=\"robots\" content=\"index, follow, max-snippet:-1, max-image-preview:large, max-video-preview:-1\" \/>\n<link rel=\"canonical\" href=\"https:\/\/leatai.com\/ga\/ioslodail-an-chatalog\/\" \/>\n<meta property=\"og:locale\" content=\"ga_IE\" \/>\n<meta property=\"og:type\" content=\"article\" \/>\n<meta property=\"og:title\" content=\"\u00cdosl\u00f3d\u00e1il catal\u00f3g na leabhair n\u00f3ta\u00ed saincheaptha - Leatai \u2013 Monar\u00f3ir Leabhair N\u00f3ta\u00ed Saincheaptha\" \/>\n<meta property=\"og:description\" content=\"T\u00e1 catal\u00f3g de leabhair n\u00f3ta\u00ed saincheaptha agus dialanna gn\u00f3 ullmhaithe againn chun go mbeidh s\u00e9 \u00e9asca duit breathn\u00fa tr\u00edd. Is f\u00e9idir linn chomh maith comhairle ghairmi\u00fail a thairiscint bunaithe ar do bhuis\u00e9ad n\u00f3 ar riachtanais eile.\" \/>\n<meta property=\"og:url\" content=\"https:\/\/leatai.com\/ga\/ioslodail-an-chatalog\/\" \/>\n<meta property=\"og:site_name\" content=\"Leatai \u2013 Monar\u00f3ir Leabhair N\u00f3ta\u00ed Saincheaptha\" \/>\n<meta property=\"og:image\" content=\"https:\/\/leatai.com\/wp-content\/uploads\/cropped-favicon.png\" \/>\n\t<meta property=\"og:image:width\" content=\"512\" \/>\n\t<meta property=\"og:image:height\" content=\"512\" \/>\n\t<meta property=\"og:image:type\" content=\"image\/png\" \/>\n<meta name=\"twitter:card\" content=\"summary_large_image\" \/>\n<script type=\"application\/ld+json\" class=\"yoast-schema-graph\">{\"@context\":\"https:\/\/schema.org\",\"@graph\":[{\"@type\":\"WebPage\",\"@id\":\"https:\/\/leatai.com\/ga\/ioslodail-an-chatalog\/\",\"url\":\"https:\/\/leatai.com\/ga\/ioslodail-an-chatalog\/\",\"name\":\"\u00cdosl\u00f3d\u00e1il catal\u00f3g na leabhair n\u00f3ta\u00ed saincheaptha - Leatai \u2013 Monar\u00f3ir Leabhair N\u00f3ta\u00ed Saincheaptha\",\"isPartOf\":{\"@id\":\"https:\/\/leatai.com\/ga\/#website\"},\"primaryImageOfPage\":{\"@id\":\"https:\/\/leatai.com\/ga\/ioslodail-an-chatalog\/#primaryimage\"},\"image\":{\"@id\":\"https:\/\/leatai.com\/ga\/ioslodail-an-chatalog\/#primaryimage\"},\"thumbnailUrl\":\"https:\/\/leatai.com\/wp-content\/uploads\/cropped-favicon.png\",\"datePublished\":\"2025-05-02T13:31:51+00:00\",\"description\":\"T\u00e1 catal\u00f3g de leabhair n\u00f3ta\u00ed saincheaptha agus dialanna gn\u00f3 ullmhaithe againn chun go mbeidh s\u00e9 \u00e9asca duit breathn\u00fa tr\u00edd. Is f\u00e9idir linn chomh maith comhairle ghairmi\u00fail a thairiscint bunaithe ar do bhuis\u00e9ad n\u00f3 ar riachtanais eile.\",\"breadcrumb\":{\"@id\":\"https:\/\/leatai.com\/ga\/ioslodail-an-chatalog\/#breadcrumb\"},\"inLanguage\":\"ga-IE\",\"potentialAction\":[{\"@type\":\"ReadAction\",\"target\":[\"https:\/\/leatai.com\/ga\/ioslodail-an-chatalog\/\"]}]},{\"@type\":\"ImageObject\",\"inLanguage\":\"ga-IE\",\"@id\":\"https:\/\/leatai.com\/ga\/ioslodail-an-chatalog\/#primaryimage\",\"url\":\"https:\/\/leatai.com\/wp-content\/uploads\/cropped-favicon.png\",\"contentUrl\":\"https:\/\/leatai.com\/wp-content\/uploads\/cropped-favicon.png\"},{\"@type\":\"BreadcrumbList\",\"@id\":\"https:\/\/leatai.com\/ga\/ioslodail-an-chatalog\/#breadcrumb\",\"itemListElement\":[{\"@type\":\"ListItem\",\"position\":1,\"name\":\"Home\",\"item\":\"https:\/\/leatai.com\/ga\/\"},{\"@type\":\"ListItem\",\"position\":2,\"name\":\"\u00cdosl\u00f3d\u00e1il an chatal\u00f3g\"}]},{\"@type\":\"WebSite\",\"@id\":\"https:\/\/leatai.com\/ga\/#website\",\"url\":\"https:\/\/leatai.com\/ga\/\",\"name\":\"Leatai \u2013 Monar\u00f3ir Leabhair N\u00f3ta\u00ed Saincheaptha\",\"description\":\"Sol\u00e1thra\u00edonn Leatai leabhair n\u00f3ta\u00ed agus plean\u00e1laithe saincheaptha do bhranda\u00ed agus d\u00e1ileoir\u00ed ar fud an domhain.\",\"publisher\":{\"@id\":\"https:\/\/leatai.com\/ga\/#organization\"},\"potentialAction\":[{\"@type\":\"SearchAction\",\"target\":{\"@type\":\"EntryPoint\",\"urlTemplate\":\"https:\/\/leatai.com\/ga\/?s={search_term_string}\"},\"query-input\":{\"@type\":\"PropertyValueSpecification\",\"valueRequired\":true,\"valueName\":\"search_term_string\"}}],\"inLanguage\":\"ga-IE\"},{\"@type\":\"Organization\",\"@id\":\"https:\/\/leatai.com\/ga\/#organization\",\"name\":\"Leatai Diary, customized journal and business organizer\",\"url\":\"https:\/\/leatai.com\/ga\/\",\"logo\":{\"@type\":\"ImageObject\",\"inLanguage\":\"ga-IE\",\"@id\":\"https:\/\/leatai.com\/ga\/#\/schema\/logo\/image\/\",\"url\":\"https:\/\/leatai.com\/wp-content\/uploads\/logo-blue.png\",\"contentUrl\":\"https:\/\/leatai.com\/wp-content\/uploads\/logo-blue.png\",\"width\":230,\"height\":60,\"caption\":\"Leatai Diary, customized journal and business organizer\"},\"image\":{\"@id\":\"https:\/\/leatai.com\/ga\/#\/schema\/logo\/image\/\"}}]}<\/script>\n<!-- \/ Yoast SEO plugin. -->","yoast_head_json":{"title":"\u00cdosl\u00f3d\u00e1il catal\u00f3g na leabhair n\u00f3ta\u00ed saincheaptha - Leatai \u2013 Monar\u00f3ir Leabhair N\u00f3ta\u00ed Saincheaptha","description":"T\u00e1 catal\u00f3g de leabhair n\u00f3ta\u00ed saincheaptha agus dialanna gn\u00f3 ullmhaithe againn chun go mbeidh s\u00e9 \u00e9asca duit breathn\u00fa tr\u00edd. Is f\u00e9idir linn chomh maith comhairle ghairmi\u00fail a thairiscint bunaithe ar do bhuis\u00e9ad n\u00f3 ar riachtanais eile.","robots":{"index":"index","follow":"follow","max-snippet":"max-snippet:-1","max-image-preview":"max-image-preview:large","max-video-preview":"max-video-preview:-1"},"canonical":"https:\/\/leatai.com\/ga\/ioslodail-an-chatalog\/","og_locale":"ga_IE","og_type":"article","og_title":"\u00cdosl\u00f3d\u00e1il catal\u00f3g na leabhair n\u00f3ta\u00ed saincheaptha - Leatai \u2013 Monar\u00f3ir Leabhair N\u00f3ta\u00ed Saincheaptha","og_description":"T\u00e1 catal\u00f3g de leabhair n\u00f3ta\u00ed saincheaptha agus dialanna gn\u00f3 ullmhaithe againn chun go mbeidh s\u00e9 \u00e9asca duit breathn\u00fa tr\u00edd. Is f\u00e9idir linn chomh maith comhairle ghairmi\u00fail a thairiscint bunaithe ar do bhuis\u00e9ad n\u00f3 ar riachtanais eile.","og_url":"https:\/\/leatai.com\/ga\/ioslodail-an-chatalog\/","og_site_name":"Leatai \u2013 Monar\u00f3ir Leabhair N\u00f3ta\u00ed Saincheaptha","og_image":[{"width":512,"height":512,"url":"https:\/\/leatai.com\/wp-content\/uploads\/cropped-favicon.png","type":"image\/png"}],"twitter_card":"summary_large_image","schema":{"@context":"https:\/\/schema.org","@graph":[{"@type":"WebPage","@id":"https:\/\/leatai.com\/ga\/ioslodail-an-chatalog\/","url":"https:\/\/leatai.com\/ga\/ioslodail-an-chatalog\/","name":"\u00cdosl\u00f3d\u00e1il catal\u00f3g na leabhair n\u00f3ta\u00ed saincheaptha - Leatai \u2013 Monar\u00f3ir Leabhair N\u00f3ta\u00ed Saincheaptha","isPartOf":{"@id":"https:\/\/leatai.com\/ga\/#website"},"primaryImageOfPage":{"@id":"https:\/\/leatai.com\/ga\/ioslodail-an-chatalog\/#primaryimage"},"image":{"@id":"https:\/\/leatai.com\/ga\/ioslodail-an-chatalog\/#primaryimage"},"thumbnailUrl":"https:\/\/leatai.com\/wp-content\/uploads\/cropped-favicon.png","datePublished":"2025-05-02T13:31:51+00:00","description":"T\u00e1 catal\u00f3g de leabhair n\u00f3ta\u00ed saincheaptha agus dialanna gn\u00f3 ullmhaithe againn chun go mbeidh s\u00e9 \u00e9asca duit breathn\u00fa tr\u00edd. Is f\u00e9idir linn chomh maith comhairle ghairmi\u00fail a thairiscint bunaithe ar do bhuis\u00e9ad n\u00f3 ar riachtanais eile.","breadcrumb":{"@id":"https:\/\/leatai.com\/ga\/ioslodail-an-chatalog\/#breadcrumb"},"inLanguage":"ga-IE","potentialAction":[{"@type":"ReadAction","target":["https:\/\/leatai.com\/ga\/ioslodail-an-chatalog\/"]}]},{"@type":"ImageObject","inLanguage":"ga-IE","@id":"https:\/\/leatai.com\/ga\/ioslodail-an-chatalog\/#primaryimage","url":"https:\/\/leatai.com\/wp-content\/uploads\/cropped-favicon.png","contentUrl":"https:\/\/leatai.com\/wp-content\/uploads\/cropped-favicon.png"},{"@type":"BreadcrumbList","@id":"https:\/\/leatai.com\/ga\/ioslodail-an-chatalog\/#breadcrumb","itemListElement":[{"@type":"ListItem","position":1,"name":"Home","item":"https:\/\/leatai.com\/ga\/"},{"@type":"ListItem","position":2,"name":"\u00cdosl\u00f3d\u00e1il an chatal\u00f3g"}]},{"@type":"WebSite","@id":"https:\/\/leatai.com\/ga\/#website","url":"https:\/\/leatai.com\/ga\/","name":"Leatai \u2013 Monar\u00f3ir Leabhair N\u00f3ta\u00ed Saincheaptha","description":"Sol\u00e1thra\u00edonn Leatai leabhair n\u00f3ta\u00ed agus plean\u00e1laithe saincheaptha do bhranda\u00ed agus d\u00e1ileoir\u00ed ar fud an domhain.","publisher":{"@id":"https:\/\/leatai.com\/ga\/#organization"},"potentialAction":[{"@type":"SearchAction","target":{"@type":"EntryPoint","urlTemplate":"https:\/\/leatai.com\/ga\/?s={search_term_string}"},"query-input":{"@type":"PropertyValueSpecification","valueRequired":true,"valueName":"search_term_string"}}],"inLanguage":"ga-IE"},{"@type":"Organization","@id":"https:\/\/leatai.com\/ga\/#organization","name":"Leatai Diary, customized journal and business organizer","url":"https:\/\/leatai.com\/ga\/","logo":{"@type":"ImageObject","inLanguage":"ga-IE","@id":"https:\/\/leatai.com\/ga\/#\/schema\/logo\/image\/","url":"https:\/\/leatai.com\/wp-content\/uploads\/logo-blue.png","contentUrl":"https:\/\/leatai.com\/wp-content\/uploads\/logo-blue.png","width":230,"height":60,"caption":"Leatai Diary, customized journal and business organizer"},"image":{"@id":"https:\/\/leatai.com\/ga\/#\/schema\/logo\/image\/"}}]}},"_links":{"self":[{"href":"https:\/\/leatai.com\/ga\/wp-json\/wp\/v2\/pages\/201515","targetHints":{"allow":["GET"]}}],"collection":[{"href":"https:\/\/leatai.com\/ga\/wp-json\/wp\/v2\/pages"}],"about":[{"href":"https:\/\/leatai.com\/ga\/wp-json\/wp\/v2\/types\/page"}],"author":[{"embeddable":true,"href":"https:\/\/leatai.com\/ga\/wp-json\/wp\/v2\/users\/1"}],"replies":[{"embeddable":true,"href":"https:\/\/leatai.com\/ga\/wp-json\/wp\/v2\/comments?post=201515"}],"version-history":[{"count":1,"href":"https:\/\/leatai.com\/ga\/wp-json\/wp\/v2\/pages\/201515\/revisions"}],"predecessor-version":[{"id":201516,"href":"https:\/\/leatai.com\/ga\/wp-json\/wp\/v2\/pages\/201515\/revisions\/201516"}],"wp:attachment":[{"href":"https:\/\/leatai.com\/ga\/wp-json\/wp\/v2\/media?parent=201515"}],"curies":[{"name":"wp","href":"https:\/\/api.w.org\/{rel}","templated":true}]}}