{"id":96461,"date":"2021-08-16T20:10:48","date_gmt":"2021-08-16T12:10:48","guid":{"rendered":"https:\/\/leatai.com\/product\/non%20class\u00e9\/gong-cha\/"},"modified":"2025-03-06T14:09:05","modified_gmt":"2025-03-06T06:09:05","slug":"gong-cha","status":"publish","type":"product","link":"https:\/\/leatai.com\/fr\/product\/divers-echantillons-oem\/calendrier-oem\/gong-cha\/","title":{"rendered":"Gong Cha"},"content":{"rendered":"<p>Nom du client : Gong Cha<br \/>\nTaille du projet : 32K<br \/>\nType de projet : Calendrier de bureau triangulaire<br \/>\nEffet du logo : Impression en couleur<\/p>\n<p>Points forts :<br \/>\nUne grande cha\u00eene internationale de boissons a opt\u00e9 pour un calendrier de bureau triangulaire en format 32K vertical, offrant une approche originale et distinctive. Ce mod\u00e8le se distingue \u00e9galement par sa reliure en spirale couleur bronze et ses illustrations personnalis\u00e9es imprim\u00e9es avec soin sur chaque page, en faisant un objet de collection incontournable.<\/p>\n<p>&nbsp;<\/p>\n<p><strong>\ud83d\udcd6<\/strong>Tous les exemples de personnalisation : <a href=\"https:\/\/leatai.com\/fr\/etiquette-produit\/oem-fr\/\" target=\"_blank\" rel=\"noopener\">Carnet personnalis\u00e9 \/ Journal d&#8217;affaires personnalis\u00e9<\/a><\/p>\n<p>\ud83d\udcd6Pour les produits standards de carnets personnalis\u00e9s \/ journaux d&#8217;affaires, veuillez vous r\u00e9f\u00e9rer \u00e0 :<\/p>\n<ul>\n<li><a href=\"https:\/\/leatai.com\/fr\/categorie-produit\/carnet-personnalise\/carnet-a-couverture-rigide\/\" target=\"_blank\" rel=\"noopener\">Carnet reli\u00e9 \/ Journal d&#8217;affaires reli\u00e9<\/a><\/li>\n<li><a href=\"https:\/\/leatai.com\/fr\/categorie-produit\/carnet-personnalise\/carnet-a-feuilles-mobiles\/\" target=\"_blank\" rel=\"noopener\">Carnet \u00e0 anneaux \/ Journal d&#8217;affaires \u00e0 anneaux<\/a><\/li>\n<li><a href=\"https:\/\/leatai.com\/fr\/categorie-produit\/carnet-personnalise\/carnet-amovible\/\" target=\"_blank\" rel=\"noopener\">Carnet \u00e0 feuilles d\u00e9tachables \/ Journal d&#8217;affaires \u00e0 feuilles d\u00e9tachables<\/a><\/li>\n<li><a href=\"https:\/\/leatai.com\/fr\/categorie-produit\/carnet-personnalise\/carnet-broche\/\" target=\"_blank\" rel=\"noopener\">Carnet broch\u00e9 \/ Journal d&#8217;affaires broch\u00e9<\/a><\/li>\n<li><a href=\"https:\/\/leatai.com\/fr\/categorie-produit\/carnet-personnalise\/carnet-a-spirale\/\" target=\"_blank\" rel=\"noopener\">Carnet \u00e0 spirale \/ Journal d&#8217;affaires \u00e0 spirale<\/a><\/li>\n<\/ul>\n<p><strong>\ud83d\udcd6<\/strong>Pour une explication compl\u00e8te des tailles, veuillez consulter : <a href=\"https:\/\/leatai.com\/fr\/connaissances-sur-les-cahiers\/guide-des-formats-de-papier-comprendre-les-formats-courants-comme-b3-a4-b5-8k-16k-et-plus-encore-un-tableau-de-tailles-complet-pour-une-reference-facile\/\" target=\"_blank\" rel=\"noopener\">Guide des formats de papier : Comment sont class\u00e9s les formats courants comme B3, A4, B5, 8K, 16K ? Un tableau comparatif des tailles de papier pour mieux comprendre !<\/a><\/p>\n","protected":false},"excerpt":{"rendered":"<p>Nom du client : Gong Cha Taille du projet : 32K Type de projet : Calendrier de bureau triangulaire Effet du logo : Impression en couleur Points forts : Une grande cha\u00eene internationale de boissons a opt\u00e9 pour un calendrier de bureau triangulaire en format 32K vertical, offrant une approche originale et distinctive. Ce mod\u00e8le [&hellip;]<\/p>\n","protected":false},"featured_media":96462,"template":"","meta":{"_acf_changed":false},"product_brand":[],"product_cat":[958],"product_tag":[1367],"home_works":[1373],"class_list":{"0":"post-96461","1":"product","2":"type-product","3":"status-publish","4":"has-post-thumbnail","6":"product_cat-calendrier-oem","7":"product_tag-oem-fr","8":"home_works-affichage-sur-la-page-daccueil","10":"first","11":"instock","12":"sold-individually","13":"shipping-taxable","14":"purchasable","15":"product-type-variable","16":"has-default-attributes"},"acf":[],"yoast_head":"<!-- This site is optimized with the Yoast SEO plugin v27.2 - https:\/\/yoast.com\/product\/yoast-seo-wordpress\/ -->\n<title>Gong Cha - Calendrier de bureau triangulaire pratique- Leatai \u2013 Fabricant de carnets personnalis\u00e9s<\/title>\n<meta name=\"description\" content=\"Cas OEM : Gong Cha Mod\u00e8le : Calendrier de bureau triangulaire Taille : 32K Points forts : Une grande cha\u00eene internationale de boissons a con\u00e7u un calendrier de bureau triangulaire en format vertical 32K, adoptant une approche unique et originale. Il se distingue par une reliure en spirale de couleur bronze et une impression personnalis\u00e9e de magnifiques illustrations sur chaque page, en faisant un objet de collection incontournable.\" \/>\n<meta name=\"robots\" content=\"index, follow, max-snippet:-1, max-image-preview:large, max-video-preview:-1\" \/>\n<link rel=\"canonical\" href=\"https:\/\/leatai.com\/fr\/product\/divers-echantillons-oem\/calendrier-oem\/gong-cha\/\" \/>\n<meta property=\"og:locale\" content=\"fr_FR\" \/>\n<meta property=\"og:type\" content=\"article\" \/>\n<meta property=\"og:title\" content=\"Gong Cha - Calendrier de bureau triangulaire pratique- Leatai \u2013 Fabricant de carnets personnalis\u00e9s\" \/>\n<meta property=\"og:description\" content=\"Cas OEM : Gong Cha Mod\u00e8le : Calendrier de bureau triangulaire Taille : 32K Points forts : Une grande cha\u00eene internationale de boissons a con\u00e7u un calendrier de bureau triangulaire en format vertical 32K, adoptant une approche unique et originale. Il se distingue par une reliure en spirale de couleur bronze et une impression personnalis\u00e9e de magnifiques illustrations sur chaque page, en faisant un objet de collection incontournable.\" \/>\n<meta property=\"og:url\" content=\"https:\/\/leatai.com\/fr\/product\/divers-echantillons-oem\/calendrier-oem\/gong-cha\/\" \/>\n<meta property=\"og:site_name\" content=\"Leatai \u2013 Fabricant de carnets personnalis\u00e9s\" \/>\n<meta property=\"article:modified_time\" content=\"2025-03-06T06:09:05+00:00\" \/>\n<meta property=\"og:image\" content=\"https:\/\/leatai.com\/wp-content\/uploads\/DSC_0919.jpg\" \/>\n\t<meta property=\"og:image:width\" content=\"1000\" \/>\n\t<meta property=\"og:image:height\" content=\"750\" \/>\n\t<meta property=\"og:image:type\" content=\"image\/jpeg\" \/>\n<meta name=\"twitter:card\" content=\"summary_large_image\" \/>\n<meta name=\"twitter:label1\" content=\"Dur\u00e9e de lecture estim\u00e9e\" \/>\n\t<meta name=\"twitter:data1\" content=\"2 minutes\" \/>\n<script type=\"application\/ld+json\" class=\"yoast-schema-graph\">{\"@context\":\"https:\/\/schema.org\",\"@graph\":[{\"@type\":\"WebPage\",\"@id\":\"https:\/\/leatai.com\/fr\/product\/divers-echantillons-oem\/calendrier-oem\/gong-cha\/\",\"url\":\"https:\/\/leatai.com\/fr\/product\/divers-echantillons-oem\/calendrier-oem\/gong-cha\/\",\"name\":\"Gong Cha - Calendrier de bureau triangulaire pratique- Leatai \u2013 Fabricant de carnets personnalis\u00e9s\",\"isPartOf\":{\"@id\":\"https:\/\/leatai.com\/fr\/#website\"},\"primaryImageOfPage\":{\"@id\":\"https:\/\/leatai.com\/fr\/product\/divers-echantillons-oem\/calendrier-oem\/gong-cha\/#primaryimage\"},\"image\":{\"@id\":\"https:\/\/leatai.com\/fr\/product\/divers-echantillons-oem\/calendrier-oem\/gong-cha\/#primaryimage\"},\"thumbnailUrl\":\"https:\/\/leatai.com\/wp-content\/uploads\/DSC_0919.jpg\",\"datePublished\":\"2021-08-16T12:10:48+00:00\",\"dateModified\":\"2025-03-06T06:09:05+00:00\",\"description\":\"Cas OEM : Gong Cha Mod\u00e8le : Calendrier de bureau triangulaire Taille : 32K Points forts : Une grande cha\u00eene internationale de boissons a con\u00e7u un calendrier de bureau triangulaire en format vertical 32K, adoptant une approche unique et originale. Il se distingue par une reliure en spirale de couleur bronze et une impression personnalis\u00e9e de magnifiques illustrations sur chaque page, en faisant un objet de collection incontournable.\",\"breadcrumb\":{\"@id\":\"https:\/\/leatai.com\/fr\/product\/divers-echantillons-oem\/calendrier-oem\/gong-cha\/#breadcrumb\"},\"inLanguage\":\"fr-FR\",\"potentialAction\":[{\"@type\":\"ReadAction\",\"target\":[\"https:\/\/leatai.com\/fr\/product\/divers-echantillons-oem\/calendrier-oem\/gong-cha\/\"]}]},{\"@type\":\"ImageObject\",\"inLanguage\":\"fr-FR\",\"@id\":\"https:\/\/leatai.com\/fr\/product\/divers-echantillons-oem\/calendrier-oem\/gong-cha\/#primaryimage\",\"url\":\"https:\/\/leatai.com\/wp-content\/uploads\/DSC_0919.jpg\",\"contentUrl\":\"https:\/\/leatai.com\/wp-content\/uploads\/DSC_0919.jpg\",\"width\":1000,\"height\":750,\"caption\":\"Calendrier de bureau triangulaire\"},{\"@type\":\"BreadcrumbList\",\"@id\":\"https:\/\/leatai.com\/fr\/product\/divers-echantillons-oem\/calendrier-oem\/gong-cha\/#breadcrumb\",\"itemListElement\":[{\"@type\":\"ListItem\",\"position\":1,\"name\":\"Home\",\"item\":\"https:\/\/leatai.com\/fr\/\"},{\"@type\":\"ListItem\",\"position\":2,\"name\":\"Pr\u00e9sentation des produits\",\"item\":\"https:\/\/leatai.com\/products\/\"},{\"@type\":\"ListItem\",\"position\":3,\"name\":\"Divers \u00e9chantillons OEM\",\"item\":\"https:\/\/leatai.com\/fr\/categorie-produit\/divers-echantillons-oem\/\"},{\"@type\":\"ListItem\",\"position\":4,\"name\":\"Calendrier-OEM\",\"item\":\"https:\/\/leatai.com\/fr\/categorie-produit\/divers-echantillons-oem\/calendrier-oem\/\"},{\"@type\":\"ListItem\",\"position\":5,\"name\":\"Gong Cha\"}]},{\"@type\":\"WebSite\",\"@id\":\"https:\/\/leatai.com\/fr\/#website\",\"url\":\"https:\/\/leatai.com\/fr\/\",\"name\":\"Leatai \u2013 Fabricant de carnets personnalis\u00e9s\",\"description\":\"Leatai propose des carnets et planificateurs personnalis\u00e9s pour les marques et distributeurs dans le monde entier.\",\"publisher\":{\"@id\":\"https:\/\/leatai.com\/fr\/#organization\"},\"potentialAction\":[{\"@type\":\"SearchAction\",\"target\":{\"@type\":\"EntryPoint\",\"urlTemplate\":\"https:\/\/leatai.com\/fr\/?s={search_term_string}\"},\"query-input\":{\"@type\":\"PropertyValueSpecification\",\"valueRequired\":true,\"valueName\":\"search_term_string\"}}],\"inLanguage\":\"fr-FR\"},{\"@type\":\"Organization\",\"@id\":\"https:\/\/leatai.com\/fr\/#organization\",\"name\":\"Leatai Diary, customized journal and business organizer\",\"url\":\"https:\/\/leatai.com\/fr\/\",\"logo\":{\"@type\":\"ImageObject\",\"inLanguage\":\"fr-FR\",\"@id\":\"https:\/\/leatai.com\/fr\/#\/schema\/logo\/image\/\",\"url\":\"https:\/\/leatai.com\/wp-content\/uploads\/logo-blue.png\",\"contentUrl\":\"https:\/\/leatai.com\/wp-content\/uploads\/logo-blue.png\",\"width\":230,\"height\":60,\"caption\":\"Leatai Diary, customized journal and business organizer\"},\"image\":{\"@id\":\"https:\/\/leatai.com\/fr\/#\/schema\/logo\/image\/\"}}]}<\/script>\n<!-- \/ Yoast SEO plugin. -->","yoast_head_json":{"title":"Gong Cha - Calendrier de bureau triangulaire pratique- Leatai \u2013 Fabricant de carnets personnalis\u00e9s","description":"Cas OEM : Gong Cha Mod\u00e8le : Calendrier de bureau triangulaire Taille : 32K Points forts : Une grande cha\u00eene internationale de boissons a con\u00e7u un calendrier de bureau triangulaire en format vertical 32K, adoptant une approche unique et originale. Il se distingue par une reliure en spirale de couleur bronze et une impression personnalis\u00e9e de magnifiques illustrations sur chaque page, en faisant un objet de collection incontournable.","robots":{"index":"index","follow":"follow","max-snippet":"max-snippet:-1","max-image-preview":"max-image-preview:large","max-video-preview":"max-video-preview:-1"},"canonical":"https:\/\/leatai.com\/fr\/product\/divers-echantillons-oem\/calendrier-oem\/gong-cha\/","og_locale":"fr_FR","og_type":"article","og_title":"Gong Cha - Calendrier de bureau triangulaire pratique- Leatai \u2013 Fabricant de carnets personnalis\u00e9s","og_description":"Cas OEM : Gong Cha Mod\u00e8le : Calendrier de bureau triangulaire Taille : 32K Points forts : Une grande cha\u00eene internationale de boissons a con\u00e7u un calendrier de bureau triangulaire en format vertical 32K, adoptant une approche unique et originale. Il se distingue par une reliure en spirale de couleur bronze et une impression personnalis\u00e9e de magnifiques illustrations sur chaque page, en faisant un objet de collection incontournable.","og_url":"https:\/\/leatai.com\/fr\/product\/divers-echantillons-oem\/calendrier-oem\/gong-cha\/","og_site_name":"Leatai \u2013 Fabricant de carnets personnalis\u00e9s","article_modified_time":"2025-03-06T06:09:05+00:00","og_image":[{"width":1000,"height":750,"url":"https:\/\/leatai.com\/wp-content\/uploads\/DSC_0919.jpg","type":"image\/jpeg"}],"twitter_card":"summary_large_image","twitter_misc":{"Dur\u00e9e de lecture estim\u00e9e":"2 minutes"},"schema":{"@context":"https:\/\/schema.org","@graph":[{"@type":"WebPage","@id":"https:\/\/leatai.com\/fr\/product\/divers-echantillons-oem\/calendrier-oem\/gong-cha\/","url":"https:\/\/leatai.com\/fr\/product\/divers-echantillons-oem\/calendrier-oem\/gong-cha\/","name":"Gong Cha - Calendrier de bureau triangulaire pratique- Leatai \u2013 Fabricant de carnets personnalis\u00e9s","isPartOf":{"@id":"https:\/\/leatai.com\/fr\/#website"},"primaryImageOfPage":{"@id":"https:\/\/leatai.com\/fr\/product\/divers-echantillons-oem\/calendrier-oem\/gong-cha\/#primaryimage"},"image":{"@id":"https:\/\/leatai.com\/fr\/product\/divers-echantillons-oem\/calendrier-oem\/gong-cha\/#primaryimage"},"thumbnailUrl":"https:\/\/leatai.com\/wp-content\/uploads\/DSC_0919.jpg","datePublished":"2021-08-16T12:10:48+00:00","dateModified":"2025-03-06T06:09:05+00:00","description":"Cas OEM : Gong Cha Mod\u00e8le : Calendrier de bureau triangulaire Taille : 32K Points forts : Une grande cha\u00eene internationale de boissons a con\u00e7u un calendrier de bureau triangulaire en format vertical 32K, adoptant une approche unique et originale. Il se distingue par une reliure en spirale de couleur bronze et une impression personnalis\u00e9e de magnifiques illustrations sur chaque page, en faisant un objet de collection incontournable.","breadcrumb":{"@id":"https:\/\/leatai.com\/fr\/product\/divers-echantillons-oem\/calendrier-oem\/gong-cha\/#breadcrumb"},"inLanguage":"fr-FR","potentialAction":[{"@type":"ReadAction","target":["https:\/\/leatai.com\/fr\/product\/divers-echantillons-oem\/calendrier-oem\/gong-cha\/"]}]},{"@type":"ImageObject","inLanguage":"fr-FR","@id":"https:\/\/leatai.com\/fr\/product\/divers-echantillons-oem\/calendrier-oem\/gong-cha\/#primaryimage","url":"https:\/\/leatai.com\/wp-content\/uploads\/DSC_0919.jpg","contentUrl":"https:\/\/leatai.com\/wp-content\/uploads\/DSC_0919.jpg","width":1000,"height":750,"caption":"Calendrier de bureau triangulaire"},{"@type":"BreadcrumbList","@id":"https:\/\/leatai.com\/fr\/product\/divers-echantillons-oem\/calendrier-oem\/gong-cha\/#breadcrumb","itemListElement":[{"@type":"ListItem","position":1,"name":"Home","item":"https:\/\/leatai.com\/fr\/"},{"@type":"ListItem","position":2,"name":"Pr\u00e9sentation des produits","item":"https:\/\/leatai.com\/products\/"},{"@type":"ListItem","position":3,"name":"Divers \u00e9chantillons OEM","item":"https:\/\/leatai.com\/fr\/categorie-produit\/divers-echantillons-oem\/"},{"@type":"ListItem","position":4,"name":"Calendrier-OEM","item":"https:\/\/leatai.com\/fr\/categorie-produit\/divers-echantillons-oem\/calendrier-oem\/"},{"@type":"ListItem","position":5,"name":"Gong Cha"}]},{"@type":"WebSite","@id":"https:\/\/leatai.com\/fr\/#website","url":"https:\/\/leatai.com\/fr\/","name":"Leatai \u2013 Fabricant de carnets personnalis\u00e9s","description":"Leatai propose des carnets et planificateurs personnalis\u00e9s pour les marques et distributeurs dans le monde entier.","publisher":{"@id":"https:\/\/leatai.com\/fr\/#organization"},"potentialAction":[{"@type":"SearchAction","target":{"@type":"EntryPoint","urlTemplate":"https:\/\/leatai.com\/fr\/?s={search_term_string}"},"query-input":{"@type":"PropertyValueSpecification","valueRequired":true,"valueName":"search_term_string"}}],"inLanguage":"fr-FR"},{"@type":"Organization","@id":"https:\/\/leatai.com\/fr\/#organization","name":"Leatai Diary, customized journal and business organizer","url":"https:\/\/leatai.com\/fr\/","logo":{"@type":"ImageObject","inLanguage":"fr-FR","@id":"https:\/\/leatai.com\/fr\/#\/schema\/logo\/image\/","url":"https:\/\/leatai.com\/wp-content\/uploads\/logo-blue.png","contentUrl":"https:\/\/leatai.com\/wp-content\/uploads\/logo-blue.png","width":230,"height":60,"caption":"Leatai Diary, customized journal and business organizer"},"image":{"@id":"https:\/\/leatai.com\/fr\/#\/schema\/logo\/image\/"}}]}},"_links":{"self":[{"href":"https:\/\/leatai.com\/fr\/wp-json\/wp\/v2\/product\/96461","targetHints":{"allow":["GET"]}}],"collection":[{"href":"https:\/\/leatai.com\/fr\/wp-json\/wp\/v2\/product"}],"about":[{"href":"https:\/\/leatai.com\/fr\/wp-json\/wp\/v2\/types\/product"}],"wp:featuredmedia":[{"embeddable":true,"href":"https:\/\/leatai.com\/fr\/wp-json\/wp\/v2\/media\/96462"}],"wp:attachment":[{"href":"https:\/\/leatai.com\/fr\/wp-json\/wp\/v2\/media?parent=96461"}],"wp:term":[{"taxonomy":"product_brand","embeddable":true,"href":"https:\/\/leatai.com\/fr\/wp-json\/wp\/v2\/product_brand?post=96461"},{"taxonomy":"product_cat","embeddable":true,"href":"https:\/\/leatai.com\/fr\/wp-json\/wp\/v2\/product_cat?post=96461"},{"taxonomy":"product_tag","embeddable":true,"href":"https:\/\/leatai.com\/fr\/wp-json\/wp\/v2\/product_tag?post=96461"},{"taxonomy":"home_works","embeddable":true,"href":"https:\/\/leatai.com\/fr\/wp-json\/wp\/v2\/home_works?post=96461"}],"curies":[{"name":"wp","href":"https:\/\/api.w.org\/{rel}","templated":true}]}}