{"id":218052,"date":"2025-07-12T11:32:41","date_gmt":"2025-07-12T03:32:41","guid":{"rendered":"https:\/\/leatai.com\/product\/non%20class\u00e9\/lsc-025\/"},"modified":"2025-07-15T14:11:53","modified_gmt":"2025-07-15T06:11:53","slug":"lsc-025","status":"publish","type":"product","link":"https:\/\/leatai.com\/fr\/product\/carnet-personnalise\/carnet-broche\/lsc-025\/","title":{"rendered":"LSC-025"},"content":{"rendered":"<p>Mod\u00e8le de produit : LSC-025<br \/>\nMat\u00e9riau de la couverture : Cuir synth\u00e9tique PU haut de gamme \u00e0 changement de couleur<br \/>\nCouleur : Marron \/ Abricot<br \/>\nSp\u00e9cification : 25K <a href=\"https:\/\/leatai.com\/fr\/faq\/quelles-sont-les-tailles-des-planificateurs-8k-16k-et-25k-quelle-est-leur-taille\/\" target=\"_blank\" rel=\"noopener\">(Taille standard)<\/a><br \/>\nPages int\u00e9rieures : Format standard <a href=\"https:\/\/leatai.com\/fr\/categorie-produit\/format-des-pages-interieures\/\" target=\"_blank\" rel=\"noopener\">(Options de format des pages int\u00e9rieures)<\/a><br \/>\nEmballage : Sachet OPP (Optionnel)<br \/>\nOptions de finition du logo : Gaufrage, marquage \u00e0 chaud dor\u00e9, marquage \u00e0 chaud argent\u00e9<\/p>\n<p>Description du produit :<br \/>\nLe mod\u00e8le LSC-025 de Leatai est dot\u00e9 d&#8217;une couverture \u00e0 texture de lin, agr\u00e9ment\u00e9e d&#8217;une pochette diagonale et de tons doux et \u00e9l\u00e9gants. Il \u00e9voque un sentiment de calme, de savoir-faire et de praticit\u00e9 \u2014 id\u00e9al pour ceux qui appr\u00e9cient l\u2019esth\u00e9tique minimaliste ou recherchent un agenda quotidien \u00e9l\u00e9gant.<\/p>\n<p>&nbsp;<\/p>\n<p><strong>\ud83d\udcd6<\/strong>Agenda d\u2019entreprise standard :<a href=\"https:\/\/leatai.com\/fr\/categorie-produit\/carnet-personnalise\/\" target=\"_blank\" rel=\"noopener\"> Tous les mod\u00e8les de la s\u00e9rie d\u2019agendas d\u2019entreprise<\/a> \/ <a href=\"https:\/\/leatai.com\/fr\/categorie-produit\/format-des-pages-interieures\/\" target=\"_blank\" rel=\"noopener\">Pages int\u00e9rieures des agendas d\u2019entreprise<\/a><\/p>\n<p><strong>\ud83d\udcd6<\/strong>Pour plus de recommandations sur l\u2019impression et la fabrication de carnets personnalis\u00e9s et d\u2019agendas d\u2019entreprise sur mesure, veuillez consulter :<\/p>\n<ul>\n<li><a href=\"https:\/\/leatai.com\/fr\/categorie-produit\/divers-echantillons-oem\/carnet-relie-oem\/\" target=\"_blank\" rel=\"noopener\">OEM \u2013 Carnet reli\u00e9 rigide<\/a><\/li>\n<li><a href=\"https:\/\/leatai.com\/fr\/categorie-produit\/divers-echantillons-oem\/carnet-a-feuilles-mobiles-oem\/\" target=\"_blank\" rel=\"noopener\">OEM \u2013 Carnet \u00e0 anneaux<\/a><\/li>\n<li><a href=\"https:\/\/leatai.com\/fr\/categorie-produit\/divers-echantillons-oem\/carnet-amovible-oem\/\" target=\"_blank\" rel=\"noopener\">OEM \u2013 Carnet \u00e0 feuillets amovibles<\/a><\/li>\n<li><a href=\"https:\/\/leatai.com\/fr\/categorie-produit\/divers-echantillons-oem\/carnet-broche-oem\/\" target=\"_blank\" rel=\"noopener\">OEM \u2013 Carnet broch\u00e9<\/a><\/li>\n<li><a href=\"https:\/\/leatai.com\/fr\/categorie-produit\/divers-echantillons-oem\/carnet-a-spirale-oem\/\" target=\"_blank\" rel=\"noopener\">OEM \u2013 Carnet \u00e0 spirale<\/a><\/li>\n<li><a href=\"https:\/\/leatai.com\/fr\/categorie-produit\/divers-echantillons-oem\/calendrier-oem\/\" target=\"_blank\" rel=\"noopener\">OEM \u2013 Calendrier journalier d\u00e9tachable personnalis\u00e9 \/ Impression de calendrier de bureau personnalis\u00e9<\/a><\/li>\n<li><a href=\"https:\/\/leatai.com\/fr\/categorie-produit\/divers-echantillons-oem\/oem-autres\/\" target=\"_blank\" rel=\"noopener\">OEM \u2013 Autres formats personnalis\u00e9s<\/a><\/li>\n<\/ul>\n<p>Pour une explication compl\u00e8te des tailles, consultez notre guide des formats de papier :<br \/>\n<a href=\"https:\/\/leatai.com\/fr\/connaissances-sur-les-cahiers\/guide-des-formats-de-papier-comprendre-les-formats-courants-comme-b3-a4-b5-8k-16k-et-plus-encore-un-tableau-de-tailles-complet-pour-une-reference-facile\/\" target=\"_blank\" rel=\"noopener\">D\u00e9couvrez en un coup d&#8217;\u0153il les dimensions des formats standard tels que B3, A4, B5, 8K, 16K, et bien d\u2019autres ! Tableau comparatif des tailles de papier pour une compr\u00e9hension facile et rapide.<\/a><\/p>\n","protected":false},"excerpt":{"rendered":"<p>Mod\u00e8le de produit : LSC-025 Mat\u00e9riau de la couverture : Cuir synth\u00e9tique PU haut de gamme \u00e0 changement de couleur Couleur : Marron \/ Abricot Sp\u00e9cification : 25K (Taille standard) Pages int\u00e9rieures : Format standard (Options de format des pages int\u00e9rieures) Emballage : Sachet OPP (Optionnel) Options de finition du logo : Gaufrage, marquage \u00e0 [&hellip;]<\/p>\n","protected":false},"featured_media":215538,"template":"","meta":{"_acf_changed":false},"product_brand":[],"product_cat":[799],"product_tag":[1577],"home_works":[],"class_list":{"0":"post-218052","1":"product","2":"type-product","3":"status-publish","4":"has-post-thumbnail","6":"product_cat-carnet-broche","7":"product_tag-2026new-fr","9":"first","10":"instock","11":"sold-individually","12":"shipping-taxable","13":"purchasable","14":"product-type-variable"},"acf":[],"yoast_head":"<!-- This site is optimized with the Yoast SEO plugin v27.2 - https:\/\/yoast.com\/product\/yoast-seo-wordpress\/ -->\n<title>LSC-025 - Leatai \u2013 Fabricant de carnets personnalis\u00e9s<\/title>\n<meta name=\"description\" content=\"Description du produit : Le mod\u00e8le LSC-025 de Leatai est dot\u00e9 d&#039;une couverture \u00e0 texture de lin, agr\u00e9ment\u00e9e d&#039;une pochette diagonale et de tons doux et \u00e9l\u00e9gants. Il \u00e9voque un sentiment de calme, de savoir-faire et de praticit\u00e9 \u2014 id\u00e9al pour ceux qui appr\u00e9cient l\u2019esth\u00e9tique minimaliste ou recherchent un agenda quotidien \u00e9l\u00e9gant.\" \/>\n<meta name=\"robots\" content=\"index, follow, max-snippet:-1, max-image-preview:large, max-video-preview:-1\" \/>\n<link rel=\"canonical\" href=\"https:\/\/leatai.com\/fr\/product\/carnet-personnalise\/carnet-broche\/lsc-025\/\" \/>\n<meta property=\"og:locale\" content=\"fr_FR\" \/>\n<meta property=\"og:type\" content=\"article\" \/>\n<meta property=\"og:title\" content=\"LSC-025 - Leatai \u2013 Fabricant de carnets personnalis\u00e9s\" \/>\n<meta property=\"og:description\" content=\"Description du produit : Le mod\u00e8le LSC-025 de Leatai est dot\u00e9 d&#039;une couverture \u00e0 texture de lin, agr\u00e9ment\u00e9e d&#039;une pochette diagonale et de tons doux et \u00e9l\u00e9gants. Il \u00e9voque un sentiment de calme, de savoir-faire et de praticit\u00e9 \u2014 id\u00e9al pour ceux qui appr\u00e9cient l\u2019esth\u00e9tique minimaliste ou recherchent un agenda quotidien \u00e9l\u00e9gant.\" \/>\n<meta property=\"og:url\" content=\"https:\/\/leatai.com\/fr\/product\/carnet-personnalise\/carnet-broche\/lsc-025\/\" \/>\n<meta property=\"og:site_name\" content=\"Leatai \u2013 Fabricant de carnets personnalis\u00e9s\" \/>\n<meta property=\"article:modified_time\" content=\"2025-07-15T06:11:53+00:00\" \/>\n<meta property=\"og:image\" content=\"https:\/\/leatai.com\/wp-content\/uploads\/DSC_3245-1.jpg\" \/>\n\t<meta property=\"og:image:width\" content=\"1000\" \/>\n\t<meta property=\"og:image:height\" content=\"750\" \/>\n\t<meta property=\"og:image:type\" content=\"image\/jpeg\" \/>\n<meta name=\"twitter:card\" content=\"summary_large_image\" \/>\n<meta name=\"twitter:label1\" content=\"Dur\u00e9e de lecture estim\u00e9e\" \/>\n\t<meta name=\"twitter:data1\" content=\"2 minutes\" \/>\n<script type=\"application\/ld+json\" class=\"yoast-schema-graph\">{\"@context\":\"https:\/\/schema.org\",\"@graph\":[{\"@type\":\"WebPage\",\"@id\":\"https:\/\/leatai.com\/fr\/product\/carnet-personnalise\/carnet-broche\/lsc-025\/\",\"url\":\"https:\/\/leatai.com\/fr\/product\/carnet-personnalise\/carnet-broche\/lsc-025\/\",\"name\":\"LSC-025 - Leatai \u2013 Fabricant de carnets personnalis\u00e9s\",\"isPartOf\":{\"@id\":\"https:\/\/leatai.com\/fr\/#website\"},\"primaryImageOfPage\":{\"@id\":\"https:\/\/leatai.com\/fr\/product\/carnet-personnalise\/carnet-broche\/lsc-025\/#primaryimage\"},\"image\":{\"@id\":\"https:\/\/leatai.com\/fr\/product\/carnet-personnalise\/carnet-broche\/lsc-025\/#primaryimage\"},\"thumbnailUrl\":\"https:\/\/leatai.com\/wp-content\/uploads\/DSC_3245-1.jpg\",\"datePublished\":\"2025-07-12T03:32:41+00:00\",\"dateModified\":\"2025-07-15T06:11:53+00:00\",\"description\":\"Description du produit : Le mod\u00e8le LSC-025 de Leatai est dot\u00e9 d'une couverture \u00e0 texture de lin, agr\u00e9ment\u00e9e d'une pochette diagonale et de tons doux et \u00e9l\u00e9gants. Il \u00e9voque un sentiment de calme, de savoir-faire et de praticit\u00e9 \u2014 id\u00e9al pour ceux qui appr\u00e9cient l\u2019esth\u00e9tique minimaliste ou recherchent un agenda quotidien \u00e9l\u00e9gant.\",\"breadcrumb\":{\"@id\":\"https:\/\/leatai.com\/fr\/product\/carnet-personnalise\/carnet-broche\/lsc-025\/#breadcrumb\"},\"inLanguage\":\"fr-FR\",\"potentialAction\":[{\"@type\":\"ReadAction\",\"target\":[\"https:\/\/leatai.com\/fr\/product\/carnet-personnalise\/carnet-broche\/lsc-025\/\"]}]},{\"@type\":\"ImageObject\",\"inLanguage\":\"fr-FR\",\"@id\":\"https:\/\/leatai.com\/fr\/product\/carnet-personnalise\/carnet-broche\/lsc-025\/#primaryimage\",\"url\":\"https:\/\/leatai.com\/wp-content\/uploads\/DSC_3245-1.jpg\",\"contentUrl\":\"https:\/\/leatai.com\/wp-content\/uploads\/DSC_3245-1.jpg\",\"width\":1000,\"height\":750,\"caption\":\"Agenda broch\u00e9\"},{\"@type\":\"BreadcrumbList\",\"@id\":\"https:\/\/leatai.com\/fr\/product\/carnet-personnalise\/carnet-broche\/lsc-025\/#breadcrumb\",\"itemListElement\":[{\"@type\":\"ListItem\",\"position\":1,\"name\":\"Home\",\"item\":\"https:\/\/leatai.com\/fr\/\"},{\"@type\":\"ListItem\",\"position\":2,\"name\":\"Pr\u00e9sentation des produits\",\"item\":\"https:\/\/leatai.com\/products\/\"},{\"@type\":\"ListItem\",\"position\":3,\"name\":\"Carnet personnalis\u00e9\",\"item\":\"https:\/\/leatai.com\/fr\/categorie-produit\/carnet-personnalise\/\"},{\"@type\":\"ListItem\",\"position\":4,\"name\":\"Carnet broch\u00e9\",\"item\":\"https:\/\/leatai.com\/fr\/categorie-produit\/carnet-personnalise\/carnet-broche\/\"},{\"@type\":\"ListItem\",\"position\":5,\"name\":\"LSC-025\"}]},{\"@type\":\"WebSite\",\"@id\":\"https:\/\/leatai.com\/fr\/#website\",\"url\":\"https:\/\/leatai.com\/fr\/\",\"name\":\"Leatai \u2013 Fabricant de carnets personnalis\u00e9s\",\"description\":\"Leatai propose des carnets et planificateurs personnalis\u00e9s pour les marques et distributeurs dans le monde entier.\",\"publisher\":{\"@id\":\"https:\/\/leatai.com\/fr\/#organization\"},\"potentialAction\":[{\"@type\":\"SearchAction\",\"target\":{\"@type\":\"EntryPoint\",\"urlTemplate\":\"https:\/\/leatai.com\/fr\/?s={search_term_string}\"},\"query-input\":{\"@type\":\"PropertyValueSpecification\",\"valueRequired\":true,\"valueName\":\"search_term_string\"}}],\"inLanguage\":\"fr-FR\"},{\"@type\":\"Organization\",\"@id\":\"https:\/\/leatai.com\/fr\/#organization\",\"name\":\"Leatai Diary, customized journal and business organizer\",\"url\":\"https:\/\/leatai.com\/fr\/\",\"logo\":{\"@type\":\"ImageObject\",\"inLanguage\":\"fr-FR\",\"@id\":\"https:\/\/leatai.com\/fr\/#\/schema\/logo\/image\/\",\"url\":\"https:\/\/leatai.com\/wp-content\/uploads\/logo-blue.png\",\"contentUrl\":\"https:\/\/leatai.com\/wp-content\/uploads\/logo-blue.png\",\"width\":230,\"height\":60,\"caption\":\"Leatai Diary, customized journal and business organizer\"},\"image\":{\"@id\":\"https:\/\/leatai.com\/fr\/#\/schema\/logo\/image\/\"}}]}<\/script>\n<!-- \/ Yoast SEO plugin. -->","yoast_head_json":{"title":"LSC-025 - Leatai \u2013 Fabricant de carnets personnalis\u00e9s","description":"Description du produit : Le mod\u00e8le LSC-025 de Leatai est dot\u00e9 d'une couverture \u00e0 texture de lin, agr\u00e9ment\u00e9e d'une pochette diagonale et de tons doux et \u00e9l\u00e9gants. Il \u00e9voque un sentiment de calme, de savoir-faire et de praticit\u00e9 \u2014 id\u00e9al pour ceux qui appr\u00e9cient l\u2019esth\u00e9tique minimaliste ou recherchent un agenda quotidien \u00e9l\u00e9gant.","robots":{"index":"index","follow":"follow","max-snippet":"max-snippet:-1","max-image-preview":"max-image-preview:large","max-video-preview":"max-video-preview:-1"},"canonical":"https:\/\/leatai.com\/fr\/product\/carnet-personnalise\/carnet-broche\/lsc-025\/","og_locale":"fr_FR","og_type":"article","og_title":"LSC-025 - Leatai \u2013 Fabricant de carnets personnalis\u00e9s","og_description":"Description du produit : Le mod\u00e8le LSC-025 de Leatai est dot\u00e9 d'une couverture \u00e0 texture de lin, agr\u00e9ment\u00e9e d'une pochette diagonale et de tons doux et \u00e9l\u00e9gants. Il \u00e9voque un sentiment de calme, de savoir-faire et de praticit\u00e9 \u2014 id\u00e9al pour ceux qui appr\u00e9cient l\u2019esth\u00e9tique minimaliste ou recherchent un agenda quotidien \u00e9l\u00e9gant.","og_url":"https:\/\/leatai.com\/fr\/product\/carnet-personnalise\/carnet-broche\/lsc-025\/","og_site_name":"Leatai \u2013 Fabricant de carnets personnalis\u00e9s","article_modified_time":"2025-07-15T06:11:53+00:00","og_image":[{"width":1000,"height":750,"url":"https:\/\/leatai.com\/wp-content\/uploads\/DSC_3245-1.jpg","type":"image\/jpeg"}],"twitter_card":"summary_large_image","twitter_misc":{"Dur\u00e9e de lecture estim\u00e9e":"2 minutes"},"schema":{"@context":"https:\/\/schema.org","@graph":[{"@type":"WebPage","@id":"https:\/\/leatai.com\/fr\/product\/carnet-personnalise\/carnet-broche\/lsc-025\/","url":"https:\/\/leatai.com\/fr\/product\/carnet-personnalise\/carnet-broche\/lsc-025\/","name":"LSC-025 - Leatai \u2013 Fabricant de carnets personnalis\u00e9s","isPartOf":{"@id":"https:\/\/leatai.com\/fr\/#website"},"primaryImageOfPage":{"@id":"https:\/\/leatai.com\/fr\/product\/carnet-personnalise\/carnet-broche\/lsc-025\/#primaryimage"},"image":{"@id":"https:\/\/leatai.com\/fr\/product\/carnet-personnalise\/carnet-broche\/lsc-025\/#primaryimage"},"thumbnailUrl":"https:\/\/leatai.com\/wp-content\/uploads\/DSC_3245-1.jpg","datePublished":"2025-07-12T03:32:41+00:00","dateModified":"2025-07-15T06:11:53+00:00","description":"Description du produit : Le mod\u00e8le LSC-025 de Leatai est dot\u00e9 d'une couverture \u00e0 texture de lin, agr\u00e9ment\u00e9e d'une pochette diagonale et de tons doux et \u00e9l\u00e9gants. Il \u00e9voque un sentiment de calme, de savoir-faire et de praticit\u00e9 \u2014 id\u00e9al pour ceux qui appr\u00e9cient l\u2019esth\u00e9tique minimaliste ou recherchent un agenda quotidien \u00e9l\u00e9gant.","breadcrumb":{"@id":"https:\/\/leatai.com\/fr\/product\/carnet-personnalise\/carnet-broche\/lsc-025\/#breadcrumb"},"inLanguage":"fr-FR","potentialAction":[{"@type":"ReadAction","target":["https:\/\/leatai.com\/fr\/product\/carnet-personnalise\/carnet-broche\/lsc-025\/"]}]},{"@type":"ImageObject","inLanguage":"fr-FR","@id":"https:\/\/leatai.com\/fr\/product\/carnet-personnalise\/carnet-broche\/lsc-025\/#primaryimage","url":"https:\/\/leatai.com\/wp-content\/uploads\/DSC_3245-1.jpg","contentUrl":"https:\/\/leatai.com\/wp-content\/uploads\/DSC_3245-1.jpg","width":1000,"height":750,"caption":"Agenda broch\u00e9"},{"@type":"BreadcrumbList","@id":"https:\/\/leatai.com\/fr\/product\/carnet-personnalise\/carnet-broche\/lsc-025\/#breadcrumb","itemListElement":[{"@type":"ListItem","position":1,"name":"Home","item":"https:\/\/leatai.com\/fr\/"},{"@type":"ListItem","position":2,"name":"Pr\u00e9sentation des produits","item":"https:\/\/leatai.com\/products\/"},{"@type":"ListItem","position":3,"name":"Carnet personnalis\u00e9","item":"https:\/\/leatai.com\/fr\/categorie-produit\/carnet-personnalise\/"},{"@type":"ListItem","position":4,"name":"Carnet broch\u00e9","item":"https:\/\/leatai.com\/fr\/categorie-produit\/carnet-personnalise\/carnet-broche\/"},{"@type":"ListItem","position":5,"name":"LSC-025"}]},{"@type":"WebSite","@id":"https:\/\/leatai.com\/fr\/#website","url":"https:\/\/leatai.com\/fr\/","name":"Leatai \u2013 Fabricant de carnets personnalis\u00e9s","description":"Leatai propose des carnets et planificateurs personnalis\u00e9s pour les marques et distributeurs dans le monde entier.","publisher":{"@id":"https:\/\/leatai.com\/fr\/#organization"},"potentialAction":[{"@type":"SearchAction","target":{"@type":"EntryPoint","urlTemplate":"https:\/\/leatai.com\/fr\/?s={search_term_string}"},"query-input":{"@type":"PropertyValueSpecification","valueRequired":true,"valueName":"search_term_string"}}],"inLanguage":"fr-FR"},{"@type":"Organization","@id":"https:\/\/leatai.com\/fr\/#organization","name":"Leatai Diary, customized journal and business organizer","url":"https:\/\/leatai.com\/fr\/","logo":{"@type":"ImageObject","inLanguage":"fr-FR","@id":"https:\/\/leatai.com\/fr\/#\/schema\/logo\/image\/","url":"https:\/\/leatai.com\/wp-content\/uploads\/logo-blue.png","contentUrl":"https:\/\/leatai.com\/wp-content\/uploads\/logo-blue.png","width":230,"height":60,"caption":"Leatai Diary, customized journal and business organizer"},"image":{"@id":"https:\/\/leatai.com\/fr\/#\/schema\/logo\/image\/"}}]}},"_links":{"self":[{"href":"https:\/\/leatai.com\/fr\/wp-json\/wp\/v2\/product\/218052","targetHints":{"allow":["GET"]}}],"collection":[{"href":"https:\/\/leatai.com\/fr\/wp-json\/wp\/v2\/product"}],"about":[{"href":"https:\/\/leatai.com\/fr\/wp-json\/wp\/v2\/types\/product"}],"wp:featuredmedia":[{"embeddable":true,"href":"https:\/\/leatai.com\/fr\/wp-json\/wp\/v2\/media\/215538"}],"wp:attachment":[{"href":"https:\/\/leatai.com\/fr\/wp-json\/wp\/v2\/media?parent=218052"}],"wp:term":[{"taxonomy":"product_brand","embeddable":true,"href":"https:\/\/leatai.com\/fr\/wp-json\/wp\/v2\/product_brand?post=218052"},{"taxonomy":"product_cat","embeddable":true,"href":"https:\/\/leatai.com\/fr\/wp-json\/wp\/v2\/product_cat?post=218052"},{"taxonomy":"product_tag","embeddable":true,"href":"https:\/\/leatai.com\/fr\/wp-json\/wp\/v2\/product_tag?post=218052"},{"taxonomy":"home_works","embeddable":true,"href":"https:\/\/leatai.com\/fr\/wp-json\/wp\/v2\/home_works?post=218052"}],"curies":[{"name":"wp","href":"https:\/\/api.w.org\/{rel}","templated":true}]}}