{"id":190144,"date":"2025-04-20T17:43:04","date_gmt":"2025-04-20T09:43:04","guid":{"rendered":"https:\/\/leatai.com\/?post_type=product&#038;p=190144"},"modified":"2025-08-08T11:08:25","modified_gmt":"2025-08-08T03:08:25","slug":"evident","status":"publish","type":"product","link":"https:\/\/leatai.com\/fr\/product\/divers-echantillons-oem\/carnet-a-spirale-oem\/evident\/","title":{"rendered":"Evident"},"content":{"rendered":"<p data-start=\"1787\" data-end=\"2213\">Nom du client : Evident<br data-start=\"1810\" data-end=\"1813\" \/>Taille du mod\u00e8le : 25K<br data-start=\"1835\" data-end=\"1838\" \/>Style du mod\u00e8le : Carnet \u00e0 spirale<br data-start=\"1872\" data-end=\"1875\" \/>Effet du logo : Marquage \u00e0 chaud blanc<br data-start=\"1913\" data-end=\"1916\" \/>Point fort : Evident a \u00e9t\u00e9 cr\u00e9\u00e9e apr\u00e8s la s\u00e9paration de la division technologique d\u2019Olympus. L\u2019entreprise est sp\u00e9cialis\u00e9e dans les solutions optiques et d\u2019imagerie, largement utilis\u00e9es dans la recherche scientifique et les inspections industrielles, ce qui en fait une entit\u00e9 tr\u00e8s professionnelle.<\/p>\n<p>&nbsp;<\/p>\n<p><strong>\ud83d\udcd6<\/strong>Tous les exemples de personnalisation : <a href=\"https:\/\/leatai.com\/fr\/etiquette-produit\/oem-fr\/\" target=\"_blank\" rel=\"noopener\">Carnet personnalis\u00e9 \/ Journal d&#8217;affaires personnalis\u00e9<\/a><\/p>\n<p>\ud83d\udcd6Pour les produits standards de carnets personnalis\u00e9s \/ journaux d&#8217;affaires, veuillez vous r\u00e9f\u00e9rer \u00e0 :<\/p>\n<ul>\n<li><a href=\"https:\/\/leatai.com\/fr\/categorie-produit\/carnet-personnalise\/carnet-a-couverture-rigide\/\" target=\"_blank\" rel=\"noopener\">Carnet reli\u00e9 \/ Journal d&#8217;affaires reli\u00e9<\/a><\/li>\n<li><a href=\"https:\/\/leatai.com\/fr\/categorie-produit\/carnet-personnalise\/carnet-a-feuilles-mobiles\/\" target=\"_blank\" rel=\"noopener\">Carnet \u00e0 anneaux \/ Journal d&#8217;affaires \u00e0 anneaux<\/a><\/li>\n<li><a href=\"https:\/\/leatai.com\/fr\/categorie-produit\/carnet-personnalise\/carnet-amovible\/\" target=\"_blank\" rel=\"noopener\">Carnet \u00e0 feuilles d\u00e9tachables \/ Journal d&#8217;affaires \u00e0 feuilles d\u00e9tachables<\/a><\/li>\n<li><a href=\"https:\/\/leatai.com\/fr\/categorie-produit\/carnet-personnalise\/carnet-broche\/\" target=\"_blank\" rel=\"noopener\">Carnet broch\u00e9 \/ Journal d&#8217;affaires broch\u00e9<\/a><\/li>\n<li><a href=\"https:\/\/leatai.com\/fr\/categorie-produit\/carnet-personnalise\/carnet-a-spirale\/\" target=\"_blank\" rel=\"noopener\">Carnet \u00e0 spirale \/ Journal d&#8217;affaires \u00e0 spirale<\/a><\/li>\n<\/ul>\n<p><strong>\ud83d\udcd6<\/strong>Pour une explication compl\u00e8te des tailles, veuillez consulter : <a href=\"https:\/\/leatai.com\/fr\/connaissances-sur-les-cahiers\/guide-des-formats-de-papier-comprendre-les-formats-courants-comme-b3-a4-b5-8k-16k-et-plus-encore-un-tableau-de-tailles-complet-pour-une-reference-facile\/\" target=\"_blank\" rel=\"noopener\">Guide des formats de papier : Comment sont class\u00e9s les formats courants comme B3, A4, B5, 8K, 16K ? Un tableau comparatif des tailles de papier pour mieux comprendre !<\/a><\/p>\n","protected":false},"excerpt":{"rendered":"<p>Nom du client : EvidentTaille du mod\u00e8le : 25KStyle du mod\u00e8le : Carnet \u00e0 spiraleEffet du logo : Marquage \u00e0 chaud blancPoint fort : Evident a \u00e9t\u00e9 cr\u00e9\u00e9e apr\u00e8s la s\u00e9paration de la division technologique d\u2019Olympus. L\u2019entreprise est sp\u00e9cialis\u00e9e dans les solutions optiques et d\u2019imagerie, largement utilis\u00e9es dans la recherche scientifique et les inspections industrielles, [&hellip;]<\/p>\n","protected":false},"featured_media":187827,"template":"","meta":{"_acf_changed":false},"product_brand":[],"product_cat":[919],"product_tag":[1367],"home_works":[],"class_list":{"0":"post-190144","1":"product","2":"type-product","3":"status-publish","4":"has-post-thumbnail","6":"product_cat-carnet-a-spirale-oem","7":"product_tag-oem-fr","9":"first","10":"outofstock","11":"sold-individually","12":"shipping-taxable","13":"purchasable","14":"product-type-variable","15":"has-default-attributes"},"acf":[],"yoast_head":"<!-- This site is optimized with the Yoast SEO plugin v27.2 - https:\/\/yoast.com\/product\/yoast-seo-wordpress\/ -->\n<title>Evident - Carnet avec personnalisation - Leatai \u2013 Fabricant de carnets personnalis\u00e9s<\/title>\n<meta name=\"description\" content=\"Nom du client : Evident Taille du mod\u00e8le : 25K Style du mod\u00e8le : Carnet \u00e0 spirale Effet du logo : Marquage \u00e0 chaud blanc Point fort : Evident a \u00e9t\u00e9 cr\u00e9\u00e9e apr\u00e8s la s\u00e9paration de la division technologique d\u2019Olympus. L\u2019entreprise est sp\u00e9cialis\u00e9e dans les solutions optiques et d\u2019imagerie, largement utilis\u00e9es dans la recherche scientifique et les inspections industrielles, ce qui en fait une entit\u00e9 tr\u00e8s professionnelle.\" \/>\n<meta name=\"robots\" content=\"index, follow, max-snippet:-1, max-image-preview:large, max-video-preview:-1\" \/>\n<link rel=\"canonical\" href=\"https:\/\/leatai.com\/fr\/product\/divers-echantillons-oem\/carnet-a-spirale-oem\/evident\/\" \/>\n<meta property=\"og:locale\" content=\"fr_FR\" \/>\n<meta property=\"og:type\" content=\"article\" \/>\n<meta property=\"og:title\" content=\"Evident - Carnet avec personnalisation - Leatai \u2013 Fabricant de carnets personnalis\u00e9s\" \/>\n<meta property=\"og:description\" content=\"Nom du client : Evident Taille du mod\u00e8le : 25K Style du mod\u00e8le : Carnet \u00e0 spirale Effet du logo : Marquage \u00e0 chaud blanc Point fort : Evident a \u00e9t\u00e9 cr\u00e9\u00e9e apr\u00e8s la s\u00e9paration de la division technologique d\u2019Olympus. L\u2019entreprise est sp\u00e9cialis\u00e9e dans les solutions optiques et d\u2019imagerie, largement utilis\u00e9es dans la recherche scientifique et les inspections industrielles, ce qui en fait une entit\u00e9 tr\u00e8s professionnelle.\" \/>\n<meta property=\"og:url\" content=\"https:\/\/leatai.com\/fr\/product\/divers-echantillons-oem\/carnet-a-spirale-oem\/evident\/\" \/>\n<meta property=\"og:site_name\" content=\"Leatai \u2013 Fabricant de carnets personnalis\u00e9s\" \/>\n<meta property=\"article:modified_time\" content=\"2025-08-08T03:08:25+00:00\" \/>\n<meta property=\"og:image\" content=\"https:\/\/leatai.com\/wp-content\/uploads\/DSC_3072.jpg\" \/>\n\t<meta property=\"og:image:width\" content=\"1000\" \/>\n\t<meta property=\"og:image:height\" content=\"750\" \/>\n\t<meta property=\"og:image:type\" content=\"image\/jpeg\" \/>\n<meta name=\"twitter:card\" content=\"summary_large_image\" \/>\n<meta name=\"twitter:label1\" content=\"Dur\u00e9e de lecture estim\u00e9e\" \/>\n\t<meta name=\"twitter:data1\" content=\"2 minutes\" \/>\n<script type=\"application\/ld+json\" class=\"yoast-schema-graph\">{\"@context\":\"https:\/\/schema.org\",\"@graph\":[{\"@type\":\"WebPage\",\"@id\":\"https:\/\/leatai.com\/fr\/product\/divers-echantillons-oem\/carnet-a-spirale-oem\/evident\/\",\"url\":\"https:\/\/leatai.com\/fr\/product\/divers-echantillons-oem\/carnet-a-spirale-oem\/evident\/\",\"name\":\"Evident - Carnet avec personnalisation - Leatai \u2013 Fabricant de carnets personnalis\u00e9s\",\"isPartOf\":{\"@id\":\"https:\/\/leatai.com\/fr\/#website\"},\"primaryImageOfPage\":{\"@id\":\"https:\/\/leatai.com\/fr\/product\/divers-echantillons-oem\/carnet-a-spirale-oem\/evident\/#primaryimage\"},\"image\":{\"@id\":\"https:\/\/leatai.com\/fr\/product\/divers-echantillons-oem\/carnet-a-spirale-oem\/evident\/#primaryimage\"},\"thumbnailUrl\":\"https:\/\/leatai.com\/wp-content\/uploads\/DSC_3072.jpg\",\"datePublished\":\"2025-04-20T09:43:04+00:00\",\"dateModified\":\"2025-08-08T03:08:25+00:00\",\"description\":\"Nom du client : Evident Taille du mod\u00e8le : 25K Style du mod\u00e8le : Carnet \u00e0 spirale Effet du logo : Marquage \u00e0 chaud blanc Point fort : Evident a \u00e9t\u00e9 cr\u00e9\u00e9e apr\u00e8s la s\u00e9paration de la division technologique d\u2019Olympus. L\u2019entreprise est sp\u00e9cialis\u00e9e dans les solutions optiques et d\u2019imagerie, largement utilis\u00e9es dans la recherche scientifique et les inspections industrielles, ce qui en fait une entit\u00e9 tr\u00e8s professionnelle.\",\"breadcrumb\":{\"@id\":\"https:\/\/leatai.com\/fr\/product\/divers-echantillons-oem\/carnet-a-spirale-oem\/evident\/#breadcrumb\"},\"inLanguage\":\"fr-FR\",\"potentialAction\":[{\"@type\":\"ReadAction\",\"target\":[\"https:\/\/leatai.com\/fr\/product\/divers-echantillons-oem\/carnet-a-spirale-oem\/evident\/\"]}]},{\"@type\":\"ImageObject\",\"inLanguage\":\"fr-FR\",\"@id\":\"https:\/\/leatai.com\/fr\/product\/divers-echantillons-oem\/carnet-a-spirale-oem\/evident\/#primaryimage\",\"url\":\"https:\/\/leatai.com\/wp-content\/uploads\/DSC_3072.jpg\",\"contentUrl\":\"https:\/\/leatai.com\/wp-content\/uploads\/DSC_3072.jpg\",\"width\":1000,\"height\":750,\"caption\":\"\u5ba2\u88fd\u5316\u7dda\u5708\u672c\"},{\"@type\":\"BreadcrumbList\",\"@id\":\"https:\/\/leatai.com\/fr\/product\/divers-echantillons-oem\/carnet-a-spirale-oem\/evident\/#breadcrumb\",\"itemListElement\":[{\"@type\":\"ListItem\",\"position\":1,\"name\":\"Home\",\"item\":\"https:\/\/leatai.com\/fr\/\"},{\"@type\":\"ListItem\",\"position\":2,\"name\":\"Pr\u00e9sentation des produits\",\"item\":\"https:\/\/leatai.com\/products\/\"},{\"@type\":\"ListItem\",\"position\":3,\"name\":\"Divers \u00e9chantillons OEM\",\"item\":\"https:\/\/leatai.com\/fr\/categorie-produit\/divers-echantillons-oem\/\"},{\"@type\":\"ListItem\",\"position\":4,\"name\":\"Carnet \u00e0 Spirale OEM\",\"item\":\"https:\/\/leatai.com\/fr\/categorie-produit\/divers-echantillons-oem\/carnet-a-spirale-oem\/\"},{\"@type\":\"ListItem\",\"position\":5,\"name\":\"Evident\"}]},{\"@type\":\"WebSite\",\"@id\":\"https:\/\/leatai.com\/fr\/#website\",\"url\":\"https:\/\/leatai.com\/fr\/\",\"name\":\"Leatai \u2013 Fabricant de carnets personnalis\u00e9s\",\"description\":\"Leatai propose des carnets et planificateurs personnalis\u00e9s pour les marques et distributeurs dans le monde entier.\",\"publisher\":{\"@id\":\"https:\/\/leatai.com\/fr\/#organization\"},\"potentialAction\":[{\"@type\":\"SearchAction\",\"target\":{\"@type\":\"EntryPoint\",\"urlTemplate\":\"https:\/\/leatai.com\/fr\/?s={search_term_string}\"},\"query-input\":{\"@type\":\"PropertyValueSpecification\",\"valueRequired\":true,\"valueName\":\"search_term_string\"}}],\"inLanguage\":\"fr-FR\"},{\"@type\":\"Organization\",\"@id\":\"https:\/\/leatai.com\/fr\/#organization\",\"name\":\"Leatai Diary, customized journal and business organizer\",\"url\":\"https:\/\/leatai.com\/fr\/\",\"logo\":{\"@type\":\"ImageObject\",\"inLanguage\":\"fr-FR\",\"@id\":\"https:\/\/leatai.com\/fr\/#\/schema\/logo\/image\/\",\"url\":\"https:\/\/leatai.com\/wp-content\/uploads\/logo-blue.png\",\"contentUrl\":\"https:\/\/leatai.com\/wp-content\/uploads\/logo-blue.png\",\"width\":230,\"height\":60,\"caption\":\"Leatai Diary, customized journal and business organizer\"},\"image\":{\"@id\":\"https:\/\/leatai.com\/fr\/#\/schema\/logo\/image\/\"}}]}<\/script>\n<!-- \/ Yoast SEO plugin. -->","yoast_head_json":{"title":"Evident - Carnet avec personnalisation - Leatai \u2013 Fabricant de carnets personnalis\u00e9s","description":"Nom du client : Evident Taille du mod\u00e8le : 25K Style du mod\u00e8le : Carnet \u00e0 spirale Effet du logo : Marquage \u00e0 chaud blanc Point fort : Evident a \u00e9t\u00e9 cr\u00e9\u00e9e apr\u00e8s la s\u00e9paration de la division technologique d\u2019Olympus. L\u2019entreprise est sp\u00e9cialis\u00e9e dans les solutions optiques et d\u2019imagerie, largement utilis\u00e9es dans la recherche scientifique et les inspections industrielles, ce qui en fait une entit\u00e9 tr\u00e8s professionnelle.","robots":{"index":"index","follow":"follow","max-snippet":"max-snippet:-1","max-image-preview":"max-image-preview:large","max-video-preview":"max-video-preview:-1"},"canonical":"https:\/\/leatai.com\/fr\/product\/divers-echantillons-oem\/carnet-a-spirale-oem\/evident\/","og_locale":"fr_FR","og_type":"article","og_title":"Evident - Carnet avec personnalisation - Leatai \u2013 Fabricant de carnets personnalis\u00e9s","og_description":"Nom du client : Evident Taille du mod\u00e8le : 25K Style du mod\u00e8le : Carnet \u00e0 spirale Effet du logo : Marquage \u00e0 chaud blanc Point fort : Evident a \u00e9t\u00e9 cr\u00e9\u00e9e apr\u00e8s la s\u00e9paration de la division technologique d\u2019Olympus. L\u2019entreprise est sp\u00e9cialis\u00e9e dans les solutions optiques et d\u2019imagerie, largement utilis\u00e9es dans la recherche scientifique et les inspections industrielles, ce qui en fait une entit\u00e9 tr\u00e8s professionnelle.","og_url":"https:\/\/leatai.com\/fr\/product\/divers-echantillons-oem\/carnet-a-spirale-oem\/evident\/","og_site_name":"Leatai \u2013 Fabricant de carnets personnalis\u00e9s","article_modified_time":"2025-08-08T03:08:25+00:00","og_image":[{"width":1000,"height":750,"url":"https:\/\/leatai.com\/wp-content\/uploads\/DSC_3072.jpg","type":"image\/jpeg"}],"twitter_card":"summary_large_image","twitter_misc":{"Dur\u00e9e de lecture estim\u00e9e":"2 minutes"},"schema":{"@context":"https:\/\/schema.org","@graph":[{"@type":"WebPage","@id":"https:\/\/leatai.com\/fr\/product\/divers-echantillons-oem\/carnet-a-spirale-oem\/evident\/","url":"https:\/\/leatai.com\/fr\/product\/divers-echantillons-oem\/carnet-a-spirale-oem\/evident\/","name":"Evident - Carnet avec personnalisation - Leatai \u2013 Fabricant de carnets personnalis\u00e9s","isPartOf":{"@id":"https:\/\/leatai.com\/fr\/#website"},"primaryImageOfPage":{"@id":"https:\/\/leatai.com\/fr\/product\/divers-echantillons-oem\/carnet-a-spirale-oem\/evident\/#primaryimage"},"image":{"@id":"https:\/\/leatai.com\/fr\/product\/divers-echantillons-oem\/carnet-a-spirale-oem\/evident\/#primaryimage"},"thumbnailUrl":"https:\/\/leatai.com\/wp-content\/uploads\/DSC_3072.jpg","datePublished":"2025-04-20T09:43:04+00:00","dateModified":"2025-08-08T03:08:25+00:00","description":"Nom du client : Evident Taille du mod\u00e8le : 25K Style du mod\u00e8le : Carnet \u00e0 spirale Effet du logo : Marquage \u00e0 chaud blanc Point fort : Evident a \u00e9t\u00e9 cr\u00e9\u00e9e apr\u00e8s la s\u00e9paration de la division technologique d\u2019Olympus. L\u2019entreprise est sp\u00e9cialis\u00e9e dans les solutions optiques et d\u2019imagerie, largement utilis\u00e9es dans la recherche scientifique et les inspections industrielles, ce qui en fait une entit\u00e9 tr\u00e8s professionnelle.","breadcrumb":{"@id":"https:\/\/leatai.com\/fr\/product\/divers-echantillons-oem\/carnet-a-spirale-oem\/evident\/#breadcrumb"},"inLanguage":"fr-FR","potentialAction":[{"@type":"ReadAction","target":["https:\/\/leatai.com\/fr\/product\/divers-echantillons-oem\/carnet-a-spirale-oem\/evident\/"]}]},{"@type":"ImageObject","inLanguage":"fr-FR","@id":"https:\/\/leatai.com\/fr\/product\/divers-echantillons-oem\/carnet-a-spirale-oem\/evident\/#primaryimage","url":"https:\/\/leatai.com\/wp-content\/uploads\/DSC_3072.jpg","contentUrl":"https:\/\/leatai.com\/wp-content\/uploads\/DSC_3072.jpg","width":1000,"height":750,"caption":"\u5ba2\u88fd\u5316\u7dda\u5708\u672c"},{"@type":"BreadcrumbList","@id":"https:\/\/leatai.com\/fr\/product\/divers-echantillons-oem\/carnet-a-spirale-oem\/evident\/#breadcrumb","itemListElement":[{"@type":"ListItem","position":1,"name":"Home","item":"https:\/\/leatai.com\/fr\/"},{"@type":"ListItem","position":2,"name":"Pr\u00e9sentation des produits","item":"https:\/\/leatai.com\/products\/"},{"@type":"ListItem","position":3,"name":"Divers \u00e9chantillons OEM","item":"https:\/\/leatai.com\/fr\/categorie-produit\/divers-echantillons-oem\/"},{"@type":"ListItem","position":4,"name":"Carnet \u00e0 Spirale OEM","item":"https:\/\/leatai.com\/fr\/categorie-produit\/divers-echantillons-oem\/carnet-a-spirale-oem\/"},{"@type":"ListItem","position":5,"name":"Evident"}]},{"@type":"WebSite","@id":"https:\/\/leatai.com\/fr\/#website","url":"https:\/\/leatai.com\/fr\/","name":"Leatai \u2013 Fabricant de carnets personnalis\u00e9s","description":"Leatai propose des carnets et planificateurs personnalis\u00e9s pour les marques et distributeurs dans le monde entier.","publisher":{"@id":"https:\/\/leatai.com\/fr\/#organization"},"potentialAction":[{"@type":"SearchAction","target":{"@type":"EntryPoint","urlTemplate":"https:\/\/leatai.com\/fr\/?s={search_term_string}"},"query-input":{"@type":"PropertyValueSpecification","valueRequired":true,"valueName":"search_term_string"}}],"inLanguage":"fr-FR"},{"@type":"Organization","@id":"https:\/\/leatai.com\/fr\/#organization","name":"Leatai Diary, customized journal and business organizer","url":"https:\/\/leatai.com\/fr\/","logo":{"@type":"ImageObject","inLanguage":"fr-FR","@id":"https:\/\/leatai.com\/fr\/#\/schema\/logo\/image\/","url":"https:\/\/leatai.com\/wp-content\/uploads\/logo-blue.png","contentUrl":"https:\/\/leatai.com\/wp-content\/uploads\/logo-blue.png","width":230,"height":60,"caption":"Leatai Diary, customized journal and business organizer"},"image":{"@id":"https:\/\/leatai.com\/fr\/#\/schema\/logo\/image\/"}}]}},"_links":{"self":[{"href":"https:\/\/leatai.com\/fr\/wp-json\/wp\/v2\/product\/190144","targetHints":{"allow":["GET"]}}],"collection":[{"href":"https:\/\/leatai.com\/fr\/wp-json\/wp\/v2\/product"}],"about":[{"href":"https:\/\/leatai.com\/fr\/wp-json\/wp\/v2\/types\/product"}],"wp:featuredmedia":[{"embeddable":true,"href":"https:\/\/leatai.com\/fr\/wp-json\/wp\/v2\/media\/187827"}],"wp:attachment":[{"href":"https:\/\/leatai.com\/fr\/wp-json\/wp\/v2\/media?parent=190144"}],"wp:term":[{"taxonomy":"product_brand","embeddable":true,"href":"https:\/\/leatai.com\/fr\/wp-json\/wp\/v2\/product_brand?post=190144"},{"taxonomy":"product_cat","embeddable":true,"href":"https:\/\/leatai.com\/fr\/wp-json\/wp\/v2\/product_cat?post=190144"},{"taxonomy":"product_tag","embeddable":true,"href":"https:\/\/leatai.com\/fr\/wp-json\/wp\/v2\/product_tag?post=190144"},{"taxonomy":"home_works","embeddable":true,"href":"https:\/\/leatai.com\/fr\/wp-json\/wp\/v2\/home_works?post=190144"}],"curies":[{"name":"wp","href":"https:\/\/api.w.org\/{rel}","templated":true}]}}