{"id":188784,"date":"2025-04-20T16:47:55","date_gmt":"2025-04-20T08:47:55","guid":{"rendered":"https:\/\/leatai.com\/?post_type=product&#038;p=188784"},"modified":"2026-03-04T11:17:49","modified_gmt":"2026-03-04T03:17:49","slug":"lady-flavor","status":"publish","type":"product","link":"https:\/\/leatai.com\/fr\/product\/divers-echantillons-oem\/calendrier-oem\/lady-flavor\/","title":{"rendered":"Lady Flavor"},"content":{"rendered":"<p>Nom du client : Lady Flavor<br data-start=\"1601\" data-end=\"1604\" \/>Taille du mod\u00e8le : Taille personnalis\u00e9e<br data-start=\"1643\" data-end=\"1646\" \/>Style du mod\u00e8le : Calendrier journalier mini d\u00e9tachable sur mesure<br data-start=\"1712\" data-end=\"1715\" \/>Effet du logo : Impression en couleur<br data-start=\"1752\" data-end=\"1755\" \/>Point fort : Lady Flavor capture la vie avec les chats \u00e0 travers un regard doux, raconte des histoires par la cuisine et cr\u00e9e un univers unique entre quotidien et apaisement. Le petit calendrier personnalis\u00e9 poss\u00e8de un charme particulier.<\/p>\n<p><strong>\ud83d\udcd6<\/strong>Tous les exemples de personnalisation : <a href=\"https:\/\/leatai.com\/fr\/etiquette-produit\/oem-fr\/\" target=\"_blank\" rel=\"noopener\">Carnet personnalis\u00e9 \/ Journal d&#8217;affaires personnalis\u00e9<\/a><\/p>\n<p>\ud83d\udcd6Pour les produits standards de carnets personnalis\u00e9s \/ journaux d&#8217;affaires, veuillez vous r\u00e9f\u00e9rer \u00e0 :<\/p>\n<ul>\n<li><a href=\"https:\/\/leatai.com\/fr\/categorie-produit\/carnet-personnalise\/carnet-a-couverture-rigide\/\" target=\"_blank\" rel=\"noopener\">Carnet reli\u00e9 \/ Journal d&#8217;affaires reli\u00e9<\/a><\/li>\n<li><a href=\"https:\/\/leatai.com\/fr\/categorie-produit\/carnet-personnalise\/carnet-a-feuilles-mobiles\/\" target=\"_blank\" rel=\"noopener\">Carnet \u00e0 anneaux \/ Journal d&#8217;affaires \u00e0 anneaux<\/a><\/li>\n<li><a href=\"https:\/\/leatai.com\/fr\/categorie-produit\/carnet-personnalise\/carnet-amovible\/\" target=\"_blank\" rel=\"noopener\">Carnet \u00e0 feuilles d\u00e9tachables \/ Journal d&#8217;affaires \u00e0 feuilles d\u00e9tachables<\/a><\/li>\n<li><a href=\"https:\/\/leatai.com\/fr\/categorie-produit\/carnet-personnalise\/carnet-broche\/\" target=\"_blank\" rel=\"noopener\">Carnet broch\u00e9 \/ Journal d&#8217;affaires broch\u00e9<\/a><\/li>\n<li><a href=\"https:\/\/leatai.com\/fr\/categorie-produit\/carnet-personnalise\/carnet-a-spirale\/\" target=\"_blank\" rel=\"noopener\">Carnet \u00e0 spirale \/ Journal d&#8217;affaires \u00e0 spirale<\/a><\/li>\n<\/ul>\n<p><strong>\ud83d\udcd6<\/strong>Pour une explication compl\u00e8te des tailles, veuillez consulter : <a href=\"https:\/\/leatai.com\/fr\/connaissances-sur-les-cahiers\/guide-des-formats-de-papier-comprendre-les-formats-courants-comme-b3-a4-b5-8k-16k-et-plus-encore-un-tableau-de-tailles-complet-pour-une-reference-facile\/\" target=\"_blank\" rel=\"noopener\">Guide des formats de papier : Comment sont class\u00e9s les formats courants comme B3, A4, B5, 8K, 16K ? Un tableau comparatif des tailles de papier pour mieux comprendre !<\/a><\/p>\n","protected":false},"excerpt":{"rendered":"<p>Nom du client : Lady FlavorTaille du mod\u00e8le : Taille personnalis\u00e9eStyle du mod\u00e8le : Calendrier journalier mini d\u00e9tachable sur mesureEffet du logo : Impression en couleurPoint fort : Lady Flavor capture la vie avec les chats \u00e0 travers un regard doux, raconte des histoires par la cuisine et cr\u00e9e un univers unique entre quotidien et [&hellip;]<\/p>\n","protected":false},"featured_media":188067,"template":"","meta":{"_acf_changed":false},"product_brand":[],"product_cat":[958],"product_tag":[1367],"home_works":[],"class_list":{"0":"post-188784","1":"product","2":"type-product","3":"status-publish","4":"has-post-thumbnail","6":"product_cat-calendrier-oem","7":"product_tag-oem-fr","9":"first","10":"instock","11":"sold-individually","12":"shipping-taxable","13":"purchasable","14":"product-type-variable","15":"has-default-attributes"},"acf":[],"yoast_head":"<!-- This site is optimized with the Yoast SEO plugin v27.2 - https:\/\/yoast.com\/product\/yoast-seo-wordpress\/ -->\n<title>Lady Flavor - &quot;Fabrication et impression personnalis\u00e9e de calendriers \u00e0 effeuiller populaires en financement participatif&quot; - Leatai \u2013 Fabricant de carnets personnalis\u00e9s<\/title>\n<meta name=\"description\" content=\"D\u00e9couvrez les services haut de gamme de Leatai pour la personnalisation, l&#039;impression et la fabrication de calendriers journaliers d\u00e9tachables. Nos calendriers allient design \u00e9l\u00e9gant et mat\u00e9riaux de qualit\u00e9, id\u00e9als pour une utilisation professionnelle ou personnelle. Choisissez le fabricant de calendriers d\u00e9tachables qui vous convient le mieux pour renforcer votre image de marque et am\u00e9liorer votre organisation quotidienne. Visitez d\u00e8s maintenant le site officiel de Leatai pour en savoir plus sur nos calendriers d\u00e9tachables et vivre une exp\u00e9rience de planification efficace !\" \/>\n<meta name=\"robots\" content=\"index, follow, max-snippet:-1, max-image-preview:large, max-video-preview:-1\" \/>\n<link rel=\"canonical\" href=\"https:\/\/leatai.com\/fr\/product\/divers-echantillons-oem\/calendrier-oem\/lady-flavor\/\" \/>\n<meta property=\"og:locale\" content=\"fr_FR\" \/>\n<meta property=\"og:type\" content=\"article\" \/>\n<meta property=\"og:title\" content=\"Lady Flavor - &quot;Fabrication et impression personnalis\u00e9e de calendriers \u00e0 effeuiller populaires en financement participatif&quot; - Leatai \u2013 Fabricant de carnets personnalis\u00e9s\" \/>\n<meta property=\"og:description\" content=\"D\u00e9couvrez les services haut de gamme de Leatai pour la personnalisation, l&#039;impression et la fabrication de calendriers journaliers d\u00e9tachables. Nos calendriers allient design \u00e9l\u00e9gant et mat\u00e9riaux de qualit\u00e9, id\u00e9als pour une utilisation professionnelle ou personnelle. Choisissez le fabricant de calendriers d\u00e9tachables qui vous convient le mieux pour renforcer votre image de marque et am\u00e9liorer votre organisation quotidienne. Visitez d\u00e8s maintenant le site officiel de Leatai pour en savoir plus sur nos calendriers d\u00e9tachables et vivre une exp\u00e9rience de planification efficace !\" \/>\n<meta property=\"og:url\" content=\"https:\/\/leatai.com\/fr\/product\/divers-echantillons-oem\/calendrier-oem\/lady-flavor\/\" \/>\n<meta property=\"og:site_name\" content=\"Leatai \u2013 Fabricant de carnets personnalis\u00e9s\" \/>\n<meta property=\"article:modified_time\" content=\"2026-03-04T03:17:49+00:00\" \/>\n<meta property=\"og:image\" content=\"https:\/\/leatai.com\/wp-content\/uploads\/DSC_2992.jpg\" \/>\n\t<meta property=\"og:image:width\" content=\"1000\" \/>\n\t<meta property=\"og:image:height\" content=\"750\" \/>\n\t<meta property=\"og:image:type\" content=\"image\/jpeg\" \/>\n<meta name=\"twitter:card\" content=\"summary_large_image\" \/>\n<meta name=\"twitter:label1\" content=\"Dur\u00e9e de lecture estim\u00e9e\" \/>\n\t<meta name=\"twitter:data1\" content=\"2 minutes\" \/>\n<script type=\"application\/ld+json\" class=\"yoast-schema-graph\">{\"@context\":\"https:\/\/schema.org\",\"@graph\":[{\"@type\":\"WebPage\",\"@id\":\"https:\/\/leatai.com\/fr\/product\/divers-echantillons-oem\/calendrier-oem\/lady-flavor\/\",\"url\":\"https:\/\/leatai.com\/fr\/product\/divers-echantillons-oem\/calendrier-oem\/lady-flavor\/\",\"name\":\"Lady Flavor - \\\"Fabrication et impression personnalis\u00e9e de calendriers \u00e0 effeuiller populaires en financement participatif\\\" - Leatai \u2013 Fabricant de carnets personnalis\u00e9s\",\"isPartOf\":{\"@id\":\"https:\/\/leatai.com\/fr\/#website\"},\"primaryImageOfPage\":{\"@id\":\"https:\/\/leatai.com\/fr\/product\/divers-echantillons-oem\/calendrier-oem\/lady-flavor\/#primaryimage\"},\"image\":{\"@id\":\"https:\/\/leatai.com\/fr\/product\/divers-echantillons-oem\/calendrier-oem\/lady-flavor\/#primaryimage\"},\"thumbnailUrl\":\"https:\/\/leatai.com\/wp-content\/uploads\/DSC_2992.jpg\",\"datePublished\":\"2025-04-20T08:47:55+00:00\",\"dateModified\":\"2026-03-04T03:17:49+00:00\",\"description\":\"D\u00e9couvrez les services haut de gamme de Leatai pour la personnalisation, l'impression et la fabrication de calendriers journaliers d\u00e9tachables. Nos calendriers allient design \u00e9l\u00e9gant et mat\u00e9riaux de qualit\u00e9, id\u00e9als pour une utilisation professionnelle ou personnelle. Choisissez le fabricant de calendriers d\u00e9tachables qui vous convient le mieux pour renforcer votre image de marque et am\u00e9liorer votre organisation quotidienne. Visitez d\u00e8s maintenant le site officiel de Leatai pour en savoir plus sur nos calendriers d\u00e9tachables et vivre une exp\u00e9rience de planification efficace !\",\"breadcrumb\":{\"@id\":\"https:\/\/leatai.com\/fr\/product\/divers-echantillons-oem\/calendrier-oem\/lady-flavor\/#breadcrumb\"},\"inLanguage\":\"fr-FR\",\"potentialAction\":[{\"@type\":\"ReadAction\",\"target\":[\"https:\/\/leatai.com\/fr\/product\/divers-echantillons-oem\/calendrier-oem\/lady-flavor\/\"]}]},{\"@type\":\"ImageObject\",\"inLanguage\":\"fr-FR\",\"@id\":\"https:\/\/leatai.com\/fr\/product\/divers-echantillons-oem\/calendrier-oem\/lady-flavor\/#primaryimage\",\"url\":\"https:\/\/leatai.com\/wp-content\/uploads\/DSC_2992.jpg\",\"contentUrl\":\"https:\/\/leatai.com\/wp-content\/uploads\/DSC_2992.jpg\",\"width\":1000,\"height\":750,\"caption\":\"\u624b\u6495\u5c0f\u65e5\u66c6\"},{\"@type\":\"BreadcrumbList\",\"@id\":\"https:\/\/leatai.com\/fr\/product\/divers-echantillons-oem\/calendrier-oem\/lady-flavor\/#breadcrumb\",\"itemListElement\":[{\"@type\":\"ListItem\",\"position\":1,\"name\":\"Home\",\"item\":\"https:\/\/leatai.com\/fr\/\"},{\"@type\":\"ListItem\",\"position\":2,\"name\":\"Pr\u00e9sentation des produits\",\"item\":\"https:\/\/leatai.com\/products\/\"},{\"@type\":\"ListItem\",\"position\":3,\"name\":\"Divers \u00e9chantillons OEM\",\"item\":\"https:\/\/leatai.com\/fr\/categorie-produit\/divers-echantillons-oem\/\"},{\"@type\":\"ListItem\",\"position\":4,\"name\":\"Calendrier-OEM\",\"item\":\"https:\/\/leatai.com\/fr\/categorie-produit\/divers-echantillons-oem\/calendrier-oem\/\"},{\"@type\":\"ListItem\",\"position\":5,\"name\":\"Lady Flavor\"}]},{\"@type\":\"WebSite\",\"@id\":\"https:\/\/leatai.com\/fr\/#website\",\"url\":\"https:\/\/leatai.com\/fr\/\",\"name\":\"Leatai \u2013 Fabricant de carnets personnalis\u00e9s\",\"description\":\"Leatai propose des carnets et planificateurs personnalis\u00e9s pour les marques et distributeurs dans le monde entier.\",\"publisher\":{\"@id\":\"https:\/\/leatai.com\/fr\/#organization\"},\"potentialAction\":[{\"@type\":\"SearchAction\",\"target\":{\"@type\":\"EntryPoint\",\"urlTemplate\":\"https:\/\/leatai.com\/fr\/?s={search_term_string}\"},\"query-input\":{\"@type\":\"PropertyValueSpecification\",\"valueRequired\":true,\"valueName\":\"search_term_string\"}}],\"inLanguage\":\"fr-FR\"},{\"@type\":\"Organization\",\"@id\":\"https:\/\/leatai.com\/fr\/#organization\",\"name\":\"Leatai Diary, customized journal and business organizer\",\"url\":\"https:\/\/leatai.com\/fr\/\",\"logo\":{\"@type\":\"ImageObject\",\"inLanguage\":\"fr-FR\",\"@id\":\"https:\/\/leatai.com\/fr\/#\/schema\/logo\/image\/\",\"url\":\"https:\/\/leatai.com\/wp-content\/uploads\/logo-blue.png\",\"contentUrl\":\"https:\/\/leatai.com\/wp-content\/uploads\/logo-blue.png\",\"width\":230,\"height\":60,\"caption\":\"Leatai Diary, customized journal and business organizer\"},\"image\":{\"@id\":\"https:\/\/leatai.com\/fr\/#\/schema\/logo\/image\/\"}}]}<\/script>\n<!-- \/ Yoast SEO plugin. -->","yoast_head_json":{"title":"Lady Flavor - \"Fabrication et impression personnalis\u00e9e de calendriers \u00e0 effeuiller populaires en financement participatif\" - Leatai \u2013 Fabricant de carnets personnalis\u00e9s","description":"D\u00e9couvrez les services haut de gamme de Leatai pour la personnalisation, l'impression et la fabrication de calendriers journaliers d\u00e9tachables. Nos calendriers allient design \u00e9l\u00e9gant et mat\u00e9riaux de qualit\u00e9, id\u00e9als pour une utilisation professionnelle ou personnelle. Choisissez le fabricant de calendriers d\u00e9tachables qui vous convient le mieux pour renforcer votre image de marque et am\u00e9liorer votre organisation quotidienne. Visitez d\u00e8s maintenant le site officiel de Leatai pour en savoir plus sur nos calendriers d\u00e9tachables et vivre une exp\u00e9rience de planification efficace !","robots":{"index":"index","follow":"follow","max-snippet":"max-snippet:-1","max-image-preview":"max-image-preview:large","max-video-preview":"max-video-preview:-1"},"canonical":"https:\/\/leatai.com\/fr\/product\/divers-echantillons-oem\/calendrier-oem\/lady-flavor\/","og_locale":"fr_FR","og_type":"article","og_title":"Lady Flavor - \"Fabrication et impression personnalis\u00e9e de calendriers \u00e0 effeuiller populaires en financement participatif\" - Leatai \u2013 Fabricant de carnets personnalis\u00e9s","og_description":"D\u00e9couvrez les services haut de gamme de Leatai pour la personnalisation, l'impression et la fabrication de calendriers journaliers d\u00e9tachables. Nos calendriers allient design \u00e9l\u00e9gant et mat\u00e9riaux de qualit\u00e9, id\u00e9als pour une utilisation professionnelle ou personnelle. Choisissez le fabricant de calendriers d\u00e9tachables qui vous convient le mieux pour renforcer votre image de marque et am\u00e9liorer votre organisation quotidienne. Visitez d\u00e8s maintenant le site officiel de Leatai pour en savoir plus sur nos calendriers d\u00e9tachables et vivre une exp\u00e9rience de planification efficace !","og_url":"https:\/\/leatai.com\/fr\/product\/divers-echantillons-oem\/calendrier-oem\/lady-flavor\/","og_site_name":"Leatai \u2013 Fabricant de carnets personnalis\u00e9s","article_modified_time":"2026-03-04T03:17:49+00:00","og_image":[{"width":1000,"height":750,"url":"https:\/\/leatai.com\/wp-content\/uploads\/DSC_2992.jpg","type":"image\/jpeg"}],"twitter_card":"summary_large_image","twitter_misc":{"Dur\u00e9e de lecture estim\u00e9e":"2 minutes"},"schema":{"@context":"https:\/\/schema.org","@graph":[{"@type":"WebPage","@id":"https:\/\/leatai.com\/fr\/product\/divers-echantillons-oem\/calendrier-oem\/lady-flavor\/","url":"https:\/\/leatai.com\/fr\/product\/divers-echantillons-oem\/calendrier-oem\/lady-flavor\/","name":"Lady Flavor - \"Fabrication et impression personnalis\u00e9e de calendriers \u00e0 effeuiller populaires en financement participatif\" - Leatai \u2013 Fabricant de carnets personnalis\u00e9s","isPartOf":{"@id":"https:\/\/leatai.com\/fr\/#website"},"primaryImageOfPage":{"@id":"https:\/\/leatai.com\/fr\/product\/divers-echantillons-oem\/calendrier-oem\/lady-flavor\/#primaryimage"},"image":{"@id":"https:\/\/leatai.com\/fr\/product\/divers-echantillons-oem\/calendrier-oem\/lady-flavor\/#primaryimage"},"thumbnailUrl":"https:\/\/leatai.com\/wp-content\/uploads\/DSC_2992.jpg","datePublished":"2025-04-20T08:47:55+00:00","dateModified":"2026-03-04T03:17:49+00:00","description":"D\u00e9couvrez les services haut de gamme de Leatai pour la personnalisation, l'impression et la fabrication de calendriers journaliers d\u00e9tachables. Nos calendriers allient design \u00e9l\u00e9gant et mat\u00e9riaux de qualit\u00e9, id\u00e9als pour une utilisation professionnelle ou personnelle. Choisissez le fabricant de calendriers d\u00e9tachables qui vous convient le mieux pour renforcer votre image de marque et am\u00e9liorer votre organisation quotidienne. Visitez d\u00e8s maintenant le site officiel de Leatai pour en savoir plus sur nos calendriers d\u00e9tachables et vivre une exp\u00e9rience de planification efficace !","breadcrumb":{"@id":"https:\/\/leatai.com\/fr\/product\/divers-echantillons-oem\/calendrier-oem\/lady-flavor\/#breadcrumb"},"inLanguage":"fr-FR","potentialAction":[{"@type":"ReadAction","target":["https:\/\/leatai.com\/fr\/product\/divers-echantillons-oem\/calendrier-oem\/lady-flavor\/"]}]},{"@type":"ImageObject","inLanguage":"fr-FR","@id":"https:\/\/leatai.com\/fr\/product\/divers-echantillons-oem\/calendrier-oem\/lady-flavor\/#primaryimage","url":"https:\/\/leatai.com\/wp-content\/uploads\/DSC_2992.jpg","contentUrl":"https:\/\/leatai.com\/wp-content\/uploads\/DSC_2992.jpg","width":1000,"height":750,"caption":"\u624b\u6495\u5c0f\u65e5\u66c6"},{"@type":"BreadcrumbList","@id":"https:\/\/leatai.com\/fr\/product\/divers-echantillons-oem\/calendrier-oem\/lady-flavor\/#breadcrumb","itemListElement":[{"@type":"ListItem","position":1,"name":"Home","item":"https:\/\/leatai.com\/fr\/"},{"@type":"ListItem","position":2,"name":"Pr\u00e9sentation des produits","item":"https:\/\/leatai.com\/products\/"},{"@type":"ListItem","position":3,"name":"Divers \u00e9chantillons OEM","item":"https:\/\/leatai.com\/fr\/categorie-produit\/divers-echantillons-oem\/"},{"@type":"ListItem","position":4,"name":"Calendrier-OEM","item":"https:\/\/leatai.com\/fr\/categorie-produit\/divers-echantillons-oem\/calendrier-oem\/"},{"@type":"ListItem","position":5,"name":"Lady Flavor"}]},{"@type":"WebSite","@id":"https:\/\/leatai.com\/fr\/#website","url":"https:\/\/leatai.com\/fr\/","name":"Leatai \u2013 Fabricant de carnets personnalis\u00e9s","description":"Leatai propose des carnets et planificateurs personnalis\u00e9s pour les marques et distributeurs dans le monde entier.","publisher":{"@id":"https:\/\/leatai.com\/fr\/#organization"},"potentialAction":[{"@type":"SearchAction","target":{"@type":"EntryPoint","urlTemplate":"https:\/\/leatai.com\/fr\/?s={search_term_string}"},"query-input":{"@type":"PropertyValueSpecification","valueRequired":true,"valueName":"search_term_string"}}],"inLanguage":"fr-FR"},{"@type":"Organization","@id":"https:\/\/leatai.com\/fr\/#organization","name":"Leatai Diary, customized journal and business organizer","url":"https:\/\/leatai.com\/fr\/","logo":{"@type":"ImageObject","inLanguage":"fr-FR","@id":"https:\/\/leatai.com\/fr\/#\/schema\/logo\/image\/","url":"https:\/\/leatai.com\/wp-content\/uploads\/logo-blue.png","contentUrl":"https:\/\/leatai.com\/wp-content\/uploads\/logo-blue.png","width":230,"height":60,"caption":"Leatai Diary, customized journal and business organizer"},"image":{"@id":"https:\/\/leatai.com\/fr\/#\/schema\/logo\/image\/"}}]}},"_links":{"self":[{"href":"https:\/\/leatai.com\/fr\/wp-json\/wp\/v2\/product\/188784","targetHints":{"allow":["GET"]}}],"collection":[{"href":"https:\/\/leatai.com\/fr\/wp-json\/wp\/v2\/product"}],"about":[{"href":"https:\/\/leatai.com\/fr\/wp-json\/wp\/v2\/types\/product"}],"wp:featuredmedia":[{"embeddable":true,"href":"https:\/\/leatai.com\/fr\/wp-json\/wp\/v2\/media\/188067"}],"wp:attachment":[{"href":"https:\/\/leatai.com\/fr\/wp-json\/wp\/v2\/media?parent=188784"}],"wp:term":[{"taxonomy":"product_brand","embeddable":true,"href":"https:\/\/leatai.com\/fr\/wp-json\/wp\/v2\/product_brand?post=188784"},{"taxonomy":"product_cat","embeddable":true,"href":"https:\/\/leatai.com\/fr\/wp-json\/wp\/v2\/product_cat?post=188784"},{"taxonomy":"product_tag","embeddable":true,"href":"https:\/\/leatai.com\/fr\/wp-json\/wp\/v2\/product_tag?post=188784"},{"taxonomy":"home_works","embeddable":true,"href":"https:\/\/leatai.com\/fr\/wp-json\/wp\/v2\/home_works?post=188784"}],"curies":[{"name":"wp","href":"https:\/\/api.w.org\/{rel}","templated":true}]}}