{"id":153606,"date":"2023-05-22T15:38:22","date_gmt":"2023-05-22T07:38:22","guid":{"rendered":"https:\/\/leatai.com\/product\/non%20class\u00e9\/%e7%ad%86%e8%a8%98%e6%9c%ac%e7%a6%ae%e7%9b%92-01\/"},"modified":"2025-03-19T13:45:03","modified_gmt":"2025-03-19T05:45:03","slug":"coffret-cadeau-avec-carnet-01","status":"publish","type":"product","link":"https:\/\/leatai.com\/fr\/product\/carnet-personnalise\/coffret-cadeau\/coffret-cadeau-avec-carnet-01\/","title":{"rendered":"Coffret cadeau avec carnet &#8211; 01"},"content":{"rendered":"<p>Mod\u00e8le du produit : Coffret cadeau avec carnet &#8211; 01<br \/>\nMat\u00e9riau du coffret : Papier Vitalit\u00e9 du Japon<br \/>\nCouleur du coffret : Vert<br \/>\nDimensions du coffret : 23,3 cm (L) x 25,2 cm (l) x 2,7 cm (H) (ferm\u00e9)<br \/>\nContenu : Carnet reli\u00e9 personnalis\u00e9 25K \/ Carnet \u00e0 feuilles mobiles personnalisable (au choix) + Stylo roller haut de gamme (au choix)<br \/>\nDimensions du carnet : 16K \/ 25K \/ 48K <a href=\"https:\/\/leatai.com\/fr\/faq\/quelles-sont-les-tailles-des-planificateurs-8k-16k-et-25k-quelle-est-leur-taille\/\" target=\"_blank\" rel=\"noopener\">(tailles courantes)<\/a><br \/>\nStylo roller haut de gamme : <a href=\"https:\/\/leatai.com\/fr\/product\/carnet-personnalise\/coffret-cadeau\/stylo-roller-en-fibre-de-carbone-haut-de-gamme-1\/\" target=\"_blank\" rel=\"noopener\">01<\/a> \/ <a href=\"https:\/\/leatai.com\/fr\/product\/carnet-personnalise\/coffret-cadeau\/stylo-roller-haut-de-gamme-2\/\" target=\"_blank\" rel=\"noopener\">02<\/a> \/ <a href=\"https:\/\/leatai.com\/fr\/product\/carnet-personnalise\/coffret-cadeau\/stylo-roller-haut-de-gamme-3\/\" target=\"_blank\" rel=\"noopener\">03<\/a> (au choix)<br \/>\nEmballage : Ruban \/ Papier kraft (optionnel)<br \/>\nM\u00e9thodes de personnalisation du logo : Dorure or, dorure argent, marquage \u00e0 chaud<\/p>\n<p>Description du produit<br \/>\nLe coffret cadeau personnalis\u00e9 Leatai est fabriqu\u00e9 en papier Vitalit\u00e9 du Japon et contient un carnet personnalis\u00e9 ainsi qu\u2019un stylo roller haut de gamme. Il est dot\u00e9 d\u2019une fermeture lat\u00e9rale magn\u00e9tique et peut \u00eatre sublim\u00e9 par un \u00e9l\u00e9gant emballage en ruban, soulignant l\u2019attention port\u00e9e aux moindres d\u00e9tails. Ce coffret est un choix prestigieux et raffin\u00e9, parfait pour offrir un cadeau distingu\u00e9 et exclusif \u00e0 vos partenaires VIP.<\/p>\n<p>&nbsp;<\/p>\n<p><strong>\ud83d\udcd6<\/strong>Agenda d\u2019entreprise standard :<a href=\"https:\/\/leatai.com\/fr\/categorie-produit\/carnet-personnalise\/\" target=\"_blank\" rel=\"noopener\"> Tous les mod\u00e8les de la s\u00e9rie d\u2019agendas d\u2019entreprise<\/a> \/ <a href=\"https:\/\/leatai.com\/fr\/categorie-produit\/format-des-pages-interieures\/\" target=\"_blank\" rel=\"noopener\">Pages int\u00e9rieures des agendas d\u2019entreprise<\/a><\/p>\n<p><strong>\ud83d\udcd6<\/strong>Pour plus de recommandations sur l\u2019impression et la fabrication de carnets personnalis\u00e9s et d\u2019agendas d\u2019entreprise sur mesure, veuillez consulter :<\/p>\n<ul>\n<li><a href=\"https:\/\/leatai.com\/fr\/categorie-produit\/divers-echantillons-oem\/carnet-relie-oem\/\" target=\"_blank\" rel=\"noopener\">OEM \u2013 Carnet reli\u00e9 rigide<\/a><\/li>\n<li><a href=\"https:\/\/leatai.com\/fr\/categorie-produit\/divers-echantillons-oem\/carnet-a-feuilles-mobiles-oem\/\" target=\"_blank\" rel=\"noopener\">OEM \u2013 Carnet \u00e0 anneaux<\/a><\/li>\n<li><a href=\"https:\/\/leatai.com\/fr\/categorie-produit\/divers-echantillons-oem\/carnet-amovible-oem\/\" target=\"_blank\" rel=\"noopener\">OEM \u2013 Carnet \u00e0 feuillets amovibles<\/a><\/li>\n<li><a href=\"https:\/\/leatai.com\/fr\/categorie-produit\/divers-echantillons-oem\/carnet-broche-oem\/\" target=\"_blank\" rel=\"noopener\">OEM \u2013 Carnet broch\u00e9<\/a><\/li>\n<li><a href=\"https:\/\/leatai.com\/fr\/categorie-produit\/divers-echantillons-oem\/carnet-a-spirale-oem\/\" target=\"_blank\" rel=\"noopener\">OEM \u2013 Carnet \u00e0 spirale<\/a><\/li>\n<li><a href=\"https:\/\/leatai.com\/fr\/categorie-produit\/divers-echantillons-oem\/calendrier-oem\/\" target=\"_blank\" rel=\"noopener\">OEM \u2013 Calendrier journalier d\u00e9tachable personnalis\u00e9 \/ Impression de calendrier de bureau personnalis\u00e9<\/a><\/li>\n<li><a href=\"https:\/\/leatai.com\/fr\/categorie-produit\/divers-echantillons-oem\/oem-autres\/\" target=\"_blank\" rel=\"noopener\">OEM \u2013 Autres formats personnalis\u00e9s<\/a><\/li>\n<\/ul>\n<p>Pour une explication compl\u00e8te des tailles, consultez notre guide des formats de papier :<br \/>\n<a href=\"https:\/\/leatai.com\/fr\/connaissances-sur-les-cahiers\/guide-des-formats-de-papier-comprendre-les-formats-courants-comme-b3-a4-b5-8k-16k-et-plus-encore-un-tableau-de-tailles-complet-pour-une-reference-facile\/\" target=\"_blank\" rel=\"noopener\">D\u00e9couvrez en un coup d&#8217;\u0153il les dimensions des formats standard tels que B3, A4, B5, 8K, 16K, et bien d\u2019autres ! Tableau comparatif des tailles de papier pour une compr\u00e9hension facile et rapide.<\/a><\/p>\n","protected":false},"excerpt":{"rendered":"<p>Mod\u00e8le du produit : Coffret cadeau avec carnet &#8211; 01 Mat\u00e9riau du coffret : Papier Vitalit\u00e9 du Japon Couleur du coffret : Vert Dimensions du coffret : 23,3 cm (L) x 25,2 cm (l) x 2,7 cm (H) (ferm\u00e9) Contenu : Carnet reli\u00e9 personnalis\u00e9 25K \/ Carnet \u00e0 feuilles mobiles personnalisable (au choix) + Stylo [&hellip;]<\/p>\n","protected":false},"featured_media":153607,"template":"","meta":{"_acf_changed":false},"product_brand":[],"product_cat":[817],"product_tag":[1406],"home_works":[],"class_list":{"0":"post-153606","1":"product","2":"type-product","3":"status-publish","4":"has-post-thumbnail","6":"product_cat-coffret-cadeau","7":"product_tag-coffret-cadeau-avec-carnet","9":"first","10":"outofstock","11":"sold-individually","12":"shipping-taxable","13":"purchasable","14":"product-type-variable","15":"has-default-attributes"},"acf":[],"yoast_head":"<!-- This site is optimized with the Yoast SEO plugin v27.2 - https:\/\/yoast.com\/product\/yoast-seo-wordpress\/ -->\n<title>Coffret cadeau avec carnet personnalis\u00e9 - Papier Vitalit\u00e9 du Japon - Leatai \u2013 Fabricant de carnets personnalis\u00e9s<\/title>\n<meta name=\"description\" content=\"Mod\u00e8le de produit Leatai : Coffret cadeau avec carnet personnalis\u00e9, fabriqu\u00e9 en papier Vitalit\u00e9 du Japon. Il contient un carnet personnalis\u00e9 et un stylo roller haut de gamme. Le coffret est dot\u00e9 d\u2019une fermeture magn\u00e9tique lat\u00e9rale et peut \u00eatre agr\u00e9ment\u00e9 d\u2019un \u00e9l\u00e9gant emballage avec ruban. Chaque d\u00e9tail est soigneusement pens\u00e9 pour offrir un cadeau raffin\u00e9 et distingu\u00e9, refl\u00e9tant parfaitement l\u2019exclusivit\u00e9 VIP.\" \/>\n<meta name=\"robots\" content=\"index, follow, max-snippet:-1, max-image-preview:large, max-video-preview:-1\" \/>\n<link rel=\"canonical\" href=\"https:\/\/leatai.com\/fr\/product\/carnet-personnalise\/coffret-cadeau\/coffret-cadeau-avec-carnet-01\/\" \/>\n<meta property=\"og:locale\" content=\"fr_FR\" \/>\n<meta property=\"og:type\" content=\"article\" \/>\n<meta property=\"og:title\" content=\"Coffret cadeau avec carnet personnalis\u00e9 - Papier Vitalit\u00e9 du Japon - Leatai \u2013 Fabricant de carnets personnalis\u00e9s\" \/>\n<meta property=\"og:description\" content=\"Mod\u00e8le de produit Leatai : Coffret cadeau avec carnet personnalis\u00e9, fabriqu\u00e9 en papier Vitalit\u00e9 du Japon. Il contient un carnet personnalis\u00e9 et un stylo roller haut de gamme. Le coffret est dot\u00e9 d\u2019une fermeture magn\u00e9tique lat\u00e9rale et peut \u00eatre agr\u00e9ment\u00e9 d\u2019un \u00e9l\u00e9gant emballage avec ruban. Chaque d\u00e9tail est soigneusement pens\u00e9 pour offrir un cadeau raffin\u00e9 et distingu\u00e9, refl\u00e9tant parfaitement l\u2019exclusivit\u00e9 VIP.\" \/>\n<meta property=\"og:url\" content=\"https:\/\/leatai.com\/fr\/product\/carnet-personnalise\/coffret-cadeau\/coffret-cadeau-avec-carnet-01\/\" \/>\n<meta property=\"og:site_name\" content=\"Leatai \u2013 Fabricant de carnets personnalis\u00e9s\" \/>\n<meta property=\"article:modified_time\" content=\"2025-03-19T05:45:03+00:00\" \/>\n<meta property=\"og:image\" content=\"https:\/\/leatai.com\/wp-content\/uploads\/DSC_0674.jpg\" \/>\n\t<meta property=\"og:image:width\" content=\"1000\" \/>\n\t<meta property=\"og:image:height\" content=\"750\" \/>\n\t<meta property=\"og:image:type\" content=\"image\/jpeg\" \/>\n<meta name=\"twitter:card\" content=\"summary_large_image\" \/>\n<meta name=\"twitter:label1\" content=\"Dur\u00e9e de lecture estim\u00e9e\" \/>\n\t<meta name=\"twitter:data1\" content=\"2 minutes\" \/>\n<script type=\"application\/ld+json\" class=\"yoast-schema-graph\">{\"@context\":\"https:\/\/schema.org\",\"@graph\":[{\"@type\":\"WebPage\",\"@id\":\"https:\/\/leatai.com\/fr\/product\/carnet-personnalise\/coffret-cadeau\/coffret-cadeau-avec-carnet-01\/\",\"url\":\"https:\/\/leatai.com\/fr\/product\/carnet-personnalise\/coffret-cadeau\/coffret-cadeau-avec-carnet-01\/\",\"name\":\"Coffret cadeau avec carnet personnalis\u00e9 - Papier Vitalit\u00e9 du Japon - Leatai \u2013 Fabricant de carnets personnalis\u00e9s\",\"isPartOf\":{\"@id\":\"https:\/\/leatai.com\/fr\/#website\"},\"primaryImageOfPage\":{\"@id\":\"https:\/\/leatai.com\/fr\/product\/carnet-personnalise\/coffret-cadeau\/coffret-cadeau-avec-carnet-01\/#primaryimage\"},\"image\":{\"@id\":\"https:\/\/leatai.com\/fr\/product\/carnet-personnalise\/coffret-cadeau\/coffret-cadeau-avec-carnet-01\/#primaryimage\"},\"thumbnailUrl\":\"https:\/\/leatai.com\/wp-content\/uploads\/DSC_0674.jpg\",\"datePublished\":\"2023-05-22T07:38:22+00:00\",\"dateModified\":\"2025-03-19T05:45:03+00:00\",\"description\":\"Mod\u00e8le de produit Leatai : Coffret cadeau avec carnet personnalis\u00e9, fabriqu\u00e9 en papier Vitalit\u00e9 du Japon. Il contient un carnet personnalis\u00e9 et un stylo roller haut de gamme. Le coffret est dot\u00e9 d\u2019une fermeture magn\u00e9tique lat\u00e9rale et peut \u00eatre agr\u00e9ment\u00e9 d\u2019un \u00e9l\u00e9gant emballage avec ruban. Chaque d\u00e9tail est soigneusement pens\u00e9 pour offrir un cadeau raffin\u00e9 et distingu\u00e9, refl\u00e9tant parfaitement l\u2019exclusivit\u00e9 VIP.\",\"breadcrumb\":{\"@id\":\"https:\/\/leatai.com\/fr\/product\/carnet-personnalise\/coffret-cadeau\/coffret-cadeau-avec-carnet-01\/#breadcrumb\"},\"inLanguage\":\"fr-FR\",\"potentialAction\":[{\"@type\":\"ReadAction\",\"target\":[\"https:\/\/leatai.com\/fr\/product\/carnet-personnalise\/coffret-cadeau\/coffret-cadeau-avec-carnet-01\/\"]}]},{\"@type\":\"ImageObject\",\"inLanguage\":\"fr-FR\",\"@id\":\"https:\/\/leatai.com\/fr\/product\/carnet-personnalise\/coffret-cadeau\/coffret-cadeau-avec-carnet-01\/#primaryimage\",\"url\":\"https:\/\/leatai.com\/wp-content\/uploads\/DSC_0674.jpg\",\"contentUrl\":\"https:\/\/leatai.com\/wp-content\/uploads\/DSC_0674.jpg\",\"width\":1000,\"height\":750,\"caption\":\"Coffret cadeau avec carnet\"},{\"@type\":\"BreadcrumbList\",\"@id\":\"https:\/\/leatai.com\/fr\/product\/carnet-personnalise\/coffret-cadeau\/coffret-cadeau-avec-carnet-01\/#breadcrumb\",\"itemListElement\":[{\"@type\":\"ListItem\",\"position\":1,\"name\":\"Home\",\"item\":\"https:\/\/leatai.com\/fr\/\"},{\"@type\":\"ListItem\",\"position\":2,\"name\":\"Pr\u00e9sentation des produits\",\"item\":\"https:\/\/leatai.com\/products\/\"},{\"@type\":\"ListItem\",\"position\":3,\"name\":\"Carnet personnalis\u00e9\",\"item\":\"https:\/\/leatai.com\/fr\/categorie-produit\/carnet-personnalise\/\"},{\"@type\":\"ListItem\",\"position\":4,\"name\":\"Coffret cadeau\",\"item\":\"https:\/\/leatai.com\/fr\/categorie-produit\/carnet-personnalise\/coffret-cadeau\/\"},{\"@type\":\"ListItem\",\"position\":5,\"name\":\"Coffret cadeau avec carnet &#8211; 01\"}]},{\"@type\":\"WebSite\",\"@id\":\"https:\/\/leatai.com\/fr\/#website\",\"url\":\"https:\/\/leatai.com\/fr\/\",\"name\":\"Leatai \u2013 Fabricant de carnets personnalis\u00e9s\",\"description\":\"Leatai propose des carnets et planificateurs personnalis\u00e9s pour les marques et distributeurs dans le monde entier.\",\"publisher\":{\"@id\":\"https:\/\/leatai.com\/fr\/#organization\"},\"potentialAction\":[{\"@type\":\"SearchAction\",\"target\":{\"@type\":\"EntryPoint\",\"urlTemplate\":\"https:\/\/leatai.com\/fr\/?s={search_term_string}\"},\"query-input\":{\"@type\":\"PropertyValueSpecification\",\"valueRequired\":true,\"valueName\":\"search_term_string\"}}],\"inLanguage\":\"fr-FR\"},{\"@type\":\"Organization\",\"@id\":\"https:\/\/leatai.com\/fr\/#organization\",\"name\":\"Leatai Diary, customized journal and business organizer\",\"url\":\"https:\/\/leatai.com\/fr\/\",\"logo\":{\"@type\":\"ImageObject\",\"inLanguage\":\"fr-FR\",\"@id\":\"https:\/\/leatai.com\/fr\/#\/schema\/logo\/image\/\",\"url\":\"https:\/\/leatai.com\/wp-content\/uploads\/logo-blue.png\",\"contentUrl\":\"https:\/\/leatai.com\/wp-content\/uploads\/logo-blue.png\",\"width\":230,\"height\":60,\"caption\":\"Leatai Diary, customized journal and business organizer\"},\"image\":{\"@id\":\"https:\/\/leatai.com\/fr\/#\/schema\/logo\/image\/\"}}]}<\/script>\n<!-- \/ Yoast SEO plugin. -->","yoast_head_json":{"title":"Coffret cadeau avec carnet personnalis\u00e9 - Papier Vitalit\u00e9 du Japon - Leatai \u2013 Fabricant de carnets personnalis\u00e9s","description":"Mod\u00e8le de produit Leatai : Coffret cadeau avec carnet personnalis\u00e9, fabriqu\u00e9 en papier Vitalit\u00e9 du Japon. Il contient un carnet personnalis\u00e9 et un stylo roller haut de gamme. Le coffret est dot\u00e9 d\u2019une fermeture magn\u00e9tique lat\u00e9rale et peut \u00eatre agr\u00e9ment\u00e9 d\u2019un \u00e9l\u00e9gant emballage avec ruban. Chaque d\u00e9tail est soigneusement pens\u00e9 pour offrir un cadeau raffin\u00e9 et distingu\u00e9, refl\u00e9tant parfaitement l\u2019exclusivit\u00e9 VIP.","robots":{"index":"index","follow":"follow","max-snippet":"max-snippet:-1","max-image-preview":"max-image-preview:large","max-video-preview":"max-video-preview:-1"},"canonical":"https:\/\/leatai.com\/fr\/product\/carnet-personnalise\/coffret-cadeau\/coffret-cadeau-avec-carnet-01\/","og_locale":"fr_FR","og_type":"article","og_title":"Coffret cadeau avec carnet personnalis\u00e9 - Papier Vitalit\u00e9 du Japon - Leatai \u2013 Fabricant de carnets personnalis\u00e9s","og_description":"Mod\u00e8le de produit Leatai : Coffret cadeau avec carnet personnalis\u00e9, fabriqu\u00e9 en papier Vitalit\u00e9 du Japon. Il contient un carnet personnalis\u00e9 et un stylo roller haut de gamme. Le coffret est dot\u00e9 d\u2019une fermeture magn\u00e9tique lat\u00e9rale et peut \u00eatre agr\u00e9ment\u00e9 d\u2019un \u00e9l\u00e9gant emballage avec ruban. Chaque d\u00e9tail est soigneusement pens\u00e9 pour offrir un cadeau raffin\u00e9 et distingu\u00e9, refl\u00e9tant parfaitement l\u2019exclusivit\u00e9 VIP.","og_url":"https:\/\/leatai.com\/fr\/product\/carnet-personnalise\/coffret-cadeau\/coffret-cadeau-avec-carnet-01\/","og_site_name":"Leatai \u2013 Fabricant de carnets personnalis\u00e9s","article_modified_time":"2025-03-19T05:45:03+00:00","og_image":[{"width":1000,"height":750,"url":"https:\/\/leatai.com\/wp-content\/uploads\/DSC_0674.jpg","type":"image\/jpeg"}],"twitter_card":"summary_large_image","twitter_misc":{"Dur\u00e9e de lecture estim\u00e9e":"2 minutes"},"schema":{"@context":"https:\/\/schema.org","@graph":[{"@type":"WebPage","@id":"https:\/\/leatai.com\/fr\/product\/carnet-personnalise\/coffret-cadeau\/coffret-cadeau-avec-carnet-01\/","url":"https:\/\/leatai.com\/fr\/product\/carnet-personnalise\/coffret-cadeau\/coffret-cadeau-avec-carnet-01\/","name":"Coffret cadeau avec carnet personnalis\u00e9 - Papier Vitalit\u00e9 du Japon - Leatai \u2013 Fabricant de carnets personnalis\u00e9s","isPartOf":{"@id":"https:\/\/leatai.com\/fr\/#website"},"primaryImageOfPage":{"@id":"https:\/\/leatai.com\/fr\/product\/carnet-personnalise\/coffret-cadeau\/coffret-cadeau-avec-carnet-01\/#primaryimage"},"image":{"@id":"https:\/\/leatai.com\/fr\/product\/carnet-personnalise\/coffret-cadeau\/coffret-cadeau-avec-carnet-01\/#primaryimage"},"thumbnailUrl":"https:\/\/leatai.com\/wp-content\/uploads\/DSC_0674.jpg","datePublished":"2023-05-22T07:38:22+00:00","dateModified":"2025-03-19T05:45:03+00:00","description":"Mod\u00e8le de produit Leatai : Coffret cadeau avec carnet personnalis\u00e9, fabriqu\u00e9 en papier Vitalit\u00e9 du Japon. Il contient un carnet personnalis\u00e9 et un stylo roller haut de gamme. Le coffret est dot\u00e9 d\u2019une fermeture magn\u00e9tique lat\u00e9rale et peut \u00eatre agr\u00e9ment\u00e9 d\u2019un \u00e9l\u00e9gant emballage avec ruban. Chaque d\u00e9tail est soigneusement pens\u00e9 pour offrir un cadeau raffin\u00e9 et distingu\u00e9, refl\u00e9tant parfaitement l\u2019exclusivit\u00e9 VIP.","breadcrumb":{"@id":"https:\/\/leatai.com\/fr\/product\/carnet-personnalise\/coffret-cadeau\/coffret-cadeau-avec-carnet-01\/#breadcrumb"},"inLanguage":"fr-FR","potentialAction":[{"@type":"ReadAction","target":["https:\/\/leatai.com\/fr\/product\/carnet-personnalise\/coffret-cadeau\/coffret-cadeau-avec-carnet-01\/"]}]},{"@type":"ImageObject","inLanguage":"fr-FR","@id":"https:\/\/leatai.com\/fr\/product\/carnet-personnalise\/coffret-cadeau\/coffret-cadeau-avec-carnet-01\/#primaryimage","url":"https:\/\/leatai.com\/wp-content\/uploads\/DSC_0674.jpg","contentUrl":"https:\/\/leatai.com\/wp-content\/uploads\/DSC_0674.jpg","width":1000,"height":750,"caption":"Coffret cadeau avec carnet"},{"@type":"BreadcrumbList","@id":"https:\/\/leatai.com\/fr\/product\/carnet-personnalise\/coffret-cadeau\/coffret-cadeau-avec-carnet-01\/#breadcrumb","itemListElement":[{"@type":"ListItem","position":1,"name":"Home","item":"https:\/\/leatai.com\/fr\/"},{"@type":"ListItem","position":2,"name":"Pr\u00e9sentation des produits","item":"https:\/\/leatai.com\/products\/"},{"@type":"ListItem","position":3,"name":"Carnet personnalis\u00e9","item":"https:\/\/leatai.com\/fr\/categorie-produit\/carnet-personnalise\/"},{"@type":"ListItem","position":4,"name":"Coffret cadeau","item":"https:\/\/leatai.com\/fr\/categorie-produit\/carnet-personnalise\/coffret-cadeau\/"},{"@type":"ListItem","position":5,"name":"Coffret cadeau avec carnet &#8211; 01"}]},{"@type":"WebSite","@id":"https:\/\/leatai.com\/fr\/#website","url":"https:\/\/leatai.com\/fr\/","name":"Leatai \u2013 Fabricant de carnets personnalis\u00e9s","description":"Leatai propose des carnets et planificateurs personnalis\u00e9s pour les marques et distributeurs dans le monde entier.","publisher":{"@id":"https:\/\/leatai.com\/fr\/#organization"},"potentialAction":[{"@type":"SearchAction","target":{"@type":"EntryPoint","urlTemplate":"https:\/\/leatai.com\/fr\/?s={search_term_string}"},"query-input":{"@type":"PropertyValueSpecification","valueRequired":true,"valueName":"search_term_string"}}],"inLanguage":"fr-FR"},{"@type":"Organization","@id":"https:\/\/leatai.com\/fr\/#organization","name":"Leatai Diary, customized journal and business organizer","url":"https:\/\/leatai.com\/fr\/","logo":{"@type":"ImageObject","inLanguage":"fr-FR","@id":"https:\/\/leatai.com\/fr\/#\/schema\/logo\/image\/","url":"https:\/\/leatai.com\/wp-content\/uploads\/logo-blue.png","contentUrl":"https:\/\/leatai.com\/wp-content\/uploads\/logo-blue.png","width":230,"height":60,"caption":"Leatai Diary, customized journal and business organizer"},"image":{"@id":"https:\/\/leatai.com\/fr\/#\/schema\/logo\/image\/"}}]}},"_links":{"self":[{"href":"https:\/\/leatai.com\/fr\/wp-json\/wp\/v2\/product\/153606","targetHints":{"allow":["GET"]}}],"collection":[{"href":"https:\/\/leatai.com\/fr\/wp-json\/wp\/v2\/product"}],"about":[{"href":"https:\/\/leatai.com\/fr\/wp-json\/wp\/v2\/types\/product"}],"wp:featuredmedia":[{"embeddable":true,"href":"https:\/\/leatai.com\/fr\/wp-json\/wp\/v2\/media\/153607"}],"wp:attachment":[{"href":"https:\/\/leatai.com\/fr\/wp-json\/wp\/v2\/media?parent=153606"}],"wp:term":[{"taxonomy":"product_brand","embeddable":true,"href":"https:\/\/leatai.com\/fr\/wp-json\/wp\/v2\/product_brand?post=153606"},{"taxonomy":"product_cat","embeddable":true,"href":"https:\/\/leatai.com\/fr\/wp-json\/wp\/v2\/product_cat?post=153606"},{"taxonomy":"product_tag","embeddable":true,"href":"https:\/\/leatai.com\/fr\/wp-json\/wp\/v2\/product_tag?post=153606"},{"taxonomy":"home_works","embeddable":true,"href":"https:\/\/leatai.com\/fr\/wp-json\/wp\/v2\/home_works?post=153606"}],"curies":[{"name":"wp","href":"https:\/\/api.w.org\/{rel}","templated":true}]}}