{"id":153553,"date":"2023-05-22T20:36:23","date_gmt":"2023-05-22T12:36:23","guid":{"rendered":"https:\/\/leatai.com\/product\/non%20class\u00e9\/stylo-roller-haut-de-gamme-3\/"},"modified":"2025-03-19T13:43:29","modified_gmt":"2025-03-19T05:43:29","slug":"stylo-roller-haut-de-gamme-3","status":"publish","type":"product","link":"https:\/\/leatai.com\/fr\/product\/carnet-personnalise\/coffret-cadeau\/stylo-roller-haut-de-gamme-3\/","title":{"rendered":"Stylo roller haut de gamme &#8211; 3"},"content":{"rendered":"<p>Mod\u00e8le du produit : Stylo roller haut de gamme &#8211; 3<br \/>\nCouleur : Noir<br \/>\nDimensions : Environ 13,5 cm de longueur<br \/>\nRecharge : Noire, 0,5 mm<br \/>\nEmballage : Pochette OPP (optionnelle, par d\u00e9faut sans pochette OPP, exp\u00e9dition en carton direct) (co\u00fbt suppl\u00e9mentaire pour l&#8217;emballage en bo\u00eete)<br \/>\nM\u00e9thode de personnalisation du logo : Gravure laser<\/p>\n<p>Prix unitaire : 190 TWD, incluant une gravure laser<br \/>\n(Bo\u00eete en cuir en option, co\u00fbt additionnel de 130 TWD par unit\u00e9, incluant une dorure)<br \/>\n(Prix hors taxes, livraison incluse pour une adresse \u00e0 Ta\u00efwan)<br \/>\n(En raison du prix unitaire bas, le paiement int\u00e9gral doit \u00eatre effectu\u00e9 lors de la commande, quel que soit le volume)<\/p>\n<p>&nbsp;<\/p>\n<p><strong>\ud83d\udcd6<\/strong>Agenda d\u2019entreprise standard :<a href=\"https:\/\/leatai.com\/fr\/categorie-produit\/carnet-personnalise\/\" target=\"_blank\" rel=\"noopener\"> Tous les mod\u00e8les de la s\u00e9rie d\u2019agendas d\u2019entreprise<\/a> \/ <a href=\"https:\/\/leatai.com\/fr\/categorie-produit\/format-des-pages-interieures\/\" target=\"_blank\" rel=\"noopener\">Pages int\u00e9rieures des agendas d\u2019entreprise<\/a><\/p>\n<p><strong>\ud83d\udcd6<\/strong>Pour plus de recommandations sur l\u2019impression et la fabrication de carnets personnalis\u00e9s et d\u2019agendas d\u2019entreprise sur mesure, veuillez consulter :<\/p>\n<ul>\n<li><a href=\"https:\/\/leatai.com\/fr\/categorie-produit\/divers-echantillons-oem\/carnet-relie-oem\/\" target=\"_blank\" rel=\"noopener\">OEM \u2013 Carnet reli\u00e9 rigide<\/a><\/li>\n<li><a href=\"https:\/\/leatai.com\/fr\/categorie-produit\/divers-echantillons-oem\/carnet-a-feuilles-mobiles-oem\/\" target=\"_blank\" rel=\"noopener\">OEM \u2013 Carnet \u00e0 anneaux<\/a><\/li>\n<li><a href=\"https:\/\/leatai.com\/fr\/categorie-produit\/divers-echantillons-oem\/carnet-amovible-oem\/\" target=\"_blank\" rel=\"noopener\">OEM \u2013 Carnet \u00e0 feuillets amovibles<\/a><\/li>\n<li><a href=\"https:\/\/leatai.com\/fr\/categorie-produit\/divers-echantillons-oem\/carnet-broche-oem\/\" target=\"_blank\" rel=\"noopener\">OEM \u2013 Carnet broch\u00e9<\/a><\/li>\n<li><a href=\"https:\/\/leatai.com\/fr\/categorie-produit\/divers-echantillons-oem\/carnet-a-spirale-oem\/\" target=\"_blank\" rel=\"noopener\">OEM \u2013 Carnet \u00e0 spirale<\/a><\/li>\n<li><a href=\"https:\/\/leatai.com\/fr\/categorie-produit\/divers-echantillons-oem\/calendrier-oem\/\" target=\"_blank\" rel=\"noopener\">OEM \u2013 Calendrier journalier d\u00e9tachable personnalis\u00e9 \/ Impression de calendrier de bureau personnalis\u00e9<\/a><\/li>\n<li><a href=\"https:\/\/leatai.com\/fr\/categorie-produit\/divers-echantillons-oem\/oem-autres\/\" target=\"_blank\" rel=\"noopener\">OEM \u2013 Autres formats personnalis\u00e9s<\/a><\/li>\n<\/ul>\n<p>Pour une explication compl\u00e8te des tailles, consultez notre guide des formats de papier :<br \/>\n<a href=\"https:\/\/leatai.com\/fr\/connaissances-sur-les-cahiers\/guide-des-formats-de-papier-comprendre-les-formats-courants-comme-b3-a4-b5-8k-16k-et-plus-encore-un-tableau-de-tailles-complet-pour-une-reference-facile\/\" target=\"_blank\" rel=\"noopener\">D\u00e9couvrez en un coup d&#8217;\u0153il les dimensions des formats standard tels que B3, A4, B5, 8K, 16K, et bien d\u2019autres ! Tableau comparatif des tailles de papier pour une compr\u00e9hension facile et rapide.<\/a><\/p>\n","protected":false},"excerpt":{"rendered":"<p>Mod\u00e8le du produit : Stylo roller haut de gamme &#8211; 3 Couleur : Noir Dimensions : Environ 13,5 cm de longueur Recharge : Noire, 0,5 mm Emballage : Pochette OPP (optionnelle, par d\u00e9faut sans pochette OPP, exp\u00e9dition en carton direct) (co\u00fbt suppl\u00e9mentaire pour l&#8217;emballage en bo\u00eete) M\u00e9thode de personnalisation du logo : Gravure laser Prix [&hellip;]<\/p>\n","protected":false},"featured_media":153554,"template":"","meta":{"_acf_changed":false},"product_brand":[],"product_cat":[817],"product_tag":[],"home_works":[],"class_list":{"0":"post-153553","1":"product","2":"type-product","3":"status-publish","4":"has-post-thumbnail","6":"product_cat-coffret-cadeau","8":"first","9":"outofstock","10":"sold-individually","11":"shipping-taxable","12":"purchasable","13":"product-type-variable","14":"has-default-attributes"},"acf":[],"yoast_head":"<!-- This site is optimized with the Yoast SEO plugin v27.2 - https:\/\/yoast.com\/product\/yoast-seo-wordpress\/ -->\n<title>Stylo roller haut de gamme - Recommandation d&#039;ensemble pour cadeaux d&#039;entreprise - Leatai \u2013 Fabricant de carnets personnalis\u00e9s<\/title>\n<meta name=\"description\" content=\"Offrir un cadeau dans le monde professionnel est un v\u00e9ritable art, et satisfaire ses sup\u00e9rieurs ou ses a\u00een\u00e9s n\u2019est pas une t\u00e2che facile. L\u2019alcool peut ne pas convenir, le th\u00e9 peut \u00eatre complexe \u00e0 choisir, et les articles de luxe sont parfois hors de port\u00e9e. Le choix le plus raffin\u00e9 et le plus s\u00fbr reste le coffret cadeau avec carnet personnalis\u00e9. Il incarne l\u2019\u00e9l\u00e9gance et la culture, garantissant un cadeau \u00e0 la fois distingu\u00e9 et infaillible.\" \/>\n<meta name=\"robots\" content=\"index, follow, max-snippet:-1, max-image-preview:large, max-video-preview:-1\" \/>\n<link rel=\"canonical\" href=\"https:\/\/leatai.com\/fr\/product\/carnet-personnalise\/coffret-cadeau\/stylo-roller-haut-de-gamme-3\/\" \/>\n<meta property=\"og:locale\" content=\"fr_FR\" \/>\n<meta property=\"og:type\" content=\"article\" \/>\n<meta property=\"og:title\" content=\"Stylo roller haut de gamme - Recommandation d&#039;ensemble pour cadeaux d&#039;entreprise - Leatai \u2013 Fabricant de carnets personnalis\u00e9s\" \/>\n<meta property=\"og:description\" content=\"Offrir un cadeau dans le monde professionnel est un v\u00e9ritable art, et satisfaire ses sup\u00e9rieurs ou ses a\u00een\u00e9s n\u2019est pas une t\u00e2che facile. L\u2019alcool peut ne pas convenir, le th\u00e9 peut \u00eatre complexe \u00e0 choisir, et les articles de luxe sont parfois hors de port\u00e9e. Le choix le plus raffin\u00e9 et le plus s\u00fbr reste le coffret cadeau avec carnet personnalis\u00e9. Il incarne l\u2019\u00e9l\u00e9gance et la culture, garantissant un cadeau \u00e0 la fois distingu\u00e9 et infaillible.\" \/>\n<meta property=\"og:url\" content=\"https:\/\/leatai.com\/fr\/product\/carnet-personnalise\/coffret-cadeau\/stylo-roller-haut-de-gamme-3\/\" \/>\n<meta property=\"og:site_name\" content=\"Leatai \u2013 Fabricant de carnets personnalis\u00e9s\" \/>\n<meta property=\"article:modified_time\" content=\"2025-03-19T05:43:29+00:00\" \/>\n<meta property=\"og:image\" content=\"https:\/\/leatai.com\/wp-content\/uploads\/DSC_0629.jpg\" \/>\n\t<meta property=\"og:image:width\" content=\"1000\" \/>\n\t<meta property=\"og:image:height\" content=\"750\" \/>\n\t<meta property=\"og:image:type\" content=\"image\/jpeg\" \/>\n<meta name=\"twitter:card\" content=\"summary_large_image\" \/>\n<meta name=\"twitter:label1\" content=\"Dur\u00e9e de lecture estim\u00e9e\" \/>\n\t<meta name=\"twitter:data1\" content=\"2 minutes\" \/>\n<script type=\"application\/ld+json\" class=\"yoast-schema-graph\">{\"@context\":\"https:\/\/schema.org\",\"@graph\":[{\"@type\":\"WebPage\",\"@id\":\"https:\/\/leatai.com\/fr\/product\/carnet-personnalise\/coffret-cadeau\/stylo-roller-haut-de-gamme-3\/\",\"url\":\"https:\/\/leatai.com\/fr\/product\/carnet-personnalise\/coffret-cadeau\/stylo-roller-haut-de-gamme-3\/\",\"name\":\"Stylo roller haut de gamme - Recommandation d'ensemble pour cadeaux d'entreprise - Leatai \u2013 Fabricant de carnets personnalis\u00e9s\",\"isPartOf\":{\"@id\":\"https:\/\/leatai.com\/fr\/#website\"},\"primaryImageOfPage\":{\"@id\":\"https:\/\/leatai.com\/fr\/product\/carnet-personnalise\/coffret-cadeau\/stylo-roller-haut-de-gamme-3\/#primaryimage\"},\"image\":{\"@id\":\"https:\/\/leatai.com\/fr\/product\/carnet-personnalise\/coffret-cadeau\/stylo-roller-haut-de-gamme-3\/#primaryimage\"},\"thumbnailUrl\":\"https:\/\/leatai.com\/wp-content\/uploads\/DSC_0629.jpg\",\"datePublished\":\"2023-05-22T12:36:23+00:00\",\"dateModified\":\"2025-03-19T05:43:29+00:00\",\"description\":\"Offrir un cadeau dans le monde professionnel est un v\u00e9ritable art, et satisfaire ses sup\u00e9rieurs ou ses a\u00een\u00e9s n\u2019est pas une t\u00e2che facile. L\u2019alcool peut ne pas convenir, le th\u00e9 peut \u00eatre complexe \u00e0 choisir, et les articles de luxe sont parfois hors de port\u00e9e. Le choix le plus raffin\u00e9 et le plus s\u00fbr reste le coffret cadeau avec carnet personnalis\u00e9. Il incarne l\u2019\u00e9l\u00e9gance et la culture, garantissant un cadeau \u00e0 la fois distingu\u00e9 et infaillible.\",\"breadcrumb\":{\"@id\":\"https:\/\/leatai.com\/fr\/product\/carnet-personnalise\/coffret-cadeau\/stylo-roller-haut-de-gamme-3\/#breadcrumb\"},\"inLanguage\":\"fr-FR\",\"potentialAction\":[{\"@type\":\"ReadAction\",\"target\":[\"https:\/\/leatai.com\/fr\/product\/carnet-personnalise\/coffret-cadeau\/stylo-roller-haut-de-gamme-3\/\"]}]},{\"@type\":\"ImageObject\",\"inLanguage\":\"fr-FR\",\"@id\":\"https:\/\/leatai.com\/fr\/product\/carnet-personnalise\/coffret-cadeau\/stylo-roller-haut-de-gamme-3\/#primaryimage\",\"url\":\"https:\/\/leatai.com\/wp-content\/uploads\/DSC_0629.jpg\",\"contentUrl\":\"https:\/\/leatai.com\/wp-content\/uploads\/DSC_0629.jpg\",\"width\":1000,\"height\":750,\"caption\":\"Stylo haut de gamme pour cadeau\"},{\"@type\":\"BreadcrumbList\",\"@id\":\"https:\/\/leatai.com\/fr\/product\/carnet-personnalise\/coffret-cadeau\/stylo-roller-haut-de-gamme-3\/#breadcrumb\",\"itemListElement\":[{\"@type\":\"ListItem\",\"position\":1,\"name\":\"Home\",\"item\":\"https:\/\/leatai.com\/fr\/\"},{\"@type\":\"ListItem\",\"position\":2,\"name\":\"Pr\u00e9sentation des produits\",\"item\":\"https:\/\/leatai.com\/products\/\"},{\"@type\":\"ListItem\",\"position\":3,\"name\":\"Carnet personnalis\u00e9\",\"item\":\"https:\/\/leatai.com\/fr\/categorie-produit\/carnet-personnalise\/\"},{\"@type\":\"ListItem\",\"position\":4,\"name\":\"Coffret cadeau\",\"item\":\"https:\/\/leatai.com\/fr\/categorie-produit\/carnet-personnalise\/coffret-cadeau\/\"},{\"@type\":\"ListItem\",\"position\":5,\"name\":\"Stylo roller haut de gamme &#8211; 3\"}]},{\"@type\":\"WebSite\",\"@id\":\"https:\/\/leatai.com\/fr\/#website\",\"url\":\"https:\/\/leatai.com\/fr\/\",\"name\":\"Leatai \u2013 Fabricant de carnets personnalis\u00e9s\",\"description\":\"Leatai propose des carnets et planificateurs personnalis\u00e9s pour les marques et distributeurs dans le monde entier.\",\"publisher\":{\"@id\":\"https:\/\/leatai.com\/fr\/#organization\"},\"potentialAction\":[{\"@type\":\"SearchAction\",\"target\":{\"@type\":\"EntryPoint\",\"urlTemplate\":\"https:\/\/leatai.com\/fr\/?s={search_term_string}\"},\"query-input\":{\"@type\":\"PropertyValueSpecification\",\"valueRequired\":true,\"valueName\":\"search_term_string\"}}],\"inLanguage\":\"fr-FR\"},{\"@type\":\"Organization\",\"@id\":\"https:\/\/leatai.com\/fr\/#organization\",\"name\":\"Leatai Diary, customized journal and business organizer\",\"url\":\"https:\/\/leatai.com\/fr\/\",\"logo\":{\"@type\":\"ImageObject\",\"inLanguage\":\"fr-FR\",\"@id\":\"https:\/\/leatai.com\/fr\/#\/schema\/logo\/image\/\",\"url\":\"https:\/\/leatai.com\/wp-content\/uploads\/logo-blue.png\",\"contentUrl\":\"https:\/\/leatai.com\/wp-content\/uploads\/logo-blue.png\",\"width\":230,\"height\":60,\"caption\":\"Leatai Diary, customized journal and business organizer\"},\"image\":{\"@id\":\"https:\/\/leatai.com\/fr\/#\/schema\/logo\/image\/\"}}]}<\/script>\n<!-- \/ Yoast SEO plugin. -->","yoast_head_json":{"title":"Stylo roller haut de gamme - Recommandation d'ensemble pour cadeaux d'entreprise - Leatai \u2013 Fabricant de carnets personnalis\u00e9s","description":"Offrir un cadeau dans le monde professionnel est un v\u00e9ritable art, et satisfaire ses sup\u00e9rieurs ou ses a\u00een\u00e9s n\u2019est pas une t\u00e2che facile. L\u2019alcool peut ne pas convenir, le th\u00e9 peut \u00eatre complexe \u00e0 choisir, et les articles de luxe sont parfois hors de port\u00e9e. Le choix le plus raffin\u00e9 et le plus s\u00fbr reste le coffret cadeau avec carnet personnalis\u00e9. Il incarne l\u2019\u00e9l\u00e9gance et la culture, garantissant un cadeau \u00e0 la fois distingu\u00e9 et infaillible.","robots":{"index":"index","follow":"follow","max-snippet":"max-snippet:-1","max-image-preview":"max-image-preview:large","max-video-preview":"max-video-preview:-1"},"canonical":"https:\/\/leatai.com\/fr\/product\/carnet-personnalise\/coffret-cadeau\/stylo-roller-haut-de-gamme-3\/","og_locale":"fr_FR","og_type":"article","og_title":"Stylo roller haut de gamme - Recommandation d'ensemble pour cadeaux d'entreprise - Leatai \u2013 Fabricant de carnets personnalis\u00e9s","og_description":"Offrir un cadeau dans le monde professionnel est un v\u00e9ritable art, et satisfaire ses sup\u00e9rieurs ou ses a\u00een\u00e9s n\u2019est pas une t\u00e2che facile. L\u2019alcool peut ne pas convenir, le th\u00e9 peut \u00eatre complexe \u00e0 choisir, et les articles de luxe sont parfois hors de port\u00e9e. Le choix le plus raffin\u00e9 et le plus s\u00fbr reste le coffret cadeau avec carnet personnalis\u00e9. Il incarne l\u2019\u00e9l\u00e9gance et la culture, garantissant un cadeau \u00e0 la fois distingu\u00e9 et infaillible.","og_url":"https:\/\/leatai.com\/fr\/product\/carnet-personnalise\/coffret-cadeau\/stylo-roller-haut-de-gamme-3\/","og_site_name":"Leatai \u2013 Fabricant de carnets personnalis\u00e9s","article_modified_time":"2025-03-19T05:43:29+00:00","og_image":[{"width":1000,"height":750,"url":"https:\/\/leatai.com\/wp-content\/uploads\/DSC_0629.jpg","type":"image\/jpeg"}],"twitter_card":"summary_large_image","twitter_misc":{"Dur\u00e9e de lecture estim\u00e9e":"2 minutes"},"schema":{"@context":"https:\/\/schema.org","@graph":[{"@type":"WebPage","@id":"https:\/\/leatai.com\/fr\/product\/carnet-personnalise\/coffret-cadeau\/stylo-roller-haut-de-gamme-3\/","url":"https:\/\/leatai.com\/fr\/product\/carnet-personnalise\/coffret-cadeau\/stylo-roller-haut-de-gamme-3\/","name":"Stylo roller haut de gamme - Recommandation d'ensemble pour cadeaux d'entreprise - Leatai \u2013 Fabricant de carnets personnalis\u00e9s","isPartOf":{"@id":"https:\/\/leatai.com\/fr\/#website"},"primaryImageOfPage":{"@id":"https:\/\/leatai.com\/fr\/product\/carnet-personnalise\/coffret-cadeau\/stylo-roller-haut-de-gamme-3\/#primaryimage"},"image":{"@id":"https:\/\/leatai.com\/fr\/product\/carnet-personnalise\/coffret-cadeau\/stylo-roller-haut-de-gamme-3\/#primaryimage"},"thumbnailUrl":"https:\/\/leatai.com\/wp-content\/uploads\/DSC_0629.jpg","datePublished":"2023-05-22T12:36:23+00:00","dateModified":"2025-03-19T05:43:29+00:00","description":"Offrir un cadeau dans le monde professionnel est un v\u00e9ritable art, et satisfaire ses sup\u00e9rieurs ou ses a\u00een\u00e9s n\u2019est pas une t\u00e2che facile. L\u2019alcool peut ne pas convenir, le th\u00e9 peut \u00eatre complexe \u00e0 choisir, et les articles de luxe sont parfois hors de port\u00e9e. Le choix le plus raffin\u00e9 et le plus s\u00fbr reste le coffret cadeau avec carnet personnalis\u00e9. Il incarne l\u2019\u00e9l\u00e9gance et la culture, garantissant un cadeau \u00e0 la fois distingu\u00e9 et infaillible.","breadcrumb":{"@id":"https:\/\/leatai.com\/fr\/product\/carnet-personnalise\/coffret-cadeau\/stylo-roller-haut-de-gamme-3\/#breadcrumb"},"inLanguage":"fr-FR","potentialAction":[{"@type":"ReadAction","target":["https:\/\/leatai.com\/fr\/product\/carnet-personnalise\/coffret-cadeau\/stylo-roller-haut-de-gamme-3\/"]}]},{"@type":"ImageObject","inLanguage":"fr-FR","@id":"https:\/\/leatai.com\/fr\/product\/carnet-personnalise\/coffret-cadeau\/stylo-roller-haut-de-gamme-3\/#primaryimage","url":"https:\/\/leatai.com\/wp-content\/uploads\/DSC_0629.jpg","contentUrl":"https:\/\/leatai.com\/wp-content\/uploads\/DSC_0629.jpg","width":1000,"height":750,"caption":"Stylo haut de gamme pour cadeau"},{"@type":"BreadcrumbList","@id":"https:\/\/leatai.com\/fr\/product\/carnet-personnalise\/coffret-cadeau\/stylo-roller-haut-de-gamme-3\/#breadcrumb","itemListElement":[{"@type":"ListItem","position":1,"name":"Home","item":"https:\/\/leatai.com\/fr\/"},{"@type":"ListItem","position":2,"name":"Pr\u00e9sentation des produits","item":"https:\/\/leatai.com\/products\/"},{"@type":"ListItem","position":3,"name":"Carnet personnalis\u00e9","item":"https:\/\/leatai.com\/fr\/categorie-produit\/carnet-personnalise\/"},{"@type":"ListItem","position":4,"name":"Coffret cadeau","item":"https:\/\/leatai.com\/fr\/categorie-produit\/carnet-personnalise\/coffret-cadeau\/"},{"@type":"ListItem","position":5,"name":"Stylo roller haut de gamme &#8211; 3"}]},{"@type":"WebSite","@id":"https:\/\/leatai.com\/fr\/#website","url":"https:\/\/leatai.com\/fr\/","name":"Leatai \u2013 Fabricant de carnets personnalis\u00e9s","description":"Leatai propose des carnets et planificateurs personnalis\u00e9s pour les marques et distributeurs dans le monde entier.","publisher":{"@id":"https:\/\/leatai.com\/fr\/#organization"},"potentialAction":[{"@type":"SearchAction","target":{"@type":"EntryPoint","urlTemplate":"https:\/\/leatai.com\/fr\/?s={search_term_string}"},"query-input":{"@type":"PropertyValueSpecification","valueRequired":true,"valueName":"search_term_string"}}],"inLanguage":"fr-FR"},{"@type":"Organization","@id":"https:\/\/leatai.com\/fr\/#organization","name":"Leatai Diary, customized journal and business organizer","url":"https:\/\/leatai.com\/fr\/","logo":{"@type":"ImageObject","inLanguage":"fr-FR","@id":"https:\/\/leatai.com\/fr\/#\/schema\/logo\/image\/","url":"https:\/\/leatai.com\/wp-content\/uploads\/logo-blue.png","contentUrl":"https:\/\/leatai.com\/wp-content\/uploads\/logo-blue.png","width":230,"height":60,"caption":"Leatai Diary, customized journal and business organizer"},"image":{"@id":"https:\/\/leatai.com\/fr\/#\/schema\/logo\/image\/"}}]}},"_links":{"self":[{"href":"https:\/\/leatai.com\/fr\/wp-json\/wp\/v2\/product\/153553","targetHints":{"allow":["GET"]}}],"collection":[{"href":"https:\/\/leatai.com\/fr\/wp-json\/wp\/v2\/product"}],"about":[{"href":"https:\/\/leatai.com\/fr\/wp-json\/wp\/v2\/types\/product"}],"wp:featuredmedia":[{"embeddable":true,"href":"https:\/\/leatai.com\/fr\/wp-json\/wp\/v2\/media\/153554"}],"wp:attachment":[{"href":"https:\/\/leatai.com\/fr\/wp-json\/wp\/v2\/media?parent=153553"}],"wp:term":[{"taxonomy":"product_brand","embeddable":true,"href":"https:\/\/leatai.com\/fr\/wp-json\/wp\/v2\/product_brand?post=153553"},{"taxonomy":"product_cat","embeddable":true,"href":"https:\/\/leatai.com\/fr\/wp-json\/wp\/v2\/product_cat?post=153553"},{"taxonomy":"product_tag","embeddable":true,"href":"https:\/\/leatai.com\/fr\/wp-json\/wp\/v2\/product_tag?post=153553"},{"taxonomy":"home_works","embeddable":true,"href":"https:\/\/leatai.com\/fr\/wp-json\/wp\/v2\/home_works?post=153553"}],"curies":[{"name":"wp","href":"https:\/\/api.w.org\/{rel}","templated":true}]}}