{"id":153259,"date":"2023-06-23T20:57:58","date_gmt":"2023-06-23T12:57:58","guid":{"rendered":"https:\/\/leatai.com\/product\/non%20class\u00e9\/lef-058\/"},"modified":"2025-03-19T10:56:41","modified_gmt":"2025-03-19T02:56:41","slug":"lef-058","status":"publish","type":"product","link":"https:\/\/leatai.com\/fr\/product\/carnet-personnalise\/carnet-a-feuilles-mobiles\/lef-058\/","title":{"rendered":"LEF-058"},"content":{"rendered":"<p>Produit : LEF-058<br \/>\nMat\u00e9riau de la couverture : Cuir synth\u00e9tique<br \/>\nCouleur : Bleu \/ Marron<br \/>\nDimensions : 16K \/ 25K \/ 48K<a href=\"https:\/\/leatai.com\/fr\/faq\/quelles-sont-les-tailles-des-planificateurs-8k-16k-et-25k-quelle-est-leur-taille\/\" target=\"_blank\" rel=\"noopener\"> (tailles courantes)<\/a><br \/>\nPages int\u00e9rieures : Format standard<a href=\"https:\/\/leatai.com\/fr\/categorie-produit\/format-des-pages-interieures\/pages-interieures-a5\/\" target=\"_blank\" rel=\"noopener\"> (choix de mise en page)<\/a><br \/>\nEmballage : Pochette OPP (optionnel)<br \/>\nM\u00e9thode de marquage du logo : Dorure \u00e0 chaud, argent \u00e0 chaud, embossage<\/p>\n<p>Description du produit<br \/>\nLeatai mod\u00e8le LEF-058 : Peut-\u00eatre \u00e0 cause de ses motifs, ce carnet d\u00e9gage une certaine nostalgie, un sentiment de v\u00e9cu. Pour les travailleurs, il symbolise l\u2019\u00e9volution acquise au fil des ann\u00e9es. C\u2019est une maturit\u00e9 que seule l\u2019exp\u00e9rience sociale permet de comprendre. En repensant \u00e0 nos d\u00e9buts, on r\u00e9alise combien on a chang\u00e9 et grandi.<\/p>\n<p>&nbsp;<\/p>\n<p><strong>\ud83d\udcd6<\/strong>Agenda d\u2019entreprise standard :<a href=\"https:\/\/leatai.com\/fr\/categorie-produit\/carnet-personnalise\/\" target=\"_blank\" rel=\"noopener\"> Tous les mod\u00e8les de la s\u00e9rie d\u2019agendas d\u2019entreprise<\/a> \/ <a href=\"https:\/\/leatai.com\/fr\/categorie-produit\/format-des-pages-interieures\/\" target=\"_blank\" rel=\"noopener\">Pages int\u00e9rieures des agendas d\u2019entreprise<\/a><\/p>\n<p><strong>\ud83d\udcd6<\/strong>Pour plus de recommandations sur l\u2019impression et la fabrication de carnets personnalis\u00e9s et d\u2019agendas d\u2019entreprise sur mesure, veuillez consulter :<\/p>\n<ul>\n<li><a href=\"https:\/\/leatai.com\/fr\/categorie-produit\/divers-echantillons-oem\/carnet-relie-oem\/\" target=\"_blank\" rel=\"noopener\">OEM \u2013 Carnet reli\u00e9 rigide<\/a><\/li>\n<li><a href=\"https:\/\/leatai.com\/fr\/categorie-produit\/divers-echantillons-oem\/carnet-a-feuilles-mobiles-oem\/\" target=\"_blank\" rel=\"noopener\">OEM \u2013 Carnet \u00e0 anneaux<\/a><\/li>\n<li><a href=\"https:\/\/leatai.com\/fr\/categorie-produit\/divers-echantillons-oem\/carnet-amovible-oem\/\" target=\"_blank\" rel=\"noopener\">OEM \u2013 Carnet \u00e0 feuillets amovibles<\/a><\/li>\n<li><a href=\"https:\/\/leatai.com\/fr\/categorie-produit\/divers-echantillons-oem\/carnet-broche-oem\/\" target=\"_blank\" rel=\"noopener\">OEM \u2013 Carnet broch\u00e9<\/a><\/li>\n<li><a href=\"https:\/\/leatai.com\/fr\/categorie-produit\/divers-echantillons-oem\/carnet-a-spirale-oem\/\" target=\"_blank\" rel=\"noopener\">OEM \u2013 Carnet \u00e0 spirale<\/a><\/li>\n<li><a href=\"https:\/\/leatai.com\/fr\/categorie-produit\/divers-echantillons-oem\/calendrier-oem\/\" target=\"_blank\" rel=\"noopener\">OEM \u2013 Calendrier journalier d\u00e9tachable personnalis\u00e9 \/ Impression de calendrier de bureau personnalis\u00e9<\/a><\/li>\n<li><a href=\"https:\/\/leatai.com\/fr\/categorie-produit\/divers-echantillons-oem\/oem-autres\/\" target=\"_blank\" rel=\"noopener\">OEM \u2013 Autres formats personnalis\u00e9s<\/a><\/li>\n<\/ul>\n<p>Pour une explication compl\u00e8te des tailles, consultez notre guide des formats de papier :<br \/>\n<a href=\"https:\/\/leatai.com\/fr\/connaissances-sur-les-cahiers\/guide-des-formats-de-papier-comprendre-les-formats-courants-comme-b3-a4-b5-8k-16k-et-plus-encore-un-tableau-de-tailles-complet-pour-une-reference-facile\/\" target=\"_blank\" rel=\"noopener\">D\u00e9couvrez en un coup d&#8217;\u0153il les dimensions des formats standard tels que B3, A4, B5, 8K, 16K, et bien d\u2019autres ! Tableau comparatif des tailles de papier pour une compr\u00e9hension facile et rapide.<\/a><\/p>\n","protected":false},"excerpt":{"rendered":"<p>Produit : LEF-058 Mat\u00e9riau de la couverture : Cuir synth\u00e9tique Couleur : Bleu \/ Marron Dimensions : 16K \/ 25K \/ 48K (tailles courantes) Pages int\u00e9rieures : Format standard (choix de mise en page) Emballage : Pochette OPP (optionnel) M\u00e9thode de marquage du logo : Dorure \u00e0 chaud, argent \u00e0 chaud, embossage Description du produit [&hellip;]<\/p>\n","protected":false},"featured_media":153260,"template":"","meta":{"_acf_changed":false},"product_brand":[],"product_cat":[762],"product_tag":[],"home_works":[],"class_list":{"0":"post-153259","1":"product","2":"type-product","3":"status-publish","4":"has-post-thumbnail","6":"product_cat-carnet-a-feuilles-mobiles","8":"first","9":"outofstock","10":"sold-individually","11":"shipping-taxable","12":"purchasable","13":"product-type-variable","14":"has-default-attributes"},"acf":[],"yoast_head":"<!-- This site is optimized with the Yoast SEO plugin v27.2 - https:\/\/yoast.com\/product\/yoast-seo-wordpress\/ -->\n<title>LEF-058 - En repensant \u00e0 nos d\u00e9buts, on r\u00e9alise que l&#039;on a compl\u00e8tement \u00e9volu\u00e9 et transform\u00e9. - Leatai \u2013 Fabricant de carnets personnalis\u00e9s<\/title>\n<meta name=\"description\" content=\"Leatai mod\u00e8le LEF-058 : Peut-\u00eatre \u00e0 cause de ses motifs, ce carnet d\u00e9gage une certaine nostalgie, un sentiment de v\u00e9cu. Pour les travailleurs, il symbolise l\u2019\u00e9volution acquise au fil des ann\u00e9es. C\u2019est une maturit\u00e9 que seule l\u2019exp\u00e9rience sociale permet de comprendre. En repensant \u00e0 nos d\u00e9buts, on r\u00e9alise combien on a chang\u00e9 et grandi.\" \/>\n<meta name=\"robots\" content=\"index, follow, max-snippet:-1, max-image-preview:large, max-video-preview:-1\" \/>\n<link rel=\"canonical\" href=\"https:\/\/leatai.com\/fr\/product\/carnet-personnalise\/carnet-a-feuilles-mobiles\/lef-058\/\" \/>\n<meta property=\"og:locale\" content=\"fr_FR\" \/>\n<meta property=\"og:type\" content=\"article\" \/>\n<meta property=\"og:title\" content=\"LEF-058 - En repensant \u00e0 nos d\u00e9buts, on r\u00e9alise que l&#039;on a compl\u00e8tement \u00e9volu\u00e9 et transform\u00e9. - Leatai \u2013 Fabricant de carnets personnalis\u00e9s\" \/>\n<meta property=\"og:description\" content=\"Leatai mod\u00e8le LEF-058 : Peut-\u00eatre \u00e0 cause de ses motifs, ce carnet d\u00e9gage une certaine nostalgie, un sentiment de v\u00e9cu. Pour les travailleurs, il symbolise l\u2019\u00e9volution acquise au fil des ann\u00e9es. C\u2019est une maturit\u00e9 que seule l\u2019exp\u00e9rience sociale permet de comprendre. En repensant \u00e0 nos d\u00e9buts, on r\u00e9alise combien on a chang\u00e9 et grandi.\" \/>\n<meta property=\"og:url\" content=\"https:\/\/leatai.com\/fr\/product\/carnet-personnalise\/carnet-a-feuilles-mobiles\/lef-058\/\" \/>\n<meta property=\"og:site_name\" content=\"Leatai \u2013 Fabricant de carnets personnalis\u00e9s\" \/>\n<meta property=\"article:modified_time\" content=\"2025-03-19T02:56:41+00:00\" \/>\n<meta property=\"og:image\" content=\"https:\/\/leatai.com\/wp-content\/uploads\/DSC_0565-3.jpg\" \/>\n\t<meta property=\"og:image:width\" content=\"1000\" \/>\n\t<meta property=\"og:image:height\" content=\"750\" \/>\n\t<meta property=\"og:image:type\" content=\"image\/jpeg\" \/>\n<meta name=\"twitter:card\" content=\"summary_large_image\" \/>\n<meta name=\"twitter:label1\" content=\"Dur\u00e9e de lecture estim\u00e9e\" \/>\n\t<meta name=\"twitter:data1\" content=\"2 minutes\" \/>\n<script type=\"application\/ld+json\" class=\"yoast-schema-graph\">{\"@context\":\"https:\/\/schema.org\",\"@graph\":[{\"@type\":\"WebPage\",\"@id\":\"https:\/\/leatai.com\/fr\/product\/carnet-personnalise\/carnet-a-feuilles-mobiles\/lef-058\/\",\"url\":\"https:\/\/leatai.com\/fr\/product\/carnet-personnalise\/carnet-a-feuilles-mobiles\/lef-058\/\",\"name\":\"LEF-058 - En repensant \u00e0 nos d\u00e9buts, on r\u00e9alise que l'on a compl\u00e8tement \u00e9volu\u00e9 et transform\u00e9. - Leatai \u2013 Fabricant de carnets personnalis\u00e9s\",\"isPartOf\":{\"@id\":\"https:\/\/leatai.com\/fr\/#website\"},\"primaryImageOfPage\":{\"@id\":\"https:\/\/leatai.com\/fr\/product\/carnet-personnalise\/carnet-a-feuilles-mobiles\/lef-058\/#primaryimage\"},\"image\":{\"@id\":\"https:\/\/leatai.com\/fr\/product\/carnet-personnalise\/carnet-a-feuilles-mobiles\/lef-058\/#primaryimage\"},\"thumbnailUrl\":\"https:\/\/leatai.com\/wp-content\/uploads\/DSC_0565-3.jpg\",\"datePublished\":\"2023-06-23T12:57:58+00:00\",\"dateModified\":\"2025-03-19T02:56:41+00:00\",\"description\":\"Leatai mod\u00e8le LEF-058 : Peut-\u00eatre \u00e0 cause de ses motifs, ce carnet d\u00e9gage une certaine nostalgie, un sentiment de v\u00e9cu. Pour les travailleurs, il symbolise l\u2019\u00e9volution acquise au fil des ann\u00e9es. C\u2019est une maturit\u00e9 que seule l\u2019exp\u00e9rience sociale permet de comprendre. En repensant \u00e0 nos d\u00e9buts, on r\u00e9alise combien on a chang\u00e9 et grandi.\",\"breadcrumb\":{\"@id\":\"https:\/\/leatai.com\/fr\/product\/carnet-personnalise\/carnet-a-feuilles-mobiles\/lef-058\/#breadcrumb\"},\"inLanguage\":\"fr-FR\",\"potentialAction\":[{\"@type\":\"ReadAction\",\"target\":[\"https:\/\/leatai.com\/fr\/product\/carnet-personnalise\/carnet-a-feuilles-mobiles\/lef-058\/\"]}]},{\"@type\":\"ImageObject\",\"inLanguage\":\"fr-FR\",\"@id\":\"https:\/\/leatai.com\/fr\/product\/carnet-personnalise\/carnet-a-feuilles-mobiles\/lef-058\/#primaryimage\",\"url\":\"https:\/\/leatai.com\/wp-content\/uploads\/DSC_0565-3.jpg\",\"contentUrl\":\"https:\/\/leatai.com\/wp-content\/uploads\/DSC_0565-3.jpg\",\"width\":1000,\"height\":750,\"caption\":\"Journal d\u2019affaires \u00e0 anneaux\"},{\"@type\":\"BreadcrumbList\",\"@id\":\"https:\/\/leatai.com\/fr\/product\/carnet-personnalise\/carnet-a-feuilles-mobiles\/lef-058\/#breadcrumb\",\"itemListElement\":[{\"@type\":\"ListItem\",\"position\":1,\"name\":\"Home\",\"item\":\"https:\/\/leatai.com\/fr\/\"},{\"@type\":\"ListItem\",\"position\":2,\"name\":\"Pr\u00e9sentation des produits\",\"item\":\"https:\/\/leatai.com\/products\/\"},{\"@type\":\"ListItem\",\"position\":3,\"name\":\"Carnet personnalis\u00e9\",\"item\":\"https:\/\/leatai.com\/fr\/categorie-produit\/carnet-personnalise\/\"},{\"@type\":\"ListItem\",\"position\":4,\"name\":\"Carnet \u00e0 feuilles mobiles\",\"item\":\"https:\/\/leatai.com\/fr\/categorie-produit\/carnet-personnalise\/carnet-a-feuilles-mobiles\/\"},{\"@type\":\"ListItem\",\"position\":5,\"name\":\"LEF-058\"}]},{\"@type\":\"WebSite\",\"@id\":\"https:\/\/leatai.com\/fr\/#website\",\"url\":\"https:\/\/leatai.com\/fr\/\",\"name\":\"Leatai \u2013 Fabricant de carnets personnalis\u00e9s\",\"description\":\"Leatai propose des carnets et planificateurs personnalis\u00e9s pour les marques et distributeurs dans le monde entier.\",\"publisher\":{\"@id\":\"https:\/\/leatai.com\/fr\/#organization\"},\"potentialAction\":[{\"@type\":\"SearchAction\",\"target\":{\"@type\":\"EntryPoint\",\"urlTemplate\":\"https:\/\/leatai.com\/fr\/?s={search_term_string}\"},\"query-input\":{\"@type\":\"PropertyValueSpecification\",\"valueRequired\":true,\"valueName\":\"search_term_string\"}}],\"inLanguage\":\"fr-FR\"},{\"@type\":\"Organization\",\"@id\":\"https:\/\/leatai.com\/fr\/#organization\",\"name\":\"Leatai Diary, customized journal and business organizer\",\"url\":\"https:\/\/leatai.com\/fr\/\",\"logo\":{\"@type\":\"ImageObject\",\"inLanguage\":\"fr-FR\",\"@id\":\"https:\/\/leatai.com\/fr\/#\/schema\/logo\/image\/\",\"url\":\"https:\/\/leatai.com\/wp-content\/uploads\/logo-blue.png\",\"contentUrl\":\"https:\/\/leatai.com\/wp-content\/uploads\/logo-blue.png\",\"width\":230,\"height\":60,\"caption\":\"Leatai Diary, customized journal and business organizer\"},\"image\":{\"@id\":\"https:\/\/leatai.com\/fr\/#\/schema\/logo\/image\/\"}}]}<\/script>\n<!-- \/ Yoast SEO plugin. -->","yoast_head_json":{"title":"LEF-058 - En repensant \u00e0 nos d\u00e9buts, on r\u00e9alise que l'on a compl\u00e8tement \u00e9volu\u00e9 et transform\u00e9. - Leatai \u2013 Fabricant de carnets personnalis\u00e9s","description":"Leatai mod\u00e8le LEF-058 : Peut-\u00eatre \u00e0 cause de ses motifs, ce carnet d\u00e9gage une certaine nostalgie, un sentiment de v\u00e9cu. Pour les travailleurs, il symbolise l\u2019\u00e9volution acquise au fil des ann\u00e9es. C\u2019est une maturit\u00e9 que seule l\u2019exp\u00e9rience sociale permet de comprendre. En repensant \u00e0 nos d\u00e9buts, on r\u00e9alise combien on a chang\u00e9 et grandi.","robots":{"index":"index","follow":"follow","max-snippet":"max-snippet:-1","max-image-preview":"max-image-preview:large","max-video-preview":"max-video-preview:-1"},"canonical":"https:\/\/leatai.com\/fr\/product\/carnet-personnalise\/carnet-a-feuilles-mobiles\/lef-058\/","og_locale":"fr_FR","og_type":"article","og_title":"LEF-058 - En repensant \u00e0 nos d\u00e9buts, on r\u00e9alise que l'on a compl\u00e8tement \u00e9volu\u00e9 et transform\u00e9. - Leatai \u2013 Fabricant de carnets personnalis\u00e9s","og_description":"Leatai mod\u00e8le LEF-058 : Peut-\u00eatre \u00e0 cause de ses motifs, ce carnet d\u00e9gage une certaine nostalgie, un sentiment de v\u00e9cu. Pour les travailleurs, il symbolise l\u2019\u00e9volution acquise au fil des ann\u00e9es. C\u2019est une maturit\u00e9 que seule l\u2019exp\u00e9rience sociale permet de comprendre. En repensant \u00e0 nos d\u00e9buts, on r\u00e9alise combien on a chang\u00e9 et grandi.","og_url":"https:\/\/leatai.com\/fr\/product\/carnet-personnalise\/carnet-a-feuilles-mobiles\/lef-058\/","og_site_name":"Leatai \u2013 Fabricant de carnets personnalis\u00e9s","article_modified_time":"2025-03-19T02:56:41+00:00","og_image":[{"width":1000,"height":750,"url":"https:\/\/leatai.com\/wp-content\/uploads\/DSC_0565-3.jpg","type":"image\/jpeg"}],"twitter_card":"summary_large_image","twitter_misc":{"Dur\u00e9e de lecture estim\u00e9e":"2 minutes"},"schema":{"@context":"https:\/\/schema.org","@graph":[{"@type":"WebPage","@id":"https:\/\/leatai.com\/fr\/product\/carnet-personnalise\/carnet-a-feuilles-mobiles\/lef-058\/","url":"https:\/\/leatai.com\/fr\/product\/carnet-personnalise\/carnet-a-feuilles-mobiles\/lef-058\/","name":"LEF-058 - En repensant \u00e0 nos d\u00e9buts, on r\u00e9alise que l'on a compl\u00e8tement \u00e9volu\u00e9 et transform\u00e9. - Leatai \u2013 Fabricant de carnets personnalis\u00e9s","isPartOf":{"@id":"https:\/\/leatai.com\/fr\/#website"},"primaryImageOfPage":{"@id":"https:\/\/leatai.com\/fr\/product\/carnet-personnalise\/carnet-a-feuilles-mobiles\/lef-058\/#primaryimage"},"image":{"@id":"https:\/\/leatai.com\/fr\/product\/carnet-personnalise\/carnet-a-feuilles-mobiles\/lef-058\/#primaryimage"},"thumbnailUrl":"https:\/\/leatai.com\/wp-content\/uploads\/DSC_0565-3.jpg","datePublished":"2023-06-23T12:57:58+00:00","dateModified":"2025-03-19T02:56:41+00:00","description":"Leatai mod\u00e8le LEF-058 : Peut-\u00eatre \u00e0 cause de ses motifs, ce carnet d\u00e9gage une certaine nostalgie, un sentiment de v\u00e9cu. Pour les travailleurs, il symbolise l\u2019\u00e9volution acquise au fil des ann\u00e9es. C\u2019est une maturit\u00e9 que seule l\u2019exp\u00e9rience sociale permet de comprendre. En repensant \u00e0 nos d\u00e9buts, on r\u00e9alise combien on a chang\u00e9 et grandi.","breadcrumb":{"@id":"https:\/\/leatai.com\/fr\/product\/carnet-personnalise\/carnet-a-feuilles-mobiles\/lef-058\/#breadcrumb"},"inLanguage":"fr-FR","potentialAction":[{"@type":"ReadAction","target":["https:\/\/leatai.com\/fr\/product\/carnet-personnalise\/carnet-a-feuilles-mobiles\/lef-058\/"]}]},{"@type":"ImageObject","inLanguage":"fr-FR","@id":"https:\/\/leatai.com\/fr\/product\/carnet-personnalise\/carnet-a-feuilles-mobiles\/lef-058\/#primaryimage","url":"https:\/\/leatai.com\/wp-content\/uploads\/DSC_0565-3.jpg","contentUrl":"https:\/\/leatai.com\/wp-content\/uploads\/DSC_0565-3.jpg","width":1000,"height":750,"caption":"Journal d\u2019affaires \u00e0 anneaux"},{"@type":"BreadcrumbList","@id":"https:\/\/leatai.com\/fr\/product\/carnet-personnalise\/carnet-a-feuilles-mobiles\/lef-058\/#breadcrumb","itemListElement":[{"@type":"ListItem","position":1,"name":"Home","item":"https:\/\/leatai.com\/fr\/"},{"@type":"ListItem","position":2,"name":"Pr\u00e9sentation des produits","item":"https:\/\/leatai.com\/products\/"},{"@type":"ListItem","position":3,"name":"Carnet personnalis\u00e9","item":"https:\/\/leatai.com\/fr\/categorie-produit\/carnet-personnalise\/"},{"@type":"ListItem","position":4,"name":"Carnet \u00e0 feuilles mobiles","item":"https:\/\/leatai.com\/fr\/categorie-produit\/carnet-personnalise\/carnet-a-feuilles-mobiles\/"},{"@type":"ListItem","position":5,"name":"LEF-058"}]},{"@type":"WebSite","@id":"https:\/\/leatai.com\/fr\/#website","url":"https:\/\/leatai.com\/fr\/","name":"Leatai \u2013 Fabricant de carnets personnalis\u00e9s","description":"Leatai propose des carnets et planificateurs personnalis\u00e9s pour les marques et distributeurs dans le monde entier.","publisher":{"@id":"https:\/\/leatai.com\/fr\/#organization"},"potentialAction":[{"@type":"SearchAction","target":{"@type":"EntryPoint","urlTemplate":"https:\/\/leatai.com\/fr\/?s={search_term_string}"},"query-input":{"@type":"PropertyValueSpecification","valueRequired":true,"valueName":"search_term_string"}}],"inLanguage":"fr-FR"},{"@type":"Organization","@id":"https:\/\/leatai.com\/fr\/#organization","name":"Leatai Diary, customized journal and business organizer","url":"https:\/\/leatai.com\/fr\/","logo":{"@type":"ImageObject","inLanguage":"fr-FR","@id":"https:\/\/leatai.com\/fr\/#\/schema\/logo\/image\/","url":"https:\/\/leatai.com\/wp-content\/uploads\/logo-blue.png","contentUrl":"https:\/\/leatai.com\/wp-content\/uploads\/logo-blue.png","width":230,"height":60,"caption":"Leatai Diary, customized journal and business organizer"},"image":{"@id":"https:\/\/leatai.com\/fr\/#\/schema\/logo\/image\/"}}]}},"_links":{"self":[{"href":"https:\/\/leatai.com\/fr\/wp-json\/wp\/v2\/product\/153259","targetHints":{"allow":["GET"]}}],"collection":[{"href":"https:\/\/leatai.com\/fr\/wp-json\/wp\/v2\/product"}],"about":[{"href":"https:\/\/leatai.com\/fr\/wp-json\/wp\/v2\/types\/product"}],"wp:featuredmedia":[{"embeddable":true,"href":"https:\/\/leatai.com\/fr\/wp-json\/wp\/v2\/media\/153260"}],"wp:attachment":[{"href":"https:\/\/leatai.com\/fr\/wp-json\/wp\/v2\/media?parent=153259"}],"wp:term":[{"taxonomy":"product_brand","embeddable":true,"href":"https:\/\/leatai.com\/fr\/wp-json\/wp\/v2\/product_brand?post=153259"},{"taxonomy":"product_cat","embeddable":true,"href":"https:\/\/leatai.com\/fr\/wp-json\/wp\/v2\/product_cat?post=153259"},{"taxonomy":"product_tag","embeddable":true,"href":"https:\/\/leatai.com\/fr\/wp-json\/wp\/v2\/product_tag?post=153259"},{"taxonomy":"home_works","embeddable":true,"href":"https:\/\/leatai.com\/fr\/wp-json\/wp\/v2\/home_works?post=153259"}],"curies":[{"name":"wp","href":"https:\/\/api.w.org\/{rel}","templated":true}]}}