{"id":149484,"date":"2021-06-24T13:29:16","date_gmt":"2021-06-24T05:29:16","guid":{"rendered":"https:\/\/leatai.com\/product\/non%20class\u00e9\/accessoire-mecanisme-a-anneaux-en-or-rose-bambou-moso\/"},"modified":"2025-03-17T16:43:09","modified_gmt":"2025-03-17T08:43:09","slug":"accessoire-mecanisme-a-anneaux-en-or-rose-bambou-moso","status":"publish","type":"product","link":"https:\/\/leatai.com\/fr\/product\/carnet-personnalise\/carnet-amovible\/accessoire-mecanisme-a-anneaux-en-or-rose-bambou-moso\/","title":{"rendered":"Accessoire \u2013 M\u00e9canisme \u00e0 anneaux en or rose &#038; bambou Moso"},"content":{"rendered":"<p>Description du produit<\/p>\n<p>Leatai \u2013 Accessoire : M\u00e9canisme \u00e0 anneaux en bambou Moso &amp; or rose<\/p>\n<p>Le bambou Moso est d\u00e9j\u00e0 un mat\u00e9riau d&#8217;exception, appr\u00e9ci\u00e9 pour son aspect naturel et sa robustesse malgr\u00e9 un taux de perte \u00e9lev\u00e9 lors de la fabrication.<\/p>\n<p>Aujourd\u2019hui, il est sublim\u00e9 par un m\u00e9canisme \u00e0 anneaux couleur or rose, offrant une alliance parfaite entre \u00e9l\u00e9gance et authenticit\u00e9.<\/p>\n<p>Gr\u00e2ce \u00e0 un savoir-faire exclusif, cette innovation est aussi rare que raffin\u00e9e, apportant une touche unique et inimitable \u00e0 tout carnet.<\/p>\n<p>&nbsp;<\/p>\n<p><strong>\ud83d\udcd6<\/strong>Agenda d\u2019entreprise standard :<a href=\"https:\/\/leatai.com\/fr\/categorie-produit\/carnet-personnalise\/\" target=\"_blank\" rel=\"noopener\"> Tous les mod\u00e8les de la s\u00e9rie d\u2019agendas d\u2019entreprise<\/a> \/ <a href=\"https:\/\/leatai.com\/fr\/categorie-produit\/format-des-pages-interieures\/\" target=\"_blank\" rel=\"noopener\">Pages int\u00e9rieures des agendas d\u2019entreprise<\/a><\/p>\n<p><strong>\ud83d\udcd6<\/strong>Pour plus de recommandations sur l\u2019impression et la fabrication de carnets personnalis\u00e9s et d\u2019agendas d\u2019entreprise sur mesure, veuillez consulter :<\/p>\n<ul>\n<li><a href=\"https:\/\/leatai.com\/fr\/categorie-produit\/divers-echantillons-oem\/carnet-relie-oem\/\" target=\"_blank\" rel=\"noopener\">OEM \u2013 Carnet reli\u00e9 rigide<\/a><\/li>\n<li><a href=\"https:\/\/leatai.com\/fr\/categorie-produit\/divers-echantillons-oem\/carnet-a-feuilles-mobiles-oem\/\" target=\"_blank\" rel=\"noopener\">OEM \u2013 Carnet \u00e0 anneaux<\/a><\/li>\n<li><a href=\"https:\/\/leatai.com\/fr\/categorie-produit\/divers-echantillons-oem\/carnet-amovible-oem\/\" target=\"_blank\" rel=\"noopener\">OEM \u2013 Carnet \u00e0 feuillets amovibles<\/a><\/li>\n<li><a href=\"https:\/\/leatai.com\/fr\/categorie-produit\/divers-echantillons-oem\/carnet-broche-oem\/\" target=\"_blank\" rel=\"noopener\">OEM \u2013 Carnet broch\u00e9<\/a><\/li>\n<li><a href=\"https:\/\/leatai.com\/fr\/categorie-produit\/divers-echantillons-oem\/carnet-a-spirale-oem\/\" target=\"_blank\" rel=\"noopener\">OEM \u2013 Carnet \u00e0 spirale<\/a><\/li>\n<li><a href=\"https:\/\/leatai.com\/fr\/categorie-produit\/divers-echantillons-oem\/calendrier-oem\/\" target=\"_blank\" rel=\"noopener\">OEM \u2013 Calendrier journalier d\u00e9tachable personnalis\u00e9 \/ Impression de calendrier de bureau personnalis\u00e9<\/a><\/li>\n<li><a href=\"https:\/\/leatai.com\/fr\/categorie-produit\/divers-echantillons-oem\/oem-autres\/\" target=\"_blank\" rel=\"noopener\">OEM \u2013 Autres formats personnalis\u00e9s<\/a><\/li>\n<\/ul>\n<p>Pour une explication compl\u00e8te des tailles, consultez notre guide des formats de papier :<br \/>\n<a href=\"https:\/\/leatai.com\/fr\/connaissances-sur-les-cahiers\/guide-des-formats-de-papier-comprendre-les-formats-courants-comme-b3-a4-b5-8k-16k-et-plus-encore-un-tableau-de-tailles-complet-pour-une-reference-facile\/\" target=\"_blank\" rel=\"noopener\">D\u00e9couvrez en un coup d&#8217;\u0153il les dimensions des formats standard tels que B3, A4, B5, 8K, 16K, et bien d\u2019autres ! Tableau comparatif des tailles de papier pour une compr\u00e9hension facile et rapide.<\/a><\/p>\n<p><iframe title=\"How to DIY a removable notebook\" width=\"800\" height=\"450\" src=\"https:\/\/www.youtube.com\/embed\/OsLvh1PRzxo?feature=oembed&#038;enablejsapi=1&#038;origin=https:\/\/leatai.com\" frameborder=\"0\" allow=\"accelerometer; autoplay; clipboard-write; encrypted-media; gyroscope; picture-in-picture; web-share\" referrerpolicy=\"strict-origin-when-cross-origin\" allowfullscreen><\/iframe><\/p>\n","protected":false},"excerpt":{"rendered":"<p>Carnet \u00e0 feuillets amovibles avec accessoires en m\u00e9tal couleur or rose, associ\u00e9 au bambou Moso naturel. Un toucher chaleureux alliant esth\u00e9tique et \u00e9l\u00e9gance.<\/p>\n<p>&nbsp;<\/p>\n","protected":false},"featured_media":149485,"template":"","meta":{"_acf_changed":false},"product_brand":[],"product_cat":[780],"product_tag":[],"home_works":[],"class_list":{"0":"post-149484","1":"product","2":"type-product","3":"status-publish","4":"has-post-thumbnail","6":"product_cat-carnet-amovible","8":"first","9":"outofstock","10":"sold-individually","11":"shipping-taxable","12":"purchasable","13":"product-type-variable","14":"has-default-attributes"},"acf":[],"yoast_head":"<!-- This site is optimized with the Yoast SEO plugin v27.2 - https:\/\/yoast.com\/product\/yoast-seo-wordpress\/ -->\n<title>Accessoire \u2013 M\u00e9canisme \u00e0 anneaux en or rose &amp; bambou Moso - Incroyable, un m\u00e9canisme \u00e0 anneaux en or rose !- Leatai \u2013 Fabricant de carnets personnalis\u00e9s<\/title>\n<meta name=\"description\" content=\"Leatai \u2013 Accessoire : M\u00e9canisme \u00e0 anneaux en or rose &amp; bambou Moso Le bambou Moso, d\u00e9j\u00e0 reconnu pour ses propri\u00e9t\u00e9s naturelles exceptionnelles, est un mat\u00e9riau dont la fabrication entra\u00eene un taux de perte \u00e9lev\u00e9 en raison de sa finesse et de sa complexit\u00e9. Aujourd\u2019hui, il est sublim\u00e9 par un m\u00e9canisme \u00e0 anneaux en or rose, une combinaison parfaite qui marie la chaleur du bois \u00e0 l\u2019\u00e9clat raffin\u00e9 du m\u00e9tal. Gr\u00e2ce \u00e0 un proc\u00e9d\u00e9 exclusif, cette innovation est in\u00e9galable en termes de qualit\u00e9 et de design, offrant une touche \u00e9l\u00e9gante, naturelle et sophistiqu\u00e9e \u00e0 tout carnet.\" \/>\n<meta name=\"robots\" content=\"index, follow, max-snippet:-1, max-image-preview:large, max-video-preview:-1\" \/>\n<link rel=\"canonical\" href=\"https:\/\/leatai.com\/fr\/product\/carnet-personnalise\/carnet-amovible\/accessoire-mecanisme-a-anneaux-en-or-rose-bambou-moso\/\" \/>\n<meta property=\"og:locale\" content=\"fr_FR\" \/>\n<meta property=\"og:type\" content=\"article\" \/>\n<meta property=\"og:title\" content=\"Accessoire \u2013 M\u00e9canisme \u00e0 anneaux en or rose &amp; bambou Moso - Incroyable, un m\u00e9canisme \u00e0 anneaux en or rose !- Leatai \u2013 Fabricant de carnets personnalis\u00e9s\" \/>\n<meta property=\"og:description\" content=\"Leatai \u2013 Accessoire : M\u00e9canisme \u00e0 anneaux en or rose &amp; bambou Moso Le bambou Moso, d\u00e9j\u00e0 reconnu pour ses propri\u00e9t\u00e9s naturelles exceptionnelles, est un mat\u00e9riau dont la fabrication entra\u00eene un taux de perte \u00e9lev\u00e9 en raison de sa finesse et de sa complexit\u00e9. Aujourd\u2019hui, il est sublim\u00e9 par un m\u00e9canisme \u00e0 anneaux en or rose, une combinaison parfaite qui marie la chaleur du bois \u00e0 l\u2019\u00e9clat raffin\u00e9 du m\u00e9tal. Gr\u00e2ce \u00e0 un proc\u00e9d\u00e9 exclusif, cette innovation est in\u00e9galable en termes de qualit\u00e9 et de design, offrant une touche \u00e9l\u00e9gante, naturelle et sophistiqu\u00e9e \u00e0 tout carnet.\" \/>\n<meta property=\"og:url\" content=\"https:\/\/leatai.com\/fr\/product\/carnet-personnalise\/carnet-amovible\/accessoire-mecanisme-a-anneaux-en-or-rose-bambou-moso\/\" \/>\n<meta property=\"og:site_name\" content=\"Leatai \u2013 Fabricant de carnets personnalis\u00e9s\" \/>\n<meta property=\"article:modified_time\" content=\"2025-03-17T08:43:09+00:00\" \/>\n<meta property=\"og:image\" content=\"https:\/\/leatai.com\/wp-content\/uploads\/2020_08_11_1632170.jpg\" \/>\n\t<meta property=\"og:image:width\" content=\"1000\" \/>\n\t<meta property=\"og:image:height\" content=\"750\" \/>\n\t<meta property=\"og:image:type\" content=\"image\/jpeg\" \/>\n<meta name=\"twitter:card\" content=\"summary_large_image\" \/>\n<meta name=\"twitter:label1\" content=\"Dur\u00e9e de lecture estim\u00e9e\" \/>\n\t<meta name=\"twitter:data1\" content=\"2 minutes\" \/>\n<script type=\"application\/ld+json\" class=\"yoast-schema-graph\">{\"@context\":\"https:\/\/schema.org\",\"@graph\":[{\"@type\":\"WebPage\",\"@id\":\"https:\/\/leatai.com\/fr\/product\/carnet-personnalise\/carnet-amovible\/accessoire-mecanisme-a-anneaux-en-or-rose-bambou-moso\/\",\"url\":\"https:\/\/leatai.com\/fr\/product\/carnet-personnalise\/carnet-amovible\/accessoire-mecanisme-a-anneaux-en-or-rose-bambou-moso\/\",\"name\":\"Accessoire \u2013 M\u00e9canisme \u00e0 anneaux en or rose & bambou Moso - Incroyable, un m\u00e9canisme \u00e0 anneaux en or rose !- Leatai \u2013 Fabricant de carnets personnalis\u00e9s\",\"isPartOf\":{\"@id\":\"https:\/\/leatai.com\/fr\/#website\"},\"primaryImageOfPage\":{\"@id\":\"https:\/\/leatai.com\/fr\/product\/carnet-personnalise\/carnet-amovible\/accessoire-mecanisme-a-anneaux-en-or-rose-bambou-moso\/#primaryimage\"},\"image\":{\"@id\":\"https:\/\/leatai.com\/fr\/product\/carnet-personnalise\/carnet-amovible\/accessoire-mecanisme-a-anneaux-en-or-rose-bambou-moso\/#primaryimage\"},\"thumbnailUrl\":\"https:\/\/leatai.com\/wp-content\/uploads\/2020_08_11_1632170.jpg\",\"datePublished\":\"2021-06-24T05:29:16+00:00\",\"dateModified\":\"2025-03-17T08:43:09+00:00\",\"description\":\"Leatai \u2013 Accessoire : M\u00e9canisme \u00e0 anneaux en or rose & bambou Moso Le bambou Moso, d\u00e9j\u00e0 reconnu pour ses propri\u00e9t\u00e9s naturelles exceptionnelles, est un mat\u00e9riau dont la fabrication entra\u00eene un taux de perte \u00e9lev\u00e9 en raison de sa finesse et de sa complexit\u00e9. Aujourd\u2019hui, il est sublim\u00e9 par un m\u00e9canisme \u00e0 anneaux en or rose, une combinaison parfaite qui marie la chaleur du bois \u00e0 l\u2019\u00e9clat raffin\u00e9 du m\u00e9tal. Gr\u00e2ce \u00e0 un proc\u00e9d\u00e9 exclusif, cette innovation est in\u00e9galable en termes de qualit\u00e9 et de design, offrant une touche \u00e9l\u00e9gante, naturelle et sophistiqu\u00e9e \u00e0 tout carnet.\",\"breadcrumb\":{\"@id\":\"https:\/\/leatai.com\/fr\/product\/carnet-personnalise\/carnet-amovible\/accessoire-mecanisme-a-anneaux-en-or-rose-bambou-moso\/#breadcrumb\"},\"inLanguage\":\"fr-FR\",\"potentialAction\":[{\"@type\":\"ReadAction\",\"target\":[\"https:\/\/leatai.com\/fr\/product\/carnet-personnalise\/carnet-amovible\/accessoire-mecanisme-a-anneaux-en-or-rose-bambou-moso\/\"]}]},{\"@type\":\"ImageObject\",\"inLanguage\":\"fr-FR\",\"@id\":\"https:\/\/leatai.com\/fr\/product\/carnet-personnalise\/carnet-amovible\/accessoire-mecanisme-a-anneaux-en-or-rose-bambou-moso\/#primaryimage\",\"url\":\"https:\/\/leatai.com\/wp-content\/uploads\/2020_08_11_1632170.jpg\",\"contentUrl\":\"https:\/\/leatai.com\/wp-content\/uploads\/2020_08_11_1632170.jpg\",\"width\":1000,\"height\":750},{\"@type\":\"BreadcrumbList\",\"@id\":\"https:\/\/leatai.com\/fr\/product\/carnet-personnalise\/carnet-amovible\/accessoire-mecanisme-a-anneaux-en-or-rose-bambou-moso\/#breadcrumb\",\"itemListElement\":[{\"@type\":\"ListItem\",\"position\":1,\"name\":\"Home\",\"item\":\"https:\/\/leatai.com\/fr\/\"},{\"@type\":\"ListItem\",\"position\":2,\"name\":\"Pr\u00e9sentation des produits\",\"item\":\"https:\/\/leatai.com\/products\/\"},{\"@type\":\"ListItem\",\"position\":3,\"name\":\"Carnet personnalis\u00e9\",\"item\":\"https:\/\/leatai.com\/fr\/categorie-produit\/carnet-personnalise\/\"},{\"@type\":\"ListItem\",\"position\":4,\"name\":\"Carnet amovible\",\"item\":\"https:\/\/leatai.com\/fr\/categorie-produit\/carnet-personnalise\/carnet-amovible\/\"},{\"@type\":\"ListItem\",\"position\":5,\"name\":\"Accessoire \u2013 M\u00e9canisme \u00e0 anneaux en or rose &#038; bambou Moso\"}]},{\"@type\":\"WebSite\",\"@id\":\"https:\/\/leatai.com\/fr\/#website\",\"url\":\"https:\/\/leatai.com\/fr\/\",\"name\":\"Leatai \u2013 Fabricant de carnets personnalis\u00e9s\",\"description\":\"Leatai propose des carnets et planificateurs personnalis\u00e9s pour les marques et distributeurs dans le monde entier.\",\"publisher\":{\"@id\":\"https:\/\/leatai.com\/fr\/#organization\"},\"potentialAction\":[{\"@type\":\"SearchAction\",\"target\":{\"@type\":\"EntryPoint\",\"urlTemplate\":\"https:\/\/leatai.com\/fr\/?s={search_term_string}\"},\"query-input\":{\"@type\":\"PropertyValueSpecification\",\"valueRequired\":true,\"valueName\":\"search_term_string\"}}],\"inLanguage\":\"fr-FR\"},{\"@type\":\"Organization\",\"@id\":\"https:\/\/leatai.com\/fr\/#organization\",\"name\":\"Leatai Diary, customized journal and business organizer\",\"url\":\"https:\/\/leatai.com\/fr\/\",\"logo\":{\"@type\":\"ImageObject\",\"inLanguage\":\"fr-FR\",\"@id\":\"https:\/\/leatai.com\/fr\/#\/schema\/logo\/image\/\",\"url\":\"https:\/\/leatai.com\/wp-content\/uploads\/logo-blue.png\",\"contentUrl\":\"https:\/\/leatai.com\/wp-content\/uploads\/logo-blue.png\",\"width\":230,\"height\":60,\"caption\":\"Leatai Diary, customized journal and business organizer\"},\"image\":{\"@id\":\"https:\/\/leatai.com\/fr\/#\/schema\/logo\/image\/\"},\"telephone\":\"+886-2-8227-8800\",\"legalName\":\"Leatai Stationary Co., Ltd.\",\"description\":\"A leading notebook factory in Taiwan offering bespoke branding, high-quality binding, and premium paper selections for corporate gifts and stationery wholesale.\",\"address\":{\"@type\":\"PostalAddress\",\"streetAddress\":\"11F., No. 168, Jiankang Rd.\",\"addressLocality\":\"Zhonghe Dist.\",\"addressRegion\":\"New Taipei City\",\"postalCode\":\"235\",\"addressCountry\":\"TW\"},\"contactPoint\":{\"@type\":\"ContactPoint\",\"telephone\":\"+886-2-8227-8800\",\"contactType\":\"sales\",\"areaServed\":\"Worldwide\",\"availableLanguage\":[\"zh-TW\",\"en\"]}}]}<\/script>\n<!-- \/ Yoast SEO plugin. -->","yoast_head_json":{"title":"Accessoire \u2013 M\u00e9canisme \u00e0 anneaux en or rose & bambou Moso - Incroyable, un m\u00e9canisme \u00e0 anneaux en or rose !- Leatai \u2013 Fabricant de carnets personnalis\u00e9s","description":"Leatai \u2013 Accessoire : M\u00e9canisme \u00e0 anneaux en or rose & bambou Moso Le bambou Moso, d\u00e9j\u00e0 reconnu pour ses propri\u00e9t\u00e9s naturelles exceptionnelles, est un mat\u00e9riau dont la fabrication entra\u00eene un taux de perte \u00e9lev\u00e9 en raison de sa finesse et de sa complexit\u00e9. Aujourd\u2019hui, il est sublim\u00e9 par un m\u00e9canisme \u00e0 anneaux en or rose, une combinaison parfaite qui marie la chaleur du bois \u00e0 l\u2019\u00e9clat raffin\u00e9 du m\u00e9tal. Gr\u00e2ce \u00e0 un proc\u00e9d\u00e9 exclusif, cette innovation est in\u00e9galable en termes de qualit\u00e9 et de design, offrant une touche \u00e9l\u00e9gante, naturelle et sophistiqu\u00e9e \u00e0 tout carnet.","robots":{"index":"index","follow":"follow","max-snippet":"max-snippet:-1","max-image-preview":"max-image-preview:large","max-video-preview":"max-video-preview:-1"},"canonical":"https:\/\/leatai.com\/fr\/product\/carnet-personnalise\/carnet-amovible\/accessoire-mecanisme-a-anneaux-en-or-rose-bambou-moso\/","og_locale":"fr_FR","og_type":"article","og_title":"Accessoire \u2013 M\u00e9canisme \u00e0 anneaux en or rose & bambou Moso - Incroyable, un m\u00e9canisme \u00e0 anneaux en or rose !- Leatai \u2013 Fabricant de carnets personnalis\u00e9s","og_description":"Leatai \u2013 Accessoire : M\u00e9canisme \u00e0 anneaux en or rose & bambou Moso Le bambou Moso, d\u00e9j\u00e0 reconnu pour ses propri\u00e9t\u00e9s naturelles exceptionnelles, est un mat\u00e9riau dont la fabrication entra\u00eene un taux de perte \u00e9lev\u00e9 en raison de sa finesse et de sa complexit\u00e9. Aujourd\u2019hui, il est sublim\u00e9 par un m\u00e9canisme \u00e0 anneaux en or rose, une combinaison parfaite qui marie la chaleur du bois \u00e0 l\u2019\u00e9clat raffin\u00e9 du m\u00e9tal. Gr\u00e2ce \u00e0 un proc\u00e9d\u00e9 exclusif, cette innovation est in\u00e9galable en termes de qualit\u00e9 et de design, offrant une touche \u00e9l\u00e9gante, naturelle et sophistiqu\u00e9e \u00e0 tout carnet.","og_url":"https:\/\/leatai.com\/fr\/product\/carnet-personnalise\/carnet-amovible\/accessoire-mecanisme-a-anneaux-en-or-rose-bambou-moso\/","og_site_name":"Leatai \u2013 Fabricant de carnets personnalis\u00e9s","article_modified_time":"2025-03-17T08:43:09+00:00","og_image":[{"width":1000,"height":750,"url":"https:\/\/leatai.com\/wp-content\/uploads\/2020_08_11_1632170.jpg","type":"image\/jpeg"}],"twitter_card":"summary_large_image","twitter_misc":{"Dur\u00e9e de lecture estim\u00e9e":"2 minutes"},"schema":{"@context":"https:\/\/schema.org","@graph":[{"@type":"WebPage","@id":"https:\/\/leatai.com\/fr\/product\/carnet-personnalise\/carnet-amovible\/accessoire-mecanisme-a-anneaux-en-or-rose-bambou-moso\/","url":"https:\/\/leatai.com\/fr\/product\/carnet-personnalise\/carnet-amovible\/accessoire-mecanisme-a-anneaux-en-or-rose-bambou-moso\/","name":"Accessoire \u2013 M\u00e9canisme \u00e0 anneaux en or rose & bambou Moso - Incroyable, un m\u00e9canisme \u00e0 anneaux en or rose !- Leatai \u2013 Fabricant de carnets personnalis\u00e9s","isPartOf":{"@id":"https:\/\/leatai.com\/fr\/#website"},"primaryImageOfPage":{"@id":"https:\/\/leatai.com\/fr\/product\/carnet-personnalise\/carnet-amovible\/accessoire-mecanisme-a-anneaux-en-or-rose-bambou-moso\/#primaryimage"},"image":{"@id":"https:\/\/leatai.com\/fr\/product\/carnet-personnalise\/carnet-amovible\/accessoire-mecanisme-a-anneaux-en-or-rose-bambou-moso\/#primaryimage"},"thumbnailUrl":"https:\/\/leatai.com\/wp-content\/uploads\/2020_08_11_1632170.jpg","datePublished":"2021-06-24T05:29:16+00:00","dateModified":"2025-03-17T08:43:09+00:00","description":"Leatai \u2013 Accessoire : M\u00e9canisme \u00e0 anneaux en or rose & bambou Moso Le bambou Moso, d\u00e9j\u00e0 reconnu pour ses propri\u00e9t\u00e9s naturelles exceptionnelles, est un mat\u00e9riau dont la fabrication entra\u00eene un taux de perte \u00e9lev\u00e9 en raison de sa finesse et de sa complexit\u00e9. Aujourd\u2019hui, il est sublim\u00e9 par un m\u00e9canisme \u00e0 anneaux en or rose, une combinaison parfaite qui marie la chaleur du bois \u00e0 l\u2019\u00e9clat raffin\u00e9 du m\u00e9tal. Gr\u00e2ce \u00e0 un proc\u00e9d\u00e9 exclusif, cette innovation est in\u00e9galable en termes de qualit\u00e9 et de design, offrant une touche \u00e9l\u00e9gante, naturelle et sophistiqu\u00e9e \u00e0 tout carnet.","breadcrumb":{"@id":"https:\/\/leatai.com\/fr\/product\/carnet-personnalise\/carnet-amovible\/accessoire-mecanisme-a-anneaux-en-or-rose-bambou-moso\/#breadcrumb"},"inLanguage":"fr-FR","potentialAction":[{"@type":"ReadAction","target":["https:\/\/leatai.com\/fr\/product\/carnet-personnalise\/carnet-amovible\/accessoire-mecanisme-a-anneaux-en-or-rose-bambou-moso\/"]}]},{"@type":"ImageObject","inLanguage":"fr-FR","@id":"https:\/\/leatai.com\/fr\/product\/carnet-personnalise\/carnet-amovible\/accessoire-mecanisme-a-anneaux-en-or-rose-bambou-moso\/#primaryimage","url":"https:\/\/leatai.com\/wp-content\/uploads\/2020_08_11_1632170.jpg","contentUrl":"https:\/\/leatai.com\/wp-content\/uploads\/2020_08_11_1632170.jpg","width":1000,"height":750},{"@type":"BreadcrumbList","@id":"https:\/\/leatai.com\/fr\/product\/carnet-personnalise\/carnet-amovible\/accessoire-mecanisme-a-anneaux-en-or-rose-bambou-moso\/#breadcrumb","itemListElement":[{"@type":"ListItem","position":1,"name":"Home","item":"https:\/\/leatai.com\/fr\/"},{"@type":"ListItem","position":2,"name":"Pr\u00e9sentation des produits","item":"https:\/\/leatai.com\/products\/"},{"@type":"ListItem","position":3,"name":"Carnet personnalis\u00e9","item":"https:\/\/leatai.com\/fr\/categorie-produit\/carnet-personnalise\/"},{"@type":"ListItem","position":4,"name":"Carnet amovible","item":"https:\/\/leatai.com\/fr\/categorie-produit\/carnet-personnalise\/carnet-amovible\/"},{"@type":"ListItem","position":5,"name":"Accessoire \u2013 M\u00e9canisme \u00e0 anneaux en or rose &#038; bambou Moso"}]},{"@type":"WebSite","@id":"https:\/\/leatai.com\/fr\/#website","url":"https:\/\/leatai.com\/fr\/","name":"Leatai \u2013 Fabricant de carnets personnalis\u00e9s","description":"Leatai propose des carnets et planificateurs personnalis\u00e9s pour les marques et distributeurs dans le monde entier.","publisher":{"@id":"https:\/\/leatai.com\/fr\/#organization"},"potentialAction":[{"@type":"SearchAction","target":{"@type":"EntryPoint","urlTemplate":"https:\/\/leatai.com\/fr\/?s={search_term_string}"},"query-input":{"@type":"PropertyValueSpecification","valueRequired":true,"valueName":"search_term_string"}}],"inLanguage":"fr-FR"},{"@type":"Organization","@id":"https:\/\/leatai.com\/fr\/#organization","name":"Leatai Diary, customized journal and business organizer","url":"https:\/\/leatai.com\/fr\/","logo":{"@type":"ImageObject","inLanguage":"fr-FR","@id":"https:\/\/leatai.com\/fr\/#\/schema\/logo\/image\/","url":"https:\/\/leatai.com\/wp-content\/uploads\/logo-blue.png","contentUrl":"https:\/\/leatai.com\/wp-content\/uploads\/logo-blue.png","width":230,"height":60,"caption":"Leatai Diary, customized journal and business organizer"},"image":{"@id":"https:\/\/leatai.com\/fr\/#\/schema\/logo\/image\/"},"telephone":"+886-2-8227-8800","legalName":"Leatai Stationary Co., Ltd.","description":"A leading notebook factory in Taiwan offering bespoke branding, high-quality binding, and premium paper selections for corporate gifts and stationery wholesale.","address":{"@type":"PostalAddress","streetAddress":"11F., No. 168, Jiankang Rd.","addressLocality":"Zhonghe Dist.","addressRegion":"New Taipei City","postalCode":"235","addressCountry":"TW"},"contactPoint":{"@type":"ContactPoint","telephone":"+886-2-8227-8800","contactType":"sales","areaServed":"Worldwide","availableLanguage":["zh-TW","en"]}}]}},"_links":{"self":[{"href":"https:\/\/leatai.com\/fr\/wp-json\/wp\/v2\/product\/149484","targetHints":{"allow":["GET"]}}],"collection":[{"href":"https:\/\/leatai.com\/fr\/wp-json\/wp\/v2\/product"}],"about":[{"href":"https:\/\/leatai.com\/fr\/wp-json\/wp\/v2\/types\/product"}],"wp:featuredmedia":[{"embeddable":true,"href":"https:\/\/leatai.com\/fr\/wp-json\/wp\/v2\/media\/149485"}],"wp:attachment":[{"href":"https:\/\/leatai.com\/fr\/wp-json\/wp\/v2\/media?parent=149484"}],"wp:term":[{"taxonomy":"product_brand","embeddable":true,"href":"https:\/\/leatai.com\/fr\/wp-json\/wp\/v2\/product_brand?post=149484"},{"taxonomy":"product_cat","embeddable":true,"href":"https:\/\/leatai.com\/fr\/wp-json\/wp\/v2\/product_cat?post=149484"},{"taxonomy":"product_tag","embeddable":true,"href":"https:\/\/leatai.com\/fr\/wp-json\/wp\/v2\/product_tag?post=149484"},{"taxonomy":"home_works","embeddable":true,"href":"https:\/\/leatai.com\/fr\/wp-json\/wp\/v2\/home_works?post=149484"}],"curies":[{"name":"wp","href":"https:\/\/api.w.org\/{rel}","templated":true}]}}