{"id":148108,"date":"2021-08-25T15:34:26","date_gmt":"2021-08-25T07:34:26","guid":{"rendered":"https:\/\/leatai.com\/product\/non%20class\u00e9\/ldo-014\/"},"modified":"2025-03-17T17:02:15","modified_gmt":"2025-03-17T09:02:15","slug":"ldo-014","status":"publish","type":"product","link":"https:\/\/leatai.com\/fr\/product\/carnet-personnalise\/carnet-amovible\/ldo-014\/","title":{"rendered":"LDO-014"},"content":{"rendered":"<p>Mod\u00e8le de produit : LDO-014<br \/>\nMat\u00e9riau de la couverture : Papier kraft \u00e9cologique<br \/>\nCouleur disponible : Beige<br \/>\nDimensions : 25K (20 trous) <a href=\"https:\/\/leatai.com\/fr\/faq\/quelles-sont-les-tailles-des-planificateurs-8k-16k-et-25k-quelle-est-leur-taille\/\" target=\"_blank\" rel=\"noopener\">(taille standard des agendas d\u2019entreprise)<\/a><\/p>\n<p>Pages int\u00e9rieures compatibles (25K) :<\/p>\n<ol>\n<li>Version A \u2013 Planification mensuelle et notes<a href=\"https:\/\/leatai.com\/fr\/product\/format-des-pages-interieures\/pages-interieures-a5\/lgp-planning-mensuel-avec-notes-a25k\/\" target=\"_blank\" rel=\"noopener\"> (LGP-Mensuel A25K)<\/a><\/li>\n<li>Version L \u2013 Planification mensuelle et notes<a href=\"https:\/\/leatai.com\/fr\/product\/format-des-pages-interieures\/pages-interieures-a5\/lgp-planning-mensuel-avec-notes-l25k\/\" target=\"_blank\" rel=\"noopener\"> (LGP-Mensuel L25K)<\/a><\/li>\n<li>Version A \u2013 Trois colonnes \u00e0 gauche, quatre \u00e0 droite \u2013 format horizontal <a href=\"https:\/\/leatai.com\/fr\/product\/format-des-pages-interieures\/pages-interieures-a5\/lgp-3-jours-a-gauche-4-jours-a-droite-format-horizontal-a25\/\" target=\"_blank\" rel=\"noopener\">(LGP-Agenda A25K)<\/a><\/li>\n<li>Version L \u2013 Trois colonnes \u00e0 gauche, quatre \u00e0 droite \u2013 format vertical<a href=\"https:\/\/leatai.com\/fr\/product\/format-des-pages-interieures\/pages-interieures-a5\/lgp-3-jours-a-gauche-4-jours-a-droite-planning-hebdomadaire-vertical-l25k\/\"> (LGP-Agenda L25K)<\/a><\/li>\n<li>Version mixte \u2013 Sept colonnes \u00e0 gauche, notes \u00e0 droite <a href=\"https:\/\/leatai.com\/fr\/product\/format-des-pages-interieures\/pages-interieures-a5\/lgp-7-jours-a-gauche-notes-a-droite-a25k\/\" target=\"_blank\" rel=\"noopener\">(LGP-Agenda &amp; Notes A25K)<\/a><\/li>\n<\/ol>\n<p>Emballage : Pochette OPP (en option)<br \/>\nPersonnalisation du logo : Dorure \u00e0 chaud, argenture, marquage \u00e0 chaud<\/p>\n<p><strong>Prix unitaire<\/strong><\/p>\n<p>25K : 165 NTD<br \/>\n(Prix hors taxes, livraison incluse pour un point unique \u00e0 Ta\u00efwan)<\/p>\n<p><strong>Description du produit<\/strong><\/p>\n<p>Leatai \u2013 Mod\u00e8le LDO-014<\/p>\n<p>Contrairement au papier kraft traditionnel, cette version \u00e9cologique offre une texture authentique, o\u00f9 les fibres naturelles restent visibles, garantissant un aspect brut et artisanal.<\/p>\n<p>Sa rigidit\u00e9 optimis\u00e9e assure une tenue parfaite, tandis que son design fonctionnel en fait un choix pratique et polyvalent pour une utilisation quotidienne.<\/p>\n<p>Un mod\u00e8le qui allie esth\u00e9tique naturelle et praticit\u00e9, id\u00e9al pour les amateurs de mat\u00e9riaux \u00e9coresponsables et de design minimaliste.<\/p>\n<p>&nbsp;<\/p>\n<p><strong>\ud83d\udcd6<\/strong>Agenda d\u2019entreprise standard :<a href=\"https:\/\/leatai.com\/fr\/categorie-produit\/carnet-personnalise\/\" target=\"_blank\" rel=\"noopener\"> Tous les mod\u00e8les de la s\u00e9rie d\u2019agendas d\u2019entreprise<\/a> \/ <a href=\"https:\/\/leatai.com\/fr\/categorie-produit\/format-des-pages-interieures\/\" target=\"_blank\" rel=\"noopener\">Pages int\u00e9rieures des agendas d\u2019entreprise<\/a><\/p>\n<p><strong>\ud83d\udcd6<\/strong>Pour plus de recommandations sur l\u2019impression et la fabrication de carnets personnalis\u00e9s et d\u2019agendas d\u2019entreprise sur mesure, veuillez consulter :<\/p>\n<ul>\n<li><a href=\"https:\/\/leatai.com\/fr\/categorie-produit\/divers-echantillons-oem\/carnet-relie-oem\/\" target=\"_blank\" rel=\"noopener\">OEM \u2013 Carnet reli\u00e9 rigide<\/a><\/li>\n<li><a href=\"https:\/\/leatai.com\/fr\/categorie-produit\/divers-echantillons-oem\/carnet-a-feuilles-mobiles-oem\/\" target=\"_blank\" rel=\"noopener\">OEM \u2013 Carnet \u00e0 anneaux<\/a><\/li>\n<li><a href=\"https:\/\/leatai.com\/fr\/categorie-produit\/divers-echantillons-oem\/carnet-amovible-oem\/\" target=\"_blank\" rel=\"noopener\">OEM \u2013 Carnet \u00e0 feuillets amovibles<\/a><\/li>\n<li><a href=\"https:\/\/leatai.com\/fr\/categorie-produit\/divers-echantillons-oem\/carnet-broche-oem\/\" target=\"_blank\" rel=\"noopener\">OEM \u2013 Carnet broch\u00e9<\/a><\/li>\n<li><a href=\"https:\/\/leatai.com\/fr\/categorie-produit\/divers-echantillons-oem\/carnet-a-spirale-oem\/\" target=\"_blank\" rel=\"noopener\">OEM \u2013 Carnet \u00e0 spirale<\/a><\/li>\n<li><a href=\"https:\/\/leatai.com\/fr\/categorie-produit\/divers-echantillons-oem\/calendrier-oem\/\" target=\"_blank\" rel=\"noopener\">OEM \u2013 Calendrier journalier d\u00e9tachable personnalis\u00e9 \/ Impression de calendrier de bureau personnalis\u00e9<\/a><\/li>\n<li><a href=\"https:\/\/leatai.com\/fr\/categorie-produit\/divers-echantillons-oem\/oem-autres\/\" target=\"_blank\" rel=\"noopener\">OEM \u2013 Autres formats personnalis\u00e9s<\/a><\/li>\n<\/ul>\n<p>Pour une explication compl\u00e8te des tailles, consultez notre guide des formats de papier :<br \/>\n<a href=\"https:\/\/leatai.com\/fr\/connaissances-sur-les-cahiers\/guide-des-formats-de-papier-comprendre-les-formats-courants-comme-b3-a4-b5-8k-16k-et-plus-encore-un-tableau-de-tailles-complet-pour-une-reference-facile\/\" target=\"_blank\" rel=\"noopener\">D\u00e9couvrez en un coup d&#8217;\u0153il les dimensions des formats standard tels que B3, A4, B5, 8K, 16K, et bien d\u2019autres ! Tableau comparatif des tailles de papier pour une compr\u00e9hension facile et rapide.<\/a><\/p>\n<p><iframe title=\"How to DIY a removable notebook\" width=\"800\" height=\"450\" src=\"https:\/\/www.youtube.com\/embed\/OsLvh1PRzxo?feature=oembed&#038;enablejsapi=1&#038;origin=https:\/\/leatai.com\" frameborder=\"0\" allow=\"accelerometer; autoplay; clipboard-write; encrypted-media; gyroscope; picture-in-picture; web-share\" referrerpolicy=\"strict-origin-when-cross-origin\" allowfullscreen><\/iframe><\/p>\n<p>&nbsp;<\/p>\n","protected":false},"excerpt":{"rendered":"<p>Mod\u00e8le de produit : LDO-014 Mat\u00e9riau de la couverture : Papier kraft \u00e9cologique Couleur disponible : Beige Dimensions : 25K (20 trous) (taille standard des agendas d\u2019entreprise) Pages int\u00e9rieures compatibles (25K) : Version A \u2013 Planification mensuelle et notes (LGP-Mensuel A25K) Version L \u2013 Planification mensuelle et notes (LGP-Mensuel L25K) Version A \u2013 Trois colonnes [&hellip;]<\/p>\n","protected":false},"featured_media":148109,"template":"","meta":{"_acf_changed":false},"product_brand":[],"product_cat":[780,854],"product_tag":[1381,1384],"home_works":[],"class_list":{"0":"post-148108","1":"product","2":"type-product","3":"status-publish","4":"has-post-thumbnail","6":"product_cat-carnet-amovible","7":"product_cat-produits-bon-marche","8":"product_tag-16k-fr","9":"product_tag-25k-fr","11":"first","12":"outofstock","13":"sold-individually","14":"shipping-taxable","15":"purchasable","16":"product-type-variable","17":"has-default-attributes"},"acf":[],"yoast_head":"<!-- This site is optimized with the Yoast SEO plugin v27.2 - https:\/\/yoast.com\/product\/yoast-seo-wordpress\/ -->\n<title>LDO-014 - Une authenticit\u00e9 brute o\u00f9 les fibres naturelles sont visibles. - Leatai \u2013 Fabricant de carnets personnalis\u00e9s<\/title>\n<meta name=\"description\" content=\"Leatai \u2013 Mod\u00e8le LDO-014 Contrairement au papier kraft traditionnel, cette version \u00e9cologique offre une texture authentique, o\u00f9 les fibres naturelles restent visibles, garantissant un aspect brut et artisanal. Sa rigidit\u00e9 optimis\u00e9e assure une tenue parfaite, tandis que son design fonctionnel en fait un choix pratique et polyvalent pour une utilisation quotidienne. Un mod\u00e8le qui allie esth\u00e9tique naturelle et praticit\u00e9, id\u00e9al pour les amateurs de mat\u00e9riaux \u00e9coresponsables et de design minimaliste.\" \/>\n<meta name=\"robots\" content=\"index, follow, max-snippet:-1, max-image-preview:large, max-video-preview:-1\" \/>\n<link rel=\"canonical\" href=\"https:\/\/leatai.com\/fr\/product\/carnet-personnalise\/carnet-amovible\/ldo-014\/\" \/>\n<meta property=\"og:locale\" content=\"fr_FR\" \/>\n<meta property=\"og:type\" content=\"article\" \/>\n<meta property=\"og:title\" content=\"LDO-014 - Une authenticit\u00e9 brute o\u00f9 les fibres naturelles sont visibles. - Leatai \u2013 Fabricant de carnets personnalis\u00e9s\" \/>\n<meta property=\"og:description\" content=\"Leatai \u2013 Mod\u00e8le LDO-014 Contrairement au papier kraft traditionnel, cette version \u00e9cologique offre une texture authentique, o\u00f9 les fibres naturelles restent visibles, garantissant un aspect brut et artisanal. Sa rigidit\u00e9 optimis\u00e9e assure une tenue parfaite, tandis que son design fonctionnel en fait un choix pratique et polyvalent pour une utilisation quotidienne. Un mod\u00e8le qui allie esth\u00e9tique naturelle et praticit\u00e9, id\u00e9al pour les amateurs de mat\u00e9riaux \u00e9coresponsables et de design minimaliste.\" \/>\n<meta property=\"og:url\" content=\"https:\/\/leatai.com\/fr\/product\/carnet-personnalise\/carnet-amovible\/ldo-014\/\" \/>\n<meta property=\"og:site_name\" content=\"Leatai \u2013 Fabricant de carnets personnalis\u00e9s\" \/>\n<meta property=\"article:modified_time\" content=\"2025-03-17T09:02:15+00:00\" \/>\n<meta property=\"og:image\" content=\"https:\/\/leatai.com\/wp-content\/uploads\/1-32.jpg\" \/>\n\t<meta property=\"og:image:width\" content=\"1000\" \/>\n\t<meta property=\"og:image:height\" content=\"750\" \/>\n\t<meta property=\"og:image:type\" content=\"image\/jpeg\" \/>\n<meta name=\"twitter:card\" content=\"summary_large_image\" \/>\n<meta name=\"twitter:label1\" content=\"Dur\u00e9e de lecture estim\u00e9e\" \/>\n\t<meta name=\"twitter:data1\" content=\"2 minutes\" \/>\n<script type=\"application\/ld+json\" class=\"yoast-schema-graph\">{\"@context\":\"https:\/\/schema.org\",\"@graph\":[{\"@type\":\"WebPage\",\"@id\":\"https:\/\/leatai.com\/fr\/product\/carnet-personnalise\/carnet-amovible\/ldo-014\/\",\"url\":\"https:\/\/leatai.com\/fr\/product\/carnet-personnalise\/carnet-amovible\/ldo-014\/\",\"name\":\"LDO-014 - Une authenticit\u00e9 brute o\u00f9 les fibres naturelles sont visibles. - Leatai \u2013 Fabricant de carnets personnalis\u00e9s\",\"isPartOf\":{\"@id\":\"https:\/\/leatai.com\/fr\/#website\"},\"primaryImageOfPage\":{\"@id\":\"https:\/\/leatai.com\/fr\/product\/carnet-personnalise\/carnet-amovible\/ldo-014\/#primaryimage\"},\"image\":{\"@id\":\"https:\/\/leatai.com\/fr\/product\/carnet-personnalise\/carnet-amovible\/ldo-014\/#primaryimage\"},\"thumbnailUrl\":\"https:\/\/leatai.com\/wp-content\/uploads\/1-32.jpg\",\"datePublished\":\"2021-08-25T07:34:26+00:00\",\"dateModified\":\"2025-03-17T09:02:15+00:00\",\"description\":\"Leatai \u2013 Mod\u00e8le LDO-014 Contrairement au papier kraft traditionnel, cette version \u00e9cologique offre une texture authentique, o\u00f9 les fibres naturelles restent visibles, garantissant un aspect brut et artisanal. Sa rigidit\u00e9 optimis\u00e9e assure une tenue parfaite, tandis que son design fonctionnel en fait un choix pratique et polyvalent pour une utilisation quotidienne. Un mod\u00e8le qui allie esth\u00e9tique naturelle et praticit\u00e9, id\u00e9al pour les amateurs de mat\u00e9riaux \u00e9coresponsables et de design minimaliste.\",\"breadcrumb\":{\"@id\":\"https:\/\/leatai.com\/fr\/product\/carnet-personnalise\/carnet-amovible\/ldo-014\/#breadcrumb\"},\"inLanguage\":\"fr-FR\",\"potentialAction\":[{\"@type\":\"ReadAction\",\"target\":[\"https:\/\/leatai.com\/fr\/product\/carnet-personnalise\/carnet-amovible\/ldo-014\/\"]}]},{\"@type\":\"ImageObject\",\"inLanguage\":\"fr-FR\",\"@id\":\"https:\/\/leatai.com\/fr\/product\/carnet-personnalise\/carnet-amovible\/ldo-014\/#primaryimage\",\"url\":\"https:\/\/leatai.com\/wp-content\/uploads\/1-32.jpg\",\"contentUrl\":\"https:\/\/leatai.com\/wp-content\/uploads\/1-32.jpg\",\"width\":1000,\"height\":750},{\"@type\":\"BreadcrumbList\",\"@id\":\"https:\/\/leatai.com\/fr\/product\/carnet-personnalise\/carnet-amovible\/ldo-014\/#breadcrumb\",\"itemListElement\":[{\"@type\":\"ListItem\",\"position\":1,\"name\":\"Home\",\"item\":\"https:\/\/leatai.com\/fr\/\"},{\"@type\":\"ListItem\",\"position\":2,\"name\":\"Pr\u00e9sentation des produits\",\"item\":\"https:\/\/leatai.com\/products\/\"},{\"@type\":\"ListItem\",\"position\":3,\"name\":\"Produits Bon March\u00e9\",\"item\":\"https:\/\/leatai.com\/fr\/categorie-produit\/produits-bon-marche\/\"},{\"@type\":\"ListItem\",\"position\":4,\"name\":\"LDO-014\"}]},{\"@type\":\"WebSite\",\"@id\":\"https:\/\/leatai.com\/fr\/#website\",\"url\":\"https:\/\/leatai.com\/fr\/\",\"name\":\"Leatai \u2013 Fabricant de carnets personnalis\u00e9s\",\"description\":\"Leatai propose des carnets et planificateurs personnalis\u00e9s pour les marques et distributeurs dans le monde entier.\",\"publisher\":{\"@id\":\"https:\/\/leatai.com\/fr\/#organization\"},\"potentialAction\":[{\"@type\":\"SearchAction\",\"target\":{\"@type\":\"EntryPoint\",\"urlTemplate\":\"https:\/\/leatai.com\/fr\/?s={search_term_string}\"},\"query-input\":{\"@type\":\"PropertyValueSpecification\",\"valueRequired\":true,\"valueName\":\"search_term_string\"}}],\"inLanguage\":\"fr-FR\"},{\"@type\":\"Organization\",\"@id\":\"https:\/\/leatai.com\/fr\/#organization\",\"name\":\"Leatai Diary, customized journal and business organizer\",\"url\":\"https:\/\/leatai.com\/fr\/\",\"logo\":{\"@type\":\"ImageObject\",\"inLanguage\":\"fr-FR\",\"@id\":\"https:\/\/leatai.com\/fr\/#\/schema\/logo\/image\/\",\"url\":\"https:\/\/leatai.com\/wp-content\/uploads\/logo-blue.png\",\"contentUrl\":\"https:\/\/leatai.com\/wp-content\/uploads\/logo-blue.png\",\"width\":230,\"height\":60,\"caption\":\"Leatai Diary, customized journal and business organizer\"},\"image\":{\"@id\":\"https:\/\/leatai.com\/fr\/#\/schema\/logo\/image\/\"}}]}<\/script>\n<!-- \/ Yoast SEO plugin. -->","yoast_head_json":{"title":"LDO-014 - Une authenticit\u00e9 brute o\u00f9 les fibres naturelles sont visibles. - Leatai \u2013 Fabricant de carnets personnalis\u00e9s","description":"Leatai \u2013 Mod\u00e8le LDO-014 Contrairement au papier kraft traditionnel, cette version \u00e9cologique offre une texture authentique, o\u00f9 les fibres naturelles restent visibles, garantissant un aspect brut et artisanal. Sa rigidit\u00e9 optimis\u00e9e assure une tenue parfaite, tandis que son design fonctionnel en fait un choix pratique et polyvalent pour une utilisation quotidienne. Un mod\u00e8le qui allie esth\u00e9tique naturelle et praticit\u00e9, id\u00e9al pour les amateurs de mat\u00e9riaux \u00e9coresponsables et de design minimaliste.","robots":{"index":"index","follow":"follow","max-snippet":"max-snippet:-1","max-image-preview":"max-image-preview:large","max-video-preview":"max-video-preview:-1"},"canonical":"https:\/\/leatai.com\/fr\/product\/carnet-personnalise\/carnet-amovible\/ldo-014\/","og_locale":"fr_FR","og_type":"article","og_title":"LDO-014 - Une authenticit\u00e9 brute o\u00f9 les fibres naturelles sont visibles. - Leatai \u2013 Fabricant de carnets personnalis\u00e9s","og_description":"Leatai \u2013 Mod\u00e8le LDO-014 Contrairement au papier kraft traditionnel, cette version \u00e9cologique offre une texture authentique, o\u00f9 les fibres naturelles restent visibles, garantissant un aspect brut et artisanal. Sa rigidit\u00e9 optimis\u00e9e assure une tenue parfaite, tandis que son design fonctionnel en fait un choix pratique et polyvalent pour une utilisation quotidienne. Un mod\u00e8le qui allie esth\u00e9tique naturelle et praticit\u00e9, id\u00e9al pour les amateurs de mat\u00e9riaux \u00e9coresponsables et de design minimaliste.","og_url":"https:\/\/leatai.com\/fr\/product\/carnet-personnalise\/carnet-amovible\/ldo-014\/","og_site_name":"Leatai \u2013 Fabricant de carnets personnalis\u00e9s","article_modified_time":"2025-03-17T09:02:15+00:00","og_image":[{"width":1000,"height":750,"url":"https:\/\/leatai.com\/wp-content\/uploads\/1-32.jpg","type":"image\/jpeg"}],"twitter_card":"summary_large_image","twitter_misc":{"Dur\u00e9e de lecture estim\u00e9e":"2 minutes"},"schema":{"@context":"https:\/\/schema.org","@graph":[{"@type":"WebPage","@id":"https:\/\/leatai.com\/fr\/product\/carnet-personnalise\/carnet-amovible\/ldo-014\/","url":"https:\/\/leatai.com\/fr\/product\/carnet-personnalise\/carnet-amovible\/ldo-014\/","name":"LDO-014 - Une authenticit\u00e9 brute o\u00f9 les fibres naturelles sont visibles. - Leatai \u2013 Fabricant de carnets personnalis\u00e9s","isPartOf":{"@id":"https:\/\/leatai.com\/fr\/#website"},"primaryImageOfPage":{"@id":"https:\/\/leatai.com\/fr\/product\/carnet-personnalise\/carnet-amovible\/ldo-014\/#primaryimage"},"image":{"@id":"https:\/\/leatai.com\/fr\/product\/carnet-personnalise\/carnet-amovible\/ldo-014\/#primaryimage"},"thumbnailUrl":"https:\/\/leatai.com\/wp-content\/uploads\/1-32.jpg","datePublished":"2021-08-25T07:34:26+00:00","dateModified":"2025-03-17T09:02:15+00:00","description":"Leatai \u2013 Mod\u00e8le LDO-014 Contrairement au papier kraft traditionnel, cette version \u00e9cologique offre une texture authentique, o\u00f9 les fibres naturelles restent visibles, garantissant un aspect brut et artisanal. Sa rigidit\u00e9 optimis\u00e9e assure une tenue parfaite, tandis que son design fonctionnel en fait un choix pratique et polyvalent pour une utilisation quotidienne. Un mod\u00e8le qui allie esth\u00e9tique naturelle et praticit\u00e9, id\u00e9al pour les amateurs de mat\u00e9riaux \u00e9coresponsables et de design minimaliste.","breadcrumb":{"@id":"https:\/\/leatai.com\/fr\/product\/carnet-personnalise\/carnet-amovible\/ldo-014\/#breadcrumb"},"inLanguage":"fr-FR","potentialAction":[{"@type":"ReadAction","target":["https:\/\/leatai.com\/fr\/product\/carnet-personnalise\/carnet-amovible\/ldo-014\/"]}]},{"@type":"ImageObject","inLanguage":"fr-FR","@id":"https:\/\/leatai.com\/fr\/product\/carnet-personnalise\/carnet-amovible\/ldo-014\/#primaryimage","url":"https:\/\/leatai.com\/wp-content\/uploads\/1-32.jpg","contentUrl":"https:\/\/leatai.com\/wp-content\/uploads\/1-32.jpg","width":1000,"height":750},{"@type":"BreadcrumbList","@id":"https:\/\/leatai.com\/fr\/product\/carnet-personnalise\/carnet-amovible\/ldo-014\/#breadcrumb","itemListElement":[{"@type":"ListItem","position":1,"name":"Home","item":"https:\/\/leatai.com\/fr\/"},{"@type":"ListItem","position":2,"name":"Pr\u00e9sentation des produits","item":"https:\/\/leatai.com\/products\/"},{"@type":"ListItem","position":3,"name":"Produits Bon March\u00e9","item":"https:\/\/leatai.com\/fr\/categorie-produit\/produits-bon-marche\/"},{"@type":"ListItem","position":4,"name":"LDO-014"}]},{"@type":"WebSite","@id":"https:\/\/leatai.com\/fr\/#website","url":"https:\/\/leatai.com\/fr\/","name":"Leatai \u2013 Fabricant de carnets personnalis\u00e9s","description":"Leatai propose des carnets et planificateurs personnalis\u00e9s pour les marques et distributeurs dans le monde entier.","publisher":{"@id":"https:\/\/leatai.com\/fr\/#organization"},"potentialAction":[{"@type":"SearchAction","target":{"@type":"EntryPoint","urlTemplate":"https:\/\/leatai.com\/fr\/?s={search_term_string}"},"query-input":{"@type":"PropertyValueSpecification","valueRequired":true,"valueName":"search_term_string"}}],"inLanguage":"fr-FR"},{"@type":"Organization","@id":"https:\/\/leatai.com\/fr\/#organization","name":"Leatai Diary, customized journal and business organizer","url":"https:\/\/leatai.com\/fr\/","logo":{"@type":"ImageObject","inLanguage":"fr-FR","@id":"https:\/\/leatai.com\/fr\/#\/schema\/logo\/image\/","url":"https:\/\/leatai.com\/wp-content\/uploads\/logo-blue.png","contentUrl":"https:\/\/leatai.com\/wp-content\/uploads\/logo-blue.png","width":230,"height":60,"caption":"Leatai Diary, customized journal and business organizer"},"image":{"@id":"https:\/\/leatai.com\/fr\/#\/schema\/logo\/image\/"}}]}},"_links":{"self":[{"href":"https:\/\/leatai.com\/fr\/wp-json\/wp\/v2\/product\/148108","targetHints":{"allow":["GET"]}}],"collection":[{"href":"https:\/\/leatai.com\/fr\/wp-json\/wp\/v2\/product"}],"about":[{"href":"https:\/\/leatai.com\/fr\/wp-json\/wp\/v2\/types\/product"}],"wp:featuredmedia":[{"embeddable":true,"href":"https:\/\/leatai.com\/fr\/wp-json\/wp\/v2\/media\/148109"}],"wp:attachment":[{"href":"https:\/\/leatai.com\/fr\/wp-json\/wp\/v2\/media?parent=148108"}],"wp:term":[{"taxonomy":"product_brand","embeddable":true,"href":"https:\/\/leatai.com\/fr\/wp-json\/wp\/v2\/product_brand?post=148108"},{"taxonomy":"product_cat","embeddable":true,"href":"https:\/\/leatai.com\/fr\/wp-json\/wp\/v2\/product_cat?post=148108"},{"taxonomy":"product_tag","embeddable":true,"href":"https:\/\/leatai.com\/fr\/wp-json\/wp\/v2\/product_tag?post=148108"},{"taxonomy":"home_works","embeddable":true,"href":"https:\/\/leatai.com\/fr\/wp-json\/wp\/v2\/home_works?post=148108"}],"curies":[{"name":"wp","href":"https:\/\/api.w.org\/{rel}","templated":true}]}}